{"id":1717,"date":"2024-11-22T03:22:42","date_gmt":"2024-11-22T03:22:42","guid":{"rendered":"https:\/\/gfmparts.com\/?post_type=product&#038;p=1717"},"modified":"2025-05-16T09:35:50","modified_gmt":"2025-05-16T09:35:50","slug":"supply-excavator-track-chain-manufacturers","status":"publish","type":"product","link":"https:\/\/gfmparts.com\/es_es\/producto\/fabricantes-de-cadenas-de-orugas-para-excavadoras\/","title":{"rendered":"Fabricantes de cadenas de oruga para excavadoras de alta calidad"},"content":{"rendered":"<h5><span style=\"color: #000000;\">GFM es un profesional <a style=\"color: #000000;\" href=\"https:\/\/gfmparts.com\/es_es\/producto\/fabrica-mayorista-de-zapatas-para-pista-de-atletismo\/\">fabricantes de cadenas para excavadoras<\/a> Con 14 a\u00f1os de rica experiencia en la industria, comprometidos a proporcionar a los clientes eslabones de cadena para excavadoras de alta calidad.<\/span><\/h5>\n<p>&nbsp;<\/p>\n<h3><span style=\"color: #ff6600;\">Descripci\u00f3n del Producto<\/span><\/h3>\n<ul>\n<li><span style=\"color: #000000;\"><strong>T\u00e9cnica:<\/strong> Forja<\/span><\/li>\n<li><span style=\"color: #000000;\"><strong>Materia prima:<\/strong>35MnBH\/40Mn2<\/span><\/li>\n<li><span style=\"color: #000000;\"><strong>Cantidad m\u00ednima de pedido:<\/strong>\u00a01 pieza<\/span><\/li>\n<li><span style=\"color: #000000;\"><strong>M\u00e9todo de pago:<\/strong>\u00a0Transferencia bancaria<\/span><\/li>\n<li><span style=\"color: #000000;\"><strong>Marca:<\/strong>\u00a0GFM<\/span><\/li>\n<li><span style=\"color: #000000;\"><strong>Condici\u00f3n:<\/strong>\u00a0Nuevo<\/span><\/li>\n<li><span style=\"color: #000000;\"><strong>Color:<\/strong>\u00a0Amarillo, negro o personalizado<\/span><\/li>\n<li><span style=\"color: #000000;\"><strong>Plazo de entrega:<\/strong>\u00a030 d\u00edas<\/span><\/li>\n<li><span style=\"color: #000000;\"><strong>Garant\u00eda:<\/strong>\u00a01 a\u00f1o<\/span><\/li>\n<li><span style=\"color: #000000;\"><strong>Servicio:<\/strong>\u00a0OEM o ODM<\/span><\/li>\n<li><span style=\"color: #000000;\"><strong>Lugar de origen:<\/strong>\u00a0Fujian, China<\/span><\/li>\n<li><span style=\"color: #000000;\"><strong>Solicitud:<\/strong> Excavador<\/span><\/li>\n<li><span style=\"color: #000000;\"><strong>Embalaje:<\/strong>\u00a0Palet de madera de exportaci\u00f3n est\u00e1ndar<\/span><\/li>\n<\/ul>\n<p style=\"text-align: center;\"><span style=\"color: #000000;\"><img fetchpriority=\"high\" decoding=\"async\" class=\"alignnone wp-image-2782\" src=\"https:\/\/gfmparts.com\/wp-content\/uploads\/2024\/11\/track-link-3-1024x768.jpg\" alt=\"eslab\u00f3n de cadena de excavadora\" width=\"422\" height=\"316\" srcset=\"https:\/\/gfmparts.com\/wp-content\/uploads\/2024\/11\/track-link-3-1024x768.jpg 1024w, https:\/\/gfmparts.com\/wp-content\/uploads\/2024\/11\/track-link-3-300x225.jpg 300w, https:\/\/gfmparts.com\/wp-content\/uploads\/2024\/11\/track-link-3-768x576.jpg 768w, https:\/\/gfmparts.com\/wp-content\/uploads\/2024\/11\/track-link-3-1536x1152.jpg 1536w, https:\/\/gfmparts.com\/wp-content\/uploads\/2024\/11\/track-link-3-2048x1536.jpg 2048w, https:\/\/gfmparts.com\/wp-content\/uploads\/2024\/11\/track-link-3-600x450.jpg 600w\" sizes=\"(max-width: 422px) 100vw, 422px\" \/> <img decoding=\"async\" class=\"alignnone wp-image-2783\" src=\"https:\/\/gfmparts.com\/wp-content\/uploads\/2024\/11\/track-link-4-1024x768.jpg\" alt=\"fabricantes de eslabones de oruga para excavadoras\" width=\"420\" height=\"315\" srcset=\"https:\/\/gfmparts.com\/wp-content\/uploads\/2024\/11\/track-link-4-1024x768.jpg 1024w, https:\/\/gfmparts.com\/wp-content\/uploads\/2024\/11\/track-link-4-300x225.jpg 300w, https:\/\/gfmparts.com\/wp-content\/uploads\/2024\/11\/track-link-4-768x576.jpg 768w, https:\/\/gfmparts.com\/wp-content\/uploads\/2024\/11\/track-link-4-600x450.jpg 600w, https:\/\/gfmparts.com\/wp-content\/uploads\/2024\/11\/track-link-4.jpg 1440w\" sizes=\"(max-width: 420px) 100vw, 420px\" \/><\/span><\/p>\n<h3><span style=\"color: #ff6600;\">Caracter\u00edsticas<\/span><\/h3>\n<ul>\n<li><b><\/b><span style=\"color: #000000;\"><strong><b>Alta durabilidad<\/b><\/strong>\u2013 Construido con acero de aleaci\u00f3n de primera calidad para soportar un uso intensivo.<\/span><\/li>\n<li><span style=\"color: #000000;\"><b><\/b><strong><b>Ajuste perfecto<\/b><\/strong>\u2013 Dise\u00f1ado con precisi\u00f3n para una compatibilidad perfecta con las principales marcas de excavadoras.<\/span><\/li>\n<li><span style=\"color: #000000;\"><b><\/b><strong><b>Fuerza mejorada<\/b><\/strong>\u2013 Tratado t\u00e9rmicamente para una dureza superior y resistencia al desgaste.<\/span><\/li>\n<li><span style=\"color: #000000;\"><b><\/b><strong><b>Resistente a la corrosi\u00f3n<\/b><\/strong>\u2013 Un recubrimiento especial protege contra la oxidaci\u00f3n en condiciones dif\u00edciles.<\/span><\/li>\n<li><span style=\"color: #000000;\"><b><\/b><strong><b>Funcionamiento suave<\/b><\/strong>\u2013 El dise\u00f1o de baja fricci\u00f3n garantiza un rendimiento silencioso y eficiente.<\/span><\/li>\n<li><span style=\"color: #000000;\"><b><\/b><strong><b>Instalaci\u00f3n r\u00e1pida<\/b><\/strong>\u2013 F\u00e1cil de montar, ahorrando tiempo y reduciendo el tiempo de inactividad.<\/span><\/li>\n<\/ul>\n<h3><span style=\"color: #ff6600;\">Presupuesto<\/span><\/h3>\n<p><img decoding=\"async\" class=\"alignnone wp-image-2860 size-large aligncenter\" src=\"https:\/\/gfmparts.com\/wp-content\/uploads\/2024\/11\/\u94fe\u6761\u6570\u636e\u56fe-2-1024x671.jpg\" alt=\"Descripci\u00f3n del enlace de pista\" width=\"1024\" height=\"671\" srcset=\"\" sizes=\"(max-width: 1024px) 100vw, 1024px\" data-srcset=\"\" \/><\/p>\n<div style=\"font-size: 0;\">En GFM Factory, utilizamos aceite en lugar de grasa para los eslabones de las cadenas de excavadoras y bulldozers debido a su superior lubricaci\u00f3n y rendimiento. A diferencia de los eslabones lubricados con grasa, los sistemas lubricados con aceite tienen m\u00e1s espacio entre el pasador y el buje. Tras presionar el pasador en su lugar, el espacio se sella al vac\u00edo y se llena con aceite, asegurando que est\u00e9 completamente ocupado para una lubricaci\u00f3n \u00f3ptima. Este proceso tambi\u00e9n verifica que el sello de la cadena est\u00e9 intacto, lo cual es fundamental para prevenir el desgaste y garantizar el \u00f3ptimo rendimiento de la cadena.<br \/>\nEl aceite es la opci\u00f3n ideal para los eslabones de cadena, ya que proporciona mayor protecci\u00f3n contra el desgaste, disipa eficazmente el calor y ayuda a evitar la entrada de contaminantes. Adem\u00e1s, reduce la necesidad de mantenimiento frecuente. Estas ventajas convierten a los eslabones de cadena rellenos de aceite en una soluci\u00f3n duradera, eficiente y fiable para maquinaria pesada, garantizando un rendimiento duradero.<\/div>\n<h3><span style=\"color: #ff6600;\">Modelos de productos<\/span><\/h3>\n<p style=\"text-align: center;\"><img loading=\"lazy\" decoding=\"async\" class=\"alignnone size-full wp-image-3147\" src=\"https:\/\/gfmparts.com\/wp-content\/uploads\/2024\/11\/excavator-part-description.png\" alt=\"Descripci\u00f3n de la pieza de excavadora\" width=\"856\" height=\"701\" \/><\/p>\n<h3><span style=\"color: #ff6600;\">Proceso de producci\u00f3n<\/span><\/h3>\n<p style=\"text-align: center;\"><iframe title=\"Reproductor de v\u00eddeo de YouTube\" src=\"https:\/\/www.youtube.com\/embed\/0MdGoauuqtc?si=qQfjAiRnGnq8PQ2B\" width=\"1000\" height=\"563\" frameborder=\"0\" allowfullscreen=\"allowfullscreen\"><\/iframe><\/p>\n<p><img loading=\"lazy\" decoding=\"async\" class=\"size-large wp-image-3043 aligncenter\" src=\"https:\/\/gfmparts.com\/wp-content\/uploads\/2024\/12\/\u901a\u7528\u751f\u4ea7\u6d41\u7a0b-1-1024x648.jpg\" alt=\"proceso de producci\u00f3n de piezas de excavadora\" width=\"1024\" height=\"648\" srcset=\"\" sizes=\"(max-width: 1024px) 100vw, 1024px\" data-srcset=\"\" \/><\/p>\n<h3><span style=\"color: #ff6600;\">Embalaje y env\u00edo<\/span><\/h3>\n<p style=\"text-align: center;\"><img loading=\"lazy\" decoding=\"async\" class=\"alignnone size-large wp-image-6521\" src=\"https:\/\/gfmparts.com\/wp-content\/uploads\/2025\/05\/Packaging-and-Shipping-1-1-1024x648.jpg\" alt=\"Embalaje y env\u00edo\" width=\"1024\" height=\"648\" srcset=\"https:\/\/gfmparts.com\/wp-content\/uploads\/2025\/05\/Packaging-and-Shipping-1-1-1024x648.jpg 1024w, https:\/\/gfmparts.com\/wp-content\/uploads\/2025\/05\/Packaging-and-Shipping-1-1-300x190.jpg 300w, https:\/\/gfmparts.com\/wp-content\/uploads\/2025\/05\/Packaging-and-Shipping-1-1-768x486.jpg 768w, https:\/\/gfmparts.com\/wp-content\/uploads\/2025\/05\/Packaging-and-Shipping-1-1-1536x973.jpg 1536w, https:\/\/gfmparts.com\/wp-content\/uploads\/2025\/05\/Packaging-and-Shipping-1-1-2048x1297.jpg 2048w, https:\/\/gfmparts.com\/wp-content\/uploads\/2025\/05\/Packaging-and-Shipping-1-1-600x380.jpg 600w\" sizes=\"(max-width: 1024px) 100vw, 1024px\" \/><\/p>\n<h3><span style=\"color: #ff6600;\">Ventajas de la f\u00e1brica<\/span><\/h3>\n<p><span style=\"color: #000000;\">GFM es una empresa l\u00edder en la fabricaci\u00f3n de piezas para excavadoras. Desde su fundaci\u00f3n en 2011, con 14 a\u00f1os de experiencia en el sector, siempre se ha comprometido a ofrecer a sus clientes productos y servicios de alta calidad. Nuestra f\u00e1brica cuenta con una s\u00f3lida l\u00ednea de producci\u00f3n equipada con equipos modernos y tecnolog\u00eda de producci\u00f3n automatizada. Desde el mecanizado de precisi\u00f3n hasta el ensamblaje de productos terminados, cada etapa demuestra la excelencia de la fabricaci\u00f3n industrial.<\/span><\/p>\n<p><span style=\"color: #000000;\">Adem\u00e1s, nuestro equipo t\u00e9cnico est\u00e1 compuesto por ingenieros senior y expertos t\u00e9cnicos del sector. Los miembros del equipo poseen un profundo conocimiento de la investigaci\u00f3n, el desarrollo, el dise\u00f1o y la optimizaci\u00f3n de piezas para excavadoras. Gracias a sus capacidades profesionales de I+D e innovaci\u00f3n, pueden dise\u00f1ar soluciones a medida para satisfacer las diversas necesidades de los clientes.<\/span><\/p>\n<p><span style=\"color: #000000;\">La calidad es siempre la prioridad de GFM. Hemos establecido un sistema integral de gesti\u00f3n de calidad y contamos con equipos de prueba avanzados. Cada lote de productos debe superar m\u00faltiples rondas de rigurosas inspecciones de calidad para garantizar que cumple con los est\u00e1ndares internacionales de rendimiento, durabilidad y seguridad. Ya sea en la selecci\u00f3n de la materia prima o en la entrega del producto final, nos esforzamos por alcanzar la excelencia y ofrecemos a nuestros clientes una garant\u00eda de calidad impecable.<\/span><\/p>\n<p><span style=\"color: #000000;\">14 a\u00f1os de experiencia en el sector nos han permitido acumular una amplia experiencia en producci\u00f3n y servicio, y consolidar una excelente reputaci\u00f3n en el mercado global. Ya sea que necesite piezas para excavadoras duraderas y de alto rendimiento o servicios personalizados integrales, GFM aportar\u00e1 valor a su negocio con tecnolog\u00eda profesional y productos confiables. \u00a1Elija GFM, elija garant\u00eda de calidad!<\/span><\/p>\n<p style=\"text-align: center;\"><span style=\"color: #000000;\"><img loading=\"lazy\" decoding=\"async\" class=\"alignnone wp-image-2159\" src=\"https:\/\/gfmparts.com\/wp-content\/uploads\/2024\/12\/\u5fae\u4fe1\u56fe\u7247_20241202160325-1024x576.jpg\" alt=\"Fabricante de piezas para excavadoras\" width=\"856\" height=\"481\" srcset=\"\" sizes=\"(max-width: 856px) 100vw, 856px\" data-srcset=\"\" \/><\/span><\/p>","protected":false},"excerpt":{"rendered":"<ul>\n<li>Calidad del producto garantizada<\/li>\n<li>Gran suministro<\/li>\n<li>Precios competitivos<\/li>\n<li>La mayor\u00eda de marcas y modelos<\/li>\n<li>Equipo de atenci\u00f3n al cliente servicial<\/li>\n<li>Soporte t\u00e9cnico profesional<\/li>\n<\/ul>","protected":false},"featured_media":3611,"template":"","meta":{"site-sidebar-layout":"default","site-content-layout":"","ast-site-content-layout":"default","site-content-style":"default","site-sidebar-style":"default","ast-global-header-display":"","ast-banner-title-visibility":"","ast-main-header-display":"","ast-hfb-above-header-display":"","ast-hfb-below-header-display":"","ast-hfb-mobile-header-display":"","site-post-title":"","ast-breadcrumbs-content":"","ast-featured-img":"","footer-sml-layout":"","theme-transparent-header-meta":"default","adv-header-id-meta":"","stick-header-meta":"default","header-above-stick-meta":"","header-main-stick-meta":"","header-below-stick-meta":"","astra-migrate-meta-layouts":"set","ast-page-background-enabled":"default","ast-page-background-meta":{"desktop":{"background-color":"","background-image":"","background-repeat":"repeat","background-position":"center center","background-size":"auto","background-attachment":"scroll","background-type":"","background-media":"","overlay-type":"","overlay-color":"","overlay-opacity":"","overlay-gradient":""},"tablet":{"background-color":"","background-image":"","background-repeat":"repeat","background-position":"center center","background-size":"auto","background-attachment":"scroll","background-type":"","background-media":"","overlay-type":"","overlay-color":"","overlay-opacity":"","overlay-gradient":""},"mobile":{"background-color":"","background-image":"","background-repeat":"repeat","background-position":"center center","background-size":"auto","background-attachment":"scroll","background-type":"","background-media":"","overlay-type":"","overlay-color":"","overlay-opacity":"","overlay-gradient":""}},"ast-content-background-meta":{"desktop":{"background-color":"var(--ast-global-color-5)","background-image":"","background-repeat":"repeat","background-position":"center center","background-size":"auto","background-attachment":"scroll","background-type":"","background-media":"","overlay-type":"","overlay-color":"","overlay-opacity":"","overlay-gradient":""},"tablet":{"background-color":"var(--ast-global-color-5)","background-image":"","background-repeat":"repeat","background-position":"center center","background-size":"auto","background-attachment":"scroll","background-type":"","background-media":"","overlay-type":"","overlay-color":"","overlay-opacity":"","overlay-gradient":""},"mobile":{"background-color":"var(--ast-global-color-5)","background-image":"","background-repeat":"repeat","background-position":"center center","background-size":"auto","background-attachment":"scroll","background-type":"","background-media":"","overlay-type":"","overlay-color":"","overlay-opacity":"","overlay-gradient":""}}},"product_cat":[38,29],"product_tag":[],"class_list":{"0":"post-1717","1":"product","2":"type-product","3":"status-publish","4":"has-post-thumbnail","6":"product_cat-undercarriage","7":"product_cat-track-link","8":"desktop-align-left","9":"tablet-align-left","10":"mobile-align-left","11":"ast-product-gallery-layout-horizontal-slider","12":"ast-product-gallery-with-no-image","13":"ast-product-tabs-layout-horizontal","15":"first","16":"instock","17":"shipping-taxable","18":"product-type-simple"},"yoast_head":"<!-- This site is optimized with the Yoast SEO Premium plugin v22.8 (Yoast SEO v23.9) - https:\/\/yoast.com\/wordpress\/plugins\/seo\/ -->\n<title>Top Excavator Chain Link|Excavator Track Chain Manufacturers<\/title>\n<meta name=\"description\" content=\"GFM is a professional excavator track chain manufacturers with 14 years of industry experience, committed to providing customers with high quality excavator chain link.\" \/>\n<meta name=\"robots\" content=\"index, follow, max-snippet:-1, max-image-preview:large, max-video-preview:-1\" \/>\n<link rel=\"canonical\" href=\"https:\/\/gfmparts.com\/es_es\/producto\/fabricantes-de-cadenas-de-orugas-para-excavadoras\/\" \/>\n<meta property=\"og:locale\" content=\"es_ES\" \/>\n<meta property=\"og:type\" content=\"article\" \/>\n<meta property=\"og:title\" content=\"High Quality Excavator Track Chain Manufacturers\" \/>\n<meta property=\"og:description\" content=\"GFM is a professional excavator track chain manufacturers with 14 years of industry experience, committed to providing customers with high quality excavator chain link.\" \/>\n<meta property=\"og:url\" content=\"https:\/\/gfmparts.com\/es_es\/producto\/fabricantes-de-cadenas-de-orugas-para-excavadoras\/\" \/>\n<meta property=\"article:publisher\" content=\"https:\/\/www.facebook.com\/gfmparts\" \/>\n<meta property=\"article:modified_time\" content=\"2025-05-16T09:35:50+00:00\" \/>\n<meta property=\"og:image\" content=\"https:\/\/gfmparts.com\/wp-content\/uploads\/2024\/11\/Excavator-Track-Chain.png\" \/>\n\t<meta property=\"og:image:width\" content=\"367\" \/>\n\t<meta property=\"og:image:height\" content=\"367\" \/>\n\t<meta property=\"og:image:type\" content=\"image\/png\" \/>\n<meta name=\"twitter:card\" content=\"summary_large_image\" \/>\n<meta name=\"twitter:label1\" content=\"Tiempo de lectura\" \/>\n\t<meta name=\"twitter:data1\" content=\"4 minutos\" \/>\n<script type=\"application\/ld+json\" class=\"yoast-schema-graph\">{\"@context\":\"https:\/\/schema.org\",\"@graph\":[{\"@type\":\"WebPage\",\"@id\":\"https:\/\/gfmparts.com\/product\/supply-excavator-track-chain-manufacturers\/\",\"url\":\"https:\/\/gfmparts.com\/product\/supply-excavator-track-chain-manufacturers\/\",\"name\":\"Top Excavator Chain Link|Excavator Track Chain Manufacturers\",\"isPartOf\":{\"@id\":\"https:\/\/gfmparts.com\/#website\"},\"primaryImageOfPage\":{\"@id\":\"https:\/\/gfmparts.com\/product\/supply-excavator-track-chain-manufacturers\/#primaryimage\"},\"image\":{\"@id\":\"https:\/\/gfmparts.com\/product\/supply-excavator-track-chain-manufacturers\/#primaryimage\"},\"thumbnailUrl\":\"https:\/\/gfmparts.com\/wp-content\/uploads\/2024\/11\/Excavator-Track-Chain.png\",\"datePublished\":\"2024-11-22T03:22:42+00:00\",\"dateModified\":\"2025-05-16T09:35:50+00:00\",\"description\":\"GFM is a professional excavator track chain manufacturers with 14 years of industry experience, committed to providing customers with high quality excavator chain link.\",\"breadcrumb\":{\"@id\":\"https:\/\/gfmparts.com\/product\/supply-excavator-track-chain-manufacturers\/#breadcrumb\"},\"inLanguage\":\"es\",\"potentialAction\":[{\"@type\":\"ReadAction\",\"target\":[\"https:\/\/gfmparts.com\/product\/supply-excavator-track-chain-manufacturers\/\"]}]},{\"@type\":\"ImageObject\",\"inLanguage\":\"es\",\"@id\":\"https:\/\/gfmparts.com\/product\/supply-excavator-track-chain-manufacturers\/#primaryimage\",\"url\":\"https:\/\/gfmparts.com\/wp-content\/uploads\/2024\/11\/Excavator-Track-Chain.png\",\"contentUrl\":\"https:\/\/gfmparts.com\/wp-content\/uploads\/2024\/11\/Excavator-Track-Chain.png\",\"width\":367,\"height\":367,\"caption\":\"Excavator Track Chain\"},{\"@type\":\"BreadcrumbList\",\"@id\":\"https:\/\/gfmparts.com\/product\/supply-excavator-track-chain-manufacturers\/#breadcrumb\",\"itemListElement\":[{\"@type\":\"ListItem\",\"position\":1,\"name\":\"\u9996\u9875\",\"item\":\"https:\/\/gfmparts.com\/\"},{\"@type\":\"ListItem\",\"position\":2,\"name\":\"All Product\",\"item\":\"https:\/\/gfmparts.com\/all-product\/\"},{\"@type\":\"ListItem\",\"position\":3,\"name\":\"High Quality Excavator Track Chain Manufacturers\"}]},{\"@type\":\"WebSite\",\"@id\":\"https:\/\/gfmparts.com\/#website\",\"url\":\"https:\/\/gfmparts.com\/\",\"name\":\"GFM PARTS\",\"description\":\"GFM since 2011 focused on excavator and bulldozer undercarriage parts manufacturing :Track rollers,carrier roller,idler,sprocket,track group,bucket tooth pin.\",\"publisher\":{\"@id\":\"https:\/\/gfmparts.com\/#organization\"},\"alternateName\":\"gfmparts.com\",\"potentialAction\":[{\"@type\":\"SearchAction\",\"target\":{\"@type\":\"EntryPoint\",\"urlTemplate\":\"https:\/\/gfmparts.com\/?s={search_term_string}\"},\"query-input\":{\"@type\":\"PropertyValueSpecification\",\"valueRequired\":true,\"valueName\":\"search_term_string\"}}],\"inLanguage\":\"es\"},{\"@type\":\"Organization\",\"@id\":\"https:\/\/gfmparts.com\/#organization\",\"name\":\"GFM PARTS\",\"url\":\"https:\/\/gfmparts.com\/\",\"logo\":{\"@type\":\"ImageObject\",\"inLanguage\":\"es\",\"@id\":\"https:\/\/gfmparts.com\/#\/schema\/logo\/image\/\",\"url\":\"https:\/\/gfmparts.com\/wp-content\/uploads\/2024\/11\/cropped-GFMparts.com_-2.png\",\"contentUrl\":\"https:\/\/gfmparts.com\/wp-content\/uploads\/2024\/11\/cropped-GFMparts.com_-2.png\",\"width\":5987,\"height\":2564,\"caption\":\"GFM PARTS\"},\"image\":{\"@id\":\"https:\/\/gfmparts.com\/#\/schema\/logo\/image\/\"},\"sameAs\":[\"https:\/\/www.facebook.com\/gfmparts\",\"https:\/\/www.linkedin.com\/company\/gfmparts\/\",\"https:\/\/www.tiktok.com\/@gfmparts\",\"https:\/\/www.youtube.com\/@GFMparts\/featured\"]}]}<\/script>\n<!-- \/ Yoast SEO Premium plugin. -->","yoast_head_json":{"title":"Top Excavator Chain Link|Excavator Track Chain Manufacturers","description":"GFM is a professional excavator track chain manufacturers with 14 years of industry experience, committed to providing customers with high quality excavator chain link.","robots":{"index":"index","follow":"follow","max-snippet":"max-snippet:-1","max-image-preview":"max-image-preview:large","max-video-preview":"max-video-preview:-1"},"canonical":"https:\/\/gfmparts.com\/es_es\/producto\/fabricantes-de-cadenas-de-orugas-para-excavadoras\/","og_locale":"es_ES","og_type":"article","og_title":"High Quality Excavator Track Chain Manufacturers","og_description":"GFM is a professional excavator track chain manufacturers with 14 years of industry experience, committed to providing customers with high quality excavator chain link.","og_url":"https:\/\/gfmparts.com\/es_es\/producto\/fabricantes-de-cadenas-de-orugas-para-excavadoras\/","article_publisher":"https:\/\/www.facebook.com\/gfmparts","article_modified_time":"2025-05-16T09:35:50+00:00","og_image":[{"width":367,"height":367,"url":"https:\/\/gfmparts.com\/wp-content\/uploads\/2024\/11\/Excavator-Track-Chain.png","type":"image\/png"}],"twitter_card":"summary_large_image","twitter_misc":{"Tiempo de lectura":"4 minutos"},"schema":{"@context":"https:\/\/schema.org","@graph":[{"@type":"WebPage","@id":"https:\/\/gfmparts.com\/product\/supply-excavator-track-chain-manufacturers\/","url":"https:\/\/gfmparts.com\/product\/supply-excavator-track-chain-manufacturers\/","name":"Top Excavator Chain Link|Excavator Track Chain Manufacturers","isPartOf":{"@id":"https:\/\/gfmparts.com\/#website"},"primaryImageOfPage":{"@id":"https:\/\/gfmparts.com\/product\/supply-excavator-track-chain-manufacturers\/#primaryimage"},"image":{"@id":"https:\/\/gfmparts.com\/product\/supply-excavator-track-chain-manufacturers\/#primaryimage"},"thumbnailUrl":"https:\/\/gfmparts.com\/wp-content\/uploads\/2024\/11\/Excavator-Track-Chain.png","datePublished":"2024-11-22T03:22:42+00:00","dateModified":"2025-05-16T09:35:50+00:00","description":"GFM is a professional excavator track chain manufacturers with 14 years of industry experience, committed to providing customers with high quality excavator chain link.","breadcrumb":{"@id":"https:\/\/gfmparts.com\/product\/supply-excavator-track-chain-manufacturers\/#breadcrumb"},"inLanguage":"es","potentialAction":[{"@type":"ReadAction","target":["https:\/\/gfmparts.com\/product\/supply-excavator-track-chain-manufacturers\/"]}]},{"@type":"ImageObject","inLanguage":"es","@id":"https:\/\/gfmparts.com\/product\/supply-excavator-track-chain-manufacturers\/#primaryimage","url":"https:\/\/gfmparts.com\/wp-content\/uploads\/2024\/11\/Excavator-Track-Chain.png","contentUrl":"https:\/\/gfmparts.com\/wp-content\/uploads\/2024\/11\/Excavator-Track-Chain.png","width":367,"height":367,"caption":"Excavator Track Chain"},{"@type":"BreadcrumbList","@id":"https:\/\/gfmparts.com\/product\/supply-excavator-track-chain-manufacturers\/#breadcrumb","itemListElement":[{"@type":"ListItem","position":1,"name":"\u9996\u9875","item":"https:\/\/gfmparts.com\/"},{"@type":"ListItem","position":2,"name":"All Product","item":"https:\/\/gfmparts.com\/all-product\/"},{"@type":"ListItem","position":3,"name":"High Quality Excavator Track Chain Manufacturers"}]},{"@type":"WebSite","@id":"https:\/\/gfmparts.com\/#website","url":"https:\/\/gfmparts.com\/","name":"GFM PARTS","description":"GFM since 2011 focused on excavator and bulldozer undercarriage parts manufacturing :Track rollers,carrier roller,idler,sprocket,track group,bucket tooth pin.","publisher":{"@id":"https:\/\/gfmparts.com\/#organization"},"alternateName":"gfmparts.com","potentialAction":[{"@type":"SearchAction","target":{"@type":"EntryPoint","urlTemplate":"https:\/\/gfmparts.com\/?s={search_term_string}"},"query-input":{"@type":"PropertyValueSpecification","valueRequired":true,"valueName":"search_term_string"}}],"inLanguage":"es"},{"@type":"Organization","@id":"https:\/\/gfmparts.com\/#organization","name":"GFM PARTS","url":"https:\/\/gfmparts.com\/","logo":{"@type":"ImageObject","inLanguage":"es","@id":"https:\/\/gfmparts.com\/#\/schema\/logo\/image\/","url":"https:\/\/gfmparts.com\/wp-content\/uploads\/2024\/11\/cropped-GFMparts.com_-2.png","contentUrl":"https:\/\/gfmparts.com\/wp-content\/uploads\/2024\/11\/cropped-GFMparts.com_-2.png","width":5987,"height":2564,"caption":"GFM PARTS"},"image":{"@id":"https:\/\/gfmparts.com\/#\/schema\/logo\/image\/"},"sameAs":["https:\/\/www.facebook.com\/gfmparts","https:\/\/www.linkedin.com\/company\/gfmparts\/","https:\/\/www.tiktok.com\/@gfmparts","https:\/\/www.youtube.com\/@GFMparts\/featured"]}]}},"_links":{"self":[{"href":"https:\/\/gfmparts.com\/es_es\/wp-json\/wp\/v2\/product\/1717"}],"collection":[{"href":"https:\/\/gfmparts.com\/es_es\/wp-json\/wp\/v2\/product"}],"about":[{"href":"https:\/\/gfmparts.com\/es_es\/wp-json\/wp\/v2\/types\/product"}],"wp:featuredmedia":[{"embeddable":true,"href":"https:\/\/gfmparts.com\/es_es\/wp-json\/wp\/v2\/media\/3611"}],"wp:attachment":[{"href":"https:\/\/gfmparts.com\/es_es\/wp-json\/wp\/v2\/media?parent=1717"}],"wp:term":[{"taxonomy":"product_cat","embeddable":true,"href":"https:\/\/gfmparts.com\/es_es\/wp-json\/wp\/v2\/product_cat?post=1717"},{"taxonomy":"product_tag","embeddable":true,"href":"https:\/\/gfmparts.com\/es_es\/wp-json\/wp\/v2\/product_tag?post=1717"}],"curies":[{"name":"wp","href":"https:\/\/api.w.org\/{rel}","templated":true}]}}