{"id":2893,"date":"2024-12-16T02:26:22","date_gmt":"2024-12-16T02:26:22","guid":{"rendered":"https:\/\/gfmparts.com\/?post_type=product&#038;p=2893"},"modified":"2025-07-01T05:56:20","modified_gmt":"2025-07-01T05:56:20","slug":"top-roller-excavator-carrier-roller-factory","status":"publish","type":"product","link":"https:\/\/gfmparts.com\/es_es\/producto\/fabrica-de-rodillos-portadores-de-excavadoras-de-rodillos-superiores\/","title":{"rendered":"F\u00e1brica de rodillos portadores para excavadoras de rodillos superiores"},"content":{"rendered":"<p><span style=\"color: #000000;\">GFM es un profesional <a style=\"color: #000000;\" href=\"https:\/\/gfmparts.com\/es_es\/producto\/fabricante-de-rodillos-inferiores-de-alta-calidad\/\">f\u00e1brica de rodillos portadores<\/a> que se especializa en producir productos de primera calidad <a style=\"color: #000000;\" href=\"https:\/\/gfmparts.com\/es_es\/contacta-con-gfm\/\">excavadora de rodillos<\/a> Para satisfacer sus m\u00e1s altas exigencias de durabilidad y rendimiento. Como fabricante l\u00edder en la industria, somos conscientes del impacto de cada detalle en la eficiencia operativa de la excavadora.<\/span><\/p>\n<p><span style=\"color: #000000;\">Cont\u00e1ctenos ahora para saber c\u00f3mo equipar su excavadora con las mejores opciones de rodillos portadores.<\/span><\/p>\n<h3><span style=\"color: #ff6600;\">Descripci\u00f3n del Producto<\/span><\/h3>\n<ul>\n<li><span style=\"color: #000000;\"><strong>Cantidad m\u00ednima de pedido:<\/strong>\u00a01 pieza<\/span><\/li>\n<li><span style=\"color: #000000;\"><strong>M\u00e9todo de pago:<\/strong>\u00a0Transferencia bancaria<\/span><\/li>\n<li><span style=\"color: #000000;\"><strong>Marca:<\/strong>\u00a0GFM<\/span><\/li>\n<li><span style=\"color: #000000;\"><strong>Condici\u00f3n:<\/strong>\u00a0Nuevo<\/span><\/li>\n<li><span style=\"color: #000000;\"><strong>Color:<\/strong>\u00a0Amarillo, negro o personalizado<\/span><\/li>\n<li><span style=\"color: #000000;\"><strong>Plazo de entrega:<\/strong>\u00a030 d\u00edas<\/span><\/li>\n<li><span style=\"color: #000000;\"><strong>Garant\u00eda:<\/strong>\u00a01 a\u00f1o<\/span><\/li>\n<li><span style=\"color: #000000;\"><strong>Servicio:<\/strong>\u00a0OEM o ODM<\/span><\/li>\n<li><span style=\"color: #000000;\"><strong>Lugar de origen:<\/strong>\u00a0Fujian, China<\/span><\/li>\n<li><span style=\"color: #000000;\"><strong>Solicitud:<\/strong>\u00a0Excavadora o Bulldozer<\/span><\/li>\n<li><span style=\"color: #000000;\"><strong>Embalaje:<\/strong>\u00a0Palet de madera de exportaci\u00f3n est\u00e1ndar<\/span><\/li>\n<\/ul>\n<p style=\"text-align: center;\"><span style=\"color: #000000;\"><img fetchpriority=\"high\" decoding=\"async\" class=\"alignnone wp-image-2900\" src=\"https:\/\/gfmparts.com\/wp-content\/uploads\/2024\/12\/carrier-roller-product-768x1024.jpg\" alt=\"\" width=\"342\" height=\"456\" srcset=\"https:\/\/gfmparts.com\/wp-content\/uploads\/2024\/12\/carrier-roller-product-768x1024.jpg 768w, https:\/\/gfmparts.com\/wp-content\/uploads\/2024\/12\/carrier-roller-product-225x300.jpg 225w, https:\/\/gfmparts.com\/wp-content\/uploads\/2024\/12\/carrier-roller-product-1152x1536.jpg 1152w, https:\/\/gfmparts.com\/wp-content\/uploads\/2024\/12\/carrier-roller-product-1536x2048.jpg 1536w, https:\/\/gfmparts.com\/wp-content\/uploads\/2024\/12\/carrier-roller-product-600x800.jpg 600w, https:\/\/gfmparts.com\/wp-content\/uploads\/2024\/12\/carrier-roller-product-scaled.jpg 1920w\" sizes=\"(max-width: 342px) 100vw, 342px\" \/> <img decoding=\"async\" class=\"alignnone wp-image-2901\" src=\"https:\/\/gfmparts.com\/wp-content\/uploads\/2024\/12\/high-quality-carrier-roller-768x1024.jpg\" alt=\"\" width=\"342\" height=\"456\" srcset=\"https:\/\/gfmparts.com\/wp-content\/uploads\/2024\/12\/high-quality-carrier-roller-768x1024.jpg 768w, https:\/\/gfmparts.com\/wp-content\/uploads\/2024\/12\/high-quality-carrier-roller-225x300.jpg 225w, https:\/\/gfmparts.com\/wp-content\/uploads\/2024\/12\/high-quality-carrier-roller-1152x1536.jpg 1152w, https:\/\/gfmparts.com\/wp-content\/uploads\/2024\/12\/high-quality-carrier-roller-1536x2048.jpg 1536w, https:\/\/gfmparts.com\/wp-content\/uploads\/2024\/12\/high-quality-carrier-roller-600x800.jpg 600w, https:\/\/gfmparts.com\/wp-content\/uploads\/2024\/12\/high-quality-carrier-roller-scaled.jpg 1920w\" sizes=\"(max-width: 342px) 100vw, 342px\" \/><\/span><\/p>\n<h3><span style=\"color: #ff6600;\">Caracter\u00edsticas<\/span><\/h3>\n<ul>\n<li><span style=\"color: #000000;\"><b><\/b><strong><b>Durabilidad duradera: <\/b><\/strong>Fabricado con acero resistente al desgaste de alta calidad para m\u00e1xima resistencia y una vida \u00fatil prolongada.<\/span><\/li>\n<li><span style=\"color: #000000;\"><b><\/b><strong><b>Sellado y lubricado<\/b><\/strong>:El dise\u00f1o completamente sellado evita la entrada de suciedad, agua y contaminantes, lo que minimiza el desgaste y el mantenimiento.<\/span><\/li>\n<li><span style=\"color: #000000;\"><b><\/b><strong><b>Funcionamiento suave<\/b><\/strong>Dise\u00f1ado con precisi\u00f3n para brindar un soporte eficiente y estable para la parte superior de la pista.<\/span><\/li>\n<li><span style=\"color: #000000;\"><b><\/b><strong><b>Resistencia a la corrosi\u00f3n<\/b><\/strong>Los tratamientos de superficie resistentes a la corrosi\u00f3n garantizan un funcionamiento confiable en entornos hostiles.<\/span><\/li>\n<li><span style=\"color: #000000;\"><b><\/b><strong><b>Se adapta a varios modelos<\/b><\/strong>:Dise\u00f1ado para adaptarse a una amplia gama de modelos de excavadoras y bulldozers para diversas aplicaciones.<\/span><\/li>\n<li><span style=\"color: #000000;\"><b><\/b><strong><b>Dureza comprobada: <\/b><\/strong>Probado para funcionar de manera confiable en condiciones extremas, reduciendo el tiempo de inactividad y aumentando la productividad.<\/span><\/li>\n<\/ul>\n<p><span style=\"color: #000000;\">En GFM Factory, nuestros rodillos portadores est\u00e1n dise\u00f1ados para optimizar el rendimiento de su maquinaria, garantizando operaciones de seguimiento m\u00e1s suaves y una mayor vida \u00fatil del equipo.<\/span><\/p>\n<h3><span style=\"color: #ff6600;\">Presupuesto<\/span><\/h3>\n<p style=\"text-align: center;\"><span style=\"color: #000000;\"><img decoding=\"async\" class=\"alignnone  wp-image-6818\" src=\"https:\/\/gfmparts.com\/wp-content\/uploads\/2025\/03\/carrier-roller-Main-Dimensions-of-Installation-1024x761.png\" alt=\"Dimensiones principales de instalaci\u00f3n del rodillo portador\" width=\"904\" height=\"672\" srcset=\"https:\/\/gfmparts.com\/wp-content\/uploads\/2025\/03\/carrier-roller-Main-Dimensions-of-Installation-1024x761.png 1024w, https:\/\/gfmparts.com\/wp-content\/uploads\/2025\/03\/carrier-roller-Main-Dimensions-of-Installation-300x223.png 300w, https:\/\/gfmparts.com\/wp-content\/uploads\/2025\/03\/carrier-roller-Main-Dimensions-of-Installation-768x571.png 768w, https:\/\/gfmparts.com\/wp-content\/uploads\/2025\/03\/carrier-roller-Main-Dimensions-of-Installation-1536x1141.png 1536w, https:\/\/gfmparts.com\/wp-content\/uploads\/2025\/03\/carrier-roller-Main-Dimensions-of-Installation-16x12.png 16w, https:\/\/gfmparts.com\/wp-content\/uploads\/2025\/03\/carrier-roller-Main-Dimensions-of-Installation-600x446.png 600w, https:\/\/gfmparts.com\/wp-content\/uploads\/2025\/03\/carrier-roller-Main-Dimensions-of-Installation.png 1595w\" sizes=\"(max-width: 904px) 100vw, 904px\" \/><\/span><\/p>\n<h3><span style=\"color: #ff6600;\">Modelos de productos<\/span><\/h3>\n<p style=\"text-align: center;\"><span style=\"color: #000000;\"><img loading=\"lazy\" decoding=\"async\" class=\"alignnone size-full wp-image-2862\" src=\"https:\/\/gfmparts.com\/wp-content\/uploads\/2024\/11\/\u673a\u578b\u578b\u53f7-2.png\" alt=\"Descripci\u00f3n de la pieza de excavadora\" width=\"854\" height=\"741\" srcset=\"https:\/\/gfmparts.com\/wp-content\/uploads\/2024\/11\/\u673a\u578b\u578b\u53f7-2.png 854w, https:\/\/gfmparts.com\/wp-content\/uploads\/2024\/11\/\u673a\u578b\u578b\u53f7-2-300x260.png 300w, https:\/\/gfmparts.com\/wp-content\/uploads\/2024\/11\/\u673a\u578b\u578b\u53f7-2-768x666.png 768w, https:\/\/gfmparts.com\/wp-content\/uploads\/2024\/11\/\u673a\u578b\u578b\u53f7-2-600x521.png 600w\" sizes=\"(max-width: 854px) 100vw, 854px\" \/><\/span><\/p>\n<h3><span style=\"color: #ff6600;\">Proceso de producci\u00f3n<\/span><\/h3>\n<p><img loading=\"lazy\" decoding=\"async\" class=\"size-large wp-image-3043 aligncenter\" src=\"https:\/\/gfmparts.com\/wp-content\/uploads\/2024\/12\/\u901a\u7528\u751f\u4ea7\u6d41\u7a0b-1-1024x648.jpg\" alt=\"proceso de producci\u00f3n de piezas de excavadora\" width=\"1024\" height=\"648\" srcset=\"\" sizes=\"(max-width: 1024px) 100vw, 1024px\" data-srcset=\"\" \/><\/p>\n<h3><span style=\"color: #ff6600;\">Embalaje y env\u00edo<\/span><\/h3>\n<p style=\"text-align: center;\"><img loading=\"lazy\" decoding=\"async\" class=\"alignnone size-large wp-image-6521\" src=\"https:\/\/gfmparts.com\/wp-content\/uploads\/2025\/05\/Packaging-and-Shipping-1-1-1024x648.jpg\" alt=\"Embalaje y env\u00edo\" width=\"1024\" height=\"648\" srcset=\"https:\/\/gfmparts.com\/wp-content\/uploads\/2025\/05\/Packaging-and-Shipping-1-1-1024x648.jpg 1024w, https:\/\/gfmparts.com\/wp-content\/uploads\/2025\/05\/Packaging-and-Shipping-1-1-300x190.jpg 300w, https:\/\/gfmparts.com\/wp-content\/uploads\/2025\/05\/Packaging-and-Shipping-1-1-768x486.jpg 768w, https:\/\/gfmparts.com\/wp-content\/uploads\/2025\/05\/Packaging-and-Shipping-1-1-1536x973.jpg 1536w, https:\/\/gfmparts.com\/wp-content\/uploads\/2025\/05\/Packaging-and-Shipping-1-1-2048x1297.jpg 2048w, https:\/\/gfmparts.com\/wp-content\/uploads\/2025\/05\/Packaging-and-Shipping-1-1-600x380.jpg 600w\" sizes=\"(max-width: 1024px) 100vw, 1024px\" \/><\/p>\n<h3><span style=\"color: #ff6600;\">Ventajas de la f\u00e1brica<\/span><\/h3>\n<p><span style=\"color: #000000;\">El fabricante profesional de rodillos portadores de GFM utiliza materiales avanzados y procesos de precisi\u00f3n para crear rodillos portadores de alta calidad que resisten las pruebas de entornos de trabajo extremos. Desde el dise\u00f1o hasta la producci\u00f3n, cada paso se controla estrictamente para garantizar que el producto final no solo cumpla con los est\u00e1ndares internacionales de calidad, sino que tambi\u00e9n tenga un rendimiento excelente en aplicaciones reales. Elegir nuestros rodillos para excavadoras de alta calidad significa elegir una soluci\u00f3n confiable, eficiente y duradera.<\/span><\/p>\n<p><span style=\"color: #000000;\">GFM ofrece servicios de personalizaci\u00f3n y se centra en la producci\u00f3n de rodillos para excavadoras de alta calidad para garantizar que los productos satisfagan plenamente las necesidades del cliente. Cont\u00e1ctenos ahora para saber c\u00f3mo equipar su excavadora con las mejores opciones de rodillos portadores.<\/span><\/p>\n<p style=\"text-align: center;\"><span style=\"color: #000000;\"><img loading=\"lazy\" decoding=\"async\" class=\"alignnone wp-image-2159\" src=\"https:\/\/gfmparts.com\/wp-content\/uploads\/2024\/12\/\u5fae\u4fe1\u56fe\u7247_20241202160325-1024x576.jpg\" alt=\"fabricante de rodillos portadores\" width=\"767\" height=\"431\" srcset=\"\" sizes=\"(max-width: 767px) 100vw, 767px\" data-srcset=\"\" \/><\/span><\/p>","protected":false},"excerpt":{"rendered":"<ul>\n<li><span style=\"color: #000000;\">Calidad del producto garantizada<\/span><\/li>\n<li><span style=\"color: #000000;\">Gran suministro<\/span><\/li>\n<li><span style=\"color: #000000;\">Precios competitivos<\/span><\/li>\n<li><span style=\"color: #000000;\">La mayor\u00eda de marcas y modelos<\/span><\/li>\n<li><span style=\"color: #000000;\">Equipo de atenci\u00f3n al cliente servicial<\/span><\/li>\n<li><span style=\"color: #000000;\">Soporte t\u00e9cnico profesional<\/span><\/li>\n<\/ul>","protected":false},"featured_media":3609,"template":"","meta":{"site-sidebar-layout":"default","site-content-layout":"","ast-site-content-layout":"default","site-content-style":"default","site-sidebar-style":"default","ast-global-header-display":"","ast-banner-title-visibility":"","ast-main-header-display":"","ast-hfb-above-header-display":"","ast-hfb-below-header-display":"","ast-hfb-mobile-header-display":"","site-post-title":"","ast-breadcrumbs-content":"","ast-featured-img":"","footer-sml-layout":"","theme-transparent-header-meta":"default","adv-header-id-meta":"","stick-header-meta":"default","header-above-stick-meta":"","header-main-stick-meta":"","header-below-stick-meta":"","astra-migrate-meta-layouts":"set","ast-page-background-enabled":"default","ast-page-background-meta":{"desktop":{"background-color":"","background-image":"","background-repeat":"repeat","background-position":"center center","background-size":"auto","background-attachment":"scroll","background-type":"","background-media":"","overlay-type":"","overlay-color":"","overlay-opacity":"","overlay-gradient":""},"tablet":{"background-color":"","background-image":"","background-repeat":"repeat","background-position":"center center","background-size":"auto","background-attachment":"scroll","background-type":"","background-media":"","overlay-type":"","overlay-color":"","overlay-opacity":"","overlay-gradient":""},"mobile":{"background-color":"","background-image":"","background-repeat":"repeat","background-position":"center center","background-size":"auto","background-attachment":"scroll","background-type":"","background-media":"","overlay-type":"","overlay-color":"","overlay-opacity":"","overlay-gradient":""}},"ast-content-background-meta":{"desktop":{"background-color":"var(--ast-global-color-5)","background-image":"","background-repeat":"repeat","background-position":"center center","background-size":"auto","background-attachment":"scroll","background-type":"","background-media":"","overlay-type":"","overlay-color":"","overlay-opacity":"","overlay-gradient":""},"tablet":{"background-color":"var(--ast-global-color-5)","background-image":"","background-repeat":"repeat","background-position":"center center","background-size":"auto","background-attachment":"scroll","background-type":"","background-media":"","overlay-type":"","overlay-color":"","overlay-opacity":"","overlay-gradient":""},"mobile":{"background-color":"var(--ast-global-color-5)","background-image":"","background-repeat":"repeat","background-position":"center center","background-size":"auto","background-attachment":"scroll","background-type":"","background-media":"","overlay-type":"","overlay-color":"","overlay-opacity":"","overlay-gradient":""}}},"product_cat":[38,30],"product_tag":[],"class_list":{"0":"post-2893","1":"product","2":"type-product","3":"status-publish","4":"has-post-thumbnail","6":"product_cat-undercarriage","7":"product_cat-carrier-roller","8":"desktop-align-left","9":"tablet-align-left","10":"mobile-align-left","11":"ast-product-gallery-layout-horizontal-slider","12":"ast-product-tabs-layout-horizontal","14":"first","15":"instock","16":"shipping-taxable","17":"product-type-simple"},"yoast_head":"<!-- This site is optimized with the Yoast SEO Premium plugin v22.8 (Yoast SEO v23.9) - https:\/\/yoast.com\/wordpress\/plugins\/seo\/ -->\n<title>Top Roller Excavator Carrier Roller Factory - GFM<\/title>\n<meta name=\"description\" content=\"GFM is a professional carrier roller factory that specializes in producing top roller excavator to meet your highest demands for durability and performance.\" \/>\n<meta name=\"robots\" content=\"index, follow, max-snippet:-1, max-image-preview:large, max-video-preview:-1\" \/>\n<link rel=\"canonical\" href=\"https:\/\/gfmparts.com\/es_es\/producto\/fabrica-de-rodillos-portadores-de-excavadoras-de-rodillos-superiores\/\" \/>\n<meta property=\"og:locale\" content=\"es_ES\" \/>\n<meta property=\"og:type\" content=\"article\" \/>\n<meta property=\"og:title\" content=\"Top Roller Excavator Carrier Roller Factory\" \/>\n<meta property=\"og:description\" content=\"GFM is a professional carrier roller factory that specializes in producing top roller excavator to meet your highest demands for durability and performance.\" \/>\n<meta property=\"og:url\" content=\"https:\/\/gfmparts.com\/es_es\/producto\/fabrica-de-rodillos-portadores-de-excavadoras-de-rodillos-superiores\/\" \/>\n<meta property=\"article:publisher\" content=\"https:\/\/www.facebook.com\/gfmparts\" \/>\n<meta property=\"article:modified_time\" content=\"2025-07-01T05:56:20+00:00\" \/>\n<meta property=\"og:image\" content=\"https:\/\/gfmparts.com\/wp-content\/uploads\/2024\/12\/Top-Roller-Excavator-Carrier-Roller-1024x1024.png\" \/>\n\t<meta property=\"og:image:width\" content=\"1024\" \/>\n\t<meta property=\"og:image:height\" content=\"1024\" \/>\n\t<meta property=\"og:image:type\" content=\"image\/png\" \/>\n<meta name=\"twitter:card\" content=\"summary_large_image\" \/>\n<meta name=\"twitter:label1\" content=\"Tiempo de lectura\" \/>\n\t<meta name=\"twitter:data1\" content=\"4 minutos\" \/>\n<script type=\"application\/ld+json\" class=\"yoast-schema-graph\">{\"@context\":\"https:\/\/schema.org\",\"@graph\":[{\"@type\":\"WebPage\",\"@id\":\"https:\/\/gfmparts.com\/product\/top-roller-excavator-carrier-roller-factory\/\",\"url\":\"https:\/\/gfmparts.com\/product\/top-roller-excavator-carrier-roller-factory\/\",\"name\":\"Top Roller Excavator Carrier Roller Factory - GFM\",\"isPartOf\":{\"@id\":\"https:\/\/gfmparts.com\/#website\"},\"primaryImageOfPage\":{\"@id\":\"https:\/\/gfmparts.com\/product\/top-roller-excavator-carrier-roller-factory\/#primaryimage\"},\"image\":{\"@id\":\"https:\/\/gfmparts.com\/product\/top-roller-excavator-carrier-roller-factory\/#primaryimage\"},\"thumbnailUrl\":\"https:\/\/gfmparts.com\/wp-content\/uploads\/2024\/12\/Top-Roller-Excavator-Carrier-Roller.png\",\"datePublished\":\"2024-12-16T02:26:22+00:00\",\"dateModified\":\"2025-07-01T05:56:20+00:00\",\"description\":\"GFM is a professional carrier roller factory that specializes in producing top roller excavator to meet your highest demands for durability and performance.\",\"breadcrumb\":{\"@id\":\"https:\/\/gfmparts.com\/product\/top-roller-excavator-carrier-roller-factory\/#breadcrumb\"},\"inLanguage\":\"es\",\"potentialAction\":[{\"@type\":\"ReadAction\",\"target\":[\"https:\/\/gfmparts.com\/product\/top-roller-excavator-carrier-roller-factory\/\"]}]},{\"@type\":\"ImageObject\",\"inLanguage\":\"es\",\"@id\":\"https:\/\/gfmparts.com\/product\/top-roller-excavator-carrier-roller-factory\/#primaryimage\",\"url\":\"https:\/\/gfmparts.com\/wp-content\/uploads\/2024\/12\/Top-Roller-Excavator-Carrier-Roller.png\",\"contentUrl\":\"https:\/\/gfmparts.com\/wp-content\/uploads\/2024\/12\/Top-Roller-Excavator-Carrier-Roller.png\",\"width\":3600,\"height\":3600,\"caption\":\"Top Roller Excavator Carrier Roller\"},{\"@type\":\"BreadcrumbList\",\"@id\":\"https:\/\/gfmparts.com\/product\/top-roller-excavator-carrier-roller-factory\/#breadcrumb\",\"itemListElement\":[{\"@type\":\"ListItem\",\"position\":1,\"name\":\"\u9996\u9875\",\"item\":\"https:\/\/gfmparts.com\/\"},{\"@type\":\"ListItem\",\"position\":2,\"name\":\"All Product\",\"item\":\"https:\/\/gfmparts.com\/all-product\/\"},{\"@type\":\"ListItem\",\"position\":3,\"name\":\"Top Roller Excavator Carrier Roller Factory\"}]},{\"@type\":\"WebSite\",\"@id\":\"https:\/\/gfmparts.com\/#website\",\"url\":\"https:\/\/gfmparts.com\/\",\"name\":\"GFM PARTS\",\"description\":\"GFM since 2011 focused on excavator and bulldozer undercarriage parts manufacturing :Track rollers,carrier roller,idler,sprocket,track group,bucket tooth pin.\",\"publisher\":{\"@id\":\"https:\/\/gfmparts.com\/#organization\"},\"alternateName\":\"gfmparts.com\",\"potentialAction\":[{\"@type\":\"SearchAction\",\"target\":{\"@type\":\"EntryPoint\",\"urlTemplate\":\"https:\/\/gfmparts.com\/?s={search_term_string}\"},\"query-input\":{\"@type\":\"PropertyValueSpecification\",\"valueRequired\":true,\"valueName\":\"search_term_string\"}}],\"inLanguage\":\"es\"},{\"@type\":\"Organization\",\"@id\":\"https:\/\/gfmparts.com\/#organization\",\"name\":\"GFM PARTS\",\"url\":\"https:\/\/gfmparts.com\/\",\"logo\":{\"@type\":\"ImageObject\",\"inLanguage\":\"es\",\"@id\":\"https:\/\/gfmparts.com\/#\/schema\/logo\/image\/\",\"url\":\"https:\/\/gfmparts.com\/wp-content\/uploads\/2024\/11\/cropped-GFMparts.com_-2.png\",\"contentUrl\":\"https:\/\/gfmparts.com\/wp-content\/uploads\/2024\/11\/cropped-GFMparts.com_-2.png\",\"width\":5987,\"height\":2564,\"caption\":\"GFM PARTS\"},\"image\":{\"@id\":\"https:\/\/gfmparts.com\/#\/schema\/logo\/image\/\"},\"sameAs\":[\"https:\/\/www.facebook.com\/gfmparts\",\"https:\/\/www.linkedin.com\/company\/gfmparts\/\",\"https:\/\/www.tiktok.com\/@gfmparts\",\"https:\/\/www.youtube.com\/@GFMparts\/featured\"]}]}<\/script>\n<!-- \/ Yoast SEO Premium plugin. -->","yoast_head_json":{"title":"Top Roller Excavator Carrier Roller Factory - GFM","description":"GFM is a professional carrier roller factory that specializes in producing top roller excavator to meet your highest demands for durability and performance.","robots":{"index":"index","follow":"follow","max-snippet":"max-snippet:-1","max-image-preview":"max-image-preview:large","max-video-preview":"max-video-preview:-1"},"canonical":"https:\/\/gfmparts.com\/es_es\/producto\/fabrica-de-rodillos-portadores-de-excavadoras-de-rodillos-superiores\/","og_locale":"es_ES","og_type":"article","og_title":"Top Roller Excavator Carrier Roller Factory","og_description":"GFM is a professional carrier roller factory that specializes in producing top roller excavator to meet your highest demands for durability and performance.","og_url":"https:\/\/gfmparts.com\/es_es\/producto\/fabrica-de-rodillos-portadores-de-excavadoras-de-rodillos-superiores\/","article_publisher":"https:\/\/www.facebook.com\/gfmparts","article_modified_time":"2025-07-01T05:56:20+00:00","og_image":[{"width":1024,"height":1024,"url":"https:\/\/gfmparts.com\/wp-content\/uploads\/2024\/12\/Top-Roller-Excavator-Carrier-Roller-1024x1024.png","type":"image\/png"}],"twitter_card":"summary_large_image","twitter_misc":{"Tiempo de lectura":"4 minutos"},"schema":{"@context":"https:\/\/schema.org","@graph":[{"@type":"WebPage","@id":"https:\/\/gfmparts.com\/product\/top-roller-excavator-carrier-roller-factory\/","url":"https:\/\/gfmparts.com\/product\/top-roller-excavator-carrier-roller-factory\/","name":"Top Roller Excavator Carrier Roller Factory - GFM","isPartOf":{"@id":"https:\/\/gfmparts.com\/#website"},"primaryImageOfPage":{"@id":"https:\/\/gfmparts.com\/product\/top-roller-excavator-carrier-roller-factory\/#primaryimage"},"image":{"@id":"https:\/\/gfmparts.com\/product\/top-roller-excavator-carrier-roller-factory\/#primaryimage"},"thumbnailUrl":"https:\/\/gfmparts.com\/wp-content\/uploads\/2024\/12\/Top-Roller-Excavator-Carrier-Roller.png","datePublished":"2024-12-16T02:26:22+00:00","dateModified":"2025-07-01T05:56:20+00:00","description":"GFM is a professional carrier roller factory that specializes in producing top roller excavator to meet your highest demands for durability and performance.","breadcrumb":{"@id":"https:\/\/gfmparts.com\/product\/top-roller-excavator-carrier-roller-factory\/#breadcrumb"},"inLanguage":"es","potentialAction":[{"@type":"ReadAction","target":["https:\/\/gfmparts.com\/product\/top-roller-excavator-carrier-roller-factory\/"]}]},{"@type":"ImageObject","inLanguage":"es","@id":"https:\/\/gfmparts.com\/product\/top-roller-excavator-carrier-roller-factory\/#primaryimage","url":"https:\/\/gfmparts.com\/wp-content\/uploads\/2024\/12\/Top-Roller-Excavator-Carrier-Roller.png","contentUrl":"https:\/\/gfmparts.com\/wp-content\/uploads\/2024\/12\/Top-Roller-Excavator-Carrier-Roller.png","width":3600,"height":3600,"caption":"Top Roller Excavator Carrier Roller"},{"@type":"BreadcrumbList","@id":"https:\/\/gfmparts.com\/product\/top-roller-excavator-carrier-roller-factory\/#breadcrumb","itemListElement":[{"@type":"ListItem","position":1,"name":"\u9996\u9875","item":"https:\/\/gfmparts.com\/"},{"@type":"ListItem","position":2,"name":"All Product","item":"https:\/\/gfmparts.com\/all-product\/"},{"@type":"ListItem","position":3,"name":"Top Roller Excavator Carrier Roller Factory"}]},{"@type":"WebSite","@id":"https:\/\/gfmparts.com\/#website","url":"https:\/\/gfmparts.com\/","name":"GFM PARTS","description":"GFM since 2011 focused on excavator and bulldozer undercarriage parts manufacturing :Track rollers,carrier roller,idler,sprocket,track group,bucket tooth pin.","publisher":{"@id":"https:\/\/gfmparts.com\/#organization"},"alternateName":"gfmparts.com","potentialAction":[{"@type":"SearchAction","target":{"@type":"EntryPoint","urlTemplate":"https:\/\/gfmparts.com\/?s={search_term_string}"},"query-input":{"@type":"PropertyValueSpecification","valueRequired":true,"valueName":"search_term_string"}}],"inLanguage":"es"},{"@type":"Organization","@id":"https:\/\/gfmparts.com\/#organization","name":"GFM PARTS","url":"https:\/\/gfmparts.com\/","logo":{"@type":"ImageObject","inLanguage":"es","@id":"https:\/\/gfmparts.com\/#\/schema\/logo\/image\/","url":"https:\/\/gfmparts.com\/wp-content\/uploads\/2024\/11\/cropped-GFMparts.com_-2.png","contentUrl":"https:\/\/gfmparts.com\/wp-content\/uploads\/2024\/11\/cropped-GFMparts.com_-2.png","width":5987,"height":2564,"caption":"GFM PARTS"},"image":{"@id":"https:\/\/gfmparts.com\/#\/schema\/logo\/image\/"},"sameAs":["https:\/\/www.facebook.com\/gfmparts","https:\/\/www.linkedin.com\/company\/gfmparts\/","https:\/\/www.tiktok.com\/@gfmparts","https:\/\/www.youtube.com\/@GFMparts\/featured"]}]}},"_links":{"self":[{"href":"https:\/\/gfmparts.com\/es_es\/wp-json\/wp\/v2\/product\/2893"}],"collection":[{"href":"https:\/\/gfmparts.com\/es_es\/wp-json\/wp\/v2\/product"}],"about":[{"href":"https:\/\/gfmparts.com\/es_es\/wp-json\/wp\/v2\/types\/product"}],"wp:featuredmedia":[{"embeddable":true,"href":"https:\/\/gfmparts.com\/es_es\/wp-json\/wp\/v2\/media\/3609"}],"wp:attachment":[{"href":"https:\/\/gfmparts.com\/es_es\/wp-json\/wp\/v2\/media?parent=2893"}],"wp:term":[{"taxonomy":"product_cat","embeddable":true,"href":"https:\/\/gfmparts.com\/es_es\/wp-json\/wp\/v2\/product_cat?post=2893"},{"taxonomy":"product_tag","embeddable":true,"href":"https:\/\/gfmparts.com\/es_es\/wp-json\/wp\/v2\/product_tag?post=2893"}],"curies":[{"name":"wp","href":"https:\/\/api.w.org\/{rel}","templated":true}]}}