{"id":3064,"date":"2024-12-20T02:59:17","date_gmt":"2024-12-20T02:59:17","guid":{"rendered":"https:\/\/gfmparts.com\/?post_type=product&#038;p=3064"},"modified":"2025-07-16T03:35:00","modified_gmt":"2025-07-16T03:35:00","slug":"excavator-grouser-track-shoe-manufacturer","status":"publish","type":"product","link":"https:\/\/gfmparts.com\/es_es\/producto\/fabricante-de-zapatas-de-oruga-para-excavadoras\/","title":{"rendered":"Fabricante de zapatas para excavadoras de alta calidad"},"content":{"rendered":"<p><span style=\"color: #000000;\">GFM se ha centrado en la I+D y la producci\u00f3n de productos de alta calidad. <a style=\"color: #000000;\" href=\"https:\/\/gfmparts.com\/es_es\/producto\/fabrica-mayorista-de-zapatas-para-pista-de-atletismo\/\">zapata de oruga de excavadora<\/a> Desde 2011. Nuestros productos est\u00e1n fabricados con acero aleado de alta calidad y ofrecen una excelente resistencia al desgaste y al impacto gracias a procesos de tratamiento t\u00e9rmico de precisi\u00f3n. No solo prolongan eficazmente su vida \u00fatil, sino que tambi\u00e9n ofrecen un rendimiento excepcional. Para mejorar la eficiencia operativa de los equipos de excavaci\u00f3n, ya sea en miner\u00eda o construcci\u00f3n en terrenos complejos, las zapatas de oruga GFM pueden satisfacer las necesidades de su proyecto de forma estable.<\/span><\/p>\n<h3><span style=\"color: #ff6600;\">Descripci\u00f3n del Producto<\/span><\/h3>\n<ul>\n<li><span style=\"color: #000000;\"><strong>Cantidad m\u00ednima de pedido:<\/strong>\u00a01 pieza<\/span><\/li>\n<li><span style=\"color: #000000;\"><strong>M\u00e9todo de pago:<\/strong>\u00a0Transferencia bancaria<\/span><\/li>\n<li><span style=\"color: #000000;\"><strong>Marca:<\/strong>\u00a0GFM<\/span><\/li>\n<li><span style=\"color: #000000;\"><strong>Condici\u00f3n:<\/strong>\u00a0Nuevo<\/span><\/li>\n<li><span style=\"color: #000000;\"><strong>Color:<\/strong>\u00a0Amarillo, negro o personalizado<\/span><\/li>\n<li><span style=\"color: #000000;\"><strong>Plazo de entrega:<\/strong>\u00a030 d\u00edas<\/span><\/li>\n<li><span style=\"color: #000000;\"><strong>Garant\u00eda:<\/strong>\u00a01 a\u00f1o<\/span><\/li>\n<li><span style=\"color: #000000;\"><strong>Servicio:<\/strong>\u00a0OEM o ODM<\/span><\/li>\n<li><span style=\"color: #000000;\"><strong>Lugar de origen:<\/strong>\u00a0Fujian, China<\/span><\/li>\n<li><span style=\"color: #000000;\"><strong>Solicitud:<\/strong> Excavador<\/span><\/li>\n<li><span style=\"color: #000000;\"><strong>Embalaje:<\/strong>\u00a0Palet de madera de exportaci\u00f3n est\u00e1ndar<\/span><\/li>\n<\/ul>\n<p style=\"text-align: center;\"><img fetchpriority=\"high\" decoding=\"async\" class=\"alignnone wp-image-3209\" src=\"https:\/\/gfmparts.com\/wp-content\/uploads\/2024\/12\/excavator-track-shoe-1024x768.jpg\" alt=\"zapata de oruga de excavadora\" width=\"546\" height=\"410\" srcset=\"https:\/\/gfmparts.com\/wp-content\/uploads\/2024\/12\/excavator-track-shoe-1024x768.jpg 1024w, https:\/\/gfmparts.com\/wp-content\/uploads\/2024\/12\/excavator-track-shoe-300x225.jpg 300w, https:\/\/gfmparts.com\/wp-content\/uploads\/2024\/12\/excavator-track-shoe-768x576.jpg 768w, https:\/\/gfmparts.com\/wp-content\/uploads\/2024\/12\/excavator-track-shoe-1536x1152.jpg 1536w, https:\/\/gfmparts.com\/wp-content\/uploads\/2024\/12\/excavator-track-shoe-2048x1536.jpg 2048w, https:\/\/gfmparts.com\/wp-content\/uploads\/2024\/12\/excavator-track-shoe-600x450.jpg 600w\" sizes=\"(max-width: 546px) 100vw, 546px\" \/><\/p>\n<h3><span style=\"color: #ff6600;\">Caracter\u00edsticas<\/span><\/h3>\n<ul>\n<li><b><\/b><strong><b>Duradero y de larga duraci\u00f3n: <\/b><\/strong>Construido con acero de alta calidad para soportar trabajos duros.<\/li>\n<li><b><\/b><strong><b>Estabilidad mejorada: <\/b><\/strong>Excelente tracci\u00f3n para una operaci\u00f3n segura en cualquier terreno.<\/li>\n<li><b><\/b><strong><b>Vida \u00fatil prolongada: <\/b><\/strong>Reduce el desgaste y protege el tren de rodaje.<\/li>\n<li><b><\/b><strong><b>Resistente al \u00f3xido: <\/b><\/strong>Recubierto para un rendimiento confiable en condiciones dif\u00edciles.<\/li>\n<li><b><\/b><strong><b>Rentable: <\/b><\/strong>Reduce los costos de mantenimiento con una durabilidad superior.<\/li>\n<li><b><\/b><strong><b>Vers\u00e1til: <\/b><\/strong>Perfecto para rocas, barro, arena o terreno blando.<\/li>\n<\/ul>\n<h3><span style=\"color: #ff6600;\">Presupuesto<\/span><\/h3>\n<p style=\"text-align: center;\"><img decoding=\"async\" class=\"alignnone size-large wp-image-6791\" src=\"https:\/\/gfmparts.com\/wp-content\/uploads\/2025\/03\/Excavator-Track-Shoe-Specifications-1024x826.png\" alt=\"Especificaciones de las zapatas de oruga de la excavadora\" width=\"1024\" height=\"826\" srcset=\"https:\/\/gfmparts.com\/wp-content\/uploads\/2025\/03\/Excavator-Track-Shoe-Specifications-1024x826.png 1024w, https:\/\/gfmparts.com\/wp-content\/uploads\/2025\/03\/Excavator-Track-Shoe-Specifications-300x242.png 300w, https:\/\/gfmparts.com\/wp-content\/uploads\/2025\/03\/Excavator-Track-Shoe-Specifications-768x620.png 768w, https:\/\/gfmparts.com\/wp-content\/uploads\/2025\/03\/Excavator-Track-Shoe-Specifications-1536x1239.png 1536w, https:\/\/gfmparts.com\/wp-content\/uploads\/2025\/03\/Excavator-Track-Shoe-Specifications-600x484.png 600w, https:\/\/gfmparts.com\/wp-content\/uploads\/2025\/03\/Excavator-Track-Shoe-Specifications.png 1543w\" sizes=\"(max-width: 1024px) 100vw, 1024px\" \/><\/p>\n<h3><span style=\"color: #ff6600;\">Modelos de productos<\/span><\/h3>\n<p style=\"text-align: center;\"><img decoding=\"async\" class=\"alignnone size-full wp-image-3147\" src=\"https:\/\/gfmparts.com\/wp-content\/uploads\/2024\/11\/excavator-part-description-e1735350735761.png\" alt=\"Descripci\u00f3n de la pieza de excavadora\" width=\"856\" height=\"694\" srcset=\"https:\/\/gfmparts.com\/wp-content\/uploads\/2024\/11\/excavator-part-description-e1735350735761.png 856w, https:\/\/gfmparts.com\/wp-content\/uploads\/2024\/11\/excavator-part-description-e1735350735761-300x243.png 300w, https:\/\/gfmparts.com\/wp-content\/uploads\/2024\/11\/excavator-part-description-e1735350735761-768x623.png 768w, https:\/\/gfmparts.com\/wp-content\/uploads\/2024\/11\/excavator-part-description-e1735350735761-600x486.png 600w\" sizes=\"(max-width: 856px) 100vw, 856px\" \/><\/p>\n<h3><span style=\"color: #ff6600;\">Proceso de producci\u00f3n<\/span><\/h3>\n<p style=\"text-align: center;\"><iframe title=\"Reproductor de v\u00eddeo de YouTube\" src=\"https:\/\/www.youtube.com\/embed\/Nj9u7bBv59w?si=nEYwUUSoPTBFYng3\" width=\"1000\" height=\"563\" frameborder=\"0\" allowfullscreen=\"allowfullscreen\"><\/iframe><\/p>\n<p><img loading=\"lazy\" decoding=\"async\" class=\"size-large wp-image-3043 aligncenter\" src=\"https:\/\/gfmparts.com\/wp-content\/uploads\/2024\/12\/\u901a\u7528\u751f\u4ea7\u6d41\u7a0b-1-1024x648.jpg\" alt=\"proceso de producci\u00f3n de piezas de excavadora\" width=\"1024\" height=\"648\" srcset=\"\" sizes=\"(max-width: 1024px) 100vw, 1024px\" data-srcset=\"\" \/><\/p>\n<h3><span style=\"color: #ff6600;\">Embalaje y env\u00edo<\/span><\/h3>\n<p style=\"text-align: center;\"><img loading=\"lazy\" decoding=\"async\" class=\"alignnone size-large wp-image-6521\" src=\"https:\/\/gfmparts.com\/wp-content\/uploads\/2025\/05\/Packaging-and-Shipping-1-1-1024x648.jpg\" alt=\"Embalaje y env\u00edo\" width=\"1024\" height=\"648\" srcset=\"https:\/\/gfmparts.com\/wp-content\/uploads\/2025\/05\/Packaging-and-Shipping-1-1-1024x648.jpg 1024w, https:\/\/gfmparts.com\/wp-content\/uploads\/2025\/05\/Packaging-and-Shipping-1-1-300x190.jpg 300w, https:\/\/gfmparts.com\/wp-content\/uploads\/2025\/05\/Packaging-and-Shipping-1-1-768x486.jpg 768w, https:\/\/gfmparts.com\/wp-content\/uploads\/2025\/05\/Packaging-and-Shipping-1-1-1536x973.jpg 1536w, https:\/\/gfmparts.com\/wp-content\/uploads\/2025\/05\/Packaging-and-Shipping-1-1-2048x1297.jpg 2048w, https:\/\/gfmparts.com\/wp-content\/uploads\/2025\/05\/Packaging-and-Shipping-1-1-600x380.jpg 600w\" sizes=\"(max-width: 1024px) 100vw, 1024px\" \/><\/p>\n<h3><span style=\"color: #ff6600;\">Ventajas de la f\u00e1brica<\/span><\/h3>\n<p><span style=\"color: #000000;\">Como excavadora l\u00edder en la industria <a style=\"color: #000000;\" href=\"https:\/\/gfmparts.com\/es_es\/producto\/fabricantes-de-cadenas-de-orugas-para-excavadoras\/\">fabricante de zapatas de oruga<\/a>GFM es reconocido por sus avanzados procesos de fabricaci\u00f3n y su estricto control de calidad. Nuestras zapatas de oruga han superado numerosas certificaciones internacionales para garantizar que su rendimiento cumpla o supere los est\u00e1ndares de la industria. Adem\u00e1s, ofrecemos servicios de personalizaci\u00f3n flexibles. Desde la selecci\u00f3n de materiales hasta las especificaciones de tama\u00f1o, todo se puede ajustar seg\u00fan sea necesario para satisfacer los requisitos espec\u00edficos de cada cliente y equipo. Nuestros eficientes procesos de producci\u00f3n y equipos profesionales nos permiten responder r\u00e1pidamente a las necesidades del mercado y ofrecer soluciones de zapatas de oruga de alta calidad a clientes de todo el mundo.<\/span><\/p>\n<p><span style=\"color: #000000;\">GFM no es s\u00f3lo una excavadora confiable <a style=\"color: #000000;\" href=\"https:\/\/gfmparts.com\/es_es\/producto\/fabrica-de-rodillos-portadores-de-excavadoras-de-rodillos-superiores\/\">proveedor de zapatas de oruga<\/a>, sino tambi\u00e9n su socio a largo plazo. Nuestra f\u00e1brica est\u00e1 equipada con los equipos de producci\u00f3n m\u00e1s avanzados y ha aumentado constantemente su capacidad de producci\u00f3n anual, lo que garantiza la entrega sin complicaciones de pedidos a gran escala. Adem\u00e1s, implementamos un modelo de suministro directo de f\u00e1brica para reducir los intermediarios y ofrecer a nuestros clientes precios altamente competitivos. Con productos de alta calidad, servicios log\u00edsticos r\u00e1pidos y un completo soporte posventa, GFM se compromete a ayudar a sus clientes a destacar en la feroz competencia del mercado.<\/span><\/p>\n<p style=\"text-align: center;\"><span style=\"color: #000000;\"><img loading=\"lazy\" decoding=\"async\" class=\"alignnone wp-image-2159\" src=\"https:\/\/gfmparts.com\/wp-content\/uploads\/2024\/12\/\u5fae\u4fe1\u56fe\u7247_20241202160325-1024x576.jpg\" alt=\"fabricante de rodillos portadores\" width=\"767\" height=\"431\" srcset=\"\" sizes=\"(max-width: 767px) 100vw, 767px\" data-srcset=\"\" \/><\/span><\/p>","protected":false},"excerpt":{"rendered":"<ul>\n<li><span style=\"color: #000000;\">Calidad del producto garantizada<\/span><\/li>\n<li><span style=\"color: #000000;\">Gran suministro<\/span><\/li>\n<li><span style=\"color: #000000;\">Precios competitivos<\/span><\/li>\n<li><span style=\"color: #000000;\">La mayor\u00eda de marcas y modelos<\/span><\/li>\n<li><span style=\"color: #000000;\">Equipo de atenci\u00f3n al cliente servicial<\/span><\/li>\n<li><span style=\"color: #000000;\">Soporte t\u00e9cnico profesional<\/span><\/li>\n<\/ul>","protected":false},"featured_media":3605,"template":"","meta":{"site-sidebar-layout":"default","site-content-layout":"","ast-site-content-layout":"default","site-content-style":"default","site-sidebar-style":"default","ast-global-header-display":"","ast-banner-title-visibility":"","ast-main-header-display":"","ast-hfb-above-header-display":"","ast-hfb-below-header-display":"","ast-hfb-mobile-header-display":"","site-post-title":"","ast-breadcrumbs-content":"","ast-featured-img":"","footer-sml-layout":"","theme-transparent-header-meta":"default","adv-header-id-meta":"","stick-header-meta":"default","header-above-stick-meta":"","header-main-stick-meta":"","header-below-stick-meta":"","astra-migrate-meta-layouts":"set","ast-page-background-enabled":"default","ast-page-background-meta":{"desktop":{"background-color":"","background-image":"","background-repeat":"repeat","background-position":"center center","background-size":"auto","background-attachment":"scroll","background-type":"","background-media":"","overlay-type":"","overlay-color":"","overlay-opacity":"","overlay-gradient":""},"tablet":{"background-color":"","background-image":"","background-repeat":"repeat","background-position":"center center","background-size":"auto","background-attachment":"scroll","background-type":"","background-media":"","overlay-type":"","overlay-color":"","overlay-opacity":"","overlay-gradient":""},"mobile":{"background-color":"","background-image":"","background-repeat":"repeat","background-position":"center center","background-size":"auto","background-attachment":"scroll","background-type":"","background-media":"","overlay-type":"","overlay-color":"","overlay-opacity":"","overlay-gradient":""}},"ast-content-background-meta":{"desktop":{"background-color":"var(--ast-global-color-5)","background-image":"","background-repeat":"repeat","background-position":"center center","background-size":"auto","background-attachment":"scroll","background-type":"","background-media":"","overlay-type":"","overlay-color":"","overlay-opacity":"","overlay-gradient":""},"tablet":{"background-color":"var(--ast-global-color-5)","background-image":"","background-repeat":"repeat","background-position":"center center","background-size":"auto","background-attachment":"scroll","background-type":"","background-media":"","overlay-type":"","overlay-color":"","overlay-opacity":"","overlay-gradient":""},"mobile":{"background-color":"var(--ast-global-color-5)","background-image":"","background-repeat":"repeat","background-position":"center center","background-size":"auto","background-attachment":"scroll","background-type":"","background-media":"","overlay-type":"","overlay-color":"","overlay-opacity":"","overlay-gradient":""}}},"product_cat":[38,33],"product_tag":[],"class_list":{"0":"post-3064","1":"product","2":"type-product","3":"status-publish","4":"has-post-thumbnail","6":"product_cat-undercarriage","7":"product_cat-track-shoe","8":"desktop-align-left","9":"tablet-align-left","10":"mobile-align-left","11":"ast-product-gallery-layout-horizontal-slider","12":"ast-product-gallery-with-no-image","13":"ast-product-tabs-layout-horizontal","15":"first","16":"instock","17":"shipping-taxable","18":"product-type-simple"},"yoast_head":"<!-- This site is optimized with the Yoast SEO Premium plugin v22.8 (Yoast SEO v23.9) - https:\/\/yoast.com\/wordpress\/plugins\/seo\/ -->\n<title>Excavator Grouser Plate - Excavator Track Shoe Manufacturer<\/title>\n<meta name=\"description\" content=\"As a leading excavator track shoe manufacturer, GFM provides customized services, ranging from material and size specifications to meet the specific requirements of different customers and equipment.\" \/>\n<meta name=\"robots\" content=\"index, follow, max-snippet:-1, max-image-preview:large, max-video-preview:-1\" \/>\n<link rel=\"canonical\" href=\"https:\/\/gfmparts.com\/es_es\/producto\/fabricante-de-zapatas-de-oruga-para-excavadoras\/\" \/>\n<meta property=\"og:locale\" content=\"es_ES\" \/>\n<meta property=\"og:type\" content=\"article\" \/>\n<meta property=\"og:title\" content=\"High Quality Excavator Track Shoe Manufacturer\" \/>\n<meta property=\"og:description\" content=\"As a leading excavator track shoe manufacturer, GFM provides customized services, ranging from material and size specifications to meet the specific requirements of different customers and equipment.\" \/>\n<meta property=\"og:url\" content=\"https:\/\/gfmparts.com\/es_es\/producto\/fabricante-de-zapatas-de-oruga-para-excavadoras\/\" \/>\n<meta property=\"article:publisher\" content=\"https:\/\/www.facebook.com\/gfmparts\" \/>\n<meta property=\"article:modified_time\" content=\"2025-07-16T03:35:00+00:00\" \/>\n<meta property=\"og:image\" content=\"https:\/\/gfmparts.com\/wp-content\/uploads\/2024\/12\/Excavator-Track-Shoe.png\" \/>\n\t<meta property=\"og:image:width\" content=\"765\" \/>\n\t<meta property=\"og:image:height\" content=\"765\" \/>\n\t<meta property=\"og:image:type\" content=\"image\/png\" \/>\n<meta name=\"twitter:card\" content=\"summary_large_image\" \/>\n<meta name=\"twitter:label1\" content=\"Tiempo de lectura\" \/>\n\t<meta name=\"twitter:data1\" content=\"3 minutos\" \/>\n<script type=\"application\/ld+json\" class=\"yoast-schema-graph\">{\"@context\":\"https:\/\/schema.org\",\"@graph\":[{\"@type\":\"WebPage\",\"@id\":\"https:\/\/gfmparts.com\/product\/excavator-grouser-track-shoe-manufacturer\/\",\"url\":\"https:\/\/gfmparts.com\/product\/excavator-grouser-track-shoe-manufacturer\/\",\"name\":\"Excavator Grouser Plate - Excavator Track Shoe Manufacturer\",\"isPartOf\":{\"@id\":\"https:\/\/gfmparts.com\/#website\"},\"primaryImageOfPage\":{\"@id\":\"https:\/\/gfmparts.com\/product\/excavator-grouser-track-shoe-manufacturer\/#primaryimage\"},\"image\":{\"@id\":\"https:\/\/gfmparts.com\/product\/excavator-grouser-track-shoe-manufacturer\/#primaryimage\"},\"thumbnailUrl\":\"https:\/\/gfmparts.com\/wp-content\/uploads\/2024\/12\/Excavator-Track-Shoe.png\",\"datePublished\":\"2024-12-20T02:59:17+00:00\",\"dateModified\":\"2025-07-16T03:35:00+00:00\",\"description\":\"As a leading excavator track shoe manufacturer, GFM provides customized services, ranging from material and size specifications to meet the specific requirements of different customers and equipment.\",\"breadcrumb\":{\"@id\":\"https:\/\/gfmparts.com\/product\/excavator-grouser-track-shoe-manufacturer\/#breadcrumb\"},\"inLanguage\":\"es\",\"potentialAction\":[{\"@type\":\"ReadAction\",\"target\":[\"https:\/\/gfmparts.com\/product\/excavator-grouser-track-shoe-manufacturer\/\"]}]},{\"@type\":\"ImageObject\",\"inLanguage\":\"es\",\"@id\":\"https:\/\/gfmparts.com\/product\/excavator-grouser-track-shoe-manufacturer\/#primaryimage\",\"url\":\"https:\/\/gfmparts.com\/wp-content\/uploads\/2024\/12\/Excavator-Track-Shoe.png\",\"contentUrl\":\"https:\/\/gfmparts.com\/wp-content\/uploads\/2024\/12\/Excavator-Track-Shoe.png\",\"width\":765,\"height\":765,\"caption\":\"Excavator Track Shoe\"},{\"@type\":\"BreadcrumbList\",\"@id\":\"https:\/\/gfmparts.com\/product\/excavator-grouser-track-shoe-manufacturer\/#breadcrumb\",\"itemListElement\":[{\"@type\":\"ListItem\",\"position\":1,\"name\":\"\u9996\u9875\",\"item\":\"https:\/\/gfmparts.com\/\"},{\"@type\":\"ListItem\",\"position\":2,\"name\":\"All Product\",\"item\":\"https:\/\/gfmparts.com\/all-product\/\"},{\"@type\":\"ListItem\",\"position\":3,\"name\":\"High Quality Excavator Track Shoe Manufacturer\"}]},{\"@type\":\"WebSite\",\"@id\":\"https:\/\/gfmparts.com\/#website\",\"url\":\"https:\/\/gfmparts.com\/\",\"name\":\"GFM PARTS\",\"description\":\"GFM since 2011 focused on excavator and bulldozer undercarriage parts manufacturing :Track rollers,carrier roller,idler,sprocket,track group,bucket tooth pin.\",\"publisher\":{\"@id\":\"https:\/\/gfmparts.com\/#organization\"},\"alternateName\":\"gfmparts.com\",\"potentialAction\":[{\"@type\":\"SearchAction\",\"target\":{\"@type\":\"EntryPoint\",\"urlTemplate\":\"https:\/\/gfmparts.com\/?s={search_term_string}\"},\"query-input\":{\"@type\":\"PropertyValueSpecification\",\"valueRequired\":true,\"valueName\":\"search_term_string\"}}],\"inLanguage\":\"es\"},{\"@type\":\"Organization\",\"@id\":\"https:\/\/gfmparts.com\/#organization\",\"name\":\"GFM PARTS\",\"url\":\"https:\/\/gfmparts.com\/\",\"logo\":{\"@type\":\"ImageObject\",\"inLanguage\":\"es\",\"@id\":\"https:\/\/gfmparts.com\/#\/schema\/logo\/image\/\",\"url\":\"https:\/\/gfmparts.com\/wp-content\/uploads\/2024\/11\/cropped-GFMparts.com_-2.png\",\"contentUrl\":\"https:\/\/gfmparts.com\/wp-content\/uploads\/2024\/11\/cropped-GFMparts.com_-2.png\",\"width\":5987,\"height\":2564,\"caption\":\"GFM PARTS\"},\"image\":{\"@id\":\"https:\/\/gfmparts.com\/#\/schema\/logo\/image\/\"},\"sameAs\":[\"https:\/\/www.facebook.com\/gfmparts\",\"https:\/\/www.linkedin.com\/company\/gfmparts\/\",\"https:\/\/www.tiktok.com\/@gfmparts\",\"https:\/\/www.youtube.com\/@GFMparts\/featured\"]}]}<\/script>\n<!-- \/ Yoast SEO Premium plugin. -->","yoast_head_json":{"title":"Excavator Grouser Plate - Excavator Track Shoe Manufacturer","description":"As a leading excavator track shoe manufacturer, GFM provides customized services, ranging from material and size specifications to meet the specific requirements of different customers and equipment.","robots":{"index":"index","follow":"follow","max-snippet":"max-snippet:-1","max-image-preview":"max-image-preview:large","max-video-preview":"max-video-preview:-1"},"canonical":"https:\/\/gfmparts.com\/es_es\/producto\/fabricante-de-zapatas-de-oruga-para-excavadoras\/","og_locale":"es_ES","og_type":"article","og_title":"High Quality Excavator Track Shoe Manufacturer","og_description":"As a leading excavator track shoe manufacturer, GFM provides customized services, ranging from material and size specifications to meet the specific requirements of different customers and equipment.","og_url":"https:\/\/gfmparts.com\/es_es\/producto\/fabricante-de-zapatas-de-oruga-para-excavadoras\/","article_publisher":"https:\/\/www.facebook.com\/gfmparts","article_modified_time":"2025-07-16T03:35:00+00:00","og_image":[{"width":765,"height":765,"url":"https:\/\/gfmparts.com\/wp-content\/uploads\/2024\/12\/Excavator-Track-Shoe.png","type":"image\/png"}],"twitter_card":"summary_large_image","twitter_misc":{"Tiempo de lectura":"3 minutos"},"schema":{"@context":"https:\/\/schema.org","@graph":[{"@type":"WebPage","@id":"https:\/\/gfmparts.com\/product\/excavator-grouser-track-shoe-manufacturer\/","url":"https:\/\/gfmparts.com\/product\/excavator-grouser-track-shoe-manufacturer\/","name":"Excavator Grouser Plate - Excavator Track Shoe Manufacturer","isPartOf":{"@id":"https:\/\/gfmparts.com\/#website"},"primaryImageOfPage":{"@id":"https:\/\/gfmparts.com\/product\/excavator-grouser-track-shoe-manufacturer\/#primaryimage"},"image":{"@id":"https:\/\/gfmparts.com\/product\/excavator-grouser-track-shoe-manufacturer\/#primaryimage"},"thumbnailUrl":"https:\/\/gfmparts.com\/wp-content\/uploads\/2024\/12\/Excavator-Track-Shoe.png","datePublished":"2024-12-20T02:59:17+00:00","dateModified":"2025-07-16T03:35:00+00:00","description":"As a leading excavator track shoe manufacturer, GFM provides customized services, ranging from material and size specifications to meet the specific requirements of different customers and equipment.","breadcrumb":{"@id":"https:\/\/gfmparts.com\/product\/excavator-grouser-track-shoe-manufacturer\/#breadcrumb"},"inLanguage":"es","potentialAction":[{"@type":"ReadAction","target":["https:\/\/gfmparts.com\/product\/excavator-grouser-track-shoe-manufacturer\/"]}]},{"@type":"ImageObject","inLanguage":"es","@id":"https:\/\/gfmparts.com\/product\/excavator-grouser-track-shoe-manufacturer\/#primaryimage","url":"https:\/\/gfmparts.com\/wp-content\/uploads\/2024\/12\/Excavator-Track-Shoe.png","contentUrl":"https:\/\/gfmparts.com\/wp-content\/uploads\/2024\/12\/Excavator-Track-Shoe.png","width":765,"height":765,"caption":"Excavator Track Shoe"},{"@type":"BreadcrumbList","@id":"https:\/\/gfmparts.com\/product\/excavator-grouser-track-shoe-manufacturer\/#breadcrumb","itemListElement":[{"@type":"ListItem","position":1,"name":"\u9996\u9875","item":"https:\/\/gfmparts.com\/"},{"@type":"ListItem","position":2,"name":"All Product","item":"https:\/\/gfmparts.com\/all-product\/"},{"@type":"ListItem","position":3,"name":"High Quality Excavator Track Shoe Manufacturer"}]},{"@type":"WebSite","@id":"https:\/\/gfmparts.com\/#website","url":"https:\/\/gfmparts.com\/","name":"GFM PARTS","description":"GFM since 2011 focused on excavator and bulldozer undercarriage parts manufacturing :Track rollers,carrier roller,idler,sprocket,track group,bucket tooth pin.","publisher":{"@id":"https:\/\/gfmparts.com\/#organization"},"alternateName":"gfmparts.com","potentialAction":[{"@type":"SearchAction","target":{"@type":"EntryPoint","urlTemplate":"https:\/\/gfmparts.com\/?s={search_term_string}"},"query-input":{"@type":"PropertyValueSpecification","valueRequired":true,"valueName":"search_term_string"}}],"inLanguage":"es"},{"@type":"Organization","@id":"https:\/\/gfmparts.com\/#organization","name":"GFM PARTS","url":"https:\/\/gfmparts.com\/","logo":{"@type":"ImageObject","inLanguage":"es","@id":"https:\/\/gfmparts.com\/#\/schema\/logo\/image\/","url":"https:\/\/gfmparts.com\/wp-content\/uploads\/2024\/11\/cropped-GFMparts.com_-2.png","contentUrl":"https:\/\/gfmparts.com\/wp-content\/uploads\/2024\/11\/cropped-GFMparts.com_-2.png","width":5987,"height":2564,"caption":"GFM PARTS"},"image":{"@id":"https:\/\/gfmparts.com\/#\/schema\/logo\/image\/"},"sameAs":["https:\/\/www.facebook.com\/gfmparts","https:\/\/www.linkedin.com\/company\/gfmparts\/","https:\/\/www.tiktok.com\/@gfmparts","https:\/\/www.youtube.com\/@GFMparts\/featured"]}]}},"_links":{"self":[{"href":"https:\/\/gfmparts.com\/es_es\/wp-json\/wp\/v2\/product\/3064"}],"collection":[{"href":"https:\/\/gfmparts.com\/es_es\/wp-json\/wp\/v2\/product"}],"about":[{"href":"https:\/\/gfmparts.com\/es_es\/wp-json\/wp\/v2\/types\/product"}],"wp:featuredmedia":[{"embeddable":true,"href":"https:\/\/gfmparts.com\/es_es\/wp-json\/wp\/v2\/media\/3605"}],"wp:attachment":[{"href":"https:\/\/gfmparts.com\/es_es\/wp-json\/wp\/v2\/media?parent=3064"}],"wp:term":[{"taxonomy":"product_cat","embeddable":true,"href":"https:\/\/gfmparts.com\/es_es\/wp-json\/wp\/v2\/product_cat?post=3064"},{"taxonomy":"product_tag","embeddable":true,"href":"https:\/\/gfmparts.com\/es_es\/wp-json\/wp\/v2\/product_tag?post=3064"}],"curies":[{"name":"wp","href":"https:\/\/api.w.org\/{rel}","templated":true}]}}