{"id":3082,"date":"2024-12-23T01:45:45","date_gmt":"2024-12-23T01:45:45","guid":{"rendered":"https:\/\/gfmparts.com\/?post_type=product&#038;p=3082"},"modified":"2025-05-14T07:53:36","modified_gmt":"2025-05-14T07:53:36","slug":"digger-bucket-excavator-bucket-manufacturer","status":"publish","type":"product","link":"https:\/\/gfmparts.com\/es_es\/producto\/fabricante-de-cucharones-para-excavadoras\/","title":{"rendered":"Fabricante de cucharones para excavadoras"},"content":{"rendered":"<p><span style=\"color: #000000;\">Los cucharones para excavadoras GFM est\u00e1n fabricados con acero de aleaci\u00f3n de alta resistencia y resistencia al desgaste, cortado con l\u00e1ser de precisi\u00f3n y soldado por CNC para garantizar su estabilidad estructural en condiciones de trabajo rigurosas y evitar deformaciones o da\u00f1os. Asimismo, hemos implementado avanzados procesos de tratamiento t\u00e9rmico para lograr el equilibrio \u00f3ptimo entre dureza y tenacidad, prolongando as\u00ed su vida \u00fatil.<\/span><\/p>\n<p><span style=\"color: #000000;\">Para la parte de la cuchilla del cuchar\u00f3n, utilizamos aleaciones de alta resistencia y resistencia al desgaste, y aplicamos un tratamiento de endurecimiento especial para garantizar su afilado y reducir el desgaste al excavar materiales duros. Adem\u00e1s, hemos dise\u00f1ado una estructura aerodin\u00e1mica optimizada para el cuchar\u00f3n, combinada con principios avanzados de din\u00e1mica de fluidos, para que el cuchar\u00f3n se mueva con mayor suavidad durante la excavaci\u00f3n y la carga, reduciendo la resistencia, mejorando la eficiencia del trabajo y el consumo de energ\u00eda.<\/span><\/p>\n<p><span style=\"color: #000000;\">Como empresa l\u00edder <a style=\"color: #000000;\" href=\"https:\/\/gfmparts.com\/es_es\/producto\/fabricante-de-zapatas-de-oruga-para-excavadoras\/\">fabricante de cucharones para excavadoras<\/a>No solo proporcionamos cucharones de tama\u00f1os est\u00e1ndar, sino que tambi\u00e9n los personalizamos seg\u00fan las necesidades espec\u00edficas de los clientes, como ajustar el ancho, la profundidad, la curvatura, etc. del cuchar\u00f3n para satisfacer las diversas necesidades de aplicaciones de ingenier\u00eda.<\/span><\/p>\n<h3><span style=\"color: #ff6600;\">Descripci\u00f3n del Producto<\/span><\/h3>\n<ul>\n<li><span style=\"color: #000000;\"><strong>Cantidad m\u00ednima de pedido:<\/strong>\u00a01 pieza<\/span><\/li>\n<li><span style=\"color: #000000;\"><strong>M\u00e9todo de pago:<\/strong>\u00a0Transferencia bancaria<\/span><\/li>\n<li><span style=\"color: #000000;\"><strong>Marca:<\/strong>\u00a0GFM<\/span><\/li>\n<li><span style=\"color: #000000;\"><strong>Condici\u00f3n:<\/strong>\u00a0Nuevo<\/span><\/li>\n<li><span style=\"color: #000000;\"><strong>Color:<\/strong>\u00a0Amarillo, negro o personalizado<\/span><\/li>\n<li><span style=\"color: #000000;\"><strong>Plazo de entrega:<\/strong>\u00a030 d\u00edas<\/span><\/li>\n<li><span style=\"color: #000000;\"><strong>Garant\u00eda:<\/strong>\u00a01 a\u00f1o<\/span><\/li>\n<li><span style=\"color: #000000;\"><strong>Servicio:<\/strong>\u00a0OEM o ODM<\/span><\/li>\n<li><span style=\"color: #000000;\"><strong>Lugar de origen:<\/strong>\u00a0Fujian, China<\/span><\/li>\n<li><span style=\"color: #000000;\"><strong>Solicitud:<\/strong> Excavador<\/span><\/li>\n<li><span style=\"color: #000000;\"><strong>Embalaje:<\/strong>\u00a0Palet de madera de exportaci\u00f3n est\u00e1ndar<\/span><\/li>\n<\/ul>\n<p style=\"text-align: center;\"><img fetchpriority=\"high\" decoding=\"async\" class=\"alignnone wp-image-6502\" src=\"https:\/\/gfmparts.com\/wp-content\/uploads\/2025\/04\/Digger-Bucket-Excavator-Bucket.jpg\" alt=\"Cuchar\u00f3n para excavadora Cuchar\u00f3n para excavadora\" width=\"658\" height=\"494\" srcset=\"https:\/\/gfmparts.com\/wp-content\/uploads\/2025\/04\/Digger-Bucket-Excavator-Bucket.jpg 1000w, https:\/\/gfmparts.com\/wp-content\/uploads\/2025\/04\/Digger-Bucket-Excavator-Bucket-300x225.jpg 300w, https:\/\/gfmparts.com\/wp-content\/uploads\/2025\/04\/Digger-Bucket-Excavator-Bucket-768x576.jpg 768w, https:\/\/gfmparts.com\/wp-content\/uploads\/2025\/04\/Digger-Bucket-Excavator-Bucket-600x450.jpg 600w\" sizes=\"(max-width: 658px) 100vw, 658px\" \/><\/p>\n<h3><span style=\"color: #ff6600;\">Caracter\u00edsticas<\/span><\/h3>\n<p><span style=\"color: #000000;\"><strong><b>GFM <\/b><\/strong><strong><b>Cucharones para excavadoras que trabajan tan duro como usted<\/b><\/strong><\/span><br \/>\n<span style=\"color: #000000;\">Dise\u00f1ado para durar. Dise\u00f1ado para el rendimiento.<\/span><\/p>\n<ul>\n<li><span style=\"color: #000000;\"><b><\/b><strong><b>M\u00e1xima fuerza<\/b><\/strong><strong><b>: <\/b><\/strong>Construido resistente con acero endurecido para una durabilidad extrema y resistencia al desgaste.<\/span><\/li>\n<li><span style=\"color: #000000;\"><b><\/b><strong><b>Aumente su productividad<\/b><\/strong><strong><b>: <\/b><\/strong>Optimizado para excavaci\u00f3n de alta eficiencia y ahorro de combustible.<\/span><\/li>\n<li><span style=\"color: #000000;\"><b><\/b><strong><b>Ajuste personalizado para cada trabajo<\/b><\/strong><strong><b>: <\/b><\/strong>Disponible en una variedad de tama\u00f1os y dise\u00f1os para sus necesidades espec\u00edficas.<\/span><\/li>\n<li><span style=\"color: #000000;\"><b><\/b><strong><b>Reducir los costos de mantenimiento<\/b><\/strong><strong><b>: <\/b><\/strong>Bordes reforzados y placas resistentes al desgaste para un rendimiento m\u00e1s duradero.<\/span><\/li>\n<li><span style=\"color: #000000;\"><b><\/b><strong><b>Versatilidad en su m\u00e1xima expresi\u00f3n<\/b><\/strong><strong><b>: <\/b><\/strong>Perfecto para terrenos blandos, duros y rocosos: siempre la herramienta adecuada para el trabajo.<\/span><\/li>\n<\/ul>\n<h3><span style=\"color: #ff6600;\">Modelos de productos<\/span><\/h3>\n<p style=\"text-align: center;\"><img decoding=\"async\" class=\"alignnone size-full wp-image-3147\" src=\"https:\/\/gfmparts.com\/wp-content\/uploads\/2024\/11\/excavator-part-description-e1735350735761.png\" alt=\"Descripci\u00f3n de la pieza de excavadora\" width=\"856\" height=\"694\" srcset=\"https:\/\/gfmparts.com\/wp-content\/uploads\/2024\/11\/excavator-part-description-e1735350735761.png 856w, https:\/\/gfmparts.com\/wp-content\/uploads\/2024\/11\/excavator-part-description-e1735350735761-300x243.png 300w, https:\/\/gfmparts.com\/wp-content\/uploads\/2024\/11\/excavator-part-description-e1735350735761-768x623.png 768w, https:\/\/gfmparts.com\/wp-content\/uploads\/2024\/11\/excavator-part-description-e1735350735761-600x486.png 600w\" sizes=\"(max-width: 856px) 100vw, 856px\" \/><\/p>\n<h3><span style=\"color: #ff6600;\">Proceso de producci\u00f3n<\/span><\/h3>\n<p style=\"text-align: center;\"><iframe title=\"Reproductor de v\u00eddeo de YouTube\" src=\"https:\/\/www.youtube.com\/embed\/qij5NGvY1dg?si=kflkgp313BnFWRa9\" width=\"1000\" height=\"563\" frameborder=\"0\" allowfullscreen=\"allowfullscreen\"><\/iframe><\/p>\n<p><img decoding=\"async\" class=\"size-large wp-image-3043 aligncenter\" src=\"https:\/\/gfmparts.com\/wp-content\/uploads\/2024\/12\/\u901a\u7528\u751f\u4ea7\u6d41\u7a0b-1-1024x648.jpg\" alt=\"proceso de producci\u00f3n de piezas de excavadora\" width=\"1024\" height=\"648\" srcset=\"\" sizes=\"(max-width: 1024px) 100vw, 1024px\" data-srcset=\"\" \/><\/p>\n<h3><span style=\"color: #ff6600;\">Embalaje y env\u00edo<\/span><\/h3>\n<p style=\"text-align: center;\"><img loading=\"lazy\" decoding=\"async\" class=\"alignnone size-large wp-image-6521\" src=\"https:\/\/gfmparts.com\/wp-content\/uploads\/2025\/05\/Packaging-and-Shipping-1-1-1024x648.jpg\" alt=\"Embalaje y env\u00edo\" width=\"1024\" height=\"648\" srcset=\"https:\/\/gfmparts.com\/wp-content\/uploads\/2025\/05\/Packaging-and-Shipping-1-1-1024x648.jpg 1024w, https:\/\/gfmparts.com\/wp-content\/uploads\/2025\/05\/Packaging-and-Shipping-1-1-300x190.jpg 300w, https:\/\/gfmparts.com\/wp-content\/uploads\/2025\/05\/Packaging-and-Shipping-1-1-768x486.jpg 768w, https:\/\/gfmparts.com\/wp-content\/uploads\/2025\/05\/Packaging-and-Shipping-1-1-1536x973.jpg 1536w, https:\/\/gfmparts.com\/wp-content\/uploads\/2025\/05\/Packaging-and-Shipping-1-1-2048x1297.jpg 2048w, https:\/\/gfmparts.com\/wp-content\/uploads\/2025\/05\/Packaging-and-Shipping-1-1-600x380.jpg 600w\" sizes=\"(max-width: 1024px) 100vw, 1024px\" \/><\/p>\n<h3><span style=\"color: #ff6600;\">Ventajas de la f\u00e1brica<\/span><\/h3>\n<p><span style=\"color: #000000;\">Como un <a style=\"color: #000000;\" href=\"https:\/\/gfmparts.com\/es_es\/producto\/excelente-proveedor-de-dientes-para-cucharones-de-excavadora\/\">fabricante de cucharones para excavadoras<\/a> En la industria, GFM cuenta con un grupo de ingenieros experimentados y apasionados por la I+D. En cuanto a la tecnolog\u00eda de producci\u00f3n, hemos incorporado m\u00e1quinas herramienta CNC avanzadas y l\u00edneas de producci\u00f3n automatizadas para lograr un control preciso de toda la cadena, desde el corte de la materia prima hasta el ensamblaje del producto terminado. Mediante el corte l\u00e1ser de precisi\u00f3n y la tecnolog\u00eda de soldadura CNC, garantizamos que cada componente del cuchar\u00f3n se acople con precisi\u00f3n y sin defectos.<\/span><\/p>\n<p><span style=\"color: #000000;\">GFM ofrece una gama completa de servicios personalizados, desde la selecci\u00f3n de materiales y el dise\u00f1o estructural hasta el producto final, y participa y ofrece asesoramiento profesional durante todo el proceso. Nuestra f\u00e1brica est\u00e1 equipada con modernos equipos de producci\u00f3n y pruebas, incluyendo m\u00e1quinas de corte l\u00e1ser, m\u00e1quinas de soldadura CNC, equipos de tratamiento t\u00e9rmico e instrumentos de medici\u00f3n de alta precisi\u00f3n. Ya sea un cubo de tama\u00f1o est\u00e1ndar o un cubo a medida, podemos responder r\u00e1pidamente a las necesidades del cliente y ofrecer las mejores soluciones.<\/span><\/p>\n<p><span style=\"color: #000000;\">Como su socio de confianza, nos comprometemos a ofrecerle las soluciones m\u00e1s fiables en cucharones para excavadoras, con la mejor relaci\u00f3n calidad-precio, el plazo de entrega m\u00e1s corto y el servicio posventa m\u00e1s confiable. Elija GFM: crearemos los mejores cucharones para excavadoras con una exquisita artesan\u00eda, un estricto control de calidad y servicios de alta calidad, y juntos impulsaremos el \u00e9xito de sus proyectos de ingenier\u00eda.<\/span><\/p>\n<p style=\"text-align: center;\"><span style=\"color: #000000;\"><img loading=\"lazy\" decoding=\"async\" class=\"alignnone wp-image-2159\" src=\"https:\/\/gfmparts.com\/wp-content\/uploads\/2024\/12\/\u5fae\u4fe1\u56fe\u7247_20241202160325-1024x576.jpg\" alt=\"fabricante de rodillos portadores\" width=\"767\" height=\"431\" srcset=\"\" sizes=\"(max-width: 767px) 100vw, 767px\" data-srcset=\"\" \/><\/span><\/p>","protected":false},"excerpt":{"rendered":"<ul>\n<li><span style=\"color: #000000;\">Calidad del producto garantizada<\/span><\/li>\n<li><span style=\"color: #000000;\">Gran suministro<\/span><\/li>\n<li><span style=\"color: #000000;\">Precios competitivos<\/span><\/li>\n<li><span style=\"color: #000000;\">La mayor\u00eda de marcas y modelos<\/span><\/li>\n<li><span style=\"color: #000000;\">Equipo de atenci\u00f3n al cliente servicial<\/span><\/li>\n<li><span style=\"color: #000000;\">Soporte t\u00e9cnico profesional<\/span><\/li>\n<\/ul>","protected":false},"featured_media":3604,"template":"","meta":{"site-sidebar-layout":"default","site-content-layout":"","ast-site-content-layout":"default","site-content-style":"default","site-sidebar-style":"default","ast-global-header-display":"","ast-banner-title-visibility":"","ast-main-header-display":"","ast-hfb-above-header-display":"","ast-hfb-below-header-display":"","ast-hfb-mobile-header-display":"","site-post-title":"","ast-breadcrumbs-content":"","ast-featured-img":"","footer-sml-layout":"","theme-transparent-header-meta":"default","adv-header-id-meta":"","stick-header-meta":"default","header-above-stick-meta":"","header-main-stick-meta":"","header-below-stick-meta":"","astra-migrate-meta-layouts":"set","ast-page-background-enabled":"default","ast-page-background-meta":{"desktop":{"background-color":"","background-image":"","background-repeat":"repeat","background-position":"center center","background-size":"auto","background-attachment":"scroll","background-type":"","background-media":"","overlay-type":"","overlay-color":"","overlay-opacity":"","overlay-gradient":""},"tablet":{"background-color":"","background-image":"","background-repeat":"repeat","background-position":"center center","background-size":"auto","background-attachment":"scroll","background-type":"","background-media":"","overlay-type":"","overlay-color":"","overlay-opacity":"","overlay-gradient":""},"mobile":{"background-color":"","background-image":"","background-repeat":"repeat","background-position":"center center","background-size":"auto","background-attachment":"scroll","background-type":"","background-media":"","overlay-type":"","overlay-color":"","overlay-opacity":"","overlay-gradient":""}},"ast-content-background-meta":{"desktop":{"background-color":"var(--ast-global-color-5)","background-image":"","background-repeat":"repeat","background-position":"center center","background-size":"auto","background-attachment":"scroll","background-type":"","background-media":"","overlay-type":"","overlay-color":"","overlay-opacity":"","overlay-gradient":""},"tablet":{"background-color":"var(--ast-global-color-5)","background-image":"","background-repeat":"repeat","background-position":"center center","background-size":"auto","background-attachment":"scroll","background-type":"","background-media":"","overlay-type":"","overlay-color":"","overlay-opacity":"","overlay-gradient":""},"mobile":{"background-color":"var(--ast-global-color-5)","background-image":"","background-repeat":"repeat","background-position":"center center","background-size":"auto","background-attachment":"scroll","background-type":"","background-media":"","overlay-type":"","overlay-color":"","overlay-opacity":"","overlay-gradient":""}}},"product_cat":[27,50],"product_tag":[],"class_list":{"0":"post-3082","1":"product","2":"type-product","3":"status-publish","4":"has-post-thumbnail","6":"product_cat-parts","7":"product_cat-digger-buckets","8":"desktop-align-left","9":"tablet-align-left","10":"mobile-align-left","11":"ast-product-gallery-layout-horizontal-slider","12":"ast-product-tabs-layout-horizontal","14":"first","15":"instock","16":"shipping-taxable","17":"product-type-simple"},"yoast_head":"<!-- This site is optimized with the Yoast SEO Premium plugin v22.8 (Yoast SEO v23.9) - https:\/\/yoast.com\/wordpress\/plugins\/seo\/ -->\n<title>Digger Bucket &amp; Excavator Bucket Manufacturer<\/title>\n<meta name=\"description\" content=\"GFM excavator bucket manufacturer provides professional customization services, from material selection, structural design to the final product, full participation and professional advice.\" \/>\n<meta name=\"robots\" content=\"index, follow, max-snippet:-1, max-image-preview:large, max-video-preview:-1\" \/>\n<link rel=\"canonical\" href=\"https:\/\/gfmparts.com\/es_es\/producto\/fabricante-de-cucharones-para-excavadoras\/\" \/>\n<meta property=\"og:locale\" content=\"es_ES\" \/>\n<meta property=\"og:type\" content=\"article\" \/>\n<meta property=\"og:title\" content=\"Digger Bucket Excavator Bucket Manufacturer\" \/>\n<meta property=\"og:description\" content=\"GFM excavator bucket manufacturer provides professional customization services, from material selection, structural design to the final product, full participation and professional advice.\" \/>\n<meta property=\"og:url\" content=\"https:\/\/gfmparts.com\/es_es\/producto\/fabricante-de-cucharones-para-excavadoras\/\" \/>\n<meta property=\"article:publisher\" content=\"https:\/\/www.facebook.com\/gfmparts\" \/>\n<meta property=\"article:modified_time\" content=\"2025-05-14T07:53:36+00:00\" \/>\n<meta property=\"og:image\" content=\"https:\/\/gfmparts.com\/wp-content\/uploads\/2024\/12\/Digger-Bucket-Excavator-Bucket.png\" \/>\n\t<meta property=\"og:image:width\" content=\"894\" \/>\n\t<meta property=\"og:image:height\" content=\"894\" \/>\n\t<meta property=\"og:image:type\" content=\"image\/png\" \/>\n<meta name=\"twitter:card\" content=\"summary_large_image\" \/>\n<meta name=\"twitter:label1\" content=\"Tiempo de lectura\" \/>\n\t<meta name=\"twitter:data1\" content=\"4 minutos\" \/>\n<script type=\"application\/ld+json\" class=\"yoast-schema-graph\">{\"@context\":\"https:\/\/schema.org\",\"@graph\":[{\"@type\":\"WebPage\",\"@id\":\"https:\/\/gfmparts.com\/product\/digger-bucket-excavator-bucket-manufacturer\/\",\"url\":\"https:\/\/gfmparts.com\/product\/digger-bucket-excavator-bucket-manufacturer\/\",\"name\":\"Digger Bucket & Excavator Bucket Manufacturer\",\"isPartOf\":{\"@id\":\"https:\/\/gfmparts.com\/#website\"},\"primaryImageOfPage\":{\"@id\":\"https:\/\/gfmparts.com\/product\/digger-bucket-excavator-bucket-manufacturer\/#primaryimage\"},\"image\":{\"@id\":\"https:\/\/gfmparts.com\/product\/digger-bucket-excavator-bucket-manufacturer\/#primaryimage\"},\"thumbnailUrl\":\"https:\/\/gfmparts.com\/wp-content\/uploads\/2024\/12\/Digger-Bucket-Excavator-Bucket.png\",\"datePublished\":\"2024-12-23T01:45:45+00:00\",\"dateModified\":\"2025-05-14T07:53:36+00:00\",\"description\":\"GFM excavator bucket manufacturer provides professional customization services, from material selection, structural design to the final product, full participation and professional advice.\",\"breadcrumb\":{\"@id\":\"https:\/\/gfmparts.com\/product\/digger-bucket-excavator-bucket-manufacturer\/#breadcrumb\"},\"inLanguage\":\"es\",\"potentialAction\":[{\"@type\":\"ReadAction\",\"target\":[\"https:\/\/gfmparts.com\/product\/digger-bucket-excavator-bucket-manufacturer\/\"]}]},{\"@type\":\"ImageObject\",\"inLanguage\":\"es\",\"@id\":\"https:\/\/gfmparts.com\/product\/digger-bucket-excavator-bucket-manufacturer\/#primaryimage\",\"url\":\"https:\/\/gfmparts.com\/wp-content\/uploads\/2024\/12\/Digger-Bucket-Excavator-Bucket.png\",\"contentUrl\":\"https:\/\/gfmparts.com\/wp-content\/uploads\/2024\/12\/Digger-Bucket-Excavator-Bucket.png\",\"width\":894,\"height\":894,\"caption\":\"Digger Bucket Excavator Bucket\"},{\"@type\":\"BreadcrumbList\",\"@id\":\"https:\/\/gfmparts.com\/product\/digger-bucket-excavator-bucket-manufacturer\/#breadcrumb\",\"itemListElement\":[{\"@type\":\"ListItem\",\"position\":1,\"name\":\"\u9996\u9875\",\"item\":\"https:\/\/gfmparts.com\/\"},{\"@type\":\"ListItem\",\"position\":2,\"name\":\"All Product\",\"item\":\"https:\/\/gfmparts.com\/all-product\/\"},{\"@type\":\"ListItem\",\"position\":3,\"name\":\"Digger Bucket Excavator Bucket Manufacturer\"}]},{\"@type\":\"WebSite\",\"@id\":\"https:\/\/gfmparts.com\/#website\",\"url\":\"https:\/\/gfmparts.com\/\",\"name\":\"GFM PARTS\",\"description\":\"GFM since 2011 focused on excavator and bulldozer undercarriage parts manufacturing :Track rollers,carrier roller,idler,sprocket,track group,bucket tooth pin.\",\"publisher\":{\"@id\":\"https:\/\/gfmparts.com\/#organization\"},\"alternateName\":\"gfmparts.com\",\"potentialAction\":[{\"@type\":\"SearchAction\",\"target\":{\"@type\":\"EntryPoint\",\"urlTemplate\":\"https:\/\/gfmparts.com\/?s={search_term_string}\"},\"query-input\":{\"@type\":\"PropertyValueSpecification\",\"valueRequired\":true,\"valueName\":\"search_term_string\"}}],\"inLanguage\":\"es\"},{\"@type\":\"Organization\",\"@id\":\"https:\/\/gfmparts.com\/#organization\",\"name\":\"GFM PARTS\",\"url\":\"https:\/\/gfmparts.com\/\",\"logo\":{\"@type\":\"ImageObject\",\"inLanguage\":\"es\",\"@id\":\"https:\/\/gfmparts.com\/#\/schema\/logo\/image\/\",\"url\":\"https:\/\/gfmparts.com\/wp-content\/uploads\/2024\/11\/cropped-GFMparts.com_-2.png\",\"contentUrl\":\"https:\/\/gfmparts.com\/wp-content\/uploads\/2024\/11\/cropped-GFMparts.com_-2.png\",\"width\":5987,\"height\":2564,\"caption\":\"GFM PARTS\"},\"image\":{\"@id\":\"https:\/\/gfmparts.com\/#\/schema\/logo\/image\/\"},\"sameAs\":[\"https:\/\/www.facebook.com\/gfmparts\",\"https:\/\/www.linkedin.com\/company\/gfmparts\/\",\"https:\/\/www.tiktok.com\/@gfmparts\",\"https:\/\/www.youtube.com\/@GFMparts\/featured\"]}]}<\/script>\n<!-- \/ Yoast SEO Premium plugin. -->","yoast_head_json":{"title":"Digger Bucket & Excavator Bucket Manufacturer","description":"GFM excavator bucket manufacturer provides professional customization services, from material selection, structural design to the final product, full participation and professional advice.","robots":{"index":"index","follow":"follow","max-snippet":"max-snippet:-1","max-image-preview":"max-image-preview:large","max-video-preview":"max-video-preview:-1"},"canonical":"https:\/\/gfmparts.com\/es_es\/producto\/fabricante-de-cucharones-para-excavadoras\/","og_locale":"es_ES","og_type":"article","og_title":"Digger Bucket Excavator Bucket Manufacturer","og_description":"GFM excavator bucket manufacturer provides professional customization services, from material selection, structural design to the final product, full participation and professional advice.","og_url":"https:\/\/gfmparts.com\/es_es\/producto\/fabricante-de-cucharones-para-excavadoras\/","article_publisher":"https:\/\/www.facebook.com\/gfmparts","article_modified_time":"2025-05-14T07:53:36+00:00","og_image":[{"width":894,"height":894,"url":"https:\/\/gfmparts.com\/wp-content\/uploads\/2024\/12\/Digger-Bucket-Excavator-Bucket.png","type":"image\/png"}],"twitter_card":"summary_large_image","twitter_misc":{"Tiempo de lectura":"4 minutos"},"schema":{"@context":"https:\/\/schema.org","@graph":[{"@type":"WebPage","@id":"https:\/\/gfmparts.com\/product\/digger-bucket-excavator-bucket-manufacturer\/","url":"https:\/\/gfmparts.com\/product\/digger-bucket-excavator-bucket-manufacturer\/","name":"Digger Bucket & Excavator Bucket Manufacturer","isPartOf":{"@id":"https:\/\/gfmparts.com\/#website"},"primaryImageOfPage":{"@id":"https:\/\/gfmparts.com\/product\/digger-bucket-excavator-bucket-manufacturer\/#primaryimage"},"image":{"@id":"https:\/\/gfmparts.com\/product\/digger-bucket-excavator-bucket-manufacturer\/#primaryimage"},"thumbnailUrl":"https:\/\/gfmparts.com\/wp-content\/uploads\/2024\/12\/Digger-Bucket-Excavator-Bucket.png","datePublished":"2024-12-23T01:45:45+00:00","dateModified":"2025-05-14T07:53:36+00:00","description":"GFM excavator bucket manufacturer provides professional customization services, from material selection, structural design to the final product, full participation and professional advice.","breadcrumb":{"@id":"https:\/\/gfmparts.com\/product\/digger-bucket-excavator-bucket-manufacturer\/#breadcrumb"},"inLanguage":"es","potentialAction":[{"@type":"ReadAction","target":["https:\/\/gfmparts.com\/product\/digger-bucket-excavator-bucket-manufacturer\/"]}]},{"@type":"ImageObject","inLanguage":"es","@id":"https:\/\/gfmparts.com\/product\/digger-bucket-excavator-bucket-manufacturer\/#primaryimage","url":"https:\/\/gfmparts.com\/wp-content\/uploads\/2024\/12\/Digger-Bucket-Excavator-Bucket.png","contentUrl":"https:\/\/gfmparts.com\/wp-content\/uploads\/2024\/12\/Digger-Bucket-Excavator-Bucket.png","width":894,"height":894,"caption":"Digger Bucket Excavator Bucket"},{"@type":"BreadcrumbList","@id":"https:\/\/gfmparts.com\/product\/digger-bucket-excavator-bucket-manufacturer\/#breadcrumb","itemListElement":[{"@type":"ListItem","position":1,"name":"\u9996\u9875","item":"https:\/\/gfmparts.com\/"},{"@type":"ListItem","position":2,"name":"All Product","item":"https:\/\/gfmparts.com\/all-product\/"},{"@type":"ListItem","position":3,"name":"Digger Bucket Excavator Bucket Manufacturer"}]},{"@type":"WebSite","@id":"https:\/\/gfmparts.com\/#website","url":"https:\/\/gfmparts.com\/","name":"GFM PARTS","description":"GFM since 2011 focused on excavator and bulldozer undercarriage parts manufacturing :Track rollers,carrier roller,idler,sprocket,track group,bucket tooth pin.","publisher":{"@id":"https:\/\/gfmparts.com\/#organization"},"alternateName":"gfmparts.com","potentialAction":[{"@type":"SearchAction","target":{"@type":"EntryPoint","urlTemplate":"https:\/\/gfmparts.com\/?s={search_term_string}"},"query-input":{"@type":"PropertyValueSpecification","valueRequired":true,"valueName":"search_term_string"}}],"inLanguage":"es"},{"@type":"Organization","@id":"https:\/\/gfmparts.com\/#organization","name":"GFM PARTS","url":"https:\/\/gfmparts.com\/","logo":{"@type":"ImageObject","inLanguage":"es","@id":"https:\/\/gfmparts.com\/#\/schema\/logo\/image\/","url":"https:\/\/gfmparts.com\/wp-content\/uploads\/2024\/11\/cropped-GFMparts.com_-2.png","contentUrl":"https:\/\/gfmparts.com\/wp-content\/uploads\/2024\/11\/cropped-GFMparts.com_-2.png","width":5987,"height":2564,"caption":"GFM PARTS"},"image":{"@id":"https:\/\/gfmparts.com\/#\/schema\/logo\/image\/"},"sameAs":["https:\/\/www.facebook.com\/gfmparts","https:\/\/www.linkedin.com\/company\/gfmparts\/","https:\/\/www.tiktok.com\/@gfmparts","https:\/\/www.youtube.com\/@GFMparts\/featured"]}]}},"_links":{"self":[{"href":"https:\/\/gfmparts.com\/es_es\/wp-json\/wp\/v2\/product\/3082"}],"collection":[{"href":"https:\/\/gfmparts.com\/es_es\/wp-json\/wp\/v2\/product"}],"about":[{"href":"https:\/\/gfmparts.com\/es_es\/wp-json\/wp\/v2\/types\/product"}],"wp:featuredmedia":[{"embeddable":true,"href":"https:\/\/gfmparts.com\/es_es\/wp-json\/wp\/v2\/media\/3604"}],"wp:attachment":[{"href":"https:\/\/gfmparts.com\/es_es\/wp-json\/wp\/v2\/media?parent=3082"}],"wp:term":[{"taxonomy":"product_cat","embeddable":true,"href":"https:\/\/gfmparts.com\/es_es\/wp-json\/wp\/v2\/product_cat?post=3082"},{"taxonomy":"product_tag","embeddable":true,"href":"https:\/\/gfmparts.com\/es_es\/wp-json\/wp\/v2\/product_tag?post=3082"}],"curies":[{"name":"wp","href":"https:\/\/api.w.org\/{rel}","templated":true}]}}