{"id":3095,"date":"2024-12-24T02:01:02","date_gmt":"2024-12-24T02:01:02","guid":{"rendered":"https:\/\/gfmparts.com\/?post_type=product&#038;p=3095"},"modified":"2025-04-11T06:25:35","modified_gmt":"2025-04-11T06:25:35","slug":"excavator-hydraulic-cylinder-manufacturer","status":"publish","type":"product","link":"https:\/\/gfmparts.com\/es_es\/producto\/fabricante-de-cilindros-hidraulicos-para-excavadoras\/","title":{"rendered":"Fabricante de cilindros hidr\u00e1ulicos para excavadoras"},"content":{"rendered":"<p><span style=\"color: #000000;\">En GFM, nos especializamos en la producci\u00f3n de cilindros hidr\u00e1ulicos de alta calidad para excavadoras, dise\u00f1ados para soportar los entornos operativos m\u00e1s exigentes. Nuestros cilindros hidr\u00e1ulicos est\u00e1n fabricados con materiales de alta resistencia, lo que garantiza una excelente capacidad de carga y una vida \u00fatil extremadamente larga. Nuestra exclusiva tecnolog\u00eda de sellado previene eficazmente las fugas y mantiene un rendimiento estable incluso en temperaturas y presiones extremas. GFM <a style=\"color: #000000;\" href=\"https:\/\/gfmparts.com\/es_es\/producto\/fabricante-de-cucharones-para-excavadoras\/\">cilindros hidr\u00e1ulicos de excavadora<\/a>, con su excelente velocidad de respuesta y capacidades de control precisas, se han convertido en un componente clave para mejorar la eficiencia general y la confiabilidad de las excavadoras.<\/span><\/p>\n<h3><span style=\"color: #ff6600;\">Descripci\u00f3n del Producto<\/span><\/h3>\n<ul>\n<li><span style=\"color: #000000;\"><strong>Cantidad m\u00ednima de pedido:<\/strong>\u00a01 pieza<\/span><\/li>\n<li><span style=\"color: #000000;\"><strong>M\u00e9todo de pago:<\/strong>\u00a0Transferencia bancaria<\/span><\/li>\n<li><span style=\"color: #000000;\"><strong>Marca:<\/strong>\u00a0GFM<\/span><\/li>\n<li><span style=\"color: #000000;\"><strong>Condici\u00f3n:<\/strong>\u00a0Nuevo<\/span><\/li>\n<li><span style=\"color: #000000;\"><strong>Color:<\/strong>\u00a0Amarillo, negro o personalizado<\/span><\/li>\n<li><span style=\"color: #000000;\"><strong>Plazo de entrega:<\/strong>\u00a030 d\u00edas<\/span><\/li>\n<li><span style=\"color: #000000;\"><strong>Garant\u00eda:<\/strong>\u00a01 a\u00f1o<\/span><\/li>\n<li><span style=\"color: #000000;\"><strong>Servicio:<\/strong>\u00a0OEM o ODM<\/span><\/li>\n<li><span style=\"color: #000000;\"><strong>Lugar de origen:<\/strong>\u00a0Fujian, China<\/span><\/li>\n<li><span style=\"color: #000000;\"><strong>Solicitud:<\/strong>\u00a0Excavadora o Bulldozer<\/span><\/li>\n<li><span style=\"color: #000000;\"><strong>Embalaje:<\/strong>\u00a0Palet de madera de exportaci\u00f3n est\u00e1ndar<\/span><\/li>\n<\/ul>\n<p style=\"text-align: center;\"><img fetchpriority=\"high\" decoding=\"async\" class=\"alignnone wp-image-3097\" src=\"https:\/\/gfmparts.com\/wp-content\/uploads\/2024\/12\/cylinder_2-768x1024.jpg\" alt=\"cilindro_2\" width=\"385\" height=\"513\" srcset=\"https:\/\/gfmparts.com\/wp-content\/uploads\/2024\/12\/cylinder_2-768x1024.jpg 768w, https:\/\/gfmparts.com\/wp-content\/uploads\/2024\/12\/cylinder_2-225x300.jpg 225w, https:\/\/gfmparts.com\/wp-content\/uploads\/2024\/12\/cylinder_2-1152x1536.jpg 1152w, https:\/\/gfmparts.com\/wp-content\/uploads\/2024\/12\/cylinder_2-600x800.jpg 600w, https:\/\/gfmparts.com\/wp-content\/uploads\/2024\/12\/cylinder_2.jpg 1199w\" sizes=\"(max-width: 385px) 100vw, 385px\" \/> \u00a0<img decoding=\"async\" class=\"alignnone wp-image-3098\" src=\"https:\/\/gfmparts.com\/wp-content\/uploads\/2024\/12\/cylinder_3-769x1024.jpg\" alt=\"cilindro_3\" width=\"386\" height=\"514\" srcset=\"https:\/\/gfmparts.com\/wp-content\/uploads\/2024\/12\/cylinder_3-769x1024.jpg 769w, https:\/\/gfmparts.com\/wp-content\/uploads\/2024\/12\/cylinder_3-225x300.jpg 225w, https:\/\/gfmparts.com\/wp-content\/uploads\/2024\/12\/cylinder_3-768x1023.jpg 768w, https:\/\/gfmparts.com\/wp-content\/uploads\/2024\/12\/cylinder_3-600x799.jpg 600w, https:\/\/gfmparts.com\/wp-content\/uploads\/2024\/12\/cylinder_3.jpg 1074w\" sizes=\"(max-width: 386px) 100vw, 386px\" \/><\/p>\n<h3><span style=\"color: #ff6600;\">Caracter\u00edsticas<\/span><\/h3>\n<ul>\n<li><b><\/b><span style=\"color: #000000;\"><strong><b>Construcci\u00f3n robusta<\/b><\/strong>:Resiste presiones extremas y condiciones dif\u00edciles.<\/span><\/li>\n<li><span style=\"color: #000000;\"><b><\/b><strong><b>Ingenier\u00eda de precisi\u00f3n<\/b><\/strong>:Garantiza un rendimiento suave y una durabilidad duradera.<\/span><\/li>\n<li><span style=\"color: #000000;\"><b><\/b><strong><b>Recubrimiento resistente a la corrosi\u00f3n<\/b><\/strong>:Funciona de manera confiable en todos los entornos.<\/span><\/li>\n<li><span style=\"color: #000000;\"><b><\/b><strong><b>Sellos a prueba de fugas<\/b><\/strong>:Sin p\u00e9rdida de fluido, m\u00e1xima eficiencia energ\u00e9tica.<\/span><\/li>\n<li><span style=\"color: #000000;\"><b><\/b><strong><b>Tama\u00f1os personalizados disponibles<\/b><\/strong>:Adaptado para adaptarse a varios modelos de excavadoras.<\/span><\/li>\n<li><span style=\"color: #000000;\"><b><\/b><strong><b>F\u00e1cil instalaci\u00f3n<\/b><\/strong>:La configuraci\u00f3n r\u00e1pida minimiza el tiempo de inactividad.<\/span><\/li>\n<\/ul>\n<p><span style=\"color: #000000;\"><strong><b>\u00a1Aumente la potencia de su excavadora con los cilindros hidr\u00e1ulicos de alta calidad de GFM!<\/b><\/strong><\/span><\/p>\n<h3><span style=\"color: #ff6600;\">Modelos de productos<\/span><\/h3>\n<p style=\"text-align: center;\"><img decoding=\"async\" class=\"alignnone size-full wp-image-3147\" src=\"https:\/\/gfmparts.com\/wp-content\/uploads\/2024\/11\/excavator-part-description-e1735350735761.png\" alt=\"Descripci\u00f3n de la pieza de excavadora\" width=\"856\" height=\"694\" srcset=\"https:\/\/gfmparts.com\/wp-content\/uploads\/2024\/11\/excavator-part-description-e1735350735761.png 856w, https:\/\/gfmparts.com\/wp-content\/uploads\/2024\/11\/excavator-part-description-e1735350735761-300x243.png 300w, https:\/\/gfmparts.com\/wp-content\/uploads\/2024\/11\/excavator-part-description-e1735350735761-768x623.png 768w, https:\/\/gfmparts.com\/wp-content\/uploads\/2024\/11\/excavator-part-description-e1735350735761-600x486.png 600w\" sizes=\"(max-width: 856px) 100vw, 856px\" \/><\/p>\n<h3><span style=\"color: #ff6600;\">Proceso de producci\u00f3n<\/span><\/h3>\n<p><img loading=\"lazy\" decoding=\"async\" class=\"size-large wp-image-3043 aligncenter\" src=\"https:\/\/gfmparts.com\/wp-content\/uploads\/2024\/12\/\u901a\u7528\u751f\u4ea7\u6d41\u7a0b-1-1024x648.jpg\" alt=\"proceso de producci\u00f3n de piezas de excavadora\" width=\"1024\" height=\"648\" srcset=\"\" sizes=\"(max-width: 1024px) 100vw, 1024px\" data-srcset=\"\" \/><\/p>\n<h3><span style=\"color: #ff6600;\">Embalaje y env\u00edo<\/span><\/h3>\n<p style=\"text-align: center;\"><img loading=\"lazy\" decoding=\"async\" class=\"alignnone size-large wp-image-3783\" src=\"https:\/\/gfmparts.com\/wp-content\/uploads\/2025\/03\/Packaging-and-Shipping-1024x648.jpg\" alt=\"Embalaje y env\u00edo\" width=\"1024\" height=\"648\" srcset=\"https:\/\/gfmparts.com\/wp-content\/uploads\/2025\/03\/Packaging-and-Shipping-1024x648.jpg 1024w, https:\/\/gfmparts.com\/wp-content\/uploads\/2025\/03\/Packaging-and-Shipping-300x190.jpg 300w, https:\/\/gfmparts.com\/wp-content\/uploads\/2025\/03\/Packaging-and-Shipping-768x486.jpg 768w, https:\/\/gfmparts.com\/wp-content\/uploads\/2025\/03\/Packaging-and-Shipping-1536x973.jpg 1536w, https:\/\/gfmparts.com\/wp-content\/uploads\/2025\/03\/Packaging-and-Shipping-2048x1297.jpg 2048w, https:\/\/gfmparts.com\/wp-content\/uploads\/2025\/03\/Packaging-and-Shipping-600x380.jpg 600w\" sizes=\"(max-width: 1024px) 100vw, 1024px\" \/><\/p>\n<h3><span style=\"color: #ff6600;\">Ventajas de la f\u00e1brica<\/span><\/h3>\n<p><span style=\"color: #000000;\">Los cilindros hidr\u00e1ulicos GFM han sido sometidos a rigurosas pruebas y ofrecen una excelente resistencia al desgaste y la corrosi\u00f3n, adapt\u00e1ndose a diversas condiciones de trabajo complejas. Gracias a la optimizaci\u00f3n del dise\u00f1o fluidodin\u00e1mico, los cilindros hidr\u00e1ulicos GFM logran una mayor eficiencia de conversi\u00f3n de energ\u00eda, reducen el consumo de energ\u00eda y proporcionan una potencia uniforme y potente. La f\u00e1brica de GFM est\u00e1 equipada con modernos equipos de producci\u00f3n e instrumentos de prueba de alta precisi\u00f3n para garantizar que cada producto cumpla o incluso supere los est\u00e1ndares de la industria. Adem\u00e1s, contamos con un equipo de investigaci\u00f3n y desarrollo compuesto por expertos del sector que exploran constantemente nuevos materiales y procesos para promover la innovaci\u00f3n continua en la tecnolog\u00eda de cilindros hidr\u00e1ulicos.<\/span><\/p>\n<p><span style=\"color: #000000;\">Como empresa l\u00edder <a style=\"color: #000000;\" href=\"https:\/\/gfmparts.com\/es_es\/producto\/fabricante-de-zapatas-de-oruga-para-excavadoras\/\">fabricante de cilindros hidr\u00e1ulicos<\/a>GFM ofrece soluciones personalizadas de cilindros hidr\u00e1ulicos a clientes de todo el mundo con tecnolog\u00eda de producci\u00f3n avanzada y un estricto control de calidad. GFM se compromete a brindar a cada cliente una gama completa de servicios, desde la consulta de selecci\u00f3n hasta el soporte posventa, para garantizar que su excavadora est\u00e9 siempre en \u00f3ptimas condiciones. Elegir a GFM como su proveedor de cilindros hidr\u00e1ulicos significa elegir calidad confiable, entrega r\u00e1pida y un servicio posventa profesional.<\/span><\/p>\n<p style=\"text-align: center;\"><span style=\"color: #000000;\"><img loading=\"lazy\" decoding=\"async\" class=\"alignnone wp-image-2159\" src=\"https:\/\/gfmparts.com\/wp-content\/uploads\/2024\/12\/\u5fae\u4fe1\u56fe\u7247_20241202160325-1024x576.jpg\" alt=\"fabricante de rodillos portadores\" width=\"767\" height=\"431\" srcset=\"\" sizes=\"(max-width: 767px) 100vw, 767px\" data-srcset=\"\" \/><\/span><\/p>","protected":false},"excerpt":{"rendered":"<ul>\n<li><span style=\"color: #000000;\">Calidad del producto garantizada<\/span><\/li>\n<li><span style=\"color: #000000;\">Gran suministro<\/span><\/li>\n<li><span style=\"color: #000000;\">Precios competitivos<\/span><\/li>\n<li><span style=\"color: #000000;\">La mayor\u00eda de marcas y modelos<\/span><\/li>\n<li><span style=\"color: #000000;\">Equipo de atenci\u00f3n al cliente servicial<\/span><\/li>\n<li><span style=\"color: #000000;\">Soporte t\u00e9cnico profesional<\/span><\/li>\n<\/ul>","protected":false},"featured_media":3603,"template":"","meta":{"site-sidebar-layout":"default","site-content-layout":"","ast-site-content-layout":"default","site-content-style":"default","site-sidebar-style":"default","ast-global-header-display":"","ast-banner-title-visibility":"","ast-main-header-display":"","ast-hfb-above-header-display":"","ast-hfb-below-header-display":"","ast-hfb-mobile-header-display":"","site-post-title":"","ast-breadcrumbs-content":"","ast-featured-img":"","footer-sml-layout":"","theme-transparent-header-meta":"default","adv-header-id-meta":"","stick-header-meta":"default","header-above-stick-meta":"","header-main-stick-meta":"","header-below-stick-meta":"","astra-migrate-meta-layouts":"set","ast-page-background-enabled":"default","ast-page-background-meta":{"desktop":{"background-color":"","background-image":"","background-repeat":"repeat","background-position":"center center","background-size":"auto","background-attachment":"scroll","background-type":"","background-media":"","overlay-type":"","overlay-color":"","overlay-opacity":"","overlay-gradient":""},"tablet":{"background-color":"","background-image":"","background-repeat":"repeat","background-position":"center center","background-size":"auto","background-attachment":"scroll","background-type":"","background-media":"","overlay-type":"","overlay-color":"","overlay-opacity":"","overlay-gradient":""},"mobile":{"background-color":"","background-image":"","background-repeat":"repeat","background-position":"center center","background-size":"auto","background-attachment":"scroll","background-type":"","background-media":"","overlay-type":"","overlay-color":"","overlay-opacity":"","overlay-gradient":""}},"ast-content-background-meta":{"desktop":{"background-color":"var(--ast-global-color-5)","background-image":"","background-repeat":"repeat","background-position":"center center","background-size":"auto","background-attachment":"scroll","background-type":"","background-media":"","overlay-type":"","overlay-color":"","overlay-opacity":"","overlay-gradient":""},"tablet":{"background-color":"var(--ast-global-color-5)","background-image":"","background-repeat":"repeat","background-position":"center center","background-size":"auto","background-attachment":"scroll","background-type":"","background-media":"","overlay-type":"","overlay-color":"","overlay-opacity":"","overlay-gradient":""},"mobile":{"background-color":"var(--ast-global-color-5)","background-image":"","background-repeat":"repeat","background-position":"center center","background-size":"auto","background-attachment":"scroll","background-type":"","background-media":"","overlay-type":"","overlay-color":"","overlay-opacity":"","overlay-gradient":""}}},"product_cat":[27],"product_tag":[],"class_list":{"0":"post-3095","1":"product","2":"type-product","3":"status-publish","4":"has-post-thumbnail","6":"product_cat-parts","7":"desktop-align-left","8":"tablet-align-left","9":"mobile-align-left","10":"ast-product-gallery-layout-horizontal-slider","11":"ast-product-gallery-with-no-image","12":"ast-product-tabs-layout-horizontal","14":"first","15":"instock","16":"shipping-taxable","17":"product-type-simple"},"yoast_head":"<!-- This site is optimized with the Yoast SEO Premium plugin v22.8 (Yoast SEO v23.9) - https:\/\/yoast.com\/wordpress\/plugins\/seo\/ -->\n<title>Excavator Hydraulic Cylinder Manufacturer - GFM<\/title>\n<meta name=\"description\" content=\"GFM excavator hydraulic cylinder manufacturer provides professional customization services, from material selection, structural design to final product, full participation and professional advice.\" \/>\n<meta name=\"robots\" content=\"index, follow, max-snippet:-1, max-image-preview:large, max-video-preview:-1\" \/>\n<link rel=\"canonical\" href=\"https:\/\/gfmparts.com\/es_es\/producto\/fabricante-de-cilindros-hidraulicos-para-excavadoras\/\" \/>\n<meta property=\"og:locale\" content=\"es_ES\" \/>\n<meta property=\"og:type\" content=\"article\" \/>\n<meta property=\"og:title\" content=\"Excavator Hydraulic Cylinder Manufacturer\" \/>\n<meta property=\"og:description\" content=\"GFM excavator hydraulic cylinder manufacturer provides professional customization services, from material selection, structural design to final product, full participation and professional advice.\" \/>\n<meta property=\"og:url\" content=\"https:\/\/gfmparts.com\/es_es\/producto\/fabricante-de-cilindros-hidraulicos-para-excavadoras\/\" \/>\n<meta property=\"article:publisher\" content=\"https:\/\/www.facebook.com\/gfmparts\" \/>\n<meta property=\"article:modified_time\" content=\"2025-04-11T06:25:35+00:00\" \/>\n<meta property=\"og:image\" content=\"https:\/\/gfmparts.com\/wp-content\/uploads\/2024\/12\/hydraulic-cylinder-1.png\" \/>\n\t<meta property=\"og:image:width\" content=\"806\" \/>\n\t<meta property=\"og:image:height\" content=\"806\" \/>\n\t<meta property=\"og:image:type\" content=\"image\/png\" \/>\n<meta name=\"twitter:card\" content=\"summary_large_image\" \/>\n<meta name=\"twitter:label1\" content=\"Tiempo de lectura\" \/>\n\t<meta name=\"twitter:data1\" content=\"3 minutos\" \/>\n<script type=\"application\/ld+json\" class=\"yoast-schema-graph\">{\"@context\":\"https:\/\/schema.org\",\"@graph\":[{\"@type\":\"WebPage\",\"@id\":\"https:\/\/gfmparts.com\/product\/excavator-hydraulic-cylinder-manufacturer\/\",\"url\":\"https:\/\/gfmparts.com\/product\/excavator-hydraulic-cylinder-manufacturer\/\",\"name\":\"Excavator Hydraulic Cylinder Manufacturer - GFM\",\"isPartOf\":{\"@id\":\"https:\/\/gfmparts.com\/#website\"},\"primaryImageOfPage\":{\"@id\":\"https:\/\/gfmparts.com\/product\/excavator-hydraulic-cylinder-manufacturer\/#primaryimage\"},\"image\":{\"@id\":\"https:\/\/gfmparts.com\/product\/excavator-hydraulic-cylinder-manufacturer\/#primaryimage\"},\"thumbnailUrl\":\"https:\/\/gfmparts.com\/wp-content\/uploads\/2024\/12\/hydraulic-cylinder-1.png\",\"datePublished\":\"2024-12-24T02:01:02+00:00\",\"dateModified\":\"2025-04-11T06:25:35+00:00\",\"description\":\"GFM excavator hydraulic cylinder manufacturer provides professional customization services, from material selection, structural design to final product, full participation and professional advice.\",\"breadcrumb\":{\"@id\":\"https:\/\/gfmparts.com\/product\/excavator-hydraulic-cylinder-manufacturer\/#breadcrumb\"},\"inLanguage\":\"es\",\"potentialAction\":[{\"@type\":\"ReadAction\",\"target\":[\"https:\/\/gfmparts.com\/product\/excavator-hydraulic-cylinder-manufacturer\/\"]}]},{\"@type\":\"ImageObject\",\"inLanguage\":\"es\",\"@id\":\"https:\/\/gfmparts.com\/product\/excavator-hydraulic-cylinder-manufacturer\/#primaryimage\",\"url\":\"https:\/\/gfmparts.com\/wp-content\/uploads\/2024\/12\/hydraulic-cylinder-1.png\",\"contentUrl\":\"https:\/\/gfmparts.com\/wp-content\/uploads\/2024\/12\/hydraulic-cylinder-1.png\",\"width\":806,\"height\":806,\"caption\":\"hydraulic cylinder\"},{\"@type\":\"BreadcrumbList\",\"@id\":\"https:\/\/gfmparts.com\/product\/excavator-hydraulic-cylinder-manufacturer\/#breadcrumb\",\"itemListElement\":[{\"@type\":\"ListItem\",\"position\":1,\"name\":\"\u9996\u9875\",\"item\":\"https:\/\/gfmparts.com\/\"},{\"@type\":\"ListItem\",\"position\":2,\"name\":\"All Product\",\"item\":\"https:\/\/gfmparts.com\/all-product\/\"},{\"@type\":\"ListItem\",\"position\":3,\"name\":\"Excavator Hydraulic Cylinder Manufacturer\"}]},{\"@type\":\"WebSite\",\"@id\":\"https:\/\/gfmparts.com\/#website\",\"url\":\"https:\/\/gfmparts.com\/\",\"name\":\"GFM PARTS\",\"description\":\"GFM since 2011 focused on excavator and bulldozer undercarriage parts manufacturing :Track rollers,carrier roller,idler,sprocket,track group,bucket tooth pin.\",\"publisher\":{\"@id\":\"https:\/\/gfmparts.com\/#organization\"},\"alternateName\":\"gfmparts.com\",\"potentialAction\":[{\"@type\":\"SearchAction\",\"target\":{\"@type\":\"EntryPoint\",\"urlTemplate\":\"https:\/\/gfmparts.com\/?s={search_term_string}\"},\"query-input\":{\"@type\":\"PropertyValueSpecification\",\"valueRequired\":true,\"valueName\":\"search_term_string\"}}],\"inLanguage\":\"es\"},{\"@type\":\"Organization\",\"@id\":\"https:\/\/gfmparts.com\/#organization\",\"name\":\"GFM PARTS\",\"url\":\"https:\/\/gfmparts.com\/\",\"logo\":{\"@type\":\"ImageObject\",\"inLanguage\":\"es\",\"@id\":\"https:\/\/gfmparts.com\/#\/schema\/logo\/image\/\",\"url\":\"https:\/\/gfmparts.com\/wp-content\/uploads\/2024\/11\/cropped-GFMparts.com_-2.png\",\"contentUrl\":\"https:\/\/gfmparts.com\/wp-content\/uploads\/2024\/11\/cropped-GFMparts.com_-2.png\",\"width\":5987,\"height\":2564,\"caption\":\"GFM PARTS\"},\"image\":{\"@id\":\"https:\/\/gfmparts.com\/#\/schema\/logo\/image\/\"},\"sameAs\":[\"https:\/\/www.facebook.com\/gfmparts\",\"https:\/\/www.linkedin.com\/company\/gfmparts\/\",\"https:\/\/www.tiktok.com\/@gfmparts\",\"https:\/\/www.youtube.com\/@GFMparts\/featured\"]}]}<\/script>\n<!-- \/ Yoast SEO Premium plugin. -->","yoast_head_json":{"title":"Excavator Hydraulic Cylinder Manufacturer - GFM","description":"GFM excavator hydraulic cylinder manufacturer provides professional customization services, from material selection, structural design to final product, full participation and professional advice.","robots":{"index":"index","follow":"follow","max-snippet":"max-snippet:-1","max-image-preview":"max-image-preview:large","max-video-preview":"max-video-preview:-1"},"canonical":"https:\/\/gfmparts.com\/es_es\/producto\/fabricante-de-cilindros-hidraulicos-para-excavadoras\/","og_locale":"es_ES","og_type":"article","og_title":"Excavator Hydraulic Cylinder Manufacturer","og_description":"GFM excavator hydraulic cylinder manufacturer provides professional customization services, from material selection, structural design to final product, full participation and professional advice.","og_url":"https:\/\/gfmparts.com\/es_es\/producto\/fabricante-de-cilindros-hidraulicos-para-excavadoras\/","article_publisher":"https:\/\/www.facebook.com\/gfmparts","article_modified_time":"2025-04-11T06:25:35+00:00","og_image":[{"width":806,"height":806,"url":"https:\/\/gfmparts.com\/wp-content\/uploads\/2024\/12\/hydraulic-cylinder-1.png","type":"image\/png"}],"twitter_card":"summary_large_image","twitter_misc":{"Tiempo de lectura":"3 minutos"},"schema":{"@context":"https:\/\/schema.org","@graph":[{"@type":"WebPage","@id":"https:\/\/gfmparts.com\/product\/excavator-hydraulic-cylinder-manufacturer\/","url":"https:\/\/gfmparts.com\/product\/excavator-hydraulic-cylinder-manufacturer\/","name":"Excavator Hydraulic Cylinder Manufacturer - GFM","isPartOf":{"@id":"https:\/\/gfmparts.com\/#website"},"primaryImageOfPage":{"@id":"https:\/\/gfmparts.com\/product\/excavator-hydraulic-cylinder-manufacturer\/#primaryimage"},"image":{"@id":"https:\/\/gfmparts.com\/product\/excavator-hydraulic-cylinder-manufacturer\/#primaryimage"},"thumbnailUrl":"https:\/\/gfmparts.com\/wp-content\/uploads\/2024\/12\/hydraulic-cylinder-1.png","datePublished":"2024-12-24T02:01:02+00:00","dateModified":"2025-04-11T06:25:35+00:00","description":"GFM excavator hydraulic cylinder manufacturer provides professional customization services, from material selection, structural design to final product, full participation and professional advice.","breadcrumb":{"@id":"https:\/\/gfmparts.com\/product\/excavator-hydraulic-cylinder-manufacturer\/#breadcrumb"},"inLanguage":"es","potentialAction":[{"@type":"ReadAction","target":["https:\/\/gfmparts.com\/product\/excavator-hydraulic-cylinder-manufacturer\/"]}]},{"@type":"ImageObject","inLanguage":"es","@id":"https:\/\/gfmparts.com\/product\/excavator-hydraulic-cylinder-manufacturer\/#primaryimage","url":"https:\/\/gfmparts.com\/wp-content\/uploads\/2024\/12\/hydraulic-cylinder-1.png","contentUrl":"https:\/\/gfmparts.com\/wp-content\/uploads\/2024\/12\/hydraulic-cylinder-1.png","width":806,"height":806,"caption":"hydraulic cylinder"},{"@type":"BreadcrumbList","@id":"https:\/\/gfmparts.com\/product\/excavator-hydraulic-cylinder-manufacturer\/#breadcrumb","itemListElement":[{"@type":"ListItem","position":1,"name":"\u9996\u9875","item":"https:\/\/gfmparts.com\/"},{"@type":"ListItem","position":2,"name":"All Product","item":"https:\/\/gfmparts.com\/all-product\/"},{"@type":"ListItem","position":3,"name":"Excavator Hydraulic Cylinder Manufacturer"}]},{"@type":"WebSite","@id":"https:\/\/gfmparts.com\/#website","url":"https:\/\/gfmparts.com\/","name":"GFM PARTS","description":"GFM since 2011 focused on excavator and bulldozer undercarriage parts manufacturing :Track rollers,carrier roller,idler,sprocket,track group,bucket tooth pin.","publisher":{"@id":"https:\/\/gfmparts.com\/#organization"},"alternateName":"gfmparts.com","potentialAction":[{"@type":"SearchAction","target":{"@type":"EntryPoint","urlTemplate":"https:\/\/gfmparts.com\/?s={search_term_string}"},"query-input":{"@type":"PropertyValueSpecification","valueRequired":true,"valueName":"search_term_string"}}],"inLanguage":"es"},{"@type":"Organization","@id":"https:\/\/gfmparts.com\/#organization","name":"GFM PARTS","url":"https:\/\/gfmparts.com\/","logo":{"@type":"ImageObject","inLanguage":"es","@id":"https:\/\/gfmparts.com\/#\/schema\/logo\/image\/","url":"https:\/\/gfmparts.com\/wp-content\/uploads\/2024\/11\/cropped-GFMparts.com_-2.png","contentUrl":"https:\/\/gfmparts.com\/wp-content\/uploads\/2024\/11\/cropped-GFMparts.com_-2.png","width":5987,"height":2564,"caption":"GFM PARTS"},"image":{"@id":"https:\/\/gfmparts.com\/#\/schema\/logo\/image\/"},"sameAs":["https:\/\/www.facebook.com\/gfmparts","https:\/\/www.linkedin.com\/company\/gfmparts\/","https:\/\/www.tiktok.com\/@gfmparts","https:\/\/www.youtube.com\/@GFMparts\/featured"]}]}},"_links":{"self":[{"href":"https:\/\/gfmparts.com\/es_es\/wp-json\/wp\/v2\/product\/3095"}],"collection":[{"href":"https:\/\/gfmparts.com\/es_es\/wp-json\/wp\/v2\/product"}],"about":[{"href":"https:\/\/gfmparts.com\/es_es\/wp-json\/wp\/v2\/types\/product"}],"wp:featuredmedia":[{"embeddable":true,"href":"https:\/\/gfmparts.com\/es_es\/wp-json\/wp\/v2\/media\/3603"}],"wp:attachment":[{"href":"https:\/\/gfmparts.com\/es_es\/wp-json\/wp\/v2\/media?parent=3095"}],"wp:term":[{"taxonomy":"product_cat","embeddable":true,"href":"https:\/\/gfmparts.com\/es_es\/wp-json\/wp\/v2\/product_cat?post=3095"},{"taxonomy":"product_tag","embeddable":true,"href":"https:\/\/gfmparts.com\/es_es\/wp-json\/wp\/v2\/product_tag?post=3095"}],"curies":[{"name":"wp","href":"https:\/\/api.w.org\/{rel}","templated":true}]}}