{"id":3099,"date":"2024-12-24T06:06:51","date_gmt":"2024-12-24T06:06:51","guid":{"rendered":"https:\/\/gfmparts.com\/?post_type=product&#038;p=3099"},"modified":"2025-07-09T08:13:02","modified_gmt":"2025-07-09T08:13:02","slug":"excavator-bucket-teeth-pin-manufacturer","status":"publish","type":"product","link":"https:\/\/gfmparts.com\/es_es\/producto\/fabricante-de-pasadores-de-dientes-para-cucharones-de-excavadora\/","title":{"rendered":"Fabricante de pasadores de dientes para cucharones de excavadoras"},"content":{"rendered":"<p>GRAMO<span style=\"color: #000000;\">FM de alto rendimiento <a style=\"color: #000000;\" href=\"https:\/\/gfmparts.com\/es_es\/producto\/proveedor-de-ruedas-dentadas-para-excavadoras-de-alta-calidad\/\">Pasadores de dientes de cuchar\u00f3n de excavadora<\/a> Est\u00e1n fabricados con acero de aleaci\u00f3n de alta resistencia y se someten a un preciso tratamiento t\u00e9rmico y temple para garantizar una excelente resistencia al desgaste y al impacto. Su exclusivo dise\u00f1o de bloqueo evita eficazmente el aflojamiento y mantiene un rendimiento estable incluso en las condiciones de excavaci\u00f3n m\u00e1s exigentes. Adem\u00e1s, los pasadores de dientes de cuchar\u00f3n que ofrecemos son altamente compatibles y aptos para la mayor\u00eda de los modelos de excavadoras del mercado, lo que le ayuda a mejorar significativamente la eficiencia de su construcci\u00f3n y a reducir significativamente los costes de mantenimiento.<\/span><\/p>\n<h3><span style=\"color: #ff6600;\">Descripci\u00f3n del Producto<\/span><\/h3>\n<ul>\n<li><span style=\"color: #000000;\"><strong>Materia prima:<\/strong> 40CR<\/span><\/li>\n<li><span style=\"color: #000000;\"><strong>Cantidad m\u00ednima de pedido:<\/strong>\u00a01 pieza<\/span><\/li>\n<li><span style=\"color: #000000;\"><strong>M\u00e9todo de pago:<\/strong>\u00a0Transferencia bancaria<\/span><\/li>\n<li><span style=\"color: #000000;\"><strong>Marca:<\/strong>\u00a0GFM<\/span><\/li>\n<li><span style=\"color: #000000;\"><strong>Condici\u00f3n:<\/strong>\u00a0Nuevo<\/span><\/li>\n<li><span style=\"color: #000000;\"><strong>Color:<\/strong>\u00a0Amarillo, negro o personalizado<\/span><\/li>\n<li><span style=\"color: #000000;\"><strong>Plazo de entrega:<\/strong>\u00a030 d\u00edas<\/span><\/li>\n<li><span style=\"color: #000000;\"><strong>Garant\u00eda:<\/strong>\u00a01 a\u00f1o<\/span><\/li>\n<li><span style=\"color: #000000;\"><strong>Servicio:<\/strong>\u00a0OEM o ODM<\/span><\/li>\n<li><span style=\"color: #000000;\"><strong>Lugar de origen:<\/strong>\u00a0Fujian, China<\/span><\/li>\n<li><span style=\"color: #000000;\"><strong>Solicitud:<\/strong> Excavador<\/span><\/li>\n<li><span style=\"color: #000000;\"><strong>Embalaje:<\/strong>\u00a0Palet de madera de exportaci\u00f3n est\u00e1ndar<\/span><\/li>\n<\/ul>\n<p><span style=\"color: #000000;\">Dise\u00f1ados para brindar durabilidad y precisi\u00f3n, los pasadores de dientes de cuchar\u00f3n GFM garantizan la m\u00e1xima eficiencia para sus tareas pesadas.<\/span><\/p>\n<h3><span style=\"color: #ff6600;\">Caracter\u00edsticas<\/span><\/h3>\n<ul>\n<li><b><\/b><span style=\"color: #000000;\"><strong><b>Material duradero: <\/b><\/strong>Acero de aleaci\u00f3n de primera calidad para una resistencia extrema al desgaste.<\/span><\/li>\n<li><span style=\"color: #000000;\"><b><\/b><strong><b>Ajuste perfecto: <\/b><\/strong>Dise\u00f1ado con precisi\u00f3n para reducir el desgaste y mejorar la estabilidad.<\/span><\/li>\n<li><span style=\"color: #000000;\"><b><\/b><strong><b>Tratado t\u00e9rmicamente: <\/b><\/strong>Dureza mejorada para una vida \u00fatil m\u00e1s larga.<\/span><\/li>\n<li><span style=\"color: #000000;\"><b><\/b><strong><b>Resistente al \u00f3xido: <\/b><\/strong>Recubrimiento anticorrosi\u00f3n para un rendimiento duradero.<\/span><\/li>\n<li><span style=\"color: #000000;\"><b><\/b><strong><b>F\u00e1cil instalaci\u00f3n: <\/b><\/strong>Reemplazo r\u00e1pido y sin complicaciones.<\/span><\/li>\n<\/ul>\n<p><span style=\"color: #000000;\">Elija GFM para obtener pasadores de dientes de cuchar\u00f3n confiables y rentables compatibles con una amplia gama de excavadoras.<\/span><\/p>\n<h3><span style=\"color: #ff6600;\">Presupuesto<\/span><\/h3>\n<p style=\"text-align: center;\"><img fetchpriority=\"high\" decoding=\"async\" class=\"wp-image-6811 aligncenter\" src=\"https:\/\/gfmparts.com\/wp-content\/uploads\/2025\/04\/Excavator-Bucket-Tooth-Locking-Pinspecifications-1024x855.png\" alt=\"Especificaciones del pasador de bloqueo de dientes del cuchar\u00f3n de excavadora\" width=\"949\" height=\"793\" srcset=\"https:\/\/gfmparts.com\/wp-content\/uploads\/2025\/04\/Excavator-Bucket-Tooth-Locking-Pinspecifications-1024x855.png 1024w, https:\/\/gfmparts.com\/wp-content\/uploads\/2025\/04\/Excavator-Bucket-Tooth-Locking-Pinspecifications-300x250.png 300w, https:\/\/gfmparts.com\/wp-content\/uploads\/2025\/04\/Excavator-Bucket-Tooth-Locking-Pinspecifications-768x641.png 768w, https:\/\/gfmparts.com\/wp-content\/uploads\/2025\/04\/Excavator-Bucket-Tooth-Locking-Pinspecifications-1536x1283.png 1536w, https:\/\/gfmparts.com\/wp-content\/uploads\/2025\/04\/Excavator-Bucket-Tooth-Locking-Pinspecifications-14x12.png 14w, https:\/\/gfmparts.com\/wp-content\/uploads\/2025\/04\/Excavator-Bucket-Tooth-Locking-Pinspecifications-600x501.png 600w, https:\/\/gfmparts.com\/wp-content\/uploads\/2025\/04\/Excavator-Bucket-Tooth-Locking-Pinspecifications.png 1721w\" sizes=\"(max-width: 949px) 100vw, 949px\" \/><\/p>\n<h3><span style=\"color: #ff6600;\"><strong>Pasos de instalaci\u00f3n<\/strong><\/span><\/h3>\n<p style=\"text-align: center;\"><img decoding=\"async\" class=\"wp-image-6813 aligncenter\" src=\"https:\/\/gfmparts.com\/wp-content\/uploads\/2025\/04\/excavator-tooth-pin-Installation-Steps-1020x1024.png\" alt=\"Pasos de instalaci\u00f3n del pasador de diente de excavadora\" width=\"907\" height=\"911\" srcset=\"https:\/\/gfmparts.com\/wp-content\/uploads\/2025\/04\/excavator-tooth-pin-Installation-Steps-1020x1024.png 1020w, https:\/\/gfmparts.com\/wp-content\/uploads\/2025\/04\/excavator-tooth-pin-Installation-Steps-300x300.png 300w, https:\/\/gfmparts.com\/wp-content\/uploads\/2025\/04\/excavator-tooth-pin-Installation-Steps-150x150.png 150w, https:\/\/gfmparts.com\/wp-content\/uploads\/2025\/04\/excavator-tooth-pin-Installation-Steps-768x771.png 768w, https:\/\/gfmparts.com\/wp-content\/uploads\/2025\/04\/excavator-tooth-pin-Installation-Steps-12x12.png 12w, https:\/\/gfmparts.com\/wp-content\/uploads\/2025\/04\/excavator-tooth-pin-Installation-Steps-600x603.png 600w, https:\/\/gfmparts.com\/wp-content\/uploads\/2025\/04\/excavator-tooth-pin-Installation-Steps-100x100.png 100w, https:\/\/gfmparts.com\/wp-content\/uploads\/2025\/04\/excavator-tooth-pin-Installation-Steps.png 1363w\" sizes=\"(max-width: 907px) 100vw, 907px\" \/><\/p>\n<h3><span style=\"color: #ff6600;\">Modelos de productos<\/span><\/h3>\n<p style=\"text-align: center;\"><img decoding=\"async\" class=\"alignnone size-full wp-image-3147\" src=\"https:\/\/gfmparts.com\/wp-content\/uploads\/2024\/11\/excavator-part-description-e1735350735761.png\" alt=\"Descripci\u00f3n de la pieza de excavadora\" width=\"856\" height=\"694\" srcset=\"https:\/\/gfmparts.com\/wp-content\/uploads\/2024\/11\/excavator-part-description-e1735350735761.png 856w, https:\/\/gfmparts.com\/wp-content\/uploads\/2024\/11\/excavator-part-description-e1735350735761-300x243.png 300w, https:\/\/gfmparts.com\/wp-content\/uploads\/2024\/11\/excavator-part-description-e1735350735761-768x623.png 768w, https:\/\/gfmparts.com\/wp-content\/uploads\/2024\/11\/excavator-part-description-e1735350735761-600x486.png 600w\" sizes=\"(max-width: 856px) 100vw, 856px\" \/><\/p>\n<h3><span style=\"color: #ff6600;\">Proceso de producci\u00f3n<\/span><\/h3>\n<p><img loading=\"lazy\" decoding=\"async\" class=\"size-large wp-image-3043 aligncenter\" src=\"https:\/\/gfmparts.com\/wp-content\/uploads\/2024\/12\/\u901a\u7528\u751f\u4ea7\u6d41\u7a0b-1-1024x648.jpg\" alt=\"proceso de producci\u00f3n de piezas de excavadora\" width=\"1024\" height=\"648\" srcset=\"\" sizes=\"(max-width: 1024px) 100vw, 1024px\" data-srcset=\"\" \/><\/p>\n<h3><span style=\"color: #ff6600;\">Embalaje y env\u00edo<\/span><\/h3>\n<p style=\"text-align: center;\"><img loading=\"lazy\" decoding=\"async\" class=\"alignnone size-large wp-image-6521\" src=\"https:\/\/gfmparts.com\/wp-content\/uploads\/2025\/05\/Packaging-and-Shipping-1-1-1024x648.jpg\" alt=\"Embalaje y env\u00edo\" width=\"1024\" height=\"648\" srcset=\"https:\/\/gfmparts.com\/wp-content\/uploads\/2025\/05\/Packaging-and-Shipping-1-1-1024x648.jpg 1024w, https:\/\/gfmparts.com\/wp-content\/uploads\/2025\/05\/Packaging-and-Shipping-1-1-300x190.jpg 300w, https:\/\/gfmparts.com\/wp-content\/uploads\/2025\/05\/Packaging-and-Shipping-1-1-768x486.jpg 768w, https:\/\/gfmparts.com\/wp-content\/uploads\/2025\/05\/Packaging-and-Shipping-1-1-1536x973.jpg 1536w, https:\/\/gfmparts.com\/wp-content\/uploads\/2025\/05\/Packaging-and-Shipping-1-1-2048x1297.jpg 2048w, https:\/\/gfmparts.com\/wp-content\/uploads\/2025\/05\/Packaging-and-Shipping-1-1-600x380.jpg 600w\" sizes=\"(max-width: 1024px) 100vw, 1024px\" \/><\/p>\n<h3><span style=\"color: #ff6600;\">Ventajas de la f\u00e1brica<\/span><\/h3>\n<p><span style=\"color: #000000;\">Como l\u00edder en la industria <a style=\"color: #000000;\" href=\"https:\/\/gfmparts.com\/es_es\/producto\/fabrica-mayorista-de-zapatas-para-pista-de-atletismo\/\">fabricante de piezas de excavadora<\/a>GFM cuenta con equipos de producci\u00f3n avanzados y un estricto sistema de control de calidad. Nuestra l\u00ednea de producci\u00f3n de pasadores para dientes de cuchar\u00f3n est\u00e1 equipada con m\u00e1quinas herramienta CNC y equipos de prueba automatizados para garantizar que cada producto cumpla o incluso supere los est\u00e1ndares de la industria. La f\u00e1brica cuenta con la certificaci\u00f3n ISO 9001 del sistema de gesti\u00f3n de calidad, y cada paso, desde la adquisici\u00f3n de la materia prima hasta la entrega del producto terminado, sigue estrictos procesos de control de calidad. Adem\u00e1s, el equipo de I+D de GFM contin\u00faa explorando nuevas tecnolog\u00edas y materiales, y se compromete a desarrollar accesorios para excavadoras m\u00e1s duraderos y eficientes para satisfacer las crecientes necesidades de los clientes globales. Esta constante b\u00fasqueda de la calidad y la s\u00f3lida capacidad de I+D distinguen a GFM en el mercado global de accesorios para excavadoras.<\/span><\/p>\n<p><span style=\"color: #000000;\">GFM no s\u00f3lo proporciona especificaciones est\u00e1ndar de <a style=\"color: #000000;\" href=\"https:\/\/gfmparts.com\/es_es\/contacta-con-gfm\/\">Pasador de diente de excavadora<\/a>Adem\u00e1s, ofrecemos soluciones personalizadas seg\u00fan las necesidades espec\u00edficas de cada cliente. Ya sea la selecci\u00f3n de materiales especiales, ajustes de tama\u00f1o o un servicio posventa r\u00e1pido, GFM se compromete a brindar a sus clientes una experiencia de compra integral y sin preocupaciones. Nuestro equipo de atenci\u00f3n al cliente est\u00e1 disponible las 24 horas, listo para responder sus preguntas y garantizar que su proyecto de construcci\u00f3n se desarrolle sin problemas. Elegir GFM significa elegir productos confiables, servicios profesionales y soporte t\u00e9cnico continuo.<\/span><\/p>\n<p style=\"text-align: center;\"><span style=\"color: #000000;\"><img loading=\"lazy\" decoding=\"async\" class=\"alignnone wp-image-2159\" src=\"https:\/\/gfmparts.com\/wp-content\/uploads\/2024\/12\/\u5fae\u4fe1\u56fe\u7247_20241202160325-1024x576.jpg\" alt=\"fabricante de pasadores de dientes para excavadoras\" width=\"767\" height=\"431\" srcset=\"\" sizes=\"(max-width: 767px) 100vw, 767px\" data-srcset=\"\" \/><\/span><\/p>","protected":false},"excerpt":{"rendered":"<ul>\n<li><span style=\"color: #000000;\">Calidad del producto garantizada<\/span><\/li>\n<li><span style=\"color: #000000;\">Gran suministro<\/span><\/li>\n<li><span style=\"color: #000000;\">Precios competitivos<\/span><\/li>\n<li><span style=\"color: #000000;\">La mayor\u00eda de marcas y modelos<\/span><\/li>\n<li><span style=\"color: #000000;\">Equipo de atenci\u00f3n al cliente servicial<\/span><\/li>\n<li><span style=\"color: #000000;\">Soporte t\u00e9cnico profesional<\/span><\/li>\n<\/ul>","protected":false},"featured_media":6877,"template":"","meta":{"site-sidebar-layout":"default","site-content-layout":"","ast-site-content-layout":"default","site-content-style":"default","site-sidebar-style":"default","ast-global-header-display":"","ast-banner-title-visibility":"","ast-main-header-display":"","ast-hfb-above-header-display":"","ast-hfb-below-header-display":"","ast-hfb-mobile-header-display":"","site-post-title":"","ast-breadcrumbs-content":"","ast-featured-img":"","footer-sml-layout":"","theme-transparent-header-meta":"default","adv-header-id-meta":"","stick-header-meta":"default","header-above-stick-meta":"","header-main-stick-meta":"","header-below-stick-meta":"","astra-migrate-meta-layouts":"set","ast-page-background-enabled":"default","ast-page-background-meta":{"desktop":{"background-color":"","background-image":"","background-repeat":"repeat","background-position":"center center","background-size":"auto","background-attachment":"scroll","background-type":"","background-media":"","overlay-type":"","overlay-color":"","overlay-opacity":"","overlay-gradient":""},"tablet":{"background-color":"","background-image":"","background-repeat":"repeat","background-position":"center center","background-size":"auto","background-attachment":"scroll","background-type":"","background-media":"","overlay-type":"","overlay-color":"","overlay-opacity":"","overlay-gradient":""},"mobile":{"background-color":"","background-image":"","background-repeat":"repeat","background-position":"center center","background-size":"auto","background-attachment":"scroll","background-type":"","background-media":"","overlay-type":"","overlay-color":"","overlay-opacity":"","overlay-gradient":""}},"ast-content-background-meta":{"desktop":{"background-color":"var(--ast-global-color-5)","background-image":"","background-repeat":"repeat","background-position":"center center","background-size":"auto","background-attachment":"scroll","background-type":"","background-media":"","overlay-type":"","overlay-color":"","overlay-opacity":"","overlay-gradient":""},"tablet":{"background-color":"var(--ast-global-color-5)","background-image":"","background-repeat":"repeat","background-position":"center center","background-size":"auto","background-attachment":"scroll","background-type":"","background-media":"","overlay-type":"","overlay-color":"","overlay-opacity":"","overlay-gradient":""},"mobile":{"background-color":"var(--ast-global-color-5)","background-image":"","background-repeat":"repeat","background-position":"center center","background-size":"auto","background-attachment":"scroll","background-type":"","background-media":"","overlay-type":"","overlay-color":"","overlay-opacity":"","overlay-gradient":""}}},"product_cat":[27,142],"product_tag":[],"class_list":{"0":"post-3099","1":"product","2":"type-product","3":"status-publish","4":"has-post-thumbnail","6":"product_cat-parts","7":"product_cat-bucket-tooth-pins","8":"desktop-align-left","9":"tablet-align-left","10":"mobile-align-left","11":"ast-product-gallery-layout-horizontal-slider","12":"ast-product-tabs-layout-horizontal","14":"first","15":"instock","16":"shipping-taxable","17":"product-type-simple"},"yoast_head":"<!-- This site is optimized with the Yoast SEO Premium plugin v22.8 (Yoast SEO v23.9) - https:\/\/yoast.com\/wordpress\/plugins\/seo\/ -->\n<title>Excavator Bucket Teeth Pin Manufacturer - GFM<\/title>\n<meta name=\"description\" content=\"GFM excavator parts manufacturer not only provides standard specifications of excavator bucket tooth pins, but also provides customized services according to customer specific needs.\" \/>\n<meta name=\"robots\" content=\"index, follow, max-snippet:-1, max-image-preview:large, max-video-preview:-1\" \/>\n<link rel=\"canonical\" href=\"https:\/\/gfmparts.com\/es_es\/producto\/fabricante-de-pasadores-de-dientes-para-cucharones-de-excavadora\/\" \/>\n<meta property=\"og:locale\" content=\"es_ES\" \/>\n<meta property=\"og:type\" content=\"article\" \/>\n<meta property=\"og:title\" content=\"Excavator Bucket Teeth Pin Manufacturer\" \/>\n<meta property=\"og:description\" content=\"GFM excavator parts manufacturer not only provides standard specifications of excavator bucket tooth pins, but also provides customized services according to customer specific needs.\" \/>\n<meta property=\"og:url\" content=\"https:\/\/gfmparts.com\/es_es\/producto\/fabricante-de-pasadores-de-dientes-para-cucharones-de-excavadora\/\" \/>\n<meta property=\"article:publisher\" content=\"https:\/\/www.facebook.com\/gfmparts\" \/>\n<meta property=\"article:modified_time\" content=\"2025-07-09T08:13:02+00:00\" \/>\n<meta property=\"og:image\" content=\"https:\/\/gfmparts.com\/wp-content\/uploads\/2024\/12\/Excavator-Bucket-Teeth-Pin-4.png\" \/>\n\t<meta property=\"og:image:width\" content=\"1000\" \/>\n\t<meta property=\"og:image:height\" content=\"1000\" \/>\n\t<meta property=\"og:image:type\" content=\"image\/png\" \/>\n<meta name=\"twitter:card\" content=\"summary_large_image\" \/>\n<meta name=\"twitter:label1\" content=\"Tiempo de lectura\" \/>\n\t<meta name=\"twitter:data1\" content=\"4 minutos\" \/>\n<script type=\"application\/ld+json\" class=\"yoast-schema-graph\">{\"@context\":\"https:\/\/schema.org\",\"@graph\":[{\"@type\":\"WebPage\",\"@id\":\"https:\/\/gfmparts.com\/product\/excavator-bucket-teeth-pin-manufacturer\/\",\"url\":\"https:\/\/gfmparts.com\/product\/excavator-bucket-teeth-pin-manufacturer\/\",\"name\":\"Excavator Bucket Teeth Pin Manufacturer - GFM\",\"isPartOf\":{\"@id\":\"https:\/\/gfmparts.com\/#website\"},\"primaryImageOfPage\":{\"@id\":\"https:\/\/gfmparts.com\/product\/excavator-bucket-teeth-pin-manufacturer\/#primaryimage\"},\"image\":{\"@id\":\"https:\/\/gfmparts.com\/product\/excavator-bucket-teeth-pin-manufacturer\/#primaryimage\"},\"thumbnailUrl\":\"https:\/\/gfmparts.com\/wp-content\/uploads\/2024\/12\/Excavator-Bucket-Teeth-Pin-4.png\",\"datePublished\":\"2024-12-24T06:06:51+00:00\",\"dateModified\":\"2025-07-09T08:13:02+00:00\",\"description\":\"GFM excavator parts manufacturer not only provides standard specifications of excavator bucket tooth pins, but also provides customized services according to customer specific needs.\",\"breadcrumb\":{\"@id\":\"https:\/\/gfmparts.com\/product\/excavator-bucket-teeth-pin-manufacturer\/#breadcrumb\"},\"inLanguage\":\"es\",\"potentialAction\":[{\"@type\":\"ReadAction\",\"target\":[\"https:\/\/gfmparts.com\/product\/excavator-bucket-teeth-pin-manufacturer\/\"]}]},{\"@type\":\"ImageObject\",\"inLanguage\":\"es\",\"@id\":\"https:\/\/gfmparts.com\/product\/excavator-bucket-teeth-pin-manufacturer\/#primaryimage\",\"url\":\"https:\/\/gfmparts.com\/wp-content\/uploads\/2024\/12\/Excavator-Bucket-Teeth-Pin-4.png\",\"contentUrl\":\"https:\/\/gfmparts.com\/wp-content\/uploads\/2024\/12\/Excavator-Bucket-Teeth-Pin-4.png\",\"width\":1000,\"height\":1000,\"caption\":\"Excavator Bucket Teeth Pin\"},{\"@type\":\"BreadcrumbList\",\"@id\":\"https:\/\/gfmparts.com\/product\/excavator-bucket-teeth-pin-manufacturer\/#breadcrumb\",\"itemListElement\":[{\"@type\":\"ListItem\",\"position\":1,\"name\":\"\u9996\u9875\",\"item\":\"https:\/\/gfmparts.com\/\"},{\"@type\":\"ListItem\",\"position\":2,\"name\":\"All Product\",\"item\":\"https:\/\/gfmparts.com\/all-product\/\"},{\"@type\":\"ListItem\",\"position\":3,\"name\":\"Excavator Bucket Teeth Pin Manufacturer\"}]},{\"@type\":\"WebSite\",\"@id\":\"https:\/\/gfmparts.com\/#website\",\"url\":\"https:\/\/gfmparts.com\/\",\"name\":\"GFM PARTS\",\"description\":\"GFM since 2011 focused on excavator and bulldozer undercarriage parts manufacturing :Track rollers,carrier roller,idler,sprocket,track group,bucket tooth pin.\",\"publisher\":{\"@id\":\"https:\/\/gfmparts.com\/#organization\"},\"alternateName\":\"gfmparts.com\",\"potentialAction\":[{\"@type\":\"SearchAction\",\"target\":{\"@type\":\"EntryPoint\",\"urlTemplate\":\"https:\/\/gfmparts.com\/?s={search_term_string}\"},\"query-input\":{\"@type\":\"PropertyValueSpecification\",\"valueRequired\":true,\"valueName\":\"search_term_string\"}}],\"inLanguage\":\"es\"},{\"@type\":\"Organization\",\"@id\":\"https:\/\/gfmparts.com\/#organization\",\"name\":\"GFM PARTS\",\"url\":\"https:\/\/gfmparts.com\/\",\"logo\":{\"@type\":\"ImageObject\",\"inLanguage\":\"es\",\"@id\":\"https:\/\/gfmparts.com\/#\/schema\/logo\/image\/\",\"url\":\"https:\/\/gfmparts.com\/wp-content\/uploads\/2024\/11\/cropped-GFMparts.com_-2.png\",\"contentUrl\":\"https:\/\/gfmparts.com\/wp-content\/uploads\/2024\/11\/cropped-GFMparts.com_-2.png\",\"width\":5987,\"height\":2564,\"caption\":\"GFM PARTS\"},\"image\":{\"@id\":\"https:\/\/gfmparts.com\/#\/schema\/logo\/image\/\"},\"sameAs\":[\"https:\/\/www.facebook.com\/gfmparts\",\"https:\/\/www.linkedin.com\/company\/gfmparts\/\",\"https:\/\/www.tiktok.com\/@gfmparts\",\"https:\/\/www.youtube.com\/@GFMparts\/featured\"]}]}<\/script>\n<!-- \/ Yoast SEO Premium plugin. -->","yoast_head_json":{"title":"Excavator Bucket Teeth Pin Manufacturer - GFM","description":"GFM excavator parts manufacturer not only provides standard specifications of excavator bucket tooth pins, but also provides customized services according to customer specific needs.","robots":{"index":"index","follow":"follow","max-snippet":"max-snippet:-1","max-image-preview":"max-image-preview:large","max-video-preview":"max-video-preview:-1"},"canonical":"https:\/\/gfmparts.com\/es_es\/producto\/fabricante-de-pasadores-de-dientes-para-cucharones-de-excavadora\/","og_locale":"es_ES","og_type":"article","og_title":"Excavator Bucket Teeth Pin Manufacturer","og_description":"GFM excavator parts manufacturer not only provides standard specifications of excavator bucket tooth pins, but also provides customized services according to customer specific needs.","og_url":"https:\/\/gfmparts.com\/es_es\/producto\/fabricante-de-pasadores-de-dientes-para-cucharones-de-excavadora\/","article_publisher":"https:\/\/www.facebook.com\/gfmparts","article_modified_time":"2025-07-09T08:13:02+00:00","og_image":[{"width":1000,"height":1000,"url":"https:\/\/gfmparts.com\/wp-content\/uploads\/2024\/12\/Excavator-Bucket-Teeth-Pin-4.png","type":"image\/png"}],"twitter_card":"summary_large_image","twitter_misc":{"Tiempo de lectura":"4 minutos"},"schema":{"@context":"https:\/\/schema.org","@graph":[{"@type":"WebPage","@id":"https:\/\/gfmparts.com\/product\/excavator-bucket-teeth-pin-manufacturer\/","url":"https:\/\/gfmparts.com\/product\/excavator-bucket-teeth-pin-manufacturer\/","name":"Excavator Bucket Teeth Pin Manufacturer - GFM","isPartOf":{"@id":"https:\/\/gfmparts.com\/#website"},"primaryImageOfPage":{"@id":"https:\/\/gfmparts.com\/product\/excavator-bucket-teeth-pin-manufacturer\/#primaryimage"},"image":{"@id":"https:\/\/gfmparts.com\/product\/excavator-bucket-teeth-pin-manufacturer\/#primaryimage"},"thumbnailUrl":"https:\/\/gfmparts.com\/wp-content\/uploads\/2024\/12\/Excavator-Bucket-Teeth-Pin-4.png","datePublished":"2024-12-24T06:06:51+00:00","dateModified":"2025-07-09T08:13:02+00:00","description":"GFM excavator parts manufacturer not only provides standard specifications of excavator bucket tooth pins, but also provides customized services according to customer specific needs.","breadcrumb":{"@id":"https:\/\/gfmparts.com\/product\/excavator-bucket-teeth-pin-manufacturer\/#breadcrumb"},"inLanguage":"es","potentialAction":[{"@type":"ReadAction","target":["https:\/\/gfmparts.com\/product\/excavator-bucket-teeth-pin-manufacturer\/"]}]},{"@type":"ImageObject","inLanguage":"es","@id":"https:\/\/gfmparts.com\/product\/excavator-bucket-teeth-pin-manufacturer\/#primaryimage","url":"https:\/\/gfmparts.com\/wp-content\/uploads\/2024\/12\/Excavator-Bucket-Teeth-Pin-4.png","contentUrl":"https:\/\/gfmparts.com\/wp-content\/uploads\/2024\/12\/Excavator-Bucket-Teeth-Pin-4.png","width":1000,"height":1000,"caption":"Excavator Bucket Teeth Pin"},{"@type":"BreadcrumbList","@id":"https:\/\/gfmparts.com\/product\/excavator-bucket-teeth-pin-manufacturer\/#breadcrumb","itemListElement":[{"@type":"ListItem","position":1,"name":"\u9996\u9875","item":"https:\/\/gfmparts.com\/"},{"@type":"ListItem","position":2,"name":"All Product","item":"https:\/\/gfmparts.com\/all-product\/"},{"@type":"ListItem","position":3,"name":"Excavator Bucket Teeth Pin Manufacturer"}]},{"@type":"WebSite","@id":"https:\/\/gfmparts.com\/#website","url":"https:\/\/gfmparts.com\/","name":"GFM PARTS","description":"GFM since 2011 focused on excavator and bulldozer undercarriage parts manufacturing :Track rollers,carrier roller,idler,sprocket,track group,bucket tooth pin.","publisher":{"@id":"https:\/\/gfmparts.com\/#organization"},"alternateName":"gfmparts.com","potentialAction":[{"@type":"SearchAction","target":{"@type":"EntryPoint","urlTemplate":"https:\/\/gfmparts.com\/?s={search_term_string}"},"query-input":{"@type":"PropertyValueSpecification","valueRequired":true,"valueName":"search_term_string"}}],"inLanguage":"es"},{"@type":"Organization","@id":"https:\/\/gfmparts.com\/#organization","name":"GFM PARTS","url":"https:\/\/gfmparts.com\/","logo":{"@type":"ImageObject","inLanguage":"es","@id":"https:\/\/gfmparts.com\/#\/schema\/logo\/image\/","url":"https:\/\/gfmparts.com\/wp-content\/uploads\/2024\/11\/cropped-GFMparts.com_-2.png","contentUrl":"https:\/\/gfmparts.com\/wp-content\/uploads\/2024\/11\/cropped-GFMparts.com_-2.png","width":5987,"height":2564,"caption":"GFM PARTS"},"image":{"@id":"https:\/\/gfmparts.com\/#\/schema\/logo\/image\/"},"sameAs":["https:\/\/www.facebook.com\/gfmparts","https:\/\/www.linkedin.com\/company\/gfmparts\/","https:\/\/www.tiktok.com\/@gfmparts","https:\/\/www.youtube.com\/@GFMparts\/featured"]}]}},"_links":{"self":[{"href":"https:\/\/gfmparts.com\/es_es\/wp-json\/wp\/v2\/product\/3099"}],"collection":[{"href":"https:\/\/gfmparts.com\/es_es\/wp-json\/wp\/v2\/product"}],"about":[{"href":"https:\/\/gfmparts.com\/es_es\/wp-json\/wp\/v2\/types\/product"}],"wp:featuredmedia":[{"embeddable":true,"href":"https:\/\/gfmparts.com\/es_es\/wp-json\/wp\/v2\/media\/6877"}],"wp:attachment":[{"href":"https:\/\/gfmparts.com\/es_es\/wp-json\/wp\/v2\/media?parent=3099"}],"wp:term":[{"taxonomy":"product_cat","embeddable":true,"href":"https:\/\/gfmparts.com\/es_es\/wp-json\/wp\/v2\/product_cat?post=3099"},{"taxonomy":"product_tag","embeddable":true,"href":"https:\/\/gfmparts.com\/es_es\/wp-json\/wp\/v2\/product_tag?post=3099"}],"curies":[{"name":"wp","href":"https:\/\/api.w.org\/{rel}","templated":true}]}}