{"id":3135,"date":"2024-12-27T03:32:45","date_gmt":"2024-12-27T03:32:45","guid":{"rendered":"https:\/\/gfmparts.com\/?post_type=product&#038;p=3135"},"modified":"2025-05-16T09:18:29","modified_gmt":"2025-05-16T09:18:29","slug":"excavator-track-shoe-bolts-and-nuts-manufacturer","status":"publish","type":"product","link":"https:\/\/gfmparts.com\/es_es\/producto\/fabricante-de-pernos-y-tuercas-para-zapatas-de-excavadora\/","title":{"rendered":"Fabricante de pernos y tuercas para zapatas de oruga"},"content":{"rendered":"<p><span style=\"color: #000000;\">GFM se especializa en producir productos de alta calidad. <a style=\"color: #000000;\" href=\"https:\/\/gfmparts.com\/es_es\/producto\/fabrica-mayorista-de-zapatas-para-pista-de-atletismo\/\">Pernos y tuercas de zapatas de oruga<\/a>Estos accesorios clave est\u00e1n fabricados con materiales de aleaci\u00f3n de alta resistencia y se someten a rigurosos procesos de tratamiento t\u00e9rmico para garantizar una excelente resistencia al desgaste y a la fatiga. En cuanto al dise\u00f1o, prestamos atenci\u00f3n a los detalles y utilizamos tecnolog\u00eda de procesamiento de roscas de precisi\u00f3n para garantizar que los pernos y las tuercas se ajusten firmemente, eviten eficazmente el aflojamiento y prolonguen su vida \u00fatil. Como empresa l\u00edder... <a style=\"color: #000000;\" href=\"https:\/\/gfmparts.com\/es_es\/producto\/fabricantes-de-cadenas-de-orugas-para-excavadoras\/\">fabricante de piezas de excavadora<\/a>Nuestra f\u00e1brica est\u00e1 equipada con equipos de producci\u00f3n y sistemas de prueba avanzados. Desde la materia prima hasta el producto terminado, cada proceso se somete a un estricto control de calidad para garantizar que cada producto cumpla o incluso supere los est\u00e1ndares de la industria.<\/span><\/p>\n<h3><span style=\"color: #ff6600;\">Descripci\u00f3n del Producto<\/span><\/h3>\n<ul>\n<li><span style=\"color: #000000;\"><strong>Materia prima:<\/strong> 40CR<\/span><\/li>\n<li><span style=\"color: #000000;\"><strong>Cantidad m\u00ednima de pedido:<\/strong>\u00a01 pieza<\/span><\/li>\n<li><span style=\"color: #000000;\"><strong>M\u00e9todo de pago:<\/strong>\u00a0Transferencia bancaria<\/span><\/li>\n<li><span style=\"color: #000000;\"><strong>Marca:<\/strong>\u00a0GFM<\/span><\/li>\n<li><span style=\"color: #000000;\"><strong>Condici\u00f3n:<\/strong>\u00a0Nuevo<\/span><\/li>\n<li><span style=\"color: #000000;\"><strong>Color:<\/strong>\u00a0Amarillo, negro o personalizado<\/span><\/li>\n<li><span style=\"color: #000000;\"><strong>Plazo de entrega:<\/strong>\u00a030 d\u00edas<\/span><\/li>\n<li><span style=\"color: #000000;\"><strong>Garant\u00eda:<\/strong>\u00a01 a\u00f1o<\/span><\/li>\n<li><span style=\"color: #000000;\"><strong>Servicio:<\/strong>\u00a0OEM o ODM<\/span><\/li>\n<li><span style=\"color: #000000;\"><strong>Lugar de origen:<\/strong>\u00a0Fujian, China<\/span><\/li>\n<li><span style=\"color: #000000;\"><strong>Solicitud:<\/strong> Excavadoras o Bulldozers<\/span><\/li>\n<li><span style=\"color: #000000;\"><strong>Embalaje:<\/strong>\u00a0Palet de madera de exportaci\u00f3n est\u00e1ndar<\/span><\/li>\n<\/ul>\n<h3><span style=\"color: #ff6600;\">Caracter\u00edsticas<\/span><\/h3>\n<ul>\n<li><b><\/b><span style=\"color: #000000;\"><strong><b>Acero de aleaci\u00f3n de alta resistencia: <\/b><\/strong>Dise\u00f1ado para una durabilidad excepcional y resistencia al desgaste.<\/span><\/li>\n<li><span style=\"color: #000000;\"><b><\/b><strong><b>Ingenier\u00eda de precisi\u00f3n: <\/b><\/strong>Cumple con los est\u00e1ndares OEM para un ajuste perfecto con las principales marcas de excavadoras.<\/span><\/li>\n<li><span style=\"color: #000000;\"><b><\/b><strong><b>Tratamiento t\u00e9rmico avanzado: <\/b><\/strong>Mayor dureza y resistencia a la tracci\u00f3n para una vida \u00fatil prolongada.<\/span><\/li>\n<li><span style=\"color: #000000;\"><b><\/b><strong><b>Dise\u00f1o anti-aflojamiento: <\/b><\/strong>Garantiza una fijaci\u00f3n segura durante operaciones intensas.<\/span><\/li>\n<li><span style=\"color: #000000;\"><b><\/b><strong><b>Protecci\u00f3n contra la corrosi\u00f3n: <\/b><\/strong>Recubrimiento especial que protege contra el \u00f3xido y las condiciones adversas.<\/span><b><\/b><\/li>\n<\/ul>\n<h3><span style=\"color: #ff6600;\">Presupuesto<\/span><\/h3>\n<p style=\"text-align: center;\"><img fetchpriority=\"high\" decoding=\"async\" class=\"alignnone wp-image-3136\" src=\"https:\/\/gfmparts.com\/wp-content\/uploads\/2024\/12\/bolts-and-nuts-desgin.jpg\" alt=\"Dise\u00f1o de pernos y tuercas para zapatas de oruga\" width=\"948\" height=\"402\" srcset=\"https:\/\/gfmparts.com\/wp-content\/uploads\/2024\/12\/bolts-and-nuts-desgin.jpg 967w, https:\/\/gfmparts.com\/wp-content\/uploads\/2024\/12\/bolts-and-nuts-desgin-300x127.jpg 300w, https:\/\/gfmparts.com\/wp-content\/uploads\/2024\/12\/bolts-and-nuts-desgin-768x326.jpg 768w, https:\/\/gfmparts.com\/wp-content\/uploads\/2024\/12\/bolts-and-nuts-desgin-600x254.jpg 600w\" sizes=\"(max-width: 948px) 100vw, 948px\" \/><\/p>\n<p><img decoding=\"async\" class=\"alignnone size-full wp-image-3374 aligncenter\" src=\"https:\/\/gfmparts.com\/wp-content\/uploads\/2025\/01\/Track-Shoe-Bolts-and-Nuts-specifications.png\" alt=\"\" width=\"728\" height=\"363\" srcset=\"https:\/\/gfmparts.com\/wp-content\/uploads\/2025\/01\/Track-Shoe-Bolts-and-Nuts-specifications.png 728w, https:\/\/gfmparts.com\/wp-content\/uploads\/2025\/01\/Track-Shoe-Bolts-and-Nuts-specifications-300x150.png 300w, https:\/\/gfmparts.com\/wp-content\/uploads\/2025\/01\/Track-Shoe-Bolts-and-Nuts-specifications-600x299.png 600w\" sizes=\"(max-width: 728px) 100vw, 728px\" \/><\/p>\n<h3><span style=\"color: #ff6600;\">Modelos de productos<\/span><\/h3>\n<p style=\"text-align: center;\"><img decoding=\"async\" class=\"alignnone size-full wp-image-3154\" src=\"https:\/\/gfmparts.com\/wp-content\/uploads\/2024\/12\/excavator-and-bulldozer-part-description.png\" alt=\"Descripci\u00f3n de piezas de excavadoras y bulldozers\" width=\"853\" height=\"736\" srcset=\"https:\/\/gfmparts.com\/wp-content\/uploads\/2024\/12\/excavator-and-bulldozer-part-description.png 853w, https:\/\/gfmparts.com\/wp-content\/uploads\/2024\/12\/excavator-and-bulldozer-part-description-300x259.png 300w, https:\/\/gfmparts.com\/wp-content\/uploads\/2024\/12\/excavator-and-bulldozer-part-description-768x663.png 768w, https:\/\/gfmparts.com\/wp-content\/uploads\/2024\/12\/excavator-and-bulldozer-part-description-600x518.png 600w\" sizes=\"(max-width: 853px) 100vw, 853px\" \/><\/p>\n<h3><span style=\"color: #ff6600;\">Proceso de producci\u00f3n<\/span><\/h3>\n<p style=\"text-align: center;\"><iframe title=\"Reproductor de v\u00eddeo de YouTube\" src=\"https:\/\/www.youtube.com\/embed\/p4WNLmr-Huc?si=PWuiZYSYsuM6wPVz\" width=\"1000\" height=\"562\" frameborder=\"0\" allowfullscreen=\"allowfullscreen\"><span data-mce-type=\"bookmark\" style=\"display: inline-block; width: 0px; overflow: hidden; line-height: 0;\" class=\"mce_SELRES_start\"><\/span><\/iframe><\/p>\n<p><img loading=\"lazy\" decoding=\"async\" class=\"size-large wp-image-3043 aligncenter\" src=\"https:\/\/gfmparts.com\/wp-content\/uploads\/2024\/12\/\u901a\u7528\u751f\u4ea7\u6d41\u7a0b-1-1024x648.jpg\" alt=\"proceso de producci\u00f3n de piezas de excavadora\" width=\"1024\" height=\"648\" srcset=\"\" sizes=\"(max-width: 1024px) 100vw, 1024px\" data-srcset=\"\" \/><\/p>\n<h3><span style=\"color: #ff6600;\">Embalaje y env\u00edo<\/span><\/h3>\n<p><img loading=\"lazy\" decoding=\"async\" class=\"size-large wp-image-6521 aligncenter\" src=\"https:\/\/gfmparts.com\/wp-content\/uploads\/2025\/05\/Packaging-and-Shipping-1-1-1024x648.jpg\" alt=\"Embalaje y env\u00edo\" width=\"1024\" height=\"648\" srcset=\"https:\/\/gfmparts.com\/wp-content\/uploads\/2025\/05\/Packaging-and-Shipping-1-1-1024x648.jpg 1024w, https:\/\/gfmparts.com\/wp-content\/uploads\/2025\/05\/Packaging-and-Shipping-1-1-300x190.jpg 300w, https:\/\/gfmparts.com\/wp-content\/uploads\/2025\/05\/Packaging-and-Shipping-1-1-768x486.jpg 768w, https:\/\/gfmparts.com\/wp-content\/uploads\/2025\/05\/Packaging-and-Shipping-1-1-1536x973.jpg 1536w, https:\/\/gfmparts.com\/wp-content\/uploads\/2025\/05\/Packaging-and-Shipping-1-1-2048x1297.jpg 2048w, https:\/\/gfmparts.com\/wp-content\/uploads\/2025\/05\/Packaging-and-Shipping-1-1-600x380.jpg 600w\" sizes=\"(max-width: 1024px) 100vw, 1024px\" \/><\/p>\n<h3><span style=\"color: #ff6600;\">Ventajas de la f\u00e1brica<\/span><\/h3>\n<p><span style=\"color: #000000;\">Los fabricantes de piezas para excavadoras GFM conocen bien el duro entorno de trabajo de las excavadoras y tienen requisitos extremadamente altos en cuanto a la durabilidad y fiabilidad de los accesorios. Por lo tanto, <a style=\"color: #000000;\" href=\"https:\/\/gfmparts.com\/es_es\/contacta-con-gfm\/\"><span class=\"keyword _ngcontent-sbz-115\" aria-hidden=\"false\">pernos y tuercas de la oruga <\/span><\/a>Fabricamos productos que no solo ofrecen una excelente resistencia a la corrosi\u00f3n y una estabilidad a largo plazo en entornos h\u00famedos y polvorientos, sino que tambi\u00e9n prestamos especial atenci\u00f3n a su dise\u00f1o adaptable, que se adapta perfectamente a diversos tipos de excavadoras y reduce el riesgo de fallos causados por accesorios no compatibles. Nuestra f\u00e1brica cuenta con un s\u00f3lido equipo de I+D y una amplia experiencia en producci\u00f3n, innovando constantemente y comprometi\u00e9ndose a ofrecer a nuestros clientes soluciones de repuestos para excavadoras m\u00e1s eficientes y seguras.<\/span><\/p>\n<p><span style=\"color: #000000;\">GFM cuenta con una moderna base de producci\u00f3n a gran escala, equipada con l\u00edneas de producci\u00f3n automatizadas y sistemas de gesti\u00f3n eficientes, que le permiten responder r\u00e1pidamente a la demanda del mercado y garantizar un suministro estable y oportuno de productos. Asimismo, hemos establecido una completa red de servicio posventa para brindar a nuestros clientes asesoramiento t\u00e9cnico profesional, soporte posventa de r\u00e1pida respuesta y servicios personalizados flexibles, garantizando as\u00ed la r\u00e1pida soluci\u00f3n de cualquier problema que puedan encontrar durante el uso. GFM interpreta la calidad con solidez y proyecta su futuro con servicio.<\/span><\/p>\n<p style=\"text-align: center;\"><span style=\"color: #000000;\"><img loading=\"lazy\" decoding=\"async\" class=\"alignnone wp-image-2159\" src=\"https:\/\/gfmparts.com\/wp-content\/uploads\/2024\/12\/\u5fae\u4fe1\u56fe\u7247_20241202160325-1024x576.jpg\" alt=\"fabricante de pasadores de dientes para excavadoras\" width=\"767\" height=\"431\" srcset=\"\" sizes=\"(max-width: 767px) 100vw, 767px\" data-srcset=\"\" \/><\/span><\/p>","protected":false},"excerpt":{"rendered":"<ul>\n<li><span style=\"color: #000000;\">Calidad del producto garantizada<\/span><\/li>\n<li><span style=\"color: #000000;\">Gran suministro<\/span><\/li>\n<li><span style=\"color: #000000;\">Precios competitivos<\/span><\/li>\n<li><span style=\"color: #000000;\">La mayor\u00eda de marcas y modelos<\/span><\/li>\n<li><span style=\"color: #000000;\">Equipo de atenci\u00f3n al cliente servicial<\/span><\/li>\n<li><span style=\"color: #000000;\">Soporte t\u00e9cnico profesional<\/span><\/li>\n<\/ul>","protected":false},"featured_media":3599,"template":"","meta":{"site-sidebar-layout":"default","site-content-layout":"","ast-site-content-layout":"default","site-content-style":"default","site-sidebar-style":"default","ast-global-header-display":"","ast-banner-title-visibility":"","ast-main-header-display":"","ast-hfb-above-header-display":"","ast-hfb-below-header-display":"","ast-hfb-mobile-header-display":"","site-post-title":"","ast-breadcrumbs-content":"","ast-featured-img":"","footer-sml-layout":"","theme-transparent-header-meta":"default","adv-header-id-meta":"","stick-header-meta":"default","header-above-stick-meta":"","header-main-stick-meta":"","header-below-stick-meta":"","astra-migrate-meta-layouts":"set","ast-page-background-enabled":"default","ast-page-background-meta":{"desktop":{"background-color":"","background-image":"","background-repeat":"repeat","background-position":"center center","background-size":"auto","background-attachment":"scroll","background-type":"","background-media":"","overlay-type":"","overlay-color":"","overlay-opacity":"","overlay-gradient":""},"tablet":{"background-color":"","background-image":"","background-repeat":"repeat","background-position":"center center","background-size":"auto","background-attachment":"scroll","background-type":"","background-media":"","overlay-type":"","overlay-color":"","overlay-opacity":"","overlay-gradient":""},"mobile":{"background-color":"","background-image":"","background-repeat":"repeat","background-position":"center center","background-size":"auto","background-attachment":"scroll","background-type":"","background-media":"","overlay-type":"","overlay-color":"","overlay-opacity":"","overlay-gradient":""}},"ast-content-background-meta":{"desktop":{"background-color":"var(--ast-global-color-5)","background-image":"","background-repeat":"repeat","background-position":"center center","background-size":"auto","background-attachment":"scroll","background-type":"","background-media":"","overlay-type":"","overlay-color":"","overlay-opacity":"","overlay-gradient":""},"tablet":{"background-color":"var(--ast-global-color-5)","background-image":"","background-repeat":"repeat","background-position":"center center","background-size":"auto","background-attachment":"scroll","background-type":"","background-media":"","overlay-type":"","overlay-color":"","overlay-opacity":"","overlay-gradient":""},"mobile":{"background-color":"var(--ast-global-color-5)","background-image":"","background-repeat":"repeat","background-position":"center center","background-size":"auto","background-attachment":"scroll","background-type":"","background-media":"","overlay-type":"","overlay-color":"","overlay-opacity":"","overlay-gradient":""}}},"product_cat":[27,37],"product_tag":[],"class_list":{"0":"post-3135","1":"product","2":"type-product","3":"status-publish","4":"has-post-thumbnail","6":"product_cat-parts","7":"product_cat-bolt-nut","8":"desktop-align-left","9":"tablet-align-left","10":"mobile-align-left","11":"ast-product-gallery-layout-horizontal-slider","12":"ast-product-gallery-with-no-image","13":"ast-product-tabs-layout-horizontal","15":"first","16":"instock","17":"shipping-taxable","18":"product-type-simple"},"yoast_head":"<!-- This site is optimized with the Yoast SEO Premium plugin v22.8 (Yoast SEO v23.9) - https:\/\/yoast.com\/wordpress\/plugins\/seo\/ -->\n<title>Bulldozer Track Shoe Bolts and Nuts Manufacturer - GFM<\/title>\n<meta name=\"description\" content=\"The track shoe bolts and nuts produced by GFM have corrosion resistance and can also adapt to various types of excavators. Support customization and have rich experience.\" \/>\n<meta name=\"robots\" content=\"index, follow, max-snippet:-1, max-image-preview:large, max-video-preview:-1\" \/>\n<link rel=\"canonical\" href=\"https:\/\/gfmparts.com\/es_es\/producto\/fabricante-de-pernos-y-tuercas-para-zapatas-de-excavadora\/\" \/>\n<meta property=\"og:locale\" content=\"es_ES\" \/>\n<meta property=\"og:type\" content=\"article\" \/>\n<meta property=\"og:title\" content=\"Track Shoe Bolts and Nuts Manufacturer\" \/>\n<meta property=\"og:description\" content=\"The track shoe bolts and nuts produced by GFM have corrosion resistance and can also adapt to various types of excavators. Support customization and have rich experience.\" \/>\n<meta property=\"og:url\" content=\"https:\/\/gfmparts.com\/es_es\/producto\/fabricante-de-pernos-y-tuercas-para-zapatas-de-excavadora\/\" \/>\n<meta property=\"article:publisher\" content=\"https:\/\/www.facebook.com\/gfmparts\" \/>\n<meta property=\"article:modified_time\" content=\"2025-05-16T09:18:29+00:00\" \/>\n<meta property=\"og:image\" content=\"https:\/\/gfmparts.com\/wp-content\/uploads\/2024\/12\/bolts-and-nuts-6.png\" \/>\n\t<meta property=\"og:image:width\" content=\"1212\" \/>\n\t<meta property=\"og:image:height\" content=\"1212\" \/>\n\t<meta property=\"og:image:type\" content=\"image\/png\" \/>\n<meta name=\"twitter:card\" content=\"summary_large_image\" \/>\n<meta name=\"twitter:label1\" content=\"Tiempo de lectura\" \/>\n\t<meta name=\"twitter:data1\" content=\"4 minutos\" \/>\n<script type=\"application\/ld+json\" class=\"yoast-schema-graph\">{\"@context\":\"https:\/\/schema.org\",\"@graph\":[{\"@type\":\"WebPage\",\"@id\":\"https:\/\/gfmparts.com\/product\/excavator-track-shoe-bolts-and-nuts-manufacturer\/\",\"url\":\"https:\/\/gfmparts.com\/product\/excavator-track-shoe-bolts-and-nuts-manufacturer\/\",\"name\":\"Bulldozer Track Shoe Bolts and Nuts Manufacturer - GFM\",\"isPartOf\":{\"@id\":\"https:\/\/gfmparts.com\/#website\"},\"primaryImageOfPage\":{\"@id\":\"https:\/\/gfmparts.com\/product\/excavator-track-shoe-bolts-and-nuts-manufacturer\/#primaryimage\"},\"image\":{\"@id\":\"https:\/\/gfmparts.com\/product\/excavator-track-shoe-bolts-and-nuts-manufacturer\/#primaryimage\"},\"thumbnailUrl\":\"https:\/\/gfmparts.com\/wp-content\/uploads\/2024\/12\/bolts-and-nuts-6.png\",\"datePublished\":\"2024-12-27T03:32:45+00:00\",\"dateModified\":\"2025-05-16T09:18:29+00:00\",\"description\":\"The track shoe bolts and nuts produced by GFM have corrosion resistance and can also adapt to various types of excavators. Support customization and have rich experience.\",\"breadcrumb\":{\"@id\":\"https:\/\/gfmparts.com\/product\/excavator-track-shoe-bolts-and-nuts-manufacturer\/#breadcrumb\"},\"inLanguage\":\"es\",\"potentialAction\":[{\"@type\":\"ReadAction\",\"target\":[\"https:\/\/gfmparts.com\/product\/excavator-track-shoe-bolts-and-nuts-manufacturer\/\"]}]},{\"@type\":\"ImageObject\",\"inLanguage\":\"es\",\"@id\":\"https:\/\/gfmparts.com\/product\/excavator-track-shoe-bolts-and-nuts-manufacturer\/#primaryimage\",\"url\":\"https:\/\/gfmparts.com\/wp-content\/uploads\/2024\/12\/bolts-and-nuts-6.png\",\"contentUrl\":\"https:\/\/gfmparts.com\/wp-content\/uploads\/2024\/12\/bolts-and-nuts-6.png\",\"width\":1212,\"height\":1212,\"caption\":\"bolts and nuts\"},{\"@type\":\"BreadcrumbList\",\"@id\":\"https:\/\/gfmparts.com\/product\/excavator-track-shoe-bolts-and-nuts-manufacturer\/#breadcrumb\",\"itemListElement\":[{\"@type\":\"ListItem\",\"position\":1,\"name\":\"\u9996\u9875\",\"item\":\"https:\/\/gfmparts.com\/\"},{\"@type\":\"ListItem\",\"position\":2,\"name\":\"All Product\",\"item\":\"https:\/\/gfmparts.com\/all-product\/\"},{\"@type\":\"ListItem\",\"position\":3,\"name\":\"Track Shoe Bolts and Nuts Manufacturer\"}]},{\"@type\":\"WebSite\",\"@id\":\"https:\/\/gfmparts.com\/#website\",\"url\":\"https:\/\/gfmparts.com\/\",\"name\":\"GFM PARTS\",\"description\":\"GFM since 2011 focused on excavator and bulldozer undercarriage parts manufacturing :Track rollers,carrier roller,idler,sprocket,track group,bucket tooth pin.\",\"publisher\":{\"@id\":\"https:\/\/gfmparts.com\/#organization\"},\"alternateName\":\"gfmparts.com\",\"potentialAction\":[{\"@type\":\"SearchAction\",\"target\":{\"@type\":\"EntryPoint\",\"urlTemplate\":\"https:\/\/gfmparts.com\/?s={search_term_string}\"},\"query-input\":{\"@type\":\"PropertyValueSpecification\",\"valueRequired\":true,\"valueName\":\"search_term_string\"}}],\"inLanguage\":\"es\"},{\"@type\":\"Organization\",\"@id\":\"https:\/\/gfmparts.com\/#organization\",\"name\":\"GFM PARTS\",\"url\":\"https:\/\/gfmparts.com\/\",\"logo\":{\"@type\":\"ImageObject\",\"inLanguage\":\"es\",\"@id\":\"https:\/\/gfmparts.com\/#\/schema\/logo\/image\/\",\"url\":\"https:\/\/gfmparts.com\/wp-content\/uploads\/2024\/11\/cropped-GFMparts.com_-2.png\",\"contentUrl\":\"https:\/\/gfmparts.com\/wp-content\/uploads\/2024\/11\/cropped-GFMparts.com_-2.png\",\"width\":5987,\"height\":2564,\"caption\":\"GFM PARTS\"},\"image\":{\"@id\":\"https:\/\/gfmparts.com\/#\/schema\/logo\/image\/\"},\"sameAs\":[\"https:\/\/www.facebook.com\/gfmparts\",\"https:\/\/www.linkedin.com\/company\/gfmparts\/\",\"https:\/\/www.tiktok.com\/@gfmparts\",\"https:\/\/www.youtube.com\/@GFMparts\/featured\"]}]}<\/script>\n<!-- \/ Yoast SEO Premium plugin. -->","yoast_head_json":{"title":"Bulldozer Track Shoe Bolts and Nuts Manufacturer - GFM","description":"The track shoe bolts and nuts produced by GFM have corrosion resistance and can also adapt to various types of excavators. Support customization and have rich experience.","robots":{"index":"index","follow":"follow","max-snippet":"max-snippet:-1","max-image-preview":"max-image-preview:large","max-video-preview":"max-video-preview:-1"},"canonical":"https:\/\/gfmparts.com\/es_es\/producto\/fabricante-de-pernos-y-tuercas-para-zapatas-de-excavadora\/","og_locale":"es_ES","og_type":"article","og_title":"Track Shoe Bolts and Nuts Manufacturer","og_description":"The track shoe bolts and nuts produced by GFM have corrosion resistance and can also adapt to various types of excavators. Support customization and have rich experience.","og_url":"https:\/\/gfmparts.com\/es_es\/producto\/fabricante-de-pernos-y-tuercas-para-zapatas-de-excavadora\/","article_publisher":"https:\/\/www.facebook.com\/gfmparts","article_modified_time":"2025-05-16T09:18:29+00:00","og_image":[{"width":1212,"height":1212,"url":"https:\/\/gfmparts.com\/wp-content\/uploads\/2024\/12\/bolts-and-nuts-6.png","type":"image\/png"}],"twitter_card":"summary_large_image","twitter_misc":{"Tiempo de lectura":"4 minutos"},"schema":{"@context":"https:\/\/schema.org","@graph":[{"@type":"WebPage","@id":"https:\/\/gfmparts.com\/product\/excavator-track-shoe-bolts-and-nuts-manufacturer\/","url":"https:\/\/gfmparts.com\/product\/excavator-track-shoe-bolts-and-nuts-manufacturer\/","name":"Bulldozer Track Shoe Bolts and Nuts Manufacturer - GFM","isPartOf":{"@id":"https:\/\/gfmparts.com\/#website"},"primaryImageOfPage":{"@id":"https:\/\/gfmparts.com\/product\/excavator-track-shoe-bolts-and-nuts-manufacturer\/#primaryimage"},"image":{"@id":"https:\/\/gfmparts.com\/product\/excavator-track-shoe-bolts-and-nuts-manufacturer\/#primaryimage"},"thumbnailUrl":"https:\/\/gfmparts.com\/wp-content\/uploads\/2024\/12\/bolts-and-nuts-6.png","datePublished":"2024-12-27T03:32:45+00:00","dateModified":"2025-05-16T09:18:29+00:00","description":"The track shoe bolts and nuts produced by GFM have corrosion resistance and can also adapt to various types of excavators. Support customization and have rich experience.","breadcrumb":{"@id":"https:\/\/gfmparts.com\/product\/excavator-track-shoe-bolts-and-nuts-manufacturer\/#breadcrumb"},"inLanguage":"es","potentialAction":[{"@type":"ReadAction","target":["https:\/\/gfmparts.com\/product\/excavator-track-shoe-bolts-and-nuts-manufacturer\/"]}]},{"@type":"ImageObject","inLanguage":"es","@id":"https:\/\/gfmparts.com\/product\/excavator-track-shoe-bolts-and-nuts-manufacturer\/#primaryimage","url":"https:\/\/gfmparts.com\/wp-content\/uploads\/2024\/12\/bolts-and-nuts-6.png","contentUrl":"https:\/\/gfmparts.com\/wp-content\/uploads\/2024\/12\/bolts-and-nuts-6.png","width":1212,"height":1212,"caption":"bolts and nuts"},{"@type":"BreadcrumbList","@id":"https:\/\/gfmparts.com\/product\/excavator-track-shoe-bolts-and-nuts-manufacturer\/#breadcrumb","itemListElement":[{"@type":"ListItem","position":1,"name":"\u9996\u9875","item":"https:\/\/gfmparts.com\/"},{"@type":"ListItem","position":2,"name":"All Product","item":"https:\/\/gfmparts.com\/all-product\/"},{"@type":"ListItem","position":3,"name":"Track Shoe Bolts and Nuts Manufacturer"}]},{"@type":"WebSite","@id":"https:\/\/gfmparts.com\/#website","url":"https:\/\/gfmparts.com\/","name":"GFM PARTS","description":"GFM since 2011 focused on excavator and bulldozer undercarriage parts manufacturing :Track rollers,carrier roller,idler,sprocket,track group,bucket tooth pin.","publisher":{"@id":"https:\/\/gfmparts.com\/#organization"},"alternateName":"gfmparts.com","potentialAction":[{"@type":"SearchAction","target":{"@type":"EntryPoint","urlTemplate":"https:\/\/gfmparts.com\/?s={search_term_string}"},"query-input":{"@type":"PropertyValueSpecification","valueRequired":true,"valueName":"search_term_string"}}],"inLanguage":"es"},{"@type":"Organization","@id":"https:\/\/gfmparts.com\/#organization","name":"GFM PARTS","url":"https:\/\/gfmparts.com\/","logo":{"@type":"ImageObject","inLanguage":"es","@id":"https:\/\/gfmparts.com\/#\/schema\/logo\/image\/","url":"https:\/\/gfmparts.com\/wp-content\/uploads\/2024\/11\/cropped-GFMparts.com_-2.png","contentUrl":"https:\/\/gfmparts.com\/wp-content\/uploads\/2024\/11\/cropped-GFMparts.com_-2.png","width":5987,"height":2564,"caption":"GFM PARTS"},"image":{"@id":"https:\/\/gfmparts.com\/#\/schema\/logo\/image\/"},"sameAs":["https:\/\/www.facebook.com\/gfmparts","https:\/\/www.linkedin.com\/company\/gfmparts\/","https:\/\/www.tiktok.com\/@gfmparts","https:\/\/www.youtube.com\/@GFMparts\/featured"]}]}},"_links":{"self":[{"href":"https:\/\/gfmparts.com\/es_es\/wp-json\/wp\/v2\/product\/3135"}],"collection":[{"href":"https:\/\/gfmparts.com\/es_es\/wp-json\/wp\/v2\/product"}],"about":[{"href":"https:\/\/gfmparts.com\/es_es\/wp-json\/wp\/v2\/types\/product"}],"wp:featuredmedia":[{"embeddable":true,"href":"https:\/\/gfmparts.com\/es_es\/wp-json\/wp\/v2\/media\/3599"}],"wp:attachment":[{"href":"https:\/\/gfmparts.com\/es_es\/wp-json\/wp\/v2\/media?parent=3135"}],"wp:term":[{"taxonomy":"product_cat","embeddable":true,"href":"https:\/\/gfmparts.com\/es_es\/wp-json\/wp\/v2\/product_cat?post=3135"},{"taxonomy":"product_tag","embeddable":true,"href":"https:\/\/gfmparts.com\/es_es\/wp-json\/wp\/v2\/product_tag?post=3135"}],"curies":[{"name":"wp","href":"https:\/\/api.w.org\/{rel}","templated":true}]}}