{"id":3185,"date":"2024-12-30T02:34:55","date_gmt":"2024-12-30T02:34:55","guid":{"rendered":"https:\/\/gfmparts.com\/?post_type=product&#038;p=3185"},"modified":"2025-07-22T05:56:58","modified_gmt":"2025-07-22T05:56:58","slug":"bulldozer-track-chain-manufacturer","status":"publish","type":"product","link":"https:\/\/gfmparts.com\/es_es\/producto\/fabricante-de-cadenas-para-excavadoras\/","title":{"rendered":"Cadena de oruga para bulldozer Fabricantes"},"content":{"rendered":"<p><span style=\"color: #000000;\">GFM <a style=\"color: #000000;\" href=\"https:\/\/gfmparts.com\/es_es\/producto\/fabricante-de-grupos-de-orugas-para-excavadoras\/\">cadena de tren bulldozer<\/a> Fabricada en acero de aleaci\u00f3n de alta resistencia, se ha sometido a un preciso tratamiento t\u00e9rmico y endurecimiento superficial para garantizar una extraordinaria resistencia al desgaste y a la tracci\u00f3n en condiciones de trabajo extremas. Su dise\u00f1o \u00fanico optimiza el enganche entre la cadena y la rueda dentada, reduce la p\u00e9rdida por fricci\u00f3n y prolonga su vida \u00fatil. Ya sea en miner\u00eda exigente o en obras de construcci\u00f3n pesada, nuestras cadenas para bulldozer garantizan el funcionamiento continuo y eficiente de su equipo con un rendimiento excelente.<\/span><\/p>\n<h3><span style=\"color: #ff6600;\">Descripci\u00f3n del Producto<\/span><\/h3>\n<ul>\n<li><span style=\"color: #000000;\"><strong>T\u00e9cnica:<\/strong> Forja\u00a0<\/span><\/li>\n<li><span style=\"color: #000000;\"><strong>Materia prima:<\/strong> 35MnBH<\/span><\/li>\n<li><span style=\"color: #000000;\"><strong>Cantidad m\u00ednima de pedido:<\/strong> 1 pieza<\/span><\/li>\n<li><span style=\"color: #000000;\"><strong>M\u00e9todo de pago:<\/strong> Transferencia bancaria<\/span><\/li>\n<li><span style=\"color: #000000;\"><strong>Marca:<\/strong> GFM<\/span><\/li>\n<li><span style=\"color: #000000;\"><strong>Condici\u00f3n:<\/strong> Nuevo<\/span><\/li>\n<li><span style=\"color: #000000;\"><strong>Color:<\/strong> Amarillo, negro o personalizado<\/span><\/li>\n<li><span style=\"color: #000000;\"><strong>Plazo de entrega:<\/strong> 30 d\u00edas<\/span><\/li>\n<li><span style=\"color: #000000;\"><strong>Garant\u00eda:<\/strong> 1 a\u00f1o<\/span><\/li>\n<li><span style=\"color: #000000;\"><strong>Servicio:<\/strong> OEM o ODM<\/span><\/li>\n<li><span style=\"color: #000000;\"><strong>Lugar de origen:<\/strong> Fujian, China<\/span><\/li>\n<li><span style=\"color: #000000;\"><strong>Solicitud:<\/strong> Excavadora<\/span><\/li>\n<li><span style=\"color: #000000;\"><strong>Embalaje:<\/strong> Palet de madera de exportaci\u00f3n est\u00e1ndar<\/span><\/li>\n<\/ul>\n<h3><span style=\"color: #ff6600;\">Caracter\u00edsticas<\/span><\/h3>\n<ul>\n<li><span style=\"color: #000000;\">Sellado y <span style=\"color: #ff6600;\">Aceite<\/span>-Lubricado<\/span><\/li>\n<li><span style=\"color: #000000;\">Mayor movilidad y velocidad de seguimiento<\/span><\/li>\n<li><span style=\"color: #000000;\"><span style=\"color: #ff6600;\">50% m\u00e1s largo<\/span> Vida laboral<\/span><\/li>\n<li><span style=\"color: #000000;\">Reducci\u00f3n de la contaminaci\u00f3n y el mantenimiento<\/span><\/li>\n<li><span style=\"color: #000000;\">Mayor sostenibilidad y durabilidad<b><\/b><\/span><\/li>\n<\/ul>\n<p><span style=\"color: #000000;\">En GFM Factory, utilizamos <span style=\"color: #ff6600;\">aceite<\/span>\u00a0En lugar de grasa, se utilizan eslabones de cadena de excavadoras gracias a su lubricaci\u00f3n y rendimiento superiores. A diferencia de los eslabones lubricados con grasa, los sistemas lubricados con aceite tienen m\u00e1s espacio entre el pasador y el buje. Tras presionar el pasador en su lugar, el espacio se sella al vac\u00edo y se llena con aceite, asegurando as\u00ed una lubricaci\u00f3n \u00f3ptima. Este proceso tambi\u00e9n verifica la integridad del sello de la cadena, fundamental para prevenir el desgaste y garantizar el \u00f3ptimo rendimiento de la cadena.<\/span><\/p>\n<p><span style=\"color: #000000;\">El aceite es la opci\u00f3n ideal para los eslabones de la cadena, ya que proporciona mayor protecci\u00f3n contra el desgaste, disipa eficazmente el calor y ayuda a mantener alejados los contaminantes. Adem\u00e1s, reduce la necesidad de mantenimiento frecuente. Estas ventajas hacen que los eslabones de la cadena de bulldozer llenos de aceite sean duraderos, eficientes y... <\/span><span style=\"color: #000000; font-size: 16px;\">Soluci\u00f3n confiable para maquinaria pesada, garantizando un rendimiento duradero.<\/span><\/p>\n<h3><span style=\"color: #ff6600;\">Presupuesto<\/span><\/h3>\n<p style=\"text-align: center;\"><img fetchpriority=\"high\" decoding=\"async\" class=\"alignnone wp-image-6788\" src=\"https:\/\/gfmparts.com\/wp-content\/uploads\/2024\/12\/Bulldozer-Track-Chain-Specifications-1024x692.png\" alt=\"Especificaciones de la cadena de orugas de la excavadora\" width=\"851\" height=\"575\" srcset=\"https:\/\/gfmparts.com\/wp-content\/uploads\/2024\/12\/Bulldozer-Track-Chain-Specifications-1024x692.png 1024w, https:\/\/gfmparts.com\/wp-content\/uploads\/2024\/12\/Bulldozer-Track-Chain-Specifications-300x203.png 300w, https:\/\/gfmparts.com\/wp-content\/uploads\/2024\/12\/Bulldozer-Track-Chain-Specifications-768x519.png 768w, https:\/\/gfmparts.com\/wp-content\/uploads\/2024\/12\/Bulldozer-Track-Chain-Specifications-1536x1038.png 1536w, https:\/\/gfmparts.com\/wp-content\/uploads\/2024\/12\/Bulldozer-Track-Chain-Specifications-600x405.png 600w, https:\/\/gfmparts.com\/wp-content\/uploads\/2024\/12\/Bulldozer-Track-Chain-Specifications.png 1849w\" sizes=\"(max-width: 851px) 100vw, 851px\" \/><\/p>\n<h3><span style=\"color: #ff6600;\">Modelos de productos<\/span><\/h3>\n<p style=\"text-align: center;\"><img decoding=\"async\" class=\"alignnone size-full wp-image-3146\" src=\"https:\/\/gfmparts.com\/wp-content\/uploads\/2024\/11\/bulldozer-part-description.png\" alt=\"Descripci\u00f3n de la pieza de la excavadora\" width=\"626\" height=\"317\" srcset=\"https:\/\/gfmparts.com\/wp-content\/uploads\/2024\/11\/bulldozer-part-description.png 626w, https:\/\/gfmparts.com\/wp-content\/uploads\/2024\/11\/bulldozer-part-description-300x152.png 300w, https:\/\/gfmparts.com\/wp-content\/uploads\/2024\/11\/bulldozer-part-description-600x304.png 600w\" sizes=\"(max-width: 626px) 100vw, 626px\" \/><\/p>\n<h3><span style=\"color: #ff6600;\">Proceso de producci\u00f3n<\/span><\/h3>\n<p style=\"text-align: center;\"><iframe title=\"Reproductor de v\u00eddeo de YouTube\" src=\"https:\/\/www.youtube.com\/embed\/0MdGoauuqtc?si=qQfjAiRnGnq8PQ2B\" width=\"1000\" height=\"563\" frameborder=\"0\" allowfullscreen=\"allowfullscreen\"><\/iframe><\/p>\n<p><img decoding=\"async\" class=\"size-large wp-image-3043 aligncenter\" src=\"https:\/\/gfmparts.com\/wp-content\/uploads\/2024\/12\/\u901a\u7528\u751f\u4ea7\u6d41\u7a0b-1-1024x648.jpg\" alt=\"proceso de producci\u00f3n de piezas de excavadora\" width=\"1024\" height=\"648\" srcset=\"\" sizes=\"(max-width: 1024px) 100vw, 1024px\" data-srcset=\"\" \/><\/p>\n<h3><span style=\"color: #ff6600;\">Embalaje y env\u00edo<\/span><\/h3>\n<p style=\"text-align: center;\"><img loading=\"lazy\" decoding=\"async\" class=\"alignnone size-large wp-image-6521\" src=\"https:\/\/gfmparts.com\/wp-content\/uploads\/2025\/05\/Packaging-and-Shipping-1-1-1024x648.jpg\" alt=\"Embalaje y env\u00edo\" width=\"1024\" height=\"648\" srcset=\"https:\/\/gfmparts.com\/wp-content\/uploads\/2025\/05\/Packaging-and-Shipping-1-1-1024x648.jpg 1024w, https:\/\/gfmparts.com\/wp-content\/uploads\/2025\/05\/Packaging-and-Shipping-1-1-300x190.jpg 300w, https:\/\/gfmparts.com\/wp-content\/uploads\/2025\/05\/Packaging-and-Shipping-1-1-768x486.jpg 768w, https:\/\/gfmparts.com\/wp-content\/uploads\/2025\/05\/Packaging-and-Shipping-1-1-1536x973.jpg 1536w, https:\/\/gfmparts.com\/wp-content\/uploads\/2025\/05\/Packaging-and-Shipping-1-1-2048x1297.jpg 2048w, https:\/\/gfmparts.com\/wp-content\/uploads\/2025\/05\/Packaging-and-Shipping-1-1-600x380.jpg 600w\" sizes=\"(max-width: 1024px) 100vw, 1024px\" \/><\/p>\n<h3><span style=\"color: #ff6600;\">Ventajas de la f\u00e1brica<\/span><\/h3>\n<p><span style=\"color: #000000;\">Como excavadora l\u00edder en la industria <a style=\"color: #000000;\" href=\"https:\/\/gfmparts.com\/es_es\/producto\/fabricantes-de-cadenas-de-orugas-para-excavadoras\/\">eslabon de oruga de fabrica<\/a>GFM cuenta con l\u00edneas de producci\u00f3n avanzadas y un estricto sistema de control de calidad. Desde la adquisici\u00f3n de la materia prima hasta la entrega del producto terminado, cada paso se examina minuciosamente y se somete a rigurosas pruebas para garantizar que cada cadena cumpla con los m\u00e1s altos est\u00e1ndares. Nuestro equipo de I+D contin\u00faa innovando, manteni\u00e9ndose al d\u00eda con las tendencias del mercado y ofreciendo soluciones personalizadas a nuestros clientes. Adem\u00e1s, la f\u00e1brica es de gran tama\u00f1o y cuenta con un inventario suficiente, lo que le permite responder r\u00e1pidamente a las necesidades de los clientes, lograr una producci\u00f3n eficiente y entregas puntuales.<\/span><\/p>\n<p><span style=\"color: #000000;\">Si busca cadenas para bulldozer de alto rendimiento, nuestra f\u00e1brica es su mejor opci\u00f3n. Nos especializamos en la producci\u00f3n de cadenas para bulldozer de alta calidad, utilizando materiales y procesos de primera calidad para garantizar una vida \u00fatil extremadamente larga y un rendimiento excelente. Como f\u00e1brica de cadenas para bulldozer con amplia experiencia y tecnolog\u00eda avanzada, no solo ofrecemos productos estandarizados, sino que tambi\u00e9n personalizamos dise\u00f1os seg\u00fan las necesidades espec\u00edficas del cliente para satisfacer diversas aplicaciones. Desde la cuidadosa selecci\u00f3n de las materias primas hasta las rigurosas pruebas de los productos terminados, siempre priorizamos la calidad para garantizar que cada producto supere las pruebas del mercado. Elegir nuestra cadena para bulldozer significa elegir profesionalismo, confianza y \u00e9xito.<\/span><\/p>\n<p style=\"text-align: center;\"><img loading=\"lazy\" decoding=\"async\" class=\"alignnone wp-image-2159\" src=\"https:\/\/gfmparts.com\/wp-content\/uploads\/2024\/12\/\u5fae\u4fe1\u56fe\u7247_20241202160325-1024x576.jpg\" alt=\"Fabricante de piezas para excavadoras\" width=\"800\" height=\"450\" srcset=\"\" sizes=\"(max-width: 800px) 100vw, 800px\" data-srcset=\"\" \/><\/p>","protected":false},"excerpt":{"rendered":"<ul>\n<li><span style=\"color: #000000;\">Calidad del producto garantizada<\/span><\/li>\n<li><span style=\"color: #000000;\">Gran suministro<\/span><\/li>\n<li><span style=\"color: #000000;\">Precios competitivos<\/span><\/li>\n<li><span style=\"color: #000000;\">La mayor\u00eda de marcas y modelos<\/span><\/li>\n<li><span style=\"color: #000000;\">Equipo de atenci\u00f3n al cliente servicial<\/span><\/li>\n<li><span style=\"color: #000000;\">Soporte t\u00e9cnico profesional<\/span><\/li>\n<\/ul>","protected":false},"featured_media":3597,"template":"","meta":{"site-sidebar-layout":"default","site-content-layout":"","ast-site-content-layout":"default","site-content-style":"default","site-sidebar-style":"default","ast-global-header-display":"","ast-banner-title-visibility":"","ast-main-header-display":"","ast-hfb-above-header-display":"","ast-hfb-below-header-display":"","ast-hfb-mobile-header-display":"","site-post-title":"","ast-breadcrumbs-content":"","ast-featured-img":"","footer-sml-layout":"","theme-transparent-header-meta":"default","adv-header-id-meta":"","stick-header-meta":"default","header-above-stick-meta":"","header-main-stick-meta":"","header-below-stick-meta":"","astra-migrate-meta-layouts":"set","ast-page-background-enabled":"default","ast-page-background-meta":{"desktop":{"background-color":"","background-image":"","background-repeat":"repeat","background-position":"center center","background-size":"auto","background-attachment":"scroll","background-type":"","background-media":"","overlay-type":"","overlay-color":"","overlay-opacity":"","overlay-gradient":""},"tablet":{"background-color":"","background-image":"","background-repeat":"repeat","background-position":"center center","background-size":"auto","background-attachment":"scroll","background-type":"","background-media":"","overlay-type":"","overlay-color":"","overlay-opacity":"","overlay-gradient":""},"mobile":{"background-color":"","background-image":"","background-repeat":"repeat","background-position":"center center","background-size":"auto","background-attachment":"scroll","background-type":"","background-media":"","overlay-type":"","overlay-color":"","overlay-opacity":"","overlay-gradient":""}},"ast-content-background-meta":{"desktop":{"background-color":"var(--ast-global-color-5)","background-image":"","background-repeat":"repeat","background-position":"center center","background-size":"auto","background-attachment":"scroll","background-type":"","background-media":"","overlay-type":"","overlay-color":"","overlay-opacity":"","overlay-gradient":""},"tablet":{"background-color":"var(--ast-global-color-5)","background-image":"","background-repeat":"repeat","background-position":"center center","background-size":"auto","background-attachment":"scroll","background-type":"","background-media":"","overlay-type":"","overlay-color":"","overlay-opacity":"","overlay-gradient":""},"mobile":{"background-color":"var(--ast-global-color-5)","background-image":"","background-repeat":"repeat","background-position":"center center","background-size":"auto","background-attachment":"scroll","background-type":"","background-media":"","overlay-type":"","overlay-color":"","overlay-opacity":"","overlay-gradient":""}}},"product_cat":[38,29],"product_tag":[],"class_list":{"0":"post-3185","1":"product","2":"type-product","3":"status-publish","4":"has-post-thumbnail","6":"product_cat-undercarriage","7":"product_cat-track-link","8":"desktop-align-left","9":"tablet-align-left","10":"mobile-align-left","11":"ast-product-gallery-layout-horizontal-slider","12":"ast-product-gallery-with-no-image","13":"ast-product-tabs-layout-horizontal","15":"first","16":"instock","17":"shipping-taxable","18":"product-type-simple"},"yoast_head":"<!-- This site is optimized with the Yoast SEO Premium plugin v22.8 (Yoast SEO v23.9) - https:\/\/yoast.com\/wordpress\/plugins\/seo\/ -->\n<title>Bulldozer Track Chain|Track Link Assy Factory<\/title>\n<meta name=\"description\" content=\"As an leading bulldozer track chain factory, GFM not only provides standardized products, but also customized designs according to customer specific needs to meet diverse application scenarios.\" \/>\n<meta name=\"robots\" content=\"index, follow, max-snippet:-1, max-image-preview:large, max-video-preview:-1\" \/>\n<link rel=\"canonical\" href=\"https:\/\/gfmparts.com\/es_es\/producto\/fabricante-de-cadenas-para-excavadoras\/\" \/>\n<meta property=\"og:locale\" content=\"es_ES\" \/>\n<meta property=\"og:type\" content=\"article\" \/>\n<meta property=\"og:title\" content=\"Bulldozer Track Chain Manufacturer\" \/>\n<meta property=\"og:description\" content=\"As an leading bulldozer track chain factory, GFM not only provides standardized products, but also customized designs according to customer specific needs to meet diverse application scenarios.\" \/>\n<meta property=\"og:url\" content=\"https:\/\/gfmparts.com\/es_es\/producto\/fabricante-de-cadenas-para-excavadoras\/\" \/>\n<meta property=\"article:publisher\" content=\"https:\/\/www.facebook.com\/gfmparts\" \/>\n<meta property=\"article:modified_time\" content=\"2025-07-22T05:56:58+00:00\" \/>\n<meta property=\"og:image\" content=\"https:\/\/gfmparts.com\/wp-content\/uploads\/2024\/12\/bulldozer-track-chain-2.png\" \/>\n\t<meta property=\"og:image:width\" content=\"754\" \/>\n\t<meta property=\"og:image:height\" content=\"754\" \/>\n\t<meta property=\"og:image:type\" content=\"image\/png\" \/>\n<meta name=\"twitter:card\" content=\"summary_large_image\" \/>\n<meta name=\"twitter:label1\" content=\"Tiempo de lectura\" \/>\n\t<meta name=\"twitter:data1\" content=\"4 minutos\" \/>\n<script type=\"application\/ld+json\" class=\"yoast-schema-graph\">{\"@context\":\"https:\/\/schema.org\",\"@graph\":[{\"@type\":\"WebPage\",\"@id\":\"https:\/\/gfmparts.com\/product\/bulldozer-track-chain-manufacturer\/\",\"url\":\"https:\/\/gfmparts.com\/product\/bulldozer-track-chain-manufacturer\/\",\"name\":\"Bulldozer Track Chain|Track Link Assy Factory\",\"isPartOf\":{\"@id\":\"https:\/\/gfmparts.com\/#website\"},\"primaryImageOfPage\":{\"@id\":\"https:\/\/gfmparts.com\/product\/bulldozer-track-chain-manufacturer\/#primaryimage\"},\"image\":{\"@id\":\"https:\/\/gfmparts.com\/product\/bulldozer-track-chain-manufacturer\/#primaryimage\"},\"thumbnailUrl\":\"https:\/\/gfmparts.com\/wp-content\/uploads\/2024\/12\/bulldozer-track-chain-2.png\",\"datePublished\":\"2024-12-30T02:34:55+00:00\",\"dateModified\":\"2025-07-22T05:56:58+00:00\",\"description\":\"As an leading bulldozer track chain factory, GFM not only provides standardized products, but also customized designs according to customer specific needs to meet diverse application scenarios.\",\"breadcrumb\":{\"@id\":\"https:\/\/gfmparts.com\/product\/bulldozer-track-chain-manufacturer\/#breadcrumb\"},\"inLanguage\":\"es\",\"potentialAction\":[{\"@type\":\"ReadAction\",\"target\":[\"https:\/\/gfmparts.com\/product\/bulldozer-track-chain-manufacturer\/\"]}]},{\"@type\":\"ImageObject\",\"inLanguage\":\"es\",\"@id\":\"https:\/\/gfmparts.com\/product\/bulldozer-track-chain-manufacturer\/#primaryimage\",\"url\":\"https:\/\/gfmparts.com\/wp-content\/uploads\/2024\/12\/bulldozer-track-chain-2.png\",\"contentUrl\":\"https:\/\/gfmparts.com\/wp-content\/uploads\/2024\/12\/bulldozer-track-chain-2.png\",\"width\":754,\"height\":754,\"caption\":\"Bulldozer Track Chain\"},{\"@type\":\"BreadcrumbList\",\"@id\":\"https:\/\/gfmparts.com\/product\/bulldozer-track-chain-manufacturer\/#breadcrumb\",\"itemListElement\":[{\"@type\":\"ListItem\",\"position\":1,\"name\":\"\u9996\u9875\",\"item\":\"https:\/\/gfmparts.com\/\"},{\"@type\":\"ListItem\",\"position\":2,\"name\":\"All Product\",\"item\":\"https:\/\/gfmparts.com\/all-product\/\"},{\"@type\":\"ListItem\",\"position\":3,\"name\":\"Bulldozer Track Chain Manufacturer\"}]},{\"@type\":\"WebSite\",\"@id\":\"https:\/\/gfmparts.com\/#website\",\"url\":\"https:\/\/gfmparts.com\/\",\"name\":\"GFM PARTS\",\"description\":\"GFM since 2011 focused on excavator and bulldozer undercarriage parts manufacturing :Track rollers,carrier roller,idler,sprocket,track group,bucket tooth pin.\",\"publisher\":{\"@id\":\"https:\/\/gfmparts.com\/#organization\"},\"alternateName\":\"gfmparts.com\",\"potentialAction\":[{\"@type\":\"SearchAction\",\"target\":{\"@type\":\"EntryPoint\",\"urlTemplate\":\"https:\/\/gfmparts.com\/?s={search_term_string}\"},\"query-input\":{\"@type\":\"PropertyValueSpecification\",\"valueRequired\":true,\"valueName\":\"search_term_string\"}}],\"inLanguage\":\"es\"},{\"@type\":\"Organization\",\"@id\":\"https:\/\/gfmparts.com\/#organization\",\"name\":\"GFM PARTS\",\"url\":\"https:\/\/gfmparts.com\/\",\"logo\":{\"@type\":\"ImageObject\",\"inLanguage\":\"es\",\"@id\":\"https:\/\/gfmparts.com\/#\/schema\/logo\/image\/\",\"url\":\"https:\/\/gfmparts.com\/wp-content\/uploads\/2024\/11\/cropped-GFMparts.com_-2.png\",\"contentUrl\":\"https:\/\/gfmparts.com\/wp-content\/uploads\/2024\/11\/cropped-GFMparts.com_-2.png\",\"width\":5987,\"height\":2564,\"caption\":\"GFM PARTS\"},\"image\":{\"@id\":\"https:\/\/gfmparts.com\/#\/schema\/logo\/image\/\"},\"sameAs\":[\"https:\/\/www.facebook.com\/gfmparts\",\"https:\/\/www.linkedin.com\/company\/gfmparts\/\",\"https:\/\/www.tiktok.com\/@gfmparts\",\"https:\/\/www.youtube.com\/@GFMparts\/featured\"]}]}<\/script>\n<!-- \/ Yoast SEO Premium plugin. -->","yoast_head_json":{"title":"Bulldozer Track Chain|Track Link Assy Factory","description":"As an leading bulldozer track chain factory, GFM not only provides standardized products, but also customized designs according to customer specific needs to meet diverse application scenarios.","robots":{"index":"index","follow":"follow","max-snippet":"max-snippet:-1","max-image-preview":"max-image-preview:large","max-video-preview":"max-video-preview:-1"},"canonical":"https:\/\/gfmparts.com\/es_es\/producto\/fabricante-de-cadenas-para-excavadoras\/","og_locale":"es_ES","og_type":"article","og_title":"Bulldozer Track Chain Manufacturer","og_description":"As an leading bulldozer track chain factory, GFM not only provides standardized products, but also customized designs according to customer specific needs to meet diverse application scenarios.","og_url":"https:\/\/gfmparts.com\/es_es\/producto\/fabricante-de-cadenas-para-excavadoras\/","article_publisher":"https:\/\/www.facebook.com\/gfmparts","article_modified_time":"2025-07-22T05:56:58+00:00","og_image":[{"width":754,"height":754,"url":"https:\/\/gfmparts.com\/wp-content\/uploads\/2024\/12\/bulldozer-track-chain-2.png","type":"image\/png"}],"twitter_card":"summary_large_image","twitter_misc":{"Tiempo de lectura":"4 minutos"},"schema":{"@context":"https:\/\/schema.org","@graph":[{"@type":"WebPage","@id":"https:\/\/gfmparts.com\/product\/bulldozer-track-chain-manufacturer\/","url":"https:\/\/gfmparts.com\/product\/bulldozer-track-chain-manufacturer\/","name":"Bulldozer Track Chain|Track Link Assy Factory","isPartOf":{"@id":"https:\/\/gfmparts.com\/#website"},"primaryImageOfPage":{"@id":"https:\/\/gfmparts.com\/product\/bulldozer-track-chain-manufacturer\/#primaryimage"},"image":{"@id":"https:\/\/gfmparts.com\/product\/bulldozer-track-chain-manufacturer\/#primaryimage"},"thumbnailUrl":"https:\/\/gfmparts.com\/wp-content\/uploads\/2024\/12\/bulldozer-track-chain-2.png","datePublished":"2024-12-30T02:34:55+00:00","dateModified":"2025-07-22T05:56:58+00:00","description":"As an leading bulldozer track chain factory, GFM not only provides standardized products, but also customized designs according to customer specific needs to meet diverse application scenarios.","breadcrumb":{"@id":"https:\/\/gfmparts.com\/product\/bulldozer-track-chain-manufacturer\/#breadcrumb"},"inLanguage":"es","potentialAction":[{"@type":"ReadAction","target":["https:\/\/gfmparts.com\/product\/bulldozer-track-chain-manufacturer\/"]}]},{"@type":"ImageObject","inLanguage":"es","@id":"https:\/\/gfmparts.com\/product\/bulldozer-track-chain-manufacturer\/#primaryimage","url":"https:\/\/gfmparts.com\/wp-content\/uploads\/2024\/12\/bulldozer-track-chain-2.png","contentUrl":"https:\/\/gfmparts.com\/wp-content\/uploads\/2024\/12\/bulldozer-track-chain-2.png","width":754,"height":754,"caption":"Bulldozer Track Chain"},{"@type":"BreadcrumbList","@id":"https:\/\/gfmparts.com\/product\/bulldozer-track-chain-manufacturer\/#breadcrumb","itemListElement":[{"@type":"ListItem","position":1,"name":"\u9996\u9875","item":"https:\/\/gfmparts.com\/"},{"@type":"ListItem","position":2,"name":"All Product","item":"https:\/\/gfmparts.com\/all-product\/"},{"@type":"ListItem","position":3,"name":"Bulldozer Track Chain Manufacturer"}]},{"@type":"WebSite","@id":"https:\/\/gfmparts.com\/#website","url":"https:\/\/gfmparts.com\/","name":"GFM PARTS","description":"GFM since 2011 focused on excavator and bulldozer undercarriage parts manufacturing :Track rollers,carrier roller,idler,sprocket,track group,bucket tooth pin.","publisher":{"@id":"https:\/\/gfmparts.com\/#organization"},"alternateName":"gfmparts.com","potentialAction":[{"@type":"SearchAction","target":{"@type":"EntryPoint","urlTemplate":"https:\/\/gfmparts.com\/?s={search_term_string}"},"query-input":{"@type":"PropertyValueSpecification","valueRequired":true,"valueName":"search_term_string"}}],"inLanguage":"es"},{"@type":"Organization","@id":"https:\/\/gfmparts.com\/#organization","name":"GFM PARTS","url":"https:\/\/gfmparts.com\/","logo":{"@type":"ImageObject","inLanguage":"es","@id":"https:\/\/gfmparts.com\/#\/schema\/logo\/image\/","url":"https:\/\/gfmparts.com\/wp-content\/uploads\/2024\/11\/cropped-GFMparts.com_-2.png","contentUrl":"https:\/\/gfmparts.com\/wp-content\/uploads\/2024\/11\/cropped-GFMparts.com_-2.png","width":5987,"height":2564,"caption":"GFM PARTS"},"image":{"@id":"https:\/\/gfmparts.com\/#\/schema\/logo\/image\/"},"sameAs":["https:\/\/www.facebook.com\/gfmparts","https:\/\/www.linkedin.com\/company\/gfmparts\/","https:\/\/www.tiktok.com\/@gfmparts","https:\/\/www.youtube.com\/@GFMparts\/featured"]}]}},"_links":{"self":[{"href":"https:\/\/gfmparts.com\/es_es\/wp-json\/wp\/v2\/product\/3185"}],"collection":[{"href":"https:\/\/gfmparts.com\/es_es\/wp-json\/wp\/v2\/product"}],"about":[{"href":"https:\/\/gfmparts.com\/es_es\/wp-json\/wp\/v2\/types\/product"}],"wp:featuredmedia":[{"embeddable":true,"href":"https:\/\/gfmparts.com\/es_es\/wp-json\/wp\/v2\/media\/3597"}],"wp:attachment":[{"href":"https:\/\/gfmparts.com\/es_es\/wp-json\/wp\/v2\/media?parent=3185"}],"wp:term":[{"taxonomy":"product_cat","embeddable":true,"href":"https:\/\/gfmparts.com\/es_es\/wp-json\/wp\/v2\/product_cat?post=3185"},{"taxonomy":"product_tag","embeddable":true,"href":"https:\/\/gfmparts.com\/es_es\/wp-json\/wp\/v2\/product_tag?post=3185"}],"curies":[{"name":"wp","href":"https:\/\/api.w.org\/{rel}","templated":true}]}}