{"id":3200,"date":"2025-01-02T01:43:20","date_gmt":"2025-01-02T01:43:20","guid":{"rendered":"https:\/\/gfmparts.com\/?post_type=product&#038;p=3200"},"modified":"2025-07-16T03:34:22","modified_gmt":"2025-07-16T03:34:22","slug":"bulldozer-track-shoe-factory","status":"publish","type":"product","link":"https:\/\/gfmparts.com\/es_es\/producto\/fabrica-de-zapatas-para-excavadoras\/","title":{"rendered":"F\u00e1brica de zapatas para excavadoras"},"content":{"rendered":"<p><span style=\"color: #000000;\"><a style=\"color: #000000;\" href=\"https:\/\/gfmparts.com\/es_es\/producto\/fabricante-de-zapatas-de-oruga-para-excavadoras\/\">Zapatas de oruga para excavadora<\/a> Es un componente clave del sistema de orugas de una excavadora, y su rendimiento influye directamente en la eficiencia operativa y la vida \u00fatil del equipo. Las zapatas para excavadoras fabricadas por GFM est\u00e1n fabricadas con acero de aleaci\u00f3n de alta resistencia y se someten a un avanzado proceso de tratamiento t\u00e9rmico para garantizar una excelente resistencia al desgaste y al impacto. Nuestras zapatas est\u00e1n dise\u00f1adas con precisi\u00f3n y se integran a la perfecci\u00f3n con el sistema de orugas, lo que permite mantener un rendimiento estable en entornos hostiles y prolongar la vida \u00fatil del equipo. Ya sea en una obra de construcci\u00f3n, una zona minera o un entorno agr\u00edcola, las zapatas para excavadoras de GFM siempre ofrecen un soporte fiable a nuestros clientes.<\/span><\/p>\n<h3><span style=\"color: #ff6600;\">Descripci\u00f3n del Producto<\/span><\/h3>\n<ul>\n<li><span style=\"color: #000000;\"><strong>Cantidad m\u00ednima de pedido:<\/strong>\u00a01 pieza<\/span><\/li>\n<li><span style=\"color: #000000;\"><strong>M\u00e9todo de pago:<\/strong>\u00a0Transferencia bancaria<\/span><\/li>\n<li><span style=\"color: #000000;\"><strong>Marca:<\/strong>\u00a0GFM<\/span><\/li>\n<li><span style=\"color: #000000;\"><strong>Condici\u00f3n:<\/strong>\u00a0Nuevo<\/span><\/li>\n<li><span style=\"color: #000000;\"><strong>Color:<\/strong>\u00a0Amarillo, negro o personalizado<\/span><\/li>\n<li><span style=\"color: #000000;\"><strong>Plazo de entrega:<\/strong>\u00a030 d\u00edas<\/span><\/li>\n<li><span style=\"color: #000000;\"><strong>Garant\u00eda:<\/strong>\u00a01 a\u00f1o<\/span><\/li>\n<li><span style=\"color: #000000;\"><strong>Servicio:<\/strong>\u00a0OEM o ODM<\/span><\/li>\n<li><span style=\"color: #000000;\"><strong>Lugar de origen:<\/strong>\u00a0Fujian, China<\/span><\/li>\n<li><span style=\"color: #000000;\"><strong>Solicitud:<\/strong> Excavadora<\/span><\/li>\n<li><span style=\"color: #000000;\"><strong>Embalaje:<\/strong>\u00a0Palet de madera de exportaci\u00f3n est\u00e1ndar<\/span><\/li>\n<\/ul>\n<p style=\"text-align: center;\">\u00a0<img fetchpriority=\"high\" decoding=\"async\" class=\"alignnone wp-image-3069\" src=\"https:\/\/gfmparts.com\/wp-content\/uploads\/2024\/12\/track-shoe_2-1024x768.jpg\" alt=\"garra de excavadora\" width=\"396\" height=\"297\" srcset=\"https:\/\/gfmparts.com\/wp-content\/uploads\/2024\/12\/track-shoe_2-1024x768.jpg 1024w, https:\/\/gfmparts.com\/wp-content\/uploads\/2024\/12\/track-shoe_2-300x225.jpg 300w, https:\/\/gfmparts.com\/wp-content\/uploads\/2024\/12\/track-shoe_2-768x576.jpg 768w, https:\/\/gfmparts.com\/wp-content\/uploads\/2024\/12\/track-shoe_2-1536x1152.jpg 1536w, https:\/\/gfmparts.com\/wp-content\/uploads\/2024\/12\/track-shoe_2-2048x1536.jpg 2048w, https:\/\/gfmparts.com\/wp-content\/uploads\/2024\/12\/track-shoe_2-600x450.jpg 600w\" sizes=\"(max-width: 396px) 100vw, 396px\" \/><\/p>\n<h3><span style=\"color: #ff6600;\">Caracter\u00edsticas<\/span><\/h3>\n<ul>\n<li><b><\/b><span style=\"color: #000000;\"><strong><b>Duradero y de larga duraci\u00f3n: <\/b><\/strong>Construido con acero de alta calidad para soportar trabajos duros.<\/span><\/li>\n<li><span style=\"color: #000000;\"><b><\/b><strong><b>Estabilidad mejorada: <\/b><\/strong>Excelente tracci\u00f3n para una operaci\u00f3n segura en cualquier terreno.<\/span><\/li>\n<li><span style=\"color: #000000;\"><b><\/b><strong><b>Vida \u00fatil prolongada: <\/b><\/strong>Reduce el desgaste y protege el tren de rodaje.<\/span><\/li>\n<li><span style=\"color: #000000;\"><b><\/b><strong><b>Resistente al \u00f3xido: <\/b><\/strong>Recubierto para un rendimiento confiable en condiciones dif\u00edciles.<\/span><\/li>\n<li><span style=\"color: #000000;\"><b><\/b><strong><b>Rentable: <\/b><\/strong>Reduce los costos de mantenimiento con una durabilidad superior.<\/span><\/li>\n<li><span style=\"color: #000000;\"><b><\/b><strong><b>Vers\u00e1til: <\/b><\/strong>Perfecto para rocas, barro, arena o terreno blando.<\/span><\/li>\n<\/ul>\n<h3><span style=\"color: #ff6600;\">Presupuesto<\/span><\/h3>\n<p style=\"text-align: center;\"><img decoding=\"async\" class=\"alignnone wp-image-6792\" src=\"https:\/\/gfmparts.com\/wp-content\/uploads\/2025\/01\/Bulldozer-Track-Shoe-Specifications-1024x707.png\" alt=\"Especificaciones de las zapatas de oruga de la excavadora\" width=\"921\" height=\"636\" srcset=\"https:\/\/gfmparts.com\/wp-content\/uploads\/2025\/01\/Bulldozer-Track-Shoe-Specifications-1024x707.png 1024w, https:\/\/gfmparts.com\/wp-content\/uploads\/2025\/01\/Bulldozer-Track-Shoe-Specifications-300x207.png 300w, https:\/\/gfmparts.com\/wp-content\/uploads\/2025\/01\/Bulldozer-Track-Shoe-Specifications-768x530.png 768w, https:\/\/gfmparts.com\/wp-content\/uploads\/2025\/01\/Bulldozer-Track-Shoe-Specifications-1536x1060.png 1536w, https:\/\/gfmparts.com\/wp-content\/uploads\/2025\/01\/Bulldozer-Track-Shoe-Specifications-600x414.png 600w, https:\/\/gfmparts.com\/wp-content\/uploads\/2025\/01\/Bulldozer-Track-Shoe-Specifications.png 1743w\" sizes=\"(max-width: 921px) 100vw, 921px\" \/><\/p>\n<h3><span style=\"color: #ff6600;\">Modelos de productos<\/span><\/h3>\n<p style=\"text-align: center;\"><img decoding=\"async\" class=\"alignnone size-full wp-image-3146\" src=\"https:\/\/gfmparts.com\/wp-content\/uploads\/2024\/11\/bulldozer-part-description.png\" alt=\"Descripci\u00f3n de la pieza de la excavadora\" width=\"626\" height=\"317\" srcset=\"https:\/\/gfmparts.com\/wp-content\/uploads\/2024\/11\/bulldozer-part-description.png 626w, https:\/\/gfmparts.com\/wp-content\/uploads\/2024\/11\/bulldozer-part-description-300x152.png 300w, https:\/\/gfmparts.com\/wp-content\/uploads\/2024\/11\/bulldozer-part-description-600x304.png 600w\" sizes=\"(max-width: 626px) 100vw, 626px\" \/><\/p>\n<h3><span style=\"color: #ff6600;\">Proceso de producci\u00f3n<\/span><\/h3>\n<p style=\"text-align: center;\"><iframe title=\"Reproductor de v\u00eddeo de YouTube\" src=\"https:\/\/www.youtube.com\/embed\/Nj9u7bBv59w?si=nEYwUUSoPTBFYng3\" width=\"1000\" height=\"563\" frameborder=\"0\" allowfullscreen=\"allowfullscreen\"><\/iframe><\/p>\n<p><img loading=\"lazy\" decoding=\"async\" class=\"size-large wp-image-3043 aligncenter\" src=\"https:\/\/gfmparts.com\/wp-content\/uploads\/2024\/12\/\u901a\u7528\u751f\u4ea7\u6d41\u7a0b-1-1024x648.jpg\" alt=\"proceso de producci\u00f3n de piezas de excavadora\" width=\"1024\" height=\"648\" srcset=\"\" sizes=\"(max-width: 1024px) 100vw, 1024px\" data-srcset=\"\" \/><\/p>\n<h3><span style=\"color: #ff6600;\">Embalaje y env\u00edo<\/span><\/h3>\n<p style=\"text-align: center;\"><img loading=\"lazy\" decoding=\"async\" class=\"alignnone size-large wp-image-6521\" src=\"https:\/\/gfmparts.com\/wp-content\/uploads\/2025\/05\/Packaging-and-Shipping-1-1-1024x648.jpg\" alt=\"Embalaje y env\u00edo\" width=\"1024\" height=\"648\" srcset=\"https:\/\/gfmparts.com\/wp-content\/uploads\/2025\/05\/Packaging-and-Shipping-1-1-1024x648.jpg 1024w, https:\/\/gfmparts.com\/wp-content\/uploads\/2025\/05\/Packaging-and-Shipping-1-1-300x190.jpg 300w, https:\/\/gfmparts.com\/wp-content\/uploads\/2025\/05\/Packaging-and-Shipping-1-1-768x486.jpg 768w, https:\/\/gfmparts.com\/wp-content\/uploads\/2025\/05\/Packaging-and-Shipping-1-1-1536x973.jpg 1536w, https:\/\/gfmparts.com\/wp-content\/uploads\/2025\/05\/Packaging-and-Shipping-1-1-2048x1297.jpg 2048w, https:\/\/gfmparts.com\/wp-content\/uploads\/2025\/05\/Packaging-and-Shipping-1-1-600x380.jpg 600w\" sizes=\"(max-width: 1024px) 100vw, 1024px\" \/><\/p>\n<h3><span style=\"color: #ff6600;\">Ventajas de la f\u00e1brica<\/span><\/h3>\n<p><span style=\"color: #000000;\">Como excavadora profesional <a style=\"color: #000000;\" href=\"https:\/\/gfmparts.com\/es_es\/producto\/fabricante-de-cadenas-para-excavadoras\/\">f\u00e1brica de calzado de pista<\/a>GFM cuenta con m\u00e1s de 10 a\u00f1os de experiencia en fabricaci\u00f3n y modernas instalaciones de producci\u00f3n. Hemos incorporado equipos de procesamiento CNC de vanguardia y l\u00edneas de producci\u00f3n automatizadas para garantizar que cada cadena cumpla con estrictos est\u00e1ndares de calidad. Nuestra f\u00e1brica cuenta con la certificaci\u00f3n ISO 9001 y un centro de pruebas independiente que realiza pruebas de materiales, precisi\u00f3n dimensional y durabilidad. En GFM, nos esforzamos por ofrecer a nuestros clientes soluciones rentables para cadenas de excavadoras, adem\u00e1s de la calidad de nuestros productos, priorizando la eficiencia de la producci\u00f3n y la responsabilidad ambiental.<\/span><\/p>\n<p><span style=\"color: #000000;\"><strong>Razones para elegir GFM<\/strong><\/span><\/p>\n<ul>\n<li><span style=\"color: #000000;\"><strong>Excelente calidad del producto:<\/strong> Seleccione materias primas de alta calidad y utilice tecnolog\u00eda de precisi\u00f3n para garantizar el rendimiento estable de las zapatas de oruga en operaciones de alta carga.<\/span><\/li>\n<li><span style=\"color: #000000;\"><strong>Capacidades de personalizaci\u00f3n flexibles:<\/strong> Admite servicios personalizados de placas de cadena de bulldozer con m\u00faltiples especificaciones y modelos seg\u00fan las necesidades del cliente.<\/span><\/li>\n<li><span style=\"color: #000000;\"><strong>Servicio postventa perfecto:<\/strong> Brindar orientaci\u00f3n t\u00e9cnica y soporte posventa para garantizar que los clientes tengan una experiencia sin preocupaciones durante el uso del producto.<\/span><\/li>\n<li><span style=\"color: #000000;\"><strong>Red de cooperaci\u00f3n global:<\/strong> Nuestras zapatas para excavadoras se exportan a m\u00e1s de 30 pa\u00edses de todo el mundo y nuestros clientes conf\u00edan profundamente en ellas.<\/span><\/li>\n<\/ul>\n<p><span style=\"color: #000000;\">Gracias a nuestros productos de alta calidad y a nuestra capacidad de fabricaci\u00f3n profesional, GFM se compromete a convertirse en un proveedor confiable de zapatas para bulldozers. Si busca una zapata confiable o una f\u00e1brica de zapatas de alta calidad, \u00a1GFM es su mejor opci\u00f3n!<\/span><\/p>\n<p style=\"text-align: center;\"><span style=\"color: #000000;\"><img loading=\"lazy\" decoding=\"async\" class=\"alignnone wp-image-2159\" src=\"https:\/\/gfmparts.com\/wp-content\/uploads\/2024\/12\/\u5fae\u4fe1\u56fe\u7247_20241202160325-1024x576.jpg\" alt=\"fabricante de rodillos portadores\" width=\"767\" height=\"431\" srcset=\"\" sizes=\"(max-width: 767px) 100vw, 767px\" data-srcset=\"\" \/><\/span><\/p>","protected":false},"excerpt":{"rendered":"<ul>\n<li><span style=\"color: #000000;\">Calidad del producto garantizada<\/span><\/li>\n<li><span style=\"color: #000000;\">Gran suministro<\/span><\/li>\n<li><span style=\"color: #000000;\">Precios competitivos<\/span><\/li>\n<li><span style=\"color: #000000;\">La mayor\u00eda de marcas y modelos<\/span><\/li>\n<li><span style=\"color: #000000;\">Equipo de atenci\u00f3n al cliente servicial<\/span><\/li>\n<li><span style=\"color: #000000;\">Soporte t\u00e9cnico profesional<\/span><\/li>\n<\/ul>","protected":false},"featured_media":3596,"template":"","meta":{"site-sidebar-layout":"default","site-content-layout":"","ast-site-content-layout":"default","site-content-style":"default","site-sidebar-style":"default","ast-global-header-display":"","ast-banner-title-visibility":"","ast-main-header-display":"","ast-hfb-above-header-display":"","ast-hfb-below-header-display":"","ast-hfb-mobile-header-display":"","site-post-title":"","ast-breadcrumbs-content":"","ast-featured-img":"","footer-sml-layout":"","theme-transparent-header-meta":"default","adv-header-id-meta":"","stick-header-meta":"default","header-above-stick-meta":"","header-main-stick-meta":"","header-below-stick-meta":"","astra-migrate-meta-layouts":"set","ast-page-background-enabled":"default","ast-page-background-meta":{"desktop":{"background-color":"","background-image":"","background-repeat":"repeat","background-position":"center center","background-size":"auto","background-attachment":"scroll","background-type":"","background-media":"","overlay-type":"","overlay-color":"","overlay-opacity":"","overlay-gradient":""},"tablet":{"background-color":"","background-image":"","background-repeat":"repeat","background-position":"center center","background-size":"auto","background-attachment":"scroll","background-type":"","background-media":"","overlay-type":"","overlay-color":"","overlay-opacity":"","overlay-gradient":""},"mobile":{"background-color":"","background-image":"","background-repeat":"repeat","background-position":"center center","background-size":"auto","background-attachment":"scroll","background-type":"","background-media":"","overlay-type":"","overlay-color":"","overlay-opacity":"","overlay-gradient":""}},"ast-content-background-meta":{"desktop":{"background-color":"var(--ast-global-color-5)","background-image":"","background-repeat":"repeat","background-position":"center center","background-size":"auto","background-attachment":"scroll","background-type":"","background-media":"","overlay-type":"","overlay-color":"","overlay-opacity":"","overlay-gradient":""},"tablet":{"background-color":"var(--ast-global-color-5)","background-image":"","background-repeat":"repeat","background-position":"center center","background-size":"auto","background-attachment":"scroll","background-type":"","background-media":"","overlay-type":"","overlay-color":"","overlay-opacity":"","overlay-gradient":""},"mobile":{"background-color":"var(--ast-global-color-5)","background-image":"","background-repeat":"repeat","background-position":"center center","background-size":"auto","background-attachment":"scroll","background-type":"","background-media":"","overlay-type":"","overlay-color":"","overlay-opacity":"","overlay-gradient":""}}},"product_cat":[38,33],"product_tag":[],"class_list":{"0":"post-3200","1":"product","2":"type-product","3":"status-publish","4":"has-post-thumbnail","6":"product_cat-undercarriage","7":"product_cat-track-shoe","8":"desktop-align-left","9":"tablet-align-left","10":"mobile-align-left","11":"ast-product-gallery-layout-horizontal-slider","12":"ast-product-tabs-layout-horizontal","14":"first","15":"instock","16":"shipping-taxable","17":"product-type-simple"},"yoast_head":"<!-- This site is optimized with the Yoast SEO Premium plugin v22.8 (Yoast SEO v23.9) - https:\/\/yoast.com\/wordpress\/plugins\/seo\/ -->\n<title>Dozer Grouser Plate - Bulldozer Track Shoe Factory<\/title>\n<meta name=\"description\" content=\"As a professional bulldozer track shoe factory, GFM has more than 10 years of manufacturing experience and modern production facilities. Support customized services.\" \/>\n<meta name=\"robots\" content=\"index, follow, max-snippet:-1, max-image-preview:large, max-video-preview:-1\" \/>\n<link rel=\"canonical\" href=\"https:\/\/gfmparts.com\/es_es\/producto\/fabrica-de-zapatas-para-excavadoras\/\" \/>\n<meta property=\"og:locale\" content=\"es_ES\" \/>\n<meta property=\"og:type\" content=\"article\" \/>\n<meta property=\"og:title\" content=\"Bulldozer Track Shoe Factory\" \/>\n<meta property=\"og:description\" content=\"As a professional bulldozer track shoe factory, GFM has more than 10 years of manufacturing experience and modern production facilities. Support customized services.\" \/>\n<meta property=\"og:url\" content=\"https:\/\/gfmparts.com\/es_es\/producto\/fabrica-de-zapatas-para-excavadoras\/\" \/>\n<meta property=\"article:publisher\" content=\"https:\/\/www.facebook.com\/gfmparts\" \/>\n<meta property=\"article:modified_time\" content=\"2025-07-16T03:34:22+00:00\" \/>\n<meta property=\"og:image\" content=\"https:\/\/gfmparts.com\/wp-content\/uploads\/2025\/01\/bulldozer-track-shoe.png\" \/>\n\t<meta property=\"og:image:width\" content=\"388\" \/>\n\t<meta property=\"og:image:height\" content=\"388\" \/>\n\t<meta property=\"og:image:type\" content=\"image\/png\" \/>\n<meta name=\"twitter:card\" content=\"summary_large_image\" \/>\n<meta name=\"twitter:label1\" content=\"Tiempo de lectura\" \/>\n\t<meta name=\"twitter:data1\" content=\"4 minutos\" \/>\n<script type=\"application\/ld+json\" class=\"yoast-schema-graph\">{\"@context\":\"https:\/\/schema.org\",\"@graph\":[{\"@type\":\"WebPage\",\"@id\":\"https:\/\/gfmparts.com\/product\/bulldozer-track-shoe-factory\/\",\"url\":\"https:\/\/gfmparts.com\/product\/bulldozer-track-shoe-factory\/\",\"name\":\"Dozer Grouser Plate - Bulldozer Track Shoe Factory\",\"isPartOf\":{\"@id\":\"https:\/\/gfmparts.com\/#website\"},\"primaryImageOfPage\":{\"@id\":\"https:\/\/gfmparts.com\/product\/bulldozer-track-shoe-factory\/#primaryimage\"},\"image\":{\"@id\":\"https:\/\/gfmparts.com\/product\/bulldozer-track-shoe-factory\/#primaryimage\"},\"thumbnailUrl\":\"https:\/\/gfmparts.com\/wp-content\/uploads\/2025\/01\/bulldozer-track-shoe.png\",\"datePublished\":\"2025-01-02T01:43:20+00:00\",\"dateModified\":\"2025-07-16T03:34:22+00:00\",\"description\":\"As a professional bulldozer track shoe factory, GFM has more than 10 years of manufacturing experience and modern production facilities. Support customized services.\",\"breadcrumb\":{\"@id\":\"https:\/\/gfmparts.com\/product\/bulldozer-track-shoe-factory\/#breadcrumb\"},\"inLanguage\":\"es\",\"potentialAction\":[{\"@type\":\"ReadAction\",\"target\":[\"https:\/\/gfmparts.com\/product\/bulldozer-track-shoe-factory\/\"]}]},{\"@type\":\"ImageObject\",\"inLanguage\":\"es\",\"@id\":\"https:\/\/gfmparts.com\/product\/bulldozer-track-shoe-factory\/#primaryimage\",\"url\":\"https:\/\/gfmparts.com\/wp-content\/uploads\/2025\/01\/bulldozer-track-shoe.png\",\"contentUrl\":\"https:\/\/gfmparts.com\/wp-content\/uploads\/2025\/01\/bulldozer-track-shoe.png\",\"width\":388,\"height\":388,\"caption\":\"Bulldozer Track Shoe\"},{\"@type\":\"BreadcrumbList\",\"@id\":\"https:\/\/gfmparts.com\/product\/bulldozer-track-shoe-factory\/#breadcrumb\",\"itemListElement\":[{\"@type\":\"ListItem\",\"position\":1,\"name\":\"\u9996\u9875\",\"item\":\"https:\/\/gfmparts.com\/\"},{\"@type\":\"ListItem\",\"position\":2,\"name\":\"All Product\",\"item\":\"https:\/\/gfmparts.com\/all-product\/\"},{\"@type\":\"ListItem\",\"position\":3,\"name\":\"Bulldozer Track Shoe Factory\"}]},{\"@type\":\"WebSite\",\"@id\":\"https:\/\/gfmparts.com\/#website\",\"url\":\"https:\/\/gfmparts.com\/\",\"name\":\"GFM PARTS\",\"description\":\"GFM since 2011 focused on excavator and bulldozer undercarriage parts manufacturing :Track rollers,carrier roller,idler,sprocket,track group,bucket tooth pin.\",\"publisher\":{\"@id\":\"https:\/\/gfmparts.com\/#organization\"},\"alternateName\":\"gfmparts.com\",\"potentialAction\":[{\"@type\":\"SearchAction\",\"target\":{\"@type\":\"EntryPoint\",\"urlTemplate\":\"https:\/\/gfmparts.com\/?s={search_term_string}\"},\"query-input\":{\"@type\":\"PropertyValueSpecification\",\"valueRequired\":true,\"valueName\":\"search_term_string\"}}],\"inLanguage\":\"es\"},{\"@type\":\"Organization\",\"@id\":\"https:\/\/gfmparts.com\/#organization\",\"name\":\"GFM PARTS\",\"url\":\"https:\/\/gfmparts.com\/\",\"logo\":{\"@type\":\"ImageObject\",\"inLanguage\":\"es\",\"@id\":\"https:\/\/gfmparts.com\/#\/schema\/logo\/image\/\",\"url\":\"https:\/\/gfmparts.com\/wp-content\/uploads\/2024\/11\/cropped-GFMparts.com_-2.png\",\"contentUrl\":\"https:\/\/gfmparts.com\/wp-content\/uploads\/2024\/11\/cropped-GFMparts.com_-2.png\",\"width\":5987,\"height\":2564,\"caption\":\"GFM PARTS\"},\"image\":{\"@id\":\"https:\/\/gfmparts.com\/#\/schema\/logo\/image\/\"},\"sameAs\":[\"https:\/\/www.facebook.com\/gfmparts\",\"https:\/\/www.linkedin.com\/company\/gfmparts\/\",\"https:\/\/www.tiktok.com\/@gfmparts\",\"https:\/\/www.youtube.com\/@GFMparts\/featured\"]}]}<\/script>\n<!-- \/ Yoast SEO Premium plugin. -->","yoast_head_json":{"title":"Dozer Grouser Plate - Bulldozer Track Shoe Factory","description":"As a professional bulldozer track shoe factory, GFM has more than 10 years of manufacturing experience and modern production facilities. Support customized services.","robots":{"index":"index","follow":"follow","max-snippet":"max-snippet:-1","max-image-preview":"max-image-preview:large","max-video-preview":"max-video-preview:-1"},"canonical":"https:\/\/gfmparts.com\/es_es\/producto\/fabrica-de-zapatas-para-excavadoras\/","og_locale":"es_ES","og_type":"article","og_title":"Bulldozer Track Shoe Factory","og_description":"As a professional bulldozer track shoe factory, GFM has more than 10 years of manufacturing experience and modern production facilities. Support customized services.","og_url":"https:\/\/gfmparts.com\/es_es\/producto\/fabrica-de-zapatas-para-excavadoras\/","article_publisher":"https:\/\/www.facebook.com\/gfmparts","article_modified_time":"2025-07-16T03:34:22+00:00","og_image":[{"width":388,"height":388,"url":"https:\/\/gfmparts.com\/wp-content\/uploads\/2025\/01\/bulldozer-track-shoe.png","type":"image\/png"}],"twitter_card":"summary_large_image","twitter_misc":{"Tiempo de lectura":"4 minutos"},"schema":{"@context":"https:\/\/schema.org","@graph":[{"@type":"WebPage","@id":"https:\/\/gfmparts.com\/product\/bulldozer-track-shoe-factory\/","url":"https:\/\/gfmparts.com\/product\/bulldozer-track-shoe-factory\/","name":"Dozer Grouser Plate - Bulldozer Track Shoe Factory","isPartOf":{"@id":"https:\/\/gfmparts.com\/#website"},"primaryImageOfPage":{"@id":"https:\/\/gfmparts.com\/product\/bulldozer-track-shoe-factory\/#primaryimage"},"image":{"@id":"https:\/\/gfmparts.com\/product\/bulldozer-track-shoe-factory\/#primaryimage"},"thumbnailUrl":"https:\/\/gfmparts.com\/wp-content\/uploads\/2025\/01\/bulldozer-track-shoe.png","datePublished":"2025-01-02T01:43:20+00:00","dateModified":"2025-07-16T03:34:22+00:00","description":"As a professional bulldozer track shoe factory, GFM has more than 10 years of manufacturing experience and modern production facilities. Support customized services.","breadcrumb":{"@id":"https:\/\/gfmparts.com\/product\/bulldozer-track-shoe-factory\/#breadcrumb"},"inLanguage":"es","potentialAction":[{"@type":"ReadAction","target":["https:\/\/gfmparts.com\/product\/bulldozer-track-shoe-factory\/"]}]},{"@type":"ImageObject","inLanguage":"es","@id":"https:\/\/gfmparts.com\/product\/bulldozer-track-shoe-factory\/#primaryimage","url":"https:\/\/gfmparts.com\/wp-content\/uploads\/2025\/01\/bulldozer-track-shoe.png","contentUrl":"https:\/\/gfmparts.com\/wp-content\/uploads\/2025\/01\/bulldozer-track-shoe.png","width":388,"height":388,"caption":"Bulldozer Track Shoe"},{"@type":"BreadcrumbList","@id":"https:\/\/gfmparts.com\/product\/bulldozer-track-shoe-factory\/#breadcrumb","itemListElement":[{"@type":"ListItem","position":1,"name":"\u9996\u9875","item":"https:\/\/gfmparts.com\/"},{"@type":"ListItem","position":2,"name":"All Product","item":"https:\/\/gfmparts.com\/all-product\/"},{"@type":"ListItem","position":3,"name":"Bulldozer Track Shoe Factory"}]},{"@type":"WebSite","@id":"https:\/\/gfmparts.com\/#website","url":"https:\/\/gfmparts.com\/","name":"GFM PARTS","description":"GFM since 2011 focused on excavator and bulldozer undercarriage parts manufacturing :Track rollers,carrier roller,idler,sprocket,track group,bucket tooth pin.","publisher":{"@id":"https:\/\/gfmparts.com\/#organization"},"alternateName":"gfmparts.com","potentialAction":[{"@type":"SearchAction","target":{"@type":"EntryPoint","urlTemplate":"https:\/\/gfmparts.com\/?s={search_term_string}"},"query-input":{"@type":"PropertyValueSpecification","valueRequired":true,"valueName":"search_term_string"}}],"inLanguage":"es"},{"@type":"Organization","@id":"https:\/\/gfmparts.com\/#organization","name":"GFM PARTS","url":"https:\/\/gfmparts.com\/","logo":{"@type":"ImageObject","inLanguage":"es","@id":"https:\/\/gfmparts.com\/#\/schema\/logo\/image\/","url":"https:\/\/gfmparts.com\/wp-content\/uploads\/2024\/11\/cropped-GFMparts.com_-2.png","contentUrl":"https:\/\/gfmparts.com\/wp-content\/uploads\/2024\/11\/cropped-GFMparts.com_-2.png","width":5987,"height":2564,"caption":"GFM PARTS"},"image":{"@id":"https:\/\/gfmparts.com\/#\/schema\/logo\/image\/"},"sameAs":["https:\/\/www.facebook.com\/gfmparts","https:\/\/www.linkedin.com\/company\/gfmparts\/","https:\/\/www.tiktok.com\/@gfmparts","https:\/\/www.youtube.com\/@GFMparts\/featured"]}]}},"_links":{"self":[{"href":"https:\/\/gfmparts.com\/es_es\/wp-json\/wp\/v2\/product\/3200"}],"collection":[{"href":"https:\/\/gfmparts.com\/es_es\/wp-json\/wp\/v2\/product"}],"about":[{"href":"https:\/\/gfmparts.com\/es_es\/wp-json\/wp\/v2\/types\/product"}],"wp:featuredmedia":[{"embeddable":true,"href":"https:\/\/gfmparts.com\/es_es\/wp-json\/wp\/v2\/media\/3596"}],"wp:attachment":[{"href":"https:\/\/gfmparts.com\/es_es\/wp-json\/wp\/v2\/media?parent=3200"}],"wp:term":[{"taxonomy":"product_cat","embeddable":true,"href":"https:\/\/gfmparts.com\/es_es\/wp-json\/wp\/v2\/product_cat?post=3200"},{"taxonomy":"product_tag","embeddable":true,"href":"https:\/\/gfmparts.com\/es_es\/wp-json\/wp\/v2\/product_tag?post=3200"}],"curies":[{"name":"wp","href":"https:\/\/api.w.org\/{rel}","templated":true}]}}