{"id":3210,"date":"2025-01-03T01:37:25","date_gmt":"2025-01-03T01:37:25","guid":{"rendered":"https:\/\/gfmparts.com\/?post_type=product&#038;p=3210"},"modified":"2025-07-09T08:08:26","modified_gmt":"2025-07-09T08:08:26","slug":"best-bulldozer-bottom-roller-factory","status":"publish","type":"product","link":"https:\/\/gfmparts.com\/es_es\/producto\/la-mejor-fabrica-de-rodillos-inferiores-para-excavadoras\/","title":{"rendered":"La mejor f\u00e1brica de rodillos inferiores para excavadoras"},"content":{"rendered":"<p><span style=\"color: #000000;\">GFM <a style=\"color: #000000;\" href=\"https:\/\/gfmparts.com\/es_es\/producto\/fabricante-de-rodillos-inferiores-de-alta-calidad\/\">rodillos de oruga de excavadora<\/a>Como componentes principales de los equipos de ingenier\u00eda de servicio pesado, est\u00e1n dise\u00f1ados para entornos de trabajo extremos. Fabricados en aleaci\u00f3n de alta resistencia, se funden con precisi\u00f3n y se tratan t\u00e9rmicamente para garantizar una excelente resistencia al desgaste y capacidad de carga en condiciones de trabajo dif\u00edciles. El exclusivo dise\u00f1o de la estructura de sellado previene eficazmente la entrada de lodo y agua, prolonga la vida \u00fatil y reduce los costos de mantenimiento. Adem\u00e1s, el dise\u00f1o optimizado de la estructura de las ruedas mejora la eficiencia de rodadura y la estabilidad de los rodillos, garantizando una conducci\u00f3n suave de la excavadora incluso en terrenos dif\u00edciles y mejorando la eficiencia y la seguridad operativas generales.<\/span><\/p>\n<h3><span style=\"color: #ff6600;\">Descripci\u00f3n del Producto<\/span><\/h3>\n<ul>\n<li><span style=\"color: #000000;\"><strong>Cantidad m\u00ednima de pedido:<\/strong>\u00a01 pieza<\/span><\/li>\n<li><span style=\"color: #000000;\"><strong>M\u00e9todo de pago:<\/strong>\u00a0Transferencia bancaria<\/span><\/li>\n<li><span style=\"color: #000000;\"><strong>Marca:<\/strong>\u00a0GFM<\/span><\/li>\n<li><span style=\"color: #000000;\"><strong>Condici\u00f3n:<\/strong>\u00a0Nuevo<\/span><\/li>\n<li><span style=\"color: #000000;\"><strong>Color:<\/strong>\u00a0Amarillo, negro o personalizado<\/span><\/li>\n<li><span style=\"color: #000000;\"><strong>Plazo de entrega:<\/strong>\u00a030 d\u00edas<\/span><\/li>\n<li><span style=\"color: #000000;\"><strong>Garant\u00eda:<\/strong>\u00a01 a\u00f1o<\/span><\/li>\n<li><span style=\"color: #000000;\"><strong>Servicio:<\/strong>\u00a0OEM o ODM<\/span><\/li>\n<li><span style=\"color: #000000;\"><strong>Lugar de origen:<\/strong>\u00a0Fujian, China<\/span><\/li>\n<li><span style=\"color: #000000;\"><strong>Solicitud:<\/strong> Excavadora<\/span><\/li>\n<li><span style=\"color: #000000;\"><strong>Embalaje:<\/strong>\u00a0Palet de madera de exportaci\u00f3n est\u00e1ndar<\/span><\/li>\n<\/ul>\n<p style=\"text-align: center;\"><span style=\"color: #000000;\"><img fetchpriority=\"high\" decoding=\"async\" class=\"alignnone wp-image-3220\" src=\"https:\/\/gfmparts.com\/wp-content\/uploads\/2025\/01\/bulldozer-bottom-roller-2-1.png\" alt=\"rodillo inferior de la excavadora\" width=\"621\" height=\"400\" srcset=\"https:\/\/gfmparts.com\/wp-content\/uploads\/2025\/01\/bulldozer-bottom-roller-2-1.png 720w, https:\/\/gfmparts.com\/wp-content\/uploads\/2025\/01\/bulldozer-bottom-roller-2-1-300x193.png 300w, https:\/\/gfmparts.com\/wp-content\/uploads\/2025\/01\/bulldozer-bottom-roller-2-1-600x387.png 600w\" sizes=\"(max-width: 621px) 100vw, 621px\" \/><\/span><\/p>\n<h3><span style=\"color: #ff6600;\">Caracter\u00edsticas<\/span><\/h3>\n<ul>\n<li><span style=\"color: #000000;\"><strong><b>Ultraduradero: <\/b><\/strong>Fabricado con acero de primera calidad y tratamiento t\u00e9rmico avanzado para un rendimiento duradero.<\/span><\/li>\n<li><span style=\"color: #000000;\"><strong><b>Dise\u00f1o resistente: <\/b><\/strong>Maneja cargas extremas con facilidad, lo que garantiza un funcionamiento confiable.<\/span><\/li>\n<li><span style=\"color: #000000;\"><strong><b>Rendimiento suave: <\/b><\/strong>Dise\u00f1ado con precisi\u00f3n para reducir la vibraci\u00f3n y el desgaste.<\/span><\/li>\n<li><span style=\"color: #000000;\"><strong><b>Libre de mantenimiento: <\/b><\/strong>Sellado y prelubricado para proteger contra la suciedad y el agua.<\/span><\/li>\n<li><span style=\"color: #000000;\"><strong><b>Ajuste universal: <\/b><\/strong>Compatible con una amplia gama de modelos de bulldozer.<\/span><\/li>\n<li><span style=\"color: #000000;\"><strong><b>Calidad comprobada: <\/b><\/strong>Probado rigurosamente para cumplir y superar los est\u00e1ndares de la industria.<\/span><\/li>\n<li><span style=\"color: #000000;\"><strong><b>Rentable: <\/b><\/strong>Duradero, confiable y con precios competitivos.<\/span><\/li>\n<li><span style=\"color: #000000;\"><strong><b>Soluciones personalizables: <\/b><\/strong>Opciones personalizadas para adaptarse a necesidades espec\u00edficas de equipos.<\/span><\/li>\n<\/ul>\n<h3><span style=\"color: #ff6600;\">Presupuesto<\/span><\/h3>\n<p style=\"text-align: center;\"><span style=\"color: #000000;\"> <img decoding=\"async\" class=\"alignnone wp-image-6790 size-large\" src=\"https:\/\/gfmparts.com\/wp-content\/uploads\/2025\/03\/Bulldozer-bottom-roller-Specifications-1024x662.png\" alt=\"Especificaciones del rodillo inferior de la excavadora\" width=\"1024\" height=\"662\" srcset=\"https:\/\/gfmparts.com\/wp-content\/uploads\/2025\/03\/Bulldozer-bottom-roller-Specifications-1024x662.png 1024w, https:\/\/gfmparts.com\/wp-content\/uploads\/2025\/03\/Bulldozer-bottom-roller-Specifications-300x194.png 300w, https:\/\/gfmparts.com\/wp-content\/uploads\/2025\/03\/Bulldozer-bottom-roller-Specifications-768x497.png 768w, https:\/\/gfmparts.com\/wp-content\/uploads\/2025\/03\/Bulldozer-bottom-roller-Specifications-1536x993.png 1536w, https:\/\/gfmparts.com\/wp-content\/uploads\/2025\/03\/Bulldozer-bottom-roller-Specifications-600x388.png 600w, https:\/\/gfmparts.com\/wp-content\/uploads\/2025\/03\/Bulldozer-bottom-roller-Specifications.png 1863w\" sizes=\"(max-width: 1024px) 100vw, 1024px\" \/><\/span><\/p>\n<h3><span style=\"color: #ff6600;\">Modelos de productos<\/span><\/h3>\n<p style=\"text-align: center;\"><img decoding=\"async\" class=\"alignnone size-full wp-image-3146\" src=\"https:\/\/gfmparts.com\/wp-content\/uploads\/2024\/11\/bulldozer-part-description.png\" alt=\"Descripci\u00f3n de la pieza de la excavadora\" width=\"626\" height=\"317\" srcset=\"https:\/\/gfmparts.com\/wp-content\/uploads\/2024\/11\/bulldozer-part-description.png 626w, https:\/\/gfmparts.com\/wp-content\/uploads\/2024\/11\/bulldozer-part-description-300x152.png 300w, https:\/\/gfmparts.com\/wp-content\/uploads\/2024\/11\/bulldozer-part-description-600x304.png 600w\" sizes=\"(max-width: 626px) 100vw, 626px\" \/><\/p>\n<h3><span style=\"color: #ff6600;\">Proceso de producci\u00f3n<\/span><\/h3>\n<p style=\"text-align: center;\"><iframe title=\"Reproductor de v\u00eddeo de YouTube\" src=\"https:\/\/www.youtube.com\/embed\/c9nWGaJ_cxc?si=MdoYxVrGQYaNoOFY\" width=\"850\" height=\"479\" frameborder=\"0\" allowfullscreen=\"allowfullscreen\"><span data-mce-type=\"bookmark\" style=\"display: inline-block; width: 0px; overflow: hidden; line-height: 0;\" class=\"mce_SELRES_start\"><\/span><\/iframe><img loading=\"lazy\" decoding=\"async\" class=\"alignnone wp-image-3043 aligncenter\" src=\"https:\/\/gfmparts.com\/wp-content\/uploads\/2024\/12\/\u901a\u7528\u751f\u4ea7\u6d41\u7a0b-1-1024x648.jpg\" alt=\"proceso de producci\u00f3n de piezas de excavadora\" width=\"999\" height=\"632\" srcset=\"\" sizes=\"(max-width: 999px) 100vw, 999px\" data-srcset=\"\" \/><\/p>\n<h3><span style=\"color: #ff6600;\">Embalaje y env\u00edo<\/span><\/h3>\n<p style=\"text-align: center;\"><img loading=\"lazy\" decoding=\"async\" class=\"alignnone size-large wp-image-6521\" src=\"https:\/\/gfmparts.com\/wp-content\/uploads\/2025\/05\/Packaging-and-Shipping-1-1-1024x648.jpg\" alt=\"Embalaje y env\u00edo\" width=\"1024\" height=\"648\" srcset=\"https:\/\/gfmparts.com\/wp-content\/uploads\/2025\/05\/Packaging-and-Shipping-1-1-1024x648.jpg 1024w, https:\/\/gfmparts.com\/wp-content\/uploads\/2025\/05\/Packaging-and-Shipping-1-1-300x190.jpg 300w, https:\/\/gfmparts.com\/wp-content\/uploads\/2025\/05\/Packaging-and-Shipping-1-1-768x486.jpg 768w, https:\/\/gfmparts.com\/wp-content\/uploads\/2025\/05\/Packaging-and-Shipping-1-1-1536x973.jpg 1536w, https:\/\/gfmparts.com\/wp-content\/uploads\/2025\/05\/Packaging-and-Shipping-1-1-2048x1297.jpg 2048w, https:\/\/gfmparts.com\/wp-content\/uploads\/2025\/05\/Packaging-and-Shipping-1-1-600x380.jpg 600w\" sizes=\"(max-width: 1024px) 100vw, 1024px\" \/><\/p>\n<h3><span style=\"color: #ff6600;\">Ventajas de la f\u00e1brica<\/span><\/h3>\n<p><span style=\"color: #000000;\">Como fabricante de piezas para bulldozers, GFM cuenta con equipos de producci\u00f3n e instrumentos de prueba de vanguardia para garantizar un estricto control de calidad de cada rodillo, desde la materia prima hasta el producto terminado. Nuestro equipo de I+D est\u00e1 compuesto por ingenieros de alto nivel que exploran continuamente tecnolog\u00edas innovadoras y se comprometen a mejorar el rendimiento y la fiabilidad de los productos. La f\u00e1brica ocupa una amplia superficie y cuenta con un alto grado de automatizaci\u00f3n en la l\u00ednea de producci\u00f3n, lo que le permite responder r\u00e1pidamente a la demanda del mercado y realizar producciones personalizadas a gran escala. Asimismo, hemos establecido un completo sistema de servicio posventa para brindar soporte t\u00e9cnico profesional y oportuno, as\u00ed como el suministro de piezas, a clientes de todo el mundo, lo que nos ha permitido ganar un amplio reconocimiento y confianza.<\/span><\/p>\n<p><span style=\"color: #000000;\">GFM <a style=\"color: #000000;\" href=\"https:\/\/gfmparts.com\/es_es\/producto\/fabrica-de-rodillos-portadores-de-excavadoras-de-rodillos-superiores\/\">f\u00e1brica de rodillos inferiores<\/a> Optimizamos continuamente los procesos de producci\u00f3n y mejoramos la eficiencia para garantizar que los rodillos de oruga para bulldozers sean l\u00edderes del mercado en cuanto a relaci\u00f3n calidad-precio. Tanto si se trata de fabricantes de equipos originales (OEM) que buscan piezas de alto rendimiento como de usuarios finales que necesitan repuestos, GFM es su mejor opci\u00f3n. Nuestra f\u00e1brica no solo cuenta con la certificaci\u00f3n ISO, sino que tambi\u00e9n ha sido galardonada con numerosos premios por innovaci\u00f3n tecnol\u00f3gica, lo que demuestra nuestra s\u00f3lida trayectoria y liderazgo en la fabricaci\u00f3n de piezas para bulldozers.<\/span><\/p>\n<p style=\"text-align: center;\"><img loading=\"lazy\" decoding=\"async\" class=\"alignnone wp-image-2159\" src=\"https:\/\/gfmparts.com\/wp-content\/uploads\/2024\/12\/\u5fae\u4fe1\u56fe\u7247_20241202160325-1024x576.jpg\" alt=\"Fabricante de piezas para excavadoras\" width=\"850\" height=\"478\" srcset=\"\" sizes=\"(max-width: 850px) 100vw, 850px\" data-srcset=\"\" \/><\/p>","protected":false},"excerpt":{"rendered":"<ul>\n<li><span style=\"color: #000000;\">Calidad del producto garantizada<\/span><\/li>\n<li><span style=\"color: #000000;\">Gran suministro<\/span><\/li>\n<li><span style=\"color: #000000;\">Precios competitivos<\/span><\/li>\n<li><span style=\"color: #000000;\">La mayor\u00eda de marcas y modelos<\/span><\/li>\n<li><span style=\"color: #000000;\">Equipo de atenci\u00f3n al cliente servicial<\/span><\/li>\n<li><span style=\"color: #000000;\">Soporte t\u00e9cnico profesional<\/span><\/li>\n<\/ul>","protected":false},"featured_media":6874,"template":"","meta":{"site-sidebar-layout":"default","site-content-layout":"","ast-site-content-layout":"default","site-content-style":"default","site-sidebar-style":"default","ast-global-header-display":"","ast-banner-title-visibility":"","ast-main-header-display":"","ast-hfb-above-header-display":"","ast-hfb-below-header-display":"","ast-hfb-mobile-header-display":"","site-post-title":"","ast-breadcrumbs-content":"","ast-featured-img":"","footer-sml-layout":"","theme-transparent-header-meta":"default","adv-header-id-meta":"","stick-header-meta":"default","header-above-stick-meta":"","header-main-stick-meta":"","header-below-stick-meta":"","astra-migrate-meta-layouts":"set","ast-page-background-enabled":"default","ast-page-background-meta":{"desktop":{"background-color":"","background-image":"","background-repeat":"repeat","background-position":"center center","background-size":"auto","background-attachment":"scroll","background-type":"","background-media":"","overlay-type":"","overlay-color":"","overlay-opacity":"","overlay-gradient":""},"tablet":{"background-color":"","background-image":"","background-repeat":"repeat","background-position":"center center","background-size":"auto","background-attachment":"scroll","background-type":"","background-media":"","overlay-type":"","overlay-color":"","overlay-opacity":"","overlay-gradient":""},"mobile":{"background-color":"","background-image":"","background-repeat":"repeat","background-position":"center center","background-size":"auto","background-attachment":"scroll","background-type":"","background-media":"","overlay-type":"","overlay-color":"","overlay-opacity":"","overlay-gradient":""}},"ast-content-background-meta":{"desktop":{"background-color":"var(--ast-global-color-5)","background-image":"","background-repeat":"repeat","background-position":"center center","background-size":"auto","background-attachment":"scroll","background-type":"","background-media":"","overlay-type":"","overlay-color":"","overlay-opacity":"","overlay-gradient":""},"tablet":{"background-color":"var(--ast-global-color-5)","background-image":"","background-repeat":"repeat","background-position":"center center","background-size":"auto","background-attachment":"scroll","background-type":"","background-media":"","overlay-type":"","overlay-color":"","overlay-opacity":"","overlay-gradient":""},"mobile":{"background-color":"var(--ast-global-color-5)","background-image":"","background-repeat":"repeat","background-position":"center center","background-size":"auto","background-attachment":"scroll","background-type":"","background-media":"","overlay-type":"","overlay-color":"","overlay-opacity":"","overlay-gradient":""}}},"product_cat":[38,49],"product_tag":[],"class_list":{"0":"post-3210","1":"product","2":"type-product","3":"status-publish","4":"has-post-thumbnail","6":"product_cat-undercarriage","7":"product_cat-track-roller","8":"desktop-align-left","9":"tablet-align-left","10":"mobile-align-left","11":"ast-product-gallery-layout-horizontal-slider","12":"ast-product-tabs-layout-horizontal","14":"first","15":"instock","16":"shipping-taxable","17":"product-type-simple"},"yoast_head":"<!-- This site is optimized with the Yoast SEO Premium plugin v22.8 (Yoast SEO v23.9) - https:\/\/yoast.com\/wordpress\/plugins\/seo\/ -->\n<title>Bulldozer Track Roller - GFM Bottom Roller Factory<\/title>\n<meta name=\"description\" content=\"GFM Track Roller Factory is an OEM &amp; ODM manufacturer that provides any accessories for bulldozers and supports customization.\" \/>\n<meta name=\"robots\" content=\"index, follow, max-snippet:-1, max-image-preview:large, max-video-preview:-1\" \/>\n<link rel=\"canonical\" href=\"https:\/\/gfmparts.com\/es_es\/producto\/la-mejor-fabrica-de-rodillos-inferiores-para-excavadoras\/\" \/>\n<meta property=\"og:locale\" content=\"es_ES\" \/>\n<meta property=\"og:type\" content=\"article\" \/>\n<meta property=\"og:title\" content=\"Best Bulldozer Bottom Roller Factory\" \/>\n<meta property=\"og:description\" content=\"GFM Track Roller Factory is an OEM &amp; ODM manufacturer that provides any accessories for bulldozers and supports customization.\" \/>\n<meta property=\"og:url\" content=\"https:\/\/gfmparts.com\/es_es\/producto\/la-mejor-fabrica-de-rodillos-inferiores-para-excavadoras\/\" \/>\n<meta property=\"article:publisher\" content=\"https:\/\/www.facebook.com\/gfmparts\" \/>\n<meta property=\"article:modified_time\" content=\"2025-07-09T08:08:26+00:00\" \/>\n<meta property=\"og:image\" content=\"https:\/\/gfmparts.com\/wp-content\/uploads\/2025\/01\/Best-Bulldozer-Bottom-Roller-1.png\" \/>\n\t<meta property=\"og:image:width\" content=\"912\" \/>\n\t<meta property=\"og:image:height\" content=\"912\" \/>\n\t<meta property=\"og:image:type\" content=\"image\/png\" \/>\n<meta name=\"twitter:card\" content=\"summary_large_image\" \/>\n<meta name=\"twitter:label1\" content=\"Tiempo de lectura\" \/>\n\t<meta name=\"twitter:data1\" content=\"4 minutos\" \/>\n<script type=\"application\/ld+json\" class=\"yoast-schema-graph\">{\"@context\":\"https:\/\/schema.org\",\"@graph\":[{\"@type\":\"WebPage\",\"@id\":\"https:\/\/gfmparts.com\/product\/best-bulldozer-bottom-roller-factory\/\",\"url\":\"https:\/\/gfmparts.com\/product\/best-bulldozer-bottom-roller-factory\/\",\"name\":\"Bulldozer Track Roller - GFM Bottom Roller Factory\",\"isPartOf\":{\"@id\":\"https:\/\/gfmparts.com\/#website\"},\"primaryImageOfPage\":{\"@id\":\"https:\/\/gfmparts.com\/product\/best-bulldozer-bottom-roller-factory\/#primaryimage\"},\"image\":{\"@id\":\"https:\/\/gfmparts.com\/product\/best-bulldozer-bottom-roller-factory\/#primaryimage\"},\"thumbnailUrl\":\"https:\/\/gfmparts.com\/wp-content\/uploads\/2025\/01\/Best-Bulldozer-Bottom-Roller-1.png\",\"datePublished\":\"2025-01-03T01:37:25+00:00\",\"dateModified\":\"2025-07-09T08:08:26+00:00\",\"description\":\"GFM Track Roller Factory is an OEM & ODM manufacturer that provides any accessories for bulldozers and supports customization.\",\"breadcrumb\":{\"@id\":\"https:\/\/gfmparts.com\/product\/best-bulldozer-bottom-roller-factory\/#breadcrumb\"},\"inLanguage\":\"es\",\"potentialAction\":[{\"@type\":\"ReadAction\",\"target\":[\"https:\/\/gfmparts.com\/product\/best-bulldozer-bottom-roller-factory\/\"]}]},{\"@type\":\"ImageObject\",\"inLanguage\":\"es\",\"@id\":\"https:\/\/gfmparts.com\/product\/best-bulldozer-bottom-roller-factory\/#primaryimage\",\"url\":\"https:\/\/gfmparts.com\/wp-content\/uploads\/2025\/01\/Best-Bulldozer-Bottom-Roller-1.png\",\"contentUrl\":\"https:\/\/gfmparts.com\/wp-content\/uploads\/2025\/01\/Best-Bulldozer-Bottom-Roller-1.png\",\"width\":912,\"height\":912,\"caption\":\"Best Bulldozer Bottom Roller\"},{\"@type\":\"BreadcrumbList\",\"@id\":\"https:\/\/gfmparts.com\/product\/best-bulldozer-bottom-roller-factory\/#breadcrumb\",\"itemListElement\":[{\"@type\":\"ListItem\",\"position\":1,\"name\":\"\u9996\u9875\",\"item\":\"https:\/\/gfmparts.com\/\"},{\"@type\":\"ListItem\",\"position\":2,\"name\":\"All Product\",\"item\":\"https:\/\/gfmparts.com\/all-product\/\"},{\"@type\":\"ListItem\",\"position\":3,\"name\":\"Best Bulldozer Bottom Roller Factory\"}]},{\"@type\":\"WebSite\",\"@id\":\"https:\/\/gfmparts.com\/#website\",\"url\":\"https:\/\/gfmparts.com\/\",\"name\":\"GFM PARTS\",\"description\":\"GFM since 2011 focused on excavator and bulldozer undercarriage parts manufacturing :Track rollers,carrier roller,idler,sprocket,track group,bucket tooth pin.\",\"publisher\":{\"@id\":\"https:\/\/gfmparts.com\/#organization\"},\"alternateName\":\"gfmparts.com\",\"potentialAction\":[{\"@type\":\"SearchAction\",\"target\":{\"@type\":\"EntryPoint\",\"urlTemplate\":\"https:\/\/gfmparts.com\/?s={search_term_string}\"},\"query-input\":{\"@type\":\"PropertyValueSpecification\",\"valueRequired\":true,\"valueName\":\"search_term_string\"}}],\"inLanguage\":\"es\"},{\"@type\":\"Organization\",\"@id\":\"https:\/\/gfmparts.com\/#organization\",\"name\":\"GFM PARTS\",\"url\":\"https:\/\/gfmparts.com\/\",\"logo\":{\"@type\":\"ImageObject\",\"inLanguage\":\"es\",\"@id\":\"https:\/\/gfmparts.com\/#\/schema\/logo\/image\/\",\"url\":\"https:\/\/gfmparts.com\/wp-content\/uploads\/2024\/11\/cropped-GFMparts.com_-2.png\",\"contentUrl\":\"https:\/\/gfmparts.com\/wp-content\/uploads\/2024\/11\/cropped-GFMparts.com_-2.png\",\"width\":5987,\"height\":2564,\"caption\":\"GFM PARTS\"},\"image\":{\"@id\":\"https:\/\/gfmparts.com\/#\/schema\/logo\/image\/\"},\"sameAs\":[\"https:\/\/www.facebook.com\/gfmparts\",\"https:\/\/www.linkedin.com\/company\/gfmparts\/\",\"https:\/\/www.tiktok.com\/@gfmparts\",\"https:\/\/www.youtube.com\/@GFMparts\/featured\"]}]}<\/script>\n<!-- \/ Yoast SEO Premium plugin. -->","yoast_head_json":{"title":"Bulldozer Track Roller - GFM Bottom Roller Factory","description":"GFM Track Roller Factory is an OEM & ODM manufacturer that provides any accessories for bulldozers and supports customization.","robots":{"index":"index","follow":"follow","max-snippet":"max-snippet:-1","max-image-preview":"max-image-preview:large","max-video-preview":"max-video-preview:-1"},"canonical":"https:\/\/gfmparts.com\/es_es\/producto\/la-mejor-fabrica-de-rodillos-inferiores-para-excavadoras\/","og_locale":"es_ES","og_type":"article","og_title":"Best Bulldozer Bottom Roller Factory","og_description":"GFM Track Roller Factory is an OEM & ODM manufacturer that provides any accessories for bulldozers and supports customization.","og_url":"https:\/\/gfmparts.com\/es_es\/producto\/la-mejor-fabrica-de-rodillos-inferiores-para-excavadoras\/","article_publisher":"https:\/\/www.facebook.com\/gfmparts","article_modified_time":"2025-07-09T08:08:26+00:00","og_image":[{"width":912,"height":912,"url":"https:\/\/gfmparts.com\/wp-content\/uploads\/2025\/01\/Best-Bulldozer-Bottom-Roller-1.png","type":"image\/png"}],"twitter_card":"summary_large_image","twitter_misc":{"Tiempo de lectura":"4 minutos"},"schema":{"@context":"https:\/\/schema.org","@graph":[{"@type":"WebPage","@id":"https:\/\/gfmparts.com\/product\/best-bulldozer-bottom-roller-factory\/","url":"https:\/\/gfmparts.com\/product\/best-bulldozer-bottom-roller-factory\/","name":"Bulldozer Track Roller - GFM Bottom Roller Factory","isPartOf":{"@id":"https:\/\/gfmparts.com\/#website"},"primaryImageOfPage":{"@id":"https:\/\/gfmparts.com\/product\/best-bulldozer-bottom-roller-factory\/#primaryimage"},"image":{"@id":"https:\/\/gfmparts.com\/product\/best-bulldozer-bottom-roller-factory\/#primaryimage"},"thumbnailUrl":"https:\/\/gfmparts.com\/wp-content\/uploads\/2025\/01\/Best-Bulldozer-Bottom-Roller-1.png","datePublished":"2025-01-03T01:37:25+00:00","dateModified":"2025-07-09T08:08:26+00:00","description":"GFM Track Roller Factory is an OEM & ODM manufacturer that provides any accessories for bulldozers and supports customization.","breadcrumb":{"@id":"https:\/\/gfmparts.com\/product\/best-bulldozer-bottom-roller-factory\/#breadcrumb"},"inLanguage":"es","potentialAction":[{"@type":"ReadAction","target":["https:\/\/gfmparts.com\/product\/best-bulldozer-bottom-roller-factory\/"]}]},{"@type":"ImageObject","inLanguage":"es","@id":"https:\/\/gfmparts.com\/product\/best-bulldozer-bottom-roller-factory\/#primaryimage","url":"https:\/\/gfmparts.com\/wp-content\/uploads\/2025\/01\/Best-Bulldozer-Bottom-Roller-1.png","contentUrl":"https:\/\/gfmparts.com\/wp-content\/uploads\/2025\/01\/Best-Bulldozer-Bottom-Roller-1.png","width":912,"height":912,"caption":"Best Bulldozer Bottom Roller"},{"@type":"BreadcrumbList","@id":"https:\/\/gfmparts.com\/product\/best-bulldozer-bottom-roller-factory\/#breadcrumb","itemListElement":[{"@type":"ListItem","position":1,"name":"\u9996\u9875","item":"https:\/\/gfmparts.com\/"},{"@type":"ListItem","position":2,"name":"All Product","item":"https:\/\/gfmparts.com\/all-product\/"},{"@type":"ListItem","position":3,"name":"Best Bulldozer Bottom Roller Factory"}]},{"@type":"WebSite","@id":"https:\/\/gfmparts.com\/#website","url":"https:\/\/gfmparts.com\/","name":"GFM PARTS","description":"GFM since 2011 focused on excavator and bulldozer undercarriage parts manufacturing :Track rollers,carrier roller,idler,sprocket,track group,bucket tooth pin.","publisher":{"@id":"https:\/\/gfmparts.com\/#organization"},"alternateName":"gfmparts.com","potentialAction":[{"@type":"SearchAction","target":{"@type":"EntryPoint","urlTemplate":"https:\/\/gfmparts.com\/?s={search_term_string}"},"query-input":{"@type":"PropertyValueSpecification","valueRequired":true,"valueName":"search_term_string"}}],"inLanguage":"es"},{"@type":"Organization","@id":"https:\/\/gfmparts.com\/#organization","name":"GFM PARTS","url":"https:\/\/gfmparts.com\/","logo":{"@type":"ImageObject","inLanguage":"es","@id":"https:\/\/gfmparts.com\/#\/schema\/logo\/image\/","url":"https:\/\/gfmparts.com\/wp-content\/uploads\/2024\/11\/cropped-GFMparts.com_-2.png","contentUrl":"https:\/\/gfmparts.com\/wp-content\/uploads\/2024\/11\/cropped-GFMparts.com_-2.png","width":5987,"height":2564,"caption":"GFM PARTS"},"image":{"@id":"https:\/\/gfmparts.com\/#\/schema\/logo\/image\/"},"sameAs":["https:\/\/www.facebook.com\/gfmparts","https:\/\/www.linkedin.com\/company\/gfmparts\/","https:\/\/www.tiktok.com\/@gfmparts","https:\/\/www.youtube.com\/@GFMparts\/featured"]}]}},"_links":{"self":[{"href":"https:\/\/gfmparts.com\/es_es\/wp-json\/wp\/v2\/product\/3210"}],"collection":[{"href":"https:\/\/gfmparts.com\/es_es\/wp-json\/wp\/v2\/product"}],"about":[{"href":"https:\/\/gfmparts.com\/es_es\/wp-json\/wp\/v2\/types\/product"}],"wp:featuredmedia":[{"embeddable":true,"href":"https:\/\/gfmparts.com\/es_es\/wp-json\/wp\/v2\/media\/6874"}],"wp:attachment":[{"href":"https:\/\/gfmparts.com\/es_es\/wp-json\/wp\/v2\/media?parent=3210"}],"wp:term":[{"taxonomy":"product_cat","embeddable":true,"href":"https:\/\/gfmparts.com\/es_es\/wp-json\/wp\/v2\/product_cat?post=3210"},{"taxonomy":"product_tag","embeddable":true,"href":"https:\/\/gfmparts.com\/es_es\/wp-json\/wp\/v2\/product_tag?post=3210"}],"curies":[{"name":"wp","href":"https:\/\/api.w.org\/{rel}","templated":true}]}}