{"id":3227,"date":"2025-01-06T06:32:09","date_gmt":"2025-01-06T06:32:09","guid":{"rendered":"https:\/\/gfmparts.com\/?post_type=product&#038;p=3227"},"modified":"2025-07-16T03:33:46","modified_gmt":"2025-07-16T03:33:46","slug":"bulldozer-swamp-track-shoe-supplier","status":"publish","type":"product","link":"https:\/\/gfmparts.com\/es_es\/producto\/proveedor-de-zapatas-para-excavadoras-de-pantano\/","title":{"rendered":"Proveedor de zapatas para orugas de pantano para excavadoras"},"content":{"rendered":"<p><span style=\"color: #000000;\">Como excavadora profesional <a style=\"color: #000000;\" href=\"https:\/\/gfmparts.com\/es_es\/producto\/fabrica-de-zapatas-para-excavadoras\/\">fabricante de zapatas de oruga<\/a>GFM se centra en proporcionar excavadoras de alto rendimiento <a style=\"color: #000000;\" href=\"https:\/\/gfmparts.com\/es_es\/producto\/fabricante-de-cadenas-para-excavadoras\/\">zapatillas de atletismo para pantanos<\/a> Las zapatas para pantanos de GFM est\u00e1n fabricadas con acero de aleaci\u00f3n de alta resistencia y ofrecen una excelente resistencia al desgaste y propiedades antideslizantes gracias a avanzados procesos de tratamiento t\u00e9rmico. La estructura de oruga ancha, especialmente dise\u00f1ada, reduce eficazmente la presi\u00f3n sobre el suelo, garantizando as\u00ed una operaci\u00f3n estable del equipo en terrenos blandos y fangosos, a la vez que reduce los da\u00f1os al suelo y mejora la eficiencia de la construcci\u00f3n. Nuestros productos son conocidos por su durabilidad, estabilidad y excelente adaptabilidad, y son especialmente adecuados para pantanos complejos y entornos de construcci\u00f3n hostiles.<\/span><\/p>\n<h3><span style=\"color: #ff6600;\">Descripci\u00f3n del Producto<\/span><\/h3>\n<ul>\n<li><span style=\"color: #000000;\"><strong>Cantidad m\u00ednima de pedido:<\/strong>\u00a01 pieza<\/span><\/li>\n<li><span style=\"color: #000000;\"><strong>M\u00e9todo de pago:<\/strong>\u00a0Transferencia bancaria<\/span><\/li>\n<li><span style=\"color: #000000;\"><strong>Marca:<\/strong>\u00a0GFM<\/span><\/li>\n<li><span style=\"color: #000000;\"><strong>Condici\u00f3n:<\/strong>\u00a0Nuevo<\/span><\/li>\n<li><span style=\"color: #000000;\"><strong>Color:<\/strong>\u00a0Amarillo, negro o personalizado<\/span><\/li>\n<li><span style=\"color: #000000;\"><strong>Plazo de entrega:<\/strong>\u00a030 d\u00edas<\/span><\/li>\n<li><span style=\"color: #000000;\"><strong>Garant\u00eda:<\/strong>\u00a01 a\u00f1o<\/span><\/li>\n<li><span style=\"color: #000000;\"><strong>Servicio:<\/strong>\u00a0OEM o ODM<\/span><\/li>\n<li><span style=\"color: #000000;\"><strong>Lugar de origen:<\/strong>\u00a0Fujian, China<\/span><\/li>\n<li><span style=\"color: #000000;\"><strong>Solicitud:<\/strong> Excavadora<\/span><\/li>\n<li><span style=\"color: #000000;\"><strong>Embalaje:<\/strong>\u00a0Palet de madera de exportaci\u00f3n est\u00e1ndar<\/span><\/li>\n<\/ul>\n<p style=\"text-align: center;\"><img fetchpriority=\"high\" decoding=\"async\" class=\"alignnone wp-image-3229\" src=\"https:\/\/gfmparts.com\/wp-content\/uploads\/2025\/01\/\u63a8\u571f\u673a\u6e7f\u5730\u677fswamp-track-shoe-1-1024x768.jpg\" alt=\"zapatilla de pista para pantanos-2\" width=\"435\" height=\"327\" srcset=\"https:\/\/gfmparts.com\/wp-content\/uploads\/2025\/01\/\u63a8\u571f\u673a\u6e7f\u5730\u677fswamp-track-shoe-1-1024x768.jpg 1024w, https:\/\/gfmparts.com\/wp-content\/uploads\/2025\/01\/\u63a8\u571f\u673a\u6e7f\u5730\u677fswamp-track-shoe-1-300x225.jpg 300w, https:\/\/gfmparts.com\/wp-content\/uploads\/2025\/01\/\u63a8\u571f\u673a\u6e7f\u5730\u677fswamp-track-shoe-1-768x576.jpg 768w, https:\/\/gfmparts.com\/wp-content\/uploads\/2025\/01\/\u63a8\u571f\u673a\u6e7f\u5730\u677fswamp-track-shoe-1-1536x1152.jpg 1536w, https:\/\/gfmparts.com\/wp-content\/uploads\/2025\/01\/\u63a8\u571f\u673a\u6e7f\u5730\u677fswamp-track-shoe-1-2048x1536.jpg 2048w, https:\/\/gfmparts.com\/wp-content\/uploads\/2025\/01\/\u63a8\u571f\u673a\u6e7f\u5730\u677fswamp-track-shoe-1-600x450.jpg 600w\" sizes=\"(max-width: 435px) 100vw, 435px\" \/> \u00a0<img decoding=\"async\" class=\"alignnone wp-image-3230\" src=\"https:\/\/gfmparts.com\/wp-content\/uploads\/2025\/01\/\u63a8\u571f\u673a\u6e7f\u5730\u677fswamp-track-shoe-6-1024x768.jpg\" alt=\"zapatilla de oruga para pantanos -1\" width=\"438\" height=\"328\" srcset=\"https:\/\/gfmparts.com\/wp-content\/uploads\/2025\/01\/\u63a8\u571f\u673a\u6e7f\u5730\u677fswamp-track-shoe-6-1024x768.jpg 1024w, https:\/\/gfmparts.com\/wp-content\/uploads\/2025\/01\/\u63a8\u571f\u673a\u6e7f\u5730\u677fswamp-track-shoe-6-300x225.jpg 300w, https:\/\/gfmparts.com\/wp-content\/uploads\/2025\/01\/\u63a8\u571f\u673a\u6e7f\u5730\u677fswamp-track-shoe-6-768x576.jpg 768w, https:\/\/gfmparts.com\/wp-content\/uploads\/2025\/01\/\u63a8\u571f\u673a\u6e7f\u5730\u677fswamp-track-shoe-6-1536x1152.jpg 1536w, https:\/\/gfmparts.com\/wp-content\/uploads\/2025\/01\/\u63a8\u571f\u673a\u6e7f\u5730\u677fswamp-track-shoe-6-2048x1536.jpg 2048w, https:\/\/gfmparts.com\/wp-content\/uploads\/2025\/01\/\u63a8\u571f\u673a\u6e7f\u5730\u677fswamp-track-shoe-6-600x450.jpg 600w\" sizes=\"(max-width: 438px) 100vw, 438px\" \/><\/p>\n<h3><span style=\"color: #ff6600;\">Caracter\u00edsticas<\/span><\/h3>\n<ul>\n<li><b><\/b><span style=\"color: #000000;\"><strong>Dureza dise\u00f1ada:<\/strong> Fabricado con acero de alta resistencia para destacar en las exigentes condiciones de pantanos y humedales.<\/span><\/li>\n<li><span style=\"color: #000000;\"><strong>Tracci\u00f3n excepcional:<\/strong> El dise\u00f1o especializado de la banda de rodadura proporciona un agarre y una estabilidad inigualables en terrenos blandos, fangosos y anegados.<\/span><\/li>\n<li><span style=\"color: #000000;\"><strong>Durabilidad extendida:<\/strong> Minimiza el desgaste y protege el tren de rodaje, garantizando un rendimiento confiable a lo largo del tiempo.<\/span><\/li>\n<li><span style=\"color: #000000;\"><strong>Resistente a la corrosi\u00f3n:<\/strong> El recubrimiento avanzado protege contra el \u00f3xido y la humedad, perfecto para un uso prolongado en ambientes h\u00famedos.<\/span><\/li>\n<li><span style=\"color: #000000;\"><strong>Rendimiento rentable:<\/strong> Reduce la frecuencia de mantenimiento y los costos de operaci\u00f3n con durabilidad y confiabilidad superiores.<\/span><\/li>\n<li><span style=\"color: #000000;\"><strong>Aplicaci\u00f3n vers\u00e1til:<\/strong> Dise\u00f1ado para destacarse en diversas condiciones de humedales, desde pantanos hasta ci\u00e9nagas, ofreciendo un rendimiento confiable en terrenos blandos o saturados.<\/span><\/li>\n<\/ul>\n<h3><span style=\"color: #ff6600;\">Modelos de productos<\/span><\/h3>\n<p style=\"text-align: center;\"><img decoding=\"async\" class=\"alignnone size-full wp-image-3146\" src=\"https:\/\/gfmparts.com\/wp-content\/uploads\/2024\/11\/bulldozer-part-description.png\" alt=\"Descripci\u00f3n de la pieza de la excavadora\" width=\"626\" height=\"317\" srcset=\"https:\/\/gfmparts.com\/wp-content\/uploads\/2024\/11\/bulldozer-part-description.png 626w, https:\/\/gfmparts.com\/wp-content\/uploads\/2024\/11\/bulldozer-part-description-300x152.png 300w, https:\/\/gfmparts.com\/wp-content\/uploads\/2024\/11\/bulldozer-part-description-600x304.png 600w\" sizes=\"(max-width: 626px) 100vw, 626px\" \/><\/p>\n<h3><span style=\"color: #ff6600;\">Proceso de producci\u00f3n<\/span><\/h3>\n<p style=\"text-align: center;\"><iframe title=\"Reproductor de v\u00eddeo de YouTube\" src=\"https:\/\/www.youtube.com\/embed\/Nj9u7bBv59w?si=nEYwUUSoPTBFYng3\" width=\"1000\" height=\"563\" frameborder=\"0\" allowfullscreen=\"allowfullscreen\"><\/iframe><\/p>\n<p><img loading=\"lazy\" decoding=\"async\" class=\"size-large wp-image-3043 aligncenter\" src=\"https:\/\/gfmparts.com\/wp-content\/uploads\/2024\/12\/\u901a\u7528\u751f\u4ea7\u6d41\u7a0b-1-1024x648.jpg\" alt=\"proceso de producci\u00f3n de piezas de excavadora\" width=\"1024\" height=\"648\" srcset=\"\" sizes=\"(max-width: 1024px) 100vw, 1024px\" data-srcset=\"\" \/><\/p>\n<h3><span style=\"color: #ff6600;\">Embalaje y env\u00edo<\/span><\/h3>\n<p style=\"text-align: center;\"><img loading=\"lazy\" decoding=\"async\" class=\"alignnone size-large wp-image-6521\" src=\"https:\/\/gfmparts.com\/wp-content\/uploads\/2025\/05\/Packaging-and-Shipping-1-1-1024x648.jpg\" alt=\"Embalaje y env\u00edo\" width=\"1024\" height=\"648\" srcset=\"https:\/\/gfmparts.com\/wp-content\/uploads\/2025\/05\/Packaging-and-Shipping-1-1-1024x648.jpg 1024w, https:\/\/gfmparts.com\/wp-content\/uploads\/2025\/05\/Packaging-and-Shipping-1-1-300x190.jpg 300w, https:\/\/gfmparts.com\/wp-content\/uploads\/2025\/05\/Packaging-and-Shipping-1-1-768x486.jpg 768w, https:\/\/gfmparts.com\/wp-content\/uploads\/2025\/05\/Packaging-and-Shipping-1-1-1536x973.jpg 1536w, https:\/\/gfmparts.com\/wp-content\/uploads\/2025\/05\/Packaging-and-Shipping-1-1-2048x1297.jpg 2048w, https:\/\/gfmparts.com\/wp-content\/uploads\/2025\/05\/Packaging-and-Shipping-1-1-600x380.jpg 600w\" sizes=\"(max-width: 1024px) 100vw, 1024px\" \/><\/p>\n<h3><span style=\"color: #ff6600;\">Ventajas de la f\u00e1brica<\/span><\/h3>\n<p><span style=\"color: #000000;\">Las zapatas de oruga para bulldozers GFM se basan en un procesamiento preciso y un ajuste perfecto para garantizar que la cadena se mantenga suave y uniforme bajo cargas elevadas. Su material altamente resistente al desgaste y su dise\u00f1o optimizado no solo prolongan la vida \u00fatil, sino que tambi\u00e9n reducen los costos de mantenimiento del equipo. Ya sea para movimiento de tierras, operaciones mineras o construcci\u00f3n de humedales, las zapatas de oruga GFM son la soluci\u00f3n.<\/span><\/p>\n<h5><span style=\"color: #000000;\">\u00bfPor qu\u00e9 elegir a GFM como proveedor de piezas para excavadoras?<\/span><\/h5>\n<ul>\n<li><span style=\"color: #000000;\"><strong>Fuerte capacidad de producci\u00f3n:<\/strong> GFM cuenta con modernos equipos de f\u00e1brica y l\u00edneas de producci\u00f3n automatizadas para garantizar la entrega eficiente de pedidos de gran volumen.<\/span><\/li>\n<li><span style=\"color: #000000;\"><strong>Innovaci\u00f3n tecnol\u00f3gica:<\/strong> Nuestro equipo de I+D est\u00e1 comprometido a optimizar el dise\u00f1o de productos y brindar soluciones con un mejor rendimiento.<\/span><\/li>\n<li><span style=\"color: #000000;\"><strong>Servicio personalizado:<\/strong> Admite servicios personalizados OEM\/ODM y se pueden desarrollar tama\u00f1os y especificaciones especiales de zapatas y cadenas de acuerdo con las necesidades del cliente.<\/span><\/li>\n<li><span style=\"color: #000000;\"><strong>Rica experiencia:<\/strong> M\u00e1s de diez a\u00f1os de profunda experiencia en el sector nos han convertido en un socio a largo plazo de muchas marcas de renombre internacional.<\/span><\/li>\n<\/ul>\n<p><span style=\"color: #000000;\">Como excavadora profesional <a style=\"color: #000000;\" href=\"https:\/\/gfmparts.com\/es_es\/producto\/fabricante-de-zapatas-de-oruga-para-excavadoras\/\">proveedor de zapatas de oruga<\/a>GFM se ha ganado la confianza de clientes globales gracias a su excelente calidad y servicios de alta calidad. Si necesita piezas confiables para bulldozers, cont\u00e1ctenos para obtener m\u00e1s informaci\u00f3n y soluciones.<\/span><\/p>\n<p style=\"text-align: center;\"><span style=\"color: #000000;\"><img loading=\"lazy\" decoding=\"async\" class=\"alignnone wp-image-2159\" src=\"https:\/\/gfmparts.com\/wp-content\/uploads\/2024\/12\/\u5fae\u4fe1\u56fe\u7247_20241202160325-1024x576.jpg\" alt=\"fabricante de rodillos portadores\" width=\"767\" height=\"431\" srcset=\"\" sizes=\"(max-width: 767px) 100vw, 767px\" data-srcset=\"\" \/><\/span><\/p>","protected":false},"excerpt":{"rendered":"<ul>\n<li><span style=\"color: #000000;\">Calidad del producto garantizada<\/span><\/li>\n<li><span style=\"color: #000000;\">Gran suministro<\/span><\/li>\n<li><span style=\"color: #000000;\">Precios competitivos<\/span><\/li>\n<li><span style=\"color: #000000;\">La mayor\u00eda de marcas y modelos<\/span><\/li>\n<li><span style=\"color: #000000;\">Equipo de atenci\u00f3n al cliente servicial<\/span><\/li>\n<li><span style=\"color: #000000;\">Soporte t\u00e9cnico profesional<\/span><\/li>\n<\/ul>","protected":false},"featured_media":3594,"template":"","meta":{"site-sidebar-layout":"default","site-content-layout":"","ast-site-content-layout":"default","site-content-style":"default","site-sidebar-style":"default","ast-global-header-display":"","ast-banner-title-visibility":"","ast-main-header-display":"","ast-hfb-above-header-display":"","ast-hfb-below-header-display":"","ast-hfb-mobile-header-display":"","site-post-title":"","ast-breadcrumbs-content":"","ast-featured-img":"","footer-sml-layout":"","theme-transparent-header-meta":"default","adv-header-id-meta":"","stick-header-meta":"default","header-above-stick-meta":"","header-main-stick-meta":"","header-below-stick-meta":"","astra-migrate-meta-layouts":"set","ast-page-background-enabled":"default","ast-page-background-meta":{"desktop":{"background-color":"","background-image":"","background-repeat":"repeat","background-position":"center center","background-size":"auto","background-attachment":"scroll","background-type":"","background-media":"","overlay-type":"","overlay-color":"","overlay-opacity":"","overlay-gradient":""},"tablet":{"background-color":"","background-image":"","background-repeat":"repeat","background-position":"center center","background-size":"auto","background-attachment":"scroll","background-type":"","background-media":"","overlay-type":"","overlay-color":"","overlay-opacity":"","overlay-gradient":""},"mobile":{"background-color":"","background-image":"","background-repeat":"repeat","background-position":"center center","background-size":"auto","background-attachment":"scroll","background-type":"","background-media":"","overlay-type":"","overlay-color":"","overlay-opacity":"","overlay-gradient":""}},"ast-content-background-meta":{"desktop":{"background-color":"var(--ast-global-color-5)","background-image":"","background-repeat":"repeat","background-position":"center center","background-size":"auto","background-attachment":"scroll","background-type":"","background-media":"","overlay-type":"","overlay-color":"","overlay-opacity":"","overlay-gradient":""},"tablet":{"background-color":"var(--ast-global-color-5)","background-image":"","background-repeat":"repeat","background-position":"center center","background-size":"auto","background-attachment":"scroll","background-type":"","background-media":"","overlay-type":"","overlay-color":"","overlay-opacity":"","overlay-gradient":""},"mobile":{"background-color":"var(--ast-global-color-5)","background-image":"","background-repeat":"repeat","background-position":"center center","background-size":"auto","background-attachment":"scroll","background-type":"","background-media":"","overlay-type":"","overlay-color":"","overlay-opacity":"","overlay-gradient":""}}},"product_cat":[38,33],"product_tag":[],"class_list":{"0":"post-3227","1":"product","2":"type-product","3":"status-publish","4":"has-post-thumbnail","6":"product_cat-undercarriage","7":"product_cat-track-shoe","8":"desktop-align-left","9":"tablet-align-left","10":"mobile-align-left","11":"ast-product-gallery-layout-horizontal-slider","12":"ast-product-gallery-with-no-image","13":"ast-product-tabs-layout-horizontal","15":"first","16":"instock","17":"shipping-taxable","18":"product-type-simple"},"yoast_head":"<!-- This site is optimized with the Yoast SEO Premium plugin v22.8 (Yoast SEO v23.9) - https:\/\/yoast.com\/wordpress\/plugins\/seo\/ -->\n<title>Swamp Track Shoe - Bulldozer Track Shoe Supplier<\/title>\n<meta name=\"description\" content=\"As a dozer track shoe supplier, GFM supports OEM\/ODM customization services and can develop track shoes of special sizes and specifications according to customer needs.\" \/>\n<meta name=\"robots\" content=\"index, follow, max-snippet:-1, max-image-preview:large, max-video-preview:-1\" \/>\n<link rel=\"canonical\" href=\"https:\/\/gfmparts.com\/es_es\/producto\/proveedor-de-zapatas-para-excavadoras-de-pantano\/\" \/>\n<meta property=\"og:locale\" content=\"es_ES\" \/>\n<meta property=\"og:type\" content=\"article\" \/>\n<meta property=\"og:title\" content=\"Bulldozer Swamp Track Shoe Supplier\" \/>\n<meta property=\"og:description\" content=\"As a dozer track shoe supplier, GFM supports OEM\/ODM customization services and can develop track shoes of special sizes and specifications according to customer needs.\" \/>\n<meta property=\"og:url\" content=\"https:\/\/gfmparts.com\/es_es\/producto\/proveedor-de-zapatas-para-excavadoras-de-pantano\/\" \/>\n<meta property=\"article:publisher\" content=\"https:\/\/www.facebook.com\/gfmparts\" \/>\n<meta property=\"article:modified_time\" content=\"2025-07-16T03:33:46+00:00\" \/>\n<meta property=\"og:image\" content=\"https:\/\/gfmparts.com\/wp-content\/uploads\/2025\/01\/bulldozer-swamp-track-shoe-1-1024x1024.png\" \/>\n\t<meta property=\"og:image:width\" content=\"1024\" \/>\n\t<meta property=\"og:image:height\" content=\"1024\" \/>\n\t<meta property=\"og:image:type\" content=\"image\/png\" \/>\n<meta name=\"twitter:card\" content=\"summary_large_image\" \/>\n<meta name=\"twitter:label1\" content=\"Tiempo de lectura\" \/>\n\t<meta name=\"twitter:data1\" content=\"4 minutos\" \/>\n<script type=\"application\/ld+json\" class=\"yoast-schema-graph\">{\"@context\":\"https:\/\/schema.org\",\"@graph\":[{\"@type\":\"WebPage\",\"@id\":\"https:\/\/gfmparts.com\/product\/bulldozer-swamp-track-shoe-supplier\/\",\"url\":\"https:\/\/gfmparts.com\/product\/bulldozer-swamp-track-shoe-supplier\/\",\"name\":\"Swamp Track Shoe - Bulldozer Track Shoe Supplier\",\"isPartOf\":{\"@id\":\"https:\/\/gfmparts.com\/#website\"},\"primaryImageOfPage\":{\"@id\":\"https:\/\/gfmparts.com\/product\/bulldozer-swamp-track-shoe-supplier\/#primaryimage\"},\"image\":{\"@id\":\"https:\/\/gfmparts.com\/product\/bulldozer-swamp-track-shoe-supplier\/#primaryimage\"},\"thumbnailUrl\":\"https:\/\/gfmparts.com\/wp-content\/uploads\/2025\/01\/bulldozer-swamp-track-shoe-1.png\",\"datePublished\":\"2025-01-06T06:32:09+00:00\",\"dateModified\":\"2025-07-16T03:33:46+00:00\",\"description\":\"As a dozer track shoe supplier, GFM supports OEM\/ODM customization services and can develop track shoes of special sizes and specifications according to customer needs.\",\"breadcrumb\":{\"@id\":\"https:\/\/gfmparts.com\/product\/bulldozer-swamp-track-shoe-supplier\/#breadcrumb\"},\"inLanguage\":\"es\",\"potentialAction\":[{\"@type\":\"ReadAction\",\"target\":[\"https:\/\/gfmparts.com\/product\/bulldozer-swamp-track-shoe-supplier\/\"]}]},{\"@type\":\"ImageObject\",\"inLanguage\":\"es\",\"@id\":\"https:\/\/gfmparts.com\/product\/bulldozer-swamp-track-shoe-supplier\/#primaryimage\",\"url\":\"https:\/\/gfmparts.com\/wp-content\/uploads\/2025\/01\/bulldozer-swamp-track-shoe-1.png\",\"contentUrl\":\"https:\/\/gfmparts.com\/wp-content\/uploads\/2025\/01\/bulldozer-swamp-track-shoe-1.png\",\"width\":3072,\"height\":3072,\"caption\":\"Bulldozer Swamp Track Shoe\"},{\"@type\":\"BreadcrumbList\",\"@id\":\"https:\/\/gfmparts.com\/product\/bulldozer-swamp-track-shoe-supplier\/#breadcrumb\",\"itemListElement\":[{\"@type\":\"ListItem\",\"position\":1,\"name\":\"\u9996\u9875\",\"item\":\"https:\/\/gfmparts.com\/\"},{\"@type\":\"ListItem\",\"position\":2,\"name\":\"All Product\",\"item\":\"https:\/\/gfmparts.com\/all-product\/\"},{\"@type\":\"ListItem\",\"position\":3,\"name\":\"Bulldozer Swamp Track Shoe Supplier\"}]},{\"@type\":\"WebSite\",\"@id\":\"https:\/\/gfmparts.com\/#website\",\"url\":\"https:\/\/gfmparts.com\/\",\"name\":\"GFM PARTS\",\"description\":\"GFM since 2011 focused on excavator and bulldozer undercarriage parts manufacturing :Track rollers,carrier roller,idler,sprocket,track group,bucket tooth pin.\",\"publisher\":{\"@id\":\"https:\/\/gfmparts.com\/#organization\"},\"alternateName\":\"gfmparts.com\",\"potentialAction\":[{\"@type\":\"SearchAction\",\"target\":{\"@type\":\"EntryPoint\",\"urlTemplate\":\"https:\/\/gfmparts.com\/?s={search_term_string}\"},\"query-input\":{\"@type\":\"PropertyValueSpecification\",\"valueRequired\":true,\"valueName\":\"search_term_string\"}}],\"inLanguage\":\"es\"},{\"@type\":\"Organization\",\"@id\":\"https:\/\/gfmparts.com\/#organization\",\"name\":\"GFM PARTS\",\"url\":\"https:\/\/gfmparts.com\/\",\"logo\":{\"@type\":\"ImageObject\",\"inLanguage\":\"es\",\"@id\":\"https:\/\/gfmparts.com\/#\/schema\/logo\/image\/\",\"url\":\"https:\/\/gfmparts.com\/wp-content\/uploads\/2024\/11\/cropped-GFMparts.com_-2.png\",\"contentUrl\":\"https:\/\/gfmparts.com\/wp-content\/uploads\/2024\/11\/cropped-GFMparts.com_-2.png\",\"width\":5987,\"height\":2564,\"caption\":\"GFM PARTS\"},\"image\":{\"@id\":\"https:\/\/gfmparts.com\/#\/schema\/logo\/image\/\"},\"sameAs\":[\"https:\/\/www.facebook.com\/gfmparts\",\"https:\/\/www.linkedin.com\/company\/gfmparts\/\",\"https:\/\/www.tiktok.com\/@gfmparts\",\"https:\/\/www.youtube.com\/@GFMparts\/featured\"]}]}<\/script>\n<!-- \/ Yoast SEO Premium plugin. -->","yoast_head_json":{"title":"Swamp Track Shoe - Bulldozer Track Shoe Supplier","description":"As a dozer track shoe supplier, GFM supports OEM\/ODM customization services and can develop track shoes of special sizes and specifications according to customer needs.","robots":{"index":"index","follow":"follow","max-snippet":"max-snippet:-1","max-image-preview":"max-image-preview:large","max-video-preview":"max-video-preview:-1"},"canonical":"https:\/\/gfmparts.com\/es_es\/producto\/proveedor-de-zapatas-para-excavadoras-de-pantano\/","og_locale":"es_ES","og_type":"article","og_title":"Bulldozer Swamp Track Shoe Supplier","og_description":"As a dozer track shoe supplier, GFM supports OEM\/ODM customization services and can develop track shoes of special sizes and specifications according to customer needs.","og_url":"https:\/\/gfmparts.com\/es_es\/producto\/proveedor-de-zapatas-para-excavadoras-de-pantano\/","article_publisher":"https:\/\/www.facebook.com\/gfmparts","article_modified_time":"2025-07-16T03:33:46+00:00","og_image":[{"width":1024,"height":1024,"url":"https:\/\/gfmparts.com\/wp-content\/uploads\/2025\/01\/bulldozer-swamp-track-shoe-1-1024x1024.png","type":"image\/png"}],"twitter_card":"summary_large_image","twitter_misc":{"Tiempo de lectura":"4 minutos"},"schema":{"@context":"https:\/\/schema.org","@graph":[{"@type":"WebPage","@id":"https:\/\/gfmparts.com\/product\/bulldozer-swamp-track-shoe-supplier\/","url":"https:\/\/gfmparts.com\/product\/bulldozer-swamp-track-shoe-supplier\/","name":"Swamp Track Shoe - Bulldozer Track Shoe Supplier","isPartOf":{"@id":"https:\/\/gfmparts.com\/#website"},"primaryImageOfPage":{"@id":"https:\/\/gfmparts.com\/product\/bulldozer-swamp-track-shoe-supplier\/#primaryimage"},"image":{"@id":"https:\/\/gfmparts.com\/product\/bulldozer-swamp-track-shoe-supplier\/#primaryimage"},"thumbnailUrl":"https:\/\/gfmparts.com\/wp-content\/uploads\/2025\/01\/bulldozer-swamp-track-shoe-1.png","datePublished":"2025-01-06T06:32:09+00:00","dateModified":"2025-07-16T03:33:46+00:00","description":"As a dozer track shoe supplier, GFM supports OEM\/ODM customization services and can develop track shoes of special sizes and specifications according to customer needs.","breadcrumb":{"@id":"https:\/\/gfmparts.com\/product\/bulldozer-swamp-track-shoe-supplier\/#breadcrumb"},"inLanguage":"es","potentialAction":[{"@type":"ReadAction","target":["https:\/\/gfmparts.com\/product\/bulldozer-swamp-track-shoe-supplier\/"]}]},{"@type":"ImageObject","inLanguage":"es","@id":"https:\/\/gfmparts.com\/product\/bulldozer-swamp-track-shoe-supplier\/#primaryimage","url":"https:\/\/gfmparts.com\/wp-content\/uploads\/2025\/01\/bulldozer-swamp-track-shoe-1.png","contentUrl":"https:\/\/gfmparts.com\/wp-content\/uploads\/2025\/01\/bulldozer-swamp-track-shoe-1.png","width":3072,"height":3072,"caption":"Bulldozer Swamp Track Shoe"},{"@type":"BreadcrumbList","@id":"https:\/\/gfmparts.com\/product\/bulldozer-swamp-track-shoe-supplier\/#breadcrumb","itemListElement":[{"@type":"ListItem","position":1,"name":"\u9996\u9875","item":"https:\/\/gfmparts.com\/"},{"@type":"ListItem","position":2,"name":"All Product","item":"https:\/\/gfmparts.com\/all-product\/"},{"@type":"ListItem","position":3,"name":"Bulldozer Swamp Track Shoe Supplier"}]},{"@type":"WebSite","@id":"https:\/\/gfmparts.com\/#website","url":"https:\/\/gfmparts.com\/","name":"GFM PARTS","description":"GFM since 2011 focused on excavator and bulldozer undercarriage parts manufacturing :Track rollers,carrier roller,idler,sprocket,track group,bucket tooth pin.","publisher":{"@id":"https:\/\/gfmparts.com\/#organization"},"alternateName":"gfmparts.com","potentialAction":[{"@type":"SearchAction","target":{"@type":"EntryPoint","urlTemplate":"https:\/\/gfmparts.com\/?s={search_term_string}"},"query-input":{"@type":"PropertyValueSpecification","valueRequired":true,"valueName":"search_term_string"}}],"inLanguage":"es"},{"@type":"Organization","@id":"https:\/\/gfmparts.com\/#organization","name":"GFM PARTS","url":"https:\/\/gfmparts.com\/","logo":{"@type":"ImageObject","inLanguage":"es","@id":"https:\/\/gfmparts.com\/#\/schema\/logo\/image\/","url":"https:\/\/gfmparts.com\/wp-content\/uploads\/2024\/11\/cropped-GFMparts.com_-2.png","contentUrl":"https:\/\/gfmparts.com\/wp-content\/uploads\/2024\/11\/cropped-GFMparts.com_-2.png","width":5987,"height":2564,"caption":"GFM PARTS"},"image":{"@id":"https:\/\/gfmparts.com\/#\/schema\/logo\/image\/"},"sameAs":["https:\/\/www.facebook.com\/gfmparts","https:\/\/www.linkedin.com\/company\/gfmparts\/","https:\/\/www.tiktok.com\/@gfmparts","https:\/\/www.youtube.com\/@GFMparts\/featured"]}]}},"_links":{"self":[{"href":"https:\/\/gfmparts.com\/es_es\/wp-json\/wp\/v2\/product\/3227"}],"collection":[{"href":"https:\/\/gfmparts.com\/es_es\/wp-json\/wp\/v2\/product"}],"about":[{"href":"https:\/\/gfmparts.com\/es_es\/wp-json\/wp\/v2\/types\/product"}],"wp:featuredmedia":[{"embeddable":true,"href":"https:\/\/gfmparts.com\/es_es\/wp-json\/wp\/v2\/media\/3594"}],"wp:attachment":[{"href":"https:\/\/gfmparts.com\/es_es\/wp-json\/wp\/v2\/media?parent=3227"}],"wp:term":[{"taxonomy":"product_cat","embeddable":true,"href":"https:\/\/gfmparts.com\/es_es\/wp-json\/wp\/v2\/product_cat?post=3227"},{"taxonomy":"product_tag","embeddable":true,"href":"https:\/\/gfmparts.com\/es_es\/wp-json\/wp\/v2\/product_tag?post=3227"}],"curies":[{"name":"wp","href":"https:\/\/api.w.org\/{rel}","templated":true}]}}