{"id":3234,"date":"2025-01-07T06:22:40","date_gmt":"2025-01-07T06:22:40","guid":{"rendered":"https:\/\/gfmparts.com\/?post_type=product&#038;p=3234"},"modified":"2025-07-01T05:55:42","modified_gmt":"2025-07-01T05:55:42","slug":"track-carrier-roller-manufacturers","status":"publish","type":"product","link":"https:\/\/gfmparts.com\/es_es\/producto\/fabricantes-de-rodillos-portadores-de-orugas\/","title":{"rendered":"Fabricantes de rodillos portadores para excavadoras y bulldozers"},"content":{"rendered":"<p><span style=\"color: #000000;\">El <a style=\"color: #000000;\" href=\"https:\/\/gfmparts.com\/es_es\/producto\/la-mejor-fabrica-de-rodillos-inferiores-para-excavadoras\/\">rodillo portador de oruga<\/a> El sistema de orugas de la excavadora y el bulldozer es una parte importante del sistema de orugas. Se utiliza principalmente para soportar el sistema de orugas del bulldozer y garantizar su buen funcionamiento. Las ruedas de apoyo de alta calidad distribuyen eficazmente el peso, reducen el desgaste de las orugas y prolongan la vida \u00fatil del bulldozer. Como profesional... <a style=\"color: #000000;\" href=\"https:\/\/gfmparts.com\/es_es\/producto\/fabrica-de-rodillos-portadores-de-excavadoras-de-rodillos-superiores\/\">fabricante de rodillos portadores<\/a>GFM ofrece una variedad de ruedas de apoyo para excavadoras y bulldozers de diferentes especificaciones y marcas. Nuestras ruedas de apoyo est\u00e1n fabricadas con acero de aleaci\u00f3n de alta resistencia y ofrecen una excelente resistencia a la compresi\u00f3n y al desgaste, lo que garantiza que su equipo siga funcionando eficientemente en entornos hostiles.<\/span><\/p>\n<h3><span style=\"color: #ff6600;\">Descripci\u00f3n del Producto<\/span><\/h3>\n<ul>\n<li><span style=\"color: #000000;\"><strong>Cantidad m\u00ednima de pedido:<\/strong>\u00a01 pieza<\/span><\/li>\n<li><span style=\"color: #000000;\"><strong>M\u00e9todo de pago:<\/strong>\u00a0Transferencia bancaria<\/span><\/li>\n<li><span style=\"color: #000000;\"><strong>Marca:<\/strong>\u00a0GFM<\/span><\/li>\n<li><span style=\"color: #000000;\"><strong>Condici\u00f3n:<\/strong>\u00a0Nuevo<\/span><\/li>\n<li><span style=\"color: #000000;\"><strong>Color:<\/strong>\u00a0Amarillo, negro o personalizado<\/span><\/li>\n<li><span style=\"color: #000000;\"><strong>Plazo de entrega:<\/strong>\u00a030 d\u00edas<\/span><\/li>\n<li><span style=\"color: #000000;\"><strong>Garant\u00eda:<\/strong>\u00a01 a\u00f1o<\/span><\/li>\n<li><span style=\"color: #000000;\"><strong>Servicio:<\/strong>\u00a0OEM o ODM<\/span><\/li>\n<li><span style=\"color: #000000;\"><strong>Lugar de origen:<\/strong>\u00a0Fujian, China<\/span><\/li>\n<li><span style=\"color: #000000;\"><strong>Solicitud:<\/strong>\u00a0Excavadora o Bulldozer<\/span><\/li>\n<li><span style=\"color: #000000;\"><strong>Embalaje:<\/strong>\u00a0Palet de madera de exportaci\u00f3n est\u00e1ndar<\/span><\/li>\n<\/ul>\n<p style=\"text-align: center;\"><span style=\"color: #000000;\"><img fetchpriority=\"high\" decoding=\"async\" class=\"alignnone wp-image-3236\" src=\"https:\/\/gfmparts.com\/wp-content\/uploads\/2025\/01\/excavator-bulldozer-track-carrier-roller-1024x839.jpg\" alt=\"Rodillo portador de orugas de excavadora\" width=\"811\" height=\"664\" srcset=\"https:\/\/gfmparts.com\/wp-content\/uploads\/2025\/01\/excavator-bulldozer-track-carrier-roller-1024x839.jpg 1024w, https:\/\/gfmparts.com\/wp-content\/uploads\/2025\/01\/excavator-bulldozer-track-carrier-roller-300x246.jpg 300w, https:\/\/gfmparts.com\/wp-content\/uploads\/2025\/01\/excavator-bulldozer-track-carrier-roller-768x629.jpg 768w, https:\/\/gfmparts.com\/wp-content\/uploads\/2025\/01\/excavator-bulldozer-track-carrier-roller-600x491.jpg 600w, https:\/\/gfmparts.com\/wp-content\/uploads\/2025\/01\/excavator-bulldozer-track-carrier-roller.jpg 1132w\" sizes=\"(max-width: 811px) 100vw, 811px\" \/><\/span><\/p>\n<h3><span style=\"color: #ff6600;\">Caracter\u00edsticas<\/span><\/h3>\n<ul>\n<li><span style=\"color: #000000;\"><b><\/b><strong><b>Durabilidad duradera: <\/b><\/strong>Fabricado con acero resistente al desgaste de alta calidad para m\u00e1xima resistencia y una vida \u00fatil prolongada.<\/span><\/li>\n<li><span style=\"color: #000000;\"><b><\/b><strong><b>Sellado y lubricado<\/b><\/strong>:El dise\u00f1o completamente sellado evita la entrada de suciedad, agua y contaminantes, lo que minimiza el desgaste y el mantenimiento.<\/span><\/li>\n<li><span style=\"color: #000000;\"><b><\/b><strong><b>Funcionamiento suave<\/b><\/strong>Dise\u00f1ado con precisi\u00f3n para brindar un soporte eficiente y estable para la parte superior de la pista.<\/span><\/li>\n<li><span style=\"color: #000000;\"><b><\/b><strong><b>Resistencia a la corrosi\u00f3n<\/b><\/strong>Los tratamientos de superficie resistentes a la corrosi\u00f3n garantizan un funcionamiento confiable en entornos hostiles.<\/span><\/li>\n<li><span style=\"color: #000000;\"><b><\/b><strong><b>Se adapta a varios modelos<\/b><\/strong>:Dise\u00f1ado para adaptarse a una amplia gama de modelos de excavadoras y bulldozers para diversas aplicaciones.<\/span><\/li>\n<li><span style=\"color: #000000;\"><b><\/b><strong><b>Dureza comprobada: <\/b><\/strong>Probado para funcionar de manera confiable en condiciones extremas, reduciendo el tiempo de inactividad y aumentando la productividad.<\/span><\/li>\n<\/ul>\n<p><span style=\"color: #000000;\">En GFM Factory, nuestros rodillos portadores est\u00e1n dise\u00f1ados para optimizar el rendimiento de su maquinaria, garantizando operaciones de seguimiento m\u00e1s suaves y una mayor vida \u00fatil del equipo.<\/span><\/p>\n<h3><span style=\"color: #ff6600;\">Presupuesto<\/span><\/h3>\n<p style=\"text-align: center;\"><span style=\"color: #000000;\"><img decoding=\"async\" class=\"alignnone  wp-image-6818\" src=\"https:\/\/gfmparts.com\/wp-content\/uploads\/2025\/03\/carrier-roller-Main-Dimensions-of-Installation-1024x761.png\" alt=\"Dimensiones principales de instalaci\u00f3n del rodillo portador\" width=\"908\" height=\"675\" srcset=\"https:\/\/gfmparts.com\/wp-content\/uploads\/2025\/03\/carrier-roller-Main-Dimensions-of-Installation-1024x761.png 1024w, https:\/\/gfmparts.com\/wp-content\/uploads\/2025\/03\/carrier-roller-Main-Dimensions-of-Installation-300x223.png 300w, https:\/\/gfmparts.com\/wp-content\/uploads\/2025\/03\/carrier-roller-Main-Dimensions-of-Installation-768x571.png 768w, https:\/\/gfmparts.com\/wp-content\/uploads\/2025\/03\/carrier-roller-Main-Dimensions-of-Installation-1536x1141.png 1536w, https:\/\/gfmparts.com\/wp-content\/uploads\/2025\/03\/carrier-roller-Main-Dimensions-of-Installation-16x12.png 16w, https:\/\/gfmparts.com\/wp-content\/uploads\/2025\/03\/carrier-roller-Main-Dimensions-of-Installation-600x446.png 600w, https:\/\/gfmparts.com\/wp-content\/uploads\/2025\/03\/carrier-roller-Main-Dimensions-of-Installation.png 1595w\" sizes=\"(max-width: 908px) 100vw, 908px\" \/><\/span><\/p>\n<h3><span style=\"color: #ff6600;\">Modelos de productos<\/span><\/h3>\n<p style=\"text-align: center;\"><img decoding=\"async\" class=\"alignnone size-full wp-image-3154\" src=\"https:\/\/gfmparts.com\/wp-content\/uploads\/2024\/12\/excavator-and-bulldozer-part-description.png\" alt=\"Descripci\u00f3n de piezas de excavadoras y bulldozers\" width=\"853\" height=\"736\" srcset=\"https:\/\/gfmparts.com\/wp-content\/uploads\/2024\/12\/excavator-and-bulldozer-part-description.png 853w, https:\/\/gfmparts.com\/wp-content\/uploads\/2024\/12\/excavator-and-bulldozer-part-description-300x259.png 300w, https:\/\/gfmparts.com\/wp-content\/uploads\/2024\/12\/excavator-and-bulldozer-part-description-768x663.png 768w, https:\/\/gfmparts.com\/wp-content\/uploads\/2024\/12\/excavator-and-bulldozer-part-description-600x518.png 600w\" sizes=\"(max-width: 853px) 100vw, 853px\" \/><\/p>\n<h3><span style=\"color: #ff6600;\">Proceso de producci\u00f3n<\/span><\/h3>\n<p><img loading=\"lazy\" decoding=\"async\" class=\"size-large wp-image-3043 aligncenter\" src=\"https:\/\/gfmparts.com\/wp-content\/uploads\/2024\/12\/\u901a\u7528\u751f\u4ea7\u6d41\u7a0b-1-1024x648.jpg\" alt=\"proceso de producci\u00f3n de piezas de excavadora\" width=\"1024\" height=\"648\" srcset=\"\" sizes=\"(max-width: 1024px) 100vw, 1024px\" data-srcset=\"\" \/><\/p>\n<h3><span style=\"color: #ff6600;\">Embalaje y env\u00edo<\/span><\/h3>\n<p style=\"text-align: center;\"><img loading=\"lazy\" decoding=\"async\" class=\"alignnone size-large wp-image-6521\" src=\"https:\/\/gfmparts.com\/wp-content\/uploads\/2025\/05\/Packaging-and-Shipping-1-1-1024x648.jpg\" alt=\"Embalaje y env\u00edo\" width=\"1024\" height=\"648\" srcset=\"https:\/\/gfmparts.com\/wp-content\/uploads\/2025\/05\/Packaging-and-Shipping-1-1-1024x648.jpg 1024w, https:\/\/gfmparts.com\/wp-content\/uploads\/2025\/05\/Packaging-and-Shipping-1-1-300x190.jpg 300w, https:\/\/gfmparts.com\/wp-content\/uploads\/2025\/05\/Packaging-and-Shipping-1-1-768x486.jpg 768w, https:\/\/gfmparts.com\/wp-content\/uploads\/2025\/05\/Packaging-and-Shipping-1-1-1536x973.jpg 1536w, https:\/\/gfmparts.com\/wp-content\/uploads\/2025\/05\/Packaging-and-Shipping-1-1-2048x1297.jpg 2048w, https:\/\/gfmparts.com\/wp-content\/uploads\/2025\/05\/Packaging-and-Shipping-1-1-600x380.jpg 600w\" sizes=\"(max-width: 1024px) 100vw, 1024px\" \/><\/p>\n<h3><span style=\"color: #ff6600;\">Ventajas de la f\u00e1brica<\/span><\/h3>\n<p>Como l\u00edder<span style=\"color: #000000;\">ng <a style=\"color: #000000;\" href=\"https:\/\/gfmparts.com\/es_es\/producto\/proveedor-de-zapatas-para-excavadoras-de-pantano\/\">fabricante de piezas del tren de rodaje de excavadoras<\/a> En la industria, GFM no solo cuenta con equipos de producci\u00f3n avanzados, sino tambi\u00e9n con s\u00f3lidas capacidades de I+D. Hemos establecido relaciones de cooperaci\u00f3n a largo plazo con numerosos fabricantes de equipos de renombre y podemos ofrecer a nuestros clientes soluciones personalizadas de ruedas de apoyo. Ya sea para modelos espec\u00edficos o para requisitos de trabajo especiales, GFM puede proporcionar productos de alta calidad que cumplen con los est\u00e1ndares de la industria. Adem\u00e1s, nuestras ruedas de apoyo se someten a rigurosas inspecciones de calidad para garantizar que cada producto cumpla con los est\u00e1ndares internacionales de certificaci\u00f3n de calidad, lo que ayuda a los clientes a mejorar la eficiencia del trabajo y reducir los costos de mantenimiento de los equipos.<\/span><\/p>\n<p><span style=\"color: #000000;\">Elegir los rodillos bulldozer de GFM no solo significa elegir un producto duradero y confiable, sino tambi\u00e9n un proveedor integral. Los rodillos de GFM ofrecen m\u00faltiples ventajas, como resistencia a altas temperaturas, a la corrosi\u00f3n y al desgaste, y un excelente rendimiento en terrenos y entornos de trabajo complejos. Nos comprometemos a ofrecer los rodillos bulldozer m\u00e1s rentables mediante procesos de producci\u00f3n precisos y un estricto control de calidad, ayudando a nuestros clientes a mejorar el rendimiento general de sus equipos en diversas tareas de construcci\u00f3n.<\/span><\/p>\n<p style=\"text-align: center;\"><span style=\"color: #000000;\"><img loading=\"lazy\" decoding=\"async\" class=\"alignnone wp-image-2159\" src=\"https:\/\/gfmparts.com\/wp-content\/uploads\/2024\/12\/\u5fae\u4fe1\u56fe\u7247_20241202160325-1024x576.jpg\" alt=\"fabricante de rodillos portadores\" width=\"767\" height=\"431\" srcset=\"\" sizes=\"(max-width: 767px) 100vw, 767px\" data-srcset=\"\" \/><\/span><\/p>","protected":false},"excerpt":{"rendered":"<ul>\n<li><span style=\"color: #000000;\">Calidad del producto garantizada<\/span><\/li>\n<li><span style=\"color: #000000;\">Gran suministro<\/span><\/li>\n<li><span style=\"color: #000000;\">Precios competitivos<\/span><\/li>\n<li><span style=\"color: #000000;\">La mayor\u00eda de marcas y modelos<\/span><\/li>\n<li><span style=\"color: #000000;\">Equipo de atenci\u00f3n al cliente servicial<\/span><\/li>\n<li><span style=\"color: #000000;\">Soporte t\u00e9cnico profesional<\/span><\/li>\n<\/ul>","protected":false},"featured_media":3593,"template":"","meta":{"site-sidebar-layout":"default","site-content-layout":"","ast-site-content-layout":"default","site-content-style":"default","site-sidebar-style":"default","ast-global-header-display":"","ast-banner-title-visibility":"","ast-main-header-display":"","ast-hfb-above-header-display":"","ast-hfb-below-header-display":"","ast-hfb-mobile-header-display":"","site-post-title":"","ast-breadcrumbs-content":"","ast-featured-img":"","footer-sml-layout":"","theme-transparent-header-meta":"default","adv-header-id-meta":"","stick-header-meta":"default","header-above-stick-meta":"","header-main-stick-meta":"","header-below-stick-meta":"","astra-migrate-meta-layouts":"set","ast-page-background-enabled":"default","ast-page-background-meta":{"desktop":{"background-color":"","background-image":"","background-repeat":"repeat","background-position":"center center","background-size":"auto","background-attachment":"scroll","background-type":"","background-media":"","overlay-type":"","overlay-color":"","overlay-opacity":"","overlay-gradient":""},"tablet":{"background-color":"","background-image":"","background-repeat":"repeat","background-position":"center center","background-size":"auto","background-attachment":"scroll","background-type":"","background-media":"","overlay-type":"","overlay-color":"","overlay-opacity":"","overlay-gradient":""},"mobile":{"background-color":"","background-image":"","background-repeat":"repeat","background-position":"center center","background-size":"auto","background-attachment":"scroll","background-type":"","background-media":"","overlay-type":"","overlay-color":"","overlay-opacity":"","overlay-gradient":""}},"ast-content-background-meta":{"desktop":{"background-color":"var(--ast-global-color-5)","background-image":"","background-repeat":"repeat","background-position":"center center","background-size":"auto","background-attachment":"scroll","background-type":"","background-media":"","overlay-type":"","overlay-color":"","overlay-opacity":"","overlay-gradient":""},"tablet":{"background-color":"var(--ast-global-color-5)","background-image":"","background-repeat":"repeat","background-position":"center center","background-size":"auto","background-attachment":"scroll","background-type":"","background-media":"","overlay-type":"","overlay-color":"","overlay-opacity":"","overlay-gradient":""},"mobile":{"background-color":"var(--ast-global-color-5)","background-image":"","background-repeat":"repeat","background-position":"center center","background-size":"auto","background-attachment":"scroll","background-type":"","background-media":"","overlay-type":"","overlay-color":"","overlay-opacity":"","overlay-gradient":""}}},"product_cat":[38,30],"product_tag":[],"class_list":{"0":"post-3234","1":"product","2":"type-product","3":"status-publish","4":"has-post-thumbnail","6":"product_cat-undercarriage","7":"product_cat-carrier-roller","8":"desktop-align-left","9":"tablet-align-left","10":"mobile-align-left","11":"ast-product-gallery-layout-horizontal-slider","12":"ast-product-gallery-with-no-image","13":"ast-product-tabs-layout-horizontal","15":"first","16":"instock","17":"shipping-taxable","18":"product-type-simple"},"yoast_head":"<!-- This site is optimized with the Yoast SEO Premium plugin v22.8 (Yoast SEO v23.9) - https:\/\/yoast.com\/wordpress\/plugins\/seo\/ -->\n<title>Excavator and Bulldozer Track Carrier Roller Manufacturers - GFM<\/title>\n<meta name=\"description\" content=\"As a leading undercarriage parts manufacturer in the industry, GFM not only has advanced production equipment, supports customization of specific models, and customized needs for special working conditions.\" \/>\n<meta name=\"robots\" content=\"index, follow, max-snippet:-1, max-image-preview:large, max-video-preview:-1\" \/>\n<link rel=\"canonical\" href=\"https:\/\/gfmparts.com\/es_es\/producto\/fabricantes-de-rodillos-portadores-de-orugas\/\" \/>\n<meta property=\"og:locale\" content=\"es_ES\" \/>\n<meta property=\"og:type\" content=\"article\" \/>\n<meta property=\"og:title\" content=\"Excavator and Bulldozer Carrier Roller Manufacturers\" \/>\n<meta property=\"og:description\" content=\"As a leading undercarriage parts manufacturer in the industry, GFM not only has advanced production equipment, supports customization of specific models, and customized needs for special working conditions.\" \/>\n<meta property=\"og:url\" content=\"https:\/\/gfmparts.com\/es_es\/producto\/fabricantes-de-rodillos-portadores-de-orugas\/\" \/>\n<meta property=\"article:publisher\" content=\"https:\/\/www.facebook.com\/gfmparts\" \/>\n<meta property=\"article:modified_time\" content=\"2025-07-01T05:55:42+00:00\" \/>\n<meta property=\"og:image\" content=\"https:\/\/gfmparts.com\/wp-content\/uploads\/2025\/01\/Excavator-and-Bulldozer-Carrier-Roller.png\" \/>\n\t<meta property=\"og:image:width\" content=\"371\" \/>\n\t<meta property=\"og:image:height\" content=\"371\" \/>\n\t<meta property=\"og:image:type\" content=\"image\/png\" \/>\n<meta name=\"twitter:card\" content=\"summary_large_image\" \/>\n<meta name=\"twitter:label1\" content=\"Tiempo de lectura\" \/>\n\t<meta name=\"twitter:data1\" content=\"4 minutos\" \/>\n<script type=\"application\/ld+json\" class=\"yoast-schema-graph\">{\"@context\":\"https:\/\/schema.org\",\"@graph\":[{\"@type\":\"WebPage\",\"@id\":\"https:\/\/gfmparts.com\/product\/track-carrier-roller-manufacturers\/\",\"url\":\"https:\/\/gfmparts.com\/product\/track-carrier-roller-manufacturers\/\",\"name\":\"Excavator and Bulldozer Track Carrier Roller Manufacturers - GFM\",\"isPartOf\":{\"@id\":\"https:\/\/gfmparts.com\/#website\"},\"primaryImageOfPage\":{\"@id\":\"https:\/\/gfmparts.com\/product\/track-carrier-roller-manufacturers\/#primaryimage\"},\"image\":{\"@id\":\"https:\/\/gfmparts.com\/product\/track-carrier-roller-manufacturers\/#primaryimage\"},\"thumbnailUrl\":\"https:\/\/gfmparts.com\/wp-content\/uploads\/2025\/01\/Excavator-and-Bulldozer-Carrier-Roller.png\",\"datePublished\":\"2025-01-07T06:22:40+00:00\",\"dateModified\":\"2025-07-01T05:55:42+00:00\",\"description\":\"As a leading undercarriage parts manufacturer in the industry, GFM not only has advanced production equipment, supports customization of specific models, and customized needs for special working conditions.\",\"breadcrumb\":{\"@id\":\"https:\/\/gfmparts.com\/product\/track-carrier-roller-manufacturers\/#breadcrumb\"},\"inLanguage\":\"es\",\"potentialAction\":[{\"@type\":\"ReadAction\",\"target\":[\"https:\/\/gfmparts.com\/product\/track-carrier-roller-manufacturers\/\"]}]},{\"@type\":\"ImageObject\",\"inLanguage\":\"es\",\"@id\":\"https:\/\/gfmparts.com\/product\/track-carrier-roller-manufacturers\/#primaryimage\",\"url\":\"https:\/\/gfmparts.com\/wp-content\/uploads\/2025\/01\/Excavator-and-Bulldozer-Carrier-Roller.png\",\"contentUrl\":\"https:\/\/gfmparts.com\/wp-content\/uploads\/2025\/01\/Excavator-and-Bulldozer-Carrier-Roller.png\",\"width\":371,\"height\":371,\"caption\":\"Excavator and Bulldozer Carrier Roller\"},{\"@type\":\"BreadcrumbList\",\"@id\":\"https:\/\/gfmparts.com\/product\/track-carrier-roller-manufacturers\/#breadcrumb\",\"itemListElement\":[{\"@type\":\"ListItem\",\"position\":1,\"name\":\"\u9996\u9875\",\"item\":\"https:\/\/gfmparts.com\/\"},{\"@type\":\"ListItem\",\"position\":2,\"name\":\"All Product\",\"item\":\"https:\/\/gfmparts.com\/all-product\/\"},{\"@type\":\"ListItem\",\"position\":3,\"name\":\"Excavator and Bulldozer Carrier Roller Manufacturers\"}]},{\"@type\":\"WebSite\",\"@id\":\"https:\/\/gfmparts.com\/#website\",\"url\":\"https:\/\/gfmparts.com\/\",\"name\":\"GFM PARTS\",\"description\":\"GFM since 2011 focused on excavator and bulldozer undercarriage parts manufacturing :Track rollers,carrier roller,idler,sprocket,track group,bucket tooth pin.\",\"publisher\":{\"@id\":\"https:\/\/gfmparts.com\/#organization\"},\"alternateName\":\"gfmparts.com\",\"potentialAction\":[{\"@type\":\"SearchAction\",\"target\":{\"@type\":\"EntryPoint\",\"urlTemplate\":\"https:\/\/gfmparts.com\/?s={search_term_string}\"},\"query-input\":{\"@type\":\"PropertyValueSpecification\",\"valueRequired\":true,\"valueName\":\"search_term_string\"}}],\"inLanguage\":\"es\"},{\"@type\":\"Organization\",\"@id\":\"https:\/\/gfmparts.com\/#organization\",\"name\":\"GFM PARTS\",\"url\":\"https:\/\/gfmparts.com\/\",\"logo\":{\"@type\":\"ImageObject\",\"inLanguage\":\"es\",\"@id\":\"https:\/\/gfmparts.com\/#\/schema\/logo\/image\/\",\"url\":\"https:\/\/gfmparts.com\/wp-content\/uploads\/2024\/11\/cropped-GFMparts.com_-2.png\",\"contentUrl\":\"https:\/\/gfmparts.com\/wp-content\/uploads\/2024\/11\/cropped-GFMparts.com_-2.png\",\"width\":5987,\"height\":2564,\"caption\":\"GFM PARTS\"},\"image\":{\"@id\":\"https:\/\/gfmparts.com\/#\/schema\/logo\/image\/\"},\"sameAs\":[\"https:\/\/www.facebook.com\/gfmparts\",\"https:\/\/www.linkedin.com\/company\/gfmparts\/\",\"https:\/\/www.tiktok.com\/@gfmparts\",\"https:\/\/www.youtube.com\/@GFMparts\/featured\"]}]}<\/script>\n<!-- \/ Yoast SEO Premium plugin. -->","yoast_head_json":{"title":"Excavator and Bulldozer Track Carrier Roller Manufacturers - GFM","description":"As a leading undercarriage parts manufacturer in the industry, GFM not only has advanced production equipment, supports customization of specific models, and customized needs for special working conditions.","robots":{"index":"index","follow":"follow","max-snippet":"max-snippet:-1","max-image-preview":"max-image-preview:large","max-video-preview":"max-video-preview:-1"},"canonical":"https:\/\/gfmparts.com\/es_es\/producto\/fabricantes-de-rodillos-portadores-de-orugas\/","og_locale":"es_ES","og_type":"article","og_title":"Excavator and Bulldozer Carrier Roller Manufacturers","og_description":"As a leading undercarriage parts manufacturer in the industry, GFM not only has advanced production equipment, supports customization of specific models, and customized needs for special working conditions.","og_url":"https:\/\/gfmparts.com\/es_es\/producto\/fabricantes-de-rodillos-portadores-de-orugas\/","article_publisher":"https:\/\/www.facebook.com\/gfmparts","article_modified_time":"2025-07-01T05:55:42+00:00","og_image":[{"width":371,"height":371,"url":"https:\/\/gfmparts.com\/wp-content\/uploads\/2025\/01\/Excavator-and-Bulldozer-Carrier-Roller.png","type":"image\/png"}],"twitter_card":"summary_large_image","twitter_misc":{"Tiempo de lectura":"4 minutos"},"schema":{"@context":"https:\/\/schema.org","@graph":[{"@type":"WebPage","@id":"https:\/\/gfmparts.com\/product\/track-carrier-roller-manufacturers\/","url":"https:\/\/gfmparts.com\/product\/track-carrier-roller-manufacturers\/","name":"Excavator and Bulldozer Track Carrier Roller Manufacturers - GFM","isPartOf":{"@id":"https:\/\/gfmparts.com\/#website"},"primaryImageOfPage":{"@id":"https:\/\/gfmparts.com\/product\/track-carrier-roller-manufacturers\/#primaryimage"},"image":{"@id":"https:\/\/gfmparts.com\/product\/track-carrier-roller-manufacturers\/#primaryimage"},"thumbnailUrl":"https:\/\/gfmparts.com\/wp-content\/uploads\/2025\/01\/Excavator-and-Bulldozer-Carrier-Roller.png","datePublished":"2025-01-07T06:22:40+00:00","dateModified":"2025-07-01T05:55:42+00:00","description":"As a leading undercarriage parts manufacturer in the industry, GFM not only has advanced production equipment, supports customization of specific models, and customized needs for special working conditions.","breadcrumb":{"@id":"https:\/\/gfmparts.com\/product\/track-carrier-roller-manufacturers\/#breadcrumb"},"inLanguage":"es","potentialAction":[{"@type":"ReadAction","target":["https:\/\/gfmparts.com\/product\/track-carrier-roller-manufacturers\/"]}]},{"@type":"ImageObject","inLanguage":"es","@id":"https:\/\/gfmparts.com\/product\/track-carrier-roller-manufacturers\/#primaryimage","url":"https:\/\/gfmparts.com\/wp-content\/uploads\/2025\/01\/Excavator-and-Bulldozer-Carrier-Roller.png","contentUrl":"https:\/\/gfmparts.com\/wp-content\/uploads\/2025\/01\/Excavator-and-Bulldozer-Carrier-Roller.png","width":371,"height":371,"caption":"Excavator and Bulldozer Carrier Roller"},{"@type":"BreadcrumbList","@id":"https:\/\/gfmparts.com\/product\/track-carrier-roller-manufacturers\/#breadcrumb","itemListElement":[{"@type":"ListItem","position":1,"name":"\u9996\u9875","item":"https:\/\/gfmparts.com\/"},{"@type":"ListItem","position":2,"name":"All Product","item":"https:\/\/gfmparts.com\/all-product\/"},{"@type":"ListItem","position":3,"name":"Excavator and Bulldozer Carrier Roller Manufacturers"}]},{"@type":"WebSite","@id":"https:\/\/gfmparts.com\/#website","url":"https:\/\/gfmparts.com\/","name":"GFM PARTS","description":"GFM since 2011 focused on excavator and bulldozer undercarriage parts manufacturing :Track rollers,carrier roller,idler,sprocket,track group,bucket tooth pin.","publisher":{"@id":"https:\/\/gfmparts.com\/#organization"},"alternateName":"gfmparts.com","potentialAction":[{"@type":"SearchAction","target":{"@type":"EntryPoint","urlTemplate":"https:\/\/gfmparts.com\/?s={search_term_string}"},"query-input":{"@type":"PropertyValueSpecification","valueRequired":true,"valueName":"search_term_string"}}],"inLanguage":"es"},{"@type":"Organization","@id":"https:\/\/gfmparts.com\/#organization","name":"GFM PARTS","url":"https:\/\/gfmparts.com\/","logo":{"@type":"ImageObject","inLanguage":"es","@id":"https:\/\/gfmparts.com\/#\/schema\/logo\/image\/","url":"https:\/\/gfmparts.com\/wp-content\/uploads\/2024\/11\/cropped-GFMparts.com_-2.png","contentUrl":"https:\/\/gfmparts.com\/wp-content\/uploads\/2024\/11\/cropped-GFMparts.com_-2.png","width":5987,"height":2564,"caption":"GFM PARTS"},"image":{"@id":"https:\/\/gfmparts.com\/#\/schema\/logo\/image\/"},"sameAs":["https:\/\/www.facebook.com\/gfmparts","https:\/\/www.linkedin.com\/company\/gfmparts\/","https:\/\/www.tiktok.com\/@gfmparts","https:\/\/www.youtube.com\/@GFMparts\/featured"]}]}},"_links":{"self":[{"href":"https:\/\/gfmparts.com\/es_es\/wp-json\/wp\/v2\/product\/3234"}],"collection":[{"href":"https:\/\/gfmparts.com\/es_es\/wp-json\/wp\/v2\/product"}],"about":[{"href":"https:\/\/gfmparts.com\/es_es\/wp-json\/wp\/v2\/types\/product"}],"wp:featuredmedia":[{"embeddable":true,"href":"https:\/\/gfmparts.com\/es_es\/wp-json\/wp\/v2\/media\/3593"}],"wp:attachment":[{"href":"https:\/\/gfmparts.com\/es_es\/wp-json\/wp\/v2\/media?parent=3234"}],"wp:term":[{"taxonomy":"product_cat","embeddable":true,"href":"https:\/\/gfmparts.com\/es_es\/wp-json\/wp\/v2\/product_cat?post=3234"},{"taxonomy":"product_tag","embeddable":true,"href":"https:\/\/gfmparts.com\/es_es\/wp-json\/wp\/v2\/product_tag?post=3234"}],"curies":[{"name":"wp","href":"https:\/\/api.w.org\/{rel}","templated":true}]}}