{"id":3241,"date":"2025-01-08T07:09:55","date_gmt":"2025-01-08T07:09:55","guid":{"rendered":"https:\/\/gfmparts.com\/?post_type=product&#038;p=3241"},"modified":"2025-05-16T09:38:16","modified_gmt":"2025-05-16T09:38:16","slug":"excavator-bulldozer-track-idler-suppliers","status":"publish","type":"product","link":"https:\/\/gfmparts.com\/es_es\/producto\/proveedores-de-ruedas-guia-para-excavadoras-y-bulldozers\/","title":{"rendered":"Fabricantes de ruedas tensoras para excavadoras y bulldozers"},"content":{"rendered":"<p><span style=\"color: #000000;\">Como fabricante l\u00edder de <a style=\"color: #000000;\" href=\"https:\/\/gfmparts.com\/es_es\/producto\/fabricantes-de-poleas-guia-para-excavadoras-de-alta-calidad\/\">rueda gu\u00eda de la excavadora<\/a> Para excavadoras y bulldozers, GFM ofrece ruedas gu\u00eda de dise\u00f1o innovador y alto rendimiento, personalizadas para maquinaria pesada como bulldozers y excavadoras. Nuestras ruedas gu\u00eda est\u00e1n fabricadas con materiales de alta resistencia y procesos de fabricaci\u00f3n avanzados, lo que reduce eficazmente el desgaste y prolonga la vida \u00fatil del equipo. Ofrecemos servicios de personalizaci\u00f3n OEM\/ODM seg\u00fan las necesidades del cliente para garantizar que cada producto se adapte perfectamente a sus necesidades.<\/span><\/p>\n<h3><span style=\"color: #ff6600;\">Descripci\u00f3n del Producto<\/span><\/h3>\n<ul>\n<li><span style=\"color: #000000;\"><strong>Cantidad m\u00ednima de pedido:<\/strong>\u00a01 pieza<\/span><\/li>\n<li><span style=\"color: #000000;\"><strong>M\u00e9todo de pago:<\/strong>\u00a0Transferencia bancaria<\/span><\/li>\n<li><span style=\"color: #000000;\"><strong>Marca:<\/strong>\u00a0GFM<\/span><\/li>\n<li><span style=\"color: #000000;\"><strong>Condici\u00f3n:<\/strong>\u00a0Nuevo<\/span><\/li>\n<li><span style=\"color: #000000;\"><strong>Color:<\/strong>\u00a0Amarillo, negro o personalizado<\/span><\/li>\n<li><span style=\"color: #000000;\"><strong>Plazo de entrega:<\/strong>\u00a030 d\u00edas<\/span><\/li>\n<li><span style=\"color: #000000;\"><strong>Garant\u00eda:<\/strong>\u00a01 a\u00f1o<\/span><\/li>\n<li><span style=\"color: #000000;\"><strong>Servicio:<\/strong>\u00a0OEM o ODM<\/span><\/li>\n<li><span style=\"color: #000000;\"><strong>Lugar de origen:<\/strong>\u00a0Fujian, China<\/span><\/li>\n<li><span style=\"color: #000000;\"><strong>Solicitud:<\/strong>\u00a0Excavadora o Bulldozer<\/span><\/li>\n<li><span style=\"color: #000000;\"><strong>Embalaje:<\/strong>\u00a0Palet de madera de exportaci\u00f3n est\u00e1ndar<\/span><\/li>\n<\/ul>\n<p style=\"text-align: center;\"><span style=\"color: #000000;\"><img fetchpriority=\"high\" decoding=\"async\" class=\"alignnone size-full wp-image-3242\" src=\"https:\/\/gfmparts.com\/wp-content\/uploads\/2025\/01\/Idler_\u5e93\u5b58.jpg\" alt=\"Rueda gu\u00eda de orugas para excavadoras y bulldozers\" width=\"622\" height=\"380\" srcset=\"https:\/\/gfmparts.com\/wp-content\/uploads\/2025\/01\/Idler_\u5e93\u5b58.jpg 622w, https:\/\/gfmparts.com\/wp-content\/uploads\/2025\/01\/Idler_\u5e93\u5b58-300x183.jpg 300w, https:\/\/gfmparts.com\/wp-content\/uploads\/2025\/01\/Idler_\u5e93\u5b58-600x367.jpg 600w\" sizes=\"(max-width: 622px) 100vw, 622px\" \/><\/span><\/p>\n<h3><span style=\"color: #ff6600;\">Caracter\u00edsticas<\/span><\/h3>\n<ul>\n<li><b><\/b><span style=\"color: #000000;\"><strong><b>Durable:<\/b><\/strong>Dise\u00f1ado para soportar condiciones dif\u00edciles para un rendimiento duradero.<\/span><\/li>\n<li><span style=\"color: #000000;\"><b><\/b><strong><b>Ajuste perfecto: <\/b><\/strong>Dise\u00f1ado para una f\u00e1cil instalaci\u00f3n en varios modelos de excavadoras y bulldozers.<\/span><\/li>\n<li><span style=\"color: #000000;\"><b><\/b><strong><b>Trabajo pesado: <\/b><\/strong>Soporta cargas pesadas para un funcionamiento suave y estable.<\/span><\/li>\n<li><span style=\"color: #000000;\"><b><\/b><strong><b>Suave y silencioso<\/b><\/strong>:Minimiza la vibraci\u00f3n para un movimiento m\u00e1s suave y una mejor tracci\u00f3n en todos los terrenos.<\/span><\/li>\n<li><span style=\"color: #000000;\"><b><\/b><strong><b>Bajo mantenimiento: <\/b><\/strong>Autolubricante para menor mantenimiento y mayor tiempo de funcionamiento.<\/span><\/li>\n<li><span style=\"color: #000000;\"><b><\/b><strong><b>Resistente a la intemperie: <\/b><\/strong>Se comporta bien en cualquier clima, es resistente al \u00f3xido y a las temperaturas extremas.<\/span><\/li>\n<\/ul>\n<h3><span style=\"color: #ff6600;\">Presupuesto<\/span><\/h3>\n<p style=\"text-align: center;\"><img decoding=\"async\" class=\"alignnone wp-image-3002\" src=\"https:\/\/gfmparts.com\/wp-content\/uploads\/2024\/12\/\u5f15\u5bfc\u8f6e\u8bbe\u8ba1\u56fe-1024x402.png\" alt=\"dise\u00f1o de rueda gu\u00eda de oruga\" width=\"950\" height=\"373\" srcset=\"https:\/\/gfmparts.com\/wp-content\/uploads\/2024\/12\/\u5f15\u5bfc\u8f6e\u8bbe\u8ba1\u56fe-1024x402.png 1024w, https:\/\/gfmparts.com\/wp-content\/uploads\/2024\/12\/\u5f15\u5bfc\u8f6e\u8bbe\u8ba1\u56fe-300x118.png 300w, https:\/\/gfmparts.com\/wp-content\/uploads\/2024\/12\/\u5f15\u5bfc\u8f6e\u8bbe\u8ba1\u56fe-768x301.png 768w, https:\/\/gfmparts.com\/wp-content\/uploads\/2024\/12\/\u5f15\u5bfc\u8f6e\u8bbe\u8ba1\u56fe-600x235.png 600w, https:\/\/gfmparts.com\/wp-content\/uploads\/2024\/12\/\u5f15\u5bfc\u8f6e\u8bbe\u8ba1\u56fe.png 1537w\" sizes=\"(max-width: 950px) 100vw, 950px\" \/><\/p>\n<p style=\"text-align: center;\"><img decoding=\"async\" class=\"alignnone size-full wp-image-3003\" style=\"font-style: inherit; font-weight: inherit;\" src=\"https:\/\/gfmparts.com\/wp-content\/uploads\/2024\/12\/\u5f15\u5bfc\u8f6e\u578b\u53f7.png\" alt=\"modelo de rueda gu\u00eda de oruga\" width=\"867\" height=\"369\" srcset=\"https:\/\/gfmparts.com\/wp-content\/uploads\/2024\/12\/\u5f15\u5bfc\u8f6e\u578b\u53f7.png 867w, https:\/\/gfmparts.com\/wp-content\/uploads\/2024\/12\/\u5f15\u5bfc\u8f6e\u578b\u53f7-300x128.png 300w, https:\/\/gfmparts.com\/wp-content\/uploads\/2024\/12\/\u5f15\u5bfc\u8f6e\u578b\u53f7-768x327.png 768w, https:\/\/gfmparts.com\/wp-content\/uploads\/2024\/12\/\u5f15\u5bfc\u8f6e\u578b\u53f7-600x255.png 600w\" sizes=\"(max-width: 867px) 100vw, 867px\" \/><\/p>\n<h3><span style=\"color: #ff6600;\">Modelos de productos<\/span><\/h3>\n<p style=\"text-align: center;\"><img loading=\"lazy\" decoding=\"async\" class=\"alignnone size-full wp-image-3154\" src=\"https:\/\/gfmparts.com\/wp-content\/uploads\/2024\/12\/excavator-and-bulldozer-part-description.png\" alt=\"Descripci\u00f3n de piezas de excavadoras y bulldozers\" width=\"853\" height=\"736\" srcset=\"https:\/\/gfmparts.com\/wp-content\/uploads\/2024\/12\/excavator-and-bulldozer-part-description.png 853w, https:\/\/gfmparts.com\/wp-content\/uploads\/2024\/12\/excavator-and-bulldozer-part-description-300x259.png 300w, https:\/\/gfmparts.com\/wp-content\/uploads\/2024\/12\/excavator-and-bulldozer-part-description-768x663.png 768w, https:\/\/gfmparts.com\/wp-content\/uploads\/2024\/12\/excavator-and-bulldozer-part-description-600x518.png 600w\" sizes=\"(max-width: 853px) 100vw, 853px\" \/><\/p>\n<h3><span style=\"color: #ff9900;\">Proceso de producci\u00f3n<\/span><\/h3>\n<p><img loading=\"lazy\" decoding=\"async\" class=\"size-large wp-image-3043 aligncenter\" src=\"https:\/\/gfmparts.com\/wp-content\/uploads\/2024\/12\/\u901a\u7528\u751f\u4ea7\u6d41\u7a0b-1-1024x648.jpg\" alt=\"proceso de producci\u00f3n de piezas de excavadora\" width=\"1024\" height=\"648\" srcset=\"\" sizes=\"(max-width: 1024px) 100vw, 1024px\" data-srcset=\"\" \/><\/p>\n<h3><span style=\"color: #ff6600;\">Embalaje y env\u00edo<\/span><\/h3>\n<p style=\"text-align: center;\"><img loading=\"lazy\" decoding=\"async\" class=\"alignnone size-large wp-image-6521\" src=\"https:\/\/gfmparts.com\/wp-content\/uploads\/2025\/05\/Packaging-and-Shipping-1-1-1024x648.jpg\" alt=\"Embalaje y env\u00edo\" width=\"1024\" height=\"648\" srcset=\"https:\/\/gfmparts.com\/wp-content\/uploads\/2025\/05\/Packaging-and-Shipping-1-1-1024x648.jpg 1024w, https:\/\/gfmparts.com\/wp-content\/uploads\/2025\/05\/Packaging-and-Shipping-1-1-300x190.jpg 300w, https:\/\/gfmparts.com\/wp-content\/uploads\/2025\/05\/Packaging-and-Shipping-1-1-768x486.jpg 768w, https:\/\/gfmparts.com\/wp-content\/uploads\/2025\/05\/Packaging-and-Shipping-1-1-1536x973.jpg 1536w, https:\/\/gfmparts.com\/wp-content\/uploads\/2025\/05\/Packaging-and-Shipping-1-1-2048x1297.jpg 2048w, https:\/\/gfmparts.com\/wp-content\/uploads\/2025\/05\/Packaging-and-Shipping-1-1-600x380.jpg 600w\" sizes=\"(max-width: 1024px) 100vw, 1024px\" \/><\/p>\n<h3><span style=\"color: #ff6600;\">Ventajas de la f\u00e1brica<\/span><\/h3>\n<p><span style=\"color: #000000;\">Como profesional <a style=\"color: #000000;\" href=\"https:\/\/gfmparts.com\/es_es\/producto\/fabrica-de-rodillos-portadores-de-excavadoras-de-rodillos-superiores\/\">proveedor de ruedas tensoras de oruga<\/a>GFM cuenta con una larga experiencia en el sector de accesorios para bulldozers y excavadoras, y se centra en ofrecer ruedas gu\u00eda de alta calidad. Utilizamos tecnolog\u00eda de vanguardia y materiales altamente resistentes al desgaste para garantizar el \u00f3ptimo rendimiento de cada rueda gu\u00eda en condiciones de operaci\u00f3n extremas. Las ruedas gu\u00eda de GFM tienen un dise\u00f1o preciso y una gran adaptabilidad, adapt\u00e1ndose perfectamente a diversos modelos de bulldozers y excavadoras.<\/span><\/p>\n<p><span style=\"color: #000000;\">GFM ofrece una gama completa de servicios personalizados. Nuestras ruedas gu\u00eda no solo ofrecen una excelente durabilidad, sino que tambi\u00e9n se pueden personalizar con precisi\u00f3n seg\u00fan las necesidades espec\u00edficas de cada cliente. Ya sea que necesite una rueda gu\u00eda est\u00e1ndar o un dise\u00f1o especial, nuestro equipo de profesionales puede brindarle la soluci\u00f3n adecuada para garantizar que cada producto alcance el m\u00e1ximo rendimiento. Nuestra f\u00e1brica cuenta con equipos de producci\u00f3n avanzados y un estricto sistema de control de calidad para ofrecer a nuestros clientes productos estables y de alta calidad.<\/span><\/p>\n<p><span style=\"color: #000000;\">Las ruedas gu\u00eda GFM est\u00e1n fabricadas con materiales altamente resistentes al desgaste y a la corrosi\u00f3n para mantener una estabilidad duradera en entornos de trabajo exigentes. GFM cuenta con tecnolog\u00eda de producci\u00f3n avanzada e instalaciones de fabricaci\u00f3n de primera clase, y se compromete a ofrecer a sus clientes soluciones de repuestos para excavadoras y bulldozers de alta calidad y durabilidad. Nuestras piezas abarcan una variedad de componentes clave, como piezas del tren de rodaje. Cada producto cumple con las normas internacionales y puede afrontar diversos terrenos, lo que ayuda a mejorar la eficiencia de su equipo y a prolongar su vida \u00fatil.<\/span><\/p>\n<p style=\"text-align: center;\"><span style=\"color: #000000;\"><img loading=\"lazy\" decoding=\"async\" class=\"alignnone wp-image-2159\" src=\"https:\/\/gfmparts.com\/wp-content\/uploads\/2024\/12\/\u5fae\u4fe1\u56fe\u7247_20241202160325-1024x576.jpg\" alt=\"fabricante de rodillos portadores\" width=\"767\" height=\"431\" srcset=\"\" sizes=\"(max-width: 767px) 100vw, 767px\" data-srcset=\"\" \/><\/span><\/p>","protected":false},"excerpt":{"rendered":"<ul>\n<li><span style=\"color: #000000;\">Calidad del producto garantizada<\/span><\/li>\n<li><span style=\"color: #000000;\">Gran suministro<\/span><\/li>\n<li><span style=\"color: #000000;\">Precios competitivos<\/span><\/li>\n<li><span style=\"color: #000000;\">La mayor\u00eda de marcas y modelos<\/span><\/li>\n<li><span style=\"color: #000000;\">Equipo de atenci\u00f3n al cliente servicial<\/span><\/li>\n<li><span style=\"color: #000000;\">Soporte t\u00e9cnico profesional<\/span><\/li>\n<\/ul>","protected":false},"featured_media":3592,"template":"","meta":{"site-sidebar-layout":"default","site-content-layout":"","ast-site-content-layout":"default","site-content-style":"default","site-sidebar-style":"default","ast-global-header-display":"","ast-banner-title-visibility":"","ast-main-header-display":"","ast-hfb-above-header-display":"","ast-hfb-below-header-display":"","ast-hfb-mobile-header-display":"","site-post-title":"","ast-breadcrumbs-content":"","ast-featured-img":"","footer-sml-layout":"","theme-transparent-header-meta":"default","adv-header-id-meta":"","stick-header-meta":"default","header-above-stick-meta":"","header-main-stick-meta":"","header-below-stick-meta":"","astra-migrate-meta-layouts":"set","ast-page-background-enabled":"default","ast-page-background-meta":{"desktop":{"background-color":"","background-image":"","background-repeat":"repeat","background-position":"center center","background-size":"auto","background-attachment":"scroll","background-type":"","background-media":"","overlay-type":"","overlay-color":"","overlay-opacity":"","overlay-gradient":""},"tablet":{"background-color":"","background-image":"","background-repeat":"repeat","background-position":"center center","background-size":"auto","background-attachment":"scroll","background-type":"","background-media":"","overlay-type":"","overlay-color":"","overlay-opacity":"","overlay-gradient":""},"mobile":{"background-color":"","background-image":"","background-repeat":"repeat","background-position":"center center","background-size":"auto","background-attachment":"scroll","background-type":"","background-media":"","overlay-type":"","overlay-color":"","overlay-opacity":"","overlay-gradient":""}},"ast-content-background-meta":{"desktop":{"background-color":"var(--ast-global-color-5)","background-image":"","background-repeat":"repeat","background-position":"center center","background-size":"auto","background-attachment":"scroll","background-type":"","background-media":"","overlay-type":"","overlay-color":"","overlay-opacity":"","overlay-gradient":""},"tablet":{"background-color":"var(--ast-global-color-5)","background-image":"","background-repeat":"repeat","background-position":"center center","background-size":"auto","background-attachment":"scroll","background-type":"","background-media":"","overlay-type":"","overlay-color":"","overlay-opacity":"","overlay-gradient":""},"mobile":{"background-color":"var(--ast-global-color-5)","background-image":"","background-repeat":"repeat","background-position":"center center","background-size":"auto","background-attachment":"scroll","background-type":"","background-media":"","overlay-type":"","overlay-color":"","overlay-opacity":"","overlay-gradient":""}}},"product_cat":[38,32],"product_tag":[],"class_list":{"0":"post-3241","1":"product","2":"type-product","3":"status-publish","4":"has-post-thumbnail","6":"product_cat-undercarriage","7":"product_cat-track-idler","8":"desktop-align-left","9":"tablet-align-left","10":"mobile-align-left","11":"ast-product-gallery-layout-horizontal-slider","12":"ast-product-tabs-layout-horizontal","14":"first","15":"instock","16":"shipping-taxable","17":"product-type-simple"},"yoast_head":"<!-- This site is optimized with the Yoast SEO Premium plugin v22.8 (Yoast SEO v23.9) - https:\/\/yoast.com\/wordpress\/plugins\/seo\/ -->\n<title>Excavator and Bulldozer Track Idler Suppliers -GFM<\/title>\n<meta name=\"description\" content=\"GFM provides a full range of customized services. Whether you need a standard guide wheel or a special design, our professional team can provide you with the right solution.\" \/>\n<meta name=\"robots\" content=\"index, follow, max-snippet:-1, max-image-preview:large, max-video-preview:-1\" \/>\n<link rel=\"canonical\" href=\"https:\/\/gfmparts.com\/es_es\/producto\/proveedores-de-ruedas-guia-para-excavadoras-y-bulldozers\/\" \/>\n<meta property=\"og:locale\" content=\"es_ES\" \/>\n<meta property=\"og:type\" content=\"article\" \/>\n<meta property=\"og:title\" content=\"Excavator and Bulldozer Idler Wheel Manufacturers\" \/>\n<meta property=\"og:description\" content=\"GFM provides a full range of customized services. Whether you need a standard guide wheel or a special design, our professional team can provide you with the right solution.\" \/>\n<meta property=\"og:url\" content=\"https:\/\/gfmparts.com\/es_es\/producto\/proveedores-de-ruedas-guia-para-excavadoras-y-bulldozers\/\" \/>\n<meta property=\"article:publisher\" content=\"https:\/\/www.facebook.com\/gfmparts\" \/>\n<meta property=\"article:modified_time\" content=\"2025-05-16T09:38:16+00:00\" \/>\n<meta property=\"og:image\" content=\"https:\/\/gfmparts.com\/wp-content\/uploads\/2025\/01\/Excavator-and-Bulldozer-Idler-Wheel.png\" \/>\n\t<meta property=\"og:image:width\" content=\"1078\" \/>\n\t<meta property=\"og:image:height\" content=\"1078\" \/>\n\t<meta property=\"og:image:type\" content=\"image\/png\" \/>\n<meta name=\"twitter:card\" content=\"summary_large_image\" \/>\n<meta name=\"twitter:label1\" content=\"Tiempo de lectura\" \/>\n\t<meta name=\"twitter:data1\" content=\"4 minutos\" \/>\n<script type=\"application\/ld+json\" class=\"yoast-schema-graph\">{\"@context\":\"https:\/\/schema.org\",\"@graph\":[{\"@type\":\"WebPage\",\"@id\":\"https:\/\/gfmparts.com\/product\/excavator-bulldozer-track-idler-suppliers\/\",\"url\":\"https:\/\/gfmparts.com\/product\/excavator-bulldozer-track-idler-suppliers\/\",\"name\":\"Excavator and Bulldozer Track Idler Suppliers -GFM\",\"isPartOf\":{\"@id\":\"https:\/\/gfmparts.com\/#website\"},\"primaryImageOfPage\":{\"@id\":\"https:\/\/gfmparts.com\/product\/excavator-bulldozer-track-idler-suppliers\/#primaryimage\"},\"image\":{\"@id\":\"https:\/\/gfmparts.com\/product\/excavator-bulldozer-track-idler-suppliers\/#primaryimage\"},\"thumbnailUrl\":\"https:\/\/gfmparts.com\/wp-content\/uploads\/2025\/01\/Excavator-and-Bulldozer-Idler-Wheel.png\",\"datePublished\":\"2025-01-08T07:09:55+00:00\",\"dateModified\":\"2025-05-16T09:38:16+00:00\",\"description\":\"GFM provides a full range of customized services. Whether you need a standard guide wheel or a special design, our professional team can provide you with the right solution.\",\"breadcrumb\":{\"@id\":\"https:\/\/gfmparts.com\/product\/excavator-bulldozer-track-idler-suppliers\/#breadcrumb\"},\"inLanguage\":\"es\",\"potentialAction\":[{\"@type\":\"ReadAction\",\"target\":[\"https:\/\/gfmparts.com\/product\/excavator-bulldozer-track-idler-suppliers\/\"]}]},{\"@type\":\"ImageObject\",\"inLanguage\":\"es\",\"@id\":\"https:\/\/gfmparts.com\/product\/excavator-bulldozer-track-idler-suppliers\/#primaryimage\",\"url\":\"https:\/\/gfmparts.com\/wp-content\/uploads\/2025\/01\/Excavator-and-Bulldozer-Idler-Wheel.png\",\"contentUrl\":\"https:\/\/gfmparts.com\/wp-content\/uploads\/2025\/01\/Excavator-and-Bulldozer-Idler-Wheel.png\",\"width\":1078,\"height\":1078,\"caption\":\"Excavator and Bulldozer Idler Wheel\"},{\"@type\":\"BreadcrumbList\",\"@id\":\"https:\/\/gfmparts.com\/product\/excavator-bulldozer-track-idler-suppliers\/#breadcrumb\",\"itemListElement\":[{\"@type\":\"ListItem\",\"position\":1,\"name\":\"\u9996\u9875\",\"item\":\"https:\/\/gfmparts.com\/\"},{\"@type\":\"ListItem\",\"position\":2,\"name\":\"All Product\",\"item\":\"https:\/\/gfmparts.com\/all-product\/\"},{\"@type\":\"ListItem\",\"position\":3,\"name\":\"Excavator and Bulldozer Idler Wheel Manufacturers\"}]},{\"@type\":\"WebSite\",\"@id\":\"https:\/\/gfmparts.com\/#website\",\"url\":\"https:\/\/gfmparts.com\/\",\"name\":\"GFM PARTS\",\"description\":\"GFM since 2011 focused on excavator and bulldozer undercarriage parts manufacturing :Track rollers,carrier roller,idler,sprocket,track group,bucket tooth pin.\",\"publisher\":{\"@id\":\"https:\/\/gfmparts.com\/#organization\"},\"alternateName\":\"gfmparts.com\",\"potentialAction\":[{\"@type\":\"SearchAction\",\"target\":{\"@type\":\"EntryPoint\",\"urlTemplate\":\"https:\/\/gfmparts.com\/?s={search_term_string}\"},\"query-input\":{\"@type\":\"PropertyValueSpecification\",\"valueRequired\":true,\"valueName\":\"search_term_string\"}}],\"inLanguage\":\"es\"},{\"@type\":\"Organization\",\"@id\":\"https:\/\/gfmparts.com\/#organization\",\"name\":\"GFM PARTS\",\"url\":\"https:\/\/gfmparts.com\/\",\"logo\":{\"@type\":\"ImageObject\",\"inLanguage\":\"es\",\"@id\":\"https:\/\/gfmparts.com\/#\/schema\/logo\/image\/\",\"url\":\"https:\/\/gfmparts.com\/wp-content\/uploads\/2024\/11\/cropped-GFMparts.com_-2.png\",\"contentUrl\":\"https:\/\/gfmparts.com\/wp-content\/uploads\/2024\/11\/cropped-GFMparts.com_-2.png\",\"width\":5987,\"height\":2564,\"caption\":\"GFM PARTS\"},\"image\":{\"@id\":\"https:\/\/gfmparts.com\/#\/schema\/logo\/image\/\"},\"sameAs\":[\"https:\/\/www.facebook.com\/gfmparts\",\"https:\/\/www.linkedin.com\/company\/gfmparts\/\",\"https:\/\/www.tiktok.com\/@gfmparts\",\"https:\/\/www.youtube.com\/@GFMparts\/featured\"]}]}<\/script>\n<!-- \/ Yoast SEO Premium plugin. -->","yoast_head_json":{"title":"Excavator and Bulldozer Track Idler Suppliers -GFM","description":"GFM provides a full range of customized services. Whether you need a standard guide wheel or a special design, our professional team can provide you with the right solution.","robots":{"index":"index","follow":"follow","max-snippet":"max-snippet:-1","max-image-preview":"max-image-preview:large","max-video-preview":"max-video-preview:-1"},"canonical":"https:\/\/gfmparts.com\/es_es\/producto\/proveedores-de-ruedas-guia-para-excavadoras-y-bulldozers\/","og_locale":"es_ES","og_type":"article","og_title":"Excavator and Bulldozer Idler Wheel Manufacturers","og_description":"GFM provides a full range of customized services. Whether you need a standard guide wheel or a special design, our professional team can provide you with the right solution.","og_url":"https:\/\/gfmparts.com\/es_es\/producto\/proveedores-de-ruedas-guia-para-excavadoras-y-bulldozers\/","article_publisher":"https:\/\/www.facebook.com\/gfmparts","article_modified_time":"2025-05-16T09:38:16+00:00","og_image":[{"width":1078,"height":1078,"url":"https:\/\/gfmparts.com\/wp-content\/uploads\/2025\/01\/Excavator-and-Bulldozer-Idler-Wheel.png","type":"image\/png"}],"twitter_card":"summary_large_image","twitter_misc":{"Tiempo de lectura":"4 minutos"},"schema":{"@context":"https:\/\/schema.org","@graph":[{"@type":"WebPage","@id":"https:\/\/gfmparts.com\/product\/excavator-bulldozer-track-idler-suppliers\/","url":"https:\/\/gfmparts.com\/product\/excavator-bulldozer-track-idler-suppliers\/","name":"Excavator and Bulldozer Track Idler Suppliers -GFM","isPartOf":{"@id":"https:\/\/gfmparts.com\/#website"},"primaryImageOfPage":{"@id":"https:\/\/gfmparts.com\/product\/excavator-bulldozer-track-idler-suppliers\/#primaryimage"},"image":{"@id":"https:\/\/gfmparts.com\/product\/excavator-bulldozer-track-idler-suppliers\/#primaryimage"},"thumbnailUrl":"https:\/\/gfmparts.com\/wp-content\/uploads\/2025\/01\/Excavator-and-Bulldozer-Idler-Wheel.png","datePublished":"2025-01-08T07:09:55+00:00","dateModified":"2025-05-16T09:38:16+00:00","description":"GFM provides a full range of customized services. Whether you need a standard guide wheel or a special design, our professional team can provide you with the right solution.","breadcrumb":{"@id":"https:\/\/gfmparts.com\/product\/excavator-bulldozer-track-idler-suppliers\/#breadcrumb"},"inLanguage":"es","potentialAction":[{"@type":"ReadAction","target":["https:\/\/gfmparts.com\/product\/excavator-bulldozer-track-idler-suppliers\/"]}]},{"@type":"ImageObject","inLanguage":"es","@id":"https:\/\/gfmparts.com\/product\/excavator-bulldozer-track-idler-suppliers\/#primaryimage","url":"https:\/\/gfmparts.com\/wp-content\/uploads\/2025\/01\/Excavator-and-Bulldozer-Idler-Wheel.png","contentUrl":"https:\/\/gfmparts.com\/wp-content\/uploads\/2025\/01\/Excavator-and-Bulldozer-Idler-Wheel.png","width":1078,"height":1078,"caption":"Excavator and Bulldozer Idler Wheel"},{"@type":"BreadcrumbList","@id":"https:\/\/gfmparts.com\/product\/excavator-bulldozer-track-idler-suppliers\/#breadcrumb","itemListElement":[{"@type":"ListItem","position":1,"name":"\u9996\u9875","item":"https:\/\/gfmparts.com\/"},{"@type":"ListItem","position":2,"name":"All Product","item":"https:\/\/gfmparts.com\/all-product\/"},{"@type":"ListItem","position":3,"name":"Excavator and Bulldozer Idler Wheel Manufacturers"}]},{"@type":"WebSite","@id":"https:\/\/gfmparts.com\/#website","url":"https:\/\/gfmparts.com\/","name":"GFM PARTS","description":"GFM since 2011 focused on excavator and bulldozer undercarriage parts manufacturing :Track rollers,carrier roller,idler,sprocket,track group,bucket tooth pin.","publisher":{"@id":"https:\/\/gfmparts.com\/#organization"},"alternateName":"gfmparts.com","potentialAction":[{"@type":"SearchAction","target":{"@type":"EntryPoint","urlTemplate":"https:\/\/gfmparts.com\/?s={search_term_string}"},"query-input":{"@type":"PropertyValueSpecification","valueRequired":true,"valueName":"search_term_string"}}],"inLanguage":"es"},{"@type":"Organization","@id":"https:\/\/gfmparts.com\/#organization","name":"GFM PARTS","url":"https:\/\/gfmparts.com\/","logo":{"@type":"ImageObject","inLanguage":"es","@id":"https:\/\/gfmparts.com\/#\/schema\/logo\/image\/","url":"https:\/\/gfmparts.com\/wp-content\/uploads\/2024\/11\/cropped-GFMparts.com_-2.png","contentUrl":"https:\/\/gfmparts.com\/wp-content\/uploads\/2024\/11\/cropped-GFMparts.com_-2.png","width":5987,"height":2564,"caption":"GFM PARTS"},"image":{"@id":"https:\/\/gfmparts.com\/#\/schema\/logo\/image\/"},"sameAs":["https:\/\/www.facebook.com\/gfmparts","https:\/\/www.linkedin.com\/company\/gfmparts\/","https:\/\/www.tiktok.com\/@gfmparts","https:\/\/www.youtube.com\/@GFMparts\/featured"]}]}},"_links":{"self":[{"href":"https:\/\/gfmparts.com\/es_es\/wp-json\/wp\/v2\/product\/3241"}],"collection":[{"href":"https:\/\/gfmparts.com\/es_es\/wp-json\/wp\/v2\/product"}],"about":[{"href":"https:\/\/gfmparts.com\/es_es\/wp-json\/wp\/v2\/types\/product"}],"wp:featuredmedia":[{"embeddable":true,"href":"https:\/\/gfmparts.com\/es_es\/wp-json\/wp\/v2\/media\/3592"}],"wp:attachment":[{"href":"https:\/\/gfmparts.com\/es_es\/wp-json\/wp\/v2\/media?parent=3241"}],"wp:term":[{"taxonomy":"product_cat","embeddable":true,"href":"https:\/\/gfmparts.com\/es_es\/wp-json\/wp\/v2\/product_cat?post=3241"},{"taxonomy":"product_tag","embeddable":true,"href":"https:\/\/gfmparts.com\/es_es\/wp-json\/wp\/v2\/product_tag?post=3241"}],"curies":[{"name":"wp","href":"https:\/\/api.w.org\/{rel}","templated":true}]}}