{"id":3283,"date":"2025-01-13T06:01:59","date_gmt":"2025-01-13T06:01:59","guid":{"rendered":"https:\/\/gfmparts.com\/?post_type=product&#038;p=3283"},"modified":"2025-05-16T09:34:17","modified_gmt":"2025-05-16T09:34:17","slug":"excavator-track-link-assy-factory","status":"publish","type":"product","link":"https:\/\/gfmparts.com\/es_es\/producto\/conjunto-de-enlace-de-oruga-de-excavadora-de-fabrica\/","title":{"rendered":"Conjunto de enlace de cadena para excavadora SY365"},"content":{"rendered":"<p><span style=\"color: #000000;\">GFM <a style=\"color: #000000;\" href=\"https:\/\/gfmparts.com\/es_es\/producto\/fabricantes-de-cadenas-de-orugas-para-excavadoras\/\">eslab\u00f3n de cadena de excavadora<\/a> Fabricada en acero de aleaci\u00f3n de alta resistencia, mecanizada con precisi\u00f3n y tratada t\u00e9rmicamente para garantizar una excelente resistencia al desgaste y al impacto. Ya sea en roca dura, suelo o en entornos de obras complejas, nuestra cadena de orugas ofrece un rendimiento estable. El dise\u00f1o de nuestros productos se centra en reducir los costes de mantenimiento, prolongar la vida \u00fatil y mejorar la eficiencia operativa general de la maquinaria. GFM <a style=\"color: #000000;\" href=\"https:\/\/gfmparts.com\/es_es\/producto\/fabricante-de-cadenas-para-excavadoras\/\">conjunto de enlace de pista<\/a> No solo es adecuado para excavadoras est\u00e1ndar, sino que tambi\u00e9n se puede personalizar seg\u00fan las necesidades del cliente para satisfacer diversas necesidades personalizadas.<\/span><\/p>\n<h3><span style=\"color: #ff6600;\">Descripci\u00f3n del Producto<\/span><\/h3>\n<ul>\n<li><span style=\"color: #000000;\"><strong>T\u00e9cnica:<\/strong> Forja\u00a0<\/span><\/li>\n<li><span style=\"color: #000000;\"><strong>Materia prima: <\/strong>35MnBH\/40Mn2<\/span><\/li>\n<li><span style=\"color: #000000;\"><strong>Cantidad m\u00ednima de pedido:<\/strong> 1 pieza<\/span><\/li>\n<li><span style=\"color: #000000;\"><strong>M\u00e9todo de pago:<\/strong> Transferencia bancaria<\/span><\/li>\n<li><span style=\"color: #000000;\"><strong>Marca:<\/strong> GFM<\/span><\/li>\n<li><span style=\"color: #000000;\"><strong>Condici\u00f3n:<\/strong> Nuevo<\/span><\/li>\n<li><span style=\"color: #000000;\"><strong>Color:<\/strong> Amarillo, negro o personalizado<\/span><\/li>\n<li><span style=\"color: #000000;\"><strong>Plazo de entrega:<\/strong> 30 d\u00edas<\/span><\/li>\n<li><span style=\"color: #000000;\"><strong>Garant\u00eda:<\/strong> 1 a\u00f1o<\/span><\/li>\n<li><span style=\"color: #000000;\"><strong>Servicio:<\/strong> OEM o ODM<\/span><\/li>\n<li><span style=\"color: #000000;\"><strong>Lugar de origen:<\/strong> Fujian, China<\/span><\/li>\n<li><span style=\"color: #000000;\"><strong>Solicitud:<\/strong> Excavador<\/span><\/li>\n<li><span style=\"color: #000000;\"><strong>Embalaje:<\/strong> Palet de madera de exportaci\u00f3n est\u00e1ndar<\/span><\/li>\n<\/ul>\n<p style=\"text-align: center;\"><img fetchpriority=\"high\" decoding=\"async\" class=\"alignnone wp-image-3286\" src=\"https:\/\/gfmparts.com\/wp-content\/uploads\/2025\/01\/SY365-2-768x1024.jpg\" alt=\"\" width=\"356\" height=\"474\" srcset=\"https:\/\/gfmparts.com\/wp-content\/uploads\/2025\/01\/SY365-2-768x1024.jpg 768w, https:\/\/gfmparts.com\/wp-content\/uploads\/2025\/01\/SY365-2-225x300.jpg 225w, https:\/\/gfmparts.com\/wp-content\/uploads\/2025\/01\/SY365-2-1152x1536.jpg 1152w, https:\/\/gfmparts.com\/wp-content\/uploads\/2025\/01\/SY365-2-1536x2048.jpg 1536w, https:\/\/gfmparts.com\/wp-content\/uploads\/2025\/01\/SY365-2-600x800.jpg 600w, https:\/\/gfmparts.com\/wp-content\/uploads\/2025\/01\/SY365-2-scaled.jpg 1920w\" sizes=\"(max-width: 356px) 100vw, 356px\" \/> \u00a0<img decoding=\"async\" class=\"alignnone wp-image-3287\" src=\"https:\/\/gfmparts.com\/wp-content\/uploads\/2025\/01\/SY365-768x1024.jpg\" alt=\"\" width=\"356\" height=\"474\" srcset=\"https:\/\/gfmparts.com\/wp-content\/uploads\/2025\/01\/SY365-768x1024.jpg 768w, https:\/\/gfmparts.com\/wp-content\/uploads\/2025\/01\/SY365-225x300.jpg 225w, https:\/\/gfmparts.com\/wp-content\/uploads\/2025\/01\/SY365-1152x1536.jpg 1152w, https:\/\/gfmparts.com\/wp-content\/uploads\/2025\/01\/SY365-1536x2048.jpg 1536w, https:\/\/gfmparts.com\/wp-content\/uploads\/2025\/01\/SY365-600x800.jpg 600w, https:\/\/gfmparts.com\/wp-content\/uploads\/2025\/01\/SY365-scaled.jpg 1920w\" sizes=\"(max-width: 356px) 100vw, 356px\" \/><\/p>\n<h3><span style=\"color: #ff6600;\">Caracter\u00edsticas<\/span><\/h3>\n<ul>\n<li><b><\/b><span style=\"color: #000000;\"><strong><b>Alta durabilidad<\/b><\/strong>\u2013 Construido con acero de aleaci\u00f3n de primera calidad para soportar un uso intensivo.<\/span><\/li>\n<li><span style=\"color: #000000;\"><b><\/b><strong><b>Ajuste perfecto<\/b><\/strong>\u2013 Dise\u00f1ado con precisi\u00f3n para una compatibilidad perfecta con las principales marcas de excavadoras.<\/span><\/li>\n<li><span style=\"color: #000000;\"><b><\/b><strong><b>Fuerza mejorada<\/b><\/strong>\u2013 Tratado t\u00e9rmicamente para una dureza superior y resistencia al desgaste.<\/span><\/li>\n<li><span style=\"color: #000000;\"><b><\/b><strong><b>Resistente a la corrosi\u00f3n<\/b><\/strong>\u2013 Un recubrimiento especial protege contra la oxidaci\u00f3n en condiciones dif\u00edciles.<\/span><\/li>\n<li><span style=\"color: #000000;\"><b><\/b><strong><b>Funcionamiento suave<\/b><\/strong>\u2013 El dise\u00f1o de baja fricci\u00f3n garantiza un rendimiento silencioso y eficiente.<\/span><\/li>\n<li><span style=\"color: #000000;\"><b><\/b><strong><b>Instalaci\u00f3n r\u00e1pida<\/b><\/strong>\u2013 F\u00e1cil de montar, ahorrando tiempo y reduciendo el tiempo de inactividad.<\/span><\/li>\n<\/ul>\n<h3><span style=\"color: #ff6600;\">Presupuesto<\/span><\/h3>\n<p style=\"text-align: center;\"><img decoding=\"async\" class=\"alignnone size-large wp-image-2860\" src=\"https:\/\/gfmparts.com\/wp-content\/uploads\/2024\/11\/\u94fe\u6761\u6570\u636e\u56fe-2-1024x671.jpg\" alt=\"Descripci\u00f3n del enlace de pista\" width=\"1024\" height=\"671\" srcset=\"\" sizes=\"(max-width: 1024px) 100vw, 1024px\" data-srcset=\"\" \/><\/p>\n<h3><span style=\"color: #ff6600;\">Modelos de productos<\/span><\/h3>\n<p style=\"text-align: center;\"><img loading=\"lazy\" decoding=\"async\" class=\"alignnone size-full wp-image-3147\" src=\"https:\/\/gfmparts.com\/wp-content\/uploads\/2024\/11\/excavator-part-description-e1735350735761.png\" alt=\"Descripci\u00f3n de la pieza de excavadora\" width=\"856\" height=\"694\" srcset=\"https:\/\/gfmparts.com\/wp-content\/uploads\/2024\/11\/excavator-part-description-e1735350735761.png 856w, https:\/\/gfmparts.com\/wp-content\/uploads\/2024\/11\/excavator-part-description-e1735350735761-300x243.png 300w, https:\/\/gfmparts.com\/wp-content\/uploads\/2024\/11\/excavator-part-description-e1735350735761-768x623.png 768w, https:\/\/gfmparts.com\/wp-content\/uploads\/2024\/11\/excavator-part-description-e1735350735761-600x486.png 600w\" sizes=\"(max-width: 856px) 100vw, 856px\" \/><\/p>\n<h3><span style=\"color: #ff6600;\">Proceso de producci\u00f3n<\/span><\/h3>\n<p style=\"text-align: center;\"><iframe title=\"Reproductor de v\u00eddeo de YouTube\" src=\"https:\/\/www.youtube.com\/embed\/0MdGoauuqtc?si=qQfjAiRnGnq8PQ2B\" width=\"1000\" height=\"563\" frameborder=\"0\" allowfullscreen=\"allowfullscreen\"><\/iframe><\/p>\n<p><img loading=\"lazy\" decoding=\"async\" class=\"size-large wp-image-3043 aligncenter\" src=\"https:\/\/gfmparts.com\/wp-content\/uploads\/2024\/12\/\u901a\u7528\u751f\u4ea7\u6d41\u7a0b-1-1024x648.jpg\" alt=\"proceso de producci\u00f3n de piezas de excavadora\" width=\"1024\" height=\"648\" srcset=\"\" sizes=\"(max-width: 1024px) 100vw, 1024px\" data-srcset=\"\" \/><\/p>\n<h3><span style=\"color: #ff6600;\">Embalaje y env\u00edo<\/span><\/h3>\n<p style=\"text-align: center;\"><img loading=\"lazy\" decoding=\"async\" class=\"alignnone size-large wp-image-6521\" src=\"https:\/\/gfmparts.com\/wp-content\/uploads\/2025\/05\/Packaging-and-Shipping-1-1-1024x648.jpg\" alt=\"Embalaje y env\u00edo\" width=\"1024\" height=\"648\" srcset=\"https:\/\/gfmparts.com\/wp-content\/uploads\/2025\/05\/Packaging-and-Shipping-1-1-1024x648.jpg 1024w, https:\/\/gfmparts.com\/wp-content\/uploads\/2025\/05\/Packaging-and-Shipping-1-1-300x190.jpg 300w, https:\/\/gfmparts.com\/wp-content\/uploads\/2025\/05\/Packaging-and-Shipping-1-1-768x486.jpg 768w, https:\/\/gfmparts.com\/wp-content\/uploads\/2025\/05\/Packaging-and-Shipping-1-1-1536x973.jpg 1536w, https:\/\/gfmparts.com\/wp-content\/uploads\/2025\/05\/Packaging-and-Shipping-1-1-2048x1297.jpg 2048w, https:\/\/gfmparts.com\/wp-content\/uploads\/2025\/05\/Packaging-and-Shipping-1-1-600x380.jpg 600w\" sizes=\"(max-width: 1024px) 100vw, 1024px\" \/><\/p>\n<h3><span style=\"color: #ff6600;\">Ventajas de la f\u00e1brica<\/span><\/h3>\n<p><span style=\"color: #000000;\">Excavadora GFM <a style=\"color: #000000;\" href=\"https:\/\/gfmparts.com\/es_es\/producto\/fabrica-mayorista-de-zapatas-para-pista-de-atletismo\/\">eslabon de oruga de fabrica<\/a> Contamos con equipos de producci\u00f3n avanzados y un estricto sistema de control de calidad. Utilizamos tecnolog\u00eda de producci\u00f3n l\u00edder a nivel mundial para garantizar que la calidad de cada cadena cumpla con los est\u00e1ndares de la industria. Cada eslab\u00f3n de la f\u00e1brica se somete a rigurosas pruebas para garantizar que los productos cumplan con los requisitos de certificaci\u00f3n internacional. Nuestro equipo de profesionales cuenta con una amplia experiencia en fabricaci\u00f3n y puede personalizar la producci\u00f3n seg\u00fan las necesidades espec\u00edficas de los clientes. Ya sea un pedido \u00fanico o una producci\u00f3n en masa, GFM puede brindar servicios eficientes y precisos.<\/span><\/p>\n<p><span style=\"color: #000000;\">Como un <a style=\"color: #000000;\" href=\"https:\/\/gfmparts.com\/es_es\/producto\/rodillo-superior-de-excavadora-al-por-mayor\/\">fabricante de piezas de excavadora<\/a> Con una larga trayectoria en el sector, GFM contin\u00faa innovando y mejorando, y se compromete a proporcionar piezas para excavadoras de alta calidad y alto rendimiento a clientes de todo el mundo. Nuestra f\u00e1brica cuenta con la certificaci\u00f3n ISO 9001 del sistema de gesti\u00f3n de calidad y nuestro proceso de producci\u00f3n cumple estrictamente con los est\u00e1ndares internacionales. GFM no solo ofrece cadenas para excavadoras de alta calidad, sino que tambi\u00e9n ofrece servicios integrales que incluyen personalizaci\u00f3n del producto, control de plazos de entrega y soporte posventa, para garantizar que los clientes disfruten de la mejor experiencia con el producto y una excelente relaci\u00f3n calidad-precio.<\/span><\/p>\n<p style=\"text-align: center;\"><img loading=\"lazy\" decoding=\"async\" class=\"alignnone wp-image-2159\" src=\"https:\/\/gfmparts.com\/wp-content\/uploads\/2024\/12\/\u5fae\u4fe1\u56fe\u7247_20241202160325-1024x576.jpg\" alt=\"Fabricante de piezas para excavadoras\" width=\"800\" height=\"450\" srcset=\"\" sizes=\"(max-width: 800px) 100vw, 800px\" data-srcset=\"\" \/><\/p>","protected":false},"excerpt":{"rendered":"<ul>\n<li><span style=\"color: #000000;\">Calidad del producto garantizada<\/span><\/li>\n<li><span style=\"color: #000000;\">Gran suministro<\/span><\/li>\n<li><span style=\"color: #000000;\">Precios competitivos<\/span><\/li>\n<li><span style=\"color: #000000;\">La mayor\u00eda de marcas y modelos<\/span><\/li>\n<li><span style=\"color: #000000;\">Equipo de atenci\u00f3n al cliente servicial<\/span><\/li>\n<li><span style=\"color: #000000;\">Soporte t\u00e9cnico profesional<\/span><\/li>\n<\/ul>","protected":false},"featured_media":3588,"template":"","meta":{"site-sidebar-layout":"default","site-content-layout":"","ast-site-content-layout":"default","site-content-style":"default","site-sidebar-style":"default","ast-global-header-display":"","ast-banner-title-visibility":"","ast-main-header-display":"","ast-hfb-above-header-display":"","ast-hfb-below-header-display":"","ast-hfb-mobile-header-display":"","site-post-title":"","ast-breadcrumbs-content":"","ast-featured-img":"","footer-sml-layout":"","theme-transparent-header-meta":"default","adv-header-id-meta":"","stick-header-meta":"default","header-above-stick-meta":"","header-main-stick-meta":"","header-below-stick-meta":"","astra-migrate-meta-layouts":"set","ast-page-background-enabled":"default","ast-page-background-meta":{"desktop":{"background-color":"","background-image":"","background-repeat":"repeat","background-position":"center center","background-size":"auto","background-attachment":"scroll","background-type":"","background-media":"","overlay-type":"","overlay-color":"","overlay-opacity":"","overlay-gradient":""},"tablet":{"background-color":"","background-image":"","background-repeat":"repeat","background-position":"center center","background-size":"auto","background-attachment":"scroll","background-type":"","background-media":"","overlay-type":"","overlay-color":"","overlay-opacity":"","overlay-gradient":""},"mobile":{"background-color":"","background-image":"","background-repeat":"repeat","background-position":"center center","background-size":"auto","background-attachment":"scroll","background-type":"","background-media":"","overlay-type":"","overlay-color":"","overlay-opacity":"","overlay-gradient":""}},"ast-content-background-meta":{"desktop":{"background-color":"var(--ast-global-color-5)","background-image":"","background-repeat":"repeat","background-position":"center center","background-size":"auto","background-attachment":"scroll","background-type":"","background-media":"","overlay-type":"","overlay-color":"","overlay-opacity":"","overlay-gradient":""},"tablet":{"background-color":"var(--ast-global-color-5)","background-image":"","background-repeat":"repeat","background-position":"center center","background-size":"auto","background-attachment":"scroll","background-type":"","background-media":"","overlay-type":"","overlay-color":"","overlay-opacity":"","overlay-gradient":""},"mobile":{"background-color":"var(--ast-global-color-5)","background-image":"","background-repeat":"repeat","background-position":"center center","background-size":"auto","background-attachment":"scroll","background-type":"","background-media":"","overlay-type":"","overlay-color":"","overlay-opacity":"","overlay-gradient":""}}},"product_cat":[38,29],"product_tag":[149],"class_list":{"0":"post-3283","1":"product","2":"type-product","3":"status-publish","4":"has-post-thumbnail","6":"product_cat-undercarriage","7":"product_cat-track-link","8":"product_tag-sy365","9":"desktop-align-left","10":"tablet-align-left","11":"mobile-align-left","12":"ast-product-gallery-layout-horizontal-slider","13":"ast-product-gallery-with-no-image","14":"ast-product-tabs-layout-horizontal","16":"first","17":"instock","18":"shipping-taxable","19":"product-type-simple"},"yoast_head":"<!-- This site is optimized with the Yoast SEO Premium plugin v22.8 (Yoast SEO v23.9) - https:\/\/yoast.com\/wordpress\/plugins\/seo\/ -->\n<title>Excavator Track Link Assy Factory - GFM SY365<\/title>\n<meta name=\"description\" content=\"As an excavator parts manufacturer with many years of industry experience, GFM continues to innovate and improve, and is committed to providing high-quality excavator parts to customers around the world.\" \/>\n<meta name=\"robots\" content=\"index, follow, max-snippet:-1, max-image-preview:large, max-video-preview:-1\" \/>\n<link rel=\"canonical\" href=\"https:\/\/gfmparts.com\/es_es\/producto\/conjunto-de-enlace-de-oruga-de-excavadora-de-fabrica\/\" \/>\n<meta property=\"og:locale\" content=\"es_ES\" \/>\n<meta property=\"og:type\" content=\"article\" \/>\n<meta property=\"og:title\" content=\"SY365 Excavator Track Link Assy Factory\" \/>\n<meta property=\"og:description\" content=\"As an excavator parts manufacturer with many years of industry experience, GFM continues to innovate and improve, and is committed to providing high-quality excavator parts to customers around the world.\" \/>\n<meta property=\"og:url\" content=\"https:\/\/gfmparts.com\/es_es\/producto\/conjunto-de-enlace-de-oruga-de-excavadora-de-fabrica\/\" \/>\n<meta property=\"article:publisher\" content=\"https:\/\/www.facebook.com\/gfmparts\" \/>\n<meta property=\"article:modified_time\" content=\"2025-05-16T09:34:17+00:00\" \/>\n<meta property=\"og:image\" content=\"https:\/\/gfmparts.com\/wp-content\/uploads\/2025\/01\/SY365-Excavator-Track-Link-Assy.png\" \/>\n\t<meta property=\"og:image:width\" content=\"720\" \/>\n\t<meta property=\"og:image:height\" content=\"720\" \/>\n\t<meta property=\"og:image:type\" content=\"image\/png\" \/>\n<meta name=\"twitter:card\" content=\"summary_large_image\" \/>\n<meta name=\"twitter:label1\" content=\"Tiempo de lectura\" \/>\n\t<meta name=\"twitter:data1\" content=\"4 minutos\" \/>\n<script type=\"application\/ld+json\" class=\"yoast-schema-graph\">{\"@context\":\"https:\/\/schema.org\",\"@graph\":[{\"@type\":\"WebPage\",\"@id\":\"https:\/\/gfmparts.com\/product\/excavator-track-link-assy-factory\/\",\"url\":\"https:\/\/gfmparts.com\/product\/excavator-track-link-assy-factory\/\",\"name\":\"Excavator Track Link Assy Factory - GFM SY365\",\"isPartOf\":{\"@id\":\"https:\/\/gfmparts.com\/#website\"},\"primaryImageOfPage\":{\"@id\":\"https:\/\/gfmparts.com\/product\/excavator-track-link-assy-factory\/#primaryimage\"},\"image\":{\"@id\":\"https:\/\/gfmparts.com\/product\/excavator-track-link-assy-factory\/#primaryimage\"},\"thumbnailUrl\":\"https:\/\/gfmparts.com\/wp-content\/uploads\/2025\/01\/SY365-Excavator-Track-Link-Assy.png\",\"datePublished\":\"2025-01-13T06:01:59+00:00\",\"dateModified\":\"2025-05-16T09:34:17+00:00\",\"description\":\"As an excavator parts manufacturer with many years of industry experience, GFM continues to innovate and improve, and is committed to providing high-quality excavator parts to customers around the world.\",\"breadcrumb\":{\"@id\":\"https:\/\/gfmparts.com\/product\/excavator-track-link-assy-factory\/#breadcrumb\"},\"inLanguage\":\"es\",\"potentialAction\":[{\"@type\":\"ReadAction\",\"target\":[\"https:\/\/gfmparts.com\/product\/excavator-track-link-assy-factory\/\"]}]},{\"@type\":\"ImageObject\",\"inLanguage\":\"es\",\"@id\":\"https:\/\/gfmparts.com\/product\/excavator-track-link-assy-factory\/#primaryimage\",\"url\":\"https:\/\/gfmparts.com\/wp-content\/uploads\/2025\/01\/SY365-Excavator-Track-Link-Assy.png\",\"contentUrl\":\"https:\/\/gfmparts.com\/wp-content\/uploads\/2025\/01\/SY365-Excavator-Track-Link-Assy.png\",\"width\":720,\"height\":720,\"caption\":\"SY365 Excavator Track Link Assy\"},{\"@type\":\"BreadcrumbList\",\"@id\":\"https:\/\/gfmparts.com\/product\/excavator-track-link-assy-factory\/#breadcrumb\",\"itemListElement\":[{\"@type\":\"ListItem\",\"position\":1,\"name\":\"\u9996\u9875\",\"item\":\"https:\/\/gfmparts.com\/\"},{\"@type\":\"ListItem\",\"position\":2,\"name\":\"All Product\",\"item\":\"https:\/\/gfmparts.com\/all-product\/\"},{\"@type\":\"ListItem\",\"position\":3,\"name\":\"SY365 Excavator Track Link Assy Factory\"}]},{\"@type\":\"WebSite\",\"@id\":\"https:\/\/gfmparts.com\/#website\",\"url\":\"https:\/\/gfmparts.com\/\",\"name\":\"GFM PARTS\",\"description\":\"GFM since 2011 focused on excavator and bulldozer undercarriage parts manufacturing :Track rollers,carrier roller,idler,sprocket,track group,bucket tooth pin.\",\"publisher\":{\"@id\":\"https:\/\/gfmparts.com\/#organization\"},\"alternateName\":\"gfmparts.com\",\"potentialAction\":[{\"@type\":\"SearchAction\",\"target\":{\"@type\":\"EntryPoint\",\"urlTemplate\":\"https:\/\/gfmparts.com\/?s={search_term_string}\"},\"query-input\":{\"@type\":\"PropertyValueSpecification\",\"valueRequired\":true,\"valueName\":\"search_term_string\"}}],\"inLanguage\":\"es\"},{\"@type\":\"Organization\",\"@id\":\"https:\/\/gfmparts.com\/#organization\",\"name\":\"GFM PARTS\",\"url\":\"https:\/\/gfmparts.com\/\",\"logo\":{\"@type\":\"ImageObject\",\"inLanguage\":\"es\",\"@id\":\"https:\/\/gfmparts.com\/#\/schema\/logo\/image\/\",\"url\":\"https:\/\/gfmparts.com\/wp-content\/uploads\/2024\/11\/cropped-GFMparts.com_-2.png\",\"contentUrl\":\"https:\/\/gfmparts.com\/wp-content\/uploads\/2024\/11\/cropped-GFMparts.com_-2.png\",\"width\":5987,\"height\":2564,\"caption\":\"GFM PARTS\"},\"image\":{\"@id\":\"https:\/\/gfmparts.com\/#\/schema\/logo\/image\/\"},\"sameAs\":[\"https:\/\/www.facebook.com\/gfmparts\",\"https:\/\/www.linkedin.com\/company\/gfmparts\/\",\"https:\/\/www.tiktok.com\/@gfmparts\",\"https:\/\/www.youtube.com\/@GFMparts\/featured\"]}]}<\/script>\n<!-- \/ Yoast SEO Premium plugin. -->","yoast_head_json":{"title":"Excavator Track Link Assy Factory - GFM SY365","description":"As an excavator parts manufacturer with many years of industry experience, GFM continues to innovate and improve, and is committed to providing high-quality excavator parts to customers around the world.","robots":{"index":"index","follow":"follow","max-snippet":"max-snippet:-1","max-image-preview":"max-image-preview:large","max-video-preview":"max-video-preview:-1"},"canonical":"https:\/\/gfmparts.com\/es_es\/producto\/conjunto-de-enlace-de-oruga-de-excavadora-de-fabrica\/","og_locale":"es_ES","og_type":"article","og_title":"SY365 Excavator Track Link Assy Factory","og_description":"As an excavator parts manufacturer with many years of industry experience, GFM continues to innovate and improve, and is committed to providing high-quality excavator parts to customers around the world.","og_url":"https:\/\/gfmparts.com\/es_es\/producto\/conjunto-de-enlace-de-oruga-de-excavadora-de-fabrica\/","article_publisher":"https:\/\/www.facebook.com\/gfmparts","article_modified_time":"2025-05-16T09:34:17+00:00","og_image":[{"width":720,"height":720,"url":"https:\/\/gfmparts.com\/wp-content\/uploads\/2025\/01\/SY365-Excavator-Track-Link-Assy.png","type":"image\/png"}],"twitter_card":"summary_large_image","twitter_misc":{"Tiempo de lectura":"4 minutos"},"schema":{"@context":"https:\/\/schema.org","@graph":[{"@type":"WebPage","@id":"https:\/\/gfmparts.com\/product\/excavator-track-link-assy-factory\/","url":"https:\/\/gfmparts.com\/product\/excavator-track-link-assy-factory\/","name":"Excavator Track Link Assy Factory - GFM SY365","isPartOf":{"@id":"https:\/\/gfmparts.com\/#website"},"primaryImageOfPage":{"@id":"https:\/\/gfmparts.com\/product\/excavator-track-link-assy-factory\/#primaryimage"},"image":{"@id":"https:\/\/gfmparts.com\/product\/excavator-track-link-assy-factory\/#primaryimage"},"thumbnailUrl":"https:\/\/gfmparts.com\/wp-content\/uploads\/2025\/01\/SY365-Excavator-Track-Link-Assy.png","datePublished":"2025-01-13T06:01:59+00:00","dateModified":"2025-05-16T09:34:17+00:00","description":"As an excavator parts manufacturer with many years of industry experience, GFM continues to innovate and improve, and is committed to providing high-quality excavator parts to customers around the world.","breadcrumb":{"@id":"https:\/\/gfmparts.com\/product\/excavator-track-link-assy-factory\/#breadcrumb"},"inLanguage":"es","potentialAction":[{"@type":"ReadAction","target":["https:\/\/gfmparts.com\/product\/excavator-track-link-assy-factory\/"]}]},{"@type":"ImageObject","inLanguage":"es","@id":"https:\/\/gfmparts.com\/product\/excavator-track-link-assy-factory\/#primaryimage","url":"https:\/\/gfmparts.com\/wp-content\/uploads\/2025\/01\/SY365-Excavator-Track-Link-Assy.png","contentUrl":"https:\/\/gfmparts.com\/wp-content\/uploads\/2025\/01\/SY365-Excavator-Track-Link-Assy.png","width":720,"height":720,"caption":"SY365 Excavator Track Link Assy"},{"@type":"BreadcrumbList","@id":"https:\/\/gfmparts.com\/product\/excavator-track-link-assy-factory\/#breadcrumb","itemListElement":[{"@type":"ListItem","position":1,"name":"\u9996\u9875","item":"https:\/\/gfmparts.com\/"},{"@type":"ListItem","position":2,"name":"All Product","item":"https:\/\/gfmparts.com\/all-product\/"},{"@type":"ListItem","position":3,"name":"SY365 Excavator Track Link Assy Factory"}]},{"@type":"WebSite","@id":"https:\/\/gfmparts.com\/#website","url":"https:\/\/gfmparts.com\/","name":"GFM PARTS","description":"GFM since 2011 focused on excavator and bulldozer undercarriage parts manufacturing :Track rollers,carrier roller,idler,sprocket,track group,bucket tooth pin.","publisher":{"@id":"https:\/\/gfmparts.com\/#organization"},"alternateName":"gfmparts.com","potentialAction":[{"@type":"SearchAction","target":{"@type":"EntryPoint","urlTemplate":"https:\/\/gfmparts.com\/?s={search_term_string}"},"query-input":{"@type":"PropertyValueSpecification","valueRequired":true,"valueName":"search_term_string"}}],"inLanguage":"es"},{"@type":"Organization","@id":"https:\/\/gfmparts.com\/#organization","name":"GFM PARTS","url":"https:\/\/gfmparts.com\/","logo":{"@type":"ImageObject","inLanguage":"es","@id":"https:\/\/gfmparts.com\/#\/schema\/logo\/image\/","url":"https:\/\/gfmparts.com\/wp-content\/uploads\/2024\/11\/cropped-GFMparts.com_-2.png","contentUrl":"https:\/\/gfmparts.com\/wp-content\/uploads\/2024\/11\/cropped-GFMparts.com_-2.png","width":5987,"height":2564,"caption":"GFM PARTS"},"image":{"@id":"https:\/\/gfmparts.com\/#\/schema\/logo\/image\/"},"sameAs":["https:\/\/www.facebook.com\/gfmparts","https:\/\/www.linkedin.com\/company\/gfmparts\/","https:\/\/www.tiktok.com\/@gfmparts","https:\/\/www.youtube.com\/@GFMparts\/featured"]}]}},"_links":{"self":[{"href":"https:\/\/gfmparts.com\/es_es\/wp-json\/wp\/v2\/product\/3283"}],"collection":[{"href":"https:\/\/gfmparts.com\/es_es\/wp-json\/wp\/v2\/product"}],"about":[{"href":"https:\/\/gfmparts.com\/es_es\/wp-json\/wp\/v2\/types\/product"}],"wp:featuredmedia":[{"embeddable":true,"href":"https:\/\/gfmparts.com\/es_es\/wp-json\/wp\/v2\/media\/3588"}],"wp:attachment":[{"href":"https:\/\/gfmparts.com\/es_es\/wp-json\/wp\/v2\/media?parent=3283"}],"wp:term":[{"taxonomy":"product_cat","embeddable":true,"href":"https:\/\/gfmparts.com\/es_es\/wp-json\/wp\/v2\/product_cat?post=3283"},{"taxonomy":"product_tag","embeddable":true,"href":"https:\/\/gfmparts.com\/es_es\/wp-json\/wp\/v2\/product_tag?post=3283"}],"curies":[{"name":"wp","href":"https:\/\/api.w.org\/{rel}","templated":true}]}}