{"id":3303,"date":"2025-01-15T06:08:39","date_gmt":"2025-01-15T06:08:39","guid":{"rendered":"https:\/\/gfmparts.com\/?post_type=product&#038;p=3303"},"modified":"2025-05-16T09:47:13","modified_gmt":"2025-05-16T09:47:13","slug":"wholesale-excavator-bucket-hook","status":"publish","type":"product","link":"https:\/\/gfmparts.com\/es_es\/producto\/gancho-para-cucharon-de-excavadora-al-por-mayor\/","title":{"rendered":"Gancho para cuchar\u00f3n de excavadora al por mayor"},"content":{"rendered":"<h5 style=\"text-align: center;\"><span style=\"color: #000000;\">GFM <a style=\"color: #000000;\" href=\"https:\/\/gfmparts.com\/es_es\/contacta-con-gfm\/\">gancho del cuchar\u00f3n de la excavadora<\/a> Es imprescindible para su excavadora de alto rendimiento.<\/span><\/h5>\n<p style=\"text-align: left;\"><span style=\"color: #000000;\">GFM se especializa en el suministro de ganchos para cucharones de excavadora altamente resistentes al desgaste para garantizar que su excavadora mantenga siempre un excelente rendimiento en diversas condiciones de trabajo. Nuestros ganchos para cucharones est\u00e1n fabricados con acero de aleaci\u00f3n de alta calidad y se someten a rigurosos tratamientos t\u00e9rmicos para ofrecer una excelente resistencia y resistencia a la fatiga.<\/span><\/p>\n<h3><span style=\"color: #ff6600;\">Descripci\u00f3n del Producto<\/span><\/h3>\n<ul>\n<li><span style=\"color: #000000;\"><strong>Cantidad m\u00ednima de pedido:<\/strong>\u00a01 pieza<\/span><\/li>\n<li><span style=\"color: #000000;\"><strong>M\u00e9todo de pago:<\/strong>\u00a0Transferencia bancaria<\/span><\/li>\n<li><span style=\"color: #000000;\"><strong>Marca:<\/strong>\u00a0GFM<\/span><\/li>\n<li><span style=\"color: #000000;\"><strong>Condici\u00f3n:<\/strong>\u00a0Nuevo<\/span><\/li>\n<li><span style=\"color: #000000;\"><strong>Color:<\/strong>\u00a0Amarillo, negro o personalizado<\/span><\/li>\n<li><span style=\"color: #000000;\"><strong>Plazo de entrega:<\/strong>\u00a030 d\u00edas<\/span><\/li>\n<li><span style=\"color: #000000;\"><strong>Garant\u00eda:<\/strong>\u00a01 a\u00f1o<\/span><\/li>\n<li><span style=\"color: #000000;\"><strong>Servicio:<\/strong>\u00a0OEM o ODM<\/span><\/li>\n<li><span style=\"color: #000000;\"><strong>Lugar de origen:<\/strong>\u00a0Fujian, China<\/span><\/li>\n<li><span style=\"color: #000000;\"><strong>Solicitud:<\/strong> Excavador<\/span><\/li>\n<li><span style=\"color: #000000;\"><strong>Embalaje:<\/strong>\u00a0Palet de madera de exportaci\u00f3n est\u00e1ndar<\/span><\/li>\n<\/ul>\n<p style=\"text-align: center;\"><img fetchpriority=\"high\" decoding=\"async\" class=\"alignnone wp-image-3306\" src=\"https:\/\/gfmparts.com\/wp-content\/uploads\/2025\/01\/excavator-bucket-hook-2-768x1024.jpg\" alt=\"Gancho para cuchara de excavadora-2\" width=\"395\" height=\"527\" srcset=\"https:\/\/gfmparts.com\/wp-content\/uploads\/2025\/01\/excavator-bucket-hook-2-768x1024.jpg 768w, https:\/\/gfmparts.com\/wp-content\/uploads\/2025\/01\/excavator-bucket-hook-2-225x300.jpg 225w, https:\/\/gfmparts.com\/wp-content\/uploads\/2025\/01\/excavator-bucket-hook-2-1152x1536.jpg 1152w, https:\/\/gfmparts.com\/wp-content\/uploads\/2025\/01\/excavator-bucket-hook-2-600x800.jpg 600w, https:\/\/gfmparts.com\/wp-content\/uploads\/2025\/01\/excavator-bucket-hook-2.jpg 1279w\" sizes=\"(max-width: 395px) 100vw, 395px\" \/> <img decoding=\"async\" class=\"alignnone wp-image-3307\" src=\"https:\/\/gfmparts.com\/wp-content\/uploads\/2025\/01\/excavator-bucket-hook-3-768x1024.jpg\" alt=\"Gancho para cuchara de excavadora-3\" width=\"397\" height=\"530\" srcset=\"https:\/\/gfmparts.com\/wp-content\/uploads\/2025\/01\/excavator-bucket-hook-3-768x1024.jpg 768w, https:\/\/gfmparts.com\/wp-content\/uploads\/2025\/01\/excavator-bucket-hook-3-225x300.jpg 225w, https:\/\/gfmparts.com\/wp-content\/uploads\/2025\/01\/excavator-bucket-hook-3-1152x1536.jpg 1152w, https:\/\/gfmparts.com\/wp-content\/uploads\/2025\/01\/excavator-bucket-hook-3-600x800.jpg 600w, https:\/\/gfmparts.com\/wp-content\/uploads\/2025\/01\/excavator-bucket-hook-3-rotated.jpg 1279w\" sizes=\"(max-width: 397px) 100vw, 397px\" \/><\/p>\n<h3><span style=\"color: #ff6600;\">Caracter\u00edsticas<\/span><\/h3>\n<ul>\n<li><b><\/b><span style=\"color: #000000;\"><strong><b>Fuerte y duradero<\/b><\/strong>:Fabricado en acero de aleaci\u00f3n resistente para soportar trabajos pesados.<\/span><\/li>\n<li><span style=\"color: #000000;\"><b><\/b><strong><b>Fi precisa<\/b><\/strong><strong><b>t: <\/b><\/strong>Dise\u00f1ado con precisi\u00f3n para combinar perfectamente con los cubos.<\/span><\/li>\n<li><span style=\"color: #000000;\"><b><\/b><strong><b>Dise\u00f1o seguro<\/b><\/strong>:Incluye un mecanismo de bloqueo seguro para un rendimiento confiable.<\/span><\/li>\n<li><span style=\"color: #000000;\"><b><\/b><strong><b>Resistente al \u00f3xido<\/b><\/strong>:Recubierto para evitar la corrosi\u00f3n y prolongar la vida \u00fatil.<\/span><\/li>\n<li><span style=\"color: #000000;\"><b><\/b><strong><b>F\u00e1cil de usar<\/b><\/strong><strong><b>: <\/b><\/strong>F\u00e1cil de colocar y listo para usar r\u00e1pidamente.<\/span><b><\/b><\/li>\n<\/ul>\n<h3><span style=\"color: #ff6600;\">Modelos de productos<\/span><\/h3>\n<p style=\"text-align: center;\"><img decoding=\"async\" class=\"alignnone size-full wp-image-3147\" src=\"https:\/\/gfmparts.com\/wp-content\/uploads\/2024\/11\/excavator-part-description-e1735350735761.png\" alt=\"Descripci\u00f3n de la pieza de excavadora\" width=\"856\" height=\"694\" srcset=\"https:\/\/gfmparts.com\/wp-content\/uploads\/2024\/11\/excavator-part-description-e1735350735761.png 856w, https:\/\/gfmparts.com\/wp-content\/uploads\/2024\/11\/excavator-part-description-e1735350735761-300x243.png 300w, https:\/\/gfmparts.com\/wp-content\/uploads\/2024\/11\/excavator-part-description-e1735350735761-768x623.png 768w, https:\/\/gfmparts.com\/wp-content\/uploads\/2024\/11\/excavator-part-description-e1735350735761-600x486.png 600w\" sizes=\"(max-width: 856px) 100vw, 856px\" \/><\/p>\n<h3><span style=\"color: #ff6600;\">Proceso de producci\u00f3n<\/span><\/h3>\n<p><img loading=\"lazy\" decoding=\"async\" class=\"size-large wp-image-3043 aligncenter\" src=\"https:\/\/gfmparts.com\/wp-content\/uploads\/2024\/12\/\u901a\u7528\u751f\u4ea7\u6d41\u7a0b-1-1024x648.jpg\" alt=\"proceso de producci\u00f3n de piezas de excavadora\" width=\"1024\" height=\"648\" srcset=\"\" sizes=\"(max-width: 1024px) 100vw, 1024px\" data-srcset=\"\" \/><\/p>\n<h3><span style=\"color: #ff6600;\">Embalaje y env\u00edo<\/span><\/h3>\n<p style=\"text-align: center;\"><img loading=\"lazy\" decoding=\"async\" class=\"alignnone size-large wp-image-6521\" src=\"https:\/\/gfmparts.com\/wp-content\/uploads\/2025\/05\/Packaging-and-Shipping-1-1-1024x648.jpg\" alt=\"Embalaje y env\u00edo\" width=\"1024\" height=\"648\" srcset=\"https:\/\/gfmparts.com\/wp-content\/uploads\/2025\/05\/Packaging-and-Shipping-1-1-1024x648.jpg 1024w, https:\/\/gfmparts.com\/wp-content\/uploads\/2025\/05\/Packaging-and-Shipping-1-1-300x190.jpg 300w, https:\/\/gfmparts.com\/wp-content\/uploads\/2025\/05\/Packaging-and-Shipping-1-1-768x486.jpg 768w, https:\/\/gfmparts.com\/wp-content\/uploads\/2025\/05\/Packaging-and-Shipping-1-1-1536x973.jpg 1536w, https:\/\/gfmparts.com\/wp-content\/uploads\/2025\/05\/Packaging-and-Shipping-1-1-2048x1297.jpg 2048w, https:\/\/gfmparts.com\/wp-content\/uploads\/2025\/05\/Packaging-and-Shipping-1-1-600x380.jpg 600w\" sizes=\"(max-width: 1024px) 100vw, 1024px\" \/><\/p>\n<h3><span style=\"color: #ff6600;\">Ventajas de la f\u00e1brica<\/span><\/h3>\n<ul>\n<li><span style=\"color: #000000;\"><strong>Tecnolog\u00eda de producci\u00f3n avanzada:<\/strong> La f\u00e1brica de GFM cuenta con modernos equipos de producci\u00f3n y tecnolog\u00eda de fundici\u00f3n de vanguardia. Desde la selecci\u00f3n de la materia prima hasta la inspecci\u00f3n del producto terminado, se implementa un estricto sistema de gesti\u00f3n de calidad para garantizar que cada producto cumpla con los est\u00e1ndares internacionales.<\/span><\/li>\n<li><span style=\"color: #000000;\"><strong>Gama completa de productos:<\/strong> Ya sea un modelo est\u00e1ndar o una personalizaci\u00f3n no est\u00e1ndar, proporcionamos ganchos de cuchar\u00f3n y dientes de cuchar\u00f3n de varias especificaciones para satisfacer las necesidades de accesorios de excavadoras de diferentes marcas y modelos.<\/span><\/li>\n<li><span style=\"color: #000000;\"><strong>Capacidades de I+D e innovaci\u00f3n:<\/strong> El equipo t\u00e9cnico de GFM optimiza continuamente el dise\u00f1o del producto, mejora la resistencia y la durabilidad de los accesorios a trav\u00e9s de la tecnolog\u00eda de an\u00e1lisis de elementos finitos (FEA) y ofrece a los clientes soluciones rentables.<\/span><\/li>\n<li><span style=\"color: #000000;\"><strong>Capacidades de entrega r\u00e1pida:<\/strong> Con un inventario suficiente y una capacidad de producci\u00f3n eficiente, apoyamos pedidos de lotes peque\u00f1os y suministro de lotes grandes para satisfacer las necesidades urgentes de los clientes.<\/span><\/li>\n<\/ul>\n<h5><span style=\"color: #000000;\">\u00bfPor qu\u00e9 elegir GFM? <a style=\"color: #000000;\" href=\"https:\/\/gfmparts.com\/es_es\/producto\/excelente-proveedor-de-dientes-para-cucharones-de-excavadora\/\">Proveedor de dientes de cuchar\u00f3n de excavadora<\/a>?<\/span><\/h5>\n<ul>\n<li><span style=\"color: #000000;\"><strong>Servicio OEM\/ODM:<\/strong> Admite productos personalizados seg\u00fan los requisitos del cliente, cubriendo requisitos de dise\u00f1o personalizados como tama\u00f1o, material, revestimiento, etc.<\/span><\/li>\n<li><span style=\"color: #000000;\"><strong>Experiencia de cooperaci\u00f3n global:<\/strong> Coopere con muchas marcas de renombre internacional y comprenda los estrictos requisitos de los clientes globales para accesorios de excavadoras.<\/span><\/li>\n<li><span style=\"color: #000000;\"><strong>Servicio postventa perfecto:<\/strong> Desde la orientaci\u00f3n sobre la instalaci\u00f3n hasta el soporte t\u00e9cnico durante el uso, brindamos un servicio integral para garantizar que los clientes no tengan preocupaciones.<\/span><\/li>\n<\/ul>\n<p><span style=\"color: #000000;\">Al elegir los ganchos y los dientes de cuchar\u00f3n para excavadora de GFM, obtendr\u00e1 accesorios de alta calidad y soporte de servicio profesional para proteger su equipo de ingenier\u00eda.<\/span><\/p>\n<p style=\"text-align: center;\"><span style=\"color: #000000;\"><img loading=\"lazy\" decoding=\"async\" class=\"alignnone wp-image-2159\" src=\"https:\/\/gfmparts.com\/wp-content\/uploads\/2024\/12\/\u5fae\u4fe1\u56fe\u7247_20241202160325-1024x576.jpg\" alt=\"Proveedor de dientes de cuchar\u00f3n de excavadora\" width=\"767\" height=\"431\" srcset=\"\" sizes=\"(max-width: 767px) 100vw, 767px\" data-srcset=\"\" \/><\/span><\/p>","protected":false},"excerpt":{"rendered":"<ul>\n<li><span style=\"color: #000000;\">Calidad del producto garantizada<\/span><\/li>\n<li><span style=\"color: #000000;\">Gran suministro<\/span><\/li>\n<li><span style=\"color: #000000;\">Precios competitivos<\/span><\/li>\n<li><span style=\"color: #000000;\">La mayor\u00eda de marcas y modelos<\/span><\/li>\n<li><span style=\"color: #000000;\">Equipo de atenci\u00f3n al cliente servicial<\/span><\/li>\n<li><span style=\"color: #000000;\">Soporte t\u00e9cnico profesional<\/span><\/li>\n<\/ul>","protected":false},"featured_media":3586,"template":"","meta":{"site-sidebar-layout":"default","site-content-layout":"","ast-site-content-layout":"default","site-content-style":"default","site-sidebar-style":"default","ast-global-header-display":"","ast-banner-title-visibility":"","ast-main-header-display":"","ast-hfb-above-header-display":"","ast-hfb-below-header-display":"","ast-hfb-mobile-header-display":"","site-post-title":"","ast-breadcrumbs-content":"","ast-featured-img":"","footer-sml-layout":"","theme-transparent-header-meta":"default","adv-header-id-meta":"","stick-header-meta":"default","header-above-stick-meta":"","header-main-stick-meta":"","header-below-stick-meta":"","astra-migrate-meta-layouts":"set","ast-page-background-enabled":"default","ast-page-background-meta":{"desktop":{"background-color":"","background-image":"","background-repeat":"repeat","background-position":"center center","background-size":"auto","background-attachment":"scroll","background-type":"","background-media":"","overlay-type":"","overlay-color":"","overlay-opacity":"","overlay-gradient":""},"tablet":{"background-color":"","background-image":"","background-repeat":"repeat","background-position":"center center","background-size":"auto","background-attachment":"scroll","background-type":"","background-media":"","overlay-type":"","overlay-color":"","overlay-opacity":"","overlay-gradient":""},"mobile":{"background-color":"","background-image":"","background-repeat":"repeat","background-position":"center center","background-size":"auto","background-attachment":"scroll","background-type":"","background-media":"","overlay-type":"","overlay-color":"","overlay-opacity":"","overlay-gradient":""}},"ast-content-background-meta":{"desktop":{"background-color":"var(--ast-global-color-5)","background-image":"","background-repeat":"repeat","background-position":"center center","background-size":"auto","background-attachment":"scroll","background-type":"","background-media":"","overlay-type":"","overlay-color":"","overlay-opacity":"","overlay-gradient":""},"tablet":{"background-color":"var(--ast-global-color-5)","background-image":"","background-repeat":"repeat","background-position":"center center","background-size":"auto","background-attachment":"scroll","background-type":"","background-media":"","overlay-type":"","overlay-color":"","overlay-opacity":"","overlay-gradient":""},"mobile":{"background-color":"var(--ast-global-color-5)","background-image":"","background-repeat":"repeat","background-position":"center center","background-size":"auto","background-attachment":"scroll","background-type":"","background-media":"","overlay-type":"","overlay-color":"","overlay-opacity":"","overlay-gradient":""}}},"product_cat":[27,34],"product_tag":[],"class_list":{"0":"post-3303","1":"product","2":"type-product","3":"status-publish","4":"has-post-thumbnail","6":"product_cat-parts","7":"product_cat-bucket-teeth","8":"desktop-align-left","9":"tablet-align-left","10":"mobile-align-left","11":"ast-product-gallery-layout-horizontal-slider","12":"ast-product-tabs-layout-horizontal","14":"first","15":"instock","16":"shipping-taxable","17":"product-type-simple"},"yoast_head":"<!-- This site is optimized with the Yoast SEO Premium plugin v22.8 (Yoast SEO v23.9) - https:\/\/yoast.com\/wordpress\/plugins\/seo\/ -->\n<title>Excavator Bucket Hook - GFM Excavator Bucket Teeth Supplier<\/title>\n<meta name=\"description\" content=\"Choose GFM&#039;s excavator bucket hook, you will get high-quality accessories and professional service support to protect your engineering equipment.\" \/>\n<meta name=\"robots\" content=\"index, follow, max-snippet:-1, max-image-preview:large, max-video-preview:-1\" \/>\n<link rel=\"canonical\" href=\"https:\/\/gfmparts.com\/es_es\/producto\/gancho-para-cucharon-de-excavadora-al-por-mayor\/\" \/>\n<meta property=\"og:locale\" content=\"es_ES\" \/>\n<meta property=\"og:type\" content=\"article\" \/>\n<meta property=\"og:title\" content=\"Wholesale Excavator Bucket Hook\" \/>\n<meta property=\"og:description\" content=\"Choose GFM&#039;s excavator bucket hook, you will get high-quality accessories and professional service support to protect your engineering equipment.\" \/>\n<meta property=\"og:url\" content=\"https:\/\/gfmparts.com\/es_es\/producto\/gancho-para-cucharon-de-excavadora-al-por-mayor\/\" \/>\n<meta property=\"article:publisher\" content=\"https:\/\/www.facebook.com\/gfmparts\" \/>\n<meta property=\"article:modified_time\" content=\"2025-05-16T09:47:13+00:00\" \/>\n<meta property=\"og:image\" content=\"https:\/\/gfmparts.com\/wp-content\/uploads\/2025\/01\/excavator-bucket-hook-2.png\" \/>\n\t<meta property=\"og:image:width\" content=\"1000\" \/>\n\t<meta property=\"og:image:height\" content=\"1000\" \/>\n\t<meta property=\"og:image:type\" content=\"image\/png\" \/>\n<meta name=\"twitter:card\" content=\"summary_large_image\" \/>\n<meta name=\"twitter:label1\" content=\"Tiempo de lectura\" \/>\n\t<meta name=\"twitter:data1\" content=\"3 minutos\" \/>\n<script type=\"application\/ld+json\" class=\"yoast-schema-graph\">{\"@context\":\"https:\/\/schema.org\",\"@graph\":[{\"@type\":\"WebPage\",\"@id\":\"https:\/\/gfmparts.com\/product\/wholesale-excavator-bucket-hook\/\",\"url\":\"https:\/\/gfmparts.com\/product\/wholesale-excavator-bucket-hook\/\",\"name\":\"Excavator Bucket Hook - GFM Excavator Bucket Teeth Supplier\",\"isPartOf\":{\"@id\":\"https:\/\/gfmparts.com\/#website\"},\"primaryImageOfPage\":{\"@id\":\"https:\/\/gfmparts.com\/product\/wholesale-excavator-bucket-hook\/#primaryimage\"},\"image\":{\"@id\":\"https:\/\/gfmparts.com\/product\/wholesale-excavator-bucket-hook\/#primaryimage\"},\"thumbnailUrl\":\"https:\/\/gfmparts.com\/wp-content\/uploads\/2025\/01\/excavator-bucket-hook-2.png\",\"datePublished\":\"2025-01-15T06:08:39+00:00\",\"dateModified\":\"2025-05-16T09:47:13+00:00\",\"description\":\"Choose GFM's excavator bucket hook, you will get high-quality accessories and professional service support to protect your engineering equipment.\",\"breadcrumb\":{\"@id\":\"https:\/\/gfmparts.com\/product\/wholesale-excavator-bucket-hook\/#breadcrumb\"},\"inLanguage\":\"es\",\"potentialAction\":[{\"@type\":\"ReadAction\",\"target\":[\"https:\/\/gfmparts.com\/product\/wholesale-excavator-bucket-hook\/\"]}]},{\"@type\":\"ImageObject\",\"inLanguage\":\"es\",\"@id\":\"https:\/\/gfmparts.com\/product\/wholesale-excavator-bucket-hook\/#primaryimage\",\"url\":\"https:\/\/gfmparts.com\/wp-content\/uploads\/2025\/01\/excavator-bucket-hook-2.png\",\"contentUrl\":\"https:\/\/gfmparts.com\/wp-content\/uploads\/2025\/01\/excavator-bucket-hook-2.png\",\"width\":1000,\"height\":1000,\"caption\":\"excavator bucket hook\"},{\"@type\":\"BreadcrumbList\",\"@id\":\"https:\/\/gfmparts.com\/product\/wholesale-excavator-bucket-hook\/#breadcrumb\",\"itemListElement\":[{\"@type\":\"ListItem\",\"position\":1,\"name\":\"\u9996\u9875\",\"item\":\"https:\/\/gfmparts.com\/\"},{\"@type\":\"ListItem\",\"position\":2,\"name\":\"All Product\",\"item\":\"https:\/\/gfmparts.com\/all-product\/\"},{\"@type\":\"ListItem\",\"position\":3,\"name\":\"Wholesale Excavator Bucket Hook\"}]},{\"@type\":\"WebSite\",\"@id\":\"https:\/\/gfmparts.com\/#website\",\"url\":\"https:\/\/gfmparts.com\/\",\"name\":\"GFM PARTS\",\"description\":\"GFM since 2011 focused on excavator and bulldozer undercarriage parts manufacturing :Track rollers,carrier roller,idler,sprocket,track group,bucket tooth pin.\",\"publisher\":{\"@id\":\"https:\/\/gfmparts.com\/#organization\"},\"alternateName\":\"gfmparts.com\",\"potentialAction\":[{\"@type\":\"SearchAction\",\"target\":{\"@type\":\"EntryPoint\",\"urlTemplate\":\"https:\/\/gfmparts.com\/?s={search_term_string}\"},\"query-input\":{\"@type\":\"PropertyValueSpecification\",\"valueRequired\":true,\"valueName\":\"search_term_string\"}}],\"inLanguage\":\"es\"},{\"@type\":\"Organization\",\"@id\":\"https:\/\/gfmparts.com\/#organization\",\"name\":\"GFM PARTS\",\"url\":\"https:\/\/gfmparts.com\/\",\"logo\":{\"@type\":\"ImageObject\",\"inLanguage\":\"es\",\"@id\":\"https:\/\/gfmparts.com\/#\/schema\/logo\/image\/\",\"url\":\"https:\/\/gfmparts.com\/wp-content\/uploads\/2024\/11\/cropped-GFMparts.com_-2.png\",\"contentUrl\":\"https:\/\/gfmparts.com\/wp-content\/uploads\/2024\/11\/cropped-GFMparts.com_-2.png\",\"width\":5987,\"height\":2564,\"caption\":\"GFM PARTS\"},\"image\":{\"@id\":\"https:\/\/gfmparts.com\/#\/schema\/logo\/image\/\"},\"sameAs\":[\"https:\/\/www.facebook.com\/gfmparts\",\"https:\/\/www.linkedin.com\/company\/gfmparts\/\",\"https:\/\/www.tiktok.com\/@gfmparts\",\"https:\/\/www.youtube.com\/@GFMparts\/featured\"]}]}<\/script>\n<!-- \/ Yoast SEO Premium plugin. -->","yoast_head_json":{"title":"Excavator Bucket Hook - GFM Excavator Bucket Teeth Supplier","description":"Choose GFM's excavator bucket hook, you will get high-quality accessories and professional service support to protect your engineering equipment.","robots":{"index":"index","follow":"follow","max-snippet":"max-snippet:-1","max-image-preview":"max-image-preview:large","max-video-preview":"max-video-preview:-1"},"canonical":"https:\/\/gfmparts.com\/es_es\/producto\/gancho-para-cucharon-de-excavadora-al-por-mayor\/","og_locale":"es_ES","og_type":"article","og_title":"Wholesale Excavator Bucket Hook","og_description":"Choose GFM's excavator bucket hook, you will get high-quality accessories and professional service support to protect your engineering equipment.","og_url":"https:\/\/gfmparts.com\/es_es\/producto\/gancho-para-cucharon-de-excavadora-al-por-mayor\/","article_publisher":"https:\/\/www.facebook.com\/gfmparts","article_modified_time":"2025-05-16T09:47:13+00:00","og_image":[{"width":1000,"height":1000,"url":"https:\/\/gfmparts.com\/wp-content\/uploads\/2025\/01\/excavator-bucket-hook-2.png","type":"image\/png"}],"twitter_card":"summary_large_image","twitter_misc":{"Tiempo de lectura":"3 minutos"},"schema":{"@context":"https:\/\/schema.org","@graph":[{"@type":"WebPage","@id":"https:\/\/gfmparts.com\/product\/wholesale-excavator-bucket-hook\/","url":"https:\/\/gfmparts.com\/product\/wholesale-excavator-bucket-hook\/","name":"Excavator Bucket Hook - GFM Excavator Bucket Teeth Supplier","isPartOf":{"@id":"https:\/\/gfmparts.com\/#website"},"primaryImageOfPage":{"@id":"https:\/\/gfmparts.com\/product\/wholesale-excavator-bucket-hook\/#primaryimage"},"image":{"@id":"https:\/\/gfmparts.com\/product\/wholesale-excavator-bucket-hook\/#primaryimage"},"thumbnailUrl":"https:\/\/gfmparts.com\/wp-content\/uploads\/2025\/01\/excavator-bucket-hook-2.png","datePublished":"2025-01-15T06:08:39+00:00","dateModified":"2025-05-16T09:47:13+00:00","description":"Choose GFM's excavator bucket hook, you will get high-quality accessories and professional service support to protect your engineering equipment.","breadcrumb":{"@id":"https:\/\/gfmparts.com\/product\/wholesale-excavator-bucket-hook\/#breadcrumb"},"inLanguage":"es","potentialAction":[{"@type":"ReadAction","target":["https:\/\/gfmparts.com\/product\/wholesale-excavator-bucket-hook\/"]}]},{"@type":"ImageObject","inLanguage":"es","@id":"https:\/\/gfmparts.com\/product\/wholesale-excavator-bucket-hook\/#primaryimage","url":"https:\/\/gfmparts.com\/wp-content\/uploads\/2025\/01\/excavator-bucket-hook-2.png","contentUrl":"https:\/\/gfmparts.com\/wp-content\/uploads\/2025\/01\/excavator-bucket-hook-2.png","width":1000,"height":1000,"caption":"excavator bucket hook"},{"@type":"BreadcrumbList","@id":"https:\/\/gfmparts.com\/product\/wholesale-excavator-bucket-hook\/#breadcrumb","itemListElement":[{"@type":"ListItem","position":1,"name":"\u9996\u9875","item":"https:\/\/gfmparts.com\/"},{"@type":"ListItem","position":2,"name":"All Product","item":"https:\/\/gfmparts.com\/all-product\/"},{"@type":"ListItem","position":3,"name":"Wholesale Excavator Bucket Hook"}]},{"@type":"WebSite","@id":"https:\/\/gfmparts.com\/#website","url":"https:\/\/gfmparts.com\/","name":"GFM PARTS","description":"GFM since 2011 focused on excavator and bulldozer undercarriage parts manufacturing :Track rollers,carrier roller,idler,sprocket,track group,bucket tooth pin.","publisher":{"@id":"https:\/\/gfmparts.com\/#organization"},"alternateName":"gfmparts.com","potentialAction":[{"@type":"SearchAction","target":{"@type":"EntryPoint","urlTemplate":"https:\/\/gfmparts.com\/?s={search_term_string}"},"query-input":{"@type":"PropertyValueSpecification","valueRequired":true,"valueName":"search_term_string"}}],"inLanguage":"es"},{"@type":"Organization","@id":"https:\/\/gfmparts.com\/#organization","name":"GFM PARTS","url":"https:\/\/gfmparts.com\/","logo":{"@type":"ImageObject","inLanguage":"es","@id":"https:\/\/gfmparts.com\/#\/schema\/logo\/image\/","url":"https:\/\/gfmparts.com\/wp-content\/uploads\/2024\/11\/cropped-GFMparts.com_-2.png","contentUrl":"https:\/\/gfmparts.com\/wp-content\/uploads\/2024\/11\/cropped-GFMparts.com_-2.png","width":5987,"height":2564,"caption":"GFM PARTS"},"image":{"@id":"https:\/\/gfmparts.com\/#\/schema\/logo\/image\/"},"sameAs":["https:\/\/www.facebook.com\/gfmparts","https:\/\/www.linkedin.com\/company\/gfmparts\/","https:\/\/www.tiktok.com\/@gfmparts","https:\/\/www.youtube.com\/@GFMparts\/featured"]}]}},"_links":{"self":[{"href":"https:\/\/gfmparts.com\/es_es\/wp-json\/wp\/v2\/product\/3303"}],"collection":[{"href":"https:\/\/gfmparts.com\/es_es\/wp-json\/wp\/v2\/product"}],"about":[{"href":"https:\/\/gfmparts.com\/es_es\/wp-json\/wp\/v2\/types\/product"}],"wp:featuredmedia":[{"embeddable":true,"href":"https:\/\/gfmparts.com\/es_es\/wp-json\/wp\/v2\/media\/3586"}],"wp:attachment":[{"href":"https:\/\/gfmparts.com\/es_es\/wp-json\/wp\/v2\/media?parent=3303"}],"wp:term":[{"taxonomy":"product_cat","embeddable":true,"href":"https:\/\/gfmparts.com\/es_es\/wp-json\/wp\/v2\/product_cat?post=3303"},{"taxonomy":"product_tag","embeddable":true,"href":"https:\/\/gfmparts.com\/es_es\/wp-json\/wp\/v2\/product_tag?post=3303"}],"curies":[{"name":"wp","href":"https:\/\/api.w.org\/{rel}","templated":true}]}}