{"id":3391,"date":"2025-01-23T06:33:12","date_gmt":"2025-01-23T06:33:12","guid":{"rendered":"https:\/\/gfmparts.com\/?post_type=product&#038;p=3391"},"modified":"2025-05-16T09:13:57","modified_gmt":"2025-05-16T09:13:57","slug":"bulldozer-sprocket-segment-bolts","status":"publish","type":"product","link":"https:\/\/gfmparts.com\/es_es\/producto\/pernos-de-segmento-de-rueda-dentada-de-excavadora\/","title":{"rendered":"Pernos de segmento de rueda dentada de bulldozer de material 40CR"},"content":{"rendered":"<p><span style=\"color: #000000;\"><a style=\"color: #000000;\" href=\"https:\/\/gfmparts.com\/es_es\/producto\/proveedor-de-pernos-de-rueda-dentada-para-excavadora\/\">Pernos de rueda dentada de excavadora<\/a> Son uno de los componentes esenciales para garantizar el funcionamiento eficiente de las excavadoras. Su funci\u00f3n principal es transmitir la potencia del motor a la cadena de orugas para garantizar la tracci\u00f3n y la estabilidad de la excavadora. Los pernos de rueda dentada fabricados por GFM est\u00e1n hechos de acero de aleaci\u00f3n de alta resistencia. Tras un mecanizado de precisi\u00f3n y un tratamiento t\u00e9rmico, ofrecen una excelente resistencia a la tracci\u00f3n, al desgaste y a la corrosi\u00f3n, y son aptos para un uso prolongado en diversas condiciones de trabajo complejas. Ofrecemos la personalizaci\u00f3n de pernos con diversas especificaciones para satisfacer las diferentes necesidades de nuestros clientes en todo el mundo. Elija los pernos de rueda dentada GFM para un rendimiento m\u00e1s fiable y duradero.<\/span><\/p>\n<h3><span style=\"color: #ff6600;\">Descripci\u00f3n del Producto<\/span><\/h3>\n<ul>\n<li><span style=\"color: #000000;\"><strong>Materia prima:<\/strong> 40CR<\/span><\/li>\n<li><span style=\"color: #000000;\"><strong>Cantidad m\u00ednima de pedido:<\/strong>\u00a01 pieza<\/span><\/li>\n<li><span style=\"color: #000000;\"><strong>M\u00e9todo de pago:<\/strong>\u00a0Transferencia bancaria<\/span><\/li>\n<li><span style=\"color: #000000;\"><strong>Marca:<\/strong>\u00a0GFM<\/span><\/li>\n<li><span style=\"color: #000000;\"><strong>Condici\u00f3n:<\/strong>\u00a0Nuevo<\/span><\/li>\n<li><span style=\"color: #000000;\"><strong>Color:<\/strong>\u00a0Amarillo, negro o personalizado<\/span><\/li>\n<li><span style=\"color: #000000;\"><strong>Plazo de entrega:<\/strong>\u00a030 d\u00edas<\/span><\/li>\n<li><span style=\"color: #000000;\"><strong>Garant\u00eda:<\/strong>\u00a01 a\u00f1o<\/span><\/li>\n<li><span style=\"color: #000000;\"><strong>Servicio:<\/strong>\u00a0OEM o ODM<\/span><\/li>\n<li><span style=\"color: #000000;\"><strong>Lugar de origen:<\/strong>\u00a0Fujian, China<\/span><\/li>\n<li><span style=\"color: #000000;\"><strong>Solicitud:<\/strong> Excavador<\/span><\/li>\n<li><span style=\"color: #000000;\"><strong>Embalaje:<\/strong>\u00a0Palet de madera de exportaci\u00f3n est\u00e1ndar<\/span><\/li>\n<\/ul>\n<h3><span style=\"color: #ff6600;\">Caracter\u00edsticas<\/span><\/h3>\n<ul>\n<li><b><\/b><span style=\"color: #000000;\"><strong><b>Acero de aleaci\u00f3n de alta resistencia: <\/b><\/strong>Dise\u00f1ado para durabilidad en aplicaciones de trabajo pesado, garantizando un rendimiento duradero.<\/span><\/li>\n<li><span style=\"color: #000000;\"><b><\/b><strong><b>Ingenier\u00eda de precisi\u00f3n: <\/b><\/strong>Dise\u00f1ado para un ajuste perfecto, proporcionando un funcionamiento confiable y eficiente con su maquinaria.<\/span><\/li>\n<li><span style=\"color: #000000;\"><b><\/b><strong><b>Tratamiento t\u00e9rmico: <\/b><\/strong>Mayor dureza y resistencia, lo que prolonga la vida \u00fatil de los pernos para un rendimiento continuo.<\/span><\/li>\n<li><span style=\"color: #000000;\"><b><\/b><strong><b>Dise\u00f1o anti-aflojamiento: <\/b><\/strong>Mantiene los pernos bien apretados, incluso en condiciones de funcionamiento intensas.<\/span><\/li>\n<li><span style=\"color: #000000;\"><b><\/b><strong><b>Protecci\u00f3n contra la corrosi\u00f3n: <\/b><\/strong>Recubierto para resistir el \u00f3xido y soportar duras condiciones ambientales, garantizando confiabilidad en todos los entornos.<\/span><b><\/b><\/li>\n<\/ul>\n<h3><span style=\"color: #ff6600;\">Presupuesto<\/span><\/h3>\n<p style=\"text-align: center;\"><img fetchpriority=\"high\" decoding=\"async\" class=\"alignnone size-full wp-image-3392\" src=\"https:\/\/gfmparts.com\/wp-content\/uploads\/2025\/01\/bulldozer-Sprocket-Bolts-spec.png\" alt=\"Especificaciones de los pernos de la rueda dentada de la excavadora\" width=\"664\" height=\"217\" srcset=\"https:\/\/gfmparts.com\/wp-content\/uploads\/2025\/01\/bulldozer-Sprocket-Bolts-spec.png 664w, https:\/\/gfmparts.com\/wp-content\/uploads\/2025\/01\/bulldozer-Sprocket-Bolts-spec-300x98.png 300w, https:\/\/gfmparts.com\/wp-content\/uploads\/2025\/01\/bulldozer-Sprocket-Bolts-spec-600x196.png 600w\" sizes=\"(max-width: 664px) 100vw, 664px\" \/><\/p>\n<h3><span style=\"color: #ff6600;\">Modelos de productos<\/span><\/h3>\n<p style=\"text-align: center;\"><img decoding=\"async\" class=\"alignnone size-full wp-image-3146\" src=\"https:\/\/gfmparts.com\/wp-content\/uploads\/2024\/11\/bulldozer-part-description.png\" alt=\"Descripci\u00f3n de la pieza de la excavadora\" width=\"626\" height=\"317\" srcset=\"https:\/\/gfmparts.com\/wp-content\/uploads\/2024\/11\/bulldozer-part-description.png 626w, https:\/\/gfmparts.com\/wp-content\/uploads\/2024\/11\/bulldozer-part-description-300x152.png 300w, https:\/\/gfmparts.com\/wp-content\/uploads\/2024\/11\/bulldozer-part-description-600x304.png 600w\" sizes=\"(max-width: 626px) 100vw, 626px\" \/><\/p>\n<h3><span style=\"color: #ff6600;\">Proceso de producci\u00f3n<\/span><\/h3>\n<p style=\"text-align: center;\"><iframe title=\"Reproductor de v\u00eddeo de YouTube\" src=\"https:\/\/www.youtube.com\/embed\/p4WNLmr-Huc?si=PWuiZYSYsuM6wPVz\" width=\"1000\" height=\"562\" frameborder=\"0\" allowfullscreen=\"allowfullscreen\"><span data-mce-type=\"bookmark\" style=\"display: inline-block; width: 0px; overflow: hidden; line-height: 0;\" class=\"mce_SELRES_start\"><\/span><\/iframe><\/p>\n<p><img decoding=\"async\" class=\"size-large wp-image-3043 aligncenter\" src=\"https:\/\/gfmparts.com\/wp-content\/uploads\/2024\/12\/\u901a\u7528\u751f\u4ea7\u6d41\u7a0b-1-1024x648.jpg\" alt=\"proceso de producci\u00f3n de piezas de excavadora\" width=\"1024\" height=\"648\" srcset=\"\" sizes=\"(max-width: 1024px) 100vw, 1024px\" data-srcset=\"\" \/><\/p>\n<h3><span style=\"color: #ff6600;\">Embalaje y env\u00edo<\/span><\/h3>\n<p style=\"text-align: center;\"><img loading=\"lazy\" decoding=\"async\" class=\"alignnone size-large wp-image-6521\" src=\"https:\/\/gfmparts.com\/wp-content\/uploads\/2025\/05\/Packaging-and-Shipping-1-1-1024x648.jpg\" alt=\"Embalaje y env\u00edo\" width=\"1024\" height=\"648\" srcset=\"https:\/\/gfmparts.com\/wp-content\/uploads\/2025\/05\/Packaging-and-Shipping-1-1-1024x648.jpg 1024w, https:\/\/gfmparts.com\/wp-content\/uploads\/2025\/05\/Packaging-and-Shipping-1-1-300x190.jpg 300w, https:\/\/gfmparts.com\/wp-content\/uploads\/2025\/05\/Packaging-and-Shipping-1-1-768x486.jpg 768w, https:\/\/gfmparts.com\/wp-content\/uploads\/2025\/05\/Packaging-and-Shipping-1-1-1536x973.jpg 1536w, https:\/\/gfmparts.com\/wp-content\/uploads\/2025\/05\/Packaging-and-Shipping-1-1-2048x1297.jpg 2048w, https:\/\/gfmparts.com\/wp-content\/uploads\/2025\/05\/Packaging-and-Shipping-1-1-600x380.jpg 600w\" sizes=\"(max-width: 1024px) 100vw, 1024px\" \/><\/p>\n<h3><span style=\"color: #ff6600;\">Ventajas de la f\u00e1brica<\/span><\/h3>\n<p><span style=\"color: #000000;\">Como un nombre de renombre mundial <a style=\"color: #000000;\" href=\"https:\/\/gfmparts.com\/es_es\/producto\/pernos-de-rodillos-de-oruga-de-excavadora\/\">fabricante de piezas para excavadoras<\/a>GFM se centra en la investigaci\u00f3n, el desarrollo y la producci\u00f3n de engranajes de oruga y componentes relacionados. Contamos con avanzados equipos de procesamiento CNC y rigurosos procesos de control de calidad para garantizar que cada engranaje de transmisi\u00f3n cumpla con los est\u00e1ndares internacionales. Nuestra gama de productos es completa e incluye engranajes de rueda dentada convencionales y engranajes de oruga especiales de alto rendimiento. Asimismo, ofrecemos servicios personalizados OEM\/ODM y podemos responder r\u00e1pidamente a las necesidades de nuestros clientes. Con m\u00e1s de 10 a\u00f1os de experiencia en el sector y un servicio al cliente de alta calidad, GFM... <a style=\"color: #000000;\" href=\"https:\/\/gfmparts.com\/es_es\/producto\/fabrica-de-rodillos-inferiores-para-excavadoras-doosan\/\">proveedor de ruedas dentadas para excavadoras<\/a> Se ha ganado la confianza de los clientes y es un socio confiable a largo plazo.<\/span><\/p>\n<p><span style=\"color: #000000;\">Cuando las excavadoras operan en entornos hostiles, los tornillos de los engranajes de transmisi\u00f3n deben soportar una gran presi\u00f3n e impactos de alta frecuencia. Los tornillos de rueda dentada para excavadoras de GFM se basan en un dise\u00f1o de alta precisi\u00f3n y materiales de primera calidad, lo que mejora considerablemente la durabilidad y la estabilidad operativa, y reduce la frecuencia de reemplazo y los costos de mantenimiento. Adem\u00e1s, ofrecemos soluciones personalizadas para ayudar a los clientes a mejorar el rendimiento de sus equipos y reducir costos.<\/span><\/p>\n<p><span style=\"color: #000000;\"><strong>\u00bfPor qu\u00e9 elegir al proveedor de engranajes de transmisi\u00f3n GFM?<\/strong><\/span><\/p>\n<p><span style=\"color: #000000;\">GFM se ha consolidado como l\u00edder en el sector de engranajes para orugas de excavadoras, con una excelente capacidad de producci\u00f3n y una amplia experiencia en el sector. Nuestra f\u00e1brica mantiene una producci\u00f3n anual estable y exporta sus productos a numerosos pa\u00edses y regiones, obteniendo certificaciones de prestigio como la ISO 9001. Al colaborar con GFM, los clientes no solo obtienen productos de alta calidad, sino que tambi\u00e9n disfrutan de un servicio posventa y soporte t\u00e9cnico integrales para garantizar el funcionamiento estable y a largo plazo de sus equipos.<\/span><\/p>\n<p style=\"text-align: center;\"><span style=\"color: #000000;\"><img loading=\"lazy\" decoding=\"async\" class=\"alignnone wp-image-2159\" src=\"https:\/\/gfmparts.com\/wp-content\/uploads\/2024\/12\/\u5fae\u4fe1\u56fe\u7247_20241202160325-1024x576.jpg\" alt=\"fabricante de pasadores de dientes para excavadoras\" width=\"767\" height=\"431\" srcset=\"\" sizes=\"(max-width: 767px) 100vw, 767px\" data-srcset=\"\" \/><\/span><\/p>","protected":false},"excerpt":{"rendered":"<ul>\n<li><span style=\"color: #000000;\">Calidad del producto garantizada<\/span><\/li>\n<li><span style=\"color: #000000;\">Gran suministro<\/span><\/li>\n<li><span style=\"color: #000000;\">Precios competitivos<\/span><\/li>\n<li><span style=\"color: #000000;\">La mayor\u00eda de marcas y modelos<\/span><\/li>\n<li><span style=\"color: #000000;\">Equipo de atenci\u00f3n al cliente servicial<\/span><\/li>\n<li><span style=\"color: #000000;\">Soporte t\u00e9cnico profesional<\/span><\/li>\n<\/ul>","protected":false},"featured_media":3578,"template":"","meta":{"site-sidebar-layout":"default","site-content-layout":"","ast-site-content-layout":"default","site-content-style":"default","site-sidebar-style":"default","ast-global-header-display":"","ast-banner-title-visibility":"","ast-main-header-display":"","ast-hfb-above-header-display":"","ast-hfb-below-header-display":"","ast-hfb-mobile-header-display":"","site-post-title":"","ast-breadcrumbs-content":"","ast-featured-img":"","footer-sml-layout":"","theme-transparent-header-meta":"default","adv-header-id-meta":"","stick-header-meta":"default","header-above-stick-meta":"","header-main-stick-meta":"","header-below-stick-meta":"","astra-migrate-meta-layouts":"set","ast-page-background-enabled":"default","ast-page-background-meta":{"desktop":{"background-color":"","background-image":"","background-repeat":"repeat","background-position":"center center","background-size":"auto","background-attachment":"scroll","background-type":"","background-media":"","overlay-type":"","overlay-color":"","overlay-opacity":"","overlay-gradient":""},"tablet":{"background-color":"","background-image":"","background-repeat":"repeat","background-position":"center center","background-size":"auto","background-attachment":"scroll","background-type":"","background-media":"","overlay-type":"","overlay-color":"","overlay-opacity":"","overlay-gradient":""},"mobile":{"background-color":"","background-image":"","background-repeat":"repeat","background-position":"center center","background-size":"auto","background-attachment":"scroll","background-type":"","background-media":"","overlay-type":"","overlay-color":"","overlay-opacity":"","overlay-gradient":""}},"ast-content-background-meta":{"desktop":{"background-color":"var(--ast-global-color-5)","background-image":"","background-repeat":"repeat","background-position":"center center","background-size":"auto","background-attachment":"scroll","background-type":"","background-media":"","overlay-type":"","overlay-color":"","overlay-opacity":"","overlay-gradient":""},"tablet":{"background-color":"var(--ast-global-color-5)","background-image":"","background-repeat":"repeat","background-position":"center center","background-size":"auto","background-attachment":"scroll","background-type":"","background-media":"","overlay-type":"","overlay-color":"","overlay-opacity":"","overlay-gradient":""},"mobile":{"background-color":"var(--ast-global-color-5)","background-image":"","background-repeat":"repeat","background-position":"center center","background-size":"auto","background-attachment":"scroll","background-type":"","background-media":"","overlay-type":"","overlay-color":"","overlay-opacity":"","overlay-gradient":""}}},"product_cat":[27,37],"product_tag":[],"class_list":{"0":"post-3391","1":"product","2":"type-product","3":"status-publish","4":"has-post-thumbnail","6":"product_cat-parts","7":"product_cat-bolt-nut","8":"desktop-align-left","9":"tablet-align-left","10":"mobile-align-left","11":"ast-product-gallery-layout-horizontal-slider","12":"ast-product-gallery-with-no-image","13":"ast-product-tabs-layout-horizontal","15":"first","16":"instock","17":"shipping-taxable","18":"product-type-simple"},"yoast_head":"<!-- This site is optimized with the Yoast SEO Premium plugin v22.8 (Yoast SEO v23.9) - https:\/\/yoast.com\/wordpress\/plugins\/seo\/ -->\n<title>40CR Material Bulldozer Sprocket Bolts - GFM<\/title>\n<meta name=\"description\" content=\"As a world-renowned bulldozer parts manufacturer, GFM focuses on the research and development and production of drive gears and related components. Support OEM\/ODM customized services.\" \/>\n<meta name=\"robots\" content=\"index, follow, max-snippet:-1, max-image-preview:large, max-video-preview:-1\" \/>\n<link rel=\"canonical\" href=\"https:\/\/gfmparts.com\/es_es\/producto\/pernos-de-segmento-de-rueda-dentada-de-excavadora\/\" \/>\n<meta property=\"og:locale\" content=\"es_ES\" \/>\n<meta property=\"og:type\" content=\"article\" \/>\n<meta property=\"og:title\" content=\"40CR Material Bulldozer Sprocket Segment Bolts\" \/>\n<meta property=\"og:description\" content=\"As a world-renowned bulldozer parts manufacturer, GFM focuses on the research and development and production of drive gears and related components. Support OEM\/ODM customized services.\" \/>\n<meta property=\"og:url\" content=\"https:\/\/gfmparts.com\/es_es\/producto\/pernos-de-segmento-de-rueda-dentada-de-excavadora\/\" \/>\n<meta property=\"article:publisher\" content=\"https:\/\/www.facebook.com\/gfmparts\" \/>\n<meta property=\"article:modified_time\" content=\"2025-05-16T09:13:57+00:00\" \/>\n<meta property=\"og:image\" content=\"https:\/\/gfmparts.com\/wp-content\/uploads\/2025\/01\/Bulldozer-Sprocket-Segment-Bolts-1.png\" \/>\n\t<meta property=\"og:image:width\" content=\"720\" \/>\n\t<meta property=\"og:image:height\" content=\"717\" \/>\n\t<meta property=\"og:image:type\" content=\"image\/png\" \/>\n<meta name=\"twitter:card\" content=\"summary_large_image\" \/>\n<meta name=\"twitter:label1\" content=\"Tiempo de lectura\" \/>\n\t<meta name=\"twitter:data1\" content=\"4 minutos\" \/>\n<script type=\"application\/ld+json\" class=\"yoast-schema-graph\">{\"@context\":\"https:\/\/schema.org\",\"@graph\":[{\"@type\":\"WebPage\",\"@id\":\"https:\/\/gfmparts.com\/product\/bulldozer-sprocket-segment-bolts\/\",\"url\":\"https:\/\/gfmparts.com\/product\/bulldozer-sprocket-segment-bolts\/\",\"name\":\"40CR Material Bulldozer Sprocket Bolts - GFM\",\"isPartOf\":{\"@id\":\"https:\/\/gfmparts.com\/#website\"},\"primaryImageOfPage\":{\"@id\":\"https:\/\/gfmparts.com\/product\/bulldozer-sprocket-segment-bolts\/#primaryimage\"},\"image\":{\"@id\":\"https:\/\/gfmparts.com\/product\/bulldozer-sprocket-segment-bolts\/#primaryimage\"},\"thumbnailUrl\":\"https:\/\/gfmparts.com\/wp-content\/uploads\/2025\/01\/Bulldozer-Sprocket-Segment-Bolts-1.png\",\"datePublished\":\"2025-01-23T06:33:12+00:00\",\"dateModified\":\"2025-05-16T09:13:57+00:00\",\"description\":\"As a world-renowned bulldozer parts manufacturer, GFM focuses on the research and development and production of drive gears and related components. Support OEM\/ODM customized services.\",\"breadcrumb\":{\"@id\":\"https:\/\/gfmparts.com\/product\/bulldozer-sprocket-segment-bolts\/#breadcrumb\"},\"inLanguage\":\"es\",\"potentialAction\":[{\"@type\":\"ReadAction\",\"target\":[\"https:\/\/gfmparts.com\/product\/bulldozer-sprocket-segment-bolts\/\"]}]},{\"@type\":\"ImageObject\",\"inLanguage\":\"es\",\"@id\":\"https:\/\/gfmparts.com\/product\/bulldozer-sprocket-segment-bolts\/#primaryimage\",\"url\":\"https:\/\/gfmparts.com\/wp-content\/uploads\/2025\/01\/Bulldozer-Sprocket-Segment-Bolts-1.png\",\"contentUrl\":\"https:\/\/gfmparts.com\/wp-content\/uploads\/2025\/01\/Bulldozer-Sprocket-Segment-Bolts-1.png\",\"width\":720,\"height\":717,\"caption\":\"Bulldozer Sprocket Segment Bolts\"},{\"@type\":\"BreadcrumbList\",\"@id\":\"https:\/\/gfmparts.com\/product\/bulldozer-sprocket-segment-bolts\/#breadcrumb\",\"itemListElement\":[{\"@type\":\"ListItem\",\"position\":1,\"name\":\"\u9996\u9875\",\"item\":\"https:\/\/gfmparts.com\/\"},{\"@type\":\"ListItem\",\"position\":2,\"name\":\"All Product\",\"item\":\"https:\/\/gfmparts.com\/all-product\/\"},{\"@type\":\"ListItem\",\"position\":3,\"name\":\"40CR Material Bulldozer Sprocket Segment Bolts\"}]},{\"@type\":\"WebSite\",\"@id\":\"https:\/\/gfmparts.com\/#website\",\"url\":\"https:\/\/gfmparts.com\/\",\"name\":\"GFM PARTS\",\"description\":\"GFM since 2011 focused on excavator and bulldozer undercarriage parts manufacturing :Track rollers,carrier roller,idler,sprocket,track group,bucket tooth pin.\",\"publisher\":{\"@id\":\"https:\/\/gfmparts.com\/#organization\"},\"alternateName\":\"gfmparts.com\",\"potentialAction\":[{\"@type\":\"SearchAction\",\"target\":{\"@type\":\"EntryPoint\",\"urlTemplate\":\"https:\/\/gfmparts.com\/?s={search_term_string}\"},\"query-input\":{\"@type\":\"PropertyValueSpecification\",\"valueRequired\":true,\"valueName\":\"search_term_string\"}}],\"inLanguage\":\"es\"},{\"@type\":\"Organization\",\"@id\":\"https:\/\/gfmparts.com\/#organization\",\"name\":\"GFM PARTS\",\"url\":\"https:\/\/gfmparts.com\/\",\"logo\":{\"@type\":\"ImageObject\",\"inLanguage\":\"es\",\"@id\":\"https:\/\/gfmparts.com\/#\/schema\/logo\/image\/\",\"url\":\"https:\/\/gfmparts.com\/wp-content\/uploads\/2024\/11\/cropped-GFMparts.com_-2.png\",\"contentUrl\":\"https:\/\/gfmparts.com\/wp-content\/uploads\/2024\/11\/cropped-GFMparts.com_-2.png\",\"width\":5987,\"height\":2564,\"caption\":\"GFM PARTS\"},\"image\":{\"@id\":\"https:\/\/gfmparts.com\/#\/schema\/logo\/image\/\"},\"sameAs\":[\"https:\/\/www.facebook.com\/gfmparts\",\"https:\/\/www.linkedin.com\/company\/gfmparts\/\",\"https:\/\/www.tiktok.com\/@gfmparts\",\"https:\/\/www.youtube.com\/@GFMparts\/featured\"]}]}<\/script>\n<!-- \/ Yoast SEO Premium plugin. -->","yoast_head_json":{"title":"40CR Material Bulldozer Sprocket Bolts - GFM","description":"As a world-renowned bulldozer parts manufacturer, GFM focuses on the research and development and production of drive gears and related components. Support OEM\/ODM customized services.","robots":{"index":"index","follow":"follow","max-snippet":"max-snippet:-1","max-image-preview":"max-image-preview:large","max-video-preview":"max-video-preview:-1"},"canonical":"https:\/\/gfmparts.com\/es_es\/producto\/pernos-de-segmento-de-rueda-dentada-de-excavadora\/","og_locale":"es_ES","og_type":"article","og_title":"40CR Material Bulldozer Sprocket Segment Bolts","og_description":"As a world-renowned bulldozer parts manufacturer, GFM focuses on the research and development and production of drive gears and related components. Support OEM\/ODM customized services.","og_url":"https:\/\/gfmparts.com\/es_es\/producto\/pernos-de-segmento-de-rueda-dentada-de-excavadora\/","article_publisher":"https:\/\/www.facebook.com\/gfmparts","article_modified_time":"2025-05-16T09:13:57+00:00","og_image":[{"width":720,"height":717,"url":"https:\/\/gfmparts.com\/wp-content\/uploads\/2025\/01\/Bulldozer-Sprocket-Segment-Bolts-1.png","type":"image\/png"}],"twitter_card":"summary_large_image","twitter_misc":{"Tiempo de lectura":"4 minutos"},"schema":{"@context":"https:\/\/schema.org","@graph":[{"@type":"WebPage","@id":"https:\/\/gfmparts.com\/product\/bulldozer-sprocket-segment-bolts\/","url":"https:\/\/gfmparts.com\/product\/bulldozer-sprocket-segment-bolts\/","name":"40CR Material Bulldozer Sprocket Bolts - GFM","isPartOf":{"@id":"https:\/\/gfmparts.com\/#website"},"primaryImageOfPage":{"@id":"https:\/\/gfmparts.com\/product\/bulldozer-sprocket-segment-bolts\/#primaryimage"},"image":{"@id":"https:\/\/gfmparts.com\/product\/bulldozer-sprocket-segment-bolts\/#primaryimage"},"thumbnailUrl":"https:\/\/gfmparts.com\/wp-content\/uploads\/2025\/01\/Bulldozer-Sprocket-Segment-Bolts-1.png","datePublished":"2025-01-23T06:33:12+00:00","dateModified":"2025-05-16T09:13:57+00:00","description":"As a world-renowned bulldozer parts manufacturer, GFM focuses on the research and development and production of drive gears and related components. Support OEM\/ODM customized services.","breadcrumb":{"@id":"https:\/\/gfmparts.com\/product\/bulldozer-sprocket-segment-bolts\/#breadcrumb"},"inLanguage":"es","potentialAction":[{"@type":"ReadAction","target":["https:\/\/gfmparts.com\/product\/bulldozer-sprocket-segment-bolts\/"]}]},{"@type":"ImageObject","inLanguage":"es","@id":"https:\/\/gfmparts.com\/product\/bulldozer-sprocket-segment-bolts\/#primaryimage","url":"https:\/\/gfmparts.com\/wp-content\/uploads\/2025\/01\/Bulldozer-Sprocket-Segment-Bolts-1.png","contentUrl":"https:\/\/gfmparts.com\/wp-content\/uploads\/2025\/01\/Bulldozer-Sprocket-Segment-Bolts-1.png","width":720,"height":717,"caption":"Bulldozer Sprocket Segment Bolts"},{"@type":"BreadcrumbList","@id":"https:\/\/gfmparts.com\/product\/bulldozer-sprocket-segment-bolts\/#breadcrumb","itemListElement":[{"@type":"ListItem","position":1,"name":"\u9996\u9875","item":"https:\/\/gfmparts.com\/"},{"@type":"ListItem","position":2,"name":"All Product","item":"https:\/\/gfmparts.com\/all-product\/"},{"@type":"ListItem","position":3,"name":"40CR Material Bulldozer Sprocket Segment Bolts"}]},{"@type":"WebSite","@id":"https:\/\/gfmparts.com\/#website","url":"https:\/\/gfmparts.com\/","name":"GFM PARTS","description":"GFM since 2011 focused on excavator and bulldozer undercarriage parts manufacturing :Track rollers,carrier roller,idler,sprocket,track group,bucket tooth pin.","publisher":{"@id":"https:\/\/gfmparts.com\/#organization"},"alternateName":"gfmparts.com","potentialAction":[{"@type":"SearchAction","target":{"@type":"EntryPoint","urlTemplate":"https:\/\/gfmparts.com\/?s={search_term_string}"},"query-input":{"@type":"PropertyValueSpecification","valueRequired":true,"valueName":"search_term_string"}}],"inLanguage":"es"},{"@type":"Organization","@id":"https:\/\/gfmparts.com\/#organization","name":"GFM PARTS","url":"https:\/\/gfmparts.com\/","logo":{"@type":"ImageObject","inLanguage":"es","@id":"https:\/\/gfmparts.com\/#\/schema\/logo\/image\/","url":"https:\/\/gfmparts.com\/wp-content\/uploads\/2024\/11\/cropped-GFMparts.com_-2.png","contentUrl":"https:\/\/gfmparts.com\/wp-content\/uploads\/2024\/11\/cropped-GFMparts.com_-2.png","width":5987,"height":2564,"caption":"GFM PARTS"},"image":{"@id":"https:\/\/gfmparts.com\/#\/schema\/logo\/image\/"},"sameAs":["https:\/\/www.facebook.com\/gfmparts","https:\/\/www.linkedin.com\/company\/gfmparts\/","https:\/\/www.tiktok.com\/@gfmparts","https:\/\/www.youtube.com\/@GFMparts\/featured"]}]}},"_links":{"self":[{"href":"https:\/\/gfmparts.com\/es_es\/wp-json\/wp\/v2\/product\/3391"}],"collection":[{"href":"https:\/\/gfmparts.com\/es_es\/wp-json\/wp\/v2\/product"}],"about":[{"href":"https:\/\/gfmparts.com\/es_es\/wp-json\/wp\/v2\/types\/product"}],"wp:featuredmedia":[{"embeddable":true,"href":"https:\/\/gfmparts.com\/es_es\/wp-json\/wp\/v2\/media\/3578"}],"wp:attachment":[{"href":"https:\/\/gfmparts.com\/es_es\/wp-json\/wp\/v2\/media?parent=3391"}],"wp:term":[{"taxonomy":"product_cat","embeddable":true,"href":"https:\/\/gfmparts.com\/es_es\/wp-json\/wp\/v2\/product_cat?post=3391"},{"taxonomy":"product_tag","embeddable":true,"href":"https:\/\/gfmparts.com\/es_es\/wp-json\/wp\/v2\/product_tag?post=3391"}],"curies":[{"name":"wp","href":"https:\/\/api.w.org\/{rel}","templated":true}]}}