{"id":3426,"date":"2025-02-08T05:49:48","date_gmt":"2025-02-08T05:49:48","guid":{"rendered":"https:\/\/gfmparts.com\/?post_type=product&#038;p=3426"},"modified":"2025-07-01T05:54:28","modified_gmt":"2025-07-01T05:54:28","slug":"excavator-top-roller-carrier-roller","status":"publish","type":"product","link":"https:\/\/gfmparts.com\/es_es\/producto\/rodillo-portador-del-rodillo-superior-de-la-excavadora\/","title":{"rendered":"Rodillos superiores de excavadora SY215 Rodillos portadores"},"content":{"rendered":"<p><strong><span style=\"color: #000000;\">Rodillo superior de excavadora SY215 de alto rendimiento para una mayor estabilidad de la excavadora<\/span><\/strong><br \/>\n<span style=\"color: #000000;\">SY215 de GFM <a style=\"color: #000000;\" href=\"https:\/\/gfmparts.com\/es_es\/producto\/fabrica-de-rodillos-portadores-de-excavadoras-de-rodillos-superiores\/\">rodillo superior de excavadora<\/a> Dise\u00f1ados con precisi\u00f3n para soportar las condiciones de excavaci\u00f3n m\u00e1s exigentes, ofrecen una durabilidad inigualable y un funcionamiento suave para su excavadora SY215. Fabricados en acero de aleaci\u00f3n tratado t\u00e9rmicamente, nuestros rodillos superiores cuentan con cojinetes reforzados y tecnolog\u00eda de sellado avanzada para minimizar el desgaste, reducir la fricci\u00f3n y prolongar la vida \u00fatil hasta 40% en comparaci\u00f3n con los modelos est\u00e1ndar. Gracias a nuestros procesos de fabricaci\u00f3n con certificaci\u00f3n ISO 9001, cada componente se somete a rigurosas pruebas de carga y tratamiento anticorrosi\u00f3n, lo que garantiza un rendimiento fiable en entornos rocosos, fangosos o de alta temperatura.<\/span><\/p>\n<p><strong><span style=\"color: #000000;\">Dise\u00f1ado para un ajuste preciso y un tiempo de inactividad reducido<\/span><\/strong><br \/>\n<span style=\"color: #000000;\">Dise\u00f1ado como un reemplazo directo del OEM, nuestro SY215 <a style=\"color: #000000;\" href=\"https:\/\/gfmparts.com\/es_es\/producto\/rodillo-superior-de-excavadora-al-por-mayor\/\">rodillos portadores<\/a> Garantizan una compatibilidad perfecta con las excavadoras Kubota SY215, eliminando as\u00ed los problemas de alineaci\u00f3n. El perfil optimizado de los rodillos distribuye la carga uniformemente por todo el tren de rodaje, protegiendo los componentes cr\u00edticos de fallos prematuros.<\/span><\/p>\n<h3><span style=\"color: #ff6600;\">Descripci\u00f3n del Producto<\/span><\/h3>\n<ul>\n<li><span style=\"color: #000000;\"><strong>Cantidad m\u00ednima de pedido:<\/strong>\u00a01 pieza<\/span><\/li>\n<li><span style=\"color: #000000;\"><strong>M\u00e9todo de pago:<\/strong>\u00a0Transferencia bancaria<\/span><\/li>\n<li><span style=\"color: #000000;\"><strong>Marca:<\/strong>\u00a0GFM<\/span><\/li>\n<li><span style=\"color: #000000;\"><strong>Condici\u00f3n:<\/strong>\u00a0Nuevo<\/span><\/li>\n<li><span style=\"color: #000000;\"><strong>Color:<\/strong>\u00a0Amarillo, negro o personalizado<\/span><\/li>\n<li><span style=\"color: #000000;\"><strong>Plazo de entrega:<\/strong>\u00a030 d\u00edas<\/span><\/li>\n<li><span style=\"color: #000000;\"><strong>Garant\u00eda:<\/strong>\u00a01 a\u00f1o<\/span><\/li>\n<li><span style=\"color: #000000;\"><strong>Servicio:<\/strong>\u00a0OEM o ODM<\/span><\/li>\n<li><span style=\"color: #000000;\"><strong>Lugar de origen:<\/strong>\u00a0Fujian, China<\/span><\/li>\n<li><span style=\"color: #000000;\"><strong>Solicitud:<\/strong> Excavador<\/span><\/li>\n<li><span style=\"color: #000000;\"><strong>Embalaje:<\/strong>\u00a0Palet de madera de exportaci\u00f3n est\u00e1ndar<\/span><\/li>\n<\/ul>\n<p style=\"text-align: center;\"><span style=\"color: #000000;\"><img fetchpriority=\"high\" decoding=\"async\" class=\"alignnone wp-image-3427\" src=\"https:\/\/gfmparts.com\/wp-content\/uploads\/2025\/02\/Top-Roller_SY215_1-768x1024.jpg\" alt=\"Rodillo superior_SY215_1\" width=\"390\" height=\"520\" srcset=\"https:\/\/gfmparts.com\/wp-content\/uploads\/2025\/02\/Top-Roller_SY215_1-768x1025.jpg 768w, https:\/\/gfmparts.com\/wp-content\/uploads\/2025\/02\/Top-Roller_SY215_1-225x300.jpg 225w, https:\/\/gfmparts.com\/wp-content\/uploads\/2025\/02\/Top-Roller_SY215_1-600x800.jpg 600w, https:\/\/gfmparts.com\/wp-content\/uploads\/2025\/02\/Top-Roller_SY215_1.jpg 1000w\" sizes=\"(max-width: 390px) 100vw, 390px\" \/> <img decoding=\"async\" class=\"alignnone wp-image-3428\" src=\"https:\/\/gfmparts.com\/wp-content\/uploads\/2025\/02\/Top-Roller_SY215_2-768x1024.jpg\" alt=\"Rodillo superior_SY215_2\" width=\"390\" height=\"520\" srcset=\"https:\/\/gfmparts.com\/wp-content\/uploads\/2025\/02\/Top-Roller_SY215_2-768x1024.jpg 768w, https:\/\/gfmparts.com\/wp-content\/uploads\/2025\/02\/Top-Roller_SY215_2-225x300.jpg 225w, https:\/\/gfmparts.com\/wp-content\/uploads\/2025\/02\/Top-Roller_SY215_2-600x800.jpg 600w, https:\/\/gfmparts.com\/wp-content\/uploads\/2025\/02\/Top-Roller_SY215_2.jpg 1000w\" sizes=\"(max-width: 390px) 100vw, 390px\" \/>\u00a0<\/span><\/p>\n<h3><span style=\"color: #ff6600;\">Caracter\u00edsticas<\/span><\/h3>\n<ul>\n<li><span style=\"color: #000000;\"><b><\/b><strong><b>Durabilidad duradera: <\/b><\/strong>Fabricado con acero resistente al desgaste de alta calidad para m\u00e1xima resistencia y una vida \u00fatil prolongada.<\/span><\/li>\n<li><span style=\"color: #000000;\"><b><\/b><strong><b>Sellado y lubricado<\/b><\/strong>:El dise\u00f1o completamente sellado evita la entrada de suciedad, agua y contaminantes, lo que minimiza el desgaste y el mantenimiento.<\/span><\/li>\n<li><span style=\"color: #000000;\"><b><\/b><strong><b>Funcionamiento suave<\/b><\/strong>Dise\u00f1ado con precisi\u00f3n para brindar un soporte eficiente y estable para la parte superior de la pista.<\/span><\/li>\n<li><span style=\"color: #000000;\"><b><\/b><strong><b>Resistencia a la corrosi\u00f3n<\/b><\/strong>Los tratamientos de superficie resistentes a la corrosi\u00f3n garantizan un funcionamiento confiable en entornos hostiles.<\/span><\/li>\n<li><span style=\"color: #000000;\"><b><\/b><strong><b>Se adapta a varios modelos<\/b><\/strong>:Dise\u00f1ado para adaptarse a una amplia gama de modelos de excavadoras y bulldozers para diversas aplicaciones.<\/span><\/li>\n<li><span style=\"color: #000000;\"><b><\/b><strong><b>Dureza comprobada: <\/b><\/strong>Probado para funcionar de manera confiable en condiciones extremas, reduciendo el tiempo de inactividad y aumentando la productividad.<\/span><\/li>\n<\/ul>\n<p><span style=\"color: #000000;\">En GFM Factory, nuestros rodillos portadores est\u00e1n dise\u00f1ados para optimizar el rendimiento de su maquinaria, garantizando operaciones de seguimiento m\u00e1s suaves y una mayor vida \u00fatil del equipo.<\/span><\/p>\n<p style=\"text-align: center;\"><span style=\"color: #000000;\"><img decoding=\"async\" class=\"alignnone  wp-image-6818\" src=\"https:\/\/gfmparts.com\/wp-content\/uploads\/2025\/03\/carrier-roller-Main-Dimensions-of-Installation-1024x761.png\" alt=\"Dimensiones principales de instalaci\u00f3n del rodillo portador\" width=\"903\" height=\"671\" srcset=\"https:\/\/gfmparts.com\/wp-content\/uploads\/2025\/03\/carrier-roller-Main-Dimensions-of-Installation-1024x761.png 1024w, https:\/\/gfmparts.com\/wp-content\/uploads\/2025\/03\/carrier-roller-Main-Dimensions-of-Installation-300x223.png 300w, https:\/\/gfmparts.com\/wp-content\/uploads\/2025\/03\/carrier-roller-Main-Dimensions-of-Installation-768x571.png 768w, https:\/\/gfmparts.com\/wp-content\/uploads\/2025\/03\/carrier-roller-Main-Dimensions-of-Installation-1536x1141.png 1536w, https:\/\/gfmparts.com\/wp-content\/uploads\/2025\/03\/carrier-roller-Main-Dimensions-of-Installation-16x12.png 16w, https:\/\/gfmparts.com\/wp-content\/uploads\/2025\/03\/carrier-roller-Main-Dimensions-of-Installation-600x446.png 600w, https:\/\/gfmparts.com\/wp-content\/uploads\/2025\/03\/carrier-roller-Main-Dimensions-of-Installation.png 1595w\" sizes=\"(max-width: 903px) 100vw, 903px\" \/><\/span><\/p>\n<h3><span style=\"color: #ff6600;\">Modelos de productos<\/span><\/h3>\n<p style=\"text-align: center;\"><span style=\"color: #000000;\"><img loading=\"lazy\" decoding=\"async\" class=\"alignnone size-full wp-image-3147\" src=\"https:\/\/gfmparts.com\/wp-content\/uploads\/2024\/11\/excavator-part-description-e1735350735761.png\" alt=\"Descripci\u00f3n de la pieza de excavadora\" width=\"856\" height=\"694\" srcset=\"https:\/\/gfmparts.com\/wp-content\/uploads\/2024\/11\/excavator-part-description-e1735350735761.png 856w, https:\/\/gfmparts.com\/wp-content\/uploads\/2024\/11\/excavator-part-description-e1735350735761-300x243.png 300w, https:\/\/gfmparts.com\/wp-content\/uploads\/2024\/11\/excavator-part-description-e1735350735761-768x623.png 768w, https:\/\/gfmparts.com\/wp-content\/uploads\/2024\/11\/excavator-part-description-e1735350735761-600x486.png 600w\" sizes=\"(max-width: 856px) 100vw, 856px\" \/><\/span><\/p>\n<h3><span style=\"color: #ff6600;\">Proceso de producci\u00f3n<\/span><\/h3>\n<p><img loading=\"lazy\" decoding=\"async\" class=\"size-large wp-image-3043 aligncenter\" src=\"https:\/\/gfmparts.com\/wp-content\/uploads\/2024\/12\/\u901a\u7528\u751f\u4ea7\u6d41\u7a0b-1-1024x648.jpg\" alt=\"proceso de producci\u00f3n de piezas de excavadora\" width=\"1024\" height=\"648\" srcset=\"\" sizes=\"(max-width: 1024px) 100vw, 1024px\" data-srcset=\"\" \/><\/p>\n<h3><span style=\"color: #ff6600;\">Embalaje y env\u00edo<\/span><\/h3>\n<p style=\"text-align: center;\"><img loading=\"lazy\" decoding=\"async\" class=\"alignnone size-large wp-image-6521\" src=\"https:\/\/gfmparts.com\/wp-content\/uploads\/2025\/05\/Packaging-and-Shipping-1-1-1024x648.jpg\" alt=\"Embalaje y env\u00edo\" width=\"1024\" height=\"648\" srcset=\"https:\/\/gfmparts.com\/wp-content\/uploads\/2025\/05\/Packaging-and-Shipping-1-1-1024x648.jpg 1024w, https:\/\/gfmparts.com\/wp-content\/uploads\/2025\/05\/Packaging-and-Shipping-1-1-300x190.jpg 300w, https:\/\/gfmparts.com\/wp-content\/uploads\/2025\/05\/Packaging-and-Shipping-1-1-768x486.jpg 768w, https:\/\/gfmparts.com\/wp-content\/uploads\/2025\/05\/Packaging-and-Shipping-1-1-1536x973.jpg 1536w, https:\/\/gfmparts.com\/wp-content\/uploads\/2025\/05\/Packaging-and-Shipping-1-1-2048x1297.jpg 2048w, https:\/\/gfmparts.com\/wp-content\/uploads\/2025\/05\/Packaging-and-Shipping-1-1-600x380.jpg 600w\" sizes=\"(max-width: 1024px) 100vw, 1024px\" \/><\/p>\n<h3><span style=\"color: #ff6600;\">Ventajas de la f\u00e1brica<\/span><\/h3>\n<p><span style=\"color: #000000;\">Con m\u00e1s de 10 a\u00f1os de experiencia especializada en la fabricaci\u00f3n de trenes de rodaje, GFM combina la innovaci\u00f3n en I+D con la capacidad de producci\u00f3n a gran escala. Nuestros rodillos superiores SY215 incorporan recubrimientos patentados resistentes al desgaste, desarrollados en colaboraci\u00f3n con l\u00edderes del sector, que han demostrado reducir los costes de mantenimiento en 30% en pruebas de campo. Equipados con un sistema de control de calidad integral, desde la obtenci\u00f3n de la materia prima hasta la inspecci\u00f3n final, suministramos componentes certificados a m\u00e1s de 200 distribuidores globales, manteniendo precios competitivos gracias a nuestras l\u00edneas de producci\u00f3n automatizadas.<\/span><\/p>\n<p><strong><span style=\"color: #000000;\">\u00bfPor qu\u00e9 elegir GFM como su proveedor? <a style=\"color: #000000;\" href=\"https:\/\/gfmparts.com\/es_es\/producto\/la-mejor-fabrica-de-rodillos-inferiores-para-excavadoras\/\">proveedor de rodillos portadores<\/a>?<\/span><\/strong><\/p>\n<ul>\n<li><span style=\"color: #000000;\"><strong>Garant\u00eda de alta calidad:<\/strong> Todos los productos de ruedas de cadena de arrastre est\u00e1n fabricados con materiales de alta calidad y se prueban rigurosamente para garantizar un rendimiento estable en diversos entornos hostiles.<\/span><\/li>\n<li><span style=\"color: #000000;\"><strong>Ventajas t\u00e9cnicas:<\/strong> A\u00f1os de experiencia en la industria y el apoyo de un equipo profesional hacen que nuestros productos sean l\u00edderes en la industria en resistencia al desgaste y fuerza.<\/span><\/li>\n<li><span style=\"color: #000000;\"><strong>Personalizaci\u00f3n flexible:<\/strong> Apoyar la producci\u00f3n en masa y servicios de personalizaci\u00f3n personalizados para satisfacer las diversas necesidades de los clientes.<\/span><\/li>\n<li><span style=\"color: #000000;\"><strong>Servicio perfecto:<\/strong> Desde la consulta sobre el producto hasta el soporte posventa, GFM siempre toma la satisfacci\u00f3n del cliente como n\u00facleo y ofrece una gama completa de garant\u00edas de servicio.<\/span><\/li>\n<\/ul>\n<p style=\"text-align: center;\"><span style=\"color: #000000;\"><img loading=\"lazy\" decoding=\"async\" class=\"alignnone wp-image-2159\" src=\"https:\/\/gfmparts.com\/wp-content\/uploads\/2024\/12\/\u5fae\u4fe1\u56fe\u7247_20241202160325-1024x576.jpg\" alt=\"fabricante de rodillos portadores\" width=\"767\" height=\"431\" srcset=\"\" sizes=\"(max-width: 767px) 100vw, 767px\" data-srcset=\"\" \/><\/span><\/p>","protected":false},"excerpt":{"rendered":"<ul>\n<li><span style=\"color: #000000;\">Calidad del producto garantizada<\/span><\/li>\n<li><span style=\"color: #000000;\">Gran suministro<\/span><\/li>\n<li><span style=\"color: #000000;\">Precios competitivos<\/span><\/li>\n<li><span style=\"color: #000000;\">La mayor\u00eda de marcas y modelos<\/span><\/li>\n<li><span style=\"color: #000000;\">Equipo de atenci\u00f3n al cliente servicial<\/span><\/li>\n<li><span style=\"color: #000000;\">Soporte t\u00e9cnico profesional<\/span><\/li>\n<\/ul>","protected":false},"featured_media":3573,"template":"","meta":{"site-sidebar-layout":"default","site-content-layout":"","ast-site-content-layout":"default","site-content-style":"default","site-sidebar-style":"default","ast-global-header-display":"","ast-banner-title-visibility":"","ast-main-header-display":"","ast-hfb-above-header-display":"","ast-hfb-below-header-display":"","ast-hfb-mobile-header-display":"","site-post-title":"","ast-breadcrumbs-content":"","ast-featured-img":"","footer-sml-layout":"","theme-transparent-header-meta":"default","adv-header-id-meta":"","stick-header-meta":"default","header-above-stick-meta":"","header-main-stick-meta":"","header-below-stick-meta":"","astra-migrate-meta-layouts":"set","ast-page-background-enabled":"default","ast-page-background-meta":{"desktop":{"background-color":"","background-image":"","background-repeat":"repeat","background-position":"center center","background-size":"auto","background-attachment":"scroll","background-type":"","background-media":"","overlay-type":"","overlay-color":"","overlay-opacity":"","overlay-gradient":""},"tablet":{"background-color":"","background-image":"","background-repeat":"repeat","background-position":"center center","background-size":"auto","background-attachment":"scroll","background-type":"","background-media":"","overlay-type":"","overlay-color":"","overlay-opacity":"","overlay-gradient":""},"mobile":{"background-color":"","background-image":"","background-repeat":"repeat","background-position":"center center","background-size":"auto","background-attachment":"scroll","background-type":"","background-media":"","overlay-type":"","overlay-color":"","overlay-opacity":"","overlay-gradient":""}},"ast-content-background-meta":{"desktop":{"background-color":"var(--ast-global-color-5)","background-image":"","background-repeat":"repeat","background-position":"center center","background-size":"auto","background-attachment":"scroll","background-type":"","background-media":"","overlay-type":"","overlay-color":"","overlay-opacity":"","overlay-gradient":""},"tablet":{"background-color":"var(--ast-global-color-5)","background-image":"","background-repeat":"repeat","background-position":"center center","background-size":"auto","background-attachment":"scroll","background-type":"","background-media":"","overlay-type":"","overlay-color":"","overlay-opacity":"","overlay-gradient":""},"mobile":{"background-color":"var(--ast-global-color-5)","background-image":"","background-repeat":"repeat","background-position":"center center","background-size":"auto","background-attachment":"scroll","background-type":"","background-media":"","overlay-type":"","overlay-color":"","overlay-opacity":"","overlay-gradient":""}}},"product_cat":[38,30],"product_tag":[147],"class_list":{"0":"post-3426","1":"product","2":"type-product","3":"status-publish","4":"has-post-thumbnail","6":"product_cat-undercarriage","7":"product_cat-carrier-roller","8":"product_tag-excavator-sy215","9":"desktop-align-left","10":"tablet-align-left","11":"mobile-align-left","12":"ast-product-gallery-layout-horizontal-slider","13":"ast-product-tabs-layout-horizontal","15":"first","16":"instock","17":"shipping-taxable","18":"product-type-simple"},"yoast_head":"<!-- This site is optimized with the Yoast SEO Premium plugin v22.8 (Yoast SEO v23.9) - https:\/\/yoast.com\/wordpress\/plugins\/seo\/ -->\n<title>Supply Excavator Top Roller SY215 Carrier Roller<\/title>\n<meta name=\"description\" content=\"GFM SY215 top rollers incorporate proprietary wear-resistant coatings developed in collaboration with industry leaders, proven to reduce maintenance costs by 30% in field trials.\" \/>\n<meta name=\"robots\" content=\"index, follow, max-snippet:-1, max-image-preview:large, max-video-preview:-1\" \/>\n<link rel=\"canonical\" href=\"https:\/\/gfmparts.com\/es_es\/producto\/rodillo-portador-del-rodillo-superior-de-la-excavadora\/\" \/>\n<meta property=\"og:locale\" content=\"es_ES\" \/>\n<meta property=\"og:type\" content=\"article\" \/>\n<meta property=\"og:title\" content=\"Excavator Top Roller SY215 Carrier Rollers\" \/>\n<meta property=\"og:description\" content=\"GFM SY215 top rollers incorporate proprietary wear-resistant coatings developed in collaboration with industry leaders, proven to reduce maintenance costs by 30% in field trials.\" \/>\n<meta property=\"og:url\" content=\"https:\/\/gfmparts.com\/es_es\/producto\/rodillo-portador-del-rodillo-superior-de-la-excavadora\/\" \/>\n<meta property=\"article:publisher\" content=\"https:\/\/www.facebook.com\/gfmparts\" \/>\n<meta property=\"article:modified_time\" content=\"2025-07-01T05:54:28+00:00\" \/>\n<meta property=\"og:image\" content=\"https:\/\/gfmparts.com\/wp-content\/uploads\/2025\/02\/SY215-top-roller-3.png\" \/>\n\t<meta property=\"og:image:width\" content=\"1016\" \/>\n\t<meta property=\"og:image:height\" content=\"1016\" \/>\n\t<meta property=\"og:image:type\" content=\"image\/png\" \/>\n<meta name=\"twitter:card\" content=\"summary_large_image\" \/>\n<meta name=\"twitter:label1\" content=\"Tiempo de lectura\" \/>\n\t<meta name=\"twitter:data1\" content=\"4 minutos\" \/>\n<script type=\"application\/ld+json\" class=\"yoast-schema-graph\">{\"@context\":\"https:\/\/schema.org\",\"@graph\":[{\"@type\":\"WebPage\",\"@id\":\"https:\/\/gfmparts.com\/product\/excavator-top-roller-carrier-roller\/\",\"url\":\"https:\/\/gfmparts.com\/product\/excavator-top-roller-carrier-roller\/\",\"name\":\"Supply Excavator Top Roller SY215 Carrier Roller\",\"isPartOf\":{\"@id\":\"https:\/\/gfmparts.com\/#website\"},\"primaryImageOfPage\":{\"@id\":\"https:\/\/gfmparts.com\/product\/excavator-top-roller-carrier-roller\/#primaryimage\"},\"image\":{\"@id\":\"https:\/\/gfmparts.com\/product\/excavator-top-roller-carrier-roller\/#primaryimage\"},\"thumbnailUrl\":\"https:\/\/gfmparts.com\/wp-content\/uploads\/2025\/02\/SY215-top-roller-3.png\",\"datePublished\":\"2025-02-08T05:49:48+00:00\",\"dateModified\":\"2025-07-01T05:54:28+00:00\",\"description\":\"GFM SY215 top rollers incorporate proprietary wear-resistant coatings developed in collaboration with industry leaders, proven to reduce maintenance costs by 30% in field trials.\",\"breadcrumb\":{\"@id\":\"https:\/\/gfmparts.com\/product\/excavator-top-roller-carrier-roller\/#breadcrumb\"},\"inLanguage\":\"es\",\"potentialAction\":[{\"@type\":\"ReadAction\",\"target\":[\"https:\/\/gfmparts.com\/product\/excavator-top-roller-carrier-roller\/\"]}]},{\"@type\":\"ImageObject\",\"inLanguage\":\"es\",\"@id\":\"https:\/\/gfmparts.com\/product\/excavator-top-roller-carrier-roller\/#primaryimage\",\"url\":\"https:\/\/gfmparts.com\/wp-content\/uploads\/2025\/02\/SY215-top-roller-3.png\",\"contentUrl\":\"https:\/\/gfmparts.com\/wp-content\/uploads\/2025\/02\/SY215-top-roller-3.png\",\"width\":1016,\"height\":1016,\"caption\":\"SY215 top roller\"},{\"@type\":\"BreadcrumbList\",\"@id\":\"https:\/\/gfmparts.com\/product\/excavator-top-roller-carrier-roller\/#breadcrumb\",\"itemListElement\":[{\"@type\":\"ListItem\",\"position\":1,\"name\":\"\u9996\u9875\",\"item\":\"https:\/\/gfmparts.com\/\"},{\"@type\":\"ListItem\",\"position\":2,\"name\":\"All Product\",\"item\":\"https:\/\/gfmparts.com\/all-product\/\"},{\"@type\":\"ListItem\",\"position\":3,\"name\":\"Excavator Top Roller SY215 Carrier Rollers\"}]},{\"@type\":\"WebSite\",\"@id\":\"https:\/\/gfmparts.com\/#website\",\"url\":\"https:\/\/gfmparts.com\/\",\"name\":\"GFM PARTS\",\"description\":\"GFM since 2011 focused on excavator and bulldozer undercarriage parts manufacturing :Track rollers,carrier roller,idler,sprocket,track group,bucket tooth pin.\",\"publisher\":{\"@id\":\"https:\/\/gfmparts.com\/#organization\"},\"alternateName\":\"gfmparts.com\",\"potentialAction\":[{\"@type\":\"SearchAction\",\"target\":{\"@type\":\"EntryPoint\",\"urlTemplate\":\"https:\/\/gfmparts.com\/?s={search_term_string}\"},\"query-input\":{\"@type\":\"PropertyValueSpecification\",\"valueRequired\":true,\"valueName\":\"search_term_string\"}}],\"inLanguage\":\"es\"},{\"@type\":\"Organization\",\"@id\":\"https:\/\/gfmparts.com\/#organization\",\"name\":\"GFM PARTS\",\"url\":\"https:\/\/gfmparts.com\/\",\"logo\":{\"@type\":\"ImageObject\",\"inLanguage\":\"es\",\"@id\":\"https:\/\/gfmparts.com\/#\/schema\/logo\/image\/\",\"url\":\"https:\/\/gfmparts.com\/wp-content\/uploads\/2024\/11\/cropped-GFMparts.com_-2.png\",\"contentUrl\":\"https:\/\/gfmparts.com\/wp-content\/uploads\/2024\/11\/cropped-GFMparts.com_-2.png\",\"width\":5987,\"height\":2564,\"caption\":\"GFM PARTS\"},\"image\":{\"@id\":\"https:\/\/gfmparts.com\/#\/schema\/logo\/image\/\"},\"sameAs\":[\"https:\/\/www.facebook.com\/gfmparts\",\"https:\/\/www.linkedin.com\/company\/gfmparts\/\",\"https:\/\/www.tiktok.com\/@gfmparts\",\"https:\/\/www.youtube.com\/@GFMparts\/featured\"]}]}<\/script>\n<!-- \/ Yoast SEO Premium plugin. -->","yoast_head_json":{"title":"Supply Excavator Top Roller SY215 Carrier Roller","description":"GFM SY215 top rollers incorporate proprietary wear-resistant coatings developed in collaboration with industry leaders, proven to reduce maintenance costs by 30% in field trials.","robots":{"index":"index","follow":"follow","max-snippet":"max-snippet:-1","max-image-preview":"max-image-preview:large","max-video-preview":"max-video-preview:-1"},"canonical":"https:\/\/gfmparts.com\/es_es\/producto\/rodillo-portador-del-rodillo-superior-de-la-excavadora\/","og_locale":"es_ES","og_type":"article","og_title":"Excavator Top Roller SY215 Carrier Rollers","og_description":"GFM SY215 top rollers incorporate proprietary wear-resistant coatings developed in collaboration with industry leaders, proven to reduce maintenance costs by 30% in field trials.","og_url":"https:\/\/gfmparts.com\/es_es\/producto\/rodillo-portador-del-rodillo-superior-de-la-excavadora\/","article_publisher":"https:\/\/www.facebook.com\/gfmparts","article_modified_time":"2025-07-01T05:54:28+00:00","og_image":[{"width":1016,"height":1016,"url":"https:\/\/gfmparts.com\/wp-content\/uploads\/2025\/02\/SY215-top-roller-3.png","type":"image\/png"}],"twitter_card":"summary_large_image","twitter_misc":{"Tiempo de lectura":"4 minutos"},"schema":{"@context":"https:\/\/schema.org","@graph":[{"@type":"WebPage","@id":"https:\/\/gfmparts.com\/product\/excavator-top-roller-carrier-roller\/","url":"https:\/\/gfmparts.com\/product\/excavator-top-roller-carrier-roller\/","name":"Supply Excavator Top Roller SY215 Carrier Roller","isPartOf":{"@id":"https:\/\/gfmparts.com\/#website"},"primaryImageOfPage":{"@id":"https:\/\/gfmparts.com\/product\/excavator-top-roller-carrier-roller\/#primaryimage"},"image":{"@id":"https:\/\/gfmparts.com\/product\/excavator-top-roller-carrier-roller\/#primaryimage"},"thumbnailUrl":"https:\/\/gfmparts.com\/wp-content\/uploads\/2025\/02\/SY215-top-roller-3.png","datePublished":"2025-02-08T05:49:48+00:00","dateModified":"2025-07-01T05:54:28+00:00","description":"GFM SY215 top rollers incorporate proprietary wear-resistant coatings developed in collaboration with industry leaders, proven to reduce maintenance costs by 30% in field trials.","breadcrumb":{"@id":"https:\/\/gfmparts.com\/product\/excavator-top-roller-carrier-roller\/#breadcrumb"},"inLanguage":"es","potentialAction":[{"@type":"ReadAction","target":["https:\/\/gfmparts.com\/product\/excavator-top-roller-carrier-roller\/"]}]},{"@type":"ImageObject","inLanguage":"es","@id":"https:\/\/gfmparts.com\/product\/excavator-top-roller-carrier-roller\/#primaryimage","url":"https:\/\/gfmparts.com\/wp-content\/uploads\/2025\/02\/SY215-top-roller-3.png","contentUrl":"https:\/\/gfmparts.com\/wp-content\/uploads\/2025\/02\/SY215-top-roller-3.png","width":1016,"height":1016,"caption":"SY215 top roller"},{"@type":"BreadcrumbList","@id":"https:\/\/gfmparts.com\/product\/excavator-top-roller-carrier-roller\/#breadcrumb","itemListElement":[{"@type":"ListItem","position":1,"name":"\u9996\u9875","item":"https:\/\/gfmparts.com\/"},{"@type":"ListItem","position":2,"name":"All Product","item":"https:\/\/gfmparts.com\/all-product\/"},{"@type":"ListItem","position":3,"name":"Excavator Top Roller SY215 Carrier Rollers"}]},{"@type":"WebSite","@id":"https:\/\/gfmparts.com\/#website","url":"https:\/\/gfmparts.com\/","name":"GFM PARTS","description":"GFM since 2011 focused on excavator and bulldozer undercarriage parts manufacturing :Track rollers,carrier roller,idler,sprocket,track group,bucket tooth pin.","publisher":{"@id":"https:\/\/gfmparts.com\/#organization"},"alternateName":"gfmparts.com","potentialAction":[{"@type":"SearchAction","target":{"@type":"EntryPoint","urlTemplate":"https:\/\/gfmparts.com\/?s={search_term_string}"},"query-input":{"@type":"PropertyValueSpecification","valueRequired":true,"valueName":"search_term_string"}}],"inLanguage":"es"},{"@type":"Organization","@id":"https:\/\/gfmparts.com\/#organization","name":"GFM PARTS","url":"https:\/\/gfmparts.com\/","logo":{"@type":"ImageObject","inLanguage":"es","@id":"https:\/\/gfmparts.com\/#\/schema\/logo\/image\/","url":"https:\/\/gfmparts.com\/wp-content\/uploads\/2024\/11\/cropped-GFMparts.com_-2.png","contentUrl":"https:\/\/gfmparts.com\/wp-content\/uploads\/2024\/11\/cropped-GFMparts.com_-2.png","width":5987,"height":2564,"caption":"GFM PARTS"},"image":{"@id":"https:\/\/gfmparts.com\/#\/schema\/logo\/image\/"},"sameAs":["https:\/\/www.facebook.com\/gfmparts","https:\/\/www.linkedin.com\/company\/gfmparts\/","https:\/\/www.tiktok.com\/@gfmparts","https:\/\/www.youtube.com\/@GFMparts\/featured"]}]}},"_links":{"self":[{"href":"https:\/\/gfmparts.com\/es_es\/wp-json\/wp\/v2\/product\/3426"}],"collection":[{"href":"https:\/\/gfmparts.com\/es_es\/wp-json\/wp\/v2\/product"}],"about":[{"href":"https:\/\/gfmparts.com\/es_es\/wp-json\/wp\/v2\/types\/product"}],"wp:featuredmedia":[{"embeddable":true,"href":"https:\/\/gfmparts.com\/es_es\/wp-json\/wp\/v2\/media\/3573"}],"wp:attachment":[{"href":"https:\/\/gfmparts.com\/es_es\/wp-json\/wp\/v2\/media?parent=3426"}],"wp:term":[{"taxonomy":"product_cat","embeddable":true,"href":"https:\/\/gfmparts.com\/es_es\/wp-json\/wp\/v2\/product_cat?post=3426"},{"taxonomy":"product_tag","embeddable":true,"href":"https:\/\/gfmparts.com\/es_es\/wp-json\/wp\/v2\/product_tag?post=3426"}],"curies":[{"name":"wp","href":"https:\/\/api.w.org\/{rel}","templated":true}]}}