{"id":3475,"date":"2025-02-13T03:28:30","date_gmt":"2025-02-13T03:28:30","guid":{"rendered":"https:\/\/gfmparts.com\/?post_type=product&#038;p=3475"},"modified":"2025-06-23T06:26:34","modified_gmt":"2025-06-23T06:26:34","slug":"excavator-track-roller-bottom-roller-factory","status":"publish","type":"product","link":"https:\/\/gfmparts.com\/es_es\/producto\/fabrica-de-rodillos-inferiores-de-rodillos-de-oruga-de-excavadora\/","title":{"rendered":"Rodillo de oruga SF para bulldozer Komatsu D60 14X-30-00080"},"content":{"rendered":"<p><span style=\"color: #000000;\">Como profesional <a style=\"color: #000000;\" href=\"https:\/\/gfmparts.com\/es_es\/producto\/fabrica-de-rodillos-inferiores-para-excavadoras-doosan\/\">fabricante de piezas de excavadora<\/a>GFM adapta SF de alto rendimiento <a style=\"color: #000000;\" href=\"https:\/\/gfmparts.com\/es_es\/producto\/fabricante-de-rodillos-de-oruga-para-excavadoras-con-rodillos-inferiores-cat\/\">rodillos de gu\u00eda<\/a> Para la excavadora Komatsu serie D60, se utilizan materiales de acero aleado forjado y tecnolog\u00eda de procesamiento CNC de precisi\u00f3n para mejorar significativamente la resistencia a la compresi\u00f3n y la capacidad de carga axial de los componentes. El producto cuenta con un tratamiento t\u00e9rmico de temple de doble canal y un tratamiento anticorrosivo galvanizado multicapa, lo que le permite adaptarse a condiciones de trabajo extremas, como minas y suelos colapsables, reduciendo eficazmente el riesgo de descarrilamiento de la oruga y prolongando su vida \u00fatil a m\u00e1s de 8000 horas. Cumple estrictamente con las normas ISO 9001 de producci\u00f3n, se adapta a las tolerancias dimensionales originales de f\u00e1brica, garantiza una compatibilidad perfecta con el sistema de chasis D60 y ayuda a los usuarios a reducir los costos de mantenimiento por tiempo de inactividad en m\u00e1s de 35%.<\/span><\/p>\n<h3><span style=\"color: #ff6600;\">Descripci\u00f3n del Producto<\/span><\/h3>\n<ul>\n<li><span style=\"color: #000000;\"><strong>Cantidad m\u00ednima de pedido:<\/strong>\u00a01 pieza<\/span><\/li>\n<li><span style=\"color: #000000;\"><strong>M\u00e9todo de pago:<\/strong>\u00a0Transferencia bancaria<\/span><\/li>\n<li><span style=\"color: #000000;\"><strong>Marca:<\/strong>\u00a0GFM<\/span><\/li>\n<li><span style=\"color: #000000;\"><strong>Condici\u00f3n:<\/strong>\u00a0Nuevo<\/span><\/li>\n<li><span style=\"color: #000000;\"><strong>Color:<\/strong>\u00a0Amarillo, negro o personalizado<\/span><\/li>\n<li><span style=\"color: #000000;\"><strong>Plazo de entrega:<\/strong>\u00a030 d\u00edas<\/span><\/li>\n<li><span style=\"color: #000000;\"><strong>Garant\u00eda:<\/strong>\u00a01 a\u00f1o<\/span><\/li>\n<li><span style=\"color: #000000;\"><strong>Servicio:<\/strong>\u00a0OEM o ODM<\/span><\/li>\n<li><span style=\"color: #000000;\"><strong>Lugar de origen:<\/strong>\u00a0Fujian, China<\/span><\/li>\n<li><span style=\"color: #000000;\"><strong>Solicitud:<\/strong> Excavadora<\/span><\/li>\n<li><span style=\"color: #000000;\"><strong>Embalaje:<\/strong>\u00a0Palet de madera de exportaci\u00f3n est\u00e1ndar<\/span><\/li>\n<\/ul>\n<p style=\"text-align: center;\"><span style=\"color: #000000;\"><img fetchpriority=\"high\" decoding=\"async\" class=\"alignnone wp-image-3479\" src=\"https:\/\/gfmparts.com\/wp-content\/uploads\/2025\/02\/CAT_D60_SF-1-768x1024.jpg\" alt=\"Rodillo de oruga CAT_D60_SF\" width=\"549\" height=\"732\" srcset=\"https:\/\/gfmparts.com\/wp-content\/uploads\/2025\/02\/CAT_D60_SF-1-768x1024.jpg 768w, https:\/\/gfmparts.com\/wp-content\/uploads\/2025\/02\/CAT_D60_SF-1-225x300.jpg 225w, https:\/\/gfmparts.com\/wp-content\/uploads\/2025\/02\/CAT_D60_SF-1-600x800.jpg 600w, https:\/\/gfmparts.com\/wp-content\/uploads\/2025\/02\/CAT_D60_SF-1.jpg 1000w\" sizes=\"(max-width: 549px) 100vw, 549px\" \/><\/span><\/p>\n<h3><span style=\"color: #ff6600;\">Caracter\u00edsticas<\/span><\/h3>\n<ul>\n<li><span style=\"color: #000000;\"><b><\/b><strong><b>De primera calidad <\/b><\/strong><strong><b>Materiales<\/b><\/strong>:Fabricado con acero resistente al desgaste de alta calidad para garantizar una vida \u00fatil m\u00e1s larga y un rendimiento constante.<\/span><\/li>\n<li><span style=\"color: #000000;\"><b><\/b><strong><b>Sellado y lubricado<\/b><\/strong>:Dise\u00f1ado con un sistema sellado que mantiene los rodillos lubricados, reduce la fricci\u00f3n y evita la entrada de suciedad o agua.<\/span><\/li>\n<li><span style=\"color: #000000;\"><b><\/b><strong><b>Funcionamiento suave y estable<\/b><\/strong>Dise\u00f1ado con precisi\u00f3n para un movimiento equilibrado, mejorando la eficiencia de su maquinaria.<\/span><\/li>\n<li><span style=\"color: #000000;\"><b><\/b><strong><b>Se adapta a varios modelos<\/b><\/strong>:Se ofrece en dise\u00f1os de brida simple, brida doble y brida central para adaptarse a una amplia gama de excavadoras y bulldozers.<\/span><\/li>\n<li><span style=\"color: #000000;\"><b><\/b><strong><b>Dureza comprobada<\/b><\/strong>:Probado para manejar cargas pesadas y funcionar eficazmente en entornos dif\u00edciles, lo que garantiza un tiempo de inactividad m\u00ednimo.<\/span><\/li>\n<\/ul>\n<p><span style=\"color: #000000;\">En GFM Factory, nos comprometemos a ofrecer componentes de alta calidad que mejoran la eficiencia y la durabilidad de su equipo. Nuestros rodillos gu\u00eda est\u00e1n dise\u00f1ados para mantener su maquinaria funcionando al m\u00e1ximo rendimiento, reduciendo el tiempo de inactividad y los costos de mantenimiento.<\/span><\/p>\n<p><span style=\"color: #000000;\">Para m\u00e1s informaci\u00f3n o consultas sobre modelos espec\u00edficos, cont\u00e1ctenos. GFM Factory: \u00a1Su proveedor confiable de repuestos!<\/span><\/p>\n<h3><span style=\"color: #ff6600;\">Presupuesto<\/span><\/h3>\n<p style=\"text-align: center;\"><img decoding=\"async\" class=\"alignnone size-large wp-image-6790\" src=\"https:\/\/gfmparts.com\/wp-content\/uploads\/2025\/03\/Bulldozer-bottom-roller-Specifications-1024x662.png\" alt=\"Especificaciones del rodillo inferior de la excavadora\" width=\"1024\" height=\"662\" srcset=\"https:\/\/gfmparts.com\/wp-content\/uploads\/2025\/03\/Bulldozer-bottom-roller-Specifications-1024x662.png 1024w, https:\/\/gfmparts.com\/wp-content\/uploads\/2025\/03\/Bulldozer-bottom-roller-Specifications-300x194.png 300w, https:\/\/gfmparts.com\/wp-content\/uploads\/2025\/03\/Bulldozer-bottom-roller-Specifications-768x497.png 768w, https:\/\/gfmparts.com\/wp-content\/uploads\/2025\/03\/Bulldozer-bottom-roller-Specifications-1536x993.png 1536w, https:\/\/gfmparts.com\/wp-content\/uploads\/2025\/03\/Bulldozer-bottom-roller-Specifications-600x388.png 600w, https:\/\/gfmparts.com\/wp-content\/uploads\/2025\/03\/Bulldozer-bottom-roller-Specifications.png 1863w\" sizes=\"(max-width: 1024px) 100vw, 1024px\" \/><\/p>\n<h3><span style=\"color: #ff6600;\">Modelos de productos<\/span><\/h3>\n<p style=\"text-align: center;\"><img decoding=\"async\" class=\"alignnone size-full wp-image-3147\" src=\"https:\/\/gfmparts.com\/wp-content\/uploads\/2024\/11\/excavator-part-description-e1735350735761.png\" alt=\"Descripci\u00f3n de la pieza de excavadora\" width=\"856\" height=\"694\" srcset=\"https:\/\/gfmparts.com\/wp-content\/uploads\/2024\/11\/excavator-part-description-e1735350735761.png 856w, https:\/\/gfmparts.com\/wp-content\/uploads\/2024\/11\/excavator-part-description-e1735350735761-300x243.png 300w, https:\/\/gfmparts.com\/wp-content\/uploads\/2024\/11\/excavator-part-description-e1735350735761-768x623.png 768w, https:\/\/gfmparts.com\/wp-content\/uploads\/2024\/11\/excavator-part-description-e1735350735761-600x486.png 600w\" sizes=\"(max-width: 856px) 100vw, 856px\" \/><\/p>\n<h3><span style=\"color: #ff6600;\">Proceso de producci\u00f3n<\/span><\/h3>\n<p style=\"text-align: center;\"><iframe title=\"Reproductor de v\u00eddeo de YouTube\" src=\"https:\/\/www.youtube.com\/embed\/c9nWGaJ_cxc?si=MdoYxVrGQYaNoOFY\" width=\"850\" height=\"479\" frameborder=\"0\" allowfullscreen=\"allowfullscreen\"><span data-mce-type=\"bookmark\" style=\"display: inline-block; width: 0px; overflow: hidden; line-height: 0;\" class=\"mce_SELRES_start\"><\/span><span data-mce-type=\"bookmark\" style=\"display: inline-block; width: 0px; overflow: hidden; line-height: 0;\" class=\"mce_SELRES_start\"><\/span><\/iframe><img loading=\"lazy\" decoding=\"async\" class=\"alignnone wp-image-3043 aligncenter\" src=\"https:\/\/gfmparts.com\/wp-content\/uploads\/2024\/12\/\u901a\u7528\u751f\u4ea7\u6d41\u7a0b-1-1024x648.jpg\" alt=\"proceso de producci\u00f3n de piezas de excavadora\" width=\"999\" height=\"632\" srcset=\"\" sizes=\"(max-width: 999px) 100vw, 999px\" data-srcset=\"\" \/><\/p>\n<h3><span style=\"color: #ff6600;\">Embalaje y env\u00edo<\/span><\/h3>\n<p style=\"text-align: center;\"><img loading=\"lazy\" decoding=\"async\" class=\"alignnone size-large wp-image-6521\" src=\"https:\/\/gfmparts.com\/wp-content\/uploads\/2025\/05\/Packaging-and-Shipping-1-1-1024x648.jpg\" alt=\"Embalaje y env\u00edo\" width=\"1024\" height=\"648\" srcset=\"https:\/\/gfmparts.com\/wp-content\/uploads\/2025\/05\/Packaging-and-Shipping-1-1-1024x648.jpg 1024w, https:\/\/gfmparts.com\/wp-content\/uploads\/2025\/05\/Packaging-and-Shipping-1-1-300x190.jpg 300w, https:\/\/gfmparts.com\/wp-content\/uploads\/2025\/05\/Packaging-and-Shipping-1-1-768x486.jpg 768w, https:\/\/gfmparts.com\/wp-content\/uploads\/2025\/05\/Packaging-and-Shipping-1-1-1536x973.jpg 1536w, https:\/\/gfmparts.com\/wp-content\/uploads\/2025\/05\/Packaging-and-Shipping-1-1-2048x1297.jpg 2048w, https:\/\/gfmparts.com\/wp-content\/uploads\/2025\/05\/Packaging-and-Shipping-1-1-600x380.jpg 600w\" sizes=\"(max-width: 1024px) 100vw, 1024px\" \/><\/p>\n<h3><span style=\"color: #ff6600;\">Ventajas de la f\u00e1brica<\/span><\/h3>\n<p><span style=\"color: #000000;\">GFM <a style=\"color: #000000;\" href=\"https:\/\/gfmparts.com\/es_es\/producto\/rodillo-de-oruga-bobcat-para-miniexcavadora\/\">f\u00e1brica de rodillos inferiores<\/a> Est\u00e1 equipado con una l\u00ednea de producci\u00f3n de forjado totalmente automatizada y un espectr\u00f3metro para lograr un control de calidad de circuito cerrado desde la adquisici\u00f3n de la materia prima hasta la entrega del producto terminado. Con 14 a\u00f1os de experiencia en la investigaci\u00f3n y el desarrollo de piezas de chasis para maquinaria de construcci\u00f3n, hemos superado la prueba de niebla salina y la prueba de simulaci\u00f3n de carga din\u00e1mica, certificadas por el laboratorio CNAS, para garantizar la estabilidad del grupo de ruedas de soporte bajo carga de impacto. Ofrecemos personalizaci\u00f3n no est\u00e1ndar y modelos de cooperaci\u00f3n OEM\/ODM, y hemos brindado servicios de respuesta r\u00e1pida a 42 pa\u00edses y regiones de todo el mundo. Disponemos de piezas de maquinaria CAT, Komatsu, Doosan y otras marcas principales en stock para ayudar a la cadena de suministro de nuestros clientes a operar eficientemente.<\/span><\/p>\n<p><span style=\"color: #000000;\">No solo ofrecemos piezas de alta calidad para excavadoras, sino que tambi\u00e9n nos comprometemos a brindar a nuestros clientes un excelente servicio posventa. Gracias a nuestra colaboraci\u00f3n con importantes empresas de log\u00edstica, garantizamos una entrega r\u00e1pida de los productos y una respuesta oportuna a las necesidades de nuestros clientes. Adem\u00e1s, nuestros precios son competitivos en el mercado, lo que permite a los clientes reducir el coste total de mantenimiento de sus equipos al elegirnos. Ya se trate de ruedas de apoyo de un solo lado u otras piezas para excavadoras, ofrecemos soluciones personalizadas para ayudar a nuestros clientes a mejorar la eficiencia del trabajo y reducir los riesgos operativos.<\/span><\/p>\n<p style=\"text-align: center;\"><img loading=\"lazy\" decoding=\"async\" class=\"alignnone wp-image-2159\" src=\"https:\/\/gfmparts.com\/wp-content\/uploads\/2024\/12\/\u5fae\u4fe1\u56fe\u7247_20241202160325-1024x576.jpg\" alt=\"Fabricante de piezas para excavadoras\" width=\"850\" height=\"478\" srcset=\"\" sizes=\"(max-width: 850px) 100vw, 850px\" data-srcset=\"\" \/><\/p>","protected":false},"excerpt":{"rendered":"<ul>\n<li><span style=\"color: #000000;\">Calidad del producto garantizada<\/span><\/li>\n<li><span style=\"color: #000000;\">Gran suministro<\/span><\/li>\n<li><span style=\"color: #000000;\">Precios competitivos<\/span><\/li>\n<li><span style=\"color: #000000;\">La mayor\u00eda de marcas y modelos<\/span><\/li>\n<li><span style=\"color: #000000;\">Equipo de atenci\u00f3n al cliente servicial<\/span><\/li>\n<li><span style=\"color: #000000;\">Soporte t\u00e9cnico profesional<\/span><\/li>\n<\/ul>","protected":false},"featured_media":3569,"template":"","meta":{"site-sidebar-layout":"default","site-content-layout":"","ast-site-content-layout":"default","site-content-style":"default","site-sidebar-style":"default","ast-global-header-display":"","ast-banner-title-visibility":"","ast-main-header-display":"","ast-hfb-above-header-display":"","ast-hfb-below-header-display":"","ast-hfb-mobile-header-display":"","site-post-title":"","ast-breadcrumbs-content":"","ast-featured-img":"","footer-sml-layout":"","theme-transparent-header-meta":"default","adv-header-id-meta":"","stick-header-meta":"default","header-above-stick-meta":"","header-main-stick-meta":"","header-below-stick-meta":"","astra-migrate-meta-layouts":"set","ast-page-background-enabled":"default","ast-page-background-meta":{"desktop":{"background-color":"","background-image":"","background-repeat":"repeat","background-position":"center center","background-size":"auto","background-attachment":"scroll","background-type":"","background-media":"","overlay-type":"","overlay-color":"","overlay-opacity":"","overlay-gradient":""},"tablet":{"background-color":"","background-image":"","background-repeat":"repeat","background-position":"center center","background-size":"auto","background-attachment":"scroll","background-type":"","background-media":"","overlay-type":"","overlay-color":"","overlay-opacity":"","overlay-gradient":""},"mobile":{"background-color":"","background-image":"","background-repeat":"repeat","background-position":"center center","background-size":"auto","background-attachment":"scroll","background-type":"","background-media":"","overlay-type":"","overlay-color":"","overlay-opacity":"","overlay-gradient":""}},"ast-content-background-meta":{"desktop":{"background-color":"var(--ast-global-color-5)","background-image":"","background-repeat":"repeat","background-position":"center center","background-size":"auto","background-attachment":"scroll","background-type":"","background-media":"","overlay-type":"","overlay-color":"","overlay-opacity":"","overlay-gradient":""},"tablet":{"background-color":"var(--ast-global-color-5)","background-image":"","background-repeat":"repeat","background-position":"center center","background-size":"auto","background-attachment":"scroll","background-type":"","background-media":"","overlay-type":"","overlay-color":"","overlay-opacity":"","overlay-gradient":""},"mobile":{"background-color":"var(--ast-global-color-5)","background-image":"","background-repeat":"repeat","background-position":"center center","background-size":"auto","background-attachment":"scroll","background-type":"","background-media":"","overlay-type":"","overlay-color":"","overlay-opacity":"","overlay-gradient":""}}},"product_cat":[38,49],"product_tag":[130],"class_list":{"0":"post-3475","1":"product","2":"type-product","3":"status-publish","4":"has-post-thumbnail","6":"product_cat-undercarriage","7":"product_cat-track-roller","8":"product_tag-komatsu-d60","9":"desktop-align-left","10":"tablet-align-left","11":"mobile-align-left","12":"ast-product-gallery-layout-horizontal-slider","13":"ast-product-gallery-with-no-image","14":"ast-product-tabs-layout-horizontal","16":"first","17":"instock","18":"shipping-taxable","19":"product-type-simple"},"yoast_head":"<!-- This site is optimized with the Yoast SEO Premium plugin v22.8 (Yoast SEO v23.9) - https:\/\/yoast.com\/wordpress\/plugins\/seo\/ -->\n<title>Komatsu D60 Bulldozer SF Bottom Roller Factory 14X-30-00080<\/title>\n<meta name=\"description\" content=\"As a professional excavator part manufacturer, GFM provides Komatsu D60 bulldozer SF rollers, has 14 years of experience, and supports non-standard customization and OEM\/ODM cooperation models.\" \/>\n<meta name=\"robots\" content=\"index, follow, max-snippet:-1, max-image-preview:large, max-video-preview:-1\" \/>\n<link rel=\"canonical\" href=\"https:\/\/gfmparts.com\/es_es\/producto\/fabrica-de-rodillos-inferiores-de-rodillos-de-oruga-de-excavadora\/\" \/>\n<meta property=\"og:locale\" content=\"es_ES\" \/>\n<meta property=\"og:type\" content=\"article\" \/>\n<meta property=\"og:title\" content=\"Komatsu D60 Bulldozer SF Track Roller 14X-30-00080\" \/>\n<meta property=\"og:description\" content=\"As a professional excavator part manufacturer, GFM provides Komatsu D60 bulldozer SF rollers, has 14 years of experience, and supports non-standard customization and OEM\/ODM cooperation models.\" \/>\n<meta property=\"og:url\" content=\"https:\/\/gfmparts.com\/es_es\/producto\/fabrica-de-rodillos-inferiores-de-rodillos-de-oruga-de-excavadora\/\" \/>\n<meta property=\"article:publisher\" content=\"https:\/\/www.facebook.com\/gfmparts\" \/>\n<meta property=\"article:modified_time\" content=\"2025-06-23T06:26:34+00:00\" \/>\n<meta property=\"og:image\" content=\"https:\/\/gfmparts.com\/wp-content\/uploads\/2025\/02\/CAT-D60-SF-bottom-roller-2.png\" \/>\n\t<meta property=\"og:image:width\" content=\"720\" \/>\n\t<meta property=\"og:image:height\" content=\"720\" \/>\n\t<meta property=\"og:image:type\" content=\"image\/png\" \/>\n<meta name=\"twitter:card\" content=\"summary_large_image\" \/>\n<meta name=\"twitter:label1\" content=\"Tiempo de lectura\" \/>\n\t<meta name=\"twitter:data1\" content=\"4 minutos\" \/>\n<script type=\"application\/ld+json\" class=\"yoast-schema-graph\">{\"@context\":\"https:\/\/schema.org\",\"@graph\":[{\"@type\":\"WebPage\",\"@id\":\"https:\/\/gfmparts.com\/product\/excavator-track-roller-bottom-roller-factory\/\",\"url\":\"https:\/\/gfmparts.com\/product\/excavator-track-roller-bottom-roller-factory\/\",\"name\":\"Komatsu D60 Bulldozer SF Bottom Roller Factory 14X-30-00080\",\"isPartOf\":{\"@id\":\"https:\/\/gfmparts.com\/#website\"},\"primaryImageOfPage\":{\"@id\":\"https:\/\/gfmparts.com\/product\/excavator-track-roller-bottom-roller-factory\/#primaryimage\"},\"image\":{\"@id\":\"https:\/\/gfmparts.com\/product\/excavator-track-roller-bottom-roller-factory\/#primaryimage\"},\"thumbnailUrl\":\"https:\/\/gfmparts.com\/wp-content\/uploads\/2025\/02\/CAT-D60-SF-bottom-roller-2.png\",\"datePublished\":\"2025-02-13T03:28:30+00:00\",\"dateModified\":\"2025-06-23T06:26:34+00:00\",\"description\":\"As a professional excavator part manufacturer, GFM provides Komatsu D60 bulldozer SF rollers, has 14 years of experience, and supports non-standard customization and OEM\/ODM cooperation models.\",\"breadcrumb\":{\"@id\":\"https:\/\/gfmparts.com\/product\/excavator-track-roller-bottom-roller-factory\/#breadcrumb\"},\"inLanguage\":\"es\",\"potentialAction\":[{\"@type\":\"ReadAction\",\"target\":[\"https:\/\/gfmparts.com\/product\/excavator-track-roller-bottom-roller-factory\/\"]}]},{\"@type\":\"ImageObject\",\"inLanguage\":\"es\",\"@id\":\"https:\/\/gfmparts.com\/product\/excavator-track-roller-bottom-roller-factory\/#primaryimage\",\"url\":\"https:\/\/gfmparts.com\/wp-content\/uploads\/2025\/02\/CAT-D60-SF-bottom-roller-2.png\",\"contentUrl\":\"https:\/\/gfmparts.com\/wp-content\/uploads\/2025\/02\/CAT-D60-SF-bottom-roller-2.png\",\"width\":720,\"height\":720,\"caption\":\"CAT D60 SF bottom roller\"},{\"@type\":\"BreadcrumbList\",\"@id\":\"https:\/\/gfmparts.com\/product\/excavator-track-roller-bottom-roller-factory\/#breadcrumb\",\"itemListElement\":[{\"@type\":\"ListItem\",\"position\":1,\"name\":\"\u9996\u9875\",\"item\":\"https:\/\/gfmparts.com\/\"},{\"@type\":\"ListItem\",\"position\":2,\"name\":\"All Product\",\"item\":\"https:\/\/gfmparts.com\/all-product\/\"},{\"@type\":\"ListItem\",\"position\":3,\"name\":\"Komatsu D60 Bulldozer SF Track Roller 14X-30-00080\"}]},{\"@type\":\"WebSite\",\"@id\":\"https:\/\/gfmparts.com\/#website\",\"url\":\"https:\/\/gfmparts.com\/\",\"name\":\"GFM PARTS\",\"description\":\"GFM since 2011 focused on excavator and bulldozer undercarriage parts manufacturing :Track rollers,carrier roller,idler,sprocket,track group,bucket tooth pin.\",\"publisher\":{\"@id\":\"https:\/\/gfmparts.com\/#organization\"},\"alternateName\":\"gfmparts.com\",\"potentialAction\":[{\"@type\":\"SearchAction\",\"target\":{\"@type\":\"EntryPoint\",\"urlTemplate\":\"https:\/\/gfmparts.com\/?s={search_term_string}\"},\"query-input\":{\"@type\":\"PropertyValueSpecification\",\"valueRequired\":true,\"valueName\":\"search_term_string\"}}],\"inLanguage\":\"es\"},{\"@type\":\"Organization\",\"@id\":\"https:\/\/gfmparts.com\/#organization\",\"name\":\"GFM PARTS\",\"url\":\"https:\/\/gfmparts.com\/\",\"logo\":{\"@type\":\"ImageObject\",\"inLanguage\":\"es\",\"@id\":\"https:\/\/gfmparts.com\/#\/schema\/logo\/image\/\",\"url\":\"https:\/\/gfmparts.com\/wp-content\/uploads\/2024\/11\/cropped-GFMparts.com_-2.png\",\"contentUrl\":\"https:\/\/gfmparts.com\/wp-content\/uploads\/2024\/11\/cropped-GFMparts.com_-2.png\",\"width\":5987,\"height\":2564,\"caption\":\"GFM PARTS\"},\"image\":{\"@id\":\"https:\/\/gfmparts.com\/#\/schema\/logo\/image\/\"},\"sameAs\":[\"https:\/\/www.facebook.com\/gfmparts\",\"https:\/\/www.linkedin.com\/company\/gfmparts\/\",\"https:\/\/www.tiktok.com\/@gfmparts\",\"https:\/\/www.youtube.com\/@GFMparts\/featured\"]}]}<\/script>\n<!-- \/ Yoast SEO Premium plugin. -->","yoast_head_json":{"title":"Komatsu D60 Bulldozer SF Bottom Roller Factory 14X-30-00080","description":"As a professional excavator part manufacturer, GFM provides Komatsu D60 bulldozer SF rollers, has 14 years of experience, and supports non-standard customization and OEM\/ODM cooperation models.","robots":{"index":"index","follow":"follow","max-snippet":"max-snippet:-1","max-image-preview":"max-image-preview:large","max-video-preview":"max-video-preview:-1"},"canonical":"https:\/\/gfmparts.com\/es_es\/producto\/fabrica-de-rodillos-inferiores-de-rodillos-de-oruga-de-excavadora\/","og_locale":"es_ES","og_type":"article","og_title":"Komatsu D60 Bulldozer SF Track Roller 14X-30-00080","og_description":"As a professional excavator part manufacturer, GFM provides Komatsu D60 bulldozer SF rollers, has 14 years of experience, and supports non-standard customization and OEM\/ODM cooperation models.","og_url":"https:\/\/gfmparts.com\/es_es\/producto\/fabrica-de-rodillos-inferiores-de-rodillos-de-oruga-de-excavadora\/","article_publisher":"https:\/\/www.facebook.com\/gfmparts","article_modified_time":"2025-06-23T06:26:34+00:00","og_image":[{"width":720,"height":720,"url":"https:\/\/gfmparts.com\/wp-content\/uploads\/2025\/02\/CAT-D60-SF-bottom-roller-2.png","type":"image\/png"}],"twitter_card":"summary_large_image","twitter_misc":{"Tiempo de lectura":"4 minutos"},"schema":{"@context":"https:\/\/schema.org","@graph":[{"@type":"WebPage","@id":"https:\/\/gfmparts.com\/product\/excavator-track-roller-bottom-roller-factory\/","url":"https:\/\/gfmparts.com\/product\/excavator-track-roller-bottom-roller-factory\/","name":"Komatsu D60 Bulldozer SF Bottom Roller Factory 14X-30-00080","isPartOf":{"@id":"https:\/\/gfmparts.com\/#website"},"primaryImageOfPage":{"@id":"https:\/\/gfmparts.com\/product\/excavator-track-roller-bottom-roller-factory\/#primaryimage"},"image":{"@id":"https:\/\/gfmparts.com\/product\/excavator-track-roller-bottom-roller-factory\/#primaryimage"},"thumbnailUrl":"https:\/\/gfmparts.com\/wp-content\/uploads\/2025\/02\/CAT-D60-SF-bottom-roller-2.png","datePublished":"2025-02-13T03:28:30+00:00","dateModified":"2025-06-23T06:26:34+00:00","description":"As a professional excavator part manufacturer, GFM provides Komatsu D60 bulldozer SF rollers, has 14 years of experience, and supports non-standard customization and OEM\/ODM cooperation models.","breadcrumb":{"@id":"https:\/\/gfmparts.com\/product\/excavator-track-roller-bottom-roller-factory\/#breadcrumb"},"inLanguage":"es","potentialAction":[{"@type":"ReadAction","target":["https:\/\/gfmparts.com\/product\/excavator-track-roller-bottom-roller-factory\/"]}]},{"@type":"ImageObject","inLanguage":"es","@id":"https:\/\/gfmparts.com\/product\/excavator-track-roller-bottom-roller-factory\/#primaryimage","url":"https:\/\/gfmparts.com\/wp-content\/uploads\/2025\/02\/CAT-D60-SF-bottom-roller-2.png","contentUrl":"https:\/\/gfmparts.com\/wp-content\/uploads\/2025\/02\/CAT-D60-SF-bottom-roller-2.png","width":720,"height":720,"caption":"CAT D60 SF bottom roller"},{"@type":"BreadcrumbList","@id":"https:\/\/gfmparts.com\/product\/excavator-track-roller-bottom-roller-factory\/#breadcrumb","itemListElement":[{"@type":"ListItem","position":1,"name":"\u9996\u9875","item":"https:\/\/gfmparts.com\/"},{"@type":"ListItem","position":2,"name":"All Product","item":"https:\/\/gfmparts.com\/all-product\/"},{"@type":"ListItem","position":3,"name":"Komatsu D60 Bulldozer SF Track Roller 14X-30-00080"}]},{"@type":"WebSite","@id":"https:\/\/gfmparts.com\/#website","url":"https:\/\/gfmparts.com\/","name":"GFM PARTS","description":"GFM since 2011 focused on excavator and bulldozer undercarriage parts manufacturing :Track rollers,carrier roller,idler,sprocket,track group,bucket tooth pin.","publisher":{"@id":"https:\/\/gfmparts.com\/#organization"},"alternateName":"gfmparts.com","potentialAction":[{"@type":"SearchAction","target":{"@type":"EntryPoint","urlTemplate":"https:\/\/gfmparts.com\/?s={search_term_string}"},"query-input":{"@type":"PropertyValueSpecification","valueRequired":true,"valueName":"search_term_string"}}],"inLanguage":"es"},{"@type":"Organization","@id":"https:\/\/gfmparts.com\/#organization","name":"GFM PARTS","url":"https:\/\/gfmparts.com\/","logo":{"@type":"ImageObject","inLanguage":"es","@id":"https:\/\/gfmparts.com\/#\/schema\/logo\/image\/","url":"https:\/\/gfmparts.com\/wp-content\/uploads\/2024\/11\/cropped-GFMparts.com_-2.png","contentUrl":"https:\/\/gfmparts.com\/wp-content\/uploads\/2024\/11\/cropped-GFMparts.com_-2.png","width":5987,"height":2564,"caption":"GFM PARTS"},"image":{"@id":"https:\/\/gfmparts.com\/#\/schema\/logo\/image\/"},"sameAs":["https:\/\/www.facebook.com\/gfmparts","https:\/\/www.linkedin.com\/company\/gfmparts\/","https:\/\/www.tiktok.com\/@gfmparts","https:\/\/www.youtube.com\/@GFMparts\/featured"]}]}},"_links":{"self":[{"href":"https:\/\/gfmparts.com\/es_es\/wp-json\/wp\/v2\/product\/3475"}],"collection":[{"href":"https:\/\/gfmparts.com\/es_es\/wp-json\/wp\/v2\/product"}],"about":[{"href":"https:\/\/gfmparts.com\/es_es\/wp-json\/wp\/v2\/types\/product"}],"wp:featuredmedia":[{"embeddable":true,"href":"https:\/\/gfmparts.com\/es_es\/wp-json\/wp\/v2\/media\/3569"}],"wp:attachment":[{"href":"https:\/\/gfmparts.com\/es_es\/wp-json\/wp\/v2\/media?parent=3475"}],"wp:term":[{"taxonomy":"product_cat","embeddable":true,"href":"https:\/\/gfmparts.com\/es_es\/wp-json\/wp\/v2\/product_cat?post=3475"},{"taxonomy":"product_tag","embeddable":true,"href":"https:\/\/gfmparts.com\/es_es\/wp-json\/wp\/v2\/product_tag?post=3475"}],"curies":[{"name":"wp","href":"https:\/\/api.w.org\/{rel}","templated":true}]}}