{"id":3644,"date":"2025-02-28T03:20:02","date_gmt":"2025-02-28T03:20:02","guid":{"rendered":"https:\/\/gfmparts.com\/?post_type=product&#038;p=3644"},"modified":"2025-06-23T06:45:22","modified_gmt":"2025-06-23T06:45:22","slug":"front-idler-bulldozer-idler","status":"publish","type":"product","link":"https:\/\/gfmparts.com\/es_es\/producto\/rueda-tensora-delantera-de-la-excavadora\/","title":{"rendered":"Rueda gu\u00eda delantera para bulldozer Komatsu D60 Rueda gu\u00eda para bulldozer"},"content":{"rendered":"<p><span style=\"color: #000000;\">GFM, una <a href=\"https:\/\/gfmparts.com\/es_es\/producto\/piezas-de-la-rueda-guia-de-la-oruga-rueda-guia-de-la-excavadora\/\">fabricante de piezas de excavadora<\/a>Ofrece ruedas gu\u00eda de alta calidad para bulldozers, especialmente dise\u00f1adas para los bulldozers Komatsu D60, lo que garantiza el \u00f3ptimo funcionamiento de su equipo. Ya sea que realice trabajos pesados de movimiento de tierras o nivelaci\u00f3n de terrenos, elegir la rueda gu\u00eda adecuada puede mejorar considerablemente la eficiencia de su bulldozer.<\/span><\/p>\n<p><span style=\"color: #000000;\">Si est\u00e1 buscando una Komatsu D60 de alta calidad <a href=\"https:\/\/gfmparts.com\/es_es\/producto\/rodillo-de-oruga-para-excavadora-sumitomo\/\">rueda gu\u00eda de la excavadora<\/a>GFM es su mejor opci\u00f3n. No solo ofrecemos productos de calidad, sino que tambi\u00e9n ofrecemos a nuestros clientes una gama completa de servicios posventa para garantizar que su inversi\u00f3n valga la pena.<\/span><\/p>\n<p><span style=\"color: #000000;\">Contacte con GFM ahora para obtener m\u00e1s informaci\u00f3n sobre <a href=\"https:\/\/gfmparts.com\/es_es\/producto\/rodillo-tensor-de-la-oruga-de-la-excavadora-de-suministro\/\">excavadora de rueda gu\u00eda delantera<\/a> O solicite una cotizaci\u00f3n personalizada. \u00a1Perm\u00edtanos ayudarle a mejorar la eficiencia de su bulldozer y reducir los costos de mantenimiento!<\/span><\/p>\n<h3><span style=\"color: #ff6600;\">Descripci\u00f3n del Producto<\/span><\/h3>\n<ul>\n<li><span style=\"color: #000000;\"><strong>Cantidad m\u00ednima de pedido:<\/strong>\u00a01 pieza<\/span><\/li>\n<li><span style=\"color: #000000;\"><strong>M\u00e9todo de pago:<\/strong>\u00a0Transferencia bancaria<\/span><\/li>\n<li><span style=\"color: #000000;\"><strong>Marca:<\/strong>\u00a0GFM<\/span><\/li>\n<li><span style=\"color: #000000;\"><strong>Condici\u00f3n:<\/strong>\u00a0Nuevo<\/span><\/li>\n<li><span style=\"color: #000000;\"><strong>Color:<\/strong>\u00a0Amarillo, negro o personalizado<\/span><\/li>\n<li><span style=\"color: #000000;\"><strong>Plazo de entrega:<\/strong>\u00a030 d\u00edas<\/span><\/li>\n<li><span style=\"color: #000000;\"><strong>Garant\u00eda:<\/strong>\u00a01 a\u00f1o<\/span><\/li>\n<li><span style=\"color: #000000;\"><strong>Servicio:<\/strong>\u00a0OEM o ODM<\/span><\/li>\n<li><span style=\"color: #000000;\"><strong>Lugar de origen:<\/strong>\u00a0Fujian, China<\/span><\/li>\n<li><span style=\"color: #000000;\"><strong>Solicitud:<\/strong> Excavador<\/span><\/li>\n<li><span style=\"color: #000000;\"><strong>Embalaje:<\/strong> Palet de madera de exportaci\u00f3n est\u00e1ndar<\/span><\/li>\n<\/ul>\n<p style=\"text-align: center;\"><img fetchpriority=\"high\" decoding=\"async\" class=\"alignnone wp-image-3646\" src=\"https:\/\/gfmparts.com\/wp-content\/uploads\/2025\/02\/2025-02-19-161204.jpg\" alt=\"excavadora de rueda gu\u00eda delantera\" width=\"658\" height=\"658\" srcset=\"https:\/\/gfmparts.com\/wp-content\/uploads\/2025\/02\/2025-02-19-161204.jpg 1000w, https:\/\/gfmparts.com\/wp-content\/uploads\/2025\/02\/2025-02-19-161204-300x300.jpg 300w, https:\/\/gfmparts.com\/wp-content\/uploads\/2025\/02\/2025-02-19-161204-150x150.jpg 150w, https:\/\/gfmparts.com\/wp-content\/uploads\/2025\/02\/2025-02-19-161204-768x768.jpg 768w, https:\/\/gfmparts.com\/wp-content\/uploads\/2025\/02\/2025-02-19-161204-600x600.jpg 600w, https:\/\/gfmparts.com\/wp-content\/uploads\/2025\/02\/2025-02-19-161204-100x100.jpg 100w\" sizes=\"(max-width: 658px) 100vw, 658px\" \/><\/p>\n<h3><span style=\"color: #ff6600;\">Caracter\u00edsticas<\/span><\/h3>\n<ul>\n<li><b><\/b><span style=\"color: #000000;\"><strong><b>Durable:<\/b><\/strong>Dise\u00f1ado para soportar condiciones dif\u00edciles para un rendimiento duradero.<\/span><\/li>\n<li><span style=\"color: #000000;\"><b><\/b><strong><b>Ajuste perfecto: <\/b><\/strong>Dise\u00f1ado para una f\u00e1cil instalaci\u00f3n en varios modelos de excavadoras y bulldozers.<\/span><\/li>\n<li><span style=\"color: #000000;\"><b><\/b><strong><b>Trabajo pesado: <\/b><\/strong>Soporta cargas pesadas para un funcionamiento suave y estable.<\/span><\/li>\n<li><span style=\"color: #000000;\"><b><\/b><strong><b>Suave y silencioso<\/b><\/strong>:Minimiza la vibraci\u00f3n para un movimiento m\u00e1s suave y una mejor tracci\u00f3n en todos los terrenos.<\/span><\/li>\n<li><span style=\"color: #000000;\"><b><\/b><strong><b>Bajo mantenimiento: <\/b><\/strong>Autolubricante para menor mantenimiento y mayor tiempo de funcionamiento.<\/span><\/li>\n<li><span style=\"color: #000000;\"><b><\/b><strong><b>Resistente a la intemperie: <\/b><\/strong>Se comporta bien en cualquier clima, es resistente al \u00f3xido y a las temperaturas extremas.<\/span><\/li>\n<\/ul>\n<h3><span style=\"color: #ff6600;\">Presupuesto<\/span><\/h3>\n<p style=\"text-align: center;\"><img decoding=\"async\" class=\"alignnone size-large wp-image-6793\" src=\"https:\/\/gfmparts.com\/wp-content\/uploads\/2025\/06\/track-idler-specification-1024x402.jpg\" alt=\"Especificaci\u00f3n de la rueda gu\u00eda de la oruga\" width=\"1024\" height=\"402\" srcset=\"https:\/\/gfmparts.com\/wp-content\/uploads\/2025\/06\/track-idler-specification-1024x402.jpg 1024w, https:\/\/gfmparts.com\/wp-content\/uploads\/2025\/06\/track-idler-specification-300x118.jpg 300w, https:\/\/gfmparts.com\/wp-content\/uploads\/2025\/06\/track-idler-specification-768x301.jpg 768w, https:\/\/gfmparts.com\/wp-content\/uploads\/2025\/06\/track-idler-specification-600x235.jpg 600w, https:\/\/gfmparts.com\/wp-content\/uploads\/2025\/06\/track-idler-specification.jpg 1537w\" sizes=\"(max-width: 1024px) 100vw, 1024px\" \/><\/p>\n<p style=\"text-align: center;\"><img decoding=\"async\" class=\"alignnone size-full wp-image-3003\" style=\"font-style: inherit; font-weight: inherit;\" src=\"https:\/\/gfmparts.com\/wp-content\/uploads\/2024\/12\/\u5f15\u5bfc\u8f6e\u578b\u53f7.png\" alt=\"modelo de rueda gu\u00eda de oruga\" width=\"867\" height=\"369\" srcset=\"https:\/\/gfmparts.com\/wp-content\/uploads\/2024\/12\/\u5f15\u5bfc\u8f6e\u578b\u53f7.png 867w, https:\/\/gfmparts.com\/wp-content\/uploads\/2024\/12\/\u5f15\u5bfc\u8f6e\u578b\u53f7-300x128.png 300w, https:\/\/gfmparts.com\/wp-content\/uploads\/2024\/12\/\u5f15\u5bfc\u8f6e\u578b\u53f7-768x327.png 768w, https:\/\/gfmparts.com\/wp-content\/uploads\/2024\/12\/\u5f15\u5bfc\u8f6e\u578b\u53f7-600x255.png 600w\" sizes=\"(max-width: 867px) 100vw, 867px\" \/><\/p>\n<h3><span style=\"color: #ff6600;\">Modelos de productos<\/span><\/h3>\n<p style=\"text-align: center;\"><span style=\"color: #000000;\"><img loading=\"lazy\" decoding=\"async\" class=\"alignnone size-full wp-image-3147\" src=\"https:\/\/gfmparts.com\/wp-content\/uploads\/2024\/11\/excavator-part-description-e1735350735761.png\" alt=\"Descripci\u00f3n de la pieza de excavadora\" width=\"856\" height=\"694\" srcset=\"https:\/\/gfmparts.com\/wp-content\/uploads\/2024\/11\/excavator-part-description-e1735350735761.png 856w, https:\/\/gfmparts.com\/wp-content\/uploads\/2024\/11\/excavator-part-description-e1735350735761-300x243.png 300w, https:\/\/gfmparts.com\/wp-content\/uploads\/2024\/11\/excavator-part-description-e1735350735761-768x623.png 768w, https:\/\/gfmparts.com\/wp-content\/uploads\/2024\/11\/excavator-part-description-e1735350735761-600x486.png 600w\" sizes=\"(max-width: 856px) 100vw, 856px\" \/><\/span><\/p>\n<h3><span style=\"color: #ff9900;\">Proceso de producci\u00f3n<\/span><\/h3>\n<p><img loading=\"lazy\" decoding=\"async\" class=\"size-large wp-image-3043 aligncenter\" src=\"https:\/\/gfmparts.com\/wp-content\/uploads\/2024\/12\/\u901a\u7528\u751f\u4ea7\u6d41\u7a0b-1-1024x648.jpg\" alt=\"proceso de producci\u00f3n de piezas de excavadora\" width=\"1024\" height=\"648\" srcset=\"\" sizes=\"(max-width: 1024px) 100vw, 1024px\" data-srcset=\"\" \/><\/p>\n<h3><span style=\"color: #ff6600;\">Embalaje y env\u00edo<\/span><\/h3>\n<p style=\"text-align: center;\"><img loading=\"lazy\" decoding=\"async\" class=\"alignnone size-large wp-image-6521\" src=\"https:\/\/gfmparts.com\/wp-content\/uploads\/2025\/05\/Packaging-and-Shipping-1-1-1024x648.jpg\" alt=\"Embalaje y env\u00edo\" width=\"1024\" height=\"648\" srcset=\"https:\/\/gfmparts.com\/wp-content\/uploads\/2025\/05\/Packaging-and-Shipping-1-1-1024x648.jpg 1024w, https:\/\/gfmparts.com\/wp-content\/uploads\/2025\/05\/Packaging-and-Shipping-1-1-300x190.jpg 300w, https:\/\/gfmparts.com\/wp-content\/uploads\/2025\/05\/Packaging-and-Shipping-1-1-768x486.jpg 768w, https:\/\/gfmparts.com\/wp-content\/uploads\/2025\/05\/Packaging-and-Shipping-1-1-1536x973.jpg 1536w, https:\/\/gfmparts.com\/wp-content\/uploads\/2025\/05\/Packaging-and-Shipping-1-1-2048x1297.jpg 2048w, https:\/\/gfmparts.com\/wp-content\/uploads\/2025\/05\/Packaging-and-Shipping-1-1-600x380.jpg 600w\" sizes=\"(max-width: 1024px) 100vw, 1024px\" \/><\/p>\n<h3><span style=\"color: #ff6600;\">Ventajas de la f\u00e1brica<\/span><\/h3>\n<p><span style=\"color: #000000;\">GFM, como profesional <span style=\"color: #ff6600;\"><a style=\"color: #ff6600;\" href=\"https:\/\/gfmparts.com\/es_es\/producto\/suministro-de-rueda-dentada-de-transmision-de-excavadora\/\">proveedor de piezas para excavadoras<\/a><\/span>Contamos con una amplia experiencia en el sector. Nos especializamos en la producci\u00f3n de piezas de alta calidad para bulldozers, como ruedas gu\u00eda, conjuntos de orugas, zapatas, etc. Nuestra f\u00e1brica est\u00e1 equipada con equipos de producci\u00f3n avanzados e instrumentos de prueba de precisi\u00f3n para garantizar que cada producto cumpla con los est\u00e1ndares internacionales y los altos requisitos de calidad de nuestros clientes.<\/span><\/p>\n<ul>\n<li><span style=\"color: #000000;\"><strong>Equipo de I+D:<\/strong> Contamos con un experimentado equipo de I+D dedicado a la innovaci\u00f3n continua y la optimizaci\u00f3n de productos para garantizar que podamos ofrecer a los clientes soluciones de ruedas gu\u00eda para excavadoras m\u00e1s eficientes y duraderas.<\/span><\/li>\n<li><span style=\"color: #000000;\"><strong>Servicio personalizado:<\/strong> Brindamos servicios personalizados OEM\/ODM y proporcionamos productos de ruedas gu\u00eda para excavadoras personalizados seg\u00fan las necesidades del cliente para satisfacer las necesidades \u00fanicas de diferentes clientes.<\/span><\/li>\n<li><span style=\"color: #000000;\"><strong>Control de calidad:<\/strong> Desde la adquisici\u00f3n de materia prima hasta la producci\u00f3n y el procesamiento, controlamos estrictamente cada enlace para garantizar que la calidad de cada rueda gu\u00eda de excavadora sea impecable.<\/span><\/li>\n<\/ul>\n<h5><span style=\"color: #ff6600;\">\u00bfPor qu\u00e9 elegir GFM? <a href=\"https:\/\/gfmparts.com\/es_es\/producto\/excavadora-de-rodillos-inferiores-cat-factory\/\">rueda tensora de la excavadora<\/a>?<\/span><\/h5>\n<ul>\n<li><span style=\"color: #000000;\"><strong>Tecnolog\u00eda profesional:<\/strong> A\u00f1os de experiencia en producci\u00f3n nos han permitido tener un conocimiento profundo de las ruedas gu\u00eda de las excavadoras y ofrecer los mejores productos y servicios.<\/span><\/li>\n<li><span style=\"color: #000000;\"><strong>Suministro global:<\/strong> Ofrecemos piezas de excavadoras de alta calidad a clientes de todo el mundo, lo que garantiza que puedan disfrutar de nuestros productos de alta calidad sin importar d\u00f3nde se encuentren.<\/span><\/li>\n<li><span style=\"color: #000000;\"><strong>Satisfacci\u00f3n del cliente:<\/strong> Nos comprometemos a brindar soporte integral a cada cliente, garantizando que su excavadora Komatsu D60 pueda funcionar de manera estable en cualquier entorno.<\/span><\/li>\n<\/ul>\n<p style=\"text-align: center;\"><span style=\"color: #000000;\"><img loading=\"lazy\" decoding=\"async\" class=\"alignnone wp-image-2159\" src=\"https:\/\/gfmparts.com\/wp-content\/uploads\/2024\/12\/\u5fae\u4fe1\u56fe\u7247_20241202160325-1024x576.jpg\" alt=\"fabricante de rodillos portadores\" width=\"767\" height=\"431\" srcset=\"\" sizes=\"(max-width: 767px) 100vw, 767px\" data-srcset=\"\" \/><\/span><\/p>","protected":false},"excerpt":{"rendered":"<ul>\n<li><span style=\"color: #000000;\">Calidad del producto garantizada<\/span><\/li>\n<li><span style=\"color: #000000;\">Gran suministro<\/span><\/li>\n<li><span style=\"color: #000000;\">Precios competitivos<\/span><\/li>\n<li><span style=\"color: #000000;\">La mayor\u00eda de marcas y modelos<\/span><\/li>\n<li><span style=\"color: #000000;\">Equipo de atenci\u00f3n al cliente servicial<\/span><\/li>\n<li><span style=\"color: #000000;\">Soporte t\u00e9cnico profesional<\/span><\/li>\n<\/ul>","protected":false},"featured_media":3645,"template":"","meta":{"site-sidebar-layout":"default","site-content-layout":"","ast-site-content-layout":"default","site-content-style":"default","site-sidebar-style":"default","ast-global-header-display":"","ast-banner-title-visibility":"","ast-main-header-display":"","ast-hfb-above-header-display":"","ast-hfb-below-header-display":"","ast-hfb-mobile-header-display":"","site-post-title":"","ast-breadcrumbs-content":"","ast-featured-img":"","footer-sml-layout":"","theme-transparent-header-meta":"default","adv-header-id-meta":"","stick-header-meta":"default","header-above-stick-meta":"","header-main-stick-meta":"","header-below-stick-meta":"","astra-migrate-meta-layouts":"set","ast-page-background-enabled":"default","ast-page-background-meta":{"desktop":{"background-color":"","background-image":"","background-repeat":"repeat","background-position":"center center","background-size":"auto","background-attachment":"scroll","background-type":"","background-media":"","overlay-type":"","overlay-color":"","overlay-opacity":"","overlay-gradient":""},"tablet":{"background-color":"","background-image":"","background-repeat":"repeat","background-position":"center center","background-size":"auto","background-attachment":"scroll","background-type":"","background-media":"","overlay-type":"","overlay-color":"","overlay-opacity":"","overlay-gradient":""},"mobile":{"background-color":"","background-image":"","background-repeat":"repeat","background-position":"center center","background-size":"auto","background-attachment":"scroll","background-type":"","background-media":"","overlay-type":"","overlay-color":"","overlay-opacity":"","overlay-gradient":""}},"ast-content-background-meta":{"desktop":{"background-color":"var(--ast-global-color-5)","background-image":"","background-repeat":"repeat","background-position":"center center","background-size":"auto","background-attachment":"scroll","background-type":"","background-media":"","overlay-type":"","overlay-color":"","overlay-opacity":"","overlay-gradient":""},"tablet":{"background-color":"var(--ast-global-color-5)","background-image":"","background-repeat":"repeat","background-position":"center center","background-size":"auto","background-attachment":"scroll","background-type":"","background-media":"","overlay-type":"","overlay-color":"","overlay-opacity":"","overlay-gradient":""},"mobile":{"background-color":"var(--ast-global-color-5)","background-image":"","background-repeat":"repeat","background-position":"center center","background-size":"auto","background-attachment":"scroll","background-type":"","background-media":"","overlay-type":"","overlay-color":"","overlay-opacity":"","overlay-gradient":""}}},"product_cat":[38,32],"product_tag":[130],"class_list":{"0":"post-3644","1":"product","2":"type-product","3":"status-publish","4":"has-post-thumbnail","6":"product_cat-undercarriage","7":"product_cat-track-idler","8":"product_tag-komatsu-d60","9":"desktop-align-left","10":"tablet-align-left","11":"mobile-align-left","12":"ast-product-gallery-layout-horizontal-slider","13":"ast-product-gallery-with-no-image","14":"ast-product-tabs-layout-horizontal","16":"first","17":"instock","18":"shipping-taxable","19":"product-type-simple"},"yoast_head":"<!-- This site is optimized with the Yoast SEO Premium plugin v22.8 (Yoast SEO v23.9) - https:\/\/yoast.com\/wordpress\/plugins\/seo\/ -->\n<title>Front Idler Bulldozer Komatsu D60 Bulldozer Idler<\/title>\n<meta name=\"description\" content=\"If you are looking for high-quality Komatsu D60 bulldozer idlers, GFM excavator parts suppliers is your best choice. Contact GFM now for a personalized quote.\" \/>\n<meta name=\"robots\" content=\"index, follow, max-snippet:-1, max-image-preview:large, max-video-preview:-1\" \/>\n<link rel=\"canonical\" href=\"https:\/\/gfmparts.com\/es_es\/producto\/rueda-tensora-delantera-de-la-excavadora\/\" \/>\n<meta property=\"og:locale\" content=\"es_ES\" \/>\n<meta property=\"og:type\" content=\"article\" \/>\n<meta property=\"og:title\" content=\"Front Idler Bulldozer Komatsu D60 Bulldozer Idler\" \/>\n<meta property=\"og:description\" content=\"If you are looking for high-quality Komatsu D60 bulldozer idlers, GFM excavator parts suppliers is your best choice. Contact GFM now for a personalized quote.\" \/>\n<meta property=\"og:url\" content=\"https:\/\/gfmparts.com\/es_es\/producto\/rueda-tensora-delantera-de-la-excavadora\/\" \/>\n<meta property=\"article:publisher\" content=\"https:\/\/www.facebook.com\/gfmparts\" \/>\n<meta property=\"article:modified_time\" content=\"2025-06-23T06:45:22+00:00\" \/>\n<meta property=\"og:image\" content=\"https:\/\/gfmparts.com\/wp-content\/uploads\/2025\/02\/Komatsu-Bulldozer-D60-idler.png\" \/>\n\t<meta property=\"og:image:width\" content=\"539\" \/>\n\t<meta property=\"og:image:height\" content=\"539\" \/>\n\t<meta property=\"og:image:type\" content=\"image\/png\" \/>\n<meta name=\"twitter:card\" content=\"summary_large_image\" \/>\n<meta name=\"twitter:label1\" content=\"Tiempo de lectura\" \/>\n\t<meta name=\"twitter:data1\" content=\"4 minutos\" \/>\n<script type=\"application\/ld+json\" class=\"yoast-schema-graph\">{\"@context\":\"https:\/\/schema.org\",\"@graph\":[{\"@type\":\"WebPage\",\"@id\":\"https:\/\/gfmparts.com\/product\/front-idler-bulldozer-idler\/\",\"url\":\"https:\/\/gfmparts.com\/product\/front-idler-bulldozer-idler\/\",\"name\":\"Front Idler Bulldozer Komatsu D60 Bulldozer Idler\",\"isPartOf\":{\"@id\":\"https:\/\/gfmparts.com\/#website\"},\"primaryImageOfPage\":{\"@id\":\"https:\/\/gfmparts.com\/product\/front-idler-bulldozer-idler\/#primaryimage\"},\"image\":{\"@id\":\"https:\/\/gfmparts.com\/product\/front-idler-bulldozer-idler\/#primaryimage\"},\"thumbnailUrl\":\"https:\/\/gfmparts.com\/wp-content\/uploads\/2025\/02\/Komatsu-Bulldozer-D60-idler.png\",\"datePublished\":\"2025-02-28T03:20:02+00:00\",\"dateModified\":\"2025-06-23T06:45:22+00:00\",\"description\":\"If you are looking for high-quality Komatsu D60 bulldozer idlers, GFM excavator parts suppliers is your best choice. Contact GFM now for a personalized quote.\",\"breadcrumb\":{\"@id\":\"https:\/\/gfmparts.com\/product\/front-idler-bulldozer-idler\/#breadcrumb\"},\"inLanguage\":\"es\",\"potentialAction\":[{\"@type\":\"ReadAction\",\"target\":[\"https:\/\/gfmparts.com\/product\/front-idler-bulldozer-idler\/\"]}]},{\"@type\":\"ImageObject\",\"inLanguage\":\"es\",\"@id\":\"https:\/\/gfmparts.com\/product\/front-idler-bulldozer-idler\/#primaryimage\",\"url\":\"https:\/\/gfmparts.com\/wp-content\/uploads\/2025\/02\/Komatsu-Bulldozer-D60-idler.png\",\"contentUrl\":\"https:\/\/gfmparts.com\/wp-content\/uploads\/2025\/02\/Komatsu-Bulldozer-D60-idler.png\",\"width\":539,\"height\":539,\"caption\":\"Komatsu Bulldozer D60 idler\"},{\"@type\":\"BreadcrumbList\",\"@id\":\"https:\/\/gfmparts.com\/product\/front-idler-bulldozer-idler\/#breadcrumb\",\"itemListElement\":[{\"@type\":\"ListItem\",\"position\":1,\"name\":\"\u9996\u9875\",\"item\":\"https:\/\/gfmparts.com\/\"},{\"@type\":\"ListItem\",\"position\":2,\"name\":\"All Product\",\"item\":\"https:\/\/gfmparts.com\/all-product\/\"},{\"@type\":\"ListItem\",\"position\":3,\"name\":\"Front Idler Bulldozer Komatsu D60 Bulldozer Idler\"}]},{\"@type\":\"WebSite\",\"@id\":\"https:\/\/gfmparts.com\/#website\",\"url\":\"https:\/\/gfmparts.com\/\",\"name\":\"GFM PARTS\",\"description\":\"GFM since 2011 focused on excavator and bulldozer undercarriage parts manufacturing :Track rollers,carrier roller,idler,sprocket,track group,bucket tooth pin.\",\"publisher\":{\"@id\":\"https:\/\/gfmparts.com\/#organization\"},\"alternateName\":\"gfmparts.com\",\"potentialAction\":[{\"@type\":\"SearchAction\",\"target\":{\"@type\":\"EntryPoint\",\"urlTemplate\":\"https:\/\/gfmparts.com\/?s={search_term_string}\"},\"query-input\":{\"@type\":\"PropertyValueSpecification\",\"valueRequired\":true,\"valueName\":\"search_term_string\"}}],\"inLanguage\":\"es\"},{\"@type\":\"Organization\",\"@id\":\"https:\/\/gfmparts.com\/#organization\",\"name\":\"GFM PARTS\",\"url\":\"https:\/\/gfmparts.com\/\",\"logo\":{\"@type\":\"ImageObject\",\"inLanguage\":\"es\",\"@id\":\"https:\/\/gfmparts.com\/#\/schema\/logo\/image\/\",\"url\":\"https:\/\/gfmparts.com\/wp-content\/uploads\/2024\/11\/cropped-GFMparts.com_-2.png\",\"contentUrl\":\"https:\/\/gfmparts.com\/wp-content\/uploads\/2024\/11\/cropped-GFMparts.com_-2.png\",\"width\":5987,\"height\":2564,\"caption\":\"GFM PARTS\"},\"image\":{\"@id\":\"https:\/\/gfmparts.com\/#\/schema\/logo\/image\/\"},\"sameAs\":[\"https:\/\/www.facebook.com\/gfmparts\",\"https:\/\/www.linkedin.com\/company\/gfmparts\/\",\"https:\/\/www.tiktok.com\/@gfmparts\",\"https:\/\/www.youtube.com\/@GFMparts\/featured\"]}]}<\/script>\n<!-- \/ Yoast SEO Premium plugin. -->","yoast_head_json":{"title":"Front Idler Bulldozer Komatsu D60 Bulldozer Idler","description":"If you are looking for high-quality Komatsu D60 bulldozer idlers, GFM excavator parts suppliers is your best choice. Contact GFM now for a personalized quote.","robots":{"index":"index","follow":"follow","max-snippet":"max-snippet:-1","max-image-preview":"max-image-preview:large","max-video-preview":"max-video-preview:-1"},"canonical":"https:\/\/gfmparts.com\/es_es\/producto\/rueda-tensora-delantera-de-la-excavadora\/","og_locale":"es_ES","og_type":"article","og_title":"Front Idler Bulldozer Komatsu D60 Bulldozer Idler","og_description":"If you are looking for high-quality Komatsu D60 bulldozer idlers, GFM excavator parts suppliers is your best choice. Contact GFM now for a personalized quote.","og_url":"https:\/\/gfmparts.com\/es_es\/producto\/rueda-tensora-delantera-de-la-excavadora\/","article_publisher":"https:\/\/www.facebook.com\/gfmparts","article_modified_time":"2025-06-23T06:45:22+00:00","og_image":[{"width":539,"height":539,"url":"https:\/\/gfmparts.com\/wp-content\/uploads\/2025\/02\/Komatsu-Bulldozer-D60-idler.png","type":"image\/png"}],"twitter_card":"summary_large_image","twitter_misc":{"Tiempo de lectura":"4 minutos"},"schema":{"@context":"https:\/\/schema.org","@graph":[{"@type":"WebPage","@id":"https:\/\/gfmparts.com\/product\/front-idler-bulldozer-idler\/","url":"https:\/\/gfmparts.com\/product\/front-idler-bulldozer-idler\/","name":"Front Idler Bulldozer Komatsu D60 Bulldozer Idler","isPartOf":{"@id":"https:\/\/gfmparts.com\/#website"},"primaryImageOfPage":{"@id":"https:\/\/gfmparts.com\/product\/front-idler-bulldozer-idler\/#primaryimage"},"image":{"@id":"https:\/\/gfmparts.com\/product\/front-idler-bulldozer-idler\/#primaryimage"},"thumbnailUrl":"https:\/\/gfmparts.com\/wp-content\/uploads\/2025\/02\/Komatsu-Bulldozer-D60-idler.png","datePublished":"2025-02-28T03:20:02+00:00","dateModified":"2025-06-23T06:45:22+00:00","description":"If you are looking for high-quality Komatsu D60 bulldozer idlers, GFM excavator parts suppliers is your best choice. Contact GFM now for a personalized quote.","breadcrumb":{"@id":"https:\/\/gfmparts.com\/product\/front-idler-bulldozer-idler\/#breadcrumb"},"inLanguage":"es","potentialAction":[{"@type":"ReadAction","target":["https:\/\/gfmparts.com\/product\/front-idler-bulldozer-idler\/"]}]},{"@type":"ImageObject","inLanguage":"es","@id":"https:\/\/gfmparts.com\/product\/front-idler-bulldozer-idler\/#primaryimage","url":"https:\/\/gfmparts.com\/wp-content\/uploads\/2025\/02\/Komatsu-Bulldozer-D60-idler.png","contentUrl":"https:\/\/gfmparts.com\/wp-content\/uploads\/2025\/02\/Komatsu-Bulldozer-D60-idler.png","width":539,"height":539,"caption":"Komatsu Bulldozer D60 idler"},{"@type":"BreadcrumbList","@id":"https:\/\/gfmparts.com\/product\/front-idler-bulldozer-idler\/#breadcrumb","itemListElement":[{"@type":"ListItem","position":1,"name":"\u9996\u9875","item":"https:\/\/gfmparts.com\/"},{"@type":"ListItem","position":2,"name":"All Product","item":"https:\/\/gfmparts.com\/all-product\/"},{"@type":"ListItem","position":3,"name":"Front Idler Bulldozer Komatsu D60 Bulldozer Idler"}]},{"@type":"WebSite","@id":"https:\/\/gfmparts.com\/#website","url":"https:\/\/gfmparts.com\/","name":"GFM PARTS","description":"GFM since 2011 focused on excavator and bulldozer undercarriage parts manufacturing :Track rollers,carrier roller,idler,sprocket,track group,bucket tooth pin.","publisher":{"@id":"https:\/\/gfmparts.com\/#organization"},"alternateName":"gfmparts.com","potentialAction":[{"@type":"SearchAction","target":{"@type":"EntryPoint","urlTemplate":"https:\/\/gfmparts.com\/?s={search_term_string}"},"query-input":{"@type":"PropertyValueSpecification","valueRequired":true,"valueName":"search_term_string"}}],"inLanguage":"es"},{"@type":"Organization","@id":"https:\/\/gfmparts.com\/#organization","name":"GFM PARTS","url":"https:\/\/gfmparts.com\/","logo":{"@type":"ImageObject","inLanguage":"es","@id":"https:\/\/gfmparts.com\/#\/schema\/logo\/image\/","url":"https:\/\/gfmparts.com\/wp-content\/uploads\/2024\/11\/cropped-GFMparts.com_-2.png","contentUrl":"https:\/\/gfmparts.com\/wp-content\/uploads\/2024\/11\/cropped-GFMparts.com_-2.png","width":5987,"height":2564,"caption":"GFM PARTS"},"image":{"@id":"https:\/\/gfmparts.com\/#\/schema\/logo\/image\/"},"sameAs":["https:\/\/www.facebook.com\/gfmparts","https:\/\/www.linkedin.com\/company\/gfmparts\/","https:\/\/www.tiktok.com\/@gfmparts","https:\/\/www.youtube.com\/@GFMparts\/featured"]}]}},"_links":{"self":[{"href":"https:\/\/gfmparts.com\/es_es\/wp-json\/wp\/v2\/product\/3644"}],"collection":[{"href":"https:\/\/gfmparts.com\/es_es\/wp-json\/wp\/v2\/product"}],"about":[{"href":"https:\/\/gfmparts.com\/es_es\/wp-json\/wp\/v2\/types\/product"}],"wp:featuredmedia":[{"embeddable":true,"href":"https:\/\/gfmparts.com\/es_es\/wp-json\/wp\/v2\/media\/3645"}],"wp:attachment":[{"href":"https:\/\/gfmparts.com\/es_es\/wp-json\/wp\/v2\/media?parent=3644"}],"wp:term":[{"taxonomy":"product_cat","embeddable":true,"href":"https:\/\/gfmparts.com\/es_es\/wp-json\/wp\/v2\/product_cat?post=3644"},{"taxonomy":"product_tag","embeddable":true,"href":"https:\/\/gfmparts.com\/es_es\/wp-json\/wp\/v2\/product_tag?post=3644"}],"curies":[{"name":"wp","href":"https:\/\/api.w.org\/{rel}","templated":true}]}}