{"id":3658,"date":"2025-03-03T08:19:26","date_gmt":"2025-03-03T08:19:26","guid":{"rendered":"https:\/\/gfmparts.com\/?post_type=product&#038;p=3658"},"modified":"2025-05-07T14:15:37","modified_gmt":"2025-05-07T14:15:37","slug":"hyundai-excavator-track-chain","status":"publish","type":"product","link":"https:\/\/gfmparts.com\/es_es\/producto\/cadena-de-orugas-para-excavadora-hyundai\/","title":{"rendered":"Cadena de orugas para excavadora Hitachi ZAX210"},"content":{"rendered":"<p><span style=\"color: #000000;\">Como l\u00edder mundial <a style=\"color: #000000;\" href=\"https:\/\/gfmparts.com\/es_es\/producto\/proveedor-de-cadenas-de-oruga-para-excavadoras-con-conjunto-de-eslabones-de-oruga\/\">fabricante de piezas de excavadora<\/a>, GFM ha lanzado el <a style=\"color: #000000;\" href=\"https:\/\/gfmparts.com\/es_es\/producto\/conjunto-de-enlace-de-oruga-de-excavadora-de-fabrica\/\">cadena de oruga de excavadora<\/a> espec\u00edficamente para la excavadora Hitachi ZAX210, combinando un dise\u00f1o innovador con estrictos est\u00e1ndares de fabricaci\u00f3n para garantizar el funcionamiento estable y a largo plazo del equipo en entornos hostiles como minas y sitios de construcci\u00f3n.<\/span><\/p>\n<h5><span style=\"color: #ff6600;\">Principales ventajas y caracter\u00edsticas del producto<\/span><\/h5>\n<p><span style=\"color: #000000;\"><strong>S\u00faper durabilidad<\/strong><\/span><\/p>\n<p><span style=\"color: #000000;\">Mejora del material: hecho de forja de acero de aleaci\u00f3n con alto contenido de carbono, la superficie est\u00e1 profundamente templada y la resistencia al desgaste aumenta con 40%, lo que extiende la vida \u00fatil de la cadena de orugas.<\/span><\/p>\n<p><span style=\"color: #000000;\">Adaptaci\u00f3n precisa: La especificaci\u00f3n dise\u00f1ada espec\u00edficamente para el modelo ZAX210 combina perfectamente con la rueda gu\u00eda y la rueda motriz originales para reducir la p\u00e9rdida de fricci\u00f3n anormal.<\/span><\/p>\n<p><span style=\"color: #000000;\"><strong>Excelente adaptabilidad al terreno<\/strong><\/span><\/p>\n<p><span style=\"color: #000000;\">Tecnolog\u00eda de pasador de sellado doble: los sellos a prueba de polvo incorporados y los canales de aceite lubricante resisten eficazmente la intrusi\u00f3n de barro y arena, y se adaptan al barro, la grava y otros terrenos variables.<\/span><\/p>\n<p><span style=\"color: #000000;\">Estructura modular: admite desmontaje y reemplazo r\u00e1pidos, reduce el tiempo de inactividad del equipo y reduce los costos de mantenimiento laboral.<\/span><\/p>\n<h3><span style=\"color: #ff6600;\">Descripci\u00f3n del Producto<\/span><\/h3>\n<ul>\n<li><span style=\"color: #000000;\"><strong>T\u00e9cnica:<\/strong> Forja\u00a0<\/span><\/li>\n<li><span style=\"color: #000000;\"><strong>Materia prima: <\/strong>35MnBH\/40Mn2<\/span><\/li>\n<li><span style=\"color: #000000;\"><strong>Cantidad m\u00ednima de pedido:<\/strong> 1 pieza<\/span><\/li>\n<li><span style=\"color: #000000;\"><strong>M\u00e9todo de pago:<\/strong> Transferencia bancaria<\/span><\/li>\n<li><span style=\"color: #000000;\"><strong>Marca:<\/strong> GFM<\/span><\/li>\n<li><span style=\"color: #000000;\"><strong>Condici\u00f3n:<\/strong> Nuevo<\/span><\/li>\n<li><span style=\"color: #000000;\"><strong>Color:<\/strong> Amarillo, negro o personalizado<\/span><\/li>\n<li><span style=\"color: #000000;\"><strong>Plazo de entrega:<\/strong> 30 d\u00edas<\/span><\/li>\n<li><span style=\"color: #000000;\"><strong>Garant\u00eda:<\/strong> 1 a\u00f1o<\/span><\/li>\n<li><span style=\"color: #000000;\"><strong>Servicio:<\/strong> OEM o ODM<\/span><\/li>\n<li><span style=\"color: #000000;\"><strong>Lugar de origen:<\/strong> Fujian, China<\/span><\/li>\n<li><span style=\"color: #000000;\"><strong>Solicitud:<\/strong> Excavador<\/span><\/li>\n<li><span style=\"color: #000000;\"><strong>Embalaje:<\/strong> Palet de madera de exportaci\u00f3n est\u00e1ndar<\/span><\/li>\n<\/ul>\n<h3><span style=\"color: #ff6600;\">Caracter\u00edsticas<\/span><\/h3>\n<ul>\n<li><b><\/b><span style=\"color: #000000;\"><strong><b>Alta durabilidad<\/b><\/strong>\u2013 Construido con acero de aleaci\u00f3n de primera calidad para soportar un uso intensivo.<\/span><\/li>\n<li><span style=\"color: #000000;\"><b><\/b><strong><b>Ajuste perfecto<\/b><\/strong>\u2013 Dise\u00f1ado con precisi\u00f3n para una compatibilidad perfecta con las principales marcas de excavadoras.<\/span><\/li>\n<li><span style=\"color: #000000;\"><b><\/b><strong><b>Fuerza mejorada<\/b><\/strong>\u2013 Tratado t\u00e9rmicamente para una dureza superior y resistencia al desgaste.<\/span><\/li>\n<li><span style=\"color: #000000;\"><b><\/b><strong><b>Resistente a la corrosi\u00f3n<\/b><\/strong>\u2013 Un recubrimiento especial protege contra la oxidaci\u00f3n en condiciones dif\u00edciles.<\/span><\/li>\n<li><span style=\"color: #000000;\"><b><\/b><strong><b>Funcionamiento suave<\/b><\/strong>\u2013 El dise\u00f1o de baja fricci\u00f3n garantiza un rendimiento silencioso y eficiente.<\/span><\/li>\n<li><span style=\"color: #000000;\"><b><\/b><strong><b>Instalaci\u00f3n r\u00e1pida<\/b><\/strong>\u2013 F\u00e1cil de montar, ahorrando tiempo y reduciendo el tiempo de inactividad.<\/span><\/li>\n<\/ul>\n<h3><span style=\"color: #ff6600;\">Presupuesto<\/span><\/h3>\n<p style=\"text-align: center;\"><img fetchpriority=\"high\" decoding=\"async\" class=\"alignnone size-large wp-image-2860\" src=\"https:\/\/gfmparts.com\/wp-content\/uploads\/2024\/11\/\u94fe\u6761\u6570\u636e\u56fe-2-1024x671.jpg\" alt=\"Descripci\u00f3n del enlace de pista\" width=\"1024\" height=\"671\" srcset=\"\" sizes=\"(max-width: 1024px) 100vw, 1024px\" data-srcset=\"\" \/><\/p>\n<h3><span style=\"color: #ff6600;\">Modelos de productos<\/span><\/h3>\n<p style=\"text-align: center;\"><img decoding=\"async\" class=\"alignnone size-full wp-image-3147\" src=\"https:\/\/gfmparts.com\/wp-content\/uploads\/2024\/11\/excavator-part-description-e1735350735761.png\" alt=\"Descripci\u00f3n de la pieza de excavadora\" width=\"856\" height=\"694\" srcset=\"https:\/\/gfmparts.com\/wp-content\/uploads\/2024\/11\/excavator-part-description-e1735350735761.png 856w, https:\/\/gfmparts.com\/wp-content\/uploads\/2024\/11\/excavator-part-description-e1735350735761-300x243.png 300w, https:\/\/gfmparts.com\/wp-content\/uploads\/2024\/11\/excavator-part-description-e1735350735761-768x623.png 768w, https:\/\/gfmparts.com\/wp-content\/uploads\/2024\/11\/excavator-part-description-e1735350735761-600x486.png 600w\" sizes=\"(max-width: 856px) 100vw, 856px\" \/><\/p>\n<h3><span style=\"color: #ff6600;\">Proceso de producci\u00f3n<\/span><\/h3>\n<p style=\"text-align: center;\"><iframe title=\"Reproductor de v\u00eddeo de YouTube\" src=\"https:\/\/www.youtube.com\/embed\/0MdGoauuqtc?si=qQfjAiRnGnq8PQ2B\" width=\"1000\" height=\"563\" frameborder=\"0\" allowfullscreen=\"allowfullscreen\"><\/iframe><\/p>\n<p><img decoding=\"async\" class=\"size-large wp-image-3043 aligncenter\" src=\"https:\/\/gfmparts.com\/wp-content\/uploads\/2024\/12\/\u901a\u7528\u751f\u4ea7\u6d41\u7a0b-1-1024x648.jpg\" alt=\"proceso de producci\u00f3n de piezas de excavadora\" width=\"1024\" height=\"648\" srcset=\"\" sizes=\"(max-width: 1024px) 100vw, 1024px\" data-srcset=\"\" \/><\/p>\n<h3><span style=\"color: #ff6600;\">Embalaje y env\u00edo<\/span><\/h3>\n<p style=\"text-align: center;\"><img loading=\"lazy\" decoding=\"async\" class=\"alignnone size-large wp-image-6521\" src=\"https:\/\/gfmparts.com\/wp-content\/uploads\/2025\/05\/Packaging-and-Shipping-1-1-1024x648.jpg\" alt=\"Embalaje y env\u00edo\" width=\"1024\" height=\"648\" srcset=\"https:\/\/gfmparts.com\/wp-content\/uploads\/2025\/05\/Packaging-and-Shipping-1-1-1024x648.jpg 1024w, https:\/\/gfmparts.com\/wp-content\/uploads\/2025\/05\/Packaging-and-Shipping-1-1-300x190.jpg 300w, https:\/\/gfmparts.com\/wp-content\/uploads\/2025\/05\/Packaging-and-Shipping-1-1-768x486.jpg 768w, https:\/\/gfmparts.com\/wp-content\/uploads\/2025\/05\/Packaging-and-Shipping-1-1-1536x973.jpg 1536w, https:\/\/gfmparts.com\/wp-content\/uploads\/2025\/05\/Packaging-and-Shipping-1-1-2048x1297.jpg 2048w, https:\/\/gfmparts.com\/wp-content\/uploads\/2025\/05\/Packaging-and-Shipping-1-1-600x380.jpg 600w\" sizes=\"(max-width: 1024px) 100vw, 1024px\" \/><\/p>\n<h3><span style=\"color: #ff6600;\">Ventajas de la f\u00e1brica<\/span><\/h3>\n<p><span style=\"color: #000000;\">Con una base de producci\u00f3n de m\u00e1s de 10\u00a0000 m\u00b2 y una red log\u00edstica optimizada, ofrecemos un procesamiento r\u00e1pido de pedidos y cantidades m\u00ednimas de pedido flexibles, tanto para compras al por mayor como para reemplazos urgentes. Nuestro equipo t\u00e9cnico ofrece soporte posventa 24\/7, que incluye gu\u00edas de instalaci\u00f3n y consejos de mantenimiento durante todo el ciclo de vida, para maximizar la productividad de su equipo. Cont\u00e1ctenos para obtener soluciones de tren de rodaje rentables y fiables, con el respaldo de las mejores garant\u00edas del sector.<\/span><\/p>\n<ul>\n<li><span style=\"color: #000000;\"><strong>Sistema de control de calidad de proceso completo:<\/strong> Desde la detecci\u00f3n de la materia prima hasta la entrega del producto terminado, pas\u00f3 la certificaci\u00f3n de gesti\u00f3n de calidad ISO 9001, lo que garantiza que cada juego de cadena de orugas cumple con los est\u00e1ndares CE y ANSI.<\/span><\/li>\n<li><span style=\"color: #000000;\"><strong>L\u00ednea de producci\u00f3n inteligente:<\/strong> Utilizando m\u00e1quinas herramienta CNC alemanas y tecnolog\u00eda de calibraci\u00f3n l\u00e1ser, el error de precisi\u00f3n es \u22640,05 mm, lo que garantiza una cooperaci\u00f3n perfecta con la excavadora sobre orugas y otros componentes.<\/span><\/li>\n<\/ul>\n<h5><span style=\"color: #ff6600;\">\u00bfPor qu\u00e9 elegir GFM? <a href=\"https:\/\/gfmparts.com\/es_es\/producto\/proveedor-de-cadenas-de-oruga-para-excavadoras-con-conjunto-de-eslabones-de-oruga\/\">eslabon de oruga de fabrica<\/a>?<\/span><\/h5>\n<ul>\n<li><span style=\"color: #000000;\"><strong>Verificaci\u00f3n de datos:<\/strong> Las pruebas de terceros muestran que la vida \u00fatil de la cadena de tren GFM es 2,3 veces m\u00e1s larga que la de los modelos generales del mercado en las mismas condiciones de trabajo.<\/span><\/li>\n<li><span style=\"color: #000000;\"><strong>Cumplimiento ambiental:<\/strong> Pas\u00f3 la detecci\u00f3n de sustancias peligrosas RoHS y cumpli\u00f3 con los requisitos de las directivas de protecci\u00f3n ambiental de la UE.<\/span><\/li>\n<li><span style=\"color: #000000;\"><strong>Servicio personalizado:<\/strong> Admite ajuste de dureza de eslabones de cadena y soluciones de lubricaci\u00f3n seg\u00fan las condiciones de trabajo del cliente.<\/span><\/li>\n<\/ul>\n<p style=\"text-align: center;\"><img loading=\"lazy\" decoding=\"async\" class=\"alignnone wp-image-2159\" src=\"https:\/\/gfmparts.com\/wp-content\/uploads\/2024\/12\/\u5fae\u4fe1\u56fe\u7247_20241202160325-1024x576.jpg\" alt=\"Fabricante de piezas para excavadoras\" width=\"800\" height=\"450\" srcset=\"\" sizes=\"(max-width: 800px) 100vw, 800px\" data-srcset=\"\" \/><\/p>","protected":false},"excerpt":{"rendered":"<ul>\n<li><span style=\"color: #000000;\">Calidad del producto garantizada<\/span><\/li>\n<li><span style=\"color: #000000;\">Gran suministro<\/span><\/li>\n<li><span style=\"color: #000000;\">Precios competitivos<\/span><\/li>\n<li><span style=\"color: #000000;\">La mayor\u00eda de marcas y modelos<\/span><\/li>\n<li><span style=\"color: #000000;\">Equipo de atenci\u00f3n al cliente servicial<\/span><\/li>\n<li><span style=\"color: #000000;\">Soporte t\u00e9cnico profesional<\/span><\/li>\n<\/ul>","protected":false},"featured_media":3659,"template":"","meta":{"site-sidebar-layout":"default","site-content-layout":"","ast-site-content-layout":"default","site-content-style":"default","site-sidebar-style":"default","ast-global-header-display":"","ast-banner-title-visibility":"","ast-main-header-display":"","ast-hfb-above-header-display":"","ast-hfb-below-header-display":"","ast-hfb-mobile-header-display":"","site-post-title":"","ast-breadcrumbs-content":"","ast-featured-img":"","footer-sml-layout":"","theme-transparent-header-meta":"default","adv-header-id-meta":"","stick-header-meta":"default","header-above-stick-meta":"","header-main-stick-meta":"","header-below-stick-meta":"","astra-migrate-meta-layouts":"set","ast-page-background-enabled":"default","ast-page-background-meta":{"desktop":{"background-color":"","background-image":"","background-repeat":"repeat","background-position":"center center","background-size":"auto","background-attachment":"scroll","background-type":"","background-media":"","overlay-type":"","overlay-color":"","overlay-opacity":"","overlay-gradient":""},"tablet":{"background-color":"","background-image":"","background-repeat":"repeat","background-position":"center center","background-size":"auto","background-attachment":"scroll","background-type":"","background-media":"","overlay-type":"","overlay-color":"","overlay-opacity":"","overlay-gradient":""},"mobile":{"background-color":"","background-image":"","background-repeat":"repeat","background-position":"center center","background-size":"auto","background-attachment":"scroll","background-type":"","background-media":"","overlay-type":"","overlay-color":"","overlay-opacity":"","overlay-gradient":""}},"ast-content-background-meta":{"desktop":{"background-color":"var(--ast-global-color-5)","background-image":"","background-repeat":"repeat","background-position":"center center","background-size":"auto","background-attachment":"scroll","background-type":"","background-media":"","overlay-type":"","overlay-color":"","overlay-opacity":"","overlay-gradient":""},"tablet":{"background-color":"var(--ast-global-color-5)","background-image":"","background-repeat":"repeat","background-position":"center center","background-size":"auto","background-attachment":"scroll","background-type":"","background-media":"","overlay-type":"","overlay-color":"","overlay-opacity":"","overlay-gradient":""},"mobile":{"background-color":"var(--ast-global-color-5)","background-image":"","background-repeat":"repeat","background-position":"center center","background-size":"auto","background-attachment":"scroll","background-type":"","background-media":"","overlay-type":"","overlay-color":"","overlay-opacity":"","overlay-gradient":""}}},"product_cat":[38,29],"product_tag":[109],"class_list":{"0":"post-3658","1":"product","2":"type-product","3":"status-publish","4":"has-post-thumbnail","6":"product_cat-undercarriage","7":"product_cat-track-link","8":"product_tag-hitachi-zax210","9":"desktop-align-left","10":"tablet-align-left","11":"mobile-align-left","12":"ast-product-gallery-layout-horizontal-slider","13":"ast-product-gallery-with-no-image","14":"ast-product-tabs-layout-horizontal","16":"first","17":"instock","18":"shipping-taxable","19":"product-type-simple"},"yoast_head":"<!-- This site is optimized with the Yoast SEO Premium plugin v22.8 (Yoast SEO v23.9) - https:\/\/yoast.com\/wordpress\/plugins\/seo\/ -->\n<title>Hyundai R55 Excavator Track Chain 39L - Track Link Assy Factory<\/title>\n<meta name=\"description\" content=\"GFM 39L track chain designed for Hyundai R55 excavators, paired with high-strength excavator tracks, provides excellent durability and stability. Learn about factory-direct construction machinery accessories solutions.\" \/>\n<meta name=\"robots\" content=\"index, follow, max-snippet:-1, max-image-preview:large, max-video-preview:-1\" \/>\n<link rel=\"canonical\" href=\"https:\/\/gfmparts.com\/es_es\/producto\/cadena-de-orugas-para-excavadora-hyundai\/\" \/>\n<meta property=\"og:locale\" content=\"es_ES\" \/>\n<meta property=\"og:type\" content=\"article\" \/>\n<meta property=\"og:title\" content=\"Hitachi ZAX210 Excavator Track Chain\" \/>\n<meta property=\"og:description\" content=\"GFM 39L track chain designed for Hyundai R55 excavators, paired with high-strength excavator tracks, provides excellent durability and stability. Learn about factory-direct construction machinery accessories solutions.\" \/>\n<meta property=\"og:url\" content=\"https:\/\/gfmparts.com\/es_es\/producto\/cadena-de-orugas-para-excavadora-hyundai\/\" \/>\n<meta property=\"article:publisher\" content=\"https:\/\/www.facebook.com\/gfmparts\" \/>\n<meta property=\"article:modified_time\" content=\"2025-05-07T14:15:37+00:00\" \/>\n<meta property=\"og:image\" content=\"https:\/\/gfmparts.com\/wp-content\/uploads\/2025\/03\/Hyundai-R55-track-link.png\" \/>\n\t<meta property=\"og:image:width\" content=\"550\" \/>\n\t<meta property=\"og:image:height\" content=\"550\" \/>\n\t<meta property=\"og:image:type\" content=\"image\/png\" \/>\n<meta name=\"twitter:card\" content=\"summary_large_image\" \/>\n<meta name=\"twitter:label1\" content=\"Tiempo de lectura\" \/>\n\t<meta name=\"twitter:data1\" content=\"4 minutos\" \/>\n<script type=\"application\/ld+json\" class=\"yoast-schema-graph\">{\"@context\":\"https:\/\/schema.org\",\"@graph\":[{\"@type\":\"WebPage\",\"@id\":\"https:\/\/gfmparts.com\/product\/hyundai-excavator-track-chain\/\",\"url\":\"https:\/\/gfmparts.com\/product\/hyundai-excavator-track-chain\/\",\"name\":\"Hyundai R55 Excavator Track Chain 39L - Track Link Assy Factory\",\"isPartOf\":{\"@id\":\"https:\/\/gfmparts.com\/#website\"},\"primaryImageOfPage\":{\"@id\":\"https:\/\/gfmparts.com\/product\/hyundai-excavator-track-chain\/#primaryimage\"},\"image\":{\"@id\":\"https:\/\/gfmparts.com\/product\/hyundai-excavator-track-chain\/#primaryimage\"},\"thumbnailUrl\":\"https:\/\/gfmparts.com\/wp-content\/uploads\/2025\/03\/Hyundai-R55-track-link.png\",\"datePublished\":\"2025-03-03T08:19:26+00:00\",\"dateModified\":\"2025-05-07T14:15:37+00:00\",\"description\":\"GFM 39L track chain designed for Hyundai R55 excavators, paired with high-strength excavator tracks, provides excellent durability and stability. Learn about factory-direct construction machinery accessories solutions.\",\"breadcrumb\":{\"@id\":\"https:\/\/gfmparts.com\/product\/hyundai-excavator-track-chain\/#breadcrumb\"},\"inLanguage\":\"es\",\"potentialAction\":[{\"@type\":\"ReadAction\",\"target\":[\"https:\/\/gfmparts.com\/product\/hyundai-excavator-track-chain\/\"]}]},{\"@type\":\"ImageObject\",\"inLanguage\":\"es\",\"@id\":\"https:\/\/gfmparts.com\/product\/hyundai-excavator-track-chain\/#primaryimage\",\"url\":\"https:\/\/gfmparts.com\/wp-content\/uploads\/2025\/03\/Hyundai-R55-track-link.png\",\"contentUrl\":\"https:\/\/gfmparts.com\/wp-content\/uploads\/2025\/03\/Hyundai-R55-track-link.png\",\"width\":550,\"height\":550,\"caption\":\"Hyundai R55 track link\"},{\"@type\":\"BreadcrumbList\",\"@id\":\"https:\/\/gfmparts.com\/product\/hyundai-excavator-track-chain\/#breadcrumb\",\"itemListElement\":[{\"@type\":\"ListItem\",\"position\":1,\"name\":\"\u9996\u9875\",\"item\":\"https:\/\/gfmparts.com\/\"},{\"@type\":\"ListItem\",\"position\":2,\"name\":\"All Product\",\"item\":\"https:\/\/gfmparts.com\/all-product\/\"},{\"@type\":\"ListItem\",\"position\":3,\"name\":\"Hitachi ZAX210 Excavator Track Chain\"}]},{\"@type\":\"WebSite\",\"@id\":\"https:\/\/gfmparts.com\/#website\",\"url\":\"https:\/\/gfmparts.com\/\",\"name\":\"GFM PARTS\",\"description\":\"GFM since 2011 focused on excavator and bulldozer undercarriage parts manufacturing :Track rollers,carrier roller,idler,sprocket,track group,bucket tooth pin.\",\"publisher\":{\"@id\":\"https:\/\/gfmparts.com\/#organization\"},\"alternateName\":\"gfmparts.com\",\"potentialAction\":[{\"@type\":\"SearchAction\",\"target\":{\"@type\":\"EntryPoint\",\"urlTemplate\":\"https:\/\/gfmparts.com\/?s={search_term_string}\"},\"query-input\":{\"@type\":\"PropertyValueSpecification\",\"valueRequired\":true,\"valueName\":\"search_term_string\"}}],\"inLanguage\":\"es\"},{\"@type\":\"Organization\",\"@id\":\"https:\/\/gfmparts.com\/#organization\",\"name\":\"GFM PARTS\",\"url\":\"https:\/\/gfmparts.com\/\",\"logo\":{\"@type\":\"ImageObject\",\"inLanguage\":\"es\",\"@id\":\"https:\/\/gfmparts.com\/#\/schema\/logo\/image\/\",\"url\":\"https:\/\/gfmparts.com\/wp-content\/uploads\/2024\/11\/cropped-GFMparts.com_-2.png\",\"contentUrl\":\"https:\/\/gfmparts.com\/wp-content\/uploads\/2024\/11\/cropped-GFMparts.com_-2.png\",\"width\":5987,\"height\":2564,\"caption\":\"GFM PARTS\"},\"image\":{\"@id\":\"https:\/\/gfmparts.com\/#\/schema\/logo\/image\/\"},\"sameAs\":[\"https:\/\/www.facebook.com\/gfmparts\",\"https:\/\/www.linkedin.com\/company\/gfmparts\/\",\"https:\/\/www.tiktok.com\/@gfmparts\",\"https:\/\/www.youtube.com\/@GFMparts\/featured\"]}]}<\/script>\n<!-- \/ Yoast SEO Premium plugin. -->","yoast_head_json":{"title":"Hyundai R55 Excavator Track Chain 39L - Track Link Assy Factory","description":"GFM 39L track chain designed for Hyundai R55 excavators, paired with high-strength excavator tracks, provides excellent durability and stability. Learn about factory-direct construction machinery accessories solutions.","robots":{"index":"index","follow":"follow","max-snippet":"max-snippet:-1","max-image-preview":"max-image-preview:large","max-video-preview":"max-video-preview:-1"},"canonical":"https:\/\/gfmparts.com\/es_es\/producto\/cadena-de-orugas-para-excavadora-hyundai\/","og_locale":"es_ES","og_type":"article","og_title":"Hitachi ZAX210 Excavator Track Chain","og_description":"GFM 39L track chain designed for Hyundai R55 excavators, paired with high-strength excavator tracks, provides excellent durability and stability. Learn about factory-direct construction machinery accessories solutions.","og_url":"https:\/\/gfmparts.com\/es_es\/producto\/cadena-de-orugas-para-excavadora-hyundai\/","article_publisher":"https:\/\/www.facebook.com\/gfmparts","article_modified_time":"2025-05-07T14:15:37+00:00","og_image":[{"width":550,"height":550,"url":"https:\/\/gfmparts.com\/wp-content\/uploads\/2025\/03\/Hyundai-R55-track-link.png","type":"image\/png"}],"twitter_card":"summary_large_image","twitter_misc":{"Tiempo de lectura":"4 minutos"},"schema":{"@context":"https:\/\/schema.org","@graph":[{"@type":"WebPage","@id":"https:\/\/gfmparts.com\/product\/hyundai-excavator-track-chain\/","url":"https:\/\/gfmparts.com\/product\/hyundai-excavator-track-chain\/","name":"Hyundai R55 Excavator Track Chain 39L - Track Link Assy Factory","isPartOf":{"@id":"https:\/\/gfmparts.com\/#website"},"primaryImageOfPage":{"@id":"https:\/\/gfmparts.com\/product\/hyundai-excavator-track-chain\/#primaryimage"},"image":{"@id":"https:\/\/gfmparts.com\/product\/hyundai-excavator-track-chain\/#primaryimage"},"thumbnailUrl":"https:\/\/gfmparts.com\/wp-content\/uploads\/2025\/03\/Hyundai-R55-track-link.png","datePublished":"2025-03-03T08:19:26+00:00","dateModified":"2025-05-07T14:15:37+00:00","description":"GFM 39L track chain designed for Hyundai R55 excavators, paired with high-strength excavator tracks, provides excellent durability and stability. Learn about factory-direct construction machinery accessories solutions.","breadcrumb":{"@id":"https:\/\/gfmparts.com\/product\/hyundai-excavator-track-chain\/#breadcrumb"},"inLanguage":"es","potentialAction":[{"@type":"ReadAction","target":["https:\/\/gfmparts.com\/product\/hyundai-excavator-track-chain\/"]}]},{"@type":"ImageObject","inLanguage":"es","@id":"https:\/\/gfmparts.com\/product\/hyundai-excavator-track-chain\/#primaryimage","url":"https:\/\/gfmparts.com\/wp-content\/uploads\/2025\/03\/Hyundai-R55-track-link.png","contentUrl":"https:\/\/gfmparts.com\/wp-content\/uploads\/2025\/03\/Hyundai-R55-track-link.png","width":550,"height":550,"caption":"Hyundai R55 track link"},{"@type":"BreadcrumbList","@id":"https:\/\/gfmparts.com\/product\/hyundai-excavator-track-chain\/#breadcrumb","itemListElement":[{"@type":"ListItem","position":1,"name":"\u9996\u9875","item":"https:\/\/gfmparts.com\/"},{"@type":"ListItem","position":2,"name":"All Product","item":"https:\/\/gfmparts.com\/all-product\/"},{"@type":"ListItem","position":3,"name":"Hitachi ZAX210 Excavator Track Chain"}]},{"@type":"WebSite","@id":"https:\/\/gfmparts.com\/#website","url":"https:\/\/gfmparts.com\/","name":"GFM PARTS","description":"GFM since 2011 focused on excavator and bulldozer undercarriage parts manufacturing :Track rollers,carrier roller,idler,sprocket,track group,bucket tooth pin.","publisher":{"@id":"https:\/\/gfmparts.com\/#organization"},"alternateName":"gfmparts.com","potentialAction":[{"@type":"SearchAction","target":{"@type":"EntryPoint","urlTemplate":"https:\/\/gfmparts.com\/?s={search_term_string}"},"query-input":{"@type":"PropertyValueSpecification","valueRequired":true,"valueName":"search_term_string"}}],"inLanguage":"es"},{"@type":"Organization","@id":"https:\/\/gfmparts.com\/#organization","name":"GFM PARTS","url":"https:\/\/gfmparts.com\/","logo":{"@type":"ImageObject","inLanguage":"es","@id":"https:\/\/gfmparts.com\/#\/schema\/logo\/image\/","url":"https:\/\/gfmparts.com\/wp-content\/uploads\/2024\/11\/cropped-GFMparts.com_-2.png","contentUrl":"https:\/\/gfmparts.com\/wp-content\/uploads\/2024\/11\/cropped-GFMparts.com_-2.png","width":5987,"height":2564,"caption":"GFM PARTS"},"image":{"@id":"https:\/\/gfmparts.com\/#\/schema\/logo\/image\/"},"sameAs":["https:\/\/www.facebook.com\/gfmparts","https:\/\/www.linkedin.com\/company\/gfmparts\/","https:\/\/www.tiktok.com\/@gfmparts","https:\/\/www.youtube.com\/@GFMparts\/featured"]}]}},"_links":{"self":[{"href":"https:\/\/gfmparts.com\/es_es\/wp-json\/wp\/v2\/product\/3658"}],"collection":[{"href":"https:\/\/gfmparts.com\/es_es\/wp-json\/wp\/v2\/product"}],"about":[{"href":"https:\/\/gfmparts.com\/es_es\/wp-json\/wp\/v2\/types\/product"}],"wp:featuredmedia":[{"embeddable":true,"href":"https:\/\/gfmparts.com\/es_es\/wp-json\/wp\/v2\/media\/3659"}],"wp:attachment":[{"href":"https:\/\/gfmparts.com\/es_es\/wp-json\/wp\/v2\/media?parent=3658"}],"wp:term":[{"taxonomy":"product_cat","embeddable":true,"href":"https:\/\/gfmparts.com\/es_es\/wp-json\/wp\/v2\/product_cat?post=3658"},{"taxonomy":"product_tag","embeddable":true,"href":"https:\/\/gfmparts.com\/es_es\/wp-json\/wp\/v2\/product_tag?post=3658"}],"curies":[{"name":"wp","href":"https:\/\/api.w.org\/{rel}","templated":true}]}}