{"id":3665,"date":"2025-03-04T06:26:30","date_gmt":"2025-03-04T06:26:30","guid":{"rendered":"https:\/\/gfmparts.com\/?post_type=product&#038;p=3665"},"modified":"2025-07-16T03:33:04","modified_gmt":"2025-07-16T03:33:04","slug":"track-shoe-for-excavator-double-grouse","status":"publish","type":"product","link":"https:\/\/gfmparts.com\/es_es\/producto\/zapata-de-oruga-para-excavadora-de-doble-urogallo\/","title":{"rendered":"Zapata de oruga de alta calidad para excavadora de doble grouse"},"content":{"rendered":"<p><span style=\"color: #000000;\">Entre los diversos accesorios para excavadoras, las zapatas de oruga son componentes clave para garantizar la estabilidad y durabilidad del sistema de orugas. GFM Excavator Parts Company le ofrece zapatas de oruga de alta calidad para excavadoras, dise\u00f1adas para satisfacer las necesidades de diferentes condiciones de trabajo. Nuestras zapatas de doble grouse... <a href=\"https:\/\/gfmparts.com\/es_es\/producto\/fabricante-de-zapatas-de-oruga-para-excavadoras\/\">Zapata de oruga para excavadora<\/a> El dise\u00f1o es m\u00e1s duradero y adecuado para diversos entornos de trabajo, lo que ayuda a mejorar el rendimiento y la vida \u00fatil de su excavadora.<\/span><\/p>\n<p><span style=\"color: #000000;\"><strong>Estructura reforzada de doble urogallo<\/strong><\/span><\/p>\n<ul>\n<li><span style=\"color: #000000;\"><strong>Dise\u00f1o reforzado con doble grouse:<\/strong> La estructura doble Grouse patentada aumenta la resistencia a la torsi\u00f3n en 45%, dispersa eficazmente la presi\u00f3n de la pista y reduce el riesgo de fractura de un solo punto.<\/span><\/li>\n<li><span style=\"color: #000000;\"><strong>Material s\u00faper resistente al desgaste:<\/strong> Se selecciona acero de aleaci\u00f3n y se aumenta la resistencia al desgaste en 60% en comparaci\u00f3n con el proceso tradicional a trav\u00e9s del proceso de temple al vac\u00edo + revenido a baja temperatura.<\/span><\/li>\n<\/ul>\n<p><strong><span style=\"color: #000000;\">Adaptaci\u00f3n de ingenier\u00eda inteligente<\/span><\/strong><\/p>\n<ul>\n<li><span style=\"color: #000000;\"><strong>Compatibilidad precisa:<\/strong> Admite m\u00e1s de 20 modelos convencionales, como CAT 320D\/336D, Komatsu PC200-8\/PC300-6, con un control de tolerancia de \u00b10,15 mm.<\/span><\/li>\n<li><span style=\"color: #000000;\"><strong>Dise\u00f1o modular:<\/strong> Ranuras antiarena preestablecidas y orificios autolubricantes, que reducen la frecuencia de mantenimiento en 25% y se adaptan a condiciones de trabajo extremas de -40 \u2103 a 80 \u2103.<\/span><\/li>\n<\/ul>\n<p><strong><span style=\"color: #000000;\">Valor del ciclo de vida completo<\/span><\/strong><\/p>\n<ul>\n<li><span style=\"color: #000000;\"><strong>Verificaci\u00f3n de laboratorio:<\/strong> Pas\u00f3 10.000 horas de pruebas de banco (equivalente a 15.000 kil\u00f3metros de terreno complejo), la vida \u00fatil por fatiga es 1,8 veces el est\u00e1ndar de la industria.<\/span><\/li>\n<li><span style=\"color: #000000;\"><strong>Compromiso de garant\u00eda:<\/strong> Proporcionar un per\u00edodo de garant\u00eda de calidad (incluidas condiciones de trabajo duras como minas\/suelo congelado) y respaldar el servicio de garant\u00eda conjunta global.<\/span><\/li>\n<\/ul>\n<h3><span style=\"color: #ff6600;\">Descripci\u00f3n del Producto<\/span><\/h3>\n<ul>\n<li><span style=\"color: #000000;\"><strong>Cantidad m\u00ednima de pedido:<\/strong>\u00a01 pieza<\/span><\/li>\n<li><span style=\"color: #000000;\"><strong>M\u00e9todo de pago:<\/strong>\u00a0Transferencia bancaria<\/span><\/li>\n<li><span style=\"color: #000000;\"><strong>Marca:<\/strong>\u00a0GFM<\/span><\/li>\n<li><span style=\"color: #000000;\"><strong>Condici\u00f3n:<\/strong>\u00a0Nuevo<\/span><\/li>\n<li><span style=\"color: #000000;\"><strong>Color:<\/strong>\u00a0Amarillo, negro o personalizado<\/span><\/li>\n<li><span style=\"color: #000000;\"><strong>Plazo de entrega:<\/strong>\u00a030 d\u00edas<\/span><\/li>\n<li><span style=\"color: #000000;\"><strong>Garant\u00eda:<\/strong>\u00a01 a\u00f1o<\/span><\/li>\n<li><span style=\"color: #000000;\"><strong>Servicio:<\/strong>\u00a0OEM o ODM<\/span><\/li>\n<li><span style=\"color: #000000;\"><strong>Lugar de origen:<\/strong>\u00a0Fujian, China<\/span><\/li>\n<li><span style=\"color: #000000;\"><strong>Solicitud:<\/strong> Excavador<\/span><\/li>\n<li><span style=\"color: #000000;\"><strong>Embalaje:<\/strong>\u00a0Palet de madera de exportaci\u00f3n est\u00e1ndar<\/span><\/li>\n<\/ul>\n<h3><span style=\"color: #ff6600;\">Caracter\u00edsticas<\/span><\/h3>\n<ul>\n<li><b><\/b><strong><b>Duradero y de larga duraci\u00f3n: <\/b><\/strong>Construido con acero de alta calidad para soportar trabajos duros.<\/li>\n<li><b><\/b><strong><b>Estabilidad mejorada: <\/b><\/strong>Excelente tracci\u00f3n para una operaci\u00f3n segura en cualquier terreno.<\/li>\n<li><b><\/b><strong><b>Vida \u00fatil prolongada: <\/b><\/strong>Reduce el desgaste y protege el tren de rodaje.<\/li>\n<li><b><\/b><strong><b>Resistente al \u00f3xido: <\/b><\/strong>Recubierto para un rendimiento confiable en condiciones dif\u00edciles.<\/li>\n<li><b><\/b><strong><b>Rentable: <\/b><\/strong>Reduce los costos de mantenimiento con una durabilidad superior.<\/li>\n<li><b><\/b><strong><b>Vers\u00e1til: <\/b><\/strong>Perfecto para rocas, barro, arena o terreno blando.<\/li>\n<\/ul>\n<h3><span style=\"color: #ff6600;\">Presupuesto<\/span><\/h3>\n<p style=\"text-align: center;\"><img fetchpriority=\"high\" decoding=\"async\" class=\"alignnone wp-image-6791\" src=\"https:\/\/gfmparts.com\/wp-content\/uploads\/2025\/03\/Excavator-Track-Shoe-Specifications-1024x826.png\" alt=\"Especificaciones de las zapatas de oruga de la excavadora\" width=\"924\" height=\"745\" srcset=\"https:\/\/gfmparts.com\/wp-content\/uploads\/2025\/03\/Excavator-Track-Shoe-Specifications-1024x826.png 1024w, https:\/\/gfmparts.com\/wp-content\/uploads\/2025\/03\/Excavator-Track-Shoe-Specifications-300x242.png 300w, https:\/\/gfmparts.com\/wp-content\/uploads\/2025\/03\/Excavator-Track-Shoe-Specifications-768x620.png 768w, https:\/\/gfmparts.com\/wp-content\/uploads\/2025\/03\/Excavator-Track-Shoe-Specifications-1536x1239.png 1536w, https:\/\/gfmparts.com\/wp-content\/uploads\/2025\/03\/Excavator-Track-Shoe-Specifications-600x484.png 600w, https:\/\/gfmparts.com\/wp-content\/uploads\/2025\/03\/Excavator-Track-Shoe-Specifications.png 1543w\" sizes=\"(max-width: 924px) 100vw, 924px\" \/><\/p>\n<h3><span style=\"color: #ff6600;\">Modelos de productos<\/span><\/h3>\n<p style=\"text-align: center;\"><img decoding=\"async\" class=\"alignnone size-full wp-image-3147\" src=\"https:\/\/gfmparts.com\/wp-content\/uploads\/2024\/11\/excavator-part-description-e1735350735761.png\" alt=\"Descripci\u00f3n de la pieza de excavadora\" width=\"856\" height=\"694\" srcset=\"https:\/\/gfmparts.com\/wp-content\/uploads\/2024\/11\/excavator-part-description-e1735350735761.png 856w, https:\/\/gfmparts.com\/wp-content\/uploads\/2024\/11\/excavator-part-description-e1735350735761-300x243.png 300w, https:\/\/gfmparts.com\/wp-content\/uploads\/2024\/11\/excavator-part-description-e1735350735761-768x623.png 768w, https:\/\/gfmparts.com\/wp-content\/uploads\/2024\/11\/excavator-part-description-e1735350735761-600x486.png 600w\" sizes=\"(max-width: 856px) 100vw, 856px\" \/><\/p>\n<h3><span style=\"color: #ff6600;\">Proceso de producci\u00f3n<\/span><\/h3>\n<p style=\"text-align: center;\"><iframe title=\"Reproductor de v\u00eddeo de YouTube\" src=\"https:\/\/www.youtube.com\/embed\/Nj9u7bBv59w?si=nEYwUUSoPTBFYng3\" width=\"1000\" height=\"563\" frameborder=\"0\" allowfullscreen=\"allowfullscreen\"><\/iframe><\/p>\n<p><img decoding=\"async\" class=\"size-large wp-image-3043 aligncenter\" src=\"https:\/\/gfmparts.com\/wp-content\/uploads\/2024\/12\/\u901a\u7528\u751f\u4ea7\u6d41\u7a0b-1-1024x648.jpg\" alt=\"proceso de producci\u00f3n de piezas de excavadora\" width=\"1024\" height=\"648\" srcset=\"\" sizes=\"(max-width: 1024px) 100vw, 1024px\" data-srcset=\"\" \/><\/p>\n<h3><span style=\"color: #ff6600;\">Embalaje y env\u00edo<\/span><\/h3>\n<p style=\"text-align: center;\"><img loading=\"lazy\" decoding=\"async\" class=\"alignnone size-large wp-image-6521\" src=\"https:\/\/gfmparts.com\/wp-content\/uploads\/2025\/05\/Packaging-and-Shipping-1-1-1024x648.jpg\" alt=\"Embalaje y env\u00edo\" width=\"1024\" height=\"648\" srcset=\"https:\/\/gfmparts.com\/wp-content\/uploads\/2025\/05\/Packaging-and-Shipping-1-1-1024x648.jpg 1024w, https:\/\/gfmparts.com\/wp-content\/uploads\/2025\/05\/Packaging-and-Shipping-1-1-300x190.jpg 300w, https:\/\/gfmparts.com\/wp-content\/uploads\/2025\/05\/Packaging-and-Shipping-1-1-768x486.jpg 768w, https:\/\/gfmparts.com\/wp-content\/uploads\/2025\/05\/Packaging-and-Shipping-1-1-1536x973.jpg 1536w, https:\/\/gfmparts.com\/wp-content\/uploads\/2025\/05\/Packaging-and-Shipping-1-1-2048x1297.jpg 2048w, https:\/\/gfmparts.com\/wp-content\/uploads\/2025\/05\/Packaging-and-Shipping-1-1-600x380.jpg 600w\" sizes=\"(max-width: 1024px) 100vw, 1024px\" \/><\/p>\n<h3><span style=\"color: #ff6600;\">Ventajas de la f\u00e1brica<\/span><\/h3>\n<p><span style=\"color: #000000;\">Como profesional <a href=\"https:\/\/gfmparts.com\/es_es\/producto\/proveedor-de-zapatas-para-excavadoras-de-pantano\/\">fabricante de piezas de excavadora<\/a>GFM cuenta con una larga experiencia en producci\u00f3n y tecnolog\u00eda de vanguardia. Utilizamos equipos de fabricaci\u00f3n y est\u00e1ndares de prueba l\u00edderes a nivel internacional para brindar servicios personalizados. Podemos personalizar placas de cadena que cumplan con las especificaciones y requisitos espec\u00edficos de cada cliente. Ya sea que se trate de tama\u00f1os especiales, materiales espec\u00edficos o requisitos de rendimiento espec\u00edficos, podemos brindarle la soluci\u00f3n perfecta.<\/span><\/p>\n<h4><span style=\"color: #ff6600;\">\u00bfPor qu\u00e9 elegir GFM? <a style=\"color: #ff6600;\" href=\"https:\/\/gfmparts.com\/es_es\/producto\/fabrica-de-zapatas-para-excavadoras\/\">f\u00e1brica de calzado de pista<\/a>?<\/span><\/h4>\n<p><strong><span style=\"color: #000000;\">Sistema de fabricaci\u00f3n inteligente<\/span><\/strong><\/p>\n<ul>\n<li><span style=\"color: #000000;\"><strong>L\u00ednea de producci\u00f3n totalmente automatizada:<\/strong> Equipado con estaci\u00f3n de trabajo de soldadura robotizada (precisi\u00f3n de soldadura \u00b10,1 mm) y centro de mecanizado CNC de cinco ejes.<\/span><\/li>\n<li><span style=\"color: #000000;\"><strong>Sistema de trazabilidad de calidad:<\/strong> Cada producto viene con un c\u00f3digo QR independiente para rastrear el lote de materia prima, los par\u00e1metros del tratamiento t\u00e9rmico y el informe de prueba.<\/span><\/li>\n<\/ul>\n<p><strong><span style=\"color: #000000;\">Certificaci\u00f3n autorizada<\/span><\/strong><\/p>\n<ul>\n<li><span style=\"color: #000000;\"><strong>Cualificaciones internacionales:<\/strong> Certificaci\u00f3n del sistema de calidad ISO 9001:2015, certificaci\u00f3n CE, certificaci\u00f3n medioambiental ROHS, en cumplimiento con la Directiva de Maquinaria de la UE 2006\/42\/EC.<\/span><\/li>\n<li><span style=\"color: #000000;\"><strong>Verificaci\u00f3n de terceros:<\/strong> El informe de prueba de SGS muestra que la resistencia a la tracci\u00f3n alcanza los 1600 MPa.<\/span><\/li>\n<\/ul>\n<h4><span style=\"color: #ff6600;\"><strong>\u00c1mbito de aplicaci\u00f3n<\/strong><\/span><\/h4>\n<p><span style=\"color: #000000;\">Las placas de cadena doblemente reforzadas GFM se utilizan ampliamente en varios tipos de excavadoras, incluidas, entre otras:<\/span><\/p>\n<ul>\n<li><span style=\"color: #000000;\">excavadoras peque\u00f1as<\/span><\/li>\n<li><span style=\"color: #000000;\">excavadoras medianas<\/span><\/li>\n<li><span style=\"color: #000000;\">Excavadoras grandes<\/span><\/li>\n<li><span style=\"color: #000000;\">Excavadoras en entornos de trabajo especiales<\/span><\/li>\n<\/ul>\n<p><span style=\"color: #000000;\">Ya sea que se trate de un sitio de construcci\u00f3n, miner\u00eda, construcci\u00f3n de carreteras u otras operaciones pesadas, las placas de cadena doblemente reforzadas de GFM pueden brindar un soporte estable y confiable para ayudar a las excavadoras a operar de manera eficiente.<\/span><\/p>\n<p style=\"text-align: center;\"><span style=\"color: #000000;\"><img loading=\"lazy\" decoding=\"async\" class=\"alignnone wp-image-2159\" src=\"https:\/\/gfmparts.com\/wp-content\/uploads\/2024\/12\/\u5fae\u4fe1\u56fe\u7247_20241202160325-1024x576.jpg\" alt=\"fabricante de rodillos portadores\" width=\"767\" height=\"431\" srcset=\"\" sizes=\"(max-width: 767px) 100vw, 767px\" data-srcset=\"\" \/><\/span><\/p>","protected":false},"excerpt":{"rendered":"<ul>\n<li><span style=\"color: #000000;\">Calidad del producto garantizada<\/span><\/li>\n<li><span style=\"color: #000000;\">Gran suministro<\/span><\/li>\n<li><span style=\"color: #000000;\">Precios competitivos<\/span><\/li>\n<li><span style=\"color: #000000;\">La mayor\u00eda de marcas y modelos<\/span><\/li>\n<li><span style=\"color: #000000;\">Equipo de atenci\u00f3n al cliente servicial<\/span><\/li>\n<li><span style=\"color: #000000;\">Soporte t\u00e9cnico profesional<\/span><\/li>\n<\/ul>","protected":false},"featured_media":6875,"template":"","meta":{"site-sidebar-layout":"default","site-content-layout":"","ast-site-content-layout":"default","site-content-style":"default","site-sidebar-style":"default","ast-global-header-display":"","ast-banner-title-visibility":"","ast-main-header-display":"","ast-hfb-above-header-display":"","ast-hfb-below-header-display":"","ast-hfb-mobile-header-display":"","site-post-title":"","ast-breadcrumbs-content":"","ast-featured-img":"","footer-sml-layout":"","theme-transparent-header-meta":"default","adv-header-id-meta":"","stick-header-meta":"default","header-above-stick-meta":"","header-main-stick-meta":"","header-below-stick-meta":"","astra-migrate-meta-layouts":"set","ast-page-background-enabled":"default","ast-page-background-meta":{"desktop":{"background-color":"","background-image":"","background-repeat":"repeat","background-position":"center center","background-size":"auto","background-attachment":"scroll","background-type":"","background-media":"","overlay-type":"","overlay-color":"","overlay-opacity":"","overlay-gradient":""},"tablet":{"background-color":"","background-image":"","background-repeat":"repeat","background-position":"center center","background-size":"auto","background-attachment":"scroll","background-type":"","background-media":"","overlay-type":"","overlay-color":"","overlay-opacity":"","overlay-gradient":""},"mobile":{"background-color":"","background-image":"","background-repeat":"repeat","background-position":"center center","background-size":"auto","background-attachment":"scroll","background-type":"","background-media":"","overlay-type":"","overlay-color":"","overlay-opacity":"","overlay-gradient":""}},"ast-content-background-meta":{"desktop":{"background-color":"var(--ast-global-color-5)","background-image":"","background-repeat":"repeat","background-position":"center center","background-size":"auto","background-attachment":"scroll","background-type":"","background-media":"","overlay-type":"","overlay-color":"","overlay-opacity":"","overlay-gradient":""},"tablet":{"background-color":"var(--ast-global-color-5)","background-image":"","background-repeat":"repeat","background-position":"center center","background-size":"auto","background-attachment":"scroll","background-type":"","background-media":"","overlay-type":"","overlay-color":"","overlay-opacity":"","overlay-gradient":""},"mobile":{"background-color":"var(--ast-global-color-5)","background-image":"","background-repeat":"repeat","background-position":"center center","background-size":"auto","background-attachment":"scroll","background-type":"","background-media":"","overlay-type":"","overlay-color":"","overlay-opacity":"","overlay-gradient":""}}},"product_cat":[38,33],"product_tag":[],"class_list":{"0":"post-3665","1":"product","2":"type-product","3":"status-publish","4":"has-post-thumbnail","6":"product_cat-undercarriage","7":"product_cat-track-shoe","8":"desktop-align-left","9":"tablet-align-left","10":"mobile-align-left","11":"ast-product-gallery-layout-horizontal-slider","12":"ast-product-tabs-layout-horizontal","14":"first","15":"instock","16":"shipping-taxable","17":"product-type-simple"},"yoast_head":"<!-- This site is optimized with the Yoast SEO Premium plugin v22.8 (Yoast SEO v23.9) - https:\/\/yoast.com\/wordpress\/plugins\/seo\/ -->\n<title>High Quality Track Shoe For Excavator|Double Grouse<\/title>\n<meta name=\"description\" content=\"As a professional excavator parts manufacturer, GFM can customize track shoe that meet specific specifications and requirements according to the different needs of customers.\" \/>\n<meta name=\"robots\" content=\"index, follow, max-snippet:-1, max-image-preview:large, max-video-preview:-1\" \/>\n<link rel=\"canonical\" href=\"https:\/\/gfmparts.com\/es_es\/producto\/zapata-de-oruga-para-excavadora-de-doble-urogallo\/\" \/>\n<meta property=\"og:locale\" content=\"es_ES\" \/>\n<meta property=\"og:type\" content=\"article\" \/>\n<meta property=\"og:title\" content=\"High Quality Track Shoe For Excavator Double Grouse\" \/>\n<meta property=\"og:description\" content=\"As a professional excavator parts manufacturer, GFM can customize track shoe that meet specific specifications and requirements according to the different needs of customers.\" \/>\n<meta property=\"og:url\" content=\"https:\/\/gfmparts.com\/es_es\/producto\/zapata-de-oruga-para-excavadora-de-doble-urogallo\/\" \/>\n<meta property=\"article:publisher\" content=\"https:\/\/www.facebook.com\/gfmparts\" \/>\n<meta property=\"article:modified_time\" content=\"2025-07-16T03:33:04+00:00\" \/>\n<meta property=\"og:image\" content=\"https:\/\/gfmparts.com\/wp-content\/uploads\/2025\/03\/Track-Shoe-For-Excavator-Double-Grouse.png\" \/>\n\t<meta property=\"og:image:width\" content=\"1000\" \/>\n\t<meta property=\"og:image:height\" content=\"1000\" \/>\n\t<meta property=\"og:image:type\" content=\"image\/png\" \/>\n<meta name=\"twitter:card\" content=\"summary_large_image\" \/>\n<meta name=\"twitter:label1\" content=\"Tiempo de lectura\" \/>\n\t<meta name=\"twitter:data1\" content=\"4 minutos\" \/>\n<script type=\"application\/ld+json\" class=\"yoast-schema-graph\">{\"@context\":\"https:\/\/schema.org\",\"@graph\":[{\"@type\":\"WebPage\",\"@id\":\"https:\/\/gfmparts.com\/product\/track-shoe-for-excavator-double-grouse\/\",\"url\":\"https:\/\/gfmparts.com\/product\/track-shoe-for-excavator-double-grouse\/\",\"name\":\"High Quality Track Shoe For Excavator|Double Grouse\",\"isPartOf\":{\"@id\":\"https:\/\/gfmparts.com\/#website\"},\"primaryImageOfPage\":{\"@id\":\"https:\/\/gfmparts.com\/product\/track-shoe-for-excavator-double-grouse\/#primaryimage\"},\"image\":{\"@id\":\"https:\/\/gfmparts.com\/product\/track-shoe-for-excavator-double-grouse\/#primaryimage\"},\"thumbnailUrl\":\"https:\/\/gfmparts.com\/wp-content\/uploads\/2025\/03\/Track-Shoe-For-Excavator-Double-Grouse.png\",\"datePublished\":\"2025-03-04T06:26:30+00:00\",\"dateModified\":\"2025-07-16T03:33:04+00:00\",\"description\":\"As a professional excavator parts manufacturer, GFM can customize track shoe that meet specific specifications and requirements according to the different needs of customers.\",\"breadcrumb\":{\"@id\":\"https:\/\/gfmparts.com\/product\/track-shoe-for-excavator-double-grouse\/#breadcrumb\"},\"inLanguage\":\"es\",\"potentialAction\":[{\"@type\":\"ReadAction\",\"target\":[\"https:\/\/gfmparts.com\/product\/track-shoe-for-excavator-double-grouse\/\"]}]},{\"@type\":\"ImageObject\",\"inLanguage\":\"es\",\"@id\":\"https:\/\/gfmparts.com\/product\/track-shoe-for-excavator-double-grouse\/#primaryimage\",\"url\":\"https:\/\/gfmparts.com\/wp-content\/uploads\/2025\/03\/Track-Shoe-For-Excavator-Double-Grouse.png\",\"contentUrl\":\"https:\/\/gfmparts.com\/wp-content\/uploads\/2025\/03\/Track-Shoe-For-Excavator-Double-Grouse.png\",\"width\":1000,\"height\":1000,\"caption\":\"Track Shoe For Excavator Double Grouse\"},{\"@type\":\"BreadcrumbList\",\"@id\":\"https:\/\/gfmparts.com\/product\/track-shoe-for-excavator-double-grouse\/#breadcrumb\",\"itemListElement\":[{\"@type\":\"ListItem\",\"position\":1,\"name\":\"\u9996\u9875\",\"item\":\"https:\/\/gfmparts.com\/\"},{\"@type\":\"ListItem\",\"position\":2,\"name\":\"All Product\",\"item\":\"https:\/\/gfmparts.com\/all-product\/\"},{\"@type\":\"ListItem\",\"position\":3,\"name\":\"High Quality Track Shoe For Excavator Double Grouse\"}]},{\"@type\":\"WebSite\",\"@id\":\"https:\/\/gfmparts.com\/#website\",\"url\":\"https:\/\/gfmparts.com\/\",\"name\":\"GFM PARTS\",\"description\":\"GFM since 2011 focused on excavator and bulldozer undercarriage parts manufacturing :Track rollers,carrier roller,idler,sprocket,track group,bucket tooth pin.\",\"publisher\":{\"@id\":\"https:\/\/gfmparts.com\/#organization\"},\"alternateName\":\"gfmparts.com\",\"potentialAction\":[{\"@type\":\"SearchAction\",\"target\":{\"@type\":\"EntryPoint\",\"urlTemplate\":\"https:\/\/gfmparts.com\/?s={search_term_string}\"},\"query-input\":{\"@type\":\"PropertyValueSpecification\",\"valueRequired\":true,\"valueName\":\"search_term_string\"}}],\"inLanguage\":\"es\"},{\"@type\":\"Organization\",\"@id\":\"https:\/\/gfmparts.com\/#organization\",\"name\":\"GFM PARTS\",\"url\":\"https:\/\/gfmparts.com\/\",\"logo\":{\"@type\":\"ImageObject\",\"inLanguage\":\"es\",\"@id\":\"https:\/\/gfmparts.com\/#\/schema\/logo\/image\/\",\"url\":\"https:\/\/gfmparts.com\/wp-content\/uploads\/2024\/11\/cropped-GFMparts.com_-2.png\",\"contentUrl\":\"https:\/\/gfmparts.com\/wp-content\/uploads\/2024\/11\/cropped-GFMparts.com_-2.png\",\"width\":5987,\"height\":2564,\"caption\":\"GFM PARTS\"},\"image\":{\"@id\":\"https:\/\/gfmparts.com\/#\/schema\/logo\/image\/\"},\"sameAs\":[\"https:\/\/www.facebook.com\/gfmparts\",\"https:\/\/www.linkedin.com\/company\/gfmparts\/\",\"https:\/\/www.tiktok.com\/@gfmparts\",\"https:\/\/www.youtube.com\/@GFMparts\/featured\"]}]}<\/script>\n<!-- \/ Yoast SEO Premium plugin. -->","yoast_head_json":{"title":"High Quality Track Shoe For Excavator|Double Grouse","description":"As a professional excavator parts manufacturer, GFM can customize track shoe that meet specific specifications and requirements according to the different needs of customers.","robots":{"index":"index","follow":"follow","max-snippet":"max-snippet:-1","max-image-preview":"max-image-preview:large","max-video-preview":"max-video-preview:-1"},"canonical":"https:\/\/gfmparts.com\/es_es\/producto\/zapata-de-oruga-para-excavadora-de-doble-urogallo\/","og_locale":"es_ES","og_type":"article","og_title":"High Quality Track Shoe For Excavator Double Grouse","og_description":"As a professional excavator parts manufacturer, GFM can customize track shoe that meet specific specifications and requirements according to the different needs of customers.","og_url":"https:\/\/gfmparts.com\/es_es\/producto\/zapata-de-oruga-para-excavadora-de-doble-urogallo\/","article_publisher":"https:\/\/www.facebook.com\/gfmparts","article_modified_time":"2025-07-16T03:33:04+00:00","og_image":[{"width":1000,"height":1000,"url":"https:\/\/gfmparts.com\/wp-content\/uploads\/2025\/03\/Track-Shoe-For-Excavator-Double-Grouse.png","type":"image\/png"}],"twitter_card":"summary_large_image","twitter_misc":{"Tiempo de lectura":"4 minutos"},"schema":{"@context":"https:\/\/schema.org","@graph":[{"@type":"WebPage","@id":"https:\/\/gfmparts.com\/product\/track-shoe-for-excavator-double-grouse\/","url":"https:\/\/gfmparts.com\/product\/track-shoe-for-excavator-double-grouse\/","name":"High Quality Track Shoe For Excavator|Double Grouse","isPartOf":{"@id":"https:\/\/gfmparts.com\/#website"},"primaryImageOfPage":{"@id":"https:\/\/gfmparts.com\/product\/track-shoe-for-excavator-double-grouse\/#primaryimage"},"image":{"@id":"https:\/\/gfmparts.com\/product\/track-shoe-for-excavator-double-grouse\/#primaryimage"},"thumbnailUrl":"https:\/\/gfmparts.com\/wp-content\/uploads\/2025\/03\/Track-Shoe-For-Excavator-Double-Grouse.png","datePublished":"2025-03-04T06:26:30+00:00","dateModified":"2025-07-16T03:33:04+00:00","description":"As a professional excavator parts manufacturer, GFM can customize track shoe that meet specific specifications and requirements according to the different needs of customers.","breadcrumb":{"@id":"https:\/\/gfmparts.com\/product\/track-shoe-for-excavator-double-grouse\/#breadcrumb"},"inLanguage":"es","potentialAction":[{"@type":"ReadAction","target":["https:\/\/gfmparts.com\/product\/track-shoe-for-excavator-double-grouse\/"]}]},{"@type":"ImageObject","inLanguage":"es","@id":"https:\/\/gfmparts.com\/product\/track-shoe-for-excavator-double-grouse\/#primaryimage","url":"https:\/\/gfmparts.com\/wp-content\/uploads\/2025\/03\/Track-Shoe-For-Excavator-Double-Grouse.png","contentUrl":"https:\/\/gfmparts.com\/wp-content\/uploads\/2025\/03\/Track-Shoe-For-Excavator-Double-Grouse.png","width":1000,"height":1000,"caption":"Track Shoe For Excavator Double Grouse"},{"@type":"BreadcrumbList","@id":"https:\/\/gfmparts.com\/product\/track-shoe-for-excavator-double-grouse\/#breadcrumb","itemListElement":[{"@type":"ListItem","position":1,"name":"\u9996\u9875","item":"https:\/\/gfmparts.com\/"},{"@type":"ListItem","position":2,"name":"All Product","item":"https:\/\/gfmparts.com\/all-product\/"},{"@type":"ListItem","position":3,"name":"High Quality Track Shoe For Excavator Double Grouse"}]},{"@type":"WebSite","@id":"https:\/\/gfmparts.com\/#website","url":"https:\/\/gfmparts.com\/","name":"GFM PARTS","description":"GFM since 2011 focused on excavator and bulldozer undercarriage parts manufacturing :Track rollers,carrier roller,idler,sprocket,track group,bucket tooth pin.","publisher":{"@id":"https:\/\/gfmparts.com\/#organization"},"alternateName":"gfmparts.com","potentialAction":[{"@type":"SearchAction","target":{"@type":"EntryPoint","urlTemplate":"https:\/\/gfmparts.com\/?s={search_term_string}"},"query-input":{"@type":"PropertyValueSpecification","valueRequired":true,"valueName":"search_term_string"}}],"inLanguage":"es"},{"@type":"Organization","@id":"https:\/\/gfmparts.com\/#organization","name":"GFM PARTS","url":"https:\/\/gfmparts.com\/","logo":{"@type":"ImageObject","inLanguage":"es","@id":"https:\/\/gfmparts.com\/#\/schema\/logo\/image\/","url":"https:\/\/gfmparts.com\/wp-content\/uploads\/2024\/11\/cropped-GFMparts.com_-2.png","contentUrl":"https:\/\/gfmparts.com\/wp-content\/uploads\/2024\/11\/cropped-GFMparts.com_-2.png","width":5987,"height":2564,"caption":"GFM PARTS"},"image":{"@id":"https:\/\/gfmparts.com\/#\/schema\/logo\/image\/"},"sameAs":["https:\/\/www.facebook.com\/gfmparts","https:\/\/www.linkedin.com\/company\/gfmparts\/","https:\/\/www.tiktok.com\/@gfmparts","https:\/\/www.youtube.com\/@GFMparts\/featured"]}]}},"_links":{"self":[{"href":"https:\/\/gfmparts.com\/es_es\/wp-json\/wp\/v2\/product\/3665"}],"collection":[{"href":"https:\/\/gfmparts.com\/es_es\/wp-json\/wp\/v2\/product"}],"about":[{"href":"https:\/\/gfmparts.com\/es_es\/wp-json\/wp\/v2\/types\/product"}],"wp:featuredmedia":[{"embeddable":true,"href":"https:\/\/gfmparts.com\/es_es\/wp-json\/wp\/v2\/media\/6875"}],"wp:attachment":[{"href":"https:\/\/gfmparts.com\/es_es\/wp-json\/wp\/v2\/media?parent=3665"}],"wp:term":[{"taxonomy":"product_cat","embeddable":true,"href":"https:\/\/gfmparts.com\/es_es\/wp-json\/wp\/v2\/product_cat?post=3665"},{"taxonomy":"product_tag","embeddable":true,"href":"https:\/\/gfmparts.com\/es_es\/wp-json\/wp\/v2\/product_tag?post=3665"}],"curies":[{"name":"wp","href":"https:\/\/api.w.org\/{rel}","templated":true}]}}