{"id":3685,"date":"2025-03-07T05:58:41","date_gmt":"2025-03-07T05:58:41","guid":{"rendered":"https:\/\/gfmparts.com\/?post_type=product&#038;p=3685"},"modified":"2025-07-01T05:52:18","modified_gmt":"2025-07-01T05:52:18","slug":"kobelco-top-roller-excavator","status":"publish","type":"product","link":"https:\/\/gfmparts.com\/es_es\/producto\/excavadora-de-rodillos-superiores-kobelco\/","title":{"rendered":"Excavadora de rodillos superiores Kobelco SK200-3"},"content":{"rendered":"<p><span style=\"color: #000000;\">Como componente principal de soporte de carga del sistema de tren de rodaje de la excavadora Kobelco SK200-3, el GFM <a style=\"color: #000000;\" href=\"https:\/\/gfmparts.com\/es_es\/producto\/proveedor-de-rodillos-portadores-de-rodillos-superiores-de-excavadoras\/\">rodillo portador de excavadora<\/a> Adopta tecnolog\u00eda de investigaci\u00f3n y desarrollo de vanguardia para adaptarse perfectamente a las especificaciones de paso de cadena y di\u00e1metro de eje del veh\u00edculo original. Como GFM <a style=\"color: #000000;\" href=\"https:\/\/gfmparts.com\/es_es\/producto\/rodillo-superior-de-excavadora-al-por-mayor\/\">fabricante de piezas de excavadora<\/a>Nos comprometemos a brindar a los clientes productos de alta calidad y alto rendimiento. <a style=\"color: #000000;\" href=\"https:\/\/gfmparts.com\/es_es\/producto\/rodillo-portador-del-rodillo-superior-de-la-excavadora\/\">excavadora de rodillos superiores<\/a>Este producto ha pasado la prueba de impacto en banco de 3000 horas y est\u00e1 dise\u00f1ado para condiciones de trabajo pesado como miner\u00eda e infraestructura.<\/span><\/p>\n<h3><span style=\"color: #ff6600;\">Descripci\u00f3n del Producto<\/span><\/h3>\n<ul>\n<li><span style=\"color: #000000;\"><strong>Cantidad m\u00ednima de pedido:<\/strong>\u00a01 pieza<\/span><\/li>\n<li><span style=\"color: #000000;\"><strong>M\u00e9todo de pago:<\/strong>\u00a0Transferencia bancaria<\/span><\/li>\n<li><span style=\"color: #000000;\"><strong>Marca:<\/strong>\u00a0GFM<\/span><\/li>\n<li><span style=\"color: #000000;\"><strong>Condici\u00f3n:<\/strong>\u00a0Nuevo<\/span><\/li>\n<li><span style=\"color: #000000;\"><strong>Color:<\/strong>\u00a0Amarillo, negro o personalizado<\/span><\/li>\n<li><span style=\"color: #000000;\"><strong>Plazo de entrega:<\/strong>\u00a030 d\u00edas<\/span><\/li>\n<li><span style=\"color: #000000;\"><strong>Garant\u00eda:<\/strong>\u00a01 a\u00f1o<\/span><\/li>\n<li><span style=\"color: #000000;\"><strong>Servicio:<\/strong>\u00a0OEM o ODM<\/span><\/li>\n<li><span style=\"color: #000000;\"><strong>Lugar de origen:<\/strong>\u00a0Fujian, China<\/span><\/li>\n<li><span style=\"color: #000000;\"><strong>Solicitud:<\/strong> Excavador<\/span><\/li>\n<li><span style=\"color: #000000;\"><strong>Embalaje:<\/strong> Palet de madera de exportaci\u00f3n est\u00e1ndar<\/span><\/li>\n<\/ul>\n<h3><span style=\"color: #ff6600;\">Caracter\u00edsticas<\/span><\/h3>\n<ul>\n<li><span style=\"color: #000000;\"><b><\/b><strong><b>Durabilidad duradera: <\/b><\/strong>Fabricado con acero resistente al desgaste de alta calidad para m\u00e1xima resistencia y una vida \u00fatil prolongada.<\/span><\/li>\n<li><span style=\"color: #000000;\"><b><\/b><strong><b>Sellado y lubricado<\/b><\/strong>:El dise\u00f1o completamente sellado evita la entrada de suciedad, agua y contaminantes, lo que minimiza el desgaste y el mantenimiento.<\/span><\/li>\n<li><span style=\"color: #000000;\"><b><\/b><strong><b>Funcionamiento suave<\/b><\/strong>Dise\u00f1ado con precisi\u00f3n para brindar un soporte eficiente y estable para la parte superior de la pista.<\/span><\/li>\n<li><span style=\"color: #000000;\"><b><\/b><strong><b>Resistencia a la corrosi\u00f3n<\/b><\/strong>Los tratamientos de superficie resistentes a la corrosi\u00f3n garantizan un funcionamiento confiable en entornos hostiles.<\/span><\/li>\n<li><span style=\"color: #000000;\"><b><\/b><strong><b>Se adapta a varios modelos<\/b><\/strong>:Dise\u00f1ado para adaptarse a una amplia gama de modelos de excavadoras y bulldozers para diversas aplicaciones.<\/span><\/li>\n<li><span style=\"color: #000000;\"><b><\/b><strong><b>Dureza comprobada: <\/b><\/strong>Probado para funcionar de manera confiable en condiciones extremas, reduciendo el tiempo de inactividad y aumentando la productividad.<\/span><\/li>\n<\/ul>\n<p><span style=\"color: #000000;\">En GFM Factory, nuestros rodillos portadores est\u00e1n dise\u00f1ados para optimizar el rendimiento de su maquinaria, garantizando operaciones de seguimiento m\u00e1s suaves y una mayor vida \u00fatil del equipo.<\/span><\/p>\n<p style=\"text-align: center;\"><span style=\"color: #000000;\"><img fetchpriority=\"high\" decoding=\"async\" class=\"alignnone  wp-image-6818\" src=\"https:\/\/gfmparts.com\/wp-content\/uploads\/2025\/03\/carrier-roller-Main-Dimensions-of-Installation-1024x761.png\" alt=\"Dimensiones principales de instalaci\u00f3n del rodillo portador\" width=\"906\" height=\"673\" srcset=\"https:\/\/gfmparts.com\/wp-content\/uploads\/2025\/03\/carrier-roller-Main-Dimensions-of-Installation-1024x761.png 1024w, https:\/\/gfmparts.com\/wp-content\/uploads\/2025\/03\/carrier-roller-Main-Dimensions-of-Installation-300x223.png 300w, https:\/\/gfmparts.com\/wp-content\/uploads\/2025\/03\/carrier-roller-Main-Dimensions-of-Installation-768x571.png 768w, https:\/\/gfmparts.com\/wp-content\/uploads\/2025\/03\/carrier-roller-Main-Dimensions-of-Installation-1536x1141.png 1536w, https:\/\/gfmparts.com\/wp-content\/uploads\/2025\/03\/carrier-roller-Main-Dimensions-of-Installation-16x12.png 16w, https:\/\/gfmparts.com\/wp-content\/uploads\/2025\/03\/carrier-roller-Main-Dimensions-of-Installation-600x446.png 600w, https:\/\/gfmparts.com\/wp-content\/uploads\/2025\/03\/carrier-roller-Main-Dimensions-of-Installation.png 1595w\" sizes=\"(max-width: 906px) 100vw, 906px\" \/><\/span><\/p>\n<h3><span style=\"color: #ff6600;\">Modelos de productos<\/span><\/h3>\n<p style=\"text-align: center;\"><span style=\"color: #000000;\"><img decoding=\"async\" class=\"alignnone size-full wp-image-3147\" src=\"https:\/\/gfmparts.com\/wp-content\/uploads\/2024\/11\/excavator-part-description-e1735350735761.png\" alt=\"Descripci\u00f3n de la pieza de excavadora\" width=\"856\" height=\"694\" srcset=\"https:\/\/gfmparts.com\/wp-content\/uploads\/2024\/11\/excavator-part-description-e1735350735761.png 856w, https:\/\/gfmparts.com\/wp-content\/uploads\/2024\/11\/excavator-part-description-e1735350735761-300x243.png 300w, https:\/\/gfmparts.com\/wp-content\/uploads\/2024\/11\/excavator-part-description-e1735350735761-768x623.png 768w, https:\/\/gfmparts.com\/wp-content\/uploads\/2024\/11\/excavator-part-description-e1735350735761-600x486.png 600w\" sizes=\"(max-width: 856px) 100vw, 856px\" \/><\/span><\/p>\n<h3><span style=\"color: #ff6600;\">Proceso de producci\u00f3n<\/span><\/h3>\n<p><img decoding=\"async\" class=\"size-large wp-image-3043 aligncenter\" src=\"https:\/\/gfmparts.com\/wp-content\/uploads\/2024\/12\/\u901a\u7528\u751f\u4ea7\u6d41\u7a0b-1-1024x648.jpg\" alt=\"proceso de producci\u00f3n de piezas de excavadora\" width=\"1024\" height=\"648\" srcset=\"\" sizes=\"(max-width: 1024px) 100vw, 1024px\" data-srcset=\"\" \/><\/p>\n<h3><span style=\"color: #ff6600;\">Embalaje y env\u00edo<\/span><\/h3>\n<p style=\"text-align: center;\"><img loading=\"lazy\" decoding=\"async\" class=\"alignnone size-large wp-image-6521\" src=\"https:\/\/gfmparts.com\/wp-content\/uploads\/2025\/05\/Packaging-and-Shipping-1-1-1024x648.jpg\" alt=\"Embalaje y env\u00edo\" width=\"1024\" height=\"648\" srcset=\"https:\/\/gfmparts.com\/wp-content\/uploads\/2025\/05\/Packaging-and-Shipping-1-1-1024x648.jpg 1024w, https:\/\/gfmparts.com\/wp-content\/uploads\/2025\/05\/Packaging-and-Shipping-1-1-300x190.jpg 300w, https:\/\/gfmparts.com\/wp-content\/uploads\/2025\/05\/Packaging-and-Shipping-1-1-768x486.jpg 768w, https:\/\/gfmparts.com\/wp-content\/uploads\/2025\/05\/Packaging-and-Shipping-1-1-1536x973.jpg 1536w, https:\/\/gfmparts.com\/wp-content\/uploads\/2025\/05\/Packaging-and-Shipping-1-1-2048x1297.jpg 2048w, https:\/\/gfmparts.com\/wp-content\/uploads\/2025\/05\/Packaging-and-Shipping-1-1-600x380.jpg 600w\" sizes=\"(max-width: 1024px) 100vw, 1024px\" \/><\/p>\n<h3><span style=\"color: #ff6600;\">Ventajas de la f\u00e1brica<\/span><\/h3>\n<p><span style=\"color: #000000;\">GFM ha sido <a style=\"color: #000000;\" href=\"https:\/\/gfmparts.com\/es_es\/producto\/proveedor-de-rodillos-de-oruga-para-excavadoras-zax870\/\">rodillos portadores al por mayor<\/a> Durante 14 a\u00f1os, la f\u00e1brica de GFM cuenta con un centro de mecanizado CNC de proceso completo y un detector de espectro para garantizar que la composici\u00f3n qu\u00edmica y la resistencia a la tracci\u00f3n (\u22651200 MPa) de cada rodillo cumplan con los est\u00e1ndares. La l\u00ednea de producci\u00f3n est\u00e1 certificada y utiliza el sistema MES para lograr un control de calidad digital, desde la trazabilidad de la materia prima hasta el envasado del producto terminado. El producto ha obtenido la certificaci\u00f3n y satisface las necesidades de suministro integral de fabricantes de equipos originales (OEM) y del mercado de repuestos en Norteam\u00e9rica, el Sudeste Asi\u00e1tico y otras regiones.<\/span><\/p>\n<p><span style=\"color: #000000;\"><strong>Como la mejor excavadora del mundo <a style=\"color: #000000;\" href=\"https:\/\/gfmparts.com\/es_es\/producto\/fabrica-de-rodillos-portadores-de-excavadoras-de-rodillos-superiores\/\">proveedor de rodillos portadores<\/a>Proporcionamos ruedas de soporte Kobelco SK200-3 con:<\/strong><\/span><br \/>\n<span style=\"color: #000000;\"><strong>\u221a taller digital:<\/strong> Utilizando una m\u00e1quina de corte l\u00e1ser y un robot de soldadura ABB para garantizar una tolerancia dimensional de \u00b10,05 mm<\/span><br \/>\n<span style=\"color: #000000;\"><strong>\u221a Sistema de inspecci\u00f3n de triple calidad:<\/strong> An\u00e1lisis del espectro de la materia prima \u2192 Prueba de presi\u00f3n del proceso de ensamblaje \u2192 Verificaci\u00f3n de la condici\u00f3n de trabajo simulada de 72 horas del producto terminado<\/span><\/p>\n<p><strong><span style=\"color: #000000;\">\u00bfPor qu\u00e9 elegir GFM como su proveedor? <a style=\"color: #000000;\" href=\"https:\/\/gfmparts.com\/es_es\/producto\/la-mejor-fabrica-de-rodillos-inferiores-para-excavadoras\/\">proveedor de rodillos portadores<\/a>?<\/span><\/strong><\/p>\n<ul>\n<li><span style=\"color: #000000;\"><strong>Garant\u00eda de alta calidad:<\/strong> Todos los productos de ruedas de cadena de arrastre est\u00e1n fabricados con materiales de alta calidad y se prueban rigurosamente para garantizar un rendimiento estable en diversos entornos hostiles.<\/span><\/li>\n<li><span style=\"color: #000000;\"><strong>Ventajas t\u00e9cnicas:<\/strong> A\u00f1os de experiencia en la industria y el apoyo de un equipo profesional hacen que nuestros productos sean l\u00edderes en la industria en resistencia al desgaste y fuerza.<\/span><\/li>\n<li><span style=\"color: #000000;\"><strong>Personalizaci\u00f3n flexible:<\/strong> Apoyar la producci\u00f3n en masa y servicios de personalizaci\u00f3n personalizados para satisfacer las diversas necesidades de los clientes.<\/span><\/li>\n<li><span style=\"color: #000000;\"><strong>Servicio perfecto:<\/strong> Desde la consulta sobre el producto hasta el soporte posventa, GFM siempre toma la satisfacci\u00f3n del cliente como n\u00facleo y ofrece una gama completa de garant\u00edas de servicio.<\/span><\/li>\n<\/ul>\n<p style=\"text-align: center;\"><span style=\"color: #000000;\"><img loading=\"lazy\" decoding=\"async\" class=\"alignnone wp-image-2159\" src=\"https:\/\/gfmparts.com\/wp-content\/uploads\/2024\/12\/\u5fae\u4fe1\u56fe\u7247_20241202160325-1024x576.jpg\" alt=\"fabricante de rodillos portadores\" width=\"767\" height=\"431\" srcset=\"\" sizes=\"(max-width: 767px) 100vw, 767px\" data-srcset=\"\" \/><\/span><\/p>","protected":false},"excerpt":{"rendered":"<ul>\n<li><span style=\"color: #000000;\">Calidad del producto garantizada<\/span><\/li>\n<li><span style=\"color: #000000;\">Gran suministro<\/span><\/li>\n<li><span style=\"color: #000000;\">Precios competitivos<\/span><\/li>\n<li><span style=\"color: #000000;\">La mayor\u00eda de marcas y modelos<\/span><\/li>\n<li><span style=\"color: #000000;\">Equipo de atenci\u00f3n al cliente servicial<\/span><\/li>\n<li><span style=\"color: #000000;\">Soporte t\u00e9cnico profesional<\/span><\/li>\n<\/ul>","protected":false},"featured_media":3686,"template":"","meta":{"site-sidebar-layout":"default","site-content-layout":"","ast-site-content-layout":"default","site-content-style":"default","site-sidebar-style":"default","ast-global-header-display":"","ast-banner-title-visibility":"","ast-main-header-display":"","ast-hfb-above-header-display":"","ast-hfb-below-header-display":"","ast-hfb-mobile-header-display":"","site-post-title":"","ast-breadcrumbs-content":"","ast-featured-img":"","footer-sml-layout":"","theme-transparent-header-meta":"default","adv-header-id-meta":"","stick-header-meta":"default","header-above-stick-meta":"","header-main-stick-meta":"","header-below-stick-meta":"","astra-migrate-meta-layouts":"set","ast-page-background-enabled":"default","ast-page-background-meta":{"desktop":{"background-color":"","background-image":"","background-repeat":"repeat","background-position":"center center","background-size":"auto","background-attachment":"scroll","background-type":"","background-media":"","overlay-type":"","overlay-color":"","overlay-opacity":"","overlay-gradient":""},"tablet":{"background-color":"","background-image":"","background-repeat":"repeat","background-position":"center center","background-size":"auto","background-attachment":"scroll","background-type":"","background-media":"","overlay-type":"","overlay-color":"","overlay-opacity":"","overlay-gradient":""},"mobile":{"background-color":"","background-image":"","background-repeat":"repeat","background-position":"center center","background-size":"auto","background-attachment":"scroll","background-type":"","background-media":"","overlay-type":"","overlay-color":"","overlay-opacity":"","overlay-gradient":""}},"ast-content-background-meta":{"desktop":{"background-color":"var(--ast-global-color-5)","background-image":"","background-repeat":"repeat","background-position":"center center","background-size":"auto","background-attachment":"scroll","background-type":"","background-media":"","overlay-type":"","overlay-color":"","overlay-opacity":"","overlay-gradient":""},"tablet":{"background-color":"var(--ast-global-color-5)","background-image":"","background-repeat":"repeat","background-position":"center center","background-size":"auto","background-attachment":"scroll","background-type":"","background-media":"","overlay-type":"","overlay-color":"","overlay-opacity":"","overlay-gradient":""},"mobile":{"background-color":"var(--ast-global-color-5)","background-image":"","background-repeat":"repeat","background-position":"center center","background-size":"auto","background-attachment":"scroll","background-type":"","background-media":"","overlay-type":"","overlay-color":"","overlay-opacity":"","overlay-gradient":""}}},"product_cat":[38,30],"product_tag":[128],"class_list":{"0":"post-3685","1":"product","2":"type-product","3":"status-publish","4":"has-post-thumbnail","6":"product_cat-undercarriage","7":"product_cat-carrier-roller","8":"product_tag-kobelco-sk200-3","9":"desktop-align-left","10":"tablet-align-left","11":"mobile-align-left","12":"ast-product-gallery-layout-horizontal-slider","13":"ast-product-gallery-with-no-image","14":"ast-product-tabs-layout-horizontal","16":"first","17":"instock","18":"shipping-taxable","19":"product-type-simple"},"yoast_head":"<!-- This site is optimized with the Yoast SEO Premium plugin v22.8 (Yoast SEO v23.9) - https:\/\/yoast.com\/wordpress\/plugins\/seo\/ -->\n<title>Kobelco SK200-3 Top Roller Excavator Carrier Roller Supplier<\/title>\n<meta name=\"description\" content=\"GFM has been wholesale carrier rollers for 14 years. The GFM factory is equipped with a full-process CNC machining center and a spectrum detector to ensure that the chemical composition and tensile strength (\u22651200MPa) of each roller meet the standards.\" \/>\n<meta name=\"robots\" content=\"index, follow, max-snippet:-1, max-image-preview:large, max-video-preview:-1\" \/>\n<link rel=\"canonical\" href=\"https:\/\/gfmparts.com\/es_es\/producto\/excavadora-de-rodillos-superiores-kobelco\/\" \/>\n<meta property=\"og:locale\" content=\"es_ES\" \/>\n<meta property=\"og:type\" content=\"article\" \/>\n<meta property=\"og:title\" content=\"Kobelco SK200-3 Top Roller Excavator\" \/>\n<meta property=\"og:description\" content=\"GFM has been wholesale carrier rollers for 14 years. The GFM factory is equipped with a full-process CNC machining center and a spectrum detector to ensure that the chemical composition and tensile strength (\u22651200MPa) of each roller meet the standards.\" \/>\n<meta property=\"og:url\" content=\"https:\/\/gfmparts.com\/es_es\/producto\/excavadora-de-rodillos-superiores-kobelco\/\" \/>\n<meta property=\"article:publisher\" content=\"https:\/\/www.facebook.com\/gfmparts\" \/>\n<meta property=\"article:modified_time\" content=\"2025-07-01T05:52:18+00:00\" \/>\n<meta property=\"og:image\" content=\"https:\/\/gfmparts.com\/wp-content\/uploads\/2025\/03\/Kobelco-SK200-3-carrier-roller.png\" \/>\n\t<meta property=\"og:image:width\" content=\"654\" \/>\n\t<meta property=\"og:image:height\" content=\"654\" \/>\n\t<meta property=\"og:image:type\" content=\"image\/png\" \/>\n<meta name=\"twitter:card\" content=\"summary_large_image\" \/>\n<meta name=\"twitter:label1\" content=\"Tiempo de lectura\" \/>\n\t<meta name=\"twitter:data1\" content=\"4 minutos\" \/>\n<script type=\"application\/ld+json\" class=\"yoast-schema-graph\">{\"@context\":\"https:\/\/schema.org\",\"@graph\":[{\"@type\":\"WebPage\",\"@id\":\"https:\/\/gfmparts.com\/product\/kobelco-top-roller-excavator\/\",\"url\":\"https:\/\/gfmparts.com\/product\/kobelco-top-roller-excavator\/\",\"name\":\"Kobelco SK200-3 Top Roller Excavator Carrier Roller Supplier\",\"isPartOf\":{\"@id\":\"https:\/\/gfmparts.com\/#website\"},\"primaryImageOfPage\":{\"@id\":\"https:\/\/gfmparts.com\/product\/kobelco-top-roller-excavator\/#primaryimage\"},\"image\":{\"@id\":\"https:\/\/gfmparts.com\/product\/kobelco-top-roller-excavator\/#primaryimage\"},\"thumbnailUrl\":\"https:\/\/gfmparts.com\/wp-content\/uploads\/2025\/03\/Kobelco-SK200-3-carrier-roller.png\",\"datePublished\":\"2025-03-07T05:58:41+00:00\",\"dateModified\":\"2025-07-01T05:52:18+00:00\",\"description\":\"GFM has been wholesale carrier rollers for 14 years. The GFM factory is equipped with a full-process CNC machining center and a spectrum detector to ensure that the chemical composition and tensile strength (\u22651200MPa) of each roller meet the standards.\",\"breadcrumb\":{\"@id\":\"https:\/\/gfmparts.com\/product\/kobelco-top-roller-excavator\/#breadcrumb\"},\"inLanguage\":\"es\",\"potentialAction\":[{\"@type\":\"ReadAction\",\"target\":[\"https:\/\/gfmparts.com\/product\/kobelco-top-roller-excavator\/\"]}]},{\"@type\":\"ImageObject\",\"inLanguage\":\"es\",\"@id\":\"https:\/\/gfmparts.com\/product\/kobelco-top-roller-excavator\/#primaryimage\",\"url\":\"https:\/\/gfmparts.com\/wp-content\/uploads\/2025\/03\/Kobelco-SK200-3-carrier-roller.png\",\"contentUrl\":\"https:\/\/gfmparts.com\/wp-content\/uploads\/2025\/03\/Kobelco-SK200-3-carrier-roller.png\",\"width\":654,\"height\":654,\"caption\":\"Kobelco SK200-3 carrier roller\"},{\"@type\":\"BreadcrumbList\",\"@id\":\"https:\/\/gfmparts.com\/product\/kobelco-top-roller-excavator\/#breadcrumb\",\"itemListElement\":[{\"@type\":\"ListItem\",\"position\":1,\"name\":\"\u9996\u9875\",\"item\":\"https:\/\/gfmparts.com\/\"},{\"@type\":\"ListItem\",\"position\":2,\"name\":\"All Product\",\"item\":\"https:\/\/gfmparts.com\/all-product\/\"},{\"@type\":\"ListItem\",\"position\":3,\"name\":\"Kobelco SK200-3 Top Roller Excavator\"}]},{\"@type\":\"WebSite\",\"@id\":\"https:\/\/gfmparts.com\/#website\",\"url\":\"https:\/\/gfmparts.com\/\",\"name\":\"GFM PARTS\",\"description\":\"GFM since 2011 focused on excavator and bulldozer undercarriage parts manufacturing :Track rollers,carrier roller,idler,sprocket,track group,bucket tooth pin.\",\"publisher\":{\"@id\":\"https:\/\/gfmparts.com\/#organization\"},\"alternateName\":\"gfmparts.com\",\"potentialAction\":[{\"@type\":\"SearchAction\",\"target\":{\"@type\":\"EntryPoint\",\"urlTemplate\":\"https:\/\/gfmparts.com\/?s={search_term_string}\"},\"query-input\":{\"@type\":\"PropertyValueSpecification\",\"valueRequired\":true,\"valueName\":\"search_term_string\"}}],\"inLanguage\":\"es\"},{\"@type\":\"Organization\",\"@id\":\"https:\/\/gfmparts.com\/#organization\",\"name\":\"GFM PARTS\",\"url\":\"https:\/\/gfmparts.com\/\",\"logo\":{\"@type\":\"ImageObject\",\"inLanguage\":\"es\",\"@id\":\"https:\/\/gfmparts.com\/#\/schema\/logo\/image\/\",\"url\":\"https:\/\/gfmparts.com\/wp-content\/uploads\/2024\/11\/cropped-GFMparts.com_-2.png\",\"contentUrl\":\"https:\/\/gfmparts.com\/wp-content\/uploads\/2024\/11\/cropped-GFMparts.com_-2.png\",\"width\":5987,\"height\":2564,\"caption\":\"GFM PARTS\"},\"image\":{\"@id\":\"https:\/\/gfmparts.com\/#\/schema\/logo\/image\/\"},\"sameAs\":[\"https:\/\/www.facebook.com\/gfmparts\",\"https:\/\/www.linkedin.com\/company\/gfmparts\/\",\"https:\/\/www.tiktok.com\/@gfmparts\",\"https:\/\/www.youtube.com\/@GFMparts\/featured\"]}]}<\/script>\n<!-- \/ Yoast SEO Premium plugin. -->","yoast_head_json":{"title":"Kobelco SK200-3 Top Roller Excavator Carrier Roller Supplier","description":"GFM has been wholesale carrier rollers for 14 years. The GFM factory is equipped with a full-process CNC machining center and a spectrum detector to ensure that the chemical composition and tensile strength (\u22651200MPa) of each roller meet the standards.","robots":{"index":"index","follow":"follow","max-snippet":"max-snippet:-1","max-image-preview":"max-image-preview:large","max-video-preview":"max-video-preview:-1"},"canonical":"https:\/\/gfmparts.com\/es_es\/producto\/excavadora-de-rodillos-superiores-kobelco\/","og_locale":"es_ES","og_type":"article","og_title":"Kobelco SK200-3 Top Roller Excavator","og_description":"GFM has been wholesale carrier rollers for 14 years. The GFM factory is equipped with a full-process CNC machining center and a spectrum detector to ensure that the chemical composition and tensile strength (\u22651200MPa) of each roller meet the standards.","og_url":"https:\/\/gfmparts.com\/es_es\/producto\/excavadora-de-rodillos-superiores-kobelco\/","article_publisher":"https:\/\/www.facebook.com\/gfmparts","article_modified_time":"2025-07-01T05:52:18+00:00","og_image":[{"width":654,"height":654,"url":"https:\/\/gfmparts.com\/wp-content\/uploads\/2025\/03\/Kobelco-SK200-3-carrier-roller.png","type":"image\/png"}],"twitter_card":"summary_large_image","twitter_misc":{"Tiempo de lectura":"4 minutos"},"schema":{"@context":"https:\/\/schema.org","@graph":[{"@type":"WebPage","@id":"https:\/\/gfmparts.com\/product\/kobelco-top-roller-excavator\/","url":"https:\/\/gfmparts.com\/product\/kobelco-top-roller-excavator\/","name":"Kobelco SK200-3 Top Roller Excavator Carrier Roller Supplier","isPartOf":{"@id":"https:\/\/gfmparts.com\/#website"},"primaryImageOfPage":{"@id":"https:\/\/gfmparts.com\/product\/kobelco-top-roller-excavator\/#primaryimage"},"image":{"@id":"https:\/\/gfmparts.com\/product\/kobelco-top-roller-excavator\/#primaryimage"},"thumbnailUrl":"https:\/\/gfmparts.com\/wp-content\/uploads\/2025\/03\/Kobelco-SK200-3-carrier-roller.png","datePublished":"2025-03-07T05:58:41+00:00","dateModified":"2025-07-01T05:52:18+00:00","description":"GFM has been wholesale carrier rollers for 14 years. The GFM factory is equipped with a full-process CNC machining center and a spectrum detector to ensure that the chemical composition and tensile strength (\u22651200MPa) of each roller meet the standards.","breadcrumb":{"@id":"https:\/\/gfmparts.com\/product\/kobelco-top-roller-excavator\/#breadcrumb"},"inLanguage":"es","potentialAction":[{"@type":"ReadAction","target":["https:\/\/gfmparts.com\/product\/kobelco-top-roller-excavator\/"]}]},{"@type":"ImageObject","inLanguage":"es","@id":"https:\/\/gfmparts.com\/product\/kobelco-top-roller-excavator\/#primaryimage","url":"https:\/\/gfmparts.com\/wp-content\/uploads\/2025\/03\/Kobelco-SK200-3-carrier-roller.png","contentUrl":"https:\/\/gfmparts.com\/wp-content\/uploads\/2025\/03\/Kobelco-SK200-3-carrier-roller.png","width":654,"height":654,"caption":"Kobelco SK200-3 carrier roller"},{"@type":"BreadcrumbList","@id":"https:\/\/gfmparts.com\/product\/kobelco-top-roller-excavator\/#breadcrumb","itemListElement":[{"@type":"ListItem","position":1,"name":"\u9996\u9875","item":"https:\/\/gfmparts.com\/"},{"@type":"ListItem","position":2,"name":"All Product","item":"https:\/\/gfmparts.com\/all-product\/"},{"@type":"ListItem","position":3,"name":"Kobelco SK200-3 Top Roller Excavator"}]},{"@type":"WebSite","@id":"https:\/\/gfmparts.com\/#website","url":"https:\/\/gfmparts.com\/","name":"GFM PARTS","description":"GFM since 2011 focused on excavator and bulldozer undercarriage parts manufacturing :Track rollers,carrier roller,idler,sprocket,track group,bucket tooth pin.","publisher":{"@id":"https:\/\/gfmparts.com\/#organization"},"alternateName":"gfmparts.com","potentialAction":[{"@type":"SearchAction","target":{"@type":"EntryPoint","urlTemplate":"https:\/\/gfmparts.com\/?s={search_term_string}"},"query-input":{"@type":"PropertyValueSpecification","valueRequired":true,"valueName":"search_term_string"}}],"inLanguage":"es"},{"@type":"Organization","@id":"https:\/\/gfmparts.com\/#organization","name":"GFM PARTS","url":"https:\/\/gfmparts.com\/","logo":{"@type":"ImageObject","inLanguage":"es","@id":"https:\/\/gfmparts.com\/#\/schema\/logo\/image\/","url":"https:\/\/gfmparts.com\/wp-content\/uploads\/2024\/11\/cropped-GFMparts.com_-2.png","contentUrl":"https:\/\/gfmparts.com\/wp-content\/uploads\/2024\/11\/cropped-GFMparts.com_-2.png","width":5987,"height":2564,"caption":"GFM PARTS"},"image":{"@id":"https:\/\/gfmparts.com\/#\/schema\/logo\/image\/"},"sameAs":["https:\/\/www.facebook.com\/gfmparts","https:\/\/www.linkedin.com\/company\/gfmparts\/","https:\/\/www.tiktok.com\/@gfmparts","https:\/\/www.youtube.com\/@GFMparts\/featured"]}]}},"_links":{"self":[{"href":"https:\/\/gfmparts.com\/es_es\/wp-json\/wp\/v2\/product\/3685"}],"collection":[{"href":"https:\/\/gfmparts.com\/es_es\/wp-json\/wp\/v2\/product"}],"about":[{"href":"https:\/\/gfmparts.com\/es_es\/wp-json\/wp\/v2\/types\/product"}],"wp:featuredmedia":[{"embeddable":true,"href":"https:\/\/gfmparts.com\/es_es\/wp-json\/wp\/v2\/media\/3686"}],"wp:attachment":[{"href":"https:\/\/gfmparts.com\/es_es\/wp-json\/wp\/v2\/media?parent=3685"}],"wp:term":[{"taxonomy":"product_cat","embeddable":true,"href":"https:\/\/gfmparts.com\/es_es\/wp-json\/wp\/v2\/product_cat?post=3685"},{"taxonomy":"product_tag","embeddable":true,"href":"https:\/\/gfmparts.com\/es_es\/wp-json\/wp\/v2\/product_tag?post=3685"}],"curies":[{"name":"wp","href":"https:\/\/api.w.org\/{rel}","templated":true}]}}