{"id":3720,"date":"2025-03-14T07:20:07","date_gmt":"2025-03-14T07:20:07","guid":{"rendered":"https:\/\/gfmparts.com\/?post_type=product&#038;p=3720"},"modified":"2025-07-16T03:32:34","modified_gmt":"2025-07-16T03:32:34","slug":"mini-excavator-track-shoe-supplier","status":"publish","type":"product","link":"https:\/\/gfmparts.com\/es_es\/producto\/proveedor-de-zapatas-para-miniexcavadoras\/","title":{"rendered":"Proveedor de zapatas para miniexcavadoras"},"content":{"rendered":"<p><span style=\"color: #000000;\">El mini <a style=\"color: #000000;\" href=\"https:\/\/gfmparts.com\/es_es\/producto\/fabricante-de-rodillos-de-oruga-para-miniexcavadoras\/\">Zapata de oruga para excavadora<\/a> Las zapatas de oruga que ofrece GFM est\u00e1n dise\u00f1adas para un funcionamiento eficiente en diversas condiciones de trabajo. Est\u00e1n fabricadas con acero de aleaci\u00f3n de alta resistencia y se fabrican mediante un proceso profesional de tratamiento t\u00e9rmico. Ofrecen una excelente resistencia al desgaste y una capacidad de carga estable. En entornos de construcci\u00f3n hostiles, como barro, grava y alta humedad, las zapatas mantienen un buen agarre y resistencia al impacto, lo que reduce considerablemente el riesgo de inactividad del equipo por desgaste o rotura, ahorrando as\u00ed costos de mantenimiento y reemplazo.<\/span><\/p>\n<ul>\n<li><span style=\"color: #000000;\"><strong>Materiales de alta calidad:<\/strong> Se selecciona acero de aleaci\u00f3n duradero y se somete a un estricto tratamiento t\u00e9rmico y proceso de fortalecimiento de la superficie para aumentar la vida \u00fatil del producto.<\/span><\/li>\n<li><span style=\"color: #000000;\"><strong>Coincidencia de tama\u00f1o precisa:<\/strong> El tama\u00f1o de las zapatas de oruga cumple con los est\u00e1ndares internacionales, es f\u00e1cil de instalar y es perfectamente compatible con los sistemas de chasis de varias marcas de excavadoras peque\u00f1as.<\/span><\/li>\n<li><span style=\"color: #000000;\"><strong>Excelente capacidad de carga:<\/strong> La estructura est\u00e1 optimizada y dise\u00f1ada de acuerdo con las caracter\u00edsticas operativas de las excavadoras peque\u00f1as para garantizar la estabilidad y la seguridad en condiciones de carga pesada.<\/span><\/li>\n<li><span style=\"color: #000000;\"><strong>Excelente resistencia al desgaste:<\/strong> El avanzado proceso de tratamiento de superficie permite que las zapatas de oruga mantengan un rendimiento de agarre confiable en escenarios de uso de alta frecuencia.<\/span><\/li>\n<li><span style=\"color: #000000;\"><strong>Hay una variedad de especificaciones disponibles:<\/strong> Se pueden proporcionar opciones de tama\u00f1o y modelo personalizados seg\u00fan diferentes modelos de m\u00e1quinas, entornos de construcci\u00f3n y requisitos de carga.<\/span><\/li>\n<\/ul>\n<h3><span style=\"color: #ff6600;\">Descripci\u00f3n del Producto<\/span><\/h3>\n<ul>\n<li><span style=\"color: #000000;\"><strong>Cantidad m\u00ednima de pedido:<\/strong>\u00a01 pieza<\/span><\/li>\n<li><span style=\"color: #000000;\"><strong>M\u00e9todo de pago:<\/strong>\u00a0Transferencia bancaria<\/span><\/li>\n<li><span style=\"color: #000000;\"><strong>Marca:<\/strong>\u00a0GFM<\/span><\/li>\n<li><span style=\"color: #000000;\"><strong>Condici\u00f3n:<\/strong>\u00a0Nuevo<\/span><\/li>\n<li><span style=\"color: #000000;\"><strong>Color:<\/strong>\u00a0Amarillo, negro o personalizado<\/span><\/li>\n<li><span style=\"color: #000000;\"><strong>Plazo de entrega:<\/strong>\u00a030 d\u00edas<\/span><\/li>\n<li><span style=\"color: #000000;\"><strong>Garant\u00eda:<\/strong>\u00a01 a\u00f1o<\/span><\/li>\n<li><span style=\"color: #000000;\"><strong>Servicio:<\/strong>\u00a0OEM o ODM<\/span><\/li>\n<li><span style=\"color: #000000;\"><strong>Lugar de origen:<\/strong>\u00a0Fujian, China<\/span><\/li>\n<li><span style=\"color: #000000;\"><strong>Solicitud:<\/strong> Excavador<\/span><\/li>\n<li><span style=\"color: #000000;\"><strong>Embalaje:<\/strong>\u00a0Palet de madera de exportaci\u00f3n est\u00e1ndar<\/span><\/li>\n<\/ul>\n<h3><span style=\"color: #ff6600;\">Caracter\u00edsticas<\/span><\/h3>\n<ul>\n<li><b><\/b><strong><b>Duradero y de larga duraci\u00f3n: <\/b><\/strong>Construido con acero de alta calidad para soportar trabajos duros.<\/li>\n<li><b><\/b><strong><b>Estabilidad mejorada: <\/b><\/strong>Excelente tracci\u00f3n para una operaci\u00f3n segura en cualquier terreno.<\/li>\n<li><b><\/b><strong><b>Vida \u00fatil prolongada: <\/b><\/strong>Reduce el desgaste y protege el tren de rodaje.<\/li>\n<li><b><\/b><strong><b>Resistente al \u00f3xido: <\/b><\/strong>Recubierto para un rendimiento confiable en condiciones dif\u00edciles.<\/li>\n<li><b><\/b><strong><b>Rentable: <\/b><\/strong>Reduce los costos de mantenimiento con una durabilidad superior.<\/li>\n<li><b><\/b><strong><b>Vers\u00e1til: <\/b><\/strong>Perfecto para rocas, barro, arena o terreno blando.<\/li>\n<\/ul>\n<h3><span style=\"color: #ff6600;\">Presupuesto<\/span><\/h3>\n<p style=\"text-align: center;\"><img fetchpriority=\"high\" decoding=\"async\" class=\"alignnone wp-image-3205 size-full\" src=\"https:\/\/gfmparts.com\/wp-content\/uploads\/2024\/12\/excavator-track-shoe-design.png\" alt=\"dise\u00f1o de zapatas de oruga de excavadora\" width=\"616\" height=\"290\" srcset=\"https:\/\/gfmparts.com\/wp-content\/uploads\/2024\/12\/excavator-track-shoe-design.png 616w, https:\/\/gfmparts.com\/wp-content\/uploads\/2024\/12\/excavator-track-shoe-design-300x141.png 300w, https:\/\/gfmparts.com\/wp-content\/uploads\/2024\/12\/excavator-track-shoe-design-600x282.png 600w\" sizes=\"(max-width: 616px) 100vw, 616px\" \/><\/p>\n<p style=\"text-align: center;\"><img decoding=\"async\" class=\"alignnone size-full wp-image-3206\" src=\"https:\/\/gfmparts.com\/wp-content\/uploads\/2024\/12\/excavator-track-shoe-models.png\" alt=\"modelos de zapatas de excavadora\" width=\"669\" height=\"216\" srcset=\"https:\/\/gfmparts.com\/wp-content\/uploads\/2024\/12\/excavator-track-shoe-models.png 669w, https:\/\/gfmparts.com\/wp-content\/uploads\/2024\/12\/excavator-track-shoe-models-300x97.png 300w, https:\/\/gfmparts.com\/wp-content\/uploads\/2024\/12\/excavator-track-shoe-models-600x194.png 600w\" sizes=\"(max-width: 669px) 100vw, 669px\" \/><\/p>\n<h3><span style=\"color: #ff6600;\">Modelos de productos<\/span><\/h3>\n<p style=\"text-align: center;\"><img decoding=\"async\" class=\"alignnone size-full wp-image-3147\" src=\"https:\/\/gfmparts.com\/wp-content\/uploads\/2024\/11\/excavator-part-description-e1735350735761.png\" alt=\"Descripci\u00f3n de la pieza de excavadora\" width=\"856\" height=\"694\" srcset=\"https:\/\/gfmparts.com\/wp-content\/uploads\/2024\/11\/excavator-part-description-e1735350735761.png 856w, https:\/\/gfmparts.com\/wp-content\/uploads\/2024\/11\/excavator-part-description-e1735350735761-300x243.png 300w, https:\/\/gfmparts.com\/wp-content\/uploads\/2024\/11\/excavator-part-description-e1735350735761-768x623.png 768w, https:\/\/gfmparts.com\/wp-content\/uploads\/2024\/11\/excavator-part-description-e1735350735761-600x486.png 600w\" sizes=\"(max-width: 856px) 100vw, 856px\" \/><\/p>\n<h3><span style=\"color: #ff6600;\">Proceso de producci\u00f3n<\/span><\/h3>\n<p style=\"text-align: center;\"><iframe title=\"Reproductor de v\u00eddeo de YouTube\" src=\"https:\/\/www.youtube.com\/embed\/Nj9u7bBv59w?si=nEYwUUSoPTBFYng3\" width=\"1000\" height=\"563\" frameborder=\"0\" allowfullscreen=\"allowfullscreen\"><\/iframe><\/p>\n<p><img loading=\"lazy\" decoding=\"async\" class=\"size-large wp-image-3043 aligncenter\" src=\"https:\/\/gfmparts.com\/wp-content\/uploads\/2024\/12\/\u901a\u7528\u751f\u4ea7\u6d41\u7a0b-1-1024x648.jpg\" alt=\"proceso de producci\u00f3n de piezas de excavadora\" width=\"1024\" height=\"648\" srcset=\"\" sizes=\"(max-width: 1024px) 100vw, 1024px\" data-srcset=\"\" \/><\/p>\n<h3><span style=\"color: #ff6600;\">Embalaje y env\u00edo<\/span><\/h3>\n<p style=\"text-align: center;\"><img loading=\"lazy\" decoding=\"async\" class=\"alignnone size-large wp-image-6521\" src=\"https:\/\/gfmparts.com\/wp-content\/uploads\/2025\/05\/Packaging-and-Shipping-1-1-1024x648.jpg\" alt=\"Embalaje y env\u00edo\" width=\"1024\" height=\"648\" srcset=\"https:\/\/gfmparts.com\/wp-content\/uploads\/2025\/05\/Packaging-and-Shipping-1-1-1024x648.jpg 1024w, https:\/\/gfmparts.com\/wp-content\/uploads\/2025\/05\/Packaging-and-Shipping-1-1-300x190.jpg 300w, https:\/\/gfmparts.com\/wp-content\/uploads\/2025\/05\/Packaging-and-Shipping-1-1-768x486.jpg 768w, https:\/\/gfmparts.com\/wp-content\/uploads\/2025\/05\/Packaging-and-Shipping-1-1-1536x973.jpg 1536w, https:\/\/gfmparts.com\/wp-content\/uploads\/2025\/05\/Packaging-and-Shipping-1-1-2048x1297.jpg 2048w, https:\/\/gfmparts.com\/wp-content\/uploads\/2025\/05\/Packaging-and-Shipping-1-1-600x380.jpg 600w\" sizes=\"(max-width: 1024px) 100vw, 1024px\" \/><\/p>\n<h3><span style=\"color: #ff6600;\">Ventajas de la f\u00e1brica<\/span><\/h3>\n<p><span style=\"color: #000000;\">Como profesional <a href=\"https:\/\/gfmparts.com\/es_es\/producto\/proveedor-de-zapatas-para-excavadoras-de-pantano\/\">fabricante de piezas de excavadora<\/a>GFM cuenta con una larga experiencia en producci\u00f3n y tecnolog\u00eda de vanguardia. Utilizamos equipos de fabricaci\u00f3n y est\u00e1ndares de prueba l\u00edderes a nivel internacional para brindar servicios personalizados. Podemos personalizar placas de cadena que cumplan con las especificaciones y requisitos espec\u00edficos de cada cliente. Ya sea que se trate de tama\u00f1os especiales, materiales espec\u00edficos o requisitos de rendimiento espec\u00edficos, podemos brindarle la soluci\u00f3n perfecta.<\/span><\/p>\n<h4><span style=\"color: #ff6600;\">\u00bfPor qu\u00e9 elegir GFM? <a style=\"color: #ff6600;\" href=\"https:\/\/gfmparts.com\/es_es\/producto\/fabrica-de-zapatas-para-excavadoras\/\">proveedor de zapatas de oruga<\/a>?<\/span><\/h4>\n<ul>\n<li><span style=\"color: #000000;\"><strong>Experiencia profesional en fabricaci\u00f3n:<\/strong> Tenemos muchos a\u00f1os de experiencia en la producci\u00f3n de piezas de chasis de excavadoras y hemos introducido equipos de producci\u00f3n automatizados extranjeros avanzados y sistemas de inspecci\u00f3n de calidad para controlar estrictamente la calidad del producto.<\/span><\/li>\n<li><span style=\"color: #000000;\"><strong>Control de calidad estricto:<\/strong> Desde la adquisici\u00f3n de materia prima hasta la inspecci\u00f3n de f\u00e1brica, cada enlace est\u00e1 estrictamente controlado para garantizar que cada placa de pista cumpla con los est\u00e1ndares internacionales de calidad.<\/span><\/li>\n<li><span style=\"color: #000000;\"><strong>Capacidad de entrega r\u00e1pida:<\/strong> Confiando en un sistema completo de gesti\u00f3n de inventario y log\u00edstica, garantizamos que los productos se env\u00eden en el menor tiempo posible para satisfacer las necesidades urgentes de los compradores globales.<\/span><\/li>\n<li><span style=\"color: #000000;\"><strong>Servicio de personalizaci\u00f3n flexible:<\/strong> Se pueden proporcionar servicios OEM\/ODM seg\u00fan las necesidades del cliente para cumplir con entornos de construcci\u00f3n especiales o requisitos personalizados para garantizar que el plan de adquisiciones sea m\u00e1s competitivo.<\/span><\/li>\n<li><span style=\"color: #000000;\"><strong>Soporte postventa perfecto:<\/strong> Contamos con un equipo t\u00e9cnico profesional para brindar orientaci\u00f3n de instalaci\u00f3n, consulta t\u00e9cnica y soporte de mantenimiento posventa para ayudarlo a resolver sus preocupaciones.<\/span><\/li>\n<\/ul>\n<p><span style=\"color: #000000;\">Si le interesa adquirir o personalizar placas de oruga para excavadoras peque\u00f1as (placas de cadena), no dude en contactarnos y enviarnos una consulta. Le brindaremos soporte integral para sus proyectos de ingenier\u00eda con precios preferenciales, calidad confiable y entrega puntual. \u00a1Cont\u00e1ctenos ahora para obtener m\u00e1s detalles y presupuestos!<\/span><\/p>\n<p style=\"text-align: center;\"><span style=\"color: #000000;\"><img loading=\"lazy\" decoding=\"async\" class=\"alignnone wp-image-2159\" src=\"https:\/\/gfmparts.com\/wp-content\/uploads\/2024\/12\/\u5fae\u4fe1\u56fe\u7247_20241202160325-1024x576.jpg\" alt=\"fabricante de rodillos portadores\" width=\"767\" height=\"431\" srcset=\"\" sizes=\"(max-width: 767px) 100vw, 767px\" data-srcset=\"\" \/><\/span><\/p>","protected":false},"excerpt":{"rendered":"<ul>\n<li><span style=\"color: #000000;\">Calidad del producto garantizada<\/span><\/li>\n<li><span style=\"color: #000000;\">Gran suministro<\/span><\/li>\n<li><span style=\"color: #000000;\">Precios competitivos<\/span><\/li>\n<li><span style=\"color: #000000;\">La mayor\u00eda de marcas y modelos<\/span><\/li>\n<li><span style=\"color: #000000;\">Equipo de atenci\u00f3n al cliente servicial<\/span><\/li>\n<li><span style=\"color: #000000;\">Soporte t\u00e9cnico profesional<\/span><\/li>\n<\/ul>","protected":false},"featured_media":3721,"template":"","meta":{"site-sidebar-layout":"default","site-content-layout":"","ast-site-content-layout":"default","site-content-style":"default","site-sidebar-style":"default","ast-global-header-display":"","ast-banner-title-visibility":"","ast-main-header-display":"","ast-hfb-above-header-display":"","ast-hfb-below-header-display":"","ast-hfb-mobile-header-display":"","site-post-title":"","ast-breadcrumbs-content":"","ast-featured-img":"","footer-sml-layout":"","theme-transparent-header-meta":"default","adv-header-id-meta":"","stick-header-meta":"default","header-above-stick-meta":"","header-main-stick-meta":"","header-below-stick-meta":"","astra-migrate-meta-layouts":"set","ast-page-background-enabled":"default","ast-page-background-meta":{"desktop":{"background-color":"","background-image":"","background-repeat":"repeat","background-position":"center center","background-size":"auto","background-attachment":"scroll","background-type":"","background-media":"","overlay-type":"","overlay-color":"","overlay-opacity":"","overlay-gradient":""},"tablet":{"background-color":"","background-image":"","background-repeat":"repeat","background-position":"center center","background-size":"auto","background-attachment":"scroll","background-type":"","background-media":"","overlay-type":"","overlay-color":"","overlay-opacity":"","overlay-gradient":""},"mobile":{"background-color":"","background-image":"","background-repeat":"repeat","background-position":"center center","background-size":"auto","background-attachment":"scroll","background-type":"","background-media":"","overlay-type":"","overlay-color":"","overlay-opacity":"","overlay-gradient":""}},"ast-content-background-meta":{"desktop":{"background-color":"var(--ast-global-color-5)","background-image":"","background-repeat":"repeat","background-position":"center center","background-size":"auto","background-attachment":"scroll","background-type":"","background-media":"","overlay-type":"","overlay-color":"","overlay-opacity":"","overlay-gradient":""},"tablet":{"background-color":"var(--ast-global-color-5)","background-image":"","background-repeat":"repeat","background-position":"center center","background-size":"auto","background-attachment":"scroll","background-type":"","background-media":"","overlay-type":"","overlay-color":"","overlay-opacity":"","overlay-gradient":""},"mobile":{"background-color":"var(--ast-global-color-5)","background-image":"","background-repeat":"repeat","background-position":"center center","background-size":"auto","background-attachment":"scroll","background-type":"","background-media":"","overlay-type":"","overlay-color":"","overlay-opacity":"","overlay-gradient":""}}},"product_cat":[38,33],"product_tag":[119],"class_list":{"0":"post-3720","1":"product","2":"type-product","3":"status-publish","4":"has-post-thumbnail","6":"product_cat-undercarriage","7":"product_cat-track-shoe","8":"product_tag-mini-excavator","9":"desktop-align-left","10":"tablet-align-left","11":"mobile-align-left","12":"ast-product-gallery-layout-horizontal-slider","13":"ast-product-gallery-with-no-image","14":"ast-product-tabs-layout-horizontal","16":"first","17":"instock","18":"shipping-taxable","19":"product-type-simple"},"yoast_head":"<!-- This site is optimized with the Yoast SEO Premium plugin v22.8 (Yoast SEO v23.9) - https:\/\/yoast.com\/wordpress\/plugins\/seo\/ -->\n<title>Mini Excavator Track Shoe Supplier - OEM&amp;ODM Factory<\/title>\n<meta name=\"description\" content=\"If you are interested in the purchase or customization of mini excavator track shoe, please feel free to contact us and send an inquiry. GFM will provide comprehensive support for your engineering projects with preferential prices and reliable quality.\" \/>\n<meta name=\"robots\" content=\"index, follow, max-snippet:-1, max-image-preview:large, max-video-preview:-1\" \/>\n<link rel=\"canonical\" href=\"https:\/\/gfmparts.com\/es_es\/producto\/proveedor-de-zapatas-para-miniexcavadoras\/\" \/>\n<meta property=\"og:locale\" content=\"es_ES\" \/>\n<meta property=\"og:type\" content=\"article\" \/>\n<meta property=\"og:title\" content=\"Mini Excavator Track Shoe Supplier\" \/>\n<meta property=\"og:description\" content=\"If you are interested in the purchase or customization of mini excavator track shoe, please feel free to contact us and send an inquiry. GFM will provide comprehensive support for your engineering projects with preferential prices and reliable quality.\" \/>\n<meta property=\"og:url\" content=\"https:\/\/gfmparts.com\/es_es\/producto\/proveedor-de-zapatas-para-miniexcavadoras\/\" \/>\n<meta property=\"article:publisher\" content=\"https:\/\/www.facebook.com\/gfmparts\" \/>\n<meta property=\"article:modified_time\" content=\"2025-07-16T03:32:34+00:00\" \/>\n<meta property=\"og:image\" content=\"https:\/\/gfmparts.com\/wp-content\/uploads\/2025\/03\/mini-excavator-track-shoe.png\" \/>\n\t<meta property=\"og:image:width\" content=\"1000\" \/>\n\t<meta property=\"og:image:height\" content=\"1000\" \/>\n\t<meta property=\"og:image:type\" content=\"image\/png\" \/>\n<meta name=\"twitter:card\" content=\"summary_large_image\" \/>\n<meta name=\"twitter:label1\" content=\"Tiempo de lectura\" \/>\n\t<meta name=\"twitter:data1\" content=\"4 minutos\" \/>\n<script type=\"application\/ld+json\" class=\"yoast-schema-graph\">{\"@context\":\"https:\/\/schema.org\",\"@graph\":[{\"@type\":\"WebPage\",\"@id\":\"https:\/\/gfmparts.com\/product\/mini-excavator-track-shoe-supplier\/\",\"url\":\"https:\/\/gfmparts.com\/product\/mini-excavator-track-shoe-supplier\/\",\"name\":\"Mini Excavator Track Shoe Supplier - OEM&ODM Factory\",\"isPartOf\":{\"@id\":\"https:\/\/gfmparts.com\/#website\"},\"primaryImageOfPage\":{\"@id\":\"https:\/\/gfmparts.com\/product\/mini-excavator-track-shoe-supplier\/#primaryimage\"},\"image\":{\"@id\":\"https:\/\/gfmparts.com\/product\/mini-excavator-track-shoe-supplier\/#primaryimage\"},\"thumbnailUrl\":\"https:\/\/gfmparts.com\/wp-content\/uploads\/2025\/03\/mini-excavator-track-shoe.png\",\"datePublished\":\"2025-03-14T07:20:07+00:00\",\"dateModified\":\"2025-07-16T03:32:34+00:00\",\"description\":\"If you are interested in the purchase or customization of mini excavator track shoe, please feel free to contact us and send an inquiry. GFM will provide comprehensive support for your engineering projects with preferential prices and reliable quality.\",\"breadcrumb\":{\"@id\":\"https:\/\/gfmparts.com\/product\/mini-excavator-track-shoe-supplier\/#breadcrumb\"},\"inLanguage\":\"es\",\"potentialAction\":[{\"@type\":\"ReadAction\",\"target\":[\"https:\/\/gfmparts.com\/product\/mini-excavator-track-shoe-supplier\/\"]}]},{\"@type\":\"ImageObject\",\"inLanguage\":\"es\",\"@id\":\"https:\/\/gfmparts.com\/product\/mini-excavator-track-shoe-supplier\/#primaryimage\",\"url\":\"https:\/\/gfmparts.com\/wp-content\/uploads\/2025\/03\/mini-excavator-track-shoe.png\",\"contentUrl\":\"https:\/\/gfmparts.com\/wp-content\/uploads\/2025\/03\/mini-excavator-track-shoe.png\",\"width\":1000,\"height\":1000,\"caption\":\"mini excavator track shoe\"},{\"@type\":\"BreadcrumbList\",\"@id\":\"https:\/\/gfmparts.com\/product\/mini-excavator-track-shoe-supplier\/#breadcrumb\",\"itemListElement\":[{\"@type\":\"ListItem\",\"position\":1,\"name\":\"\u9996\u9875\",\"item\":\"https:\/\/gfmparts.com\/\"},{\"@type\":\"ListItem\",\"position\":2,\"name\":\"All Product\",\"item\":\"https:\/\/gfmparts.com\/all-product\/\"},{\"@type\":\"ListItem\",\"position\":3,\"name\":\"Mini Excavator Track Shoe Supplier\"}]},{\"@type\":\"WebSite\",\"@id\":\"https:\/\/gfmparts.com\/#website\",\"url\":\"https:\/\/gfmparts.com\/\",\"name\":\"GFM PARTS\",\"description\":\"GFM since 2011 focused on excavator and bulldozer undercarriage parts manufacturing :Track rollers,carrier roller,idler,sprocket,track group,bucket tooth pin.\",\"publisher\":{\"@id\":\"https:\/\/gfmparts.com\/#organization\"},\"alternateName\":\"gfmparts.com\",\"potentialAction\":[{\"@type\":\"SearchAction\",\"target\":{\"@type\":\"EntryPoint\",\"urlTemplate\":\"https:\/\/gfmparts.com\/?s={search_term_string}\"},\"query-input\":{\"@type\":\"PropertyValueSpecification\",\"valueRequired\":true,\"valueName\":\"search_term_string\"}}],\"inLanguage\":\"es\"},{\"@type\":\"Organization\",\"@id\":\"https:\/\/gfmparts.com\/#organization\",\"name\":\"GFM PARTS\",\"url\":\"https:\/\/gfmparts.com\/\",\"logo\":{\"@type\":\"ImageObject\",\"inLanguage\":\"es\",\"@id\":\"https:\/\/gfmparts.com\/#\/schema\/logo\/image\/\",\"url\":\"https:\/\/gfmparts.com\/wp-content\/uploads\/2024\/11\/cropped-GFMparts.com_-2.png\",\"contentUrl\":\"https:\/\/gfmparts.com\/wp-content\/uploads\/2024\/11\/cropped-GFMparts.com_-2.png\",\"width\":5987,\"height\":2564,\"caption\":\"GFM PARTS\"},\"image\":{\"@id\":\"https:\/\/gfmparts.com\/#\/schema\/logo\/image\/\"},\"sameAs\":[\"https:\/\/www.facebook.com\/gfmparts\",\"https:\/\/www.linkedin.com\/company\/gfmparts\/\",\"https:\/\/www.tiktok.com\/@gfmparts\",\"https:\/\/www.youtube.com\/@GFMparts\/featured\"]}]}<\/script>\n<!-- \/ Yoast SEO Premium plugin. -->","yoast_head_json":{"title":"Mini Excavator Track Shoe Supplier - OEM&ODM Factory","description":"If you are interested in the purchase or customization of mini excavator track shoe, please feel free to contact us and send an inquiry. GFM will provide comprehensive support for your engineering projects with preferential prices and reliable quality.","robots":{"index":"index","follow":"follow","max-snippet":"max-snippet:-1","max-image-preview":"max-image-preview:large","max-video-preview":"max-video-preview:-1"},"canonical":"https:\/\/gfmparts.com\/es_es\/producto\/proveedor-de-zapatas-para-miniexcavadoras\/","og_locale":"es_ES","og_type":"article","og_title":"Mini Excavator Track Shoe Supplier","og_description":"If you are interested in the purchase or customization of mini excavator track shoe, please feel free to contact us and send an inquiry. GFM will provide comprehensive support for your engineering projects with preferential prices and reliable quality.","og_url":"https:\/\/gfmparts.com\/es_es\/producto\/proveedor-de-zapatas-para-miniexcavadoras\/","article_publisher":"https:\/\/www.facebook.com\/gfmparts","article_modified_time":"2025-07-16T03:32:34+00:00","og_image":[{"width":1000,"height":1000,"url":"https:\/\/gfmparts.com\/wp-content\/uploads\/2025\/03\/mini-excavator-track-shoe.png","type":"image\/png"}],"twitter_card":"summary_large_image","twitter_misc":{"Tiempo de lectura":"4 minutos"},"schema":{"@context":"https:\/\/schema.org","@graph":[{"@type":"WebPage","@id":"https:\/\/gfmparts.com\/product\/mini-excavator-track-shoe-supplier\/","url":"https:\/\/gfmparts.com\/product\/mini-excavator-track-shoe-supplier\/","name":"Mini Excavator Track Shoe Supplier - OEM&ODM Factory","isPartOf":{"@id":"https:\/\/gfmparts.com\/#website"},"primaryImageOfPage":{"@id":"https:\/\/gfmparts.com\/product\/mini-excavator-track-shoe-supplier\/#primaryimage"},"image":{"@id":"https:\/\/gfmparts.com\/product\/mini-excavator-track-shoe-supplier\/#primaryimage"},"thumbnailUrl":"https:\/\/gfmparts.com\/wp-content\/uploads\/2025\/03\/mini-excavator-track-shoe.png","datePublished":"2025-03-14T07:20:07+00:00","dateModified":"2025-07-16T03:32:34+00:00","description":"If you are interested in the purchase or customization of mini excavator track shoe, please feel free to contact us and send an inquiry. GFM will provide comprehensive support for your engineering projects with preferential prices and reliable quality.","breadcrumb":{"@id":"https:\/\/gfmparts.com\/product\/mini-excavator-track-shoe-supplier\/#breadcrumb"},"inLanguage":"es","potentialAction":[{"@type":"ReadAction","target":["https:\/\/gfmparts.com\/product\/mini-excavator-track-shoe-supplier\/"]}]},{"@type":"ImageObject","inLanguage":"es","@id":"https:\/\/gfmparts.com\/product\/mini-excavator-track-shoe-supplier\/#primaryimage","url":"https:\/\/gfmparts.com\/wp-content\/uploads\/2025\/03\/mini-excavator-track-shoe.png","contentUrl":"https:\/\/gfmparts.com\/wp-content\/uploads\/2025\/03\/mini-excavator-track-shoe.png","width":1000,"height":1000,"caption":"mini excavator track shoe"},{"@type":"BreadcrumbList","@id":"https:\/\/gfmparts.com\/product\/mini-excavator-track-shoe-supplier\/#breadcrumb","itemListElement":[{"@type":"ListItem","position":1,"name":"\u9996\u9875","item":"https:\/\/gfmparts.com\/"},{"@type":"ListItem","position":2,"name":"All Product","item":"https:\/\/gfmparts.com\/all-product\/"},{"@type":"ListItem","position":3,"name":"Mini Excavator Track Shoe Supplier"}]},{"@type":"WebSite","@id":"https:\/\/gfmparts.com\/#website","url":"https:\/\/gfmparts.com\/","name":"GFM PARTS","description":"GFM since 2011 focused on excavator and bulldozer undercarriage parts manufacturing :Track rollers,carrier roller,idler,sprocket,track group,bucket tooth pin.","publisher":{"@id":"https:\/\/gfmparts.com\/#organization"},"alternateName":"gfmparts.com","potentialAction":[{"@type":"SearchAction","target":{"@type":"EntryPoint","urlTemplate":"https:\/\/gfmparts.com\/?s={search_term_string}"},"query-input":{"@type":"PropertyValueSpecification","valueRequired":true,"valueName":"search_term_string"}}],"inLanguage":"es"},{"@type":"Organization","@id":"https:\/\/gfmparts.com\/#organization","name":"GFM PARTS","url":"https:\/\/gfmparts.com\/","logo":{"@type":"ImageObject","inLanguage":"es","@id":"https:\/\/gfmparts.com\/#\/schema\/logo\/image\/","url":"https:\/\/gfmparts.com\/wp-content\/uploads\/2024\/11\/cropped-GFMparts.com_-2.png","contentUrl":"https:\/\/gfmparts.com\/wp-content\/uploads\/2024\/11\/cropped-GFMparts.com_-2.png","width":5987,"height":2564,"caption":"GFM PARTS"},"image":{"@id":"https:\/\/gfmparts.com\/#\/schema\/logo\/image\/"},"sameAs":["https:\/\/www.facebook.com\/gfmparts","https:\/\/www.linkedin.com\/company\/gfmparts\/","https:\/\/www.tiktok.com\/@gfmparts","https:\/\/www.youtube.com\/@GFMparts\/featured"]}]}},"_links":{"self":[{"href":"https:\/\/gfmparts.com\/es_es\/wp-json\/wp\/v2\/product\/3720"}],"collection":[{"href":"https:\/\/gfmparts.com\/es_es\/wp-json\/wp\/v2\/product"}],"about":[{"href":"https:\/\/gfmparts.com\/es_es\/wp-json\/wp\/v2\/types\/product"}],"wp:featuredmedia":[{"embeddable":true,"href":"https:\/\/gfmparts.com\/es_es\/wp-json\/wp\/v2\/media\/3721"}],"wp:attachment":[{"href":"https:\/\/gfmparts.com\/es_es\/wp-json\/wp\/v2\/media?parent=3720"}],"wp:term":[{"taxonomy":"product_cat","embeddable":true,"href":"https:\/\/gfmparts.com\/es_es\/wp-json\/wp\/v2\/product_cat?post=3720"},{"taxonomy":"product_tag","embeddable":true,"href":"https:\/\/gfmparts.com\/es_es\/wp-json\/wp\/v2\/product_tag?post=3720"}],"curies":[{"name":"wp","href":"https:\/\/api.w.org\/{rel}","templated":true}]}}