{"id":3727,"date":"2025-03-17T07:54:30","date_gmt":"2025-03-17T07:54:30","guid":{"rendered":"https:\/\/gfmparts.com\/?post_type=product&#038;p=3727"},"modified":"2025-05-07T14:05:13","modified_gmt":"2025-05-07T14:05:13","slug":"high-quality-mini-excavator-track-chain","status":"publish","type":"product","link":"https:\/\/gfmparts.com\/es_es\/producto\/cadena-de-oruga-para-miniexcavadora-de-alta-calidad\/","title":{"rendered":"Cadena de oruga para miniexcavadora de alta calidad"},"content":{"rendered":"<p><span style=\"color: #000000;\">Como empresa l\u00edder <a href=\"https:\/\/gfmparts.com\/es_es\/producto\/proveedor-de-zapatas-para-miniexcavadoras\/\">fabricante de piezas de excavadora<\/a>GFM se compromete a proporcionar alto rendimiento y alta durabilidad. <a href=\"https:\/\/gfmparts.com\/es_es\/producto\/fabricante-de-rodillos-de-oruga-para-miniexcavadoras\/\">cadena de oruga de excavadora<\/a> Productos para usuarios de miniexcavadoras en todo el mundo. Nuestros productos se someten a un estricto control en m\u00faltiples etapas, como el dise\u00f1o, la selecci\u00f3n de materiales y el proceso de fabricaci\u00f3n, para garantizar que cada cadena funcione de forma estable en condiciones de trabajo exigentes, lo que garantiza el funcionamiento de su excavadora.<\/span><\/p>\n<h5><span style=\"color: #ff6600;\">Principales ventajas y caracter\u00edsticas del producto<\/span><\/h5>\n<h6><span style=\"color: #000000;\">Materiales de alta calidad y tecnolog\u00eda avanzada.<\/span><\/h6>\n<p><span style=\"color: #000000;\">Utilizamos materiales de aleaci\u00f3n de alta resistencia de clase mundial y, a trav\u00e9s de procesos de fundici\u00f3n de precisi\u00f3n y tratamiento t\u00e9rmico, la cadena tiene una excelente resistencia al desgaste y a la fatiga, lo que extiende la vida \u00fatil y reduce los costos de mantenimiento.<\/span><\/p>\n<h6><span style=\"color: #000000;\">Excelente rendimiento de transmisi\u00f3n<\/span><\/h6>\n<p><span style=\"color: #000000;\">La estructura de cadena dise\u00f1ada profesionalmente garantiza un proceso de transmisi\u00f3n suave y eficiente, mejora efectivamente la eficiencia operativa de la excavadora y mantiene una excelente transmisi\u00f3n de potencia incluso en entornos de trabajo complejos.<\/span><\/p>\n<h6><span style=\"color: #000000;\">Coincidencia de tama\u00f1o precisa<\/span><\/h6>\n<p><span style=\"color: #000000;\">Para las condiciones de trabajo especiales de las excavadoras peque\u00f1as, ofrecemos una variedad de especificaciones para elegir, y podemos personalizarlas seg\u00fan las necesidades del cliente para garantizar que el producto se adapte perfectamente al equipo de la excavadora y ayude a que el equipo funcione de la mejor manera.<\/span><\/p>\n<h6><span style=\"color: #000000;\">Protecci\u00f3n ambiental verde y dise\u00f1o de bajo ruido.<\/span><\/h6>\n<p><span style=\"color: #000000;\">Durante el proceso de producci\u00f3n, priorizamos la protecci\u00f3n del medio ambiente y el ahorro energ\u00e9tico. El producto ofrece un funcionamiento silencioso y con bajas vibraciones, lo que crea un entorno de trabajo m\u00e1s seguro y c\u00f3modo para los usuarios.<\/span><\/p>\n<h3><span style=\"color: #ff6600;\">Descripci\u00f3n del Producto<\/span><\/h3>\n<ul>\n<li><span style=\"color: #000000;\"><strong>T\u00e9cnica:<\/strong> Forja\u00a0<\/span><\/li>\n<li><span style=\"color: #000000;\"><strong>Materia prima: <\/strong>35MnBH\/40Mn2<\/span><\/li>\n<li><span style=\"color: #000000;\"><strong>Cantidad m\u00ednima de pedido:<\/strong> 1 pieza<\/span><\/li>\n<li><span style=\"color: #000000;\"><strong>M\u00e9todo de pago:<\/strong> Transferencia bancaria<\/span><\/li>\n<li><span style=\"color: #000000;\"><strong>Marca:<\/strong> GFM<\/span><\/li>\n<li><span style=\"color: #000000;\"><strong>Condici\u00f3n:<\/strong> Nuevo<\/span><\/li>\n<li><span style=\"color: #000000;\"><strong>Color:<\/strong> Amarillo, negro o personalizado<\/span><\/li>\n<li><span style=\"color: #000000;\"><strong>Plazo de entrega:<\/strong> 30 d\u00edas<\/span><\/li>\n<li><span style=\"color: #000000;\"><strong>Garant\u00eda:<\/strong> 1 a\u00f1o<\/span><\/li>\n<li><span style=\"color: #000000;\"><strong>Servicio:<\/strong> OEM o ODM<\/span><\/li>\n<li><span style=\"color: #000000;\"><strong>Lugar de origen:<\/strong> Fujian, China<\/span><\/li>\n<li><span style=\"color: #000000;\"><strong>Solicitud:<\/strong> Excavador<\/span><\/li>\n<li><span style=\"color: #000000;\"><strong>Embalaje:<\/strong> Palet de madera de exportaci\u00f3n est\u00e1ndar<\/span><\/li>\n<\/ul>\n<h3><span style=\"color: #ff6600;\">Caracter\u00edsticas<\/span><\/h3>\n<ul>\n<li><b><\/b><span style=\"color: #000000;\"><strong><b>Alta durabilidad<\/b><\/strong>\u2013 Construido con acero de aleaci\u00f3n de primera calidad para soportar un uso intensivo.<\/span><\/li>\n<li><span style=\"color: #000000;\"><b><\/b><strong><b>Ajuste perfecto<\/b><\/strong>\u2013 Dise\u00f1ado con precisi\u00f3n para una compatibilidad perfecta con las principales marcas de excavadoras.<\/span><\/li>\n<li><span style=\"color: #000000;\"><b><\/b><strong><b>Fuerza mejorada<\/b><\/strong>\u2013 Tratado t\u00e9rmicamente para una dureza superior y resistencia al desgaste.<\/span><\/li>\n<li><span style=\"color: #000000;\"><b><\/b><strong><b>Resistente a la corrosi\u00f3n<\/b><\/strong>\u2013 Un recubrimiento especial protege contra la oxidaci\u00f3n en condiciones dif\u00edciles.<\/span><\/li>\n<li><span style=\"color: #000000;\"><b><\/b><strong><b>Funcionamiento suave<\/b><\/strong>\u2013 El dise\u00f1o de baja fricci\u00f3n garantiza un rendimiento silencioso y eficiente.<\/span><\/li>\n<li><span style=\"color: #000000;\"><b><\/b><strong><b>Instalaci\u00f3n r\u00e1pida<\/b><\/strong>\u2013 F\u00e1cil de montar, ahorrando tiempo y reduciendo el tiempo de inactividad.<\/span><\/li>\n<\/ul>\n<h3><span style=\"color: #ff6600;\">Presupuesto<\/span><\/h3>\n<p style=\"text-align: center;\"><img fetchpriority=\"high\" decoding=\"async\" class=\"alignnone size-large wp-image-2860\" src=\"https:\/\/gfmparts.com\/wp-content\/uploads\/2024\/11\/\u94fe\u6761\u6570\u636e\u56fe-2-1024x671.jpg\" alt=\"Descripci\u00f3n del enlace de pista\" width=\"1024\" height=\"671\" srcset=\"\" sizes=\"(max-width: 1024px) 100vw, 1024px\" data-srcset=\"\" \/><\/p>\n<h3><span style=\"color: #ff6600;\">Modelos de productos<\/span><\/h3>\n<p style=\"text-align: center;\"><img decoding=\"async\" class=\"alignnone size-full wp-image-3147\" src=\"https:\/\/gfmparts.com\/wp-content\/uploads\/2024\/11\/excavator-part-description-e1735350735761.png\" alt=\"Descripci\u00f3n de la pieza de excavadora\" width=\"856\" height=\"694\" srcset=\"https:\/\/gfmparts.com\/wp-content\/uploads\/2024\/11\/excavator-part-description-e1735350735761.png 856w, https:\/\/gfmparts.com\/wp-content\/uploads\/2024\/11\/excavator-part-description-e1735350735761-300x243.png 300w, https:\/\/gfmparts.com\/wp-content\/uploads\/2024\/11\/excavator-part-description-e1735350735761-768x623.png 768w, https:\/\/gfmparts.com\/wp-content\/uploads\/2024\/11\/excavator-part-description-e1735350735761-600x486.png 600w\" sizes=\"(max-width: 856px) 100vw, 856px\" \/><\/p>\n<h3><span style=\"color: #ff6600;\">Proceso de producci\u00f3n<\/span><\/h3>\n<p style=\"text-align: center;\"><iframe title=\"Reproductor de v\u00eddeo de YouTube\" src=\"https:\/\/www.youtube.com\/embed\/0MdGoauuqtc?si=qQfjAiRnGnq8PQ2B\" width=\"1000\" height=\"563\" frameborder=\"0\" allowfullscreen=\"allowfullscreen\"><\/iframe><\/p>\n<p><img decoding=\"async\" class=\"size-large wp-image-3043 aligncenter\" src=\"https:\/\/gfmparts.com\/wp-content\/uploads\/2024\/12\/\u901a\u7528\u751f\u4ea7\u6d41\u7a0b-1-1024x648.jpg\" alt=\"proceso de producci\u00f3n de piezas de excavadora\" width=\"1024\" height=\"648\" srcset=\"\" sizes=\"(max-width: 1024px) 100vw, 1024px\" data-srcset=\"\" \/><\/p>\n<h3><span style=\"color: #ff6600;\">Embalaje y env\u00edo<\/span><\/h3>\n<p style=\"text-align: center;\"><img loading=\"lazy\" decoding=\"async\" class=\"alignnone size-large wp-image-6521\" src=\"https:\/\/gfmparts.com\/wp-content\/uploads\/2025\/05\/Packaging-and-Shipping-1-1-1024x648.jpg\" alt=\"Embalaje y env\u00edo\" width=\"1024\" height=\"648\" srcset=\"https:\/\/gfmparts.com\/wp-content\/uploads\/2025\/05\/Packaging-and-Shipping-1-1-1024x648.jpg 1024w, https:\/\/gfmparts.com\/wp-content\/uploads\/2025\/05\/Packaging-and-Shipping-1-1-300x190.jpg 300w, https:\/\/gfmparts.com\/wp-content\/uploads\/2025\/05\/Packaging-and-Shipping-1-1-768x486.jpg 768w, https:\/\/gfmparts.com\/wp-content\/uploads\/2025\/05\/Packaging-and-Shipping-1-1-1536x973.jpg 1536w, https:\/\/gfmparts.com\/wp-content\/uploads\/2025\/05\/Packaging-and-Shipping-1-1-2048x1297.jpg 2048w, https:\/\/gfmparts.com\/wp-content\/uploads\/2025\/05\/Packaging-and-Shipping-1-1-600x380.jpg 600w\" sizes=\"(max-width: 1024px) 100vw, 1024px\" \/><\/p>\n<h3><span style=\"color: #ff6600;\">Ventajas de la f\u00e1brica<\/span><\/h3>\n<h6><span style=\"color: #000000;\">Equipos de producci\u00f3n avanzados<\/span><\/h6>\n<p><span style=\"color: #000000;\">GFM cuenta con l\u00edneas de producci\u00f3n automatizadas y equipos de prueba de primera clase. Desde la materia prima hasta el producto terminado, cada paso se controla estrictamente para garantizar que la calidad del producto se mantenga siempre a la vanguardia de la industria.<\/span><\/p>\n<h6><span style=\"color: #000000;\">Equipo profesional de I+D<\/span><\/h6>\n<p><span style=\"color: #000000;\">Hemos reunido un equipo de I+D altamente calificado y experimentado, innovando constantemente la tecnolog\u00eda y optimizando los productos, y esforz\u00e1ndonos por brindar a los clientes las soluciones m\u00e1s competitivas.<\/span><\/p>\n<h6><span style=\"color: #000000;\">Sistema estricto de gesti\u00f3n de calidad<\/span><\/h6>\n<p><span style=\"color: #000000;\">Gracias a la certificaci\u00f3n ISO y otras certificaciones internacionales de calidad, GFM ha establecido un sistema integral de gesti\u00f3n de calidad. Desde el dise\u00f1o y la fabricaci\u00f3n hasta el servicio posventa, cada etapa controla estrictamente los riesgos de calidad para proteger los intereses del cliente.<\/span><\/p>\n<h6><span style=\"color: #000000;\">Red de servicio posventa perfecta<\/span><\/h6>\n<p><span style=\"color: #000000;\">No solo ofrecemos productos de alta calidad, sino que tambi\u00e9n nos comprometemos a brindar a nuestros clientes un servicio posventa r\u00e1pido y profesional. Nuestros servicios de entrega global garantizan que reciba los accesorios y el soporte t\u00e9cnico necesarios desde el primer momento.<\/span><\/p>\n<p><span style=\"color: #000000;\">Eligiendo GFM <a href=\"https:\/\/gfmparts.com\/es_es\/producto\/rodillo-de-oruga-para-fabrica-de-rodillos-inferiores-de-miniexcavadora\/\">pista de miniexcavadora<\/a> Significa elegir confiabilidad, durabilidad y alta eficiencia. Sin importar las duras condiciones de trabajo, GFM puede proporcionar un soporte de potencia estable para su excavadora, para que su equipo est\u00e9 siempre en \u00f3ptimas condiciones. Cont\u00e1ctenos y consulte nuestros servicios personalizados. Esperamos trabajar con usted para crear una nueva era de operaci\u00f3n eficiente.<\/span><\/p>\n<p style=\"text-align: center;\"><img loading=\"lazy\" decoding=\"async\" class=\"alignnone wp-image-2159\" src=\"https:\/\/gfmparts.com\/wp-content\/uploads\/2024\/12\/\u5fae\u4fe1\u56fe\u7247_20241202160325-1024x576.jpg\" alt=\"Fabricante de piezas para excavadoras\" width=\"800\" height=\"450\" srcset=\"\" sizes=\"(max-width: 800px) 100vw, 800px\" data-srcset=\"\" \/><\/p>","protected":false},"excerpt":{"rendered":"<ul>\n<li><span style=\"color: #000000;\">Calidad del producto garantizada<\/span><\/li>\n<li><span style=\"color: #000000;\">Gran suministro<\/span><\/li>\n<li><span style=\"color: #000000;\">Precios competitivos<\/span><\/li>\n<li><span style=\"color: #000000;\">La mayor\u00eda de marcas y modelos<\/span><\/li>\n<li><span style=\"color: #000000;\">Equipo de atenci\u00f3n al cliente servicial<\/span><\/li>\n<li><span style=\"color: #000000;\">Soporte t\u00e9cnico profesional<\/span><\/li>\n<\/ul>","protected":false},"featured_media":3730,"template":"","meta":{"site-sidebar-layout":"default","site-content-layout":"","ast-site-content-layout":"default","site-content-style":"default","site-sidebar-style":"default","ast-global-header-display":"","ast-banner-title-visibility":"","ast-main-header-display":"","ast-hfb-above-header-display":"","ast-hfb-below-header-display":"","ast-hfb-mobile-header-display":"","site-post-title":"","ast-breadcrumbs-content":"","ast-featured-img":"","footer-sml-layout":"","theme-transparent-header-meta":"default","adv-header-id-meta":"","stick-header-meta":"default","header-above-stick-meta":"","header-main-stick-meta":"","header-below-stick-meta":"","astra-migrate-meta-layouts":"set","ast-page-background-enabled":"default","ast-page-background-meta":{"desktop":{"background-color":"","background-image":"","background-repeat":"repeat","background-position":"center center","background-size":"auto","background-attachment":"scroll","background-type":"","background-media":"","overlay-type":"","overlay-color":"","overlay-opacity":"","overlay-gradient":""},"tablet":{"background-color":"","background-image":"","background-repeat":"repeat","background-position":"center center","background-size":"auto","background-attachment":"scroll","background-type":"","background-media":"","overlay-type":"","overlay-color":"","overlay-opacity":"","overlay-gradient":""},"mobile":{"background-color":"","background-image":"","background-repeat":"repeat","background-position":"center center","background-size":"auto","background-attachment":"scroll","background-type":"","background-media":"","overlay-type":"","overlay-color":"","overlay-opacity":"","overlay-gradient":""}},"ast-content-background-meta":{"desktop":{"background-color":"var(--ast-global-color-5)","background-image":"","background-repeat":"repeat","background-position":"center center","background-size":"auto","background-attachment":"scroll","background-type":"","background-media":"","overlay-type":"","overlay-color":"","overlay-opacity":"","overlay-gradient":""},"tablet":{"background-color":"var(--ast-global-color-5)","background-image":"","background-repeat":"repeat","background-position":"center center","background-size":"auto","background-attachment":"scroll","background-type":"","background-media":"","overlay-type":"","overlay-color":"","overlay-opacity":"","overlay-gradient":""},"mobile":{"background-color":"var(--ast-global-color-5)","background-image":"","background-repeat":"repeat","background-position":"center center","background-size":"auto","background-attachment":"scroll","background-type":"","background-media":"","overlay-type":"","overlay-color":"","overlay-opacity":"","overlay-gradient":""}}},"product_cat":[38,29],"product_tag":[119],"class_list":{"0":"post-3727","1":"product","2":"type-product","3":"status-publish","4":"has-post-thumbnail","6":"product_cat-undercarriage","7":"product_cat-track-link","8":"product_tag-mini-excavator","9":"desktop-align-left","10":"tablet-align-left","11":"mobile-align-left","12":"ast-product-gallery-layout-horizontal-slider","13":"ast-product-tabs-layout-horizontal","15":"first","16":"instock","17":"shipping-taxable","18":"product-type-simple"},"yoast_head":"<!-- This site is optimized with the Yoast SEO Premium plugin v22.8 (Yoast SEO v23.9) - https:\/\/yoast.com\/wordpress\/plugins\/seo\/ -->\n<title>High Quality Mini Excavator Track Chain Suppliers<\/title>\n<meta name=\"description\" content=\"As a leading excavator parts manufacturer, GFM is committed to providing high-performance and high-durability track chain products for mini excavator users around the world.\" \/>\n<meta name=\"robots\" content=\"index, follow, max-snippet:-1, max-image-preview:large, max-video-preview:-1\" \/>\n<link rel=\"canonical\" href=\"https:\/\/gfmparts.com\/es_es\/producto\/cadena-de-oruga-para-miniexcavadora-de-alta-calidad\/\" \/>\n<meta property=\"og:locale\" content=\"es_ES\" \/>\n<meta property=\"og:type\" content=\"article\" \/>\n<meta property=\"og:title\" content=\"High Quality Mini Excavator Track Chain\" \/>\n<meta property=\"og:description\" content=\"As a leading excavator parts manufacturer, GFM is committed to providing high-performance and high-durability track chain products for mini excavator users around the world.\" \/>\n<meta property=\"og:url\" content=\"https:\/\/gfmparts.com\/es_es\/producto\/cadena-de-oruga-para-miniexcavadora-de-alta-calidad\/\" \/>\n<meta property=\"article:publisher\" content=\"https:\/\/www.facebook.com\/gfmparts\" \/>\n<meta property=\"article:modified_time\" content=\"2025-05-07T14:05:13+00:00\" \/>\n<meta property=\"og:image\" content=\"https:\/\/gfmparts.com\/wp-content\/uploads\/2025\/03\/mini-excavator-track-link.png\" \/>\n\t<meta property=\"og:image:width\" content=\"1000\" \/>\n\t<meta property=\"og:image:height\" content=\"1000\" \/>\n\t<meta property=\"og:image:type\" content=\"image\/png\" \/>\n<meta name=\"twitter:card\" content=\"summary_large_image\" \/>\n<meta name=\"twitter:label1\" content=\"Tiempo de lectura\" \/>\n\t<meta name=\"twitter:data1\" content=\"4 minutos\" \/>\n<script type=\"application\/ld+json\" class=\"yoast-schema-graph\">{\"@context\":\"https:\/\/schema.org\",\"@graph\":[{\"@type\":\"WebPage\",\"@id\":\"https:\/\/gfmparts.com\/product\/high-quality-mini-excavator-track-chain\/\",\"url\":\"https:\/\/gfmparts.com\/product\/high-quality-mini-excavator-track-chain\/\",\"name\":\"High Quality Mini Excavator Track Chain Suppliers\",\"isPartOf\":{\"@id\":\"https:\/\/gfmparts.com\/#website\"},\"primaryImageOfPage\":{\"@id\":\"https:\/\/gfmparts.com\/product\/high-quality-mini-excavator-track-chain\/#primaryimage\"},\"image\":{\"@id\":\"https:\/\/gfmparts.com\/product\/high-quality-mini-excavator-track-chain\/#primaryimage\"},\"thumbnailUrl\":\"https:\/\/gfmparts.com\/wp-content\/uploads\/2025\/03\/mini-excavator-track-link.png\",\"datePublished\":\"2025-03-17T07:54:30+00:00\",\"dateModified\":\"2025-05-07T14:05:13+00:00\",\"description\":\"As a leading excavator parts manufacturer, GFM is committed to providing high-performance and high-durability track chain products for mini excavator users around the world.\",\"breadcrumb\":{\"@id\":\"https:\/\/gfmparts.com\/product\/high-quality-mini-excavator-track-chain\/#breadcrumb\"},\"inLanguage\":\"es\",\"potentialAction\":[{\"@type\":\"ReadAction\",\"target\":[\"https:\/\/gfmparts.com\/product\/high-quality-mini-excavator-track-chain\/\"]}]},{\"@type\":\"ImageObject\",\"inLanguage\":\"es\",\"@id\":\"https:\/\/gfmparts.com\/product\/high-quality-mini-excavator-track-chain\/#primaryimage\",\"url\":\"https:\/\/gfmparts.com\/wp-content\/uploads\/2025\/03\/mini-excavator-track-link.png\",\"contentUrl\":\"https:\/\/gfmparts.com\/wp-content\/uploads\/2025\/03\/mini-excavator-track-link.png\",\"width\":1000,\"height\":1000,\"caption\":\"mini excavator track link\"},{\"@type\":\"BreadcrumbList\",\"@id\":\"https:\/\/gfmparts.com\/product\/high-quality-mini-excavator-track-chain\/#breadcrumb\",\"itemListElement\":[{\"@type\":\"ListItem\",\"position\":1,\"name\":\"\u9996\u9875\",\"item\":\"https:\/\/gfmparts.com\/\"},{\"@type\":\"ListItem\",\"position\":2,\"name\":\"All Product\",\"item\":\"https:\/\/gfmparts.com\/all-product\/\"},{\"@type\":\"ListItem\",\"position\":3,\"name\":\"High Quality Mini Excavator Track Chain\"}]},{\"@type\":\"WebSite\",\"@id\":\"https:\/\/gfmparts.com\/#website\",\"url\":\"https:\/\/gfmparts.com\/\",\"name\":\"GFM PARTS\",\"description\":\"GFM since 2011 focused on excavator and bulldozer undercarriage parts manufacturing :Track rollers,carrier roller,idler,sprocket,track group,bucket tooth pin.\",\"publisher\":{\"@id\":\"https:\/\/gfmparts.com\/#organization\"},\"alternateName\":\"gfmparts.com\",\"potentialAction\":[{\"@type\":\"SearchAction\",\"target\":{\"@type\":\"EntryPoint\",\"urlTemplate\":\"https:\/\/gfmparts.com\/?s={search_term_string}\"},\"query-input\":{\"@type\":\"PropertyValueSpecification\",\"valueRequired\":true,\"valueName\":\"search_term_string\"}}],\"inLanguage\":\"es\"},{\"@type\":\"Organization\",\"@id\":\"https:\/\/gfmparts.com\/#organization\",\"name\":\"GFM PARTS\",\"url\":\"https:\/\/gfmparts.com\/\",\"logo\":{\"@type\":\"ImageObject\",\"inLanguage\":\"es\",\"@id\":\"https:\/\/gfmparts.com\/#\/schema\/logo\/image\/\",\"url\":\"https:\/\/gfmparts.com\/wp-content\/uploads\/2024\/11\/cropped-GFMparts.com_-2.png\",\"contentUrl\":\"https:\/\/gfmparts.com\/wp-content\/uploads\/2024\/11\/cropped-GFMparts.com_-2.png\",\"width\":5987,\"height\":2564,\"caption\":\"GFM PARTS\"},\"image\":{\"@id\":\"https:\/\/gfmparts.com\/#\/schema\/logo\/image\/\"},\"sameAs\":[\"https:\/\/www.facebook.com\/gfmparts\",\"https:\/\/www.linkedin.com\/company\/gfmparts\/\",\"https:\/\/www.tiktok.com\/@gfmparts\",\"https:\/\/www.youtube.com\/@GFMparts\/featured\"]}]}<\/script>\n<!-- \/ Yoast SEO Premium plugin. -->","yoast_head_json":{"title":"High Quality Mini Excavator Track Chain Suppliers","description":"As a leading excavator parts manufacturer, GFM is committed to providing high-performance and high-durability track chain products for mini excavator users around the world.","robots":{"index":"index","follow":"follow","max-snippet":"max-snippet:-1","max-image-preview":"max-image-preview:large","max-video-preview":"max-video-preview:-1"},"canonical":"https:\/\/gfmparts.com\/es_es\/producto\/cadena-de-oruga-para-miniexcavadora-de-alta-calidad\/","og_locale":"es_ES","og_type":"article","og_title":"High Quality Mini Excavator Track Chain","og_description":"As a leading excavator parts manufacturer, GFM is committed to providing high-performance and high-durability track chain products for mini excavator users around the world.","og_url":"https:\/\/gfmparts.com\/es_es\/producto\/cadena-de-oruga-para-miniexcavadora-de-alta-calidad\/","article_publisher":"https:\/\/www.facebook.com\/gfmparts","article_modified_time":"2025-05-07T14:05:13+00:00","og_image":[{"width":1000,"height":1000,"url":"https:\/\/gfmparts.com\/wp-content\/uploads\/2025\/03\/mini-excavator-track-link.png","type":"image\/png"}],"twitter_card":"summary_large_image","twitter_misc":{"Tiempo de lectura":"4 minutos"},"schema":{"@context":"https:\/\/schema.org","@graph":[{"@type":"WebPage","@id":"https:\/\/gfmparts.com\/product\/high-quality-mini-excavator-track-chain\/","url":"https:\/\/gfmparts.com\/product\/high-quality-mini-excavator-track-chain\/","name":"High Quality Mini Excavator Track Chain Suppliers","isPartOf":{"@id":"https:\/\/gfmparts.com\/#website"},"primaryImageOfPage":{"@id":"https:\/\/gfmparts.com\/product\/high-quality-mini-excavator-track-chain\/#primaryimage"},"image":{"@id":"https:\/\/gfmparts.com\/product\/high-quality-mini-excavator-track-chain\/#primaryimage"},"thumbnailUrl":"https:\/\/gfmparts.com\/wp-content\/uploads\/2025\/03\/mini-excavator-track-link.png","datePublished":"2025-03-17T07:54:30+00:00","dateModified":"2025-05-07T14:05:13+00:00","description":"As a leading excavator parts manufacturer, GFM is committed to providing high-performance and high-durability track chain products for mini excavator users around the world.","breadcrumb":{"@id":"https:\/\/gfmparts.com\/product\/high-quality-mini-excavator-track-chain\/#breadcrumb"},"inLanguage":"es","potentialAction":[{"@type":"ReadAction","target":["https:\/\/gfmparts.com\/product\/high-quality-mini-excavator-track-chain\/"]}]},{"@type":"ImageObject","inLanguage":"es","@id":"https:\/\/gfmparts.com\/product\/high-quality-mini-excavator-track-chain\/#primaryimage","url":"https:\/\/gfmparts.com\/wp-content\/uploads\/2025\/03\/mini-excavator-track-link.png","contentUrl":"https:\/\/gfmparts.com\/wp-content\/uploads\/2025\/03\/mini-excavator-track-link.png","width":1000,"height":1000,"caption":"mini excavator track link"},{"@type":"BreadcrumbList","@id":"https:\/\/gfmparts.com\/product\/high-quality-mini-excavator-track-chain\/#breadcrumb","itemListElement":[{"@type":"ListItem","position":1,"name":"\u9996\u9875","item":"https:\/\/gfmparts.com\/"},{"@type":"ListItem","position":2,"name":"All Product","item":"https:\/\/gfmparts.com\/all-product\/"},{"@type":"ListItem","position":3,"name":"High Quality Mini Excavator Track Chain"}]},{"@type":"WebSite","@id":"https:\/\/gfmparts.com\/#website","url":"https:\/\/gfmparts.com\/","name":"GFM PARTS","description":"GFM since 2011 focused on excavator and bulldozer undercarriage parts manufacturing :Track rollers,carrier roller,idler,sprocket,track group,bucket tooth pin.","publisher":{"@id":"https:\/\/gfmparts.com\/#organization"},"alternateName":"gfmparts.com","potentialAction":[{"@type":"SearchAction","target":{"@type":"EntryPoint","urlTemplate":"https:\/\/gfmparts.com\/?s={search_term_string}"},"query-input":{"@type":"PropertyValueSpecification","valueRequired":true,"valueName":"search_term_string"}}],"inLanguage":"es"},{"@type":"Organization","@id":"https:\/\/gfmparts.com\/#organization","name":"GFM PARTS","url":"https:\/\/gfmparts.com\/","logo":{"@type":"ImageObject","inLanguage":"es","@id":"https:\/\/gfmparts.com\/#\/schema\/logo\/image\/","url":"https:\/\/gfmparts.com\/wp-content\/uploads\/2024\/11\/cropped-GFMparts.com_-2.png","contentUrl":"https:\/\/gfmparts.com\/wp-content\/uploads\/2024\/11\/cropped-GFMparts.com_-2.png","width":5987,"height":2564,"caption":"GFM PARTS"},"image":{"@id":"https:\/\/gfmparts.com\/#\/schema\/logo\/image\/"},"sameAs":["https:\/\/www.facebook.com\/gfmparts","https:\/\/www.linkedin.com\/company\/gfmparts\/","https:\/\/www.tiktok.com\/@gfmparts","https:\/\/www.youtube.com\/@GFMparts\/featured"]}]}},"_links":{"self":[{"href":"https:\/\/gfmparts.com\/es_es\/wp-json\/wp\/v2\/product\/3727"}],"collection":[{"href":"https:\/\/gfmparts.com\/es_es\/wp-json\/wp\/v2\/product"}],"about":[{"href":"https:\/\/gfmparts.com\/es_es\/wp-json\/wp\/v2\/types\/product"}],"wp:featuredmedia":[{"embeddable":true,"href":"https:\/\/gfmparts.com\/es_es\/wp-json\/wp\/v2\/media\/3730"}],"wp:attachment":[{"href":"https:\/\/gfmparts.com\/es_es\/wp-json\/wp\/v2\/media?parent=3727"}],"wp:term":[{"taxonomy":"product_cat","embeddable":true,"href":"https:\/\/gfmparts.com\/es_es\/wp-json\/wp\/v2\/product_cat?post=3727"},{"taxonomy":"product_tag","embeddable":true,"href":"https:\/\/gfmparts.com\/es_es\/wp-json\/wp\/v2\/product_tag?post=3727"}],"curies":[{"name":"wp","href":"https:\/\/api.w.org\/{rel}","templated":true}]}}