{"id":3736,"date":"2025-03-18T06:32:08","date_gmt":"2025-03-18T06:32:08","guid":{"rendered":"https:\/\/gfmparts.com\/?post_type=product&#038;p=3736"},"modified":"2025-07-01T05:49:46","modified_gmt":"2025-07-01T05:49:46","slug":"mini-excavator-carrier-roller-manufacturers","status":"publish","type":"product","link":"https:\/\/gfmparts.com\/es_es\/producto\/fabricantes-de-rodillos-portadores-para-miniexcavadoras\/","title":{"rendered":"Fabricantes de rodillos portadores para miniexcavadoras"},"content":{"rendered":"<p><span style=\"color: #000000;\">Como GFM <a href=\"https:\/\/gfmparts.com\/es_es\/producto\/proveedor-de-rodillos-portadores-de-rodillos-superiores-de-excavadoras\/\">fabricantes de rodillos portadores<\/a>Nos centramos en proporcionar alto rendimiento y alta confiabilidad. <a href=\"https:\/\/gfmparts.com\/es_es\/producto\/cadena-de-oruga-para-miniexcavadora-de-alta-calidad\/\">rodillo superior de excavadora<\/a> Productos para miniexcavadoras. GFM mini <a href=\"https:\/\/gfmparts.com\/es_es\/producto\/fabricante-de-rodillos-de-oruga-para-miniexcavadoras\/\">rodillo portador de excavadora<\/a> Fabricado con materiales de aleaci\u00f3n de alta calidad y avanzados procesos de tratamiento t\u00e9rmico, garantiza una excelente resistencia al desgaste y estabilidad en entornos de trabajo exigentes. Gracias a su dise\u00f1o preciso y a su cumplimiento con las dimensiones est\u00e1ndar internacionales, el producto logra una eficiente transferencia de energ\u00eda y un funcionamiento con baja fricci\u00f3n, proporcionando un soporte de potencia m\u00e1s duradero y fiable para excavadoras peque\u00f1as.<\/span><\/p>\n<ul>\n<li><span style=\"color: #000000;\"><strong>Resistente al desgaste y duradero:<\/strong> Fabricado con materiales de aleaci\u00f3n de alta resistencia, estrictamente tratado t\u00e9rmicamente para extender la vida \u00fatil del producto y reducir la frecuencia de reemplazo.<\/span><\/li>\n<li><span style=\"color: #000000;\"><strong>Coincidencia precisa:<\/strong> Dise\u00f1ado de acuerdo con las dimensiones est\u00e1ndar internacionales, adecuado para una variedad de modelos de excavadoras peque\u00f1as, f\u00e1cil de instalar y funcionamiento suave.<\/span><\/li>\n<li><span style=\"color: #000000;\"><strong>Alta capacidad de carga:<\/strong> El dise\u00f1o estructural optimizado proporciona una mayor capacidad de carga, lo que garantiza un funcionamiento estable en condiciones de carga pesada.<\/span><\/li>\n<li><span style=\"color: #000000;\"><strong>Ahorro de energ\u00eda y protecci\u00f3n del medio ambiente:<\/strong> El dise\u00f1o de baja fricci\u00f3n reduce el consumo de energ\u00eda, mejora la eficiencia general del equipo y ayuda a los proyectos de protecci\u00f3n ambiental ecol\u00f3gicos.<\/span><\/li>\n<li><span style=\"color: #000000;\"><strong>F\u00e1cil de mantener:<\/strong> El dise\u00f1o modular hace que la instalaci\u00f3n y el desmontaje sean m\u00e1s c\u00f3modos, reduciendo los costos de mantenimiento y el tiempo de inactividad.<\/span><\/li>\n<\/ul>\n<h3><span style=\"color: #ff6600;\">Descripci\u00f3n del Producto<\/span><\/h3>\n<ul>\n<li><span style=\"color: #000000;\"><strong>Cantidad m\u00ednima de pedido:<\/strong>\u00a01 pieza<\/span><\/li>\n<li><span style=\"color: #000000;\"><strong>M\u00e9todo de pago:<\/strong>\u00a0Transferencia bancaria<\/span><\/li>\n<li><span style=\"color: #000000;\"><strong>Marca:<\/strong>\u00a0GFM<\/span><\/li>\n<li><span style=\"color: #000000;\"><strong>Condici\u00f3n:<\/strong>\u00a0Nuevo<\/span><\/li>\n<li><span style=\"color: #000000;\"><strong>Color:<\/strong>\u00a0Amarillo, negro o personalizado<\/span><\/li>\n<li><span style=\"color: #000000;\"><strong>Plazo de entrega:<\/strong>\u00a030 d\u00edas<\/span><\/li>\n<li><span style=\"color: #000000;\"><strong>Garant\u00eda:<\/strong>\u00a01 a\u00f1o<\/span><\/li>\n<li><span style=\"color: #000000;\"><strong>Servicio:<\/strong>\u00a0OEM o ODM<\/span><\/li>\n<li><span style=\"color: #000000;\"><strong>Lugar de origen:<\/strong>\u00a0Fujian, China<\/span><\/li>\n<li><span style=\"color: #000000;\"><strong>Solicitud:<\/strong> Excavador<\/span><\/li>\n<li><span style=\"color: #000000;\"><strong>Embalaje:<\/strong> Palet de madera de exportaci\u00f3n est\u00e1ndar<\/span><\/li>\n<\/ul>\n<h3><span style=\"color: #ff6600;\">Caracter\u00edsticas<\/span><\/h3>\n<ul>\n<li><span style=\"color: #000000;\"><b><\/b><strong><b>Durabilidad duradera: <\/b><\/strong>Fabricado con acero resistente al desgaste de alta calidad para m\u00e1xima resistencia y una vida \u00fatil prolongada.<\/span><\/li>\n<li><span style=\"color: #000000;\"><b><\/b><strong><b>Sellado y lubricado<\/b><\/strong>:El dise\u00f1o completamente sellado evita la entrada de suciedad, agua y contaminantes, lo que minimiza el desgaste y el mantenimiento.<\/span><\/li>\n<li><span style=\"color: #000000;\"><b><\/b><strong><b>Funcionamiento suave<\/b><\/strong>Dise\u00f1ado con precisi\u00f3n para brindar un soporte eficiente y estable para la parte superior de la pista.<\/span><\/li>\n<li><span style=\"color: #000000;\"><b><\/b><strong><b>Resistencia a la corrosi\u00f3n<\/b><\/strong>Los tratamientos de superficie resistentes a la corrosi\u00f3n garantizan un funcionamiento confiable en entornos hostiles.<\/span><\/li>\n<li><span style=\"color: #000000;\"><b><\/b><strong><b>Se adapta a varios modelos<\/b><\/strong>:Dise\u00f1ado para adaptarse a una amplia gama de modelos de excavadoras y bulldozers para diversas aplicaciones.<\/span><\/li>\n<li><span style=\"color: #000000;\"><b><\/b><strong><b>Dureza comprobada: <\/b><\/strong>Probado para funcionar de manera confiable en condiciones extremas, reduciendo el tiempo de inactividad y aumentando la productividad.<\/span><\/li>\n<\/ul>\n<p><span style=\"color: #000000;\">En GFM Factory, nuestros rodillos portadores est\u00e1n dise\u00f1ados para optimizar el rendimiento de su maquinaria, garantizando operaciones de seguimiento m\u00e1s suaves y una mayor vida \u00fatil del equipo.<\/span><\/p>\n<p style=\"text-align: center;\"><span style=\"color: #000000;\"><img fetchpriority=\"high\" decoding=\"async\" class=\"alignnone  wp-image-6818\" src=\"https:\/\/gfmparts.com\/wp-content\/uploads\/2025\/03\/carrier-roller-Main-Dimensions-of-Installation-1024x761.png\" alt=\"Dimensiones principales de instalaci\u00f3n del rodillo portador\" width=\"906\" height=\"673\" srcset=\"https:\/\/gfmparts.com\/wp-content\/uploads\/2025\/03\/carrier-roller-Main-Dimensions-of-Installation-1024x761.png 1024w, https:\/\/gfmparts.com\/wp-content\/uploads\/2025\/03\/carrier-roller-Main-Dimensions-of-Installation-300x223.png 300w, https:\/\/gfmparts.com\/wp-content\/uploads\/2025\/03\/carrier-roller-Main-Dimensions-of-Installation-768x571.png 768w, https:\/\/gfmparts.com\/wp-content\/uploads\/2025\/03\/carrier-roller-Main-Dimensions-of-Installation-1536x1141.png 1536w, https:\/\/gfmparts.com\/wp-content\/uploads\/2025\/03\/carrier-roller-Main-Dimensions-of-Installation-16x12.png 16w, https:\/\/gfmparts.com\/wp-content\/uploads\/2025\/03\/carrier-roller-Main-Dimensions-of-Installation-600x446.png 600w, https:\/\/gfmparts.com\/wp-content\/uploads\/2025\/03\/carrier-roller-Main-Dimensions-of-Installation.png 1595w\" sizes=\"(max-width: 906px) 100vw, 906px\" \/><\/span><\/p>\n<h3><span style=\"color: #ff6600;\">Modelos de productos<\/span><\/h3>\n<p style=\"text-align: center;\"><span style=\"color: #000000;\"><img decoding=\"async\" class=\"alignnone size-full wp-image-3147\" src=\"https:\/\/gfmparts.com\/wp-content\/uploads\/2024\/11\/excavator-part-description-e1735350735761.png\" alt=\"Descripci\u00f3n de la pieza de excavadora\" width=\"856\" height=\"694\" srcset=\"https:\/\/gfmparts.com\/wp-content\/uploads\/2024\/11\/excavator-part-description-e1735350735761.png 856w, https:\/\/gfmparts.com\/wp-content\/uploads\/2024\/11\/excavator-part-description-e1735350735761-300x243.png 300w, https:\/\/gfmparts.com\/wp-content\/uploads\/2024\/11\/excavator-part-description-e1735350735761-768x623.png 768w, https:\/\/gfmparts.com\/wp-content\/uploads\/2024\/11\/excavator-part-description-e1735350735761-600x486.png 600w\" sizes=\"(max-width: 856px) 100vw, 856px\" \/><\/span><\/p>\n<h3><span style=\"color: #ff6600;\">Proceso de producci\u00f3n<\/span><\/h3>\n<p><img decoding=\"async\" class=\"size-large wp-image-3043 aligncenter\" src=\"https:\/\/gfmparts.com\/wp-content\/uploads\/2024\/12\/\u901a\u7528\u751f\u4ea7\u6d41\u7a0b-1-1024x648.jpg\" alt=\"proceso de producci\u00f3n de piezas de excavadora\" width=\"1024\" height=\"648\" srcset=\"\" sizes=\"(max-width: 1024px) 100vw, 1024px\" data-srcset=\"\" \/><\/p>\n<h3><span style=\"color: #ff6600;\">Embalaje y env\u00edo<\/span><\/h3>\n<p style=\"text-align: center;\"><img loading=\"lazy\" decoding=\"async\" class=\"alignnone size-large wp-image-6521\" src=\"https:\/\/gfmparts.com\/wp-content\/uploads\/2025\/05\/Packaging-and-Shipping-1-1-1024x648.jpg\" alt=\"Embalaje y env\u00edo\" width=\"1024\" height=\"648\" srcset=\"https:\/\/gfmparts.com\/wp-content\/uploads\/2025\/05\/Packaging-and-Shipping-1-1-1024x648.jpg 1024w, https:\/\/gfmparts.com\/wp-content\/uploads\/2025\/05\/Packaging-and-Shipping-1-1-300x190.jpg 300w, https:\/\/gfmparts.com\/wp-content\/uploads\/2025\/05\/Packaging-and-Shipping-1-1-768x486.jpg 768w, https:\/\/gfmparts.com\/wp-content\/uploads\/2025\/05\/Packaging-and-Shipping-1-1-1536x973.jpg 1536w, https:\/\/gfmparts.com\/wp-content\/uploads\/2025\/05\/Packaging-and-Shipping-1-1-2048x1297.jpg 2048w, https:\/\/gfmparts.com\/wp-content\/uploads\/2025\/05\/Packaging-and-Shipping-1-1-600x380.jpg 600w\" sizes=\"(max-width: 1024px) 100vw, 1024px\" \/><\/p>\n<h3><span style=\"color: #ff6600;\">Ventajas de la f\u00e1brica<\/span><\/h3>\n<p><span style=\"color: #000000;\">GFM cuenta con modernas l\u00edneas de producci\u00f3n y equipos de vanguardia internacional, y cumple estrictamente con el sistema de gesti\u00f3n de calidad ISO. Gracias a un equipo profesional de I+D y a\u00f1os de experiencia en producci\u00f3n, cada rodillo se somete a rigurosas pruebas de calidad para garantizar que cumple con los altos est\u00e1ndares del mercado internacional. No solo ofrecemos productos est\u00e1ndar, sino que tambi\u00e9n ofrecemos soluciones personalizadas seg\u00fan las necesidades del cliente, nos adaptamos r\u00e1pidamente a las fluctuaciones del mercado y nos convertimos en un socio de confianza para clientes globales.<\/span><\/p>\n<p><span style=\"color: #000000;\">Los rodillos superiores para miniexcavadoras GFM han demostrado un excelente rendimiento en ingenier\u00eda, construcci\u00f3n, miner\u00eda y otros campos, y han recibido elogios un\u00e1nimes de clientes nacionales e internacionales. Mediante la innovaci\u00f3n tecnol\u00f3gica continua y un servicio posventa mejorado, nos comprometemos a generar mayor valor para nuestros clientes y a mejorar la eficiencia operativa general de las excavadoras. Ya sea que se trate de una nueva configuraci\u00f3n de m\u00e1quina o de la actualizaci\u00f3n de una antigua, los rodillos GFM son la opci\u00f3n ideal para optimizar costos y mejorar la eficiencia.<\/span><\/p>\n<p><span style=\"color: #000000;\">Al elegir los rodillos portadores para miniexcavadoras de GFM, no solo elige productos de alta calidad y durabilidad, sino tambi\u00e9n un socio con una s\u00f3lida f\u00e1brica y un equipo de servicio profesional. Cont\u00e1ctenos ahora para obtener m\u00e1s informaci\u00f3n sobre nuestros productos y servicios personalizados. \u00a1Deje que GFM le ayude a aprovechar la oportunidad en el competitivo mercado!<\/span><\/p>\n<p style=\"text-align: center;\"><span style=\"color: #000000;\"><img loading=\"lazy\" decoding=\"async\" class=\"alignnone wp-image-2159\" src=\"https:\/\/gfmparts.com\/wp-content\/uploads\/2024\/12\/\u5fae\u4fe1\u56fe\u7247_20241202160325-1024x576.jpg\" alt=\"fabricante de rodillos portadores\" width=\"767\" height=\"431\" srcset=\"\" sizes=\"(max-width: 767px) 100vw, 767px\" data-srcset=\"\" \/><\/span><\/p>","protected":false},"excerpt":{"rendered":"<ul>\n<li><span style=\"color: #000000;\">Calidad del producto garantizada<\/span><\/li>\n<li><span style=\"color: #000000;\">Gran suministro<\/span><\/li>\n<li><span style=\"color: #000000;\">Precios competitivos<\/span><\/li>\n<li><span style=\"color: #000000;\">La mayor\u00eda de marcas y modelos<\/span><\/li>\n<li><span style=\"color: #000000;\">Equipo de atenci\u00f3n al cliente servicial<\/span><\/li>\n<li><span style=\"color: #000000;\">Soporte t\u00e9cnico profesional<\/span><\/li>\n<\/ul>","protected":false},"featured_media":3737,"template":"","meta":{"site-sidebar-layout":"default","site-content-layout":"","ast-site-content-layout":"default","site-content-style":"default","site-sidebar-style":"default","ast-global-header-display":"","ast-banner-title-visibility":"","ast-main-header-display":"","ast-hfb-above-header-display":"","ast-hfb-below-header-display":"","ast-hfb-mobile-header-display":"","site-post-title":"","ast-breadcrumbs-content":"","ast-featured-img":"","footer-sml-layout":"","theme-transparent-header-meta":"default","adv-header-id-meta":"","stick-header-meta":"default","header-above-stick-meta":"","header-main-stick-meta":"","header-below-stick-meta":"","astra-migrate-meta-layouts":"set","ast-page-background-enabled":"default","ast-page-background-meta":{"desktop":{"background-color":"","background-image":"","background-repeat":"repeat","background-position":"center center","background-size":"auto","background-attachment":"scroll","background-type":"","background-media":"","overlay-type":"","overlay-color":"","overlay-opacity":"","overlay-gradient":""},"tablet":{"background-color":"","background-image":"","background-repeat":"repeat","background-position":"center center","background-size":"auto","background-attachment":"scroll","background-type":"","background-media":"","overlay-type":"","overlay-color":"","overlay-opacity":"","overlay-gradient":""},"mobile":{"background-color":"","background-image":"","background-repeat":"repeat","background-position":"center center","background-size":"auto","background-attachment":"scroll","background-type":"","background-media":"","overlay-type":"","overlay-color":"","overlay-opacity":"","overlay-gradient":""}},"ast-content-background-meta":{"desktop":{"background-color":"var(--ast-global-color-5)","background-image":"","background-repeat":"repeat","background-position":"center center","background-size":"auto","background-attachment":"scroll","background-type":"","background-media":"","overlay-type":"","overlay-color":"","overlay-opacity":"","overlay-gradient":""},"tablet":{"background-color":"var(--ast-global-color-5)","background-image":"","background-repeat":"repeat","background-position":"center center","background-size":"auto","background-attachment":"scroll","background-type":"","background-media":"","overlay-type":"","overlay-color":"","overlay-opacity":"","overlay-gradient":""},"mobile":{"background-color":"var(--ast-global-color-5)","background-image":"","background-repeat":"repeat","background-position":"center center","background-size":"auto","background-attachment":"scroll","background-type":"","background-media":"","overlay-type":"","overlay-color":"","overlay-opacity":"","overlay-gradient":""}}},"product_cat":[38,30],"product_tag":[119],"class_list":{"0":"post-3736","1":"product","2":"type-product","3":"status-publish","4":"has-post-thumbnail","6":"product_cat-undercarriage","7":"product_cat-carrier-roller","8":"product_tag-mini-excavator","9":"desktop-align-left","10":"tablet-align-left","11":"mobile-align-left","12":"ast-product-gallery-layout-horizontal-slider","13":"ast-product-gallery-with-no-image","14":"ast-product-tabs-layout-horizontal","16":"first","17":"instock","18":"shipping-taxable","19":"product-type-simple"},"yoast_head":"<!-- This site is optimized with the Yoast SEO Premium plugin v22.8 (Yoast SEO v23.9) - https:\/\/yoast.com\/wordpress\/plugins\/seo\/ -->\n<title>Mini Excavator Carrier Roller Manufacturers<\/title>\n<meta name=\"description\" content=\"GFM mini excavator top roller manufacturer is committed to creating higher value for customers and improving the overall operating efficiency of excavators. Contact us now for more product information and customized services!\" \/>\n<meta name=\"robots\" content=\"index, follow, max-snippet:-1, max-image-preview:large, max-video-preview:-1\" \/>\n<link rel=\"canonical\" href=\"https:\/\/gfmparts.com\/es_es\/producto\/fabricantes-de-rodillos-portadores-para-miniexcavadoras\/\" \/>\n<meta property=\"og:locale\" content=\"es_ES\" \/>\n<meta property=\"og:type\" content=\"article\" \/>\n<meta property=\"og:title\" content=\"Mini Excavator Carrier Roller Manufacturers\" \/>\n<meta property=\"og:description\" content=\"GFM mini excavator top roller manufacturer is committed to creating higher value for customers and improving the overall operating efficiency of excavators. Contact us now for more product information and customized services!\" \/>\n<meta property=\"og:url\" content=\"https:\/\/gfmparts.com\/es_es\/producto\/fabricantes-de-rodillos-portadores-para-miniexcavadoras\/\" \/>\n<meta property=\"article:publisher\" content=\"https:\/\/www.facebook.com\/gfmparts\" \/>\n<meta property=\"article:modified_time\" content=\"2025-07-01T05:49:46+00:00\" \/>\n<meta property=\"og:image\" content=\"https:\/\/gfmparts.com\/wp-content\/uploads\/2025\/03\/Mini-Excavator-Carrier-Roller.png\" \/>\n\t<meta property=\"og:image:width\" content=\"1000\" \/>\n\t<meta property=\"og:image:height\" content=\"1000\" \/>\n\t<meta property=\"og:image:type\" content=\"image\/png\" \/>\n<meta name=\"twitter:card\" content=\"summary_large_image\" \/>\n<meta name=\"twitter:label1\" content=\"Tiempo de lectura\" \/>\n\t<meta name=\"twitter:data1\" content=\"4 minutos\" \/>\n<script type=\"application\/ld+json\" class=\"yoast-schema-graph\">{\"@context\":\"https:\/\/schema.org\",\"@graph\":[{\"@type\":\"WebPage\",\"@id\":\"https:\/\/gfmparts.com\/product\/mini-excavator-carrier-roller-manufacturers\/\",\"url\":\"https:\/\/gfmparts.com\/product\/mini-excavator-carrier-roller-manufacturers\/\",\"name\":\"Mini Excavator Carrier Roller Manufacturers\",\"isPartOf\":{\"@id\":\"https:\/\/gfmparts.com\/#website\"},\"primaryImageOfPage\":{\"@id\":\"https:\/\/gfmparts.com\/product\/mini-excavator-carrier-roller-manufacturers\/#primaryimage\"},\"image\":{\"@id\":\"https:\/\/gfmparts.com\/product\/mini-excavator-carrier-roller-manufacturers\/#primaryimage\"},\"thumbnailUrl\":\"https:\/\/gfmparts.com\/wp-content\/uploads\/2025\/03\/Mini-Excavator-Carrier-Roller.png\",\"datePublished\":\"2025-03-18T06:32:08+00:00\",\"dateModified\":\"2025-07-01T05:49:46+00:00\",\"description\":\"GFM mini excavator top roller manufacturer is committed to creating higher value for customers and improving the overall operating efficiency of excavators. Contact us now for more product information and customized services!\",\"breadcrumb\":{\"@id\":\"https:\/\/gfmparts.com\/product\/mini-excavator-carrier-roller-manufacturers\/#breadcrumb\"},\"inLanguage\":\"es\",\"potentialAction\":[{\"@type\":\"ReadAction\",\"target\":[\"https:\/\/gfmparts.com\/product\/mini-excavator-carrier-roller-manufacturers\/\"]}]},{\"@type\":\"ImageObject\",\"inLanguage\":\"es\",\"@id\":\"https:\/\/gfmparts.com\/product\/mini-excavator-carrier-roller-manufacturers\/#primaryimage\",\"url\":\"https:\/\/gfmparts.com\/wp-content\/uploads\/2025\/03\/Mini-Excavator-Carrier-Roller.png\",\"contentUrl\":\"https:\/\/gfmparts.com\/wp-content\/uploads\/2025\/03\/Mini-Excavator-Carrier-Roller.png\",\"width\":1000,\"height\":1000,\"caption\":\"Mini Excavator Carrier Roller\"},{\"@type\":\"BreadcrumbList\",\"@id\":\"https:\/\/gfmparts.com\/product\/mini-excavator-carrier-roller-manufacturers\/#breadcrumb\",\"itemListElement\":[{\"@type\":\"ListItem\",\"position\":1,\"name\":\"\u9996\u9875\",\"item\":\"https:\/\/gfmparts.com\/\"},{\"@type\":\"ListItem\",\"position\":2,\"name\":\"All Product\",\"item\":\"https:\/\/gfmparts.com\/all-product\/\"},{\"@type\":\"ListItem\",\"position\":3,\"name\":\"Mini Excavator Carrier Roller Manufacturers\"}]},{\"@type\":\"WebSite\",\"@id\":\"https:\/\/gfmparts.com\/#website\",\"url\":\"https:\/\/gfmparts.com\/\",\"name\":\"GFM PARTS\",\"description\":\"GFM since 2011 focused on excavator and bulldozer undercarriage parts manufacturing :Track rollers,carrier roller,idler,sprocket,track group,bucket tooth pin.\",\"publisher\":{\"@id\":\"https:\/\/gfmparts.com\/#organization\"},\"alternateName\":\"gfmparts.com\",\"potentialAction\":[{\"@type\":\"SearchAction\",\"target\":{\"@type\":\"EntryPoint\",\"urlTemplate\":\"https:\/\/gfmparts.com\/?s={search_term_string}\"},\"query-input\":{\"@type\":\"PropertyValueSpecification\",\"valueRequired\":true,\"valueName\":\"search_term_string\"}}],\"inLanguage\":\"es\"},{\"@type\":\"Organization\",\"@id\":\"https:\/\/gfmparts.com\/#organization\",\"name\":\"GFM PARTS\",\"url\":\"https:\/\/gfmparts.com\/\",\"logo\":{\"@type\":\"ImageObject\",\"inLanguage\":\"es\",\"@id\":\"https:\/\/gfmparts.com\/#\/schema\/logo\/image\/\",\"url\":\"https:\/\/gfmparts.com\/wp-content\/uploads\/2024\/11\/cropped-GFMparts.com_-2.png\",\"contentUrl\":\"https:\/\/gfmparts.com\/wp-content\/uploads\/2024\/11\/cropped-GFMparts.com_-2.png\",\"width\":5987,\"height\":2564,\"caption\":\"GFM PARTS\"},\"image\":{\"@id\":\"https:\/\/gfmparts.com\/#\/schema\/logo\/image\/\"},\"sameAs\":[\"https:\/\/www.facebook.com\/gfmparts\",\"https:\/\/www.linkedin.com\/company\/gfmparts\/\",\"https:\/\/www.tiktok.com\/@gfmparts\",\"https:\/\/www.youtube.com\/@GFMparts\/featured\"]}]}<\/script>\n<!-- \/ Yoast SEO Premium plugin. -->","yoast_head_json":{"title":"Mini Excavator Carrier Roller Manufacturers","description":"GFM mini excavator top roller manufacturer is committed to creating higher value for customers and improving the overall operating efficiency of excavators. Contact us now for more product information and customized services!","robots":{"index":"index","follow":"follow","max-snippet":"max-snippet:-1","max-image-preview":"max-image-preview:large","max-video-preview":"max-video-preview:-1"},"canonical":"https:\/\/gfmparts.com\/es_es\/producto\/fabricantes-de-rodillos-portadores-para-miniexcavadoras\/","og_locale":"es_ES","og_type":"article","og_title":"Mini Excavator Carrier Roller Manufacturers","og_description":"GFM mini excavator top roller manufacturer is committed to creating higher value for customers and improving the overall operating efficiency of excavators. Contact us now for more product information and customized services!","og_url":"https:\/\/gfmparts.com\/es_es\/producto\/fabricantes-de-rodillos-portadores-para-miniexcavadoras\/","article_publisher":"https:\/\/www.facebook.com\/gfmparts","article_modified_time":"2025-07-01T05:49:46+00:00","og_image":[{"width":1000,"height":1000,"url":"https:\/\/gfmparts.com\/wp-content\/uploads\/2025\/03\/Mini-Excavator-Carrier-Roller.png","type":"image\/png"}],"twitter_card":"summary_large_image","twitter_misc":{"Tiempo de lectura":"4 minutos"},"schema":{"@context":"https:\/\/schema.org","@graph":[{"@type":"WebPage","@id":"https:\/\/gfmparts.com\/product\/mini-excavator-carrier-roller-manufacturers\/","url":"https:\/\/gfmparts.com\/product\/mini-excavator-carrier-roller-manufacturers\/","name":"Mini Excavator Carrier Roller Manufacturers","isPartOf":{"@id":"https:\/\/gfmparts.com\/#website"},"primaryImageOfPage":{"@id":"https:\/\/gfmparts.com\/product\/mini-excavator-carrier-roller-manufacturers\/#primaryimage"},"image":{"@id":"https:\/\/gfmparts.com\/product\/mini-excavator-carrier-roller-manufacturers\/#primaryimage"},"thumbnailUrl":"https:\/\/gfmparts.com\/wp-content\/uploads\/2025\/03\/Mini-Excavator-Carrier-Roller.png","datePublished":"2025-03-18T06:32:08+00:00","dateModified":"2025-07-01T05:49:46+00:00","description":"GFM mini excavator top roller manufacturer is committed to creating higher value for customers and improving the overall operating efficiency of excavators. Contact us now for more product information and customized services!","breadcrumb":{"@id":"https:\/\/gfmparts.com\/product\/mini-excavator-carrier-roller-manufacturers\/#breadcrumb"},"inLanguage":"es","potentialAction":[{"@type":"ReadAction","target":["https:\/\/gfmparts.com\/product\/mini-excavator-carrier-roller-manufacturers\/"]}]},{"@type":"ImageObject","inLanguage":"es","@id":"https:\/\/gfmparts.com\/product\/mini-excavator-carrier-roller-manufacturers\/#primaryimage","url":"https:\/\/gfmparts.com\/wp-content\/uploads\/2025\/03\/Mini-Excavator-Carrier-Roller.png","contentUrl":"https:\/\/gfmparts.com\/wp-content\/uploads\/2025\/03\/Mini-Excavator-Carrier-Roller.png","width":1000,"height":1000,"caption":"Mini Excavator Carrier Roller"},{"@type":"BreadcrumbList","@id":"https:\/\/gfmparts.com\/product\/mini-excavator-carrier-roller-manufacturers\/#breadcrumb","itemListElement":[{"@type":"ListItem","position":1,"name":"\u9996\u9875","item":"https:\/\/gfmparts.com\/"},{"@type":"ListItem","position":2,"name":"All Product","item":"https:\/\/gfmparts.com\/all-product\/"},{"@type":"ListItem","position":3,"name":"Mini Excavator Carrier Roller Manufacturers"}]},{"@type":"WebSite","@id":"https:\/\/gfmparts.com\/#website","url":"https:\/\/gfmparts.com\/","name":"GFM PARTS","description":"GFM since 2011 focused on excavator and bulldozer undercarriage parts manufacturing :Track rollers,carrier roller,idler,sprocket,track group,bucket tooth pin.","publisher":{"@id":"https:\/\/gfmparts.com\/#organization"},"alternateName":"gfmparts.com","potentialAction":[{"@type":"SearchAction","target":{"@type":"EntryPoint","urlTemplate":"https:\/\/gfmparts.com\/?s={search_term_string}"},"query-input":{"@type":"PropertyValueSpecification","valueRequired":true,"valueName":"search_term_string"}}],"inLanguage":"es"},{"@type":"Organization","@id":"https:\/\/gfmparts.com\/#organization","name":"GFM PARTS","url":"https:\/\/gfmparts.com\/","logo":{"@type":"ImageObject","inLanguage":"es","@id":"https:\/\/gfmparts.com\/#\/schema\/logo\/image\/","url":"https:\/\/gfmparts.com\/wp-content\/uploads\/2024\/11\/cropped-GFMparts.com_-2.png","contentUrl":"https:\/\/gfmparts.com\/wp-content\/uploads\/2024\/11\/cropped-GFMparts.com_-2.png","width":5987,"height":2564,"caption":"GFM PARTS"},"image":{"@id":"https:\/\/gfmparts.com\/#\/schema\/logo\/image\/"},"sameAs":["https:\/\/www.facebook.com\/gfmparts","https:\/\/www.linkedin.com\/company\/gfmparts\/","https:\/\/www.tiktok.com\/@gfmparts","https:\/\/www.youtube.com\/@GFMparts\/featured"]}]}},"_links":{"self":[{"href":"https:\/\/gfmparts.com\/es_es\/wp-json\/wp\/v2\/product\/3736"}],"collection":[{"href":"https:\/\/gfmparts.com\/es_es\/wp-json\/wp\/v2\/product"}],"about":[{"href":"https:\/\/gfmparts.com\/es_es\/wp-json\/wp\/v2\/types\/product"}],"wp:featuredmedia":[{"embeddable":true,"href":"https:\/\/gfmparts.com\/es_es\/wp-json\/wp\/v2\/media\/3737"}],"wp:attachment":[{"href":"https:\/\/gfmparts.com\/es_es\/wp-json\/wp\/v2\/media?parent=3736"}],"wp:term":[{"taxonomy":"product_cat","embeddable":true,"href":"https:\/\/gfmparts.com\/es_es\/wp-json\/wp\/v2\/product_cat?post=3736"},{"taxonomy":"product_tag","embeddable":true,"href":"https:\/\/gfmparts.com\/es_es\/wp-json\/wp\/v2\/product_tag?post=3736"}],"curies":[{"name":"wp","href":"https:\/\/api.w.org\/{rel}","templated":true}]}}