{"id":6801,"date":"2025-06-25T02:19:30","date_gmt":"2025-06-25T02:19:30","guid":{"rendered":"https:\/\/gfmparts.com\/?post_type=product&#038;p=6801"},"modified":"2025-06-25T05:49:40","modified_gmt":"2025-06-25T05:49:40","slug":"komatsu-excavator-track-pin-supplier","status":"publish","type":"product","link":"https:\/\/gfmparts.com\/es_es\/producto\/proveedor-de-pasadores-de-oruga-para-excavadoras-komatsu\/","title":{"rendered":"Proveedor de pasadores de oruga para excavadora Komatsu PC300"},"content":{"rendered":"<p><span style=\"color: #000000;\">Entre las piezas clave de la excavadora, el conjunto de pasadores desempe\u00f1a un papel importante al conectar las partes superior e inferior y soportar la articulaci\u00f3n. En excavadoras medianas y grandes, como el modelo PC300, el... <strong><a href=\"https:\/\/gfmparts.com\/es_es\/producto\/pasador-de-excavadora-pasador-de-cuchara-para-excavadora\/\">pasador de oruga de excavadora<\/a><\/strong> y en forma de T <a href=\"https:\/\/gfmparts.com\/es_es\/producto\/fabricante-de-bujes-para-cucharones-de-excavadora\/\"><strong>excavadora de pasador maestro<\/strong><\/a> No solo debe soportar grandes impactos y frecuentes cargas de movimiento, sino tambi\u00e9n mantener una conexi\u00f3n precisa y un soporte de alta resistencia durante trabajos prolongados. Como profesional <a href=\"https:\/\/gfmparts.com\/es_es\/producto\/proveedor-de-ruedas-dentadas-para-excavadoras-xcmg-xe370\/\"><strong>fabricante de piezas de excavadora<\/strong><\/a>GFM ofrece pasadores de cadena y pasadores maestros en forma de T para excavadoras dise\u00f1ados y adaptados para PC300, que cumplen totalmente con los altos est\u00e1ndares de resistencia, precisi\u00f3n y durabilidad.<\/span><\/p>\n<p><span style=\"color: #000000;\">Los pasadores de oruga y los pasadores maestros de oruga en forma de T para excavadoras, adecuados para PC300, se utilizan generalmente en piezas de conexi\u00f3n clave como cucharones, pasadores de cuchar\u00f3n, etc. Las siguientes son las caracter\u00edsticas principales del producto:<\/span><\/p>\n<p><strong><span style=\"color: #000000;\">Material de acero de aleaci\u00f3n de alta resistencia<\/span><\/strong><br \/>\n<span style=\"color: #000000;\">Utilizamos materiales de alta resistencia 40CR con tratamiento t\u00e9rmico para garantizar que el producto no se doble ni se deforme bajo cargas elevadas. Mediante revenido y temple por inducci\u00f3n, la dureza superficial alcanza HRC 48-52, lo que mejora eficazmente la resistencia al desgaste y prolonga su vida \u00fatil.<\/span><\/p>\n<p><strong><span style=\"color: #000000;\">Procesamiento dimensional de precisi\u00f3n<\/span><\/strong><br \/>\n<span style=\"color: #000000;\">La precisi\u00f3n del producto se controla con un margen de \u00b10,01 mm, siguiendo estrictamente las dimensiones est\u00e1ndar originales de f\u00e1brica del PC300. El pasador en forma de T, en particular, facilita su instalaci\u00f3n y desmontaje, evitando el desgaste prematuro causado por la desviaci\u00f3n de posicionamiento de los pasadores tradicionales.<\/span><\/p>\n<p><strong><span style=\"color: #000000;\">Tratamiento anticorrosi\u00f3n de superficies<\/span><\/strong><br \/>\n<span style=\"color: #000000;\">Galvanizamos, electroforesis o fosfatamos la superficie del pasador para mejorar su resistencia a la corrosi\u00f3n, adecuado para un funcionamiento estable en condiciones de trabajo complejas como lluvia, barro, polvo, etc., no es f\u00e1cil de oxidar o morder.<\/span><\/p>\n<h3><span style=\"color: #ff6600;\">Descripci\u00f3n del Producto<\/span><\/h3>\n<ul>\n<li><span style=\"color: #000000;\"><strong>Materia prima:<\/strong> 40CR<\/span><\/li>\n<li><span style=\"color: #000000;\"><strong>Cantidad m\u00ednima de pedido:<\/strong>\u00a01 pieza<\/span><\/li>\n<li><span style=\"color: #000000;\"><strong>M\u00e9todo de pago:<\/strong>\u00a0Transferencia bancaria<\/span><\/li>\n<li><span style=\"color: #000000;\"><strong>Marca:<\/strong>\u00a0GFM<\/span><\/li>\n<li><span style=\"color: #000000;\"><strong>Condici\u00f3n:<\/strong>\u00a0Nuevo<\/span><\/li>\n<li><span style=\"color: #000000;\"><strong>Color:<\/strong>\u00a0Amarillo, negro o personalizado<\/span><\/li>\n<li><span style=\"color: #000000;\"><strong>Plazo de entrega:<\/strong>\u00a030 d\u00edas<\/span><\/li>\n<li><span style=\"color: #000000;\"><strong>Garant\u00eda:<\/strong>\u00a01 a\u00f1o<\/span><\/li>\n<li><span style=\"color: #000000;\"><strong>Servicio:<\/strong>\u00a0OEM o ODM<\/span><\/li>\n<li><span style=\"color: #000000;\"><strong>Lugar de origen:<\/strong>\u00a0Fujian, China<\/span><\/li>\n<li><span style=\"color: #000000;\"><strong>Solicitud:<\/strong> Excavador<\/span><\/li>\n<li><span style=\"color: #000000;\"><strong>Embalaje:<\/strong>\u00a0Palet de madera de exportaci\u00f3n est\u00e1ndar<\/span><\/li>\n<\/ul>\n<h3><span style=\"color: #ff6600;\">Presupuesto<\/span><\/h3>\n<p style=\"text-align: center;\"><img fetchpriority=\"high\" decoding=\"async\" class=\"alignnone  wp-image-6803\" src=\"https:\/\/gfmparts.com\/wp-content\/uploads\/2025\/06\/Track-Pins-and-Bushing-Specifications-1024x953.png\" alt=\"Especificaciones de pasadores y bujes de oruga\" width=\"971\" height=\"903\" srcset=\"https:\/\/gfmparts.com\/wp-content\/uploads\/2025\/06\/Track-Pins-and-Bushing-Specifications-1024x953.png 1024w, https:\/\/gfmparts.com\/wp-content\/uploads\/2025\/06\/Track-Pins-and-Bushing-Specifications-300x279.png 300w, https:\/\/gfmparts.com\/wp-content\/uploads\/2025\/06\/Track-Pins-and-Bushing-Specifications-768x715.png 768w, https:\/\/gfmparts.com\/wp-content\/uploads\/2025\/06\/Track-Pins-and-Bushing-Specifications-1536x1430.png 1536w, https:\/\/gfmparts.com\/wp-content\/uploads\/2025\/06\/Track-Pins-and-Bushing-Specifications-600x559.png 600w, https:\/\/gfmparts.com\/wp-content\/uploads\/2025\/06\/Track-Pins-and-Bushing-Specifications.png 1597w\" sizes=\"(max-width: 971px) 100vw, 971px\" \/><\/p>\n<h3><span style=\"color: #ff6600;\">Modelos de productos<\/span><\/h3>\n<p style=\"text-align: center;\"><img decoding=\"async\" class=\"alignnone size-full wp-image-3147\" src=\"https:\/\/gfmparts.com\/wp-content\/uploads\/2024\/11\/excavator-part-description-e1735350735761.png\" alt=\"Descripci\u00f3n de la pieza de excavadora\" width=\"856\" height=\"694\" srcset=\"https:\/\/gfmparts.com\/wp-content\/uploads\/2024\/11\/excavator-part-description-e1735350735761.png 856w, https:\/\/gfmparts.com\/wp-content\/uploads\/2024\/11\/excavator-part-description-e1735350735761-300x243.png 300w, https:\/\/gfmparts.com\/wp-content\/uploads\/2024\/11\/excavator-part-description-e1735350735761-768x623.png 768w, https:\/\/gfmparts.com\/wp-content\/uploads\/2024\/11\/excavator-part-description-e1735350735761-600x486.png 600w\" sizes=\"(max-width: 856px) 100vw, 856px\" \/><\/p>\n<h3><span style=\"color: #ff6600;\">Proceso de producci\u00f3n<\/span><\/h3>\n<p><img decoding=\"async\" class=\"size-large wp-image-3043 aligncenter\" src=\"https:\/\/gfmparts.com\/wp-content\/uploads\/2024\/12\/\u901a\u7528\u751f\u4ea7\u6d41\u7a0b-1-1024x648.jpg\" alt=\"proceso de producci\u00f3n de piezas de excavadora\" width=\"1024\" height=\"648\" srcset=\"\" sizes=\"(max-width: 1024px) 100vw, 1024px\" data-srcset=\"\" \/><\/p>\n<h3><span style=\"color: #ff6600;\">Embalaje y env\u00edo<\/span><\/h3>\n<p style=\"text-align: center;\"><img loading=\"lazy\" decoding=\"async\" class=\"alignnone size-large wp-image-6521\" src=\"https:\/\/gfmparts.com\/wp-content\/uploads\/2025\/05\/Packaging-and-Shipping-1-1-1024x648.jpg\" alt=\"Embalaje y env\u00edo\" width=\"1024\" height=\"648\" srcset=\"https:\/\/gfmparts.com\/wp-content\/uploads\/2025\/05\/Packaging-and-Shipping-1-1-1024x648.jpg 1024w, https:\/\/gfmparts.com\/wp-content\/uploads\/2025\/05\/Packaging-and-Shipping-1-1-300x190.jpg 300w, https:\/\/gfmparts.com\/wp-content\/uploads\/2025\/05\/Packaging-and-Shipping-1-1-768x486.jpg 768w, https:\/\/gfmparts.com\/wp-content\/uploads\/2025\/05\/Packaging-and-Shipping-1-1-1536x973.jpg 1536w, https:\/\/gfmparts.com\/wp-content\/uploads\/2025\/05\/Packaging-and-Shipping-1-1-2048x1297.jpg 2048w, https:\/\/gfmparts.com\/wp-content\/uploads\/2025\/05\/Packaging-and-Shipping-1-1-600x380.jpg 600w\" sizes=\"(max-width: 1024px) 100vw, 1024px\" \/><\/p>\n<h3><span style=\"color: #ff6600;\">Ventajas de la f\u00e1brica<\/span><\/h3>\n<p><strong><span style=\"color: #000000;\">M\u00e1s de 14 a\u00f1os de experiencia dedicada, creando una reputaci\u00f3n de calidad.<\/span><\/strong><br \/>\n<span style=\"color: #000000;\">GFM cuenta con m\u00e1s de 15 a\u00f1os de experiencia en la producci\u00f3n de piezas para excavadoras, centr\u00e1ndose en la investigaci\u00f3n, el desarrollo y la fabricaci\u00f3n de ejes de cangilones, pasadores de cangilones, bujes, cadenas, orugas y otras piezas estructurales. Somos conscientes de la importancia de cada componente para el rendimiento de toda la m\u00e1quina, por lo que cada pasador se somete a estrictos controles de calidad, desde la selecci\u00f3n del material hasta la entrega.<\/span><\/p>\n<p><strong><span style=\"color: #000000;\">Equipos de procesamiento de precisi\u00f3n CNC y m\u00faltiples procesos de inspecci\u00f3n<\/span><\/strong><br \/>\n<span style=\"color: #000000;\">En la f\u00e1brica de GFM, utilizamos tornos CNC de alta precisi\u00f3n, rectificadoras autom\u00e1ticas y equipos de perforaci\u00f3n para la producci\u00f3n en masa, garantizando as\u00ed la estabilidad e intercambiabilidad de cada lote de productos. Todos los productos deben superar cuatro procedimientos antes de salir de f\u00e1brica, que incluyen pruebas de dureza, inspecci\u00f3n dimensional, inspecci\u00f3n de apariencia y prueba de carga est\u00e1tica, para garantizar la certificaci\u00f3n 100%.<\/span><\/p>\n<p><strong><span style=\"color: #000000;\">El soporte de servicio personalizado hace que la adaptaci\u00f3n del equipo sea m\u00e1s flexible<\/span><\/strong><br \/>\n<span style=\"color: #000000;\">Entendemos que las diferentes condiciones de trabajo tienen diferentes requisitos en cuanto al tama\u00f1o, la estructura y el procesamiento del material del pasador. GFM ofrece servicios de personalizaci\u00f3n OEM y ODM, admite la personalizaci\u00f3n seg\u00fan planos y tambi\u00e9n puede recomendar materiales y soluciones de tratamiento t\u00e9rmico m\u00e1s adecuados seg\u00fan el entorno de uso del cliente. Por ejemplo:<\/span><\/p>\n<ul>\n<li><span style=\"color: #000000;\">Di\u00e1metro\/longitud personalizados: admite personalizaci\u00f3n no est\u00e1ndar a nivel de 5 mm;<\/span><\/li>\n<li><span style=\"color: #000000;\">Selecci\u00f3n de materiales especiales: como 38CrMoAl, 20MnTiB y otras aleaciones de mayor calidad;<\/span><\/li>\n<li><span style=\"color: #000000;\">Tratamiento de temple o nitruraci\u00f3n de alta frecuencia: adaptarse a operaciones de alto desgaste;<\/span><\/li>\n<li><span style=\"color: #000000;\">Agregue anillos de retenci\u00f3n, orificios de lubricaci\u00f3n o interfaces roscadas: mejore la comodidad del ensamblaje y el rendimiento del mantenimiento.<\/span><\/li>\n<\/ul>\n<p><span style=\"color: #000000;\">Las excavadoras PC300 requieren alta confiabilidad y eficiencia en la obra, pero un peque\u00f1o fallo puede afectar el funcionamiento de toda la m\u00e1quina. GFM siempre insiste en el uso de materiales de calidad, un procesamiento preciso y un control adecuado del proceso para reducir el tiempo de inactividad del equipo y brindar mayor tranquilidad a los clientes.<\/span><\/p>\n<p><span style=\"color: #000000;\">Si est\u00e1 buscando un pasador de oruga para excavadora PC300 personalizable y de alta calidad y una gu\u00eda en forma de T <a href=\"https:\/\/gfmparts.com\/es_es\/producto\/pasador-de-cucharon-de-excavadora-90-al-por-mayor\/\"><strong>Pasador maestro de oruga de excavadora<\/strong><\/a> Accesorios, \u00a1cont\u00e1ctenos y deje los asuntos profesionales en manos de un equipo profesional!<\/span><\/p>\n<p style=\"text-align: center;\"><span style=\"color: #000000;\"><img loading=\"lazy\" decoding=\"async\" class=\"alignnone wp-image-2159\" src=\"https:\/\/gfmparts.com\/wp-content\/uploads\/2024\/12\/\u5fae\u4fe1\u56fe\u7247_20241202160325-1024x576.jpg\" alt=\"fabricante de pasadores de dientes para excavadoras\" width=\"767\" height=\"431\" srcset=\"\" sizes=\"(max-width: 767px) 100vw, 767px\" data-srcset=\"\" \/><\/span><\/p>","protected":false},"excerpt":{"rendered":"<ul>\n<li><span style=\"color: #000000;\">Calidad del producto garantizada<\/span><\/li>\n<li><span style=\"color: #000000;\">Gran suministro<\/span><\/li>\n<li><span style=\"color: #000000;\">Precios competitivos<\/span><\/li>\n<li><span style=\"color: #000000;\">La mayor\u00eda de marcas y modelos<\/span><\/li>\n<li><span style=\"color: #000000;\">Equipo de atenci\u00f3n al cliente servicial<\/span><\/li>\n<li><span style=\"color: #000000;\">Soporte t\u00e9cnico profesional<\/span><\/li>\n<\/ul>","protected":false},"featured_media":6802,"template":"","meta":{"site-sidebar-layout":"default","site-content-layout":"","ast-site-content-layout":"default","site-content-style":"default","site-sidebar-style":"default","ast-global-header-display":"","ast-banner-title-visibility":"","ast-main-header-display":"","ast-hfb-above-header-display":"","ast-hfb-below-header-display":"","ast-hfb-mobile-header-display":"","site-post-title":"","ast-breadcrumbs-content":"","ast-featured-img":"","footer-sml-layout":"","theme-transparent-header-meta":"default","adv-header-id-meta":"","stick-header-meta":"default","header-above-stick-meta":"","header-main-stick-meta":"","header-below-stick-meta":"","astra-migrate-meta-layouts":"set","ast-page-background-enabled":"default","ast-page-background-meta":{"desktop":{"background-color":"","background-image":"","background-repeat":"repeat","background-position":"center center","background-size":"auto","background-attachment":"scroll","background-type":"","background-media":"","overlay-type":"","overlay-color":"","overlay-opacity":"","overlay-gradient":""},"tablet":{"background-color":"","background-image":"","background-repeat":"repeat","background-position":"center center","background-size":"auto","background-attachment":"scroll","background-type":"","background-media":"","overlay-type":"","overlay-color":"","overlay-opacity":"","overlay-gradient":""},"mobile":{"background-color":"","background-image":"","background-repeat":"repeat","background-position":"center center","background-size":"auto","background-attachment":"scroll","background-type":"","background-media":"","overlay-type":"","overlay-color":"","overlay-opacity":"","overlay-gradient":""}},"ast-content-background-meta":{"desktop":{"background-color":"var(--ast-global-color-5)","background-image":"","background-repeat":"repeat","background-position":"center center","background-size":"auto","background-attachment":"scroll","background-type":"","background-media":"","overlay-type":"","overlay-color":"","overlay-opacity":"","overlay-gradient":""},"tablet":{"background-color":"var(--ast-global-color-5)","background-image":"","background-repeat":"repeat","background-position":"center center","background-size":"auto","background-attachment":"scroll","background-type":"","background-media":"","overlay-type":"","overlay-color":"","overlay-opacity":"","overlay-gradient":""},"mobile":{"background-color":"var(--ast-global-color-5)","background-image":"","background-repeat":"repeat","background-position":"center center","background-size":"auto","background-attachment":"scroll","background-type":"","background-media":"","overlay-type":"","overlay-color":"","overlay-opacity":"","overlay-gradient":""}}},"product_cat":[27,172],"product_tag":[148],"class_list":{"0":"post-6801","1":"product","2":"type-product","3":"status-publish","4":"has-post-thumbnail","6":"product_cat-parts","7":"product_cat-track-pin-and-bushing","8":"product_tag-komatsu-pc300","9":"desktop-align-left","10":"tablet-align-left","11":"mobile-align-left","12":"ast-product-gallery-layout-horizontal-slider","13":"ast-product-gallery-with-no-image","14":"ast-product-tabs-layout-horizontal","16":"first","17":"instock","18":"shipping-taxable","19":"product-type-simple"},"yoast_head":"<!-- This site is optimized with the Yoast SEO Premium plugin v22.8 (Yoast SEO v23.9) - https:\/\/yoast.com\/wordpress\/plugins\/seo\/ -->\n<title>Komatsu PC300 Excavator Track Pin Supplier - GFM<\/title>\n<meta name=\"description\" content=\"As a professional excavator parts manufacturer, GFM provides track pins and T-shaped master pin excavator designed and adapted for PC300, which fully meet the high standards of strength, precision and durability.\" \/>\n<meta name=\"robots\" content=\"index, follow, max-snippet:-1, max-image-preview:large, max-video-preview:-1\" \/>\n<link rel=\"canonical\" href=\"https:\/\/gfmparts.com\/es_es\/producto\/proveedor-de-pasadores-de-oruga-para-excavadoras-komatsu\/\" \/>\n<meta property=\"og:locale\" content=\"es_ES\" \/>\n<meta property=\"og:type\" content=\"article\" \/>\n<meta property=\"og:title\" content=\"Komatsu PC300 Excavator Track Pin Supplier\" \/>\n<meta property=\"og:description\" content=\"As a professional excavator parts manufacturer, GFM provides track pins and T-shaped master pin excavator designed and adapted for PC300, which fully meet the high standards of strength, precision and durability.\" \/>\n<meta property=\"og:url\" content=\"https:\/\/gfmparts.com\/es_es\/producto\/proveedor-de-pasadores-de-oruga-para-excavadoras-komatsu\/\" \/>\n<meta property=\"article:publisher\" content=\"https:\/\/www.facebook.com\/gfmparts\" \/>\n<meta property=\"article:modified_time\" content=\"2025-06-25T05:49:40+00:00\" \/>\n<meta property=\"og:image\" content=\"https:\/\/gfmparts.com\/wp-content\/uploads\/2025\/06\/Komatsu-PC300-Excavator-Track-Pin.png\" \/>\n\t<meta property=\"og:image:width\" content=\"1000\" \/>\n\t<meta property=\"og:image:height\" content=\"1000\" \/>\n\t<meta property=\"og:image:type\" content=\"image\/png\" \/>\n<meta name=\"twitter:card\" content=\"summary_large_image\" \/>\n<meta name=\"twitter:label1\" content=\"Tiempo de lectura\" \/>\n\t<meta name=\"twitter:data1\" content=\"4 minutos\" \/>\n<script type=\"application\/ld+json\" class=\"yoast-schema-graph\">{\"@context\":\"https:\/\/schema.org\",\"@graph\":[{\"@type\":\"WebPage\",\"@id\":\"https:\/\/gfmparts.com\/product\/komatsu-excavator-track-pin-supplier\/\",\"url\":\"https:\/\/gfmparts.com\/product\/komatsu-excavator-track-pin-supplier\/\",\"name\":\"Komatsu PC300 Excavator Track Pin Supplier - GFM\",\"isPartOf\":{\"@id\":\"https:\/\/gfmparts.com\/#website\"},\"primaryImageOfPage\":{\"@id\":\"https:\/\/gfmparts.com\/product\/komatsu-excavator-track-pin-supplier\/#primaryimage\"},\"image\":{\"@id\":\"https:\/\/gfmparts.com\/product\/komatsu-excavator-track-pin-supplier\/#primaryimage\"},\"thumbnailUrl\":\"https:\/\/gfmparts.com\/wp-content\/uploads\/2025\/06\/Komatsu-PC300-Excavator-Track-Pin.png\",\"datePublished\":\"2025-06-25T02:19:30+00:00\",\"dateModified\":\"2025-06-25T05:49:40+00:00\",\"description\":\"As a professional excavator parts manufacturer, GFM provides track pins and T-shaped master pin excavator designed and adapted for PC300, which fully meet the high standards of strength, precision and durability.\",\"breadcrumb\":{\"@id\":\"https:\/\/gfmparts.com\/product\/komatsu-excavator-track-pin-supplier\/#breadcrumb\"},\"inLanguage\":\"es\",\"potentialAction\":[{\"@type\":\"ReadAction\",\"target\":[\"https:\/\/gfmparts.com\/product\/komatsu-excavator-track-pin-supplier\/\"]}]},{\"@type\":\"ImageObject\",\"inLanguage\":\"es\",\"@id\":\"https:\/\/gfmparts.com\/product\/komatsu-excavator-track-pin-supplier\/#primaryimage\",\"url\":\"https:\/\/gfmparts.com\/wp-content\/uploads\/2025\/06\/Komatsu-PC300-Excavator-Track-Pin.png\",\"contentUrl\":\"https:\/\/gfmparts.com\/wp-content\/uploads\/2025\/06\/Komatsu-PC300-Excavator-Track-Pin.png\",\"width\":1000,\"height\":1000,\"caption\":\"Komatsu PC300 Excavator Track Pin\"},{\"@type\":\"BreadcrumbList\",\"@id\":\"https:\/\/gfmparts.com\/product\/komatsu-excavator-track-pin-supplier\/#breadcrumb\",\"itemListElement\":[{\"@type\":\"ListItem\",\"position\":1,\"name\":\"\u9996\u9875\",\"item\":\"https:\/\/gfmparts.com\/\"},{\"@type\":\"ListItem\",\"position\":2,\"name\":\"All Product\",\"item\":\"https:\/\/gfmparts.com\/all-product\/\"},{\"@type\":\"ListItem\",\"position\":3,\"name\":\"Komatsu PC300 Excavator Track Pin Supplier\"}]},{\"@type\":\"WebSite\",\"@id\":\"https:\/\/gfmparts.com\/#website\",\"url\":\"https:\/\/gfmparts.com\/\",\"name\":\"GFM PARTS\",\"description\":\"GFM since 2011 focused on excavator and bulldozer undercarriage parts manufacturing :Track rollers,carrier roller,idler,sprocket,track group,bucket tooth pin.\",\"publisher\":{\"@id\":\"https:\/\/gfmparts.com\/#organization\"},\"alternateName\":\"gfmparts.com\",\"potentialAction\":[{\"@type\":\"SearchAction\",\"target\":{\"@type\":\"EntryPoint\",\"urlTemplate\":\"https:\/\/gfmparts.com\/?s={search_term_string}\"},\"query-input\":{\"@type\":\"PropertyValueSpecification\",\"valueRequired\":true,\"valueName\":\"search_term_string\"}}],\"inLanguage\":\"es\"},{\"@type\":\"Organization\",\"@id\":\"https:\/\/gfmparts.com\/#organization\",\"name\":\"GFM PARTS\",\"url\":\"https:\/\/gfmparts.com\/\",\"logo\":{\"@type\":\"ImageObject\",\"inLanguage\":\"es\",\"@id\":\"https:\/\/gfmparts.com\/#\/schema\/logo\/image\/\",\"url\":\"https:\/\/gfmparts.com\/wp-content\/uploads\/2024\/11\/cropped-GFMparts.com_-2.png\",\"contentUrl\":\"https:\/\/gfmparts.com\/wp-content\/uploads\/2024\/11\/cropped-GFMparts.com_-2.png\",\"width\":5987,\"height\":2564,\"caption\":\"GFM PARTS\"},\"image\":{\"@id\":\"https:\/\/gfmparts.com\/#\/schema\/logo\/image\/\"},\"sameAs\":[\"https:\/\/www.facebook.com\/gfmparts\",\"https:\/\/www.linkedin.com\/company\/gfmparts\/\",\"https:\/\/www.tiktok.com\/@gfmparts\",\"https:\/\/www.youtube.com\/@GFMparts\/featured\"]}]}<\/script>\n<!-- \/ Yoast SEO Premium plugin. -->","yoast_head_json":{"title":"Komatsu PC300 Excavator Track Pin Supplier - GFM","description":"As a professional excavator parts manufacturer, GFM provides track pins and T-shaped master pin excavator designed and adapted for PC300, which fully meet the high standards of strength, precision and durability.","robots":{"index":"index","follow":"follow","max-snippet":"max-snippet:-1","max-image-preview":"max-image-preview:large","max-video-preview":"max-video-preview:-1"},"canonical":"https:\/\/gfmparts.com\/es_es\/producto\/proveedor-de-pasadores-de-oruga-para-excavadoras-komatsu\/","og_locale":"es_ES","og_type":"article","og_title":"Komatsu PC300 Excavator Track Pin Supplier","og_description":"As a professional excavator parts manufacturer, GFM provides track pins and T-shaped master pin excavator designed and adapted for PC300, which fully meet the high standards of strength, precision and durability.","og_url":"https:\/\/gfmparts.com\/es_es\/producto\/proveedor-de-pasadores-de-oruga-para-excavadoras-komatsu\/","article_publisher":"https:\/\/www.facebook.com\/gfmparts","article_modified_time":"2025-06-25T05:49:40+00:00","og_image":[{"width":1000,"height":1000,"url":"https:\/\/gfmparts.com\/wp-content\/uploads\/2025\/06\/Komatsu-PC300-Excavator-Track-Pin.png","type":"image\/png"}],"twitter_card":"summary_large_image","twitter_misc":{"Tiempo de lectura":"4 minutos"},"schema":{"@context":"https:\/\/schema.org","@graph":[{"@type":"WebPage","@id":"https:\/\/gfmparts.com\/product\/komatsu-excavator-track-pin-supplier\/","url":"https:\/\/gfmparts.com\/product\/komatsu-excavator-track-pin-supplier\/","name":"Komatsu PC300 Excavator Track Pin Supplier - GFM","isPartOf":{"@id":"https:\/\/gfmparts.com\/#website"},"primaryImageOfPage":{"@id":"https:\/\/gfmparts.com\/product\/komatsu-excavator-track-pin-supplier\/#primaryimage"},"image":{"@id":"https:\/\/gfmparts.com\/product\/komatsu-excavator-track-pin-supplier\/#primaryimage"},"thumbnailUrl":"https:\/\/gfmparts.com\/wp-content\/uploads\/2025\/06\/Komatsu-PC300-Excavator-Track-Pin.png","datePublished":"2025-06-25T02:19:30+00:00","dateModified":"2025-06-25T05:49:40+00:00","description":"As a professional excavator parts manufacturer, GFM provides track pins and T-shaped master pin excavator designed and adapted for PC300, which fully meet the high standards of strength, precision and durability.","breadcrumb":{"@id":"https:\/\/gfmparts.com\/product\/komatsu-excavator-track-pin-supplier\/#breadcrumb"},"inLanguage":"es","potentialAction":[{"@type":"ReadAction","target":["https:\/\/gfmparts.com\/product\/komatsu-excavator-track-pin-supplier\/"]}]},{"@type":"ImageObject","inLanguage":"es","@id":"https:\/\/gfmparts.com\/product\/komatsu-excavator-track-pin-supplier\/#primaryimage","url":"https:\/\/gfmparts.com\/wp-content\/uploads\/2025\/06\/Komatsu-PC300-Excavator-Track-Pin.png","contentUrl":"https:\/\/gfmparts.com\/wp-content\/uploads\/2025\/06\/Komatsu-PC300-Excavator-Track-Pin.png","width":1000,"height":1000,"caption":"Komatsu PC300 Excavator Track Pin"},{"@type":"BreadcrumbList","@id":"https:\/\/gfmparts.com\/product\/komatsu-excavator-track-pin-supplier\/#breadcrumb","itemListElement":[{"@type":"ListItem","position":1,"name":"\u9996\u9875","item":"https:\/\/gfmparts.com\/"},{"@type":"ListItem","position":2,"name":"All Product","item":"https:\/\/gfmparts.com\/all-product\/"},{"@type":"ListItem","position":3,"name":"Komatsu PC300 Excavator Track Pin Supplier"}]},{"@type":"WebSite","@id":"https:\/\/gfmparts.com\/#website","url":"https:\/\/gfmparts.com\/","name":"GFM PARTS","description":"GFM since 2011 focused on excavator and bulldozer undercarriage parts manufacturing :Track rollers,carrier roller,idler,sprocket,track group,bucket tooth pin.","publisher":{"@id":"https:\/\/gfmparts.com\/#organization"},"alternateName":"gfmparts.com","potentialAction":[{"@type":"SearchAction","target":{"@type":"EntryPoint","urlTemplate":"https:\/\/gfmparts.com\/?s={search_term_string}"},"query-input":{"@type":"PropertyValueSpecification","valueRequired":true,"valueName":"search_term_string"}}],"inLanguage":"es"},{"@type":"Organization","@id":"https:\/\/gfmparts.com\/#organization","name":"GFM PARTS","url":"https:\/\/gfmparts.com\/","logo":{"@type":"ImageObject","inLanguage":"es","@id":"https:\/\/gfmparts.com\/#\/schema\/logo\/image\/","url":"https:\/\/gfmparts.com\/wp-content\/uploads\/2024\/11\/cropped-GFMparts.com_-2.png","contentUrl":"https:\/\/gfmparts.com\/wp-content\/uploads\/2024\/11\/cropped-GFMparts.com_-2.png","width":5987,"height":2564,"caption":"GFM PARTS"},"image":{"@id":"https:\/\/gfmparts.com\/#\/schema\/logo\/image\/"},"sameAs":["https:\/\/www.facebook.com\/gfmparts","https:\/\/www.linkedin.com\/company\/gfmparts\/","https:\/\/www.tiktok.com\/@gfmparts","https:\/\/www.youtube.com\/@GFMparts\/featured"]}]}},"_links":{"self":[{"href":"https:\/\/gfmparts.com\/es_es\/wp-json\/wp\/v2\/product\/6801"}],"collection":[{"href":"https:\/\/gfmparts.com\/es_es\/wp-json\/wp\/v2\/product"}],"about":[{"href":"https:\/\/gfmparts.com\/es_es\/wp-json\/wp\/v2\/types\/product"}],"wp:featuredmedia":[{"embeddable":true,"href":"https:\/\/gfmparts.com\/es_es\/wp-json\/wp\/v2\/media\/6802"}],"wp:attachment":[{"href":"https:\/\/gfmparts.com\/es_es\/wp-json\/wp\/v2\/media?parent=6801"}],"wp:term":[{"taxonomy":"product_cat","embeddable":true,"href":"https:\/\/gfmparts.com\/es_es\/wp-json\/wp\/v2\/product_cat?post=6801"},{"taxonomy":"product_tag","embeddable":true,"href":"https:\/\/gfmparts.com\/es_es\/wp-json\/wp\/v2\/product_tag?post=6801"}],"curies":[{"name":"wp","href":"https:\/\/api.w.org\/{rel}","templated":true}]}}