{"id":6900,"date":"2025-07-16T01:38:07","date_gmt":"2025-07-16T01:38:07","guid":{"rendered":"https:\/\/gfmparts.com\/?post_type=product&#038;p=6900"},"modified":"2025-07-18T01:38:53","modified_gmt":"2025-07-18T01:38:53","slug":"excavator-track-master-pin-manufacturer","status":"publish","type":"product","link":"https:\/\/gfmparts.com\/es_es\/producto\/fabricante-de-pasadores-maestros-de-orugas-de-excavadora\/","title":{"rendered":"Fabricante de pasadores maestros de orugas de excavadoras"},"content":{"rendered":"<p><span style=\"color: #000000;\">GFM ha estado profundamente involucrado en la fabricaci\u00f3n de <a style=\"color: #000000;\" href=\"https:\/\/gfmparts.com\/es_es\/producto\/proveedor-de-ruedas-guia-komatsu-pc210\/\"><strong>piezas del tren de rodaje de la excavadora<\/strong><\/a> durante muchos a\u00f1os. Para el <a style=\"color: #000000;\" href=\"https:\/\/gfmparts.com\/es_es\/producto\/proveedor-de-pasadores-de-oruga-para-excavadoras-komatsu\/\"><strong>Pasador maestro de oruga de excavadora<\/strong><\/a> Hemos desarrollado una variedad de modelos adecuados para excavadoras de diferentes tonelajes, basados en escenarios de uso reales. Estos productos son ampliamente utilizados por marcas reconocidas como Komatsu, Hitachi, Carter, Doosan, Hyundai, Kobelco, Sany y Zoomlion.<\/span><\/p>\n<p><span style=\"color: #000000;\">Nuestro pivote central sobre orugas tiene las siguientes ventajas:<\/span><\/p>\n<p><span style=\"color: #000000;\"><strong>Material de forja de alta resistencia:<\/strong> Se utiliza acero de aleaci\u00f3n de alta calidad para el forjado general para garantizar que el pivote no se rompa o deforme f\u00e1cilmente durante una operaci\u00f3n de alta intensidad.<\/span><\/p>\n<p><span style=\"color: #000000;\"><strong>Tratamiento t\u00e9rmico de temple y revenido:<\/strong> El tratamiento de temple y revenido se lleva a cabo a trav\u00e9s de un proceso de tratamiento t\u00e9rmico de precisi\u00f3n para lograr una dureza de la superficie de HRC50-58, mejorar eficazmente la resistencia al desgaste y extender la vida \u00fatil.<\/span><\/p>\n<p><span style=\"color: #000000;\"><strong>Tecnolog\u00eda de procesamiento de alta precisi\u00f3n:<\/strong> El torno CNC se utiliza para el procesamiento fino, y las dimensiones clave del pivote, como el di\u00e1metro, la coaxialidad y la planitud de la superficie del extremo, se controlan estrictamente dentro de \u00b10,02 mm para garantizar una instalaci\u00f3n suave sin atascos.<\/span><\/p>\n<p><span style=\"color: #000000;\"><strong>Tecnolog\u00eda antioxidante y anticorrosiva<\/strong>:La superficie se puede fosfatar, ennegrecer, galvanizar y otros procesos, lo que puede adaptarse a diversos entornos de construcci\u00f3n, como humedad, barro, alta concentraci\u00f3n de sal, etc.<\/span><\/p>\n<p><span style=\"color: #000000;\"><strong>Modelos completos + servicios personalizados:<\/strong> Ya sea que se trate de 80, 120, 200, 240, 300 toneladas, GFM puede combinar r\u00e1pidamente y respaldar el procesamiento de acuerdo con los dibujos y la personalizaci\u00f3n de acuerdo con las muestras para satisfacer las necesidades de equipos no est\u00e1ndar.<\/span><\/p>\n<h3><span style=\"color: #ff6600;\">Descripci\u00f3n del Producto<\/span><\/h3>\n<ul>\n<li><span style=\"color: #000000;\"><strong>Materia prima:<\/strong> 40CR<\/span><\/li>\n<li><span style=\"color: #000000;\"><strong>Cantidad m\u00ednima de pedido:<\/strong>\u00a01 pieza<\/span><\/li>\n<li><span style=\"color: #000000;\"><strong>M\u00e9todo de pago:<\/strong>\u00a0Transferencia bancaria<\/span><\/li>\n<li><span style=\"color: #000000;\"><strong>Marca:<\/strong>\u00a0GFM<\/span><\/li>\n<li><span style=\"color: #000000;\"><strong>Condici\u00f3n:<\/strong>\u00a0Nuevo<\/span><\/li>\n<li><span style=\"color: #000000;\"><strong>Color:<\/strong>\u00a0Amarillo, negro o personalizado<\/span><\/li>\n<li><span style=\"color: #000000;\"><strong>Plazo de entrega:<\/strong>\u00a030 d\u00edas<\/span><\/li>\n<li><span style=\"color: #000000;\"><strong>Garant\u00eda:<\/strong>\u00a01 a\u00f1o<\/span><\/li>\n<li><span style=\"color: #000000;\"><strong>Servicio:<\/strong>\u00a0OEM o ODM<\/span><\/li>\n<li><span style=\"color: #000000;\"><strong>Lugar de origen:<\/strong>\u00a0Fujian, China<\/span><\/li>\n<li><span style=\"color: #000000;\"><strong>Solicitud:<\/strong> Excavador<\/span><\/li>\n<li><span style=\"color: #000000;\"><strong>Embalaje:<\/strong>\u00a0Palet de madera de exportaci\u00f3n est\u00e1ndar<\/span><\/li>\n<\/ul>\n<h3><span style=\"color: #ff6600;\">Presupuesto<\/span><\/h3>\n<p style=\"text-align: center;\"><img fetchpriority=\"high\" decoding=\"async\" class=\"alignnone wp-image-6803\" src=\"https:\/\/gfmparts.com\/wp-content\/uploads\/2025\/06\/Track-Pins-and-Bushing-Specifications-1024x953.png\" alt=\"Especificaciones de pasadores y bujes de oruga\" width=\"971\" height=\"903\" srcset=\"https:\/\/gfmparts.com\/wp-content\/uploads\/2025\/06\/Track-Pins-and-Bushing-Specifications-1024x953.png 1024w, https:\/\/gfmparts.com\/wp-content\/uploads\/2025\/06\/Track-Pins-and-Bushing-Specifications-300x279.png 300w, https:\/\/gfmparts.com\/wp-content\/uploads\/2025\/06\/Track-Pins-and-Bushing-Specifications-768x715.png 768w, https:\/\/gfmparts.com\/wp-content\/uploads\/2025\/06\/Track-Pins-and-Bushing-Specifications-1536x1430.png 1536w, https:\/\/gfmparts.com\/wp-content\/uploads\/2025\/06\/Track-Pins-and-Bushing-Specifications-600x559.png 600w, https:\/\/gfmparts.com\/wp-content\/uploads\/2025\/06\/Track-Pins-and-Bushing-Specifications.png 1597w\" sizes=\"(max-width: 971px) 100vw, 971px\" \/><\/p>\n<h3><span style=\"color: #ff6600;\">Modelos de productos<\/span><\/h3>\n<p style=\"text-align: center;\"><img decoding=\"async\" class=\"alignnone size-full wp-image-3147\" src=\"https:\/\/gfmparts.com\/wp-content\/uploads\/2024\/11\/excavator-part-description-e1735350735761.png\" alt=\"Descripci\u00f3n de la pieza de excavadora\" width=\"856\" height=\"694\" srcset=\"https:\/\/gfmparts.com\/wp-content\/uploads\/2024\/11\/excavator-part-description-e1735350735761.png 856w, https:\/\/gfmparts.com\/wp-content\/uploads\/2024\/11\/excavator-part-description-e1735350735761-300x243.png 300w, https:\/\/gfmparts.com\/wp-content\/uploads\/2024\/11\/excavator-part-description-e1735350735761-768x623.png 768w, https:\/\/gfmparts.com\/wp-content\/uploads\/2024\/11\/excavator-part-description-e1735350735761-600x486.png 600w\" sizes=\"(max-width: 856px) 100vw, 856px\" \/><\/p>\n<h3><span style=\"color: #ff6600;\">Proceso de producci\u00f3n<\/span><\/h3>\n<p><img decoding=\"async\" class=\"size-large wp-image-3043 aligncenter\" src=\"https:\/\/gfmparts.com\/wp-content\/uploads\/2024\/12\/\u901a\u7528\u751f\u4ea7\u6d41\u7a0b-1-1024x648.jpg\" alt=\"proceso de producci\u00f3n de piezas de excavadora\" width=\"1024\" height=\"648\" srcset=\"\" sizes=\"(max-width: 1024px) 100vw, 1024px\" data-srcset=\"\" \/><\/p>\n<h3><span style=\"color: #ff6600;\">Embalaje y env\u00edo<\/span><\/h3>\n<p style=\"text-align: center;\"><img loading=\"lazy\" decoding=\"async\" class=\"alignnone size-large wp-image-6521\" src=\"https:\/\/gfmparts.com\/wp-content\/uploads\/2025\/05\/Packaging-and-Shipping-1-1-1024x648.jpg\" alt=\"Embalaje y env\u00edo\" width=\"1024\" height=\"648\" srcset=\"https:\/\/gfmparts.com\/wp-content\/uploads\/2025\/05\/Packaging-and-Shipping-1-1-1024x648.jpg 1024w, https:\/\/gfmparts.com\/wp-content\/uploads\/2025\/05\/Packaging-and-Shipping-1-1-300x190.jpg 300w, https:\/\/gfmparts.com\/wp-content\/uploads\/2025\/05\/Packaging-and-Shipping-1-1-768x486.jpg 768w, https:\/\/gfmparts.com\/wp-content\/uploads\/2025\/05\/Packaging-and-Shipping-1-1-1536x973.jpg 1536w, https:\/\/gfmparts.com\/wp-content\/uploads\/2025\/05\/Packaging-and-Shipping-1-1-2048x1297.jpg 2048w, https:\/\/gfmparts.com\/wp-content\/uploads\/2025\/05\/Packaging-and-Shipping-1-1-600x380.jpg 600w\" sizes=\"(max-width: 1024px) 100vw, 1024px\" \/><\/p>\n<h3><span style=\"color: #ff6600;\">Ventajas de la f\u00e1brica<\/span><\/h3>\n<p><span style=\"color: #000000;\">GFM no es s\u00f3lo una <a style=\"color: #000000;\" href=\"https:\/\/gfmparts.com\/es_es\/producto\/buje-de-cucharon-para-excavadora-al-por-mayor\/\"><strong>excavadora de pasador maestro<\/strong><\/a> fabricante, sino tambi\u00e9n una f\u00e1brica basada en procesos que se centra en \u201cprecisi\u00f3n + personalizaci\u00f3n\u201d.<\/span><\/p>\n<p><strong><span style=\"color: #000000;\">A\u00f1os de experiencia en fabricaci\u00f3n<\/span><\/strong><\/p>\n<p><span style=\"color: #000000;\">Contamos con m\u00e1s de 15 a\u00f1os de experiencia en la fabricaci\u00f3n de piezas de tren de rodaje de excavadoras, centr\u00e1ndonos en la producci\u00f3n de pasadores, bujes, cadenas, placas de oruga y otros productos, atendiendo a clientes en el Sudeste Asi\u00e1tico, Medio Oriente, Rusia, Europa y Sudam\u00e9rica, con un volumen de exportaci\u00f3n anual de m\u00e1s de 12 millones de d\u00f3lares estadounidenses.<\/span><\/p>\n<p><strong><span style=\"color: #000000;\">Equipo avanzado y estricto control de calidad.<\/span><\/strong><\/p>\n<ul>\n<li><span style=\"color: #000000;\">L\u00edneas de forja propias, l\u00edneas de tratamiento t\u00e9rmico y l\u00edneas de mecanizado CNC<\/span><\/li>\n<li><span style=\"color: #000000;\">Cada producto principal debe someterse a m\u00faltiples procedimientos de prueba, como pruebas de dureza, pruebas de tama\u00f1o, pruebas de concentricidad, etc. antes de salir de f\u00e1brica.<\/span><\/li>\n<li><span style=\"color: #000000;\">La calidad cumple con los est\u00e1ndares internacionales ISO9001:2015 y algunos productos pueden proporcionar informes de pruebas de terceros.<\/span><\/li>\n<\/ul>\n<p><strong><span style=\"color: #000000;\">Fuerte capacidad de producci\u00f3n y entrega r\u00e1pida.<\/span><\/strong><\/p>\n<p><span style=\"color: #000000;\">Con una cadena de suministro estable de materias primas y procesos de fabricaci\u00f3n estandarizados, GFM tiene una capacidad de producci\u00f3n de m\u00e1s de 100.000 productos principales al mes. Entre temporada baja y temporada alta, podemos mantener un ciclo de entrega de 15 a 25 d\u00edas para brindar una protecci\u00f3n estable a su proyecto.<\/span><\/p>\n<h3><span style=\"color: #ff6600;\">Servicio personalizado<\/span><\/h3>\n<p><span style=\"color: #000000;\">Somos conscientes de que las condiciones de trabajo de cada excavadora son diferentes. Algunas se encuentran en terrenos de grava, otras en arrozales y terrenos fangosos, y otras en entornos extremadamente fr\u00edos o con altas temperaturas. Por lo tanto, en GFM no solo nos conformamos con la estandarizaci\u00f3n, sino que tambi\u00e9n nos esforzamos por ofrecer a nuestros clientes servicios personalizados m\u00e1s adaptables.<\/span><\/p>\n<ul>\n<li><span style=\"color: #000000;\">Producci\u00f3n seg\u00fan dibujos: los clientes solo necesitan proporcionar dibujos o requisitos de tama\u00f1o, y podemos hacer muestras r\u00e1pidamente y entregarlas en lotes.<\/span><\/li>\n<li><span style=\"color: #000000;\">Personalizaci\u00f3n con muestras: Si tiene equipos antiguos o muestras de ventas principales, apoyamos el mapeo y la reproducci\u00f3n, y tambi\u00e9n podemos ayudar a optimizar el dise\u00f1o.<\/span><\/li>\n<li><span style=\"color: #000000;\">Opciones de tratamiento de superficie personalizados: si necesita personalizar diferentes colores, recubrimientos y niveles de antioxidantes, tambi\u00e9n podemos responder de manera flexible.<\/span><\/li>\n<li><span style=\"color: #000000;\">Ayudamos en la gesti\u00f3n de inventario: para los clientes que cooperan a largo plazo, tambi\u00e9n ofrecemos un servicio de \u201centrega de lotes mensual + retenci\u00f3n de inventario de seguridad\u201d para ayudar a los clientes a optimizar sus planes de almacenamiento.<\/span><\/li>\n<\/ul>\n<p style=\"text-align: center;\"><span style=\"color: #000000;\"><img loading=\"lazy\" decoding=\"async\" class=\"alignnone wp-image-2159\" src=\"https:\/\/gfmparts.com\/wp-content\/uploads\/2024\/12\/\u5fae\u4fe1\u56fe\u7247_20241202160325-1024x576.jpg\" alt=\"fabricante de pasadores de dientes para excavadoras\" width=\"767\" height=\"431\" srcset=\"\" sizes=\"(max-width: 767px) 100vw, 767px\" data-srcset=\"\" \/><\/span><\/p>","protected":false},"excerpt":{"rendered":"<ul>\n<li><span style=\"color: #000000;\">Calidad del producto garantizada<\/span><\/li>\n<li><span style=\"color: #000000;\">Gran suministro<\/span><\/li>\n<li><span style=\"color: #000000;\">Precios competitivos<\/span><\/li>\n<li><span style=\"color: #000000;\">La mayor\u00eda de marcas y modelos<\/span><\/li>\n<li><span style=\"color: #000000;\">Equipo de atenci\u00f3n al cliente servicial<\/span><\/li>\n<li><span style=\"color: #000000;\">Soporte t\u00e9cnico profesional<\/span><\/li>\n<\/ul>","protected":false},"featured_media":6901,"template":"","meta":{"site-sidebar-layout":"default","site-content-layout":"","ast-site-content-layout":"default","site-content-style":"default","site-sidebar-style":"default","ast-global-header-display":"","ast-banner-title-visibility":"","ast-main-header-display":"","ast-hfb-above-header-display":"","ast-hfb-below-header-display":"","ast-hfb-mobile-header-display":"","site-post-title":"","ast-breadcrumbs-content":"","ast-featured-img":"","footer-sml-layout":"","theme-transparent-header-meta":"default","adv-header-id-meta":"","stick-header-meta":"default","header-above-stick-meta":"","header-main-stick-meta":"","header-below-stick-meta":"","astra-migrate-meta-layouts":"set","ast-page-background-enabled":"default","ast-page-background-meta":{"desktop":{"background-color":"","background-image":"","background-repeat":"repeat","background-position":"center center","background-size":"auto","background-attachment":"scroll","background-type":"","background-media":"","overlay-type":"","overlay-color":"","overlay-opacity":"","overlay-gradient":""},"tablet":{"background-color":"","background-image":"","background-repeat":"repeat","background-position":"center center","background-size":"auto","background-attachment":"scroll","background-type":"","background-media":"","overlay-type":"","overlay-color":"","overlay-opacity":"","overlay-gradient":""},"mobile":{"background-color":"","background-image":"","background-repeat":"repeat","background-position":"center center","background-size":"auto","background-attachment":"scroll","background-type":"","background-media":"","overlay-type":"","overlay-color":"","overlay-opacity":"","overlay-gradient":""}},"ast-content-background-meta":{"desktop":{"background-color":"var(--ast-global-color-5)","background-image":"","background-repeat":"repeat","background-position":"center center","background-size":"auto","background-attachment":"scroll","background-type":"","background-media":"","overlay-type":"","overlay-color":"","overlay-opacity":"","overlay-gradient":""},"tablet":{"background-color":"var(--ast-global-color-5)","background-image":"","background-repeat":"repeat","background-position":"center center","background-size":"auto","background-attachment":"scroll","background-type":"","background-media":"","overlay-type":"","overlay-color":"","overlay-opacity":"","overlay-gradient":""},"mobile":{"background-color":"var(--ast-global-color-5)","background-image":"","background-repeat":"repeat","background-position":"center center","background-size":"auto","background-attachment":"scroll","background-type":"","background-media":"","overlay-type":"","overlay-color":"","overlay-opacity":"","overlay-gradient":""}}},"product_cat":[27,172],"product_tag":[],"class_list":{"0":"post-6900","1":"product","2":"type-product","3":"status-publish","4":"has-post-thumbnail","6":"product_cat-parts","7":"product_cat-track-pin-and-bushing","8":"desktop-align-left","9":"tablet-align-left","10":"mobile-align-left","11":"ast-product-gallery-layout-horizontal-slider","12":"ast-product-gallery-with-no-image","13":"ast-product-tabs-layout-horizontal","15":"first","16":"instock","17":"shipping-taxable","18":"product-type-simple"},"yoast_head":"<!-- This site is optimized with the Yoast SEO Premium plugin v22.8 (Yoast SEO v23.9) - https:\/\/yoast.com\/wordpress\/plugins\/seo\/ -->\n<title>Excavator Track Master Pin Manufacturer - GFM<\/title>\n<meta name=\"description\" content=\"GFM master pin excavator supplier, we adapt to different tonnage excavator models, products are widely used in Komatsu, Hitachi, Carter, Doosan, Hyundai, Kobelco and other mainstream brands.\" \/>\n<meta name=\"robots\" content=\"index, follow, max-snippet:-1, max-image-preview:large, max-video-preview:-1\" \/>\n<link rel=\"canonical\" href=\"https:\/\/gfmparts.com\/es_es\/producto\/fabricante-de-pasadores-maestros-de-orugas-de-excavadora\/\" \/>\n<meta property=\"og:locale\" content=\"es_ES\" \/>\n<meta property=\"og:type\" content=\"article\" \/>\n<meta property=\"og:title\" content=\"Excavator Track Master Pin Manufacturer\" \/>\n<meta property=\"og:description\" content=\"GFM master pin excavator supplier, we adapt to different tonnage excavator models, products are widely used in Komatsu, Hitachi, Carter, Doosan, Hyundai, Kobelco and other mainstream brands.\" \/>\n<meta property=\"og:url\" content=\"https:\/\/gfmparts.com\/es_es\/producto\/fabricante-de-pasadores-maestros-de-orugas-de-excavadora\/\" \/>\n<meta property=\"article:publisher\" content=\"https:\/\/www.facebook.com\/gfmparts\" \/>\n<meta property=\"article:modified_time\" content=\"2025-07-18T01:38:53+00:00\" \/>\n<meta property=\"og:image\" content=\"https:\/\/gfmparts.com\/wp-content\/uploads\/2025\/07\/Excavator-Track-Master-Pin-Manufacturer.png\" \/>\n\t<meta property=\"og:image:width\" content=\"1000\" \/>\n\t<meta property=\"og:image:height\" content=\"1000\" \/>\n\t<meta property=\"og:image:type\" content=\"image\/png\" \/>\n<meta name=\"twitter:card\" content=\"summary_large_image\" \/>\n<meta name=\"twitter:label1\" content=\"Tiempo de lectura\" \/>\n\t<meta name=\"twitter:data1\" content=\"4 minutos\" \/>\n<script type=\"application\/ld+json\" class=\"yoast-schema-graph\">{\"@context\":\"https:\/\/schema.org\",\"@graph\":[{\"@type\":\"WebPage\",\"@id\":\"https:\/\/gfmparts.com\/product\/excavator-track-master-pin-manufacturer\/\",\"url\":\"https:\/\/gfmparts.com\/product\/excavator-track-master-pin-manufacturer\/\",\"name\":\"Excavator Track Master Pin Manufacturer - GFM\",\"isPartOf\":{\"@id\":\"https:\/\/gfmparts.com\/#website\"},\"primaryImageOfPage\":{\"@id\":\"https:\/\/gfmparts.com\/product\/excavator-track-master-pin-manufacturer\/#primaryimage\"},\"image\":{\"@id\":\"https:\/\/gfmparts.com\/product\/excavator-track-master-pin-manufacturer\/#primaryimage\"},\"thumbnailUrl\":\"https:\/\/gfmparts.com\/wp-content\/uploads\/2025\/07\/Excavator-Track-Master-Pin-Manufacturer.png\",\"datePublished\":\"2025-07-16T01:38:07+00:00\",\"dateModified\":\"2025-07-18T01:38:53+00:00\",\"description\":\"GFM master pin excavator supplier, we adapt to different tonnage excavator models, products are widely used in Komatsu, Hitachi, Carter, Doosan, Hyundai, Kobelco and other mainstream brands.\",\"breadcrumb\":{\"@id\":\"https:\/\/gfmparts.com\/product\/excavator-track-master-pin-manufacturer\/#breadcrumb\"},\"inLanguage\":\"es\",\"potentialAction\":[{\"@type\":\"ReadAction\",\"target\":[\"https:\/\/gfmparts.com\/product\/excavator-track-master-pin-manufacturer\/\"]}]},{\"@type\":\"ImageObject\",\"inLanguage\":\"es\",\"@id\":\"https:\/\/gfmparts.com\/product\/excavator-track-master-pin-manufacturer\/#primaryimage\",\"url\":\"https:\/\/gfmparts.com\/wp-content\/uploads\/2025\/07\/Excavator-Track-Master-Pin-Manufacturer.png\",\"contentUrl\":\"https:\/\/gfmparts.com\/wp-content\/uploads\/2025\/07\/Excavator-Track-Master-Pin-Manufacturer.png\",\"width\":1000,\"height\":1000,\"caption\":\"Excavator Track Master Pin Manufacturer\"},{\"@type\":\"BreadcrumbList\",\"@id\":\"https:\/\/gfmparts.com\/product\/excavator-track-master-pin-manufacturer\/#breadcrumb\",\"itemListElement\":[{\"@type\":\"ListItem\",\"position\":1,\"name\":\"\u9996\u9875\",\"item\":\"https:\/\/gfmparts.com\/\"},{\"@type\":\"ListItem\",\"position\":2,\"name\":\"All Product\",\"item\":\"https:\/\/gfmparts.com\/all-product\/\"},{\"@type\":\"ListItem\",\"position\":3,\"name\":\"Excavator Track Master Pin Manufacturer\"}]},{\"@type\":\"WebSite\",\"@id\":\"https:\/\/gfmparts.com\/#website\",\"url\":\"https:\/\/gfmparts.com\/\",\"name\":\"GFM PARTS\",\"description\":\"GFM since 2011 focused on excavator and bulldozer undercarriage parts manufacturing :Track rollers,carrier roller,idler,sprocket,track group,bucket tooth pin.\",\"publisher\":{\"@id\":\"https:\/\/gfmparts.com\/#organization\"},\"alternateName\":\"gfmparts.com\",\"potentialAction\":[{\"@type\":\"SearchAction\",\"target\":{\"@type\":\"EntryPoint\",\"urlTemplate\":\"https:\/\/gfmparts.com\/?s={search_term_string}\"},\"query-input\":{\"@type\":\"PropertyValueSpecification\",\"valueRequired\":true,\"valueName\":\"search_term_string\"}}],\"inLanguage\":\"es\"},{\"@type\":\"Organization\",\"@id\":\"https:\/\/gfmparts.com\/#organization\",\"name\":\"GFM PARTS\",\"url\":\"https:\/\/gfmparts.com\/\",\"logo\":{\"@type\":\"ImageObject\",\"inLanguage\":\"es\",\"@id\":\"https:\/\/gfmparts.com\/#\/schema\/logo\/image\/\",\"url\":\"https:\/\/gfmparts.com\/wp-content\/uploads\/2024\/11\/cropped-GFMparts.com_-2.png\",\"contentUrl\":\"https:\/\/gfmparts.com\/wp-content\/uploads\/2024\/11\/cropped-GFMparts.com_-2.png\",\"width\":5987,\"height\":2564,\"caption\":\"GFM PARTS\"},\"image\":{\"@id\":\"https:\/\/gfmparts.com\/#\/schema\/logo\/image\/\"},\"sameAs\":[\"https:\/\/www.facebook.com\/gfmparts\",\"https:\/\/www.linkedin.com\/company\/gfmparts\/\",\"https:\/\/www.tiktok.com\/@gfmparts\",\"https:\/\/www.youtube.com\/@GFMparts\/featured\"]}]}<\/script>\n<!-- \/ Yoast SEO Premium plugin. -->","yoast_head_json":{"title":"Excavator Track Master Pin Manufacturer - GFM","description":"GFM master pin excavator supplier, we adapt to different tonnage excavator models, products are widely used in Komatsu, Hitachi, Carter, Doosan, Hyundai, Kobelco and other mainstream brands.","robots":{"index":"index","follow":"follow","max-snippet":"max-snippet:-1","max-image-preview":"max-image-preview:large","max-video-preview":"max-video-preview:-1"},"canonical":"https:\/\/gfmparts.com\/es_es\/producto\/fabricante-de-pasadores-maestros-de-orugas-de-excavadora\/","og_locale":"es_ES","og_type":"article","og_title":"Excavator Track Master Pin Manufacturer","og_description":"GFM master pin excavator supplier, we adapt to different tonnage excavator models, products are widely used in Komatsu, Hitachi, Carter, Doosan, Hyundai, Kobelco and other mainstream brands.","og_url":"https:\/\/gfmparts.com\/es_es\/producto\/fabricante-de-pasadores-maestros-de-orugas-de-excavadora\/","article_publisher":"https:\/\/www.facebook.com\/gfmparts","article_modified_time":"2025-07-18T01:38:53+00:00","og_image":[{"width":1000,"height":1000,"url":"https:\/\/gfmparts.com\/wp-content\/uploads\/2025\/07\/Excavator-Track-Master-Pin-Manufacturer.png","type":"image\/png"}],"twitter_card":"summary_large_image","twitter_misc":{"Tiempo de lectura":"4 minutos"},"schema":{"@context":"https:\/\/schema.org","@graph":[{"@type":"WebPage","@id":"https:\/\/gfmparts.com\/product\/excavator-track-master-pin-manufacturer\/","url":"https:\/\/gfmparts.com\/product\/excavator-track-master-pin-manufacturer\/","name":"Excavator Track Master Pin Manufacturer - GFM","isPartOf":{"@id":"https:\/\/gfmparts.com\/#website"},"primaryImageOfPage":{"@id":"https:\/\/gfmparts.com\/product\/excavator-track-master-pin-manufacturer\/#primaryimage"},"image":{"@id":"https:\/\/gfmparts.com\/product\/excavator-track-master-pin-manufacturer\/#primaryimage"},"thumbnailUrl":"https:\/\/gfmparts.com\/wp-content\/uploads\/2025\/07\/Excavator-Track-Master-Pin-Manufacturer.png","datePublished":"2025-07-16T01:38:07+00:00","dateModified":"2025-07-18T01:38:53+00:00","description":"GFM master pin excavator supplier, we adapt to different tonnage excavator models, products are widely used in Komatsu, Hitachi, Carter, Doosan, Hyundai, Kobelco and other mainstream brands.","breadcrumb":{"@id":"https:\/\/gfmparts.com\/product\/excavator-track-master-pin-manufacturer\/#breadcrumb"},"inLanguage":"es","potentialAction":[{"@type":"ReadAction","target":["https:\/\/gfmparts.com\/product\/excavator-track-master-pin-manufacturer\/"]}]},{"@type":"ImageObject","inLanguage":"es","@id":"https:\/\/gfmparts.com\/product\/excavator-track-master-pin-manufacturer\/#primaryimage","url":"https:\/\/gfmparts.com\/wp-content\/uploads\/2025\/07\/Excavator-Track-Master-Pin-Manufacturer.png","contentUrl":"https:\/\/gfmparts.com\/wp-content\/uploads\/2025\/07\/Excavator-Track-Master-Pin-Manufacturer.png","width":1000,"height":1000,"caption":"Excavator Track Master Pin Manufacturer"},{"@type":"BreadcrumbList","@id":"https:\/\/gfmparts.com\/product\/excavator-track-master-pin-manufacturer\/#breadcrumb","itemListElement":[{"@type":"ListItem","position":1,"name":"\u9996\u9875","item":"https:\/\/gfmparts.com\/"},{"@type":"ListItem","position":2,"name":"All Product","item":"https:\/\/gfmparts.com\/all-product\/"},{"@type":"ListItem","position":3,"name":"Excavator Track Master Pin Manufacturer"}]},{"@type":"WebSite","@id":"https:\/\/gfmparts.com\/#website","url":"https:\/\/gfmparts.com\/","name":"GFM PARTS","description":"GFM since 2011 focused on excavator and bulldozer undercarriage parts manufacturing :Track rollers,carrier roller,idler,sprocket,track group,bucket tooth pin.","publisher":{"@id":"https:\/\/gfmparts.com\/#organization"},"alternateName":"gfmparts.com","potentialAction":[{"@type":"SearchAction","target":{"@type":"EntryPoint","urlTemplate":"https:\/\/gfmparts.com\/?s={search_term_string}"},"query-input":{"@type":"PropertyValueSpecification","valueRequired":true,"valueName":"search_term_string"}}],"inLanguage":"es"},{"@type":"Organization","@id":"https:\/\/gfmparts.com\/#organization","name":"GFM PARTS","url":"https:\/\/gfmparts.com\/","logo":{"@type":"ImageObject","inLanguage":"es","@id":"https:\/\/gfmparts.com\/#\/schema\/logo\/image\/","url":"https:\/\/gfmparts.com\/wp-content\/uploads\/2024\/11\/cropped-GFMparts.com_-2.png","contentUrl":"https:\/\/gfmparts.com\/wp-content\/uploads\/2024\/11\/cropped-GFMparts.com_-2.png","width":5987,"height":2564,"caption":"GFM PARTS"},"image":{"@id":"https:\/\/gfmparts.com\/#\/schema\/logo\/image\/"},"sameAs":["https:\/\/www.facebook.com\/gfmparts","https:\/\/www.linkedin.com\/company\/gfmparts\/","https:\/\/www.tiktok.com\/@gfmparts","https:\/\/www.youtube.com\/@GFMparts\/featured"]}]}},"_links":{"self":[{"href":"https:\/\/gfmparts.com\/es_es\/wp-json\/wp\/v2\/product\/6900"}],"collection":[{"href":"https:\/\/gfmparts.com\/es_es\/wp-json\/wp\/v2\/product"}],"about":[{"href":"https:\/\/gfmparts.com\/es_es\/wp-json\/wp\/v2\/types\/product"}],"wp:featuredmedia":[{"embeddable":true,"href":"https:\/\/gfmparts.com\/es_es\/wp-json\/wp\/v2\/media\/6901"}],"wp:attachment":[{"href":"https:\/\/gfmparts.com\/es_es\/wp-json\/wp\/v2\/media?parent=6900"}],"wp:term":[{"taxonomy":"product_cat","embeddable":true,"href":"https:\/\/gfmparts.com\/es_es\/wp-json\/wp\/v2\/product_cat?post=6900"},{"taxonomy":"product_tag","embeddable":true,"href":"https:\/\/gfmparts.com\/es_es\/wp-json\/wp\/v2\/product_tag?post=6900"}],"curies":[{"name":"wp","href":"https:\/\/api.w.org\/{rel}","templated":true}]}}