{"id":6914,"date":"2025-07-22T02:09:31","date_gmt":"2025-07-22T02:09:31","guid":{"rendered":"https:\/\/gfmparts.com\/?post_type=product&#038;p=6914"},"modified":"2025-07-22T03:19:58","modified_gmt":"2025-07-22T03:19:58","slug":"komatsu-pc650-5-excavator-track-idler-roller","status":"publish","type":"product","link":"https:\/\/gfmparts.com\/es_es\/producto\/rodillo-tensor-de-oruga-para-excavadora-komatsu-pc650-5\/","title":{"rendered":"Rodillo tensor de oruga para excavadora Komatsu PC650-5"},"content":{"rendered":"<p data-pm-slice=\"1 1 []\">La Komatsu PC650-5 es una excavadora hidr\u00e1ulica de servicio pesado que exige una resistencia y precisi\u00f3n excepcionales de los componentes de su tren de rodaje. Como una de las empresas con mayor experiencia de China... <span style=\"color: #000000;\"><a style=\"color: #000000;\" href=\"https:\/\/gfmparts.com\/es_es\/producto\/rueda-guia-de-oruga-para-excavadora-cat-305\/\"><strong>Fabricantes de ruedas locas para excavadoras<\/strong><\/a><\/span>GFM se especializa en producir productos de alto rendimiento y larga duraci\u00f3n. <span style=\"color: #000000;\"><a style=\"color: #000000;\" href=\"https:\/\/gfmparts.com\/es_es\/producto\/rueda-guia-de-oruga-para-excavadora-cat-305\/\"><strong>ruedas tensoras de oruga de excavadora<\/strong><\/a><\/span> Dise\u00f1ado espec\u00edficamente para el PC650-5, garantizando un funcionamiento estable en todas las condiciones de trabajo.<\/p>\n<p>La polea gu\u00eda PC650-5 de GFM est\u00e1 fabricada en acero de aleaci\u00f3n forjado de alta resistencia, con un tratamiento t\u00e9rmico avanzado para mejorar su dureza y resistencia al desgaste. Dise\u00f1ada para resistir impactos y fatiga, ofrece un rendimiento fiable en miner\u00eda, obras viales y otros entornos hostiles.<\/p>\n<p>Caracter\u00edsticas principales del producto:<\/p>\n<ul data-spread=\"false\">\n<li><strong>Ajuste de precisi\u00f3n<\/strong>:Perfectamente compatible con las dimensiones de montaje de Komatsu PC650-5, lo que permite una f\u00e1cil instalaci\u00f3n<\/li>\n<li><strong>Durabilidad excepcional<\/strong>:Las llantas templadas de alta frecuencia y los cojinetes de precisi\u00f3n garantizan una resistencia a largo plazo.<\/li>\n<li><strong>Materiales superiores<\/strong>:Forjado a partir de acero de aleaci\u00f3n de alta pureza, que ofrece una estructura uniforme y una excelente tenacidad.<\/li>\n<li><strong>Sistema de sellado mejorado<\/strong>:Los sellos multicapa bloquean eficazmente contaminantes como agua, arena y aceite, protegiendo el sistema de cojinetes internos.<\/li>\n<\/ul>\n<p>Ya sea que necesite piezas de repuesto o componentes para el ensamblaje, GFM sigue siendo su socio de confianza entre los fabricantes globales de ruedas gu\u00eda para excavadoras.<\/p>\n<h3><span style=\"color: #ff6600;\">Descripci\u00f3n del Producto<\/span><\/h3>\n<ul>\n<li><span style=\"color: #000000;\"><strong>Cantidad m\u00ednima de pedido:<\/strong>\u00a01 pieza<\/span><\/li>\n<li><span style=\"color: #000000;\"><strong>M\u00e9todo de pago:<\/strong>\u00a0Transferencia bancaria<\/span><\/li>\n<li><span style=\"color: #000000;\"><strong>Marca:<\/strong>\u00a0GFM<\/span><\/li>\n<li><span style=\"color: #000000;\"><strong>Condici\u00f3n:<\/strong>\u00a0Nuevo<\/span><\/li>\n<li><span style=\"color: #000000;\"><strong>Color:<\/strong>\u00a0Amarillo, negro o personalizado<\/span><\/li>\n<li><span style=\"color: #000000;\"><strong>Plazo de entrega:<\/strong>\u00a030 d\u00edas<\/span><\/li>\n<li><span style=\"color: #000000;\"><strong>Garant\u00eda:<\/strong>\u00a01 a\u00f1o<\/span><\/li>\n<li><span style=\"color: #000000;\"><strong>Servicio:<\/strong>\u00a0OEM o ODM<\/span><\/li>\n<li><span style=\"color: #000000;\"><strong>Lugar de origen:<\/strong>\u00a0Fujian, China<\/span><\/li>\n<li><span style=\"color: #000000;\"><strong>Solicitud:<\/strong> Excavador<\/span><\/li>\n<li><span style=\"color: #000000;\"><strong>Embalaje:<\/strong> Palet de madera de exportaci\u00f3n est\u00e1ndar<\/span><\/li>\n<\/ul>\n<h3><span style=\"color: #ff6600;\">Caracter\u00edsticas<\/span><\/h3>\n<ul>\n<li><b><\/b><span style=\"color: #000000;\"><strong><b>Durable:<\/b><\/strong>Dise\u00f1ado para soportar condiciones dif\u00edciles para un rendimiento duradero.<\/span><\/li>\n<li><span style=\"color: #000000;\"><b><\/b><strong><b>Ajuste perfecto: <\/b><\/strong>Dise\u00f1ado para una f\u00e1cil instalaci\u00f3n en varios modelos de excavadoras y bulldozers.<\/span><\/li>\n<li><span style=\"color: #000000;\"><b><\/b><strong><b>Trabajo pesado: <\/b><\/strong>Soporta cargas pesadas para un funcionamiento suave y estable.<\/span><\/li>\n<li><span style=\"color: #000000;\"><b><\/b><strong><b>Suave y silencioso<\/b><\/strong>:Minimiza la vibraci\u00f3n para un movimiento m\u00e1s suave y una mejor tracci\u00f3n en todos los terrenos.<\/span><\/li>\n<li><span style=\"color: #000000;\"><b><\/b><strong><b>Bajo mantenimiento: <\/b><\/strong>Autolubricante para menor mantenimiento y mayor tiempo de funcionamiento.<\/span><\/li>\n<li><span style=\"color: #000000;\"><b><\/b><strong><b>Resistente a la intemperie: <\/b><\/strong>Se comporta bien en cualquier clima, es resistente al \u00f3xido y a las temperaturas extremas.<\/span><\/li>\n<\/ul>\n<h3><span style=\"color: #ff6600;\">Presupuesto<\/span><\/h3>\n<p style=\"text-align: center;\"><img fetchpriority=\"high\" decoding=\"async\" class=\"alignnone size-large wp-image-6793\" src=\"https:\/\/gfmparts.com\/wp-content\/uploads\/2025\/06\/track-idler-specification-1024x402.jpg\" alt=\"Especificaci\u00f3n de la rueda gu\u00eda de la oruga\" width=\"1024\" height=\"402\" srcset=\"https:\/\/gfmparts.com\/wp-content\/uploads\/2025\/06\/track-idler-specification-1024x402.jpg 1024w, https:\/\/gfmparts.com\/wp-content\/uploads\/2025\/06\/track-idler-specification-300x118.jpg 300w, https:\/\/gfmparts.com\/wp-content\/uploads\/2025\/06\/track-idler-specification-768x301.jpg 768w, https:\/\/gfmparts.com\/wp-content\/uploads\/2025\/06\/track-idler-specification-600x235.jpg 600w, https:\/\/gfmparts.com\/wp-content\/uploads\/2025\/06\/track-idler-specification.jpg 1537w\" sizes=\"(max-width: 1024px) 100vw, 1024px\" \/><\/p>\n<p style=\"text-align: center;\"><img decoding=\"async\" class=\"alignnone size-full wp-image-3003\" style=\"font-style: inherit; font-weight: inherit;\" src=\"https:\/\/gfmparts.com\/wp-content\/uploads\/2024\/12\/\u5f15\u5bfc\u8f6e\u578b\u53f7.png\" alt=\"modelo de rueda gu\u00eda de oruga\" width=\"867\" height=\"369\" srcset=\"https:\/\/gfmparts.com\/wp-content\/uploads\/2024\/12\/\u5f15\u5bfc\u8f6e\u578b\u53f7.png 867w, https:\/\/gfmparts.com\/wp-content\/uploads\/2024\/12\/\u5f15\u5bfc\u8f6e\u578b\u53f7-300x128.png 300w, https:\/\/gfmparts.com\/wp-content\/uploads\/2024\/12\/\u5f15\u5bfc\u8f6e\u578b\u53f7-768x327.png 768w, https:\/\/gfmparts.com\/wp-content\/uploads\/2024\/12\/\u5f15\u5bfc\u8f6e\u578b\u53f7-600x255.png 600w\" sizes=\"(max-width: 867px) 100vw, 867px\" \/><\/p>\n<h3><span style=\"color: #ff6600;\">Modelos de productos<\/span><\/h3>\n<p style=\"text-align: center;\"><span style=\"color: #000000;\"><img decoding=\"async\" class=\"alignnone size-full wp-image-3147\" src=\"https:\/\/gfmparts.com\/wp-content\/uploads\/2024\/11\/excavator-part-description-e1735350735761.png\" alt=\"Descripci\u00f3n de la pieza de excavadora\" width=\"856\" height=\"694\" srcset=\"https:\/\/gfmparts.com\/wp-content\/uploads\/2024\/11\/excavator-part-description-e1735350735761.png 856w, https:\/\/gfmparts.com\/wp-content\/uploads\/2024\/11\/excavator-part-description-e1735350735761-300x243.png 300w, https:\/\/gfmparts.com\/wp-content\/uploads\/2024\/11\/excavator-part-description-e1735350735761-768x623.png 768w, https:\/\/gfmparts.com\/wp-content\/uploads\/2024\/11\/excavator-part-description-e1735350735761-600x486.png 600w\" sizes=\"(max-width: 856px) 100vw, 856px\" \/><\/span><\/p>\n<h3><span style=\"color: #ff9900;\">Proceso de producci\u00f3n<\/span><\/h3>\n<p><img loading=\"lazy\" decoding=\"async\" class=\"size-large wp-image-3043 aligncenter\" src=\"https:\/\/gfmparts.com\/wp-content\/uploads\/2024\/12\/\u901a\u7528\u751f\u4ea7\u6d41\u7a0b-1-1024x648.jpg\" alt=\"proceso de producci\u00f3n de piezas de excavadora\" width=\"1024\" height=\"648\" srcset=\"\" sizes=\"(max-width: 1024px) 100vw, 1024px\" data-srcset=\"\" \/><\/p>\n<h3><span style=\"color: #ff6600;\">Embalaje y env\u00edo<\/span><\/h3>\n<p style=\"text-align: center;\"><img loading=\"lazy\" decoding=\"async\" class=\"alignnone size-large wp-image-6521\" src=\"https:\/\/gfmparts.com\/wp-content\/uploads\/2025\/05\/Packaging-and-Shipping-1-1-1024x648.jpg\" alt=\"Embalaje y env\u00edo\" width=\"1024\" height=\"648\" srcset=\"https:\/\/gfmparts.com\/wp-content\/uploads\/2025\/05\/Packaging-and-Shipping-1-1-1024x648.jpg 1024w, https:\/\/gfmparts.com\/wp-content\/uploads\/2025\/05\/Packaging-and-Shipping-1-1-300x190.jpg 300w, https:\/\/gfmparts.com\/wp-content\/uploads\/2025\/05\/Packaging-and-Shipping-1-1-768x486.jpg 768w, https:\/\/gfmparts.com\/wp-content\/uploads\/2025\/05\/Packaging-and-Shipping-1-1-1536x973.jpg 1536w, https:\/\/gfmparts.com\/wp-content\/uploads\/2025\/05\/Packaging-and-Shipping-1-1-2048x1297.jpg 2048w, https:\/\/gfmparts.com\/wp-content\/uploads\/2025\/05\/Packaging-and-Shipping-1-1-600x380.jpg 600w\" sizes=\"(max-width: 1024px) 100vw, 1024px\" \/><\/p>\n<h3><span style=\"color: #ff6600;\">Ventajas de la f\u00e1brica<\/span><\/h3>\n<p data-pm-slice=\"1 1 []\">GFM opera una l\u00ednea de producci\u00f3n consolidada, utilizando materias primas de primera calidad para garantizar su durabilidad incluso en las condiciones m\u00e1s adversas. Utilizamos procesos avanzados de fundici\u00f3n y forjado, combinados con un tratamiento t\u00e9rmico integral, para ofrecer una resistencia y dureza superiores. Cada pieza se somete a un estricto control de calidad para cumplir o incluso superar los est\u00e1ndares de la industria y las expectativas del cliente.<\/p>\n<p>Como fabricante con 14 a\u00f1os de experiencia, GFM tiene la capacidad de atender pedidos tanto al por mayor como personalizados. Nuestra l\u00ednea de producci\u00f3n profesional garantiza el suministro puntual de repuestos a clientes nacionales e internacionales. GFM se ha expandido desde el mercado nacional para atender a clientes internacionales, lo que le ha permitido consolidar una s\u00f3lida reputaci\u00f3n gracias a su conocimiento del sector, su equipo comprometido, su servicio atento, sus entregas r\u00e1pidas y su amplio inventario.<\/p>\n<p>GFM se compromete a maximizar el valor para el cliente con productos de posventa de alta calidad. Tanto si es un socio de larga trayectoria como si es su primera vez como cliente, nos complace colaborar con usted.<\/p>\n<p><strong>Ventajas clave:<\/strong><\/p>\n<ul data-spread=\"false\">\n<li><strong>Garant\u00eda del producto<\/strong>:Garant\u00eda de calidad de no menos de 1 a\u00f1o o 2000 horas<\/li>\n<li><strong>Fuerte oferta<\/strong>:Entrega r\u00e1pida, especificaciones completas.<\/li>\n<li><strong>Precios competitivos<\/strong>:100% precio de f\u00e1brica, altamente rentable<\/li>\n<li><strong>Amplia compatibilidad<\/strong>: Apto para todas las marcas principales.<\/li>\n<li><strong>Amplia gama de productos<\/strong>: Rodillos de oruga, ruedas gu\u00eda, ruedas dentadas, cadenas, zapatas, pernos, bujes, pasadores de cangilones y m\u00e1s<\/li>\n<li><strong>Producci\u00f3n ajustada<\/strong>:Gesti\u00f3n de 5S y Kanban para eficiencia y consistencia<\/li>\n<li><strong>Innovaci\u00f3n colaborativa<\/strong>:I+D con universidades para actualizaciones de materiales y tecnolog\u00eda de sellado<\/li>\n<li><strong>Control de calidad de circuito cerrado<\/strong>:Retroalimentaci\u00f3n in situ + pruebas + controles de laboratorio = excelencia constante del producto<\/li>\n<li><strong>Entrega responsiva<\/strong>:La gesti\u00f3n plana permite la creaci\u00f3n r\u00e1pida de prototipos, la aprobaci\u00f3n de muestras y la producci\u00f3n en masa.<\/li>\n<\/ul>\n<p>Si tiene requisitos personalizados o preguntas t\u00e9cnicas, no dude en comunicarse con nosotros. \u00a1Estamos aqu\u00ed para ayudarlo!<\/p>\n<p>&nbsp;<\/p>\n<p style=\"text-align: center;\"><span style=\"color: #000000;\"><img loading=\"lazy\" decoding=\"async\" class=\"alignnone wp-image-2159\" src=\"https:\/\/gfmparts.com\/wp-content\/uploads\/2024\/12\/\u5fae\u4fe1\u56fe\u7247_20241202160325-1024x576.jpg\" alt=\"fabricante de rodillos portadores\" width=\"767\" height=\"431\" srcset=\"\" sizes=\"(max-width: 767px) 100vw, 767px\" data-srcset=\"\" \/><\/span><\/p>","protected":false},"excerpt":{"rendered":"<ul>\n<li><span style=\"color: #000000;\">Calidad del producto garantizada<\/span><\/li>\n<li><span style=\"color: #000000;\">Gran suministro<\/span><\/li>\n<li><span style=\"color: #000000;\">Precios competitivos<\/span><\/li>\n<li><span style=\"color: #000000;\">La mayor\u00eda de marcas y modelos<\/span><\/li>\n<li><span style=\"color: #000000;\">Equipo de atenci\u00f3n al cliente servicial<\/span><\/li>\n<li><span style=\"color: #000000;\">Soporte t\u00e9cnico profesional<\/span><\/li>\n<\/ul>","protected":false},"featured_media":6915,"template":"","meta":{"site-sidebar-layout":"default","site-content-layout":"","ast-site-content-layout":"default","site-content-style":"default","site-sidebar-style":"default","ast-global-header-display":"","ast-banner-title-visibility":"","ast-main-header-display":"","ast-hfb-above-header-display":"","ast-hfb-below-header-display":"","ast-hfb-mobile-header-display":"","site-post-title":"","ast-breadcrumbs-content":"","ast-featured-img":"","footer-sml-layout":"","theme-transparent-header-meta":"default","adv-header-id-meta":"","stick-header-meta":"default","header-above-stick-meta":"","header-main-stick-meta":"","header-below-stick-meta":"","astra-migrate-meta-layouts":"set","ast-page-background-enabled":"default","ast-page-background-meta":{"desktop":{"background-color":"","background-image":"","background-repeat":"repeat","background-position":"center center","background-size":"auto","background-attachment":"scroll","background-type":"","background-media":"","overlay-type":"","overlay-color":"","overlay-opacity":"","overlay-gradient":""},"tablet":{"background-color":"","background-image":"","background-repeat":"repeat","background-position":"center center","background-size":"auto","background-attachment":"scroll","background-type":"","background-media":"","overlay-type":"","overlay-color":"","overlay-opacity":"","overlay-gradient":""},"mobile":{"background-color":"","background-image":"","background-repeat":"repeat","background-position":"center center","background-size":"auto","background-attachment":"scroll","background-type":"","background-media":"","overlay-type":"","overlay-color":"","overlay-opacity":"","overlay-gradient":""}},"ast-content-background-meta":{"desktop":{"background-color":"var(--ast-global-color-5)","background-image":"","background-repeat":"repeat","background-position":"center center","background-size":"auto","background-attachment":"scroll","background-type":"","background-media":"","overlay-type":"","overlay-color":"","overlay-opacity":"","overlay-gradient":""},"tablet":{"background-color":"var(--ast-global-color-5)","background-image":"","background-repeat":"repeat","background-position":"center center","background-size":"auto","background-attachment":"scroll","background-type":"","background-media":"","overlay-type":"","overlay-color":"","overlay-opacity":"","overlay-gradient":""},"mobile":{"background-color":"var(--ast-global-color-5)","background-image":"","background-repeat":"repeat","background-position":"center center","background-size":"auto","background-attachment":"scroll","background-type":"","background-media":"","overlay-type":"","overlay-color":"","overlay-opacity":"","overlay-gradient":""}}},"product_cat":[38,32],"product_tag":[181],"class_list":{"0":"post-6914","1":"product","2":"type-product","3":"status-publish","4":"has-post-thumbnail","6":"product_cat-undercarriage","7":"product_cat-track-idler","8":"product_tag-komatsu-pc650-5","9":"desktop-align-left","10":"tablet-align-left","11":"mobile-align-left","12":"ast-product-gallery-layout-horizontal-slider","13":"ast-product-gallery-with-no-image","14":"ast-product-tabs-layout-horizontal","16":"first","17":"instock","18":"shipping-taxable","19":"product-type-simple"},"yoast_head":"<!-- This site is optimized with the Yoast SEO Premium plugin v22.8 (Yoast SEO v23.9) - https:\/\/yoast.com\/wordpress\/plugins\/seo\/ -->\n<title>Komatsu PC650-5 Excavator Track Idler Roller<\/title>\n<meta name=\"description\" content=\"GFM is a trusted excavator idler manufacturer offering high-quality excavator track idlers, OEM services, and fast delivery for all major brands since 2011.\" \/>\n<meta name=\"robots\" content=\"index, follow, max-snippet:-1, max-image-preview:large, max-video-preview:-1\" \/>\n<link rel=\"canonical\" href=\"https:\/\/gfmparts.com\/es_es\/producto\/rodillo-tensor-de-oruga-para-excavadora-komatsu-pc650-5\/\" \/>\n<meta property=\"og:locale\" content=\"es_ES\" \/>\n<meta property=\"og:type\" content=\"article\" \/>\n<meta property=\"og:title\" content=\"Komatsu PC650-5 Excavator Track Idler Roller\" \/>\n<meta property=\"og:description\" content=\"GFM is a trusted excavator idler manufacturer offering high-quality excavator track idlers, OEM services, and fast delivery for all major brands since 2011.\" \/>\n<meta property=\"og:url\" content=\"https:\/\/gfmparts.com\/es_es\/producto\/rodillo-tensor-de-oruga-para-excavadora-komatsu-pc650-5\/\" \/>\n<meta property=\"article:publisher\" content=\"https:\/\/www.facebook.com\/gfmparts\" \/>\n<meta property=\"article:modified_time\" content=\"2025-07-22T03:19:58+00:00\" \/>\n<meta property=\"og:image\" content=\"https:\/\/gfmparts.com\/wp-content\/uploads\/2025\/07\/Komatsu-PC650-5-Idler-1.png\" \/>\n\t<meta property=\"og:image:width\" content=\"800\" \/>\n\t<meta property=\"og:image:height\" content=\"800\" \/>\n\t<meta property=\"og:image:type\" content=\"image\/png\" \/>\n<meta name=\"twitter:card\" content=\"summary_large_image\" \/>\n<meta name=\"twitter:label1\" content=\"Tiempo de lectura\" \/>\n\t<meta name=\"twitter:data1\" content=\"4 minutos\" \/>\n<script type=\"application\/ld+json\" class=\"yoast-schema-graph\">{\"@context\":\"https:\/\/schema.org\",\"@graph\":[{\"@type\":\"WebPage\",\"@id\":\"https:\/\/gfmparts.com\/product\/komatsu-pc650-5-excavator-track-idler-roller\/\",\"url\":\"https:\/\/gfmparts.com\/product\/komatsu-pc650-5-excavator-track-idler-roller\/\",\"name\":\"Komatsu PC650-5 Excavator Track Idler Roller\",\"isPartOf\":{\"@id\":\"https:\/\/gfmparts.com\/#website\"},\"primaryImageOfPage\":{\"@id\":\"https:\/\/gfmparts.com\/product\/komatsu-pc650-5-excavator-track-idler-roller\/#primaryimage\"},\"image\":{\"@id\":\"https:\/\/gfmparts.com\/product\/komatsu-pc650-5-excavator-track-idler-roller\/#primaryimage\"},\"thumbnailUrl\":\"https:\/\/gfmparts.com\/wp-content\/uploads\/2025\/07\/Komatsu-PC650-5-Idler-1.png\",\"datePublished\":\"2025-07-22T02:09:31+00:00\",\"dateModified\":\"2025-07-22T03:19:58+00:00\",\"description\":\"GFM is a trusted excavator idler manufacturer offering high-quality excavator track idlers, OEM services, and fast delivery for all major brands since 2011.\",\"breadcrumb\":{\"@id\":\"https:\/\/gfmparts.com\/product\/komatsu-pc650-5-excavator-track-idler-roller\/#breadcrumb\"},\"inLanguage\":\"es\",\"potentialAction\":[{\"@type\":\"ReadAction\",\"target\":[\"https:\/\/gfmparts.com\/product\/komatsu-pc650-5-excavator-track-idler-roller\/\"]}]},{\"@type\":\"ImageObject\",\"inLanguage\":\"es\",\"@id\":\"https:\/\/gfmparts.com\/product\/komatsu-pc650-5-excavator-track-idler-roller\/#primaryimage\",\"url\":\"https:\/\/gfmparts.com\/wp-content\/uploads\/2025\/07\/Komatsu-PC650-5-Idler-1.png\",\"contentUrl\":\"https:\/\/gfmparts.com\/wp-content\/uploads\/2025\/07\/Komatsu-PC650-5-Idler-1.png\",\"width\":800,\"height\":800,\"caption\":\"Komatsu PC650-5 Idler\"},{\"@type\":\"BreadcrumbList\",\"@id\":\"https:\/\/gfmparts.com\/product\/komatsu-pc650-5-excavator-track-idler-roller\/#breadcrumb\",\"itemListElement\":[{\"@type\":\"ListItem\",\"position\":1,\"name\":\"\u9996\u9875\",\"item\":\"https:\/\/gfmparts.com\/\"},{\"@type\":\"ListItem\",\"position\":2,\"name\":\"All Product\",\"item\":\"https:\/\/gfmparts.com\/all-product\/\"},{\"@type\":\"ListItem\",\"position\":3,\"name\":\"Komatsu PC650-5 Excavator Track Idler Roller\"}]},{\"@type\":\"WebSite\",\"@id\":\"https:\/\/gfmparts.com\/#website\",\"url\":\"https:\/\/gfmparts.com\/\",\"name\":\"GFM PARTS\",\"description\":\"GFM since 2011 focused on excavator and bulldozer undercarriage parts manufacturing :Track rollers,carrier roller,idler,sprocket,track group,bucket tooth pin.\",\"publisher\":{\"@id\":\"https:\/\/gfmparts.com\/#organization\"},\"alternateName\":\"gfmparts.com\",\"potentialAction\":[{\"@type\":\"SearchAction\",\"target\":{\"@type\":\"EntryPoint\",\"urlTemplate\":\"https:\/\/gfmparts.com\/?s={search_term_string}\"},\"query-input\":{\"@type\":\"PropertyValueSpecification\",\"valueRequired\":true,\"valueName\":\"search_term_string\"}}],\"inLanguage\":\"es\"},{\"@type\":\"Organization\",\"@id\":\"https:\/\/gfmparts.com\/#organization\",\"name\":\"GFM PARTS\",\"url\":\"https:\/\/gfmparts.com\/\",\"logo\":{\"@type\":\"ImageObject\",\"inLanguage\":\"es\",\"@id\":\"https:\/\/gfmparts.com\/#\/schema\/logo\/image\/\",\"url\":\"https:\/\/gfmparts.com\/wp-content\/uploads\/2024\/11\/cropped-GFMparts.com_-2.png\",\"contentUrl\":\"https:\/\/gfmparts.com\/wp-content\/uploads\/2024\/11\/cropped-GFMparts.com_-2.png\",\"width\":5987,\"height\":2564,\"caption\":\"GFM PARTS\"},\"image\":{\"@id\":\"https:\/\/gfmparts.com\/#\/schema\/logo\/image\/\"},\"sameAs\":[\"https:\/\/www.facebook.com\/gfmparts\",\"https:\/\/www.linkedin.com\/company\/gfmparts\/\",\"https:\/\/www.tiktok.com\/@gfmparts\",\"https:\/\/www.youtube.com\/@GFMparts\/featured\"]}]}<\/script>\n<!-- \/ Yoast SEO Premium plugin. -->","yoast_head_json":{"title":"Komatsu PC650-5 Excavator Track Idler Roller","description":"GFM is a trusted excavator idler manufacturer offering high-quality excavator track idlers, OEM services, and fast delivery for all major brands since 2011.","robots":{"index":"index","follow":"follow","max-snippet":"max-snippet:-1","max-image-preview":"max-image-preview:large","max-video-preview":"max-video-preview:-1"},"canonical":"https:\/\/gfmparts.com\/es_es\/producto\/rodillo-tensor-de-oruga-para-excavadora-komatsu-pc650-5\/","og_locale":"es_ES","og_type":"article","og_title":"Komatsu PC650-5 Excavator Track Idler Roller","og_description":"GFM is a trusted excavator idler manufacturer offering high-quality excavator track idlers, OEM services, and fast delivery for all major brands since 2011.","og_url":"https:\/\/gfmparts.com\/es_es\/producto\/rodillo-tensor-de-oruga-para-excavadora-komatsu-pc650-5\/","article_publisher":"https:\/\/www.facebook.com\/gfmparts","article_modified_time":"2025-07-22T03:19:58+00:00","og_image":[{"width":800,"height":800,"url":"https:\/\/gfmparts.com\/wp-content\/uploads\/2025\/07\/Komatsu-PC650-5-Idler-1.png","type":"image\/png"}],"twitter_card":"summary_large_image","twitter_misc":{"Tiempo de lectura":"4 minutos"},"schema":{"@context":"https:\/\/schema.org","@graph":[{"@type":"WebPage","@id":"https:\/\/gfmparts.com\/product\/komatsu-pc650-5-excavator-track-idler-roller\/","url":"https:\/\/gfmparts.com\/product\/komatsu-pc650-5-excavator-track-idler-roller\/","name":"Komatsu PC650-5 Excavator Track Idler Roller","isPartOf":{"@id":"https:\/\/gfmparts.com\/#website"},"primaryImageOfPage":{"@id":"https:\/\/gfmparts.com\/product\/komatsu-pc650-5-excavator-track-idler-roller\/#primaryimage"},"image":{"@id":"https:\/\/gfmparts.com\/product\/komatsu-pc650-5-excavator-track-idler-roller\/#primaryimage"},"thumbnailUrl":"https:\/\/gfmparts.com\/wp-content\/uploads\/2025\/07\/Komatsu-PC650-5-Idler-1.png","datePublished":"2025-07-22T02:09:31+00:00","dateModified":"2025-07-22T03:19:58+00:00","description":"GFM is a trusted excavator idler manufacturer offering high-quality excavator track idlers, OEM services, and fast delivery for all major brands since 2011.","breadcrumb":{"@id":"https:\/\/gfmparts.com\/product\/komatsu-pc650-5-excavator-track-idler-roller\/#breadcrumb"},"inLanguage":"es","potentialAction":[{"@type":"ReadAction","target":["https:\/\/gfmparts.com\/product\/komatsu-pc650-5-excavator-track-idler-roller\/"]}]},{"@type":"ImageObject","inLanguage":"es","@id":"https:\/\/gfmparts.com\/product\/komatsu-pc650-5-excavator-track-idler-roller\/#primaryimage","url":"https:\/\/gfmparts.com\/wp-content\/uploads\/2025\/07\/Komatsu-PC650-5-Idler-1.png","contentUrl":"https:\/\/gfmparts.com\/wp-content\/uploads\/2025\/07\/Komatsu-PC650-5-Idler-1.png","width":800,"height":800,"caption":"Komatsu PC650-5 Idler"},{"@type":"BreadcrumbList","@id":"https:\/\/gfmparts.com\/product\/komatsu-pc650-5-excavator-track-idler-roller\/#breadcrumb","itemListElement":[{"@type":"ListItem","position":1,"name":"\u9996\u9875","item":"https:\/\/gfmparts.com\/"},{"@type":"ListItem","position":2,"name":"All Product","item":"https:\/\/gfmparts.com\/all-product\/"},{"@type":"ListItem","position":3,"name":"Komatsu PC650-5 Excavator Track Idler Roller"}]},{"@type":"WebSite","@id":"https:\/\/gfmparts.com\/#website","url":"https:\/\/gfmparts.com\/","name":"GFM PARTS","description":"GFM since 2011 focused on excavator and bulldozer undercarriage parts manufacturing :Track rollers,carrier roller,idler,sprocket,track group,bucket tooth pin.","publisher":{"@id":"https:\/\/gfmparts.com\/#organization"},"alternateName":"gfmparts.com","potentialAction":[{"@type":"SearchAction","target":{"@type":"EntryPoint","urlTemplate":"https:\/\/gfmparts.com\/?s={search_term_string}"},"query-input":{"@type":"PropertyValueSpecification","valueRequired":true,"valueName":"search_term_string"}}],"inLanguage":"es"},{"@type":"Organization","@id":"https:\/\/gfmparts.com\/#organization","name":"GFM PARTS","url":"https:\/\/gfmparts.com\/","logo":{"@type":"ImageObject","inLanguage":"es","@id":"https:\/\/gfmparts.com\/#\/schema\/logo\/image\/","url":"https:\/\/gfmparts.com\/wp-content\/uploads\/2024\/11\/cropped-GFMparts.com_-2.png","contentUrl":"https:\/\/gfmparts.com\/wp-content\/uploads\/2024\/11\/cropped-GFMparts.com_-2.png","width":5987,"height":2564,"caption":"GFM PARTS"},"image":{"@id":"https:\/\/gfmparts.com\/#\/schema\/logo\/image\/"},"sameAs":["https:\/\/www.facebook.com\/gfmparts","https:\/\/www.linkedin.com\/company\/gfmparts\/","https:\/\/www.tiktok.com\/@gfmparts","https:\/\/www.youtube.com\/@GFMparts\/featured"]}]}},"_links":{"self":[{"href":"https:\/\/gfmparts.com\/es_es\/wp-json\/wp\/v2\/product\/6914"}],"collection":[{"href":"https:\/\/gfmparts.com\/es_es\/wp-json\/wp\/v2\/product"}],"about":[{"href":"https:\/\/gfmparts.com\/es_es\/wp-json\/wp\/v2\/types\/product"}],"wp:featuredmedia":[{"embeddable":true,"href":"https:\/\/gfmparts.com\/es_es\/wp-json\/wp\/v2\/media\/6915"}],"wp:attachment":[{"href":"https:\/\/gfmparts.com\/es_es\/wp-json\/wp\/v2\/media?parent=6914"}],"wp:term":[{"taxonomy":"product_cat","embeddable":true,"href":"https:\/\/gfmparts.com\/es_es\/wp-json\/wp\/v2\/product_cat?post=6914"},{"taxonomy":"product_tag","embeddable":true,"href":"https:\/\/gfmparts.com\/es_es\/wp-json\/wp\/v2\/product_tag?post=6914"}],"curies":[{"name":"wp","href":"https:\/\/api.w.org\/{rel}","templated":true}]}}