{"id":1717,"date":"2024-11-22T03:22:42","date_gmt":"2024-11-22T03:22:42","guid":{"rendered":"https:\/\/gfmparts.com\/?post_type=product&#038;p=1717"},"modified":"2025-05-16T09:35:50","modified_gmt":"2025-05-16T09:35:50","slug":"supply-excavator-track-chain-manufacturers","status":"publish","type":"product","link":"https:\/\/gfmparts.com\/pt\/product\/fabricantes-de-correntes-de-esteira-para-escavadeiras\/","title":{"rendered":"Fabricantes de correntes de esteira para escavadeiras de alta qualidade"},"content":{"rendered":"<h5><span style=\"color: #000000;\">GFM \u00e9 um profissional <a style=\"color: #000000;\" href=\"https:\/\/gfmparts.com\/pt\/product\/fabrica-de-calcados-para-trilhas-por-atacado\/\">fabricantes de correntes de esteira para escavadeiras<\/a> com 14 anos de rica experi\u00eancia no setor, comprometida em fornecer aos clientes elos de corrente para escavadeiras de alta qualidade.<\/span><\/h5>\n<p>&nbsp;<\/p>\n<h3><span style=\"color: #ff6600;\">Descri\u00e7\u00e3o do produto<\/span><\/h3>\n<ul>\n<li><span style=\"color: #000000;\"><strong>T\u00e9cnica:<\/strong> Forjamento<\/span><\/li>\n<li><span style=\"color: #000000;\"><strong>Mat\u00e9ria-prima:<\/strong>35MnBH\/40Mn2<\/span><\/li>\n<li><span style=\"color: #000000;\"><strong>Quantidade m\u00ednima:<\/strong>\u00a01 PC<\/span><\/li>\n<li><span style=\"color: #000000;\"><strong>M\u00e9todo de pagamento:<\/strong>\u00a0T\/T<\/span><\/li>\n<li><span style=\"color: #000000;\"><strong>Marca:<\/strong>\u00a0GFM<\/span><\/li>\n<li><span style=\"color: #000000;\"><strong>Doen\u00e7a:<\/strong>\u00a0Novo<\/span><\/li>\n<li><span style=\"color: #000000;\"><strong>Cor:<\/strong>\u00a0Amarelo, Preto ou Personalizado<\/span><\/li>\n<li><span style=\"color: #000000;\"><strong>Tempo de espera:<\/strong>\u00a030 dias<\/span><\/li>\n<li><span style=\"color: #000000;\"><strong>Garantia:<\/strong>\u00a01 ano<\/span><\/li>\n<li><span style=\"color: #000000;\"><strong>Servi\u00e7o:<\/strong>\u00a0OEM ou ODM<\/span><\/li>\n<li><span style=\"color: #000000;\"><strong>Local de origem:<\/strong>\u00a0Fujian, China<\/span><\/li>\n<li><span style=\"color: #000000;\"><strong>Aplicativo:<\/strong> Escavadora<\/span><\/li>\n<li><span style=\"color: #000000;\"><strong>Embalagem:<\/strong>\u00a0Palete de madeira padr\u00e3o para exporta\u00e7\u00e3o<\/span><\/li>\n<\/ul>\n<p style=\"text-align: center;\"><span style=\"color: #000000;\"><img fetchpriority=\"high\" decoding=\"async\" class=\"alignnone wp-image-2782\" src=\"https:\/\/gfmparts.com\/wp-content\/uploads\/2024\/11\/track-link-3-1024x768.jpg\" alt=\"elo da corrente da escavadeira\" width=\"422\" height=\"316\" srcset=\"https:\/\/gfmparts.com\/wp-content\/uploads\/2024\/11\/track-link-3-1024x768.jpg 1024w, https:\/\/gfmparts.com\/wp-content\/uploads\/2024\/11\/track-link-3-300x225.jpg 300w, https:\/\/gfmparts.com\/wp-content\/uploads\/2024\/11\/track-link-3-768x576.jpg 768w, https:\/\/gfmparts.com\/wp-content\/uploads\/2024\/11\/track-link-3-1536x1152.jpg 1536w, https:\/\/gfmparts.com\/wp-content\/uploads\/2024\/11\/track-link-3-2048x1536.jpg 2048w, https:\/\/gfmparts.com\/wp-content\/uploads\/2024\/11\/track-link-3-600x450.jpg 600w\" sizes=\"(max-width: 422px) 100vw, 422px\" \/> <img decoding=\"async\" class=\"alignnone wp-image-2783\" src=\"https:\/\/gfmparts.com\/wp-content\/uploads\/2024\/11\/track-link-4-1024x768.jpg\" alt=\"fabricantes de elos de esteira para escavadeiras\" width=\"420\" height=\"315\" srcset=\"https:\/\/gfmparts.com\/wp-content\/uploads\/2024\/11\/track-link-4-1024x768.jpg 1024w, https:\/\/gfmparts.com\/wp-content\/uploads\/2024\/11\/track-link-4-300x225.jpg 300w, https:\/\/gfmparts.com\/wp-content\/uploads\/2024\/11\/track-link-4-768x576.jpg 768w, https:\/\/gfmparts.com\/wp-content\/uploads\/2024\/11\/track-link-4-600x450.jpg 600w, https:\/\/gfmparts.com\/wp-content\/uploads\/2024\/11\/track-link-4.jpg 1440w\" sizes=\"(max-width: 420px) 100vw, 420px\" \/><\/span><\/p>\n<h3><span style=\"color: #ff6600;\">Caracter\u00edsticas<\/span><\/h3>\n<ul>\n<li><b><\/b><span style=\"color: #000000;\"><strong><b>Alta durabilidade<\/b><\/strong>\u2013 Constru\u00eddo com liga de a\u00e7o premium para suportar uso pesado.<\/span><\/li>\n<li><span style=\"color: #000000;\"><b><\/b><strong><b>Ajuste perfeito<\/b><\/strong>\u2013 Fabricado com precis\u00e3o para compatibilidade perfeita com as principais marcas de escavadeiras.<\/span><\/li>\n<li><span style=\"color: #000000;\"><b><\/b><strong><b>For\u00e7a Aprimorada<\/b><\/strong>\u2013 Tratado termicamente para maior dureza e resist\u00eancia ao desgaste.<\/span><\/li>\n<li><span style=\"color: #000000;\"><b><\/b><strong><b>Resistente \u00e0 corros\u00e3o<\/b><\/strong>\u2013 Revestimento especial protege contra ferrugem em condi\u00e7\u00f5es dif\u00edceis.<\/span><\/li>\n<li><span style=\"color: #000000;\"><b><\/b><strong><b>Opera\u00e7\u00e3o suave<\/b><\/strong>\u2013 O design de baixo atrito garante um desempenho silencioso e eficiente.<\/span><\/li>\n<li><span style=\"color: #000000;\"><b><\/b><strong><b>Instala\u00e7\u00e3o r\u00e1pida<\/b><\/strong>\u2013 F\u00e1cil de montar, economizando tempo e reduzindo o tempo de inatividade.<\/span><\/li>\n<\/ul>\n<h3><span style=\"color: #ff6600;\">Especifica\u00e7\u00f5es<\/span><\/h3>\n<p><img decoding=\"async\" class=\"alignnone wp-image-2860 size-large aligncenter\" src=\"https:\/\/gfmparts.com\/wp-content\/uploads\/2024\/11\/\u94fe\u6761\u6570\u636e\u56fe-2-1024x671.jpg\" alt=\"descri\u00e7\u00e3o do link da trilha\" width=\"1024\" height=\"671\" srcset=\"\" sizes=\"(max-width: 1024px) 100vw, 1024px\" data-srcset=\"\" \/><\/p>\n<div style=\"font-size: 0;\">Na GFM Factory, utilizamos \u00f3leo em vez de graxa para elos de esteira de escavadeiras e tratores de esteira devido \u00e0 sua lubrifica\u00e7\u00e3o e desempenho superiores. Ao contr\u00e1rio dos elos de esteira lubrificados com graxa, os sistemas lubrificados com \u00f3leo t\u00eam mais espa\u00e7o entre o pino e a bucha. Ap\u00f3s o pino ser pressionado no lugar, o espa\u00e7o \u00e9 selado a v\u00e1cuo e preenchido com \u00f3leo, garantindo que a folga seja totalmente preenchida para uma lubrifica\u00e7\u00e3o ideal. Esse processo tamb\u00e9m verifica se a veda\u00e7\u00e3o da esteira est\u00e1 intacta, o que \u00e9 fundamental para evitar desgaste e garantir o melhor desempenho da esteira.<br \/>\nO \u00f3leo \u00e9 a escolha ideal para elos de esteira, proporcionando maior prote\u00e7\u00e3o contra desgaste, dissipa\u00e7\u00e3o de calor eficaz e ajudando a manter contaminantes afastados. Tamb\u00e9m reduz a necessidade de manuten\u00e7\u00e3o frequente. Esses benef\u00edcios tornam os elos de esteira preenchidos com \u00f3leo uma solu\u00e7\u00e3o dur\u00e1vel, eficiente e confi\u00e1vel para m\u00e1quinas pesadas, garantindo um desempenho duradouro.<\/div>\n<h3><span style=\"color: #ff6600;\">Modelos de produtos<\/span><\/h3>\n<p style=\"text-align: center;\"><img loading=\"lazy\" decoding=\"async\" class=\"alignnone size-full wp-image-3147\" src=\"https:\/\/gfmparts.com\/wp-content\/uploads\/2024\/11\/excavator-part-description.png\" alt=\"descri\u00e7\u00e3o da pe\u00e7a da escavadeira\" width=\"856\" height=\"701\" \/><\/p>\n<h3><span style=\"color: #ff6600;\">Processo de produ\u00e7\u00e3o<\/span><\/h3>\n<p style=\"text-align: center;\"><iframe title=\"Reprodutor de v\u00eddeo do YouTube\" src=\"https:\/\/www.youtube.com\/embed\/0MdGoauuqtc?si=qQfjAiRnGnq8PQ2B\" width=\"1000\" height=\"563\" frameborder=\"0\" allowfullscreen=\"allowfullscreen\"><\/iframe><\/p>\n<p><img loading=\"lazy\" decoding=\"async\" class=\"size-large wp-image-3043 aligncenter\" src=\"https:\/\/gfmparts.com\/wp-content\/uploads\/2024\/12\/\u901a\u7528\u751f\u4ea7\u6d41\u7a0b-1-1024x648.jpg\" alt=\"processo de produ\u00e7\u00e3o de pe\u00e7as de escavadeira\" width=\"1024\" height=\"648\" srcset=\"\" sizes=\"(max-width: 1024px) 100vw, 1024px\" data-srcset=\"\" \/><\/p>\n<h3><span style=\"color: #ff6600;\">Embalagem e Envio<\/span><\/h3>\n<p style=\"text-align: center;\"><img loading=\"lazy\" decoding=\"async\" class=\"alignnone size-large wp-image-6521\" src=\"https:\/\/gfmparts.com\/wp-content\/uploads\/2025\/05\/Packaging-and-Shipping-1-1-1024x648.jpg\" alt=\"Embalagem e Envio\" width=\"1024\" height=\"648\" srcset=\"https:\/\/gfmparts.com\/wp-content\/uploads\/2025\/05\/Packaging-and-Shipping-1-1-1024x648.jpg 1024w, https:\/\/gfmparts.com\/wp-content\/uploads\/2025\/05\/Packaging-and-Shipping-1-1-300x190.jpg 300w, https:\/\/gfmparts.com\/wp-content\/uploads\/2025\/05\/Packaging-and-Shipping-1-1-768x486.jpg 768w, https:\/\/gfmparts.com\/wp-content\/uploads\/2025\/05\/Packaging-and-Shipping-1-1-1536x973.jpg 1536w, https:\/\/gfmparts.com\/wp-content\/uploads\/2025\/05\/Packaging-and-Shipping-1-1-2048x1297.jpg 2048w, https:\/\/gfmparts.com\/wp-content\/uploads\/2025\/05\/Packaging-and-Shipping-1-1-600x380.jpg 600w\" sizes=\"(max-width: 1024px) 100vw, 1024px\" \/><\/p>\n<h3><span style=\"color: #ff6600;\">Vantagens da f\u00e1brica<\/span><\/h3>\n<p><span style=\"color: #000000;\">A GFM \u00e9 uma empresa l\u00edder na fabrica\u00e7\u00e3o de pe\u00e7as para escavadeiras. Desde a sua funda\u00e7\u00e3o em 2011, com 14 anos de experi\u00eancia no setor, sempre se comprometeu a fornecer aos clientes produtos e servi\u00e7os de alta qualidade. Nossa f\u00e1brica possui uma linha de produ\u00e7\u00e3o robusta, equipada com equipamentos modernos e tecnologia de produ\u00e7\u00e3o automatizada. Da usinagem de precis\u00e3o \u00e0 montagem dos produtos acabados, cada etapa demonstra o excelente n\u00edvel da fabrica\u00e7\u00e3o industrial.<\/span><\/p>\n<p><span style=\"color: #000000;\">Al\u00e9m disso, nossa equipe t\u00e9cnica \u00e9 composta por engenheiros seniores e especialistas t\u00e9cnicos do setor. Os membros da equipe possuem profundo conhecimento em pesquisa e desenvolvimento, design e otimiza\u00e7\u00e3o de pe\u00e7as para escavadeiras. Com recursos profissionais de P&amp;D e inova\u00e7\u00e3o, eles podem personalizar solu\u00e7\u00f5es para atender \u00e0s diversas necessidades dos clientes.<\/span><\/p>\n<p><span style=\"color: #000000;\">A qualidade \u00e9 sempre a principal busca da GFM. Estabelecemos um sistema completo de gest\u00e3o da qualidade e estamos equipados com equipamentos de teste avan\u00e7ados. Cada lote de produtos precisa passar por v\u00e1rias rodadas de rigorosas inspe\u00e7\u00f5es de qualidade para garantir que atenda aos padr\u00f5es internacionais em termos de desempenho, durabilidade e seguran\u00e7a. Seja na sele\u00e7\u00e3o da mat\u00e9ria-prima ou na entrega do produto final, buscamos a excel\u00eancia e oferecemos aos clientes uma garantia de qualidade impec\u00e1vel.<\/span><\/p>\n<p><span style=\"color: #000000;\">14 anos de experi\u00eancia no setor nos permitiram acumular uma vasta experi\u00eancia em produ\u00e7\u00e3o e servi\u00e7os, al\u00e9m de consolidar uma s\u00f3lida reputa\u00e7\u00e3o no mercado global. Seja para pe\u00e7as de escavadeira dur\u00e1veis e de alto desempenho ou servi\u00e7os personalizados completos, a GFM agregar\u00e1 valor ao seu neg\u00f3cio com tecnologia profissional e produtos confi\u00e1veis. Escolha a GFM, escolha garantia de qualidade!<\/span><\/p>\n<p style=\"text-align: center;\"><span style=\"color: #000000;\"><img loading=\"lazy\" decoding=\"async\" class=\"alignnone wp-image-2159\" src=\"https:\/\/gfmparts.com\/wp-content\/uploads\/2024\/12\/\u5fae\u4fe1\u56fe\u7247_20241202160325-1024x576.jpg\" alt=\"Fabricante de pe\u00e7as para escavadeiras\" width=\"856\" height=\"481\" srcset=\"\" sizes=\"(max-width: 856px) 100vw, 856px\" data-srcset=\"\" \/><\/span><\/p>","protected":false},"excerpt":{"rendered":"<ul>\n<li>Qualidade garantida do produto<\/li>\n<li>Fornecimento grande<\/li>\n<li>Pre\u00e7os competitivos<\/li>\n<li>A maioria das marcas e modelos<\/li>\n<li>Equipe de Atendimento ao Cliente \u00datil<\/li>\n<li>Suporte t\u00e9cnico profissional<\/li>\n<\/ul>","protected":false},"featured_media":3611,"template":"","meta":{"site-sidebar-layout":"default","site-content-layout":"","ast-site-content-layout":"default","site-content-style":"default","site-sidebar-style":"default","ast-global-header-display":"","ast-banner-title-visibility":"","ast-main-header-display":"","ast-hfb-above-header-display":"","ast-hfb-below-header-display":"","ast-hfb-mobile-header-display":"","site-post-title":"","ast-breadcrumbs-content":"","ast-featured-img":"","footer-sml-layout":"","theme-transparent-header-meta":"default","adv-header-id-meta":"","stick-header-meta":"default","header-above-stick-meta":"","header-main-stick-meta":"","header-below-stick-meta":"","astra-migrate-meta-layouts":"set","ast-page-background-enabled":"default","ast-page-background-meta":{"desktop":{"background-color":"","background-image":"","background-repeat":"repeat","background-position":"center center","background-size":"auto","background-attachment":"scroll","background-type":"","background-media":"","overlay-type":"","overlay-color":"","overlay-opacity":"","overlay-gradient":""},"tablet":{"background-color":"","background-image":"","background-repeat":"repeat","background-position":"center center","background-size":"auto","background-attachment":"scroll","background-type":"","background-media":"","overlay-type":"","overlay-color":"","overlay-opacity":"","overlay-gradient":""},"mobile":{"background-color":"","background-image":"","background-repeat":"repeat","background-position":"center center","background-size":"auto","background-attachment":"scroll","background-type":"","background-media":"","overlay-type":"","overlay-color":"","overlay-opacity":"","overlay-gradient":""}},"ast-content-background-meta":{"desktop":{"background-color":"var(--ast-global-color-5)","background-image":"","background-repeat":"repeat","background-position":"center center","background-size":"auto","background-attachment":"scroll","background-type":"","background-media":"","overlay-type":"","overlay-color":"","overlay-opacity":"","overlay-gradient":""},"tablet":{"background-color":"var(--ast-global-color-5)","background-image":"","background-repeat":"repeat","background-position":"center center","background-size":"auto","background-attachment":"scroll","background-type":"","background-media":"","overlay-type":"","overlay-color":"","overlay-opacity":"","overlay-gradient":""},"mobile":{"background-color":"var(--ast-global-color-5)","background-image":"","background-repeat":"repeat","background-position":"center center","background-size":"auto","background-attachment":"scroll","background-type":"","background-media":"","overlay-type":"","overlay-color":"","overlay-opacity":"","overlay-gradient":""}}},"product_cat":[38,29],"product_tag":[],"class_list":{"0":"post-1717","1":"product","2":"type-product","3":"status-publish","4":"has-post-thumbnail","6":"product_cat-undercarriage","7":"product_cat-track-link","8":"desktop-align-left","9":"tablet-align-left","10":"mobile-align-left","11":"ast-product-gallery-layout-horizontal-slider","12":"ast-product-gallery-with-no-image","13":"ast-product-tabs-layout-horizontal","15":"first","16":"instock","17":"shipping-taxable","18":"product-type-simple"},"yoast_head":"<!-- This site is optimized with the Yoast SEO Premium plugin v22.8 (Yoast SEO v23.9) - https:\/\/yoast.com\/wordpress\/plugins\/seo\/ -->\n<title>Top Excavator Chain Link|Excavator Track Chain Manufacturers<\/title>\n<meta name=\"description\" content=\"GFM is a professional excavator track chain manufacturers with 14 years of industry experience, committed to providing customers with high quality excavator chain link.\" \/>\n<meta name=\"robots\" content=\"index, follow, max-snippet:-1, max-image-preview:large, max-video-preview:-1\" \/>\n<link rel=\"canonical\" href=\"https:\/\/gfmparts.com\/pt\/product\/fabricantes-de-correntes-de-esteira-para-escavadeiras\/\" \/>\n<meta property=\"og:locale\" content=\"pt_BR\" \/>\n<meta property=\"og:type\" content=\"article\" \/>\n<meta property=\"og:title\" content=\"High Quality Excavator Track Chain Manufacturers\" \/>\n<meta property=\"og:description\" content=\"GFM is a professional excavator track chain manufacturers with 14 years of industry experience, committed to providing customers with high quality excavator chain link.\" \/>\n<meta property=\"og:url\" content=\"https:\/\/gfmparts.com\/pt\/product\/fabricantes-de-correntes-de-esteira-para-escavadeiras\/\" \/>\n<meta property=\"article:publisher\" content=\"https:\/\/www.facebook.com\/gfmparts\" \/>\n<meta property=\"article:modified_time\" content=\"2025-05-16T09:35:50+00:00\" \/>\n<meta property=\"og:image\" content=\"https:\/\/gfmparts.com\/wp-content\/uploads\/2024\/11\/Excavator-Track-Chain.png\" \/>\n\t<meta property=\"og:image:width\" content=\"367\" \/>\n\t<meta property=\"og:image:height\" content=\"367\" \/>\n\t<meta property=\"og:image:type\" content=\"image\/png\" \/>\n<meta name=\"twitter:card\" content=\"summary_large_image\" \/>\n<meta name=\"twitter:label1\" content=\"Est. tempo de leitura\" \/>\n\t<meta name=\"twitter:data1\" content=\"4 minutos\" \/>\n<script type=\"application\/ld+json\" class=\"yoast-schema-graph\">{\"@context\":\"https:\/\/schema.org\",\"@graph\":[{\"@type\":\"WebPage\",\"@id\":\"https:\/\/gfmparts.com\/product\/supply-excavator-track-chain-manufacturers\/\",\"url\":\"https:\/\/gfmparts.com\/product\/supply-excavator-track-chain-manufacturers\/\",\"name\":\"Top Excavator Chain Link|Excavator Track Chain Manufacturers\",\"isPartOf\":{\"@id\":\"https:\/\/gfmparts.com\/#website\"},\"primaryImageOfPage\":{\"@id\":\"https:\/\/gfmparts.com\/product\/supply-excavator-track-chain-manufacturers\/#primaryimage\"},\"image\":{\"@id\":\"https:\/\/gfmparts.com\/product\/supply-excavator-track-chain-manufacturers\/#primaryimage\"},\"thumbnailUrl\":\"https:\/\/gfmparts.com\/wp-content\/uploads\/2024\/11\/Excavator-Track-Chain.png\",\"datePublished\":\"2024-11-22T03:22:42+00:00\",\"dateModified\":\"2025-05-16T09:35:50+00:00\",\"description\":\"GFM is a professional excavator track chain manufacturers with 14 years of industry experience, committed to providing customers with high quality excavator chain link.\",\"breadcrumb\":{\"@id\":\"https:\/\/gfmparts.com\/product\/supply-excavator-track-chain-manufacturers\/#breadcrumb\"},\"inLanguage\":\"pt-BR\",\"potentialAction\":[{\"@type\":\"ReadAction\",\"target\":[\"https:\/\/gfmparts.com\/product\/supply-excavator-track-chain-manufacturers\/\"]}]},{\"@type\":\"ImageObject\",\"inLanguage\":\"pt-BR\",\"@id\":\"https:\/\/gfmparts.com\/product\/supply-excavator-track-chain-manufacturers\/#primaryimage\",\"url\":\"https:\/\/gfmparts.com\/wp-content\/uploads\/2024\/11\/Excavator-Track-Chain.png\",\"contentUrl\":\"https:\/\/gfmparts.com\/wp-content\/uploads\/2024\/11\/Excavator-Track-Chain.png\",\"width\":367,\"height\":367,\"caption\":\"Excavator Track Chain\"},{\"@type\":\"BreadcrumbList\",\"@id\":\"https:\/\/gfmparts.com\/product\/supply-excavator-track-chain-manufacturers\/#breadcrumb\",\"itemListElement\":[{\"@type\":\"ListItem\",\"position\":1,\"name\":\"\u9996\u9875\",\"item\":\"https:\/\/gfmparts.com\/\"},{\"@type\":\"ListItem\",\"position\":2,\"name\":\"All Product\",\"item\":\"https:\/\/gfmparts.com\/all-product\/\"},{\"@type\":\"ListItem\",\"position\":3,\"name\":\"High Quality Excavator Track Chain Manufacturers\"}]},{\"@type\":\"WebSite\",\"@id\":\"https:\/\/gfmparts.com\/#website\",\"url\":\"https:\/\/gfmparts.com\/\",\"name\":\"GFM PARTS\",\"description\":\"GFM since 2011 focused on excavator and bulldozer undercarriage parts manufacturing :Track rollers,carrier roller,idler,sprocket,track group,bucket tooth pin.\",\"publisher\":{\"@id\":\"https:\/\/gfmparts.com\/#organization\"},\"alternateName\":\"gfmparts.com\",\"potentialAction\":[{\"@type\":\"SearchAction\",\"target\":{\"@type\":\"EntryPoint\",\"urlTemplate\":\"https:\/\/gfmparts.com\/?s={search_term_string}\"},\"query-input\":{\"@type\":\"PropertyValueSpecification\",\"valueRequired\":true,\"valueName\":\"search_term_string\"}}],\"inLanguage\":\"pt-BR\"},{\"@type\":\"Organization\",\"@id\":\"https:\/\/gfmparts.com\/#organization\",\"name\":\"GFM PARTS\",\"url\":\"https:\/\/gfmparts.com\/\",\"logo\":{\"@type\":\"ImageObject\",\"inLanguage\":\"pt-BR\",\"@id\":\"https:\/\/gfmparts.com\/#\/schema\/logo\/image\/\",\"url\":\"https:\/\/gfmparts.com\/wp-content\/uploads\/2024\/11\/cropped-GFMparts.com_-2.png\",\"contentUrl\":\"https:\/\/gfmparts.com\/wp-content\/uploads\/2024\/11\/cropped-GFMparts.com_-2.png\",\"width\":5987,\"height\":2564,\"caption\":\"GFM PARTS\"},\"image\":{\"@id\":\"https:\/\/gfmparts.com\/#\/schema\/logo\/image\/\"},\"sameAs\":[\"https:\/\/www.facebook.com\/gfmparts\",\"https:\/\/www.linkedin.com\/company\/gfmparts\/\",\"https:\/\/www.tiktok.com\/@gfmparts\",\"https:\/\/www.youtube.com\/@GFMparts\/featured\"]}]}<\/script>\n<!-- \/ Yoast SEO Premium plugin. -->","yoast_head_json":{"title":"Top Excavator Chain Link|Excavator Track Chain Manufacturers","description":"GFM is a professional excavator track chain manufacturers with 14 years of industry experience, committed to providing customers with high quality excavator chain link.","robots":{"index":"index","follow":"follow","max-snippet":"max-snippet:-1","max-image-preview":"max-image-preview:large","max-video-preview":"max-video-preview:-1"},"canonical":"https:\/\/gfmparts.com\/pt\/product\/fabricantes-de-correntes-de-esteira-para-escavadeiras\/","og_locale":"pt_BR","og_type":"article","og_title":"High Quality Excavator Track Chain Manufacturers","og_description":"GFM is a professional excavator track chain manufacturers with 14 years of industry experience, committed to providing customers with high quality excavator chain link.","og_url":"https:\/\/gfmparts.com\/pt\/product\/fabricantes-de-correntes-de-esteira-para-escavadeiras\/","article_publisher":"https:\/\/www.facebook.com\/gfmparts","article_modified_time":"2025-05-16T09:35:50+00:00","og_image":[{"width":367,"height":367,"url":"https:\/\/gfmparts.com\/wp-content\/uploads\/2024\/11\/Excavator-Track-Chain.png","type":"image\/png"}],"twitter_card":"summary_large_image","twitter_misc":{"Est. tempo de leitura":"4 minutos"},"schema":{"@context":"https:\/\/schema.org","@graph":[{"@type":"WebPage","@id":"https:\/\/gfmparts.com\/product\/supply-excavator-track-chain-manufacturers\/","url":"https:\/\/gfmparts.com\/product\/supply-excavator-track-chain-manufacturers\/","name":"Top Excavator Chain Link|Excavator Track Chain Manufacturers","isPartOf":{"@id":"https:\/\/gfmparts.com\/#website"},"primaryImageOfPage":{"@id":"https:\/\/gfmparts.com\/product\/supply-excavator-track-chain-manufacturers\/#primaryimage"},"image":{"@id":"https:\/\/gfmparts.com\/product\/supply-excavator-track-chain-manufacturers\/#primaryimage"},"thumbnailUrl":"https:\/\/gfmparts.com\/wp-content\/uploads\/2024\/11\/Excavator-Track-Chain.png","datePublished":"2024-11-22T03:22:42+00:00","dateModified":"2025-05-16T09:35:50+00:00","description":"GFM is a professional excavator track chain manufacturers with 14 years of industry experience, committed to providing customers with high quality excavator chain link.","breadcrumb":{"@id":"https:\/\/gfmparts.com\/product\/supply-excavator-track-chain-manufacturers\/#breadcrumb"},"inLanguage":"pt-BR","potentialAction":[{"@type":"ReadAction","target":["https:\/\/gfmparts.com\/product\/supply-excavator-track-chain-manufacturers\/"]}]},{"@type":"ImageObject","inLanguage":"pt-BR","@id":"https:\/\/gfmparts.com\/product\/supply-excavator-track-chain-manufacturers\/#primaryimage","url":"https:\/\/gfmparts.com\/wp-content\/uploads\/2024\/11\/Excavator-Track-Chain.png","contentUrl":"https:\/\/gfmparts.com\/wp-content\/uploads\/2024\/11\/Excavator-Track-Chain.png","width":367,"height":367,"caption":"Excavator Track Chain"},{"@type":"BreadcrumbList","@id":"https:\/\/gfmparts.com\/product\/supply-excavator-track-chain-manufacturers\/#breadcrumb","itemListElement":[{"@type":"ListItem","position":1,"name":"\u9996\u9875","item":"https:\/\/gfmparts.com\/"},{"@type":"ListItem","position":2,"name":"All Product","item":"https:\/\/gfmparts.com\/all-product\/"},{"@type":"ListItem","position":3,"name":"High Quality Excavator Track Chain Manufacturers"}]},{"@type":"WebSite","@id":"https:\/\/gfmparts.com\/#website","url":"https:\/\/gfmparts.com\/","name":"GFM PARTS","description":"GFM since 2011 focused on excavator and bulldozer undercarriage parts manufacturing :Track rollers,carrier roller,idler,sprocket,track group,bucket tooth pin.","publisher":{"@id":"https:\/\/gfmparts.com\/#organization"},"alternateName":"gfmparts.com","potentialAction":[{"@type":"SearchAction","target":{"@type":"EntryPoint","urlTemplate":"https:\/\/gfmparts.com\/?s={search_term_string}"},"query-input":{"@type":"PropertyValueSpecification","valueRequired":true,"valueName":"search_term_string"}}],"inLanguage":"pt-BR"},{"@type":"Organization","@id":"https:\/\/gfmparts.com\/#organization","name":"GFM PARTS","url":"https:\/\/gfmparts.com\/","logo":{"@type":"ImageObject","inLanguage":"pt-BR","@id":"https:\/\/gfmparts.com\/#\/schema\/logo\/image\/","url":"https:\/\/gfmparts.com\/wp-content\/uploads\/2024\/11\/cropped-GFMparts.com_-2.png","contentUrl":"https:\/\/gfmparts.com\/wp-content\/uploads\/2024\/11\/cropped-GFMparts.com_-2.png","width":5987,"height":2564,"caption":"GFM PARTS"},"image":{"@id":"https:\/\/gfmparts.com\/#\/schema\/logo\/image\/"},"sameAs":["https:\/\/www.facebook.com\/gfmparts","https:\/\/www.linkedin.com\/company\/gfmparts\/","https:\/\/www.tiktok.com\/@gfmparts","https:\/\/www.youtube.com\/@GFMparts\/featured"]}]}},"_links":{"self":[{"href":"https:\/\/gfmparts.com\/pt\/wp-json\/wp\/v2\/product\/1717"}],"collection":[{"href":"https:\/\/gfmparts.com\/pt\/wp-json\/wp\/v2\/product"}],"about":[{"href":"https:\/\/gfmparts.com\/pt\/wp-json\/wp\/v2\/types\/product"}],"wp:featuredmedia":[{"embeddable":true,"href":"https:\/\/gfmparts.com\/pt\/wp-json\/wp\/v2\/media\/3611"}],"wp:attachment":[{"href":"https:\/\/gfmparts.com\/pt\/wp-json\/wp\/v2\/media?parent=1717"}],"wp:term":[{"taxonomy":"product_cat","embeddable":true,"href":"https:\/\/gfmparts.com\/pt\/wp-json\/wp\/v2\/product_cat?post=1717"},{"taxonomy":"product_tag","embeddable":true,"href":"https:\/\/gfmparts.com\/pt\/wp-json\/wp\/v2\/product_tag?post=1717"}],"curies":[{"name":"wp","href":"https:\/\/api.w.org\/{rel}","templated":true}]}}