{"id":3064,"date":"2024-12-20T02:59:17","date_gmt":"2024-12-20T02:59:17","guid":{"rendered":"https:\/\/gfmparts.com\/?post_type=product&#038;p=3064"},"modified":"2025-07-16T03:35:00","modified_gmt":"2025-07-16T03:35:00","slug":"excavator-grouser-track-shoe-manufacturer","status":"publish","type":"product","link":"https:\/\/gfmparts.com\/pt\/product\/fabricante-de-sapatas-de-esteira-para-garras-de-escavadeira\/","title":{"rendered":"Fabricante de sapatas de escavadeira de alta qualidade"},"content":{"rendered":"<p><span style=\"color: #000000;\">A GFM tem se concentrado em P&amp;D e produ\u00e7\u00e3o de alta qualidade <a style=\"color: #000000;\" href=\"https:\/\/gfmparts.com\/pt\/product\/fabrica-de-calcados-para-trilhas-por-atacado\/\">sapata de esteira de escavadeira<\/a> Desde 2011. Os produtos s\u00e3o fabricados em a\u00e7o-liga de alta qualidade e apresentam excelente resist\u00eancia ao desgaste e ao impacto, gra\u00e7as a processos precisos de tratamento t\u00e9rmico. Eles n\u00e3o s\u00f3 prolongam eficazmente a vida \u00fatil, como tamb\u00e9m apresentam desempenho excepcional. Para melhorar a efici\u00eancia operacional dos equipamentos de escava\u00e7\u00e3o. Seja para minera\u00e7\u00e3o ou constru\u00e7\u00e3o em terrenos complexos, as sapatas de esteira GFM podem atender \u00e0s necessidades do seu projeto de forma est\u00e1vel.<\/span><\/p>\n<h3><span style=\"color: #ff6600;\">Descri\u00e7\u00e3o do produto<\/span><\/h3>\n<ul>\n<li><span style=\"color: #000000;\"><strong>Quantidade m\u00ednima:<\/strong>\u00a01 PC<\/span><\/li>\n<li><span style=\"color: #000000;\"><strong>M\u00e9todo de pagamento:<\/strong>\u00a0T\/T<\/span><\/li>\n<li><span style=\"color: #000000;\"><strong>Marca:<\/strong>\u00a0GFM<\/span><\/li>\n<li><span style=\"color: #000000;\"><strong>Doen\u00e7a:<\/strong>\u00a0Novo<\/span><\/li>\n<li><span style=\"color: #000000;\"><strong>Cor:<\/strong>\u00a0Amarelo, Preto ou Personalizado<\/span><\/li>\n<li><span style=\"color: #000000;\"><strong>Tempo de espera:<\/strong>\u00a030 dias<\/span><\/li>\n<li><span style=\"color: #000000;\"><strong>Garantia:<\/strong>\u00a01 ano<\/span><\/li>\n<li><span style=\"color: #000000;\"><strong>Servi\u00e7o:<\/strong>\u00a0OEM ou ODM<\/span><\/li>\n<li><span style=\"color: #000000;\"><strong>Local de origem:<\/strong>\u00a0Fujian, China<\/span><\/li>\n<li><span style=\"color: #000000;\"><strong>Aplicativo:<\/strong> Escavadora<\/span><\/li>\n<li><span style=\"color: #000000;\"><strong>Embalagem:<\/strong>\u00a0Palete de madeira padr\u00e3o para exporta\u00e7\u00e3o<\/span><\/li>\n<\/ul>\n<p style=\"text-align: center;\"><img fetchpriority=\"high\" decoding=\"async\" class=\"alignnone wp-image-3209\" src=\"https:\/\/gfmparts.com\/wp-content\/uploads\/2024\/12\/excavator-track-shoe-1024x768.jpg\" alt=\"sapata de esteira de escavadeira\" width=\"546\" height=\"410\" srcset=\"https:\/\/gfmparts.com\/wp-content\/uploads\/2024\/12\/excavator-track-shoe-1024x768.jpg 1024w, https:\/\/gfmparts.com\/wp-content\/uploads\/2024\/12\/excavator-track-shoe-300x225.jpg 300w, https:\/\/gfmparts.com\/wp-content\/uploads\/2024\/12\/excavator-track-shoe-768x576.jpg 768w, https:\/\/gfmparts.com\/wp-content\/uploads\/2024\/12\/excavator-track-shoe-1536x1152.jpg 1536w, https:\/\/gfmparts.com\/wp-content\/uploads\/2024\/12\/excavator-track-shoe-2048x1536.jpg 2048w, https:\/\/gfmparts.com\/wp-content\/uploads\/2024\/12\/excavator-track-shoe-600x450.jpg 600w\" sizes=\"(max-width: 546px) 100vw, 546px\" \/><\/p>\n<h3><span style=\"color: #ff6600;\">Caracter\u00edsticas<\/span><\/h3>\n<ul>\n<li><b><\/b><strong><b>Dur\u00e1vel e duradouro: <\/b><\/strong>Feito de a\u00e7o de alta qualidade para suportar trabalhos dif\u00edceis.<\/li>\n<li><b><\/b><strong><b>Estabilidade aprimorada: <\/b><\/strong>Excelente tra\u00e7\u00e3o para opera\u00e7\u00e3o segura em qualquer terreno.<\/li>\n<li><b><\/b><strong><b>Vida \u00fatil estendida: <\/b><\/strong>Reduz o desgaste e protege o material rodante.<\/li>\n<li><b><\/b><strong><b>Resistente \u00e0 ferrugem: <\/b><\/strong>Revestido para desempenho confi\u00e1vel em condi\u00e7\u00f5es adversas.<\/li>\n<li><b><\/b><strong><b>Custo-benef\u00edcio: <\/b><\/strong>Reduz os custos de manuten\u00e7\u00e3o com durabilidade superior.<\/li>\n<li><b><\/b><strong><b>Vers\u00e1til: <\/b><\/strong>Perfeito para pedras, lama, areia ou solo macio.<\/li>\n<\/ul>\n<h3><span style=\"color: #ff6600;\">Especifica\u00e7\u00f5es<\/span><\/h3>\n<p style=\"text-align: center;\"><img decoding=\"async\" class=\"alignnone size-large wp-image-6791\" src=\"https:\/\/gfmparts.com\/wp-content\/uploads\/2025\/03\/Excavator-Track-Shoe-Specifications-1024x826.png\" alt=\"Especifica\u00e7\u00f5es da sapata da escavadeira\" width=\"1024\" height=\"826\" srcset=\"https:\/\/gfmparts.com\/wp-content\/uploads\/2025\/03\/Excavator-Track-Shoe-Specifications-1024x826.png 1024w, https:\/\/gfmparts.com\/wp-content\/uploads\/2025\/03\/Excavator-Track-Shoe-Specifications-300x242.png 300w, https:\/\/gfmparts.com\/wp-content\/uploads\/2025\/03\/Excavator-Track-Shoe-Specifications-768x620.png 768w, https:\/\/gfmparts.com\/wp-content\/uploads\/2025\/03\/Excavator-Track-Shoe-Specifications-1536x1239.png 1536w, https:\/\/gfmparts.com\/wp-content\/uploads\/2025\/03\/Excavator-Track-Shoe-Specifications-600x484.png 600w, https:\/\/gfmparts.com\/wp-content\/uploads\/2025\/03\/Excavator-Track-Shoe-Specifications.png 1543w\" sizes=\"(max-width: 1024px) 100vw, 1024px\" \/><\/p>\n<h3><span style=\"color: #ff6600;\">Modelos de produtos<\/span><\/h3>\n<p style=\"text-align: center;\"><img decoding=\"async\" class=\"alignnone size-full wp-image-3147\" src=\"https:\/\/gfmparts.com\/wp-content\/uploads\/2024\/11\/excavator-part-description-e1735350735761.png\" alt=\"descri\u00e7\u00e3o da pe\u00e7a da escavadeira\" width=\"856\" height=\"694\" srcset=\"https:\/\/gfmparts.com\/wp-content\/uploads\/2024\/11\/excavator-part-description-e1735350735761.png 856w, https:\/\/gfmparts.com\/wp-content\/uploads\/2024\/11\/excavator-part-description-e1735350735761-300x243.png 300w, https:\/\/gfmparts.com\/wp-content\/uploads\/2024\/11\/excavator-part-description-e1735350735761-768x623.png 768w, https:\/\/gfmparts.com\/wp-content\/uploads\/2024\/11\/excavator-part-description-e1735350735761-600x486.png 600w\" sizes=\"(max-width: 856px) 100vw, 856px\" \/><\/p>\n<h3><span style=\"color: #ff6600;\">Processo de produ\u00e7\u00e3o<\/span><\/h3>\n<p style=\"text-align: center;\"><iframe title=\"Reprodutor de v\u00eddeo do YouTube\" src=\"https:\/\/www.youtube.com\/embed\/Nj9u7bBv59w?si=nEYwUUSoPTBFYng3\" width=\"1000\" height=\"563\" frameborder=\"0\" allowfullscreen=\"allowfullscreen\"><\/iframe><\/p>\n<p><img loading=\"lazy\" decoding=\"async\" class=\"size-large wp-image-3043 aligncenter\" src=\"https:\/\/gfmparts.com\/wp-content\/uploads\/2024\/12\/\u901a\u7528\u751f\u4ea7\u6d41\u7a0b-1-1024x648.jpg\" alt=\"processo de produ\u00e7\u00e3o de pe\u00e7as de escavadeira\" width=\"1024\" height=\"648\" srcset=\"\" sizes=\"(max-width: 1024px) 100vw, 1024px\" data-srcset=\"\" \/><\/p>\n<h3><span style=\"color: #ff6600;\">Embalagem e Envio<\/span><\/h3>\n<p style=\"text-align: center;\"><img loading=\"lazy\" decoding=\"async\" class=\"alignnone size-large wp-image-6521\" src=\"https:\/\/gfmparts.com\/wp-content\/uploads\/2025\/05\/Packaging-and-Shipping-1-1-1024x648.jpg\" alt=\"Embalagem e Envio\" width=\"1024\" height=\"648\" srcset=\"https:\/\/gfmparts.com\/wp-content\/uploads\/2025\/05\/Packaging-and-Shipping-1-1-1024x648.jpg 1024w, https:\/\/gfmparts.com\/wp-content\/uploads\/2025\/05\/Packaging-and-Shipping-1-1-300x190.jpg 300w, https:\/\/gfmparts.com\/wp-content\/uploads\/2025\/05\/Packaging-and-Shipping-1-1-768x486.jpg 768w, https:\/\/gfmparts.com\/wp-content\/uploads\/2025\/05\/Packaging-and-Shipping-1-1-1536x973.jpg 1536w, https:\/\/gfmparts.com\/wp-content\/uploads\/2025\/05\/Packaging-and-Shipping-1-1-2048x1297.jpg 2048w, https:\/\/gfmparts.com\/wp-content\/uploads\/2025\/05\/Packaging-and-Shipping-1-1-600x380.jpg 600w\" sizes=\"(max-width: 1024px) 100vw, 1024px\" \/><\/p>\n<h3><span style=\"color: #ff6600;\">Vantagens da f\u00e1brica<\/span><\/h3>\n<p><span style=\"color: #000000;\">Como a escavadeira l\u00edder do setor <a style=\"color: #000000;\" href=\"https:\/\/gfmparts.com\/pt\/product\/fabricantes-de-correntes-de-esteira-para-escavadeiras\/\">fabricante de cal\u00e7ados para corrida<\/a>A GFM \u00e9 conhecida por seus processos de fabrica\u00e7\u00e3o avan\u00e7ados e rigoroso controle de qualidade. Nossas sapatas de esteira passaram por diversas certifica\u00e7\u00f5es internacionais para garantir que o desempenho do produto atenda ou exceda os padr\u00f5es da ind\u00fastria. Ao mesmo tempo, oferecemos servi\u00e7os flex\u00edveis de personaliza\u00e7\u00e3o. Da sele\u00e7\u00e3o do material \u00e0s especifica\u00e7\u00f5es de tamanho, tudo pode ser ajustado conforme necess\u00e1rio para atender aos requisitos espec\u00edficos de diferentes clientes e equipamentos. Processos de produ\u00e7\u00e3o eficientes e equipes profissionais nos permitem responder rapidamente \u00e0s necessidades do mercado e fornecer solu\u00e7\u00f5es de sapatas de esteira de alta qualidade para clientes em todo o mundo.<\/span><\/p>\n<p><span style=\"color: #000000;\">A GFM n\u00e3o \u00e9 apenas uma escavadeira confi\u00e1vel <a style=\"color: #000000;\" href=\"https:\/\/gfmparts.com\/pt\/product\/fabrica-de-rolos-transportadores-de-escavadeiras-de-rolos-superiores\/\">fornecedor de cal\u00e7ados para corrida<\/a>, mas tamb\u00e9m seu parceiro de longa data. Nossa f\u00e1brica est\u00e1 equipada com os equipamentos de produ\u00e7\u00e3o mais avan\u00e7ados e tem aumentado constantemente a capacidade de produ\u00e7\u00e3o anual, garantindo a entrega sem preocupa\u00e7\u00f5es de pedidos em grande escala. Al\u00e9m disso, implementamos um modelo de fornecimento direto da f\u00e1brica para reduzir os elos intermedi\u00e1rios e oferecer aos clientes pre\u00e7os altamente competitivos. Com produtos de alta qualidade, servi\u00e7os de log\u00edstica r\u00e1pidos e suporte p\u00f3s-venda abrangente, a GFM est\u00e1 comprometida em ajudar os clientes a se destacarem na acirrada competi\u00e7\u00e3o do mercado.<\/span><\/p>\n<p style=\"text-align: center;\"><span style=\"color: #000000;\"><img loading=\"lazy\" decoding=\"async\" class=\"alignnone wp-image-2159\" src=\"https:\/\/gfmparts.com\/wp-content\/uploads\/2024\/12\/\u5fae\u4fe1\u56fe\u7247_20241202160325-1024x576.jpg\" alt=\"fabricante de rolos transportadores\" width=\"767\" height=\"431\" srcset=\"\" sizes=\"(max-width: 767px) 100vw, 767px\" data-srcset=\"\" \/><\/span><\/p>","protected":false},"excerpt":{"rendered":"<ul>\n<li><span style=\"color: #000000;\">Qualidade garantida do produto<\/span><\/li>\n<li><span style=\"color: #000000;\">Fornecimento grande<\/span><\/li>\n<li><span style=\"color: #000000;\">Pre\u00e7os competitivos<\/span><\/li>\n<li><span style=\"color: #000000;\">A maioria das marcas e modelos<\/span><\/li>\n<li><span style=\"color: #000000;\">Equipe de Atendimento ao Cliente \u00datil<\/span><\/li>\n<li><span style=\"color: #000000;\">Suporte t\u00e9cnico profissional<\/span><\/li>\n<\/ul>","protected":false},"featured_media":3605,"template":"","meta":{"site-sidebar-layout":"default","site-content-layout":"","ast-site-content-layout":"default","site-content-style":"default","site-sidebar-style":"default","ast-global-header-display":"","ast-banner-title-visibility":"","ast-main-header-display":"","ast-hfb-above-header-display":"","ast-hfb-below-header-display":"","ast-hfb-mobile-header-display":"","site-post-title":"","ast-breadcrumbs-content":"","ast-featured-img":"","footer-sml-layout":"","theme-transparent-header-meta":"default","adv-header-id-meta":"","stick-header-meta":"default","header-above-stick-meta":"","header-main-stick-meta":"","header-below-stick-meta":"","astra-migrate-meta-layouts":"set","ast-page-background-enabled":"default","ast-page-background-meta":{"desktop":{"background-color":"","background-image":"","background-repeat":"repeat","background-position":"center center","background-size":"auto","background-attachment":"scroll","background-type":"","background-media":"","overlay-type":"","overlay-color":"","overlay-opacity":"","overlay-gradient":""},"tablet":{"background-color":"","background-image":"","background-repeat":"repeat","background-position":"center center","background-size":"auto","background-attachment":"scroll","background-type":"","background-media":"","overlay-type":"","overlay-color":"","overlay-opacity":"","overlay-gradient":""},"mobile":{"background-color":"","background-image":"","background-repeat":"repeat","background-position":"center center","background-size":"auto","background-attachment":"scroll","background-type":"","background-media":"","overlay-type":"","overlay-color":"","overlay-opacity":"","overlay-gradient":""}},"ast-content-background-meta":{"desktop":{"background-color":"var(--ast-global-color-5)","background-image":"","background-repeat":"repeat","background-position":"center center","background-size":"auto","background-attachment":"scroll","background-type":"","background-media":"","overlay-type":"","overlay-color":"","overlay-opacity":"","overlay-gradient":""},"tablet":{"background-color":"var(--ast-global-color-5)","background-image":"","background-repeat":"repeat","background-position":"center center","background-size":"auto","background-attachment":"scroll","background-type":"","background-media":"","overlay-type":"","overlay-color":"","overlay-opacity":"","overlay-gradient":""},"mobile":{"background-color":"var(--ast-global-color-5)","background-image":"","background-repeat":"repeat","background-position":"center center","background-size":"auto","background-attachment":"scroll","background-type":"","background-media":"","overlay-type":"","overlay-color":"","overlay-opacity":"","overlay-gradient":""}}},"product_cat":[38,33],"product_tag":[],"class_list":{"0":"post-3064","1":"product","2":"type-product","3":"status-publish","4":"has-post-thumbnail","6":"product_cat-undercarriage","7":"product_cat-track-shoe","8":"desktop-align-left","9":"tablet-align-left","10":"mobile-align-left","11":"ast-product-gallery-layout-horizontal-slider","12":"ast-product-gallery-with-no-image","13":"ast-product-tabs-layout-horizontal","15":"first","16":"instock","17":"shipping-taxable","18":"product-type-simple"},"yoast_head":"<!-- This site is optimized with the Yoast SEO Premium plugin v22.8 (Yoast SEO v23.9) - https:\/\/yoast.com\/wordpress\/plugins\/seo\/ -->\n<title>Excavator Grouser Plate - Excavator Track Shoe Manufacturer<\/title>\n<meta name=\"description\" content=\"As a leading excavator track shoe manufacturer, GFM provides customized services, ranging from material and size specifications to meet the specific requirements of different customers and equipment.\" \/>\n<meta name=\"robots\" content=\"index, follow, max-snippet:-1, max-image-preview:large, max-video-preview:-1\" \/>\n<link rel=\"canonical\" href=\"https:\/\/gfmparts.com\/pt\/product\/fabricante-de-sapatas-de-esteira-para-garras-de-escavadeira\/\" \/>\n<meta property=\"og:locale\" content=\"pt_BR\" \/>\n<meta property=\"og:type\" content=\"article\" \/>\n<meta property=\"og:title\" content=\"High Quality Excavator Track Shoe Manufacturer\" \/>\n<meta property=\"og:description\" content=\"As a leading excavator track shoe manufacturer, GFM provides customized services, ranging from material and size specifications to meet the specific requirements of different customers and equipment.\" \/>\n<meta property=\"og:url\" content=\"https:\/\/gfmparts.com\/pt\/product\/fabricante-de-sapatas-de-esteira-para-garras-de-escavadeira\/\" \/>\n<meta property=\"article:publisher\" content=\"https:\/\/www.facebook.com\/gfmparts\" \/>\n<meta property=\"article:modified_time\" content=\"2025-07-16T03:35:00+00:00\" \/>\n<meta property=\"og:image\" content=\"https:\/\/gfmparts.com\/wp-content\/uploads\/2024\/12\/Excavator-Track-Shoe.png\" \/>\n\t<meta property=\"og:image:width\" content=\"765\" \/>\n\t<meta property=\"og:image:height\" content=\"765\" \/>\n\t<meta property=\"og:image:type\" content=\"image\/png\" \/>\n<meta name=\"twitter:card\" content=\"summary_large_image\" \/>\n<meta name=\"twitter:label1\" content=\"Est. tempo de leitura\" \/>\n\t<meta name=\"twitter:data1\" content=\"3 minutos\" \/>\n<script type=\"application\/ld+json\" class=\"yoast-schema-graph\">{\"@context\":\"https:\/\/schema.org\",\"@graph\":[{\"@type\":\"WebPage\",\"@id\":\"https:\/\/gfmparts.com\/product\/excavator-grouser-track-shoe-manufacturer\/\",\"url\":\"https:\/\/gfmparts.com\/product\/excavator-grouser-track-shoe-manufacturer\/\",\"name\":\"Excavator Grouser Plate - Excavator Track Shoe Manufacturer\",\"isPartOf\":{\"@id\":\"https:\/\/gfmparts.com\/#website\"},\"primaryImageOfPage\":{\"@id\":\"https:\/\/gfmparts.com\/product\/excavator-grouser-track-shoe-manufacturer\/#primaryimage\"},\"image\":{\"@id\":\"https:\/\/gfmparts.com\/product\/excavator-grouser-track-shoe-manufacturer\/#primaryimage\"},\"thumbnailUrl\":\"https:\/\/gfmparts.com\/wp-content\/uploads\/2024\/12\/Excavator-Track-Shoe.png\",\"datePublished\":\"2024-12-20T02:59:17+00:00\",\"dateModified\":\"2025-07-16T03:35:00+00:00\",\"description\":\"As a leading excavator track shoe manufacturer, GFM provides customized services, ranging from material and size specifications to meet the specific requirements of different customers and equipment.\",\"breadcrumb\":{\"@id\":\"https:\/\/gfmparts.com\/product\/excavator-grouser-track-shoe-manufacturer\/#breadcrumb\"},\"inLanguage\":\"pt-BR\",\"potentialAction\":[{\"@type\":\"ReadAction\",\"target\":[\"https:\/\/gfmparts.com\/product\/excavator-grouser-track-shoe-manufacturer\/\"]}]},{\"@type\":\"ImageObject\",\"inLanguage\":\"pt-BR\",\"@id\":\"https:\/\/gfmparts.com\/product\/excavator-grouser-track-shoe-manufacturer\/#primaryimage\",\"url\":\"https:\/\/gfmparts.com\/wp-content\/uploads\/2024\/12\/Excavator-Track-Shoe.png\",\"contentUrl\":\"https:\/\/gfmparts.com\/wp-content\/uploads\/2024\/12\/Excavator-Track-Shoe.png\",\"width\":765,\"height\":765,\"caption\":\"Excavator Track Shoe\"},{\"@type\":\"BreadcrumbList\",\"@id\":\"https:\/\/gfmparts.com\/product\/excavator-grouser-track-shoe-manufacturer\/#breadcrumb\",\"itemListElement\":[{\"@type\":\"ListItem\",\"position\":1,\"name\":\"\u9996\u9875\",\"item\":\"https:\/\/gfmparts.com\/\"},{\"@type\":\"ListItem\",\"position\":2,\"name\":\"All Product\",\"item\":\"https:\/\/gfmparts.com\/all-product\/\"},{\"@type\":\"ListItem\",\"position\":3,\"name\":\"High Quality Excavator Track Shoe Manufacturer\"}]},{\"@type\":\"WebSite\",\"@id\":\"https:\/\/gfmparts.com\/#website\",\"url\":\"https:\/\/gfmparts.com\/\",\"name\":\"GFM PARTS\",\"description\":\"GFM since 2011 focused on excavator and bulldozer undercarriage parts manufacturing :Track rollers,carrier roller,idler,sprocket,track group,bucket tooth pin.\",\"publisher\":{\"@id\":\"https:\/\/gfmparts.com\/#organization\"},\"alternateName\":\"gfmparts.com\",\"potentialAction\":[{\"@type\":\"SearchAction\",\"target\":{\"@type\":\"EntryPoint\",\"urlTemplate\":\"https:\/\/gfmparts.com\/?s={search_term_string}\"},\"query-input\":{\"@type\":\"PropertyValueSpecification\",\"valueRequired\":true,\"valueName\":\"search_term_string\"}}],\"inLanguage\":\"pt-BR\"},{\"@type\":\"Organization\",\"@id\":\"https:\/\/gfmparts.com\/#organization\",\"name\":\"GFM PARTS\",\"url\":\"https:\/\/gfmparts.com\/\",\"logo\":{\"@type\":\"ImageObject\",\"inLanguage\":\"pt-BR\",\"@id\":\"https:\/\/gfmparts.com\/#\/schema\/logo\/image\/\",\"url\":\"https:\/\/gfmparts.com\/wp-content\/uploads\/2024\/11\/cropped-GFMparts.com_-2.png\",\"contentUrl\":\"https:\/\/gfmparts.com\/wp-content\/uploads\/2024\/11\/cropped-GFMparts.com_-2.png\",\"width\":5987,\"height\":2564,\"caption\":\"GFM PARTS\"},\"image\":{\"@id\":\"https:\/\/gfmparts.com\/#\/schema\/logo\/image\/\"},\"sameAs\":[\"https:\/\/www.facebook.com\/gfmparts\",\"https:\/\/www.linkedin.com\/company\/gfmparts\/\",\"https:\/\/www.tiktok.com\/@gfmparts\",\"https:\/\/www.youtube.com\/@GFMparts\/featured\"]}]}<\/script>\n<!-- \/ Yoast SEO Premium plugin. -->","yoast_head_json":{"title":"Excavator Grouser Plate - Excavator Track Shoe Manufacturer","description":"As a leading excavator track shoe manufacturer, GFM provides customized services, ranging from material and size specifications to meet the specific requirements of different customers and equipment.","robots":{"index":"index","follow":"follow","max-snippet":"max-snippet:-1","max-image-preview":"max-image-preview:large","max-video-preview":"max-video-preview:-1"},"canonical":"https:\/\/gfmparts.com\/pt\/product\/fabricante-de-sapatas-de-esteira-para-garras-de-escavadeira\/","og_locale":"pt_BR","og_type":"article","og_title":"High Quality Excavator Track Shoe Manufacturer","og_description":"As a leading excavator track shoe manufacturer, GFM provides customized services, ranging from material and size specifications to meet the specific requirements of different customers and equipment.","og_url":"https:\/\/gfmparts.com\/pt\/product\/fabricante-de-sapatas-de-esteira-para-garras-de-escavadeira\/","article_publisher":"https:\/\/www.facebook.com\/gfmparts","article_modified_time":"2025-07-16T03:35:00+00:00","og_image":[{"width":765,"height":765,"url":"https:\/\/gfmparts.com\/wp-content\/uploads\/2024\/12\/Excavator-Track-Shoe.png","type":"image\/png"}],"twitter_card":"summary_large_image","twitter_misc":{"Est. tempo de leitura":"3 minutos"},"schema":{"@context":"https:\/\/schema.org","@graph":[{"@type":"WebPage","@id":"https:\/\/gfmparts.com\/product\/excavator-grouser-track-shoe-manufacturer\/","url":"https:\/\/gfmparts.com\/product\/excavator-grouser-track-shoe-manufacturer\/","name":"Excavator Grouser Plate - Excavator Track Shoe Manufacturer","isPartOf":{"@id":"https:\/\/gfmparts.com\/#website"},"primaryImageOfPage":{"@id":"https:\/\/gfmparts.com\/product\/excavator-grouser-track-shoe-manufacturer\/#primaryimage"},"image":{"@id":"https:\/\/gfmparts.com\/product\/excavator-grouser-track-shoe-manufacturer\/#primaryimage"},"thumbnailUrl":"https:\/\/gfmparts.com\/wp-content\/uploads\/2024\/12\/Excavator-Track-Shoe.png","datePublished":"2024-12-20T02:59:17+00:00","dateModified":"2025-07-16T03:35:00+00:00","description":"As a leading excavator track shoe manufacturer, GFM provides customized services, ranging from material and size specifications to meet the specific requirements of different customers and equipment.","breadcrumb":{"@id":"https:\/\/gfmparts.com\/product\/excavator-grouser-track-shoe-manufacturer\/#breadcrumb"},"inLanguage":"pt-BR","potentialAction":[{"@type":"ReadAction","target":["https:\/\/gfmparts.com\/product\/excavator-grouser-track-shoe-manufacturer\/"]}]},{"@type":"ImageObject","inLanguage":"pt-BR","@id":"https:\/\/gfmparts.com\/product\/excavator-grouser-track-shoe-manufacturer\/#primaryimage","url":"https:\/\/gfmparts.com\/wp-content\/uploads\/2024\/12\/Excavator-Track-Shoe.png","contentUrl":"https:\/\/gfmparts.com\/wp-content\/uploads\/2024\/12\/Excavator-Track-Shoe.png","width":765,"height":765,"caption":"Excavator Track Shoe"},{"@type":"BreadcrumbList","@id":"https:\/\/gfmparts.com\/product\/excavator-grouser-track-shoe-manufacturer\/#breadcrumb","itemListElement":[{"@type":"ListItem","position":1,"name":"\u9996\u9875","item":"https:\/\/gfmparts.com\/"},{"@type":"ListItem","position":2,"name":"All Product","item":"https:\/\/gfmparts.com\/all-product\/"},{"@type":"ListItem","position":3,"name":"High Quality Excavator Track Shoe Manufacturer"}]},{"@type":"WebSite","@id":"https:\/\/gfmparts.com\/#website","url":"https:\/\/gfmparts.com\/","name":"GFM PARTS","description":"GFM since 2011 focused on excavator and bulldozer undercarriage parts manufacturing :Track rollers,carrier roller,idler,sprocket,track group,bucket tooth pin.","publisher":{"@id":"https:\/\/gfmparts.com\/#organization"},"alternateName":"gfmparts.com","potentialAction":[{"@type":"SearchAction","target":{"@type":"EntryPoint","urlTemplate":"https:\/\/gfmparts.com\/?s={search_term_string}"},"query-input":{"@type":"PropertyValueSpecification","valueRequired":true,"valueName":"search_term_string"}}],"inLanguage":"pt-BR"},{"@type":"Organization","@id":"https:\/\/gfmparts.com\/#organization","name":"GFM PARTS","url":"https:\/\/gfmparts.com\/","logo":{"@type":"ImageObject","inLanguage":"pt-BR","@id":"https:\/\/gfmparts.com\/#\/schema\/logo\/image\/","url":"https:\/\/gfmparts.com\/wp-content\/uploads\/2024\/11\/cropped-GFMparts.com_-2.png","contentUrl":"https:\/\/gfmparts.com\/wp-content\/uploads\/2024\/11\/cropped-GFMparts.com_-2.png","width":5987,"height":2564,"caption":"GFM PARTS"},"image":{"@id":"https:\/\/gfmparts.com\/#\/schema\/logo\/image\/"},"sameAs":["https:\/\/www.facebook.com\/gfmparts","https:\/\/www.linkedin.com\/company\/gfmparts\/","https:\/\/www.tiktok.com\/@gfmparts","https:\/\/www.youtube.com\/@GFMparts\/featured"]}]}},"_links":{"self":[{"href":"https:\/\/gfmparts.com\/pt\/wp-json\/wp\/v2\/product\/3064"}],"collection":[{"href":"https:\/\/gfmparts.com\/pt\/wp-json\/wp\/v2\/product"}],"about":[{"href":"https:\/\/gfmparts.com\/pt\/wp-json\/wp\/v2\/types\/product"}],"wp:featuredmedia":[{"embeddable":true,"href":"https:\/\/gfmparts.com\/pt\/wp-json\/wp\/v2\/media\/3605"}],"wp:attachment":[{"href":"https:\/\/gfmparts.com\/pt\/wp-json\/wp\/v2\/media?parent=3064"}],"wp:term":[{"taxonomy":"product_cat","embeddable":true,"href":"https:\/\/gfmparts.com\/pt\/wp-json\/wp\/v2\/product_cat?post=3064"},{"taxonomy":"product_tag","embeddable":true,"href":"https:\/\/gfmparts.com\/pt\/wp-json\/wp\/v2\/product_tag?post=3064"}],"curies":[{"name":"wp","href":"https:\/\/api.w.org\/{rel}","templated":true}]}}