{"id":3082,"date":"2024-12-23T01:45:45","date_gmt":"2024-12-23T01:45:45","guid":{"rendered":"https:\/\/gfmparts.com\/?post_type=product&#038;p=3082"},"modified":"2025-05-14T07:53:36","modified_gmt":"2025-05-14T07:53:36","slug":"digger-bucket-excavator-bucket-manufacturer","status":"publish","type":"product","link":"https:\/\/gfmparts.com\/pt\/product\/fabricante-de-cacambas-para-escavadeiras\/","title":{"rendered":"Fabricante de ca\u00e7ambas para escavadeiras e ca\u00e7ambas para escavadeiras"},"content":{"rendered":"<p><span style=\"color: #000000;\">As ca\u00e7ambas para escavadeiras GFM s\u00e3o fabricadas em a\u00e7o-liga de alta resist\u00eancia ao desgaste, cortado com precis\u00e3o a laser e soldado por CNC para garantir que a ca\u00e7amba permane\u00e7a estruturalmente est\u00e1vel sob condi\u00e7\u00f5es de trabalho adversas e n\u00e3o seja facilmente deformada ou danificada. Ao mesmo tempo, implementamos processos avan\u00e7ados de tratamento t\u00e9rmico para alcan\u00e7ar o melhor equil\u00edbrio entre dureza e tenacidade da ca\u00e7amba, prolongando ainda mais sua vida \u00fatil.<\/span><\/p>\n<p><span style=\"color: #000000;\">Para a parte da l\u00e2mina da ca\u00e7amba, utilizamos ligas de alta resist\u00eancia ao desgaste e realizamos um tratamento de t\u00eampera especial para garantir que ela permane\u00e7a afiada e reduza o desgaste durante a escava\u00e7\u00e3o de materiais duros. Al\u00e9m disso, projetamos uma estrutura aerodin\u00e2mica otimizada para a ca\u00e7amba, combinada com princ\u00edpios avan\u00e7ados de din\u00e2mica de fluidos, para que a ca\u00e7amba seja mais suave durante a escava\u00e7\u00e3o e o carregamento, reduzindo a resist\u00eancia, melhorando a efici\u00eancia do trabalho e reduzindo o consumo de energia.<\/span><\/p>\n<p><span style=\"color: #000000;\">Como l\u00edder <a style=\"color: #000000;\" href=\"https:\/\/gfmparts.com\/pt\/product\/fabricante-de-sapatas-de-esteira-para-garras-de-escavadeira\/\">fabricante de ca\u00e7ambas para escavadeiras<\/a>, n\u00e3o apenas fornecemos ca\u00e7ambas de tamanhos padr\u00e3o, mas tamb\u00e9m as personalizamos de acordo com as necessidades espec\u00edficas dos clientes, como ajustar a largura, profundidade, curvatura, etc. da ca\u00e7amba para atender \u00e0s diversas necessidades de aplica\u00e7\u00f5es de engenharia.<\/span><\/p>\n<h3><span style=\"color: #ff6600;\">Descri\u00e7\u00e3o do produto<\/span><\/h3>\n<ul>\n<li><span style=\"color: #000000;\"><strong>Quantidade m\u00ednima:<\/strong>\u00a01 PC<\/span><\/li>\n<li><span style=\"color: #000000;\"><strong>M\u00e9todo de pagamento:<\/strong>\u00a0T\/T<\/span><\/li>\n<li><span style=\"color: #000000;\"><strong>Marca:<\/strong>\u00a0GFM<\/span><\/li>\n<li><span style=\"color: #000000;\"><strong>Doen\u00e7a:<\/strong>\u00a0Novo<\/span><\/li>\n<li><span style=\"color: #000000;\"><strong>Cor:<\/strong>\u00a0Amarelo, Preto ou Personalizado<\/span><\/li>\n<li><span style=\"color: #000000;\"><strong>Tempo de espera:<\/strong>\u00a030 dias<\/span><\/li>\n<li><span style=\"color: #000000;\"><strong>Garantia:<\/strong>\u00a01 ano<\/span><\/li>\n<li><span style=\"color: #000000;\"><strong>Servi\u00e7o:<\/strong>\u00a0OEM ou ODM<\/span><\/li>\n<li><span style=\"color: #000000;\"><strong>Local de origem:<\/strong>\u00a0Fujian, China<\/span><\/li>\n<li><span style=\"color: #000000;\"><strong>Aplicativo:<\/strong> Escavadora<\/span><\/li>\n<li><span style=\"color: #000000;\"><strong>Embalagem:<\/strong>\u00a0Palete de madeira padr\u00e3o para exporta\u00e7\u00e3o<\/span><\/li>\n<\/ul>\n<p style=\"text-align: center;\"><img fetchpriority=\"high\" decoding=\"async\" class=\"alignnone wp-image-6502\" src=\"https:\/\/gfmparts.com\/wp-content\/uploads\/2025\/04\/Digger-Bucket-Excavator-Bucket.jpg\" alt=\"Ca\u00e7amba Escavadeira Ca\u00e7amba Escavadeira\" width=\"658\" height=\"494\" srcset=\"https:\/\/gfmparts.com\/wp-content\/uploads\/2025\/04\/Digger-Bucket-Excavator-Bucket.jpg 1000w, https:\/\/gfmparts.com\/wp-content\/uploads\/2025\/04\/Digger-Bucket-Excavator-Bucket-300x225.jpg 300w, https:\/\/gfmparts.com\/wp-content\/uploads\/2025\/04\/Digger-Bucket-Excavator-Bucket-768x576.jpg 768w, https:\/\/gfmparts.com\/wp-content\/uploads\/2025\/04\/Digger-Bucket-Excavator-Bucket-600x450.jpg 600w\" sizes=\"(max-width: 658px) 100vw, 658px\" \/><\/p>\n<h3><span style=\"color: #ff6600;\">Caracter\u00edsticas<\/span><\/h3>\n<p><span style=\"color: #000000;\"><strong><b>GFM <\/b><\/strong><strong><b>Ca\u00e7ambas de escavadeira que trabalham t\u00e3o duro quanto voc\u00ea<\/b><\/strong><\/span><br \/>\n<span style=\"color: #000000;\">Feito para durar. Projetado para desempenho.<\/span><\/p>\n<ul>\n<li><span style=\"color: #000000;\"><b><\/b><strong><b>For\u00e7a M\u00e1xima<\/b><\/strong><strong><b>: <\/b><\/strong>Constru\u00eddo com a\u00e7o temperado para extrema durabilidade e resist\u00eancia ao desgaste.<\/span><\/li>\n<li><span style=\"color: #000000;\"><b><\/b><strong><b>Aumente sua produtividade<\/b><\/strong><strong><b>: <\/b><\/strong>Otimizado para escava\u00e7\u00e3o de alta efici\u00eancia e economia de combust\u00edvel.<\/span><\/li>\n<li><span style=\"color: #000000;\"><b><\/b><strong><b>Ajuste personalizado para cada trabalho<\/b><\/strong><strong><b>: <\/b><\/strong>Dispon\u00edvel em uma variedade de tamanhos e designs para suas necessidades espec\u00edficas.<\/span><\/li>\n<li><span style=\"color: #000000;\"><b><\/b><strong><b>Reduza os custos de manuten\u00e7\u00e3o<\/b><\/strong><strong><b>: <\/b><\/strong>Bordas refor\u00e7adas e placas resistentes ao desgaste para um desempenho mais duradouro.<\/span><\/li>\n<li><span style=\"color: #000000;\"><b><\/b><strong><b>Versatilidade no seu melhor<\/b><\/strong><strong><b>: <\/b><\/strong>Perfeito para terrenos macios, duros e rochosos \u2014 sempre a ferramenta certa para o trabalho.<\/span><\/li>\n<\/ul>\n<h3><span style=\"color: #ff6600;\">Modelos de produtos<\/span><\/h3>\n<p style=\"text-align: center;\"><img decoding=\"async\" class=\"alignnone size-full wp-image-3147\" src=\"https:\/\/gfmparts.com\/wp-content\/uploads\/2024\/11\/excavator-part-description-e1735350735761.png\" alt=\"descri\u00e7\u00e3o da pe\u00e7a da escavadeira\" width=\"856\" height=\"694\" srcset=\"https:\/\/gfmparts.com\/wp-content\/uploads\/2024\/11\/excavator-part-description-e1735350735761.png 856w, https:\/\/gfmparts.com\/wp-content\/uploads\/2024\/11\/excavator-part-description-e1735350735761-300x243.png 300w, https:\/\/gfmparts.com\/wp-content\/uploads\/2024\/11\/excavator-part-description-e1735350735761-768x623.png 768w, https:\/\/gfmparts.com\/wp-content\/uploads\/2024\/11\/excavator-part-description-e1735350735761-600x486.png 600w\" sizes=\"(max-width: 856px) 100vw, 856px\" \/><\/p>\n<h3><span style=\"color: #ff6600;\">Processo de produ\u00e7\u00e3o<\/span><\/h3>\n<p style=\"text-align: center;\"><iframe title=\"Reprodutor de v\u00eddeo do YouTube\" src=\"https:\/\/www.youtube.com\/embed\/qij5NGvY1dg?si=kflkgp313BnFWRa9\" width=\"1000\" height=\"563\" frameborder=\"0\" allowfullscreen=\"allowfullscreen\"><\/iframe><\/p>\n<p><img decoding=\"async\" class=\"size-large wp-image-3043 aligncenter\" src=\"https:\/\/gfmparts.com\/wp-content\/uploads\/2024\/12\/\u901a\u7528\u751f\u4ea7\u6d41\u7a0b-1-1024x648.jpg\" alt=\"processo de produ\u00e7\u00e3o de pe\u00e7as de escavadeira\" width=\"1024\" height=\"648\" srcset=\"\" sizes=\"(max-width: 1024px) 100vw, 1024px\" data-srcset=\"\" \/><\/p>\n<h3><span style=\"color: #ff6600;\">Embalagem e Envio<\/span><\/h3>\n<p style=\"text-align: center;\"><img loading=\"lazy\" decoding=\"async\" class=\"alignnone size-large wp-image-6521\" src=\"https:\/\/gfmparts.com\/wp-content\/uploads\/2025\/05\/Packaging-and-Shipping-1-1-1024x648.jpg\" alt=\"Embalagem e Envio\" width=\"1024\" height=\"648\" srcset=\"https:\/\/gfmparts.com\/wp-content\/uploads\/2025\/05\/Packaging-and-Shipping-1-1-1024x648.jpg 1024w, https:\/\/gfmparts.com\/wp-content\/uploads\/2025\/05\/Packaging-and-Shipping-1-1-300x190.jpg 300w, https:\/\/gfmparts.com\/wp-content\/uploads\/2025\/05\/Packaging-and-Shipping-1-1-768x486.jpg 768w, https:\/\/gfmparts.com\/wp-content\/uploads\/2025\/05\/Packaging-and-Shipping-1-1-1536x973.jpg 1536w, https:\/\/gfmparts.com\/wp-content\/uploads\/2025\/05\/Packaging-and-Shipping-1-1-2048x1297.jpg 2048w, https:\/\/gfmparts.com\/wp-content\/uploads\/2025\/05\/Packaging-and-Shipping-1-1-600x380.jpg 600w\" sizes=\"(max-width: 1024px) 100vw, 1024px\" \/><\/p>\n<h3><span style=\"color: #ff6600;\">Vantagens da f\u00e1brica<\/span><\/h3>\n<p><span style=\"color: #000000;\">Como um <a style=\"color: #000000;\" href=\"https:\/\/gfmparts.com\/pt\/product\/excelente-fornecedor-de-dentes-de-cacamba-para-escavadeira\/\">fabricante de ca\u00e7ambas para escavadeiras<\/a> No setor, a GFM conta com um grupo de engenheiros experientes e apaixonados por P&amp;D. Em termos de tecnologia de produ\u00e7\u00e3o, implementamos m\u00e1quinas-ferramentas CNC avan\u00e7adas e linhas de produ\u00e7\u00e3o automatizadas para obter um controle preciso de toda a cadeia, desde o corte da mat\u00e9ria-prima at\u00e9 a montagem do produto acabado. Por meio de corte a laser de precis\u00e3o e tecnologia de soldagem CNC, garantimos que todos os componentes da ca\u00e7amba possam ser encaixados com precis\u00e3o e sem falhas.<\/span><\/p>\n<p><span style=\"color: #000000;\">A GFM oferece uma gama completa de servi\u00e7os personalizados, desde a sele\u00e7\u00e3o de materiais e projeto estrutural at\u00e9 o produto final, participando e prestando consultoria profissional em todo o processo. Nossa f\u00e1brica est\u00e1 equipada com modernos equipamentos de produ\u00e7\u00e3o e teste, incluindo m\u00e1quinas de corte a laser, m\u00e1quinas de solda CNC, equipamentos de tratamento t\u00e9rmico e instrumentos de medi\u00e7\u00e3o de alta precis\u00e3o. Seja uma ca\u00e7amba de tamanho padr\u00e3o ou uma ca\u00e7amba personalizada, podemos responder rapidamente \u00e0s necessidades do cliente e fornecer as melhores solu\u00e7\u00f5es.<\/span><\/p>\n<p><span style=\"color: #000000;\">Como seu parceiro de confian\u00e7a, prometemos fornecer as solu\u00e7\u00f5es de ca\u00e7ambas para escavadeiras mais confi\u00e1veis, com a melhor rela\u00e7\u00e3o custo-benef\u00edcio, o menor ciclo de entrega e o servi\u00e7o p\u00f3s-venda mais confi\u00e1vel. Escolha a GFM e criaremos as melhores ca\u00e7ambas para escavadeiras para voc\u00ea, com um trabalho artesanal primoroso, rigoroso controle de qualidade e servi\u00e7os de alta qualidade, promovendo, juntos, o sucesso dos seus projetos de engenharia.<\/span><\/p>\n<p style=\"text-align: center;\"><span style=\"color: #000000;\"><img loading=\"lazy\" decoding=\"async\" class=\"alignnone wp-image-2159\" src=\"https:\/\/gfmparts.com\/wp-content\/uploads\/2024\/12\/\u5fae\u4fe1\u56fe\u7247_20241202160325-1024x576.jpg\" alt=\"fabricante de rolos transportadores\" width=\"767\" height=\"431\" srcset=\"\" sizes=\"(max-width: 767px) 100vw, 767px\" data-srcset=\"\" \/><\/span><\/p>","protected":false},"excerpt":{"rendered":"<ul>\n<li><span style=\"color: #000000;\">Qualidade garantida do produto<\/span><\/li>\n<li><span style=\"color: #000000;\">Fornecimento grande<\/span><\/li>\n<li><span style=\"color: #000000;\">Pre\u00e7os competitivos<\/span><\/li>\n<li><span style=\"color: #000000;\">A maioria das marcas e modelos<\/span><\/li>\n<li><span style=\"color: #000000;\">Equipe de Atendimento ao Cliente \u00datil<\/span><\/li>\n<li><span style=\"color: #000000;\">Suporte t\u00e9cnico profissional<\/span><\/li>\n<\/ul>","protected":false},"featured_media":3604,"template":"","meta":{"site-sidebar-layout":"default","site-content-layout":"","ast-site-content-layout":"default","site-content-style":"default","site-sidebar-style":"default","ast-global-header-display":"","ast-banner-title-visibility":"","ast-main-header-display":"","ast-hfb-above-header-display":"","ast-hfb-below-header-display":"","ast-hfb-mobile-header-display":"","site-post-title":"","ast-breadcrumbs-content":"","ast-featured-img":"","footer-sml-layout":"","theme-transparent-header-meta":"default","adv-header-id-meta":"","stick-header-meta":"default","header-above-stick-meta":"","header-main-stick-meta":"","header-below-stick-meta":"","astra-migrate-meta-layouts":"set","ast-page-background-enabled":"default","ast-page-background-meta":{"desktop":{"background-color":"","background-image":"","background-repeat":"repeat","background-position":"center center","background-size":"auto","background-attachment":"scroll","background-type":"","background-media":"","overlay-type":"","overlay-color":"","overlay-opacity":"","overlay-gradient":""},"tablet":{"background-color":"","background-image":"","background-repeat":"repeat","background-position":"center center","background-size":"auto","background-attachment":"scroll","background-type":"","background-media":"","overlay-type":"","overlay-color":"","overlay-opacity":"","overlay-gradient":""},"mobile":{"background-color":"","background-image":"","background-repeat":"repeat","background-position":"center center","background-size":"auto","background-attachment":"scroll","background-type":"","background-media":"","overlay-type":"","overlay-color":"","overlay-opacity":"","overlay-gradient":""}},"ast-content-background-meta":{"desktop":{"background-color":"var(--ast-global-color-5)","background-image":"","background-repeat":"repeat","background-position":"center center","background-size":"auto","background-attachment":"scroll","background-type":"","background-media":"","overlay-type":"","overlay-color":"","overlay-opacity":"","overlay-gradient":""},"tablet":{"background-color":"var(--ast-global-color-5)","background-image":"","background-repeat":"repeat","background-position":"center center","background-size":"auto","background-attachment":"scroll","background-type":"","background-media":"","overlay-type":"","overlay-color":"","overlay-opacity":"","overlay-gradient":""},"mobile":{"background-color":"var(--ast-global-color-5)","background-image":"","background-repeat":"repeat","background-position":"center center","background-size":"auto","background-attachment":"scroll","background-type":"","background-media":"","overlay-type":"","overlay-color":"","overlay-opacity":"","overlay-gradient":""}}},"product_cat":[27,50],"product_tag":[],"class_list":{"0":"post-3082","1":"product","2":"type-product","3":"status-publish","4":"has-post-thumbnail","6":"product_cat-parts","7":"product_cat-digger-buckets","8":"desktop-align-left","9":"tablet-align-left","10":"mobile-align-left","11":"ast-product-gallery-layout-horizontal-slider","12":"ast-product-tabs-layout-horizontal","14":"first","15":"instock","16":"shipping-taxable","17":"product-type-simple"},"yoast_head":"<!-- This site is optimized with the Yoast SEO Premium plugin v22.8 (Yoast SEO v23.9) - https:\/\/yoast.com\/wordpress\/plugins\/seo\/ -->\n<title>Digger Bucket &amp; Excavator Bucket Manufacturer<\/title>\n<meta name=\"description\" content=\"GFM excavator bucket manufacturer provides professional customization services, from material selection, structural design to the final product, full participation and professional advice.\" \/>\n<meta name=\"robots\" content=\"index, follow, max-snippet:-1, max-image-preview:large, max-video-preview:-1\" \/>\n<link rel=\"canonical\" href=\"https:\/\/gfmparts.com\/pt\/product\/fabricante-de-cacambas-para-escavadeiras\/\" \/>\n<meta property=\"og:locale\" content=\"pt_BR\" \/>\n<meta property=\"og:type\" content=\"article\" \/>\n<meta property=\"og:title\" content=\"Digger Bucket Excavator Bucket Manufacturer\" \/>\n<meta property=\"og:description\" content=\"GFM excavator bucket manufacturer provides professional customization services, from material selection, structural design to the final product, full participation and professional advice.\" \/>\n<meta property=\"og:url\" content=\"https:\/\/gfmparts.com\/pt\/product\/fabricante-de-cacambas-para-escavadeiras\/\" \/>\n<meta property=\"article:publisher\" content=\"https:\/\/www.facebook.com\/gfmparts\" \/>\n<meta property=\"article:modified_time\" content=\"2025-05-14T07:53:36+00:00\" \/>\n<meta property=\"og:image\" content=\"https:\/\/gfmparts.com\/wp-content\/uploads\/2024\/12\/Digger-Bucket-Excavator-Bucket.png\" \/>\n\t<meta property=\"og:image:width\" content=\"894\" \/>\n\t<meta property=\"og:image:height\" content=\"894\" \/>\n\t<meta property=\"og:image:type\" content=\"image\/png\" \/>\n<meta name=\"twitter:card\" content=\"summary_large_image\" \/>\n<meta name=\"twitter:label1\" content=\"Est. tempo de leitura\" \/>\n\t<meta name=\"twitter:data1\" content=\"4 minutos\" \/>\n<script type=\"application\/ld+json\" class=\"yoast-schema-graph\">{\"@context\":\"https:\/\/schema.org\",\"@graph\":[{\"@type\":\"WebPage\",\"@id\":\"https:\/\/gfmparts.com\/product\/digger-bucket-excavator-bucket-manufacturer\/\",\"url\":\"https:\/\/gfmparts.com\/product\/digger-bucket-excavator-bucket-manufacturer\/\",\"name\":\"Digger Bucket & Excavator Bucket Manufacturer\",\"isPartOf\":{\"@id\":\"https:\/\/gfmparts.com\/#website\"},\"primaryImageOfPage\":{\"@id\":\"https:\/\/gfmparts.com\/product\/digger-bucket-excavator-bucket-manufacturer\/#primaryimage\"},\"image\":{\"@id\":\"https:\/\/gfmparts.com\/product\/digger-bucket-excavator-bucket-manufacturer\/#primaryimage\"},\"thumbnailUrl\":\"https:\/\/gfmparts.com\/wp-content\/uploads\/2024\/12\/Digger-Bucket-Excavator-Bucket.png\",\"datePublished\":\"2024-12-23T01:45:45+00:00\",\"dateModified\":\"2025-05-14T07:53:36+00:00\",\"description\":\"GFM excavator bucket manufacturer provides professional customization services, from material selection, structural design to the final product, full participation and professional advice.\",\"breadcrumb\":{\"@id\":\"https:\/\/gfmparts.com\/product\/digger-bucket-excavator-bucket-manufacturer\/#breadcrumb\"},\"inLanguage\":\"pt-BR\",\"potentialAction\":[{\"@type\":\"ReadAction\",\"target\":[\"https:\/\/gfmparts.com\/product\/digger-bucket-excavator-bucket-manufacturer\/\"]}]},{\"@type\":\"ImageObject\",\"inLanguage\":\"pt-BR\",\"@id\":\"https:\/\/gfmparts.com\/product\/digger-bucket-excavator-bucket-manufacturer\/#primaryimage\",\"url\":\"https:\/\/gfmparts.com\/wp-content\/uploads\/2024\/12\/Digger-Bucket-Excavator-Bucket.png\",\"contentUrl\":\"https:\/\/gfmparts.com\/wp-content\/uploads\/2024\/12\/Digger-Bucket-Excavator-Bucket.png\",\"width\":894,\"height\":894,\"caption\":\"Digger Bucket Excavator Bucket\"},{\"@type\":\"BreadcrumbList\",\"@id\":\"https:\/\/gfmparts.com\/product\/digger-bucket-excavator-bucket-manufacturer\/#breadcrumb\",\"itemListElement\":[{\"@type\":\"ListItem\",\"position\":1,\"name\":\"\u9996\u9875\",\"item\":\"https:\/\/gfmparts.com\/\"},{\"@type\":\"ListItem\",\"position\":2,\"name\":\"All Product\",\"item\":\"https:\/\/gfmparts.com\/all-product\/\"},{\"@type\":\"ListItem\",\"position\":3,\"name\":\"Digger Bucket Excavator Bucket Manufacturer\"}]},{\"@type\":\"WebSite\",\"@id\":\"https:\/\/gfmparts.com\/#website\",\"url\":\"https:\/\/gfmparts.com\/\",\"name\":\"GFM PARTS\",\"description\":\"GFM since 2011 focused on excavator and bulldozer undercarriage parts manufacturing :Track rollers,carrier roller,idler,sprocket,track group,bucket tooth pin.\",\"publisher\":{\"@id\":\"https:\/\/gfmparts.com\/#organization\"},\"alternateName\":\"gfmparts.com\",\"potentialAction\":[{\"@type\":\"SearchAction\",\"target\":{\"@type\":\"EntryPoint\",\"urlTemplate\":\"https:\/\/gfmparts.com\/?s={search_term_string}\"},\"query-input\":{\"@type\":\"PropertyValueSpecification\",\"valueRequired\":true,\"valueName\":\"search_term_string\"}}],\"inLanguage\":\"pt-BR\"},{\"@type\":\"Organization\",\"@id\":\"https:\/\/gfmparts.com\/#organization\",\"name\":\"GFM PARTS\",\"url\":\"https:\/\/gfmparts.com\/\",\"logo\":{\"@type\":\"ImageObject\",\"inLanguage\":\"pt-BR\",\"@id\":\"https:\/\/gfmparts.com\/#\/schema\/logo\/image\/\",\"url\":\"https:\/\/gfmparts.com\/wp-content\/uploads\/2024\/11\/cropped-GFMparts.com_-2.png\",\"contentUrl\":\"https:\/\/gfmparts.com\/wp-content\/uploads\/2024\/11\/cropped-GFMparts.com_-2.png\",\"width\":5987,\"height\":2564,\"caption\":\"GFM PARTS\"},\"image\":{\"@id\":\"https:\/\/gfmparts.com\/#\/schema\/logo\/image\/\"},\"sameAs\":[\"https:\/\/www.facebook.com\/gfmparts\",\"https:\/\/www.linkedin.com\/company\/gfmparts\/\",\"https:\/\/www.tiktok.com\/@gfmparts\",\"https:\/\/www.youtube.com\/@GFMparts\/featured\"]}]}<\/script>\n<!-- \/ Yoast SEO Premium plugin. -->","yoast_head_json":{"title":"Digger Bucket & Excavator Bucket Manufacturer","description":"GFM excavator bucket manufacturer provides professional customization services, from material selection, structural design to the final product, full participation and professional advice.","robots":{"index":"index","follow":"follow","max-snippet":"max-snippet:-1","max-image-preview":"max-image-preview:large","max-video-preview":"max-video-preview:-1"},"canonical":"https:\/\/gfmparts.com\/pt\/product\/fabricante-de-cacambas-para-escavadeiras\/","og_locale":"pt_BR","og_type":"article","og_title":"Digger Bucket Excavator Bucket Manufacturer","og_description":"GFM excavator bucket manufacturer provides professional customization services, from material selection, structural design to the final product, full participation and professional advice.","og_url":"https:\/\/gfmparts.com\/pt\/product\/fabricante-de-cacambas-para-escavadeiras\/","article_publisher":"https:\/\/www.facebook.com\/gfmparts","article_modified_time":"2025-05-14T07:53:36+00:00","og_image":[{"width":894,"height":894,"url":"https:\/\/gfmparts.com\/wp-content\/uploads\/2024\/12\/Digger-Bucket-Excavator-Bucket.png","type":"image\/png"}],"twitter_card":"summary_large_image","twitter_misc":{"Est. tempo de leitura":"4 minutos"},"schema":{"@context":"https:\/\/schema.org","@graph":[{"@type":"WebPage","@id":"https:\/\/gfmparts.com\/product\/digger-bucket-excavator-bucket-manufacturer\/","url":"https:\/\/gfmparts.com\/product\/digger-bucket-excavator-bucket-manufacturer\/","name":"Digger Bucket & Excavator Bucket Manufacturer","isPartOf":{"@id":"https:\/\/gfmparts.com\/#website"},"primaryImageOfPage":{"@id":"https:\/\/gfmparts.com\/product\/digger-bucket-excavator-bucket-manufacturer\/#primaryimage"},"image":{"@id":"https:\/\/gfmparts.com\/product\/digger-bucket-excavator-bucket-manufacturer\/#primaryimage"},"thumbnailUrl":"https:\/\/gfmparts.com\/wp-content\/uploads\/2024\/12\/Digger-Bucket-Excavator-Bucket.png","datePublished":"2024-12-23T01:45:45+00:00","dateModified":"2025-05-14T07:53:36+00:00","description":"GFM excavator bucket manufacturer provides professional customization services, from material selection, structural design to the final product, full participation and professional advice.","breadcrumb":{"@id":"https:\/\/gfmparts.com\/product\/digger-bucket-excavator-bucket-manufacturer\/#breadcrumb"},"inLanguage":"pt-BR","potentialAction":[{"@type":"ReadAction","target":["https:\/\/gfmparts.com\/product\/digger-bucket-excavator-bucket-manufacturer\/"]}]},{"@type":"ImageObject","inLanguage":"pt-BR","@id":"https:\/\/gfmparts.com\/product\/digger-bucket-excavator-bucket-manufacturer\/#primaryimage","url":"https:\/\/gfmparts.com\/wp-content\/uploads\/2024\/12\/Digger-Bucket-Excavator-Bucket.png","contentUrl":"https:\/\/gfmparts.com\/wp-content\/uploads\/2024\/12\/Digger-Bucket-Excavator-Bucket.png","width":894,"height":894,"caption":"Digger Bucket Excavator Bucket"},{"@type":"BreadcrumbList","@id":"https:\/\/gfmparts.com\/product\/digger-bucket-excavator-bucket-manufacturer\/#breadcrumb","itemListElement":[{"@type":"ListItem","position":1,"name":"\u9996\u9875","item":"https:\/\/gfmparts.com\/"},{"@type":"ListItem","position":2,"name":"All Product","item":"https:\/\/gfmparts.com\/all-product\/"},{"@type":"ListItem","position":3,"name":"Digger Bucket Excavator Bucket Manufacturer"}]},{"@type":"WebSite","@id":"https:\/\/gfmparts.com\/#website","url":"https:\/\/gfmparts.com\/","name":"GFM PARTS","description":"GFM since 2011 focused on excavator and bulldozer undercarriage parts manufacturing :Track rollers,carrier roller,idler,sprocket,track group,bucket tooth pin.","publisher":{"@id":"https:\/\/gfmparts.com\/#organization"},"alternateName":"gfmparts.com","potentialAction":[{"@type":"SearchAction","target":{"@type":"EntryPoint","urlTemplate":"https:\/\/gfmparts.com\/?s={search_term_string}"},"query-input":{"@type":"PropertyValueSpecification","valueRequired":true,"valueName":"search_term_string"}}],"inLanguage":"pt-BR"},{"@type":"Organization","@id":"https:\/\/gfmparts.com\/#organization","name":"GFM PARTS","url":"https:\/\/gfmparts.com\/","logo":{"@type":"ImageObject","inLanguage":"pt-BR","@id":"https:\/\/gfmparts.com\/#\/schema\/logo\/image\/","url":"https:\/\/gfmparts.com\/wp-content\/uploads\/2024\/11\/cropped-GFMparts.com_-2.png","contentUrl":"https:\/\/gfmparts.com\/wp-content\/uploads\/2024\/11\/cropped-GFMparts.com_-2.png","width":5987,"height":2564,"caption":"GFM PARTS"},"image":{"@id":"https:\/\/gfmparts.com\/#\/schema\/logo\/image\/"},"sameAs":["https:\/\/www.facebook.com\/gfmparts","https:\/\/www.linkedin.com\/company\/gfmparts\/","https:\/\/www.tiktok.com\/@gfmparts","https:\/\/www.youtube.com\/@GFMparts\/featured"]}]}},"_links":{"self":[{"href":"https:\/\/gfmparts.com\/pt\/wp-json\/wp\/v2\/product\/3082"}],"collection":[{"href":"https:\/\/gfmparts.com\/pt\/wp-json\/wp\/v2\/product"}],"about":[{"href":"https:\/\/gfmparts.com\/pt\/wp-json\/wp\/v2\/types\/product"}],"wp:featuredmedia":[{"embeddable":true,"href":"https:\/\/gfmparts.com\/pt\/wp-json\/wp\/v2\/media\/3604"}],"wp:attachment":[{"href":"https:\/\/gfmparts.com\/pt\/wp-json\/wp\/v2\/media?parent=3082"}],"wp:term":[{"taxonomy":"product_cat","embeddable":true,"href":"https:\/\/gfmparts.com\/pt\/wp-json\/wp\/v2\/product_cat?post=3082"},{"taxonomy":"product_tag","embeddable":true,"href":"https:\/\/gfmparts.com\/pt\/wp-json\/wp\/v2\/product_tag?post=3082"}],"curies":[{"name":"wp","href":"https:\/\/api.w.org\/{rel}","templated":true}]}}