{"id":3095,"date":"2024-12-24T02:01:02","date_gmt":"2024-12-24T02:01:02","guid":{"rendered":"https:\/\/gfmparts.com\/?post_type=product&#038;p=3095"},"modified":"2025-04-11T06:25:35","modified_gmt":"2025-04-11T06:25:35","slug":"excavator-hydraulic-cylinder-manufacturer","status":"publish","type":"product","link":"https:\/\/gfmparts.com\/pt\/product\/fabricante-de-cilindros-hidraulicos-para-escavadeiras\/","title":{"rendered":"Fabricante de cilindros hidr\u00e1ulicos para escavadeiras"},"content":{"rendered":"<p><span style=\"color: #000000;\">Na GFM, somos especializados na produ\u00e7\u00e3o de cilindros hidr\u00e1ulicos de alta qualidade para escavadeiras, projetados para lidar com os ambientes operacionais mais exigentes. Nossos cilindros hidr\u00e1ulicos s\u00e3o feitos de materiais de alta resist\u00eancia, garantindo excelente capacidade de carga e vida \u00fatil ultralonga. A exclusiva tecnologia de veda\u00e7\u00e3o previne vazamentos com efic\u00e1cia e mant\u00e9m o desempenho est\u00e1vel mesmo sob temperaturas e press\u00f5es extremas. GFM <a style=\"color: #000000;\" href=\"https:\/\/gfmparts.com\/pt\/product\/fabricante-de-cacambas-para-escavadeiras\/\">cilindros hidr\u00e1ulicos de escavadeira<\/a>, com sua excelente velocidade de resposta e capacidades de controle precisas, tornaram-se um componente essencial para melhorar a efici\u00eancia geral e a confiabilidade das escavadeiras.<\/span><\/p>\n<h3><span style=\"color: #ff6600;\">Descri\u00e7\u00e3o do produto<\/span><\/h3>\n<ul>\n<li><span style=\"color: #000000;\"><strong>Quantidade m\u00ednima:<\/strong>\u00a01 PC<\/span><\/li>\n<li><span style=\"color: #000000;\"><strong>M\u00e9todo de pagamento:<\/strong>\u00a0T\/T<\/span><\/li>\n<li><span style=\"color: #000000;\"><strong>Marca:<\/strong>\u00a0GFM<\/span><\/li>\n<li><span style=\"color: #000000;\"><strong>Doen\u00e7a:<\/strong>\u00a0Novo<\/span><\/li>\n<li><span style=\"color: #000000;\"><strong>Cor:<\/strong>\u00a0Amarelo, Preto ou Personalizado<\/span><\/li>\n<li><span style=\"color: #000000;\"><strong>Tempo de espera:<\/strong>\u00a030 dias<\/span><\/li>\n<li><span style=\"color: #000000;\"><strong>Garantia:<\/strong>\u00a01 ano<\/span><\/li>\n<li><span style=\"color: #000000;\"><strong>Servi\u00e7o:<\/strong>\u00a0OEM ou ODM<\/span><\/li>\n<li><span style=\"color: #000000;\"><strong>Local de origem:<\/strong>\u00a0Fujian, China<\/span><\/li>\n<li><span style=\"color: #000000;\"><strong>Aplicativo:<\/strong>\u00a0Escavadeira ou trator de esteira<\/span><\/li>\n<li><span style=\"color: #000000;\"><strong>Embalagem:<\/strong>\u00a0Palete de madeira padr\u00e3o para exporta\u00e7\u00e3o<\/span><\/li>\n<\/ul>\n<p style=\"text-align: center;\"><img fetchpriority=\"high\" decoding=\"async\" class=\"alignnone wp-image-3097\" src=\"https:\/\/gfmparts.com\/wp-content\/uploads\/2024\/12\/cylinder_2-768x1024.jpg\" alt=\"cilindro_2\" width=\"385\" height=\"513\" srcset=\"https:\/\/gfmparts.com\/wp-content\/uploads\/2024\/12\/cylinder_2-768x1024.jpg 768w, https:\/\/gfmparts.com\/wp-content\/uploads\/2024\/12\/cylinder_2-225x300.jpg 225w, https:\/\/gfmparts.com\/wp-content\/uploads\/2024\/12\/cylinder_2-1152x1536.jpg 1152w, https:\/\/gfmparts.com\/wp-content\/uploads\/2024\/12\/cylinder_2-600x800.jpg 600w, https:\/\/gfmparts.com\/wp-content\/uploads\/2024\/12\/cylinder_2.jpg 1199w\" sizes=\"(max-width: 385px) 100vw, 385px\" \/> \u00a0<img decoding=\"async\" class=\"alignnone wp-image-3098\" src=\"https:\/\/gfmparts.com\/wp-content\/uploads\/2024\/12\/cylinder_3-769x1024.jpg\" alt=\"cilindro_3\" width=\"386\" height=\"514\" srcset=\"https:\/\/gfmparts.com\/wp-content\/uploads\/2024\/12\/cylinder_3-769x1024.jpg 769w, https:\/\/gfmparts.com\/wp-content\/uploads\/2024\/12\/cylinder_3-225x300.jpg 225w, https:\/\/gfmparts.com\/wp-content\/uploads\/2024\/12\/cylinder_3-768x1023.jpg 768w, https:\/\/gfmparts.com\/wp-content\/uploads\/2024\/12\/cylinder_3-600x799.jpg 600w, https:\/\/gfmparts.com\/wp-content\/uploads\/2024\/12\/cylinder_3.jpg 1074w\" sizes=\"(max-width: 386px) 100vw, 386px\" \/><\/p>\n<h3><span style=\"color: #ff6600;\">Caracter\u00edsticas<\/span><\/h3>\n<ul>\n<li><b><\/b><span style=\"color: #000000;\"><strong><b>Constru\u00e7\u00e3o resistente<\/b><\/strong>: Suporta press\u00f5es extremas e condi\u00e7\u00f5es dif\u00edceis.<\/span><\/li>\n<li><span style=\"color: #000000;\"><b><\/b><strong><b>Engenharia de precis\u00e3o<\/b><\/strong>: Garante desempenho suave e durabilidade duradoura.<\/span><\/li>\n<li><span style=\"color: #000000;\"><b><\/b><strong><b>Revestimento resistente \u00e0 corros\u00e3o<\/b><\/strong>: Funciona de forma confi\u00e1vel em todos os ambientes.<\/span><\/li>\n<li><span style=\"color: #000000;\"><b><\/b><strong><b>Selos \u00e0 prova de vazamentos<\/b><\/strong>: Sem perda de fluidos, m\u00e1xima efici\u00eancia energ\u00e9tica.<\/span><\/li>\n<li><span style=\"color: #000000;\"><b><\/b><strong><b>Tamanhos personalizados dispon\u00edveis<\/b><\/strong>: Adaptado para se adaptar a v\u00e1rios modelos de escavadeiras.<\/span><\/li>\n<li><span style=\"color: #000000;\"><b><\/b><strong><b>F\u00e1cil instala\u00e7\u00e3o<\/b><\/strong>: A configura\u00e7\u00e3o r\u00e1pida minimiza o tempo de inatividade.<\/span><\/li>\n<\/ul>\n<p><span style=\"color: #000000;\"><strong><b>Aumente a pot\u00eancia da sua escavadeira com os cilindros hidr\u00e1ulicos de alta qualidade da GFM!<\/b><\/strong><\/span><\/p>\n<h3><span style=\"color: #ff6600;\">Modelos de produtos<\/span><\/h3>\n<p style=\"text-align: center;\"><img decoding=\"async\" class=\"alignnone size-full wp-image-3147\" src=\"https:\/\/gfmparts.com\/wp-content\/uploads\/2024\/11\/excavator-part-description-e1735350735761.png\" alt=\"descri\u00e7\u00e3o da pe\u00e7a da escavadeira\" width=\"856\" height=\"694\" srcset=\"https:\/\/gfmparts.com\/wp-content\/uploads\/2024\/11\/excavator-part-description-e1735350735761.png 856w, https:\/\/gfmparts.com\/wp-content\/uploads\/2024\/11\/excavator-part-description-e1735350735761-300x243.png 300w, https:\/\/gfmparts.com\/wp-content\/uploads\/2024\/11\/excavator-part-description-e1735350735761-768x623.png 768w, https:\/\/gfmparts.com\/wp-content\/uploads\/2024\/11\/excavator-part-description-e1735350735761-600x486.png 600w\" sizes=\"(max-width: 856px) 100vw, 856px\" \/><\/p>\n<h3><span style=\"color: #ff6600;\">Processo de produ\u00e7\u00e3o<\/span><\/h3>\n<p><img loading=\"lazy\" decoding=\"async\" class=\"size-large wp-image-3043 aligncenter\" src=\"https:\/\/gfmparts.com\/wp-content\/uploads\/2024\/12\/\u901a\u7528\u751f\u4ea7\u6d41\u7a0b-1-1024x648.jpg\" alt=\"processo de produ\u00e7\u00e3o de pe\u00e7as de escavadeira\" width=\"1024\" height=\"648\" srcset=\"\" sizes=\"(max-width: 1024px) 100vw, 1024px\" data-srcset=\"\" \/><\/p>\n<h3><span style=\"color: #ff6600;\">Embalagem e Envio<\/span><\/h3>\n<p style=\"text-align: center;\"><img loading=\"lazy\" decoding=\"async\" class=\"alignnone size-large wp-image-3783\" src=\"https:\/\/gfmparts.com\/wp-content\/uploads\/2025\/03\/Packaging-and-Shipping-1024x648.jpg\" alt=\"Embalagem e Envio\" width=\"1024\" height=\"648\" srcset=\"https:\/\/gfmparts.com\/wp-content\/uploads\/2025\/03\/Packaging-and-Shipping-1024x648.jpg 1024w, https:\/\/gfmparts.com\/wp-content\/uploads\/2025\/03\/Packaging-and-Shipping-300x190.jpg 300w, https:\/\/gfmparts.com\/wp-content\/uploads\/2025\/03\/Packaging-and-Shipping-768x486.jpg 768w, https:\/\/gfmparts.com\/wp-content\/uploads\/2025\/03\/Packaging-and-Shipping-1536x973.jpg 1536w, https:\/\/gfmparts.com\/wp-content\/uploads\/2025\/03\/Packaging-and-Shipping-2048x1297.jpg 2048w, https:\/\/gfmparts.com\/wp-content\/uploads\/2025\/03\/Packaging-and-Shipping-600x380.jpg 600w\" sizes=\"(max-width: 1024px) 100vw, 1024px\" \/><\/p>\n<h3><span style=\"color: #ff6600;\">Vantagens da f\u00e1brica<\/span><\/h3>\n<p><span style=\"color: #000000;\">Os cilindros hidr\u00e1ulicos da GFM foram rigorosamente testados e apresentam excelente resist\u00eancia ao desgaste e \u00e0 corros\u00e3o, adaptando-se a diversas condi\u00e7\u00f5es de trabalho complexas. Ao otimizar o projeto da din\u00e2mica de fluidos, os cilindros hidr\u00e1ulicos da GFM alcan\u00e7am maior efici\u00eancia de convers\u00e3o de energia, reduzem o consumo de energia e proporcionam uma sa\u00edda de pot\u00eancia suave e potente. A f\u00e1brica da GFM est\u00e1 equipada com modernos equipamentos de produ\u00e7\u00e3o e instrumentos de teste de alta precis\u00e3o para garantir que cada produto atenda ou at\u00e9 mesmo supere os padr\u00f5es da ind\u00fastria. Al\u00e9m disso, contamos com uma equipe de pesquisa e desenvolvimento composta por especialistas do setor que est\u00e3o constantemente explorando novos materiais e novos processos para promover a inova\u00e7\u00e3o cont\u00ednua na tecnologia de cilindros hidr\u00e1ulicos.<\/span><\/p>\n<p><span style=\"color: #000000;\">Como l\u00edder <a style=\"color: #000000;\" href=\"https:\/\/gfmparts.com\/pt\/product\/fabricante-de-sapatas-de-esteira-para-garras-de-escavadeira\/\">fabricante de cilindros hidr\u00e1ulicos<\/a>A GFM fornece solu\u00e7\u00f5es personalizadas em cilindros hidr\u00e1ulicos para clientes em todo o mundo, com tecnologia de produ\u00e7\u00e3o avan\u00e7ada e rigoroso sistema de controle de qualidade. A GFM se compromete a oferecer a cada cliente uma gama completa de servi\u00e7os, desde a consultoria na sele\u00e7\u00e3o at\u00e9 o suporte p\u00f3s-venda, para garantir que sua escavadeira esteja sempre nas melhores condi\u00e7\u00f5es. Escolher a GFM como sua parceira em cilindros hidr\u00e1ulicos significa optar por qualidade confi\u00e1vel, entrega r\u00e1pida e servi\u00e7o p\u00f3s-venda profissional.<\/span><\/p>\n<p style=\"text-align: center;\"><span style=\"color: #000000;\"><img loading=\"lazy\" decoding=\"async\" class=\"alignnone wp-image-2159\" src=\"https:\/\/gfmparts.com\/wp-content\/uploads\/2024\/12\/\u5fae\u4fe1\u56fe\u7247_20241202160325-1024x576.jpg\" alt=\"fabricante de rolos transportadores\" width=\"767\" height=\"431\" srcset=\"\" sizes=\"(max-width: 767px) 100vw, 767px\" data-srcset=\"\" \/><\/span><\/p>","protected":false},"excerpt":{"rendered":"<ul>\n<li><span style=\"color: #000000;\">Qualidade garantida do produto<\/span><\/li>\n<li><span style=\"color: #000000;\">Fornecimento grande<\/span><\/li>\n<li><span style=\"color: #000000;\">Pre\u00e7os competitivos<\/span><\/li>\n<li><span style=\"color: #000000;\">A maioria das marcas e modelos<\/span><\/li>\n<li><span style=\"color: #000000;\">Equipe de Atendimento ao Cliente \u00datil<\/span><\/li>\n<li><span style=\"color: #000000;\">Suporte t\u00e9cnico profissional<\/span><\/li>\n<\/ul>","protected":false},"featured_media":3603,"template":"","meta":{"site-sidebar-layout":"default","site-content-layout":"","ast-site-content-layout":"default","site-content-style":"default","site-sidebar-style":"default","ast-global-header-display":"","ast-banner-title-visibility":"","ast-main-header-display":"","ast-hfb-above-header-display":"","ast-hfb-below-header-display":"","ast-hfb-mobile-header-display":"","site-post-title":"","ast-breadcrumbs-content":"","ast-featured-img":"","footer-sml-layout":"","theme-transparent-header-meta":"default","adv-header-id-meta":"","stick-header-meta":"default","header-above-stick-meta":"","header-main-stick-meta":"","header-below-stick-meta":"","astra-migrate-meta-layouts":"set","ast-page-background-enabled":"default","ast-page-background-meta":{"desktop":{"background-color":"","background-image":"","background-repeat":"repeat","background-position":"center center","background-size":"auto","background-attachment":"scroll","background-type":"","background-media":"","overlay-type":"","overlay-color":"","overlay-opacity":"","overlay-gradient":""},"tablet":{"background-color":"","background-image":"","background-repeat":"repeat","background-position":"center center","background-size":"auto","background-attachment":"scroll","background-type":"","background-media":"","overlay-type":"","overlay-color":"","overlay-opacity":"","overlay-gradient":""},"mobile":{"background-color":"","background-image":"","background-repeat":"repeat","background-position":"center center","background-size":"auto","background-attachment":"scroll","background-type":"","background-media":"","overlay-type":"","overlay-color":"","overlay-opacity":"","overlay-gradient":""}},"ast-content-background-meta":{"desktop":{"background-color":"var(--ast-global-color-5)","background-image":"","background-repeat":"repeat","background-position":"center center","background-size":"auto","background-attachment":"scroll","background-type":"","background-media":"","overlay-type":"","overlay-color":"","overlay-opacity":"","overlay-gradient":""},"tablet":{"background-color":"var(--ast-global-color-5)","background-image":"","background-repeat":"repeat","background-position":"center center","background-size":"auto","background-attachment":"scroll","background-type":"","background-media":"","overlay-type":"","overlay-color":"","overlay-opacity":"","overlay-gradient":""},"mobile":{"background-color":"var(--ast-global-color-5)","background-image":"","background-repeat":"repeat","background-position":"center center","background-size":"auto","background-attachment":"scroll","background-type":"","background-media":"","overlay-type":"","overlay-color":"","overlay-opacity":"","overlay-gradient":""}}},"product_cat":[27],"product_tag":[],"class_list":{"0":"post-3095","1":"product","2":"type-product","3":"status-publish","4":"has-post-thumbnail","6":"product_cat-parts","7":"desktop-align-left","8":"tablet-align-left","9":"mobile-align-left","10":"ast-product-gallery-layout-horizontal-slider","11":"ast-product-gallery-with-no-image","12":"ast-product-tabs-layout-horizontal","14":"first","15":"instock","16":"shipping-taxable","17":"product-type-simple"},"yoast_head":"<!-- This site is optimized with the Yoast SEO Premium plugin v22.8 (Yoast SEO v23.9) - https:\/\/yoast.com\/wordpress\/plugins\/seo\/ -->\n<title>Excavator Hydraulic Cylinder Manufacturer - GFM<\/title>\n<meta name=\"description\" content=\"GFM excavator hydraulic cylinder manufacturer provides professional customization services, from material selection, structural design to final product, full participation and professional advice.\" \/>\n<meta name=\"robots\" content=\"index, follow, max-snippet:-1, max-image-preview:large, max-video-preview:-1\" \/>\n<link rel=\"canonical\" href=\"https:\/\/gfmparts.com\/pt\/product\/fabricante-de-cilindros-hidraulicos-para-escavadeiras\/\" \/>\n<meta property=\"og:locale\" content=\"pt_BR\" \/>\n<meta property=\"og:type\" content=\"article\" \/>\n<meta property=\"og:title\" content=\"Excavator Hydraulic Cylinder Manufacturer\" \/>\n<meta property=\"og:description\" content=\"GFM excavator hydraulic cylinder manufacturer provides professional customization services, from material selection, structural design to final product, full participation and professional advice.\" \/>\n<meta property=\"og:url\" content=\"https:\/\/gfmparts.com\/pt\/product\/fabricante-de-cilindros-hidraulicos-para-escavadeiras\/\" \/>\n<meta property=\"article:publisher\" content=\"https:\/\/www.facebook.com\/gfmparts\" \/>\n<meta property=\"article:modified_time\" content=\"2025-04-11T06:25:35+00:00\" \/>\n<meta property=\"og:image\" content=\"https:\/\/gfmparts.com\/wp-content\/uploads\/2024\/12\/hydraulic-cylinder-1.png\" \/>\n\t<meta property=\"og:image:width\" content=\"806\" \/>\n\t<meta property=\"og:image:height\" content=\"806\" \/>\n\t<meta property=\"og:image:type\" content=\"image\/png\" \/>\n<meta name=\"twitter:card\" content=\"summary_large_image\" \/>\n<meta name=\"twitter:label1\" content=\"Est. tempo de leitura\" \/>\n\t<meta name=\"twitter:data1\" content=\"3 minutos\" \/>\n<script type=\"application\/ld+json\" class=\"yoast-schema-graph\">{\"@context\":\"https:\/\/schema.org\",\"@graph\":[{\"@type\":\"WebPage\",\"@id\":\"https:\/\/gfmparts.com\/product\/excavator-hydraulic-cylinder-manufacturer\/\",\"url\":\"https:\/\/gfmparts.com\/product\/excavator-hydraulic-cylinder-manufacturer\/\",\"name\":\"Excavator Hydraulic Cylinder Manufacturer - GFM\",\"isPartOf\":{\"@id\":\"https:\/\/gfmparts.com\/#website\"},\"primaryImageOfPage\":{\"@id\":\"https:\/\/gfmparts.com\/product\/excavator-hydraulic-cylinder-manufacturer\/#primaryimage\"},\"image\":{\"@id\":\"https:\/\/gfmparts.com\/product\/excavator-hydraulic-cylinder-manufacturer\/#primaryimage\"},\"thumbnailUrl\":\"https:\/\/gfmparts.com\/wp-content\/uploads\/2024\/12\/hydraulic-cylinder-1.png\",\"datePublished\":\"2024-12-24T02:01:02+00:00\",\"dateModified\":\"2025-04-11T06:25:35+00:00\",\"description\":\"GFM excavator hydraulic cylinder manufacturer provides professional customization services, from material selection, structural design to final product, full participation and professional advice.\",\"breadcrumb\":{\"@id\":\"https:\/\/gfmparts.com\/product\/excavator-hydraulic-cylinder-manufacturer\/#breadcrumb\"},\"inLanguage\":\"pt-BR\",\"potentialAction\":[{\"@type\":\"ReadAction\",\"target\":[\"https:\/\/gfmparts.com\/product\/excavator-hydraulic-cylinder-manufacturer\/\"]}]},{\"@type\":\"ImageObject\",\"inLanguage\":\"pt-BR\",\"@id\":\"https:\/\/gfmparts.com\/product\/excavator-hydraulic-cylinder-manufacturer\/#primaryimage\",\"url\":\"https:\/\/gfmparts.com\/wp-content\/uploads\/2024\/12\/hydraulic-cylinder-1.png\",\"contentUrl\":\"https:\/\/gfmparts.com\/wp-content\/uploads\/2024\/12\/hydraulic-cylinder-1.png\",\"width\":806,\"height\":806,\"caption\":\"hydraulic cylinder\"},{\"@type\":\"BreadcrumbList\",\"@id\":\"https:\/\/gfmparts.com\/product\/excavator-hydraulic-cylinder-manufacturer\/#breadcrumb\",\"itemListElement\":[{\"@type\":\"ListItem\",\"position\":1,\"name\":\"\u9996\u9875\",\"item\":\"https:\/\/gfmparts.com\/\"},{\"@type\":\"ListItem\",\"position\":2,\"name\":\"All Product\",\"item\":\"https:\/\/gfmparts.com\/all-product\/\"},{\"@type\":\"ListItem\",\"position\":3,\"name\":\"Excavator Hydraulic Cylinder Manufacturer\"}]},{\"@type\":\"WebSite\",\"@id\":\"https:\/\/gfmparts.com\/#website\",\"url\":\"https:\/\/gfmparts.com\/\",\"name\":\"GFM PARTS\",\"description\":\"GFM since 2011 focused on excavator and bulldozer undercarriage parts manufacturing :Track rollers,carrier roller,idler,sprocket,track group,bucket tooth pin.\",\"publisher\":{\"@id\":\"https:\/\/gfmparts.com\/#organization\"},\"alternateName\":\"gfmparts.com\",\"potentialAction\":[{\"@type\":\"SearchAction\",\"target\":{\"@type\":\"EntryPoint\",\"urlTemplate\":\"https:\/\/gfmparts.com\/?s={search_term_string}\"},\"query-input\":{\"@type\":\"PropertyValueSpecification\",\"valueRequired\":true,\"valueName\":\"search_term_string\"}}],\"inLanguage\":\"pt-BR\"},{\"@type\":\"Organization\",\"@id\":\"https:\/\/gfmparts.com\/#organization\",\"name\":\"GFM PARTS\",\"url\":\"https:\/\/gfmparts.com\/\",\"logo\":{\"@type\":\"ImageObject\",\"inLanguage\":\"pt-BR\",\"@id\":\"https:\/\/gfmparts.com\/#\/schema\/logo\/image\/\",\"url\":\"https:\/\/gfmparts.com\/wp-content\/uploads\/2024\/11\/cropped-GFMparts.com_-2.png\",\"contentUrl\":\"https:\/\/gfmparts.com\/wp-content\/uploads\/2024\/11\/cropped-GFMparts.com_-2.png\",\"width\":5987,\"height\":2564,\"caption\":\"GFM PARTS\"},\"image\":{\"@id\":\"https:\/\/gfmparts.com\/#\/schema\/logo\/image\/\"},\"sameAs\":[\"https:\/\/www.facebook.com\/gfmparts\",\"https:\/\/www.linkedin.com\/company\/gfmparts\/\",\"https:\/\/www.tiktok.com\/@gfmparts\",\"https:\/\/www.youtube.com\/@GFMparts\/featured\"]}]}<\/script>\n<!-- \/ Yoast SEO Premium plugin. -->","yoast_head_json":{"title":"Excavator Hydraulic Cylinder Manufacturer - GFM","description":"GFM excavator hydraulic cylinder manufacturer provides professional customization services, from material selection, structural design to final product, full participation and professional advice.","robots":{"index":"index","follow":"follow","max-snippet":"max-snippet:-1","max-image-preview":"max-image-preview:large","max-video-preview":"max-video-preview:-1"},"canonical":"https:\/\/gfmparts.com\/pt\/product\/fabricante-de-cilindros-hidraulicos-para-escavadeiras\/","og_locale":"pt_BR","og_type":"article","og_title":"Excavator Hydraulic Cylinder Manufacturer","og_description":"GFM excavator hydraulic cylinder manufacturer provides professional customization services, from material selection, structural design to final product, full participation and professional advice.","og_url":"https:\/\/gfmparts.com\/pt\/product\/fabricante-de-cilindros-hidraulicos-para-escavadeiras\/","article_publisher":"https:\/\/www.facebook.com\/gfmparts","article_modified_time":"2025-04-11T06:25:35+00:00","og_image":[{"width":806,"height":806,"url":"https:\/\/gfmparts.com\/wp-content\/uploads\/2024\/12\/hydraulic-cylinder-1.png","type":"image\/png"}],"twitter_card":"summary_large_image","twitter_misc":{"Est. tempo de leitura":"3 minutos"},"schema":{"@context":"https:\/\/schema.org","@graph":[{"@type":"WebPage","@id":"https:\/\/gfmparts.com\/product\/excavator-hydraulic-cylinder-manufacturer\/","url":"https:\/\/gfmparts.com\/product\/excavator-hydraulic-cylinder-manufacturer\/","name":"Excavator Hydraulic Cylinder Manufacturer - GFM","isPartOf":{"@id":"https:\/\/gfmparts.com\/#website"},"primaryImageOfPage":{"@id":"https:\/\/gfmparts.com\/product\/excavator-hydraulic-cylinder-manufacturer\/#primaryimage"},"image":{"@id":"https:\/\/gfmparts.com\/product\/excavator-hydraulic-cylinder-manufacturer\/#primaryimage"},"thumbnailUrl":"https:\/\/gfmparts.com\/wp-content\/uploads\/2024\/12\/hydraulic-cylinder-1.png","datePublished":"2024-12-24T02:01:02+00:00","dateModified":"2025-04-11T06:25:35+00:00","description":"GFM excavator hydraulic cylinder manufacturer provides professional customization services, from material selection, structural design to final product, full participation and professional advice.","breadcrumb":{"@id":"https:\/\/gfmparts.com\/product\/excavator-hydraulic-cylinder-manufacturer\/#breadcrumb"},"inLanguage":"pt-BR","potentialAction":[{"@type":"ReadAction","target":["https:\/\/gfmparts.com\/product\/excavator-hydraulic-cylinder-manufacturer\/"]}]},{"@type":"ImageObject","inLanguage":"pt-BR","@id":"https:\/\/gfmparts.com\/product\/excavator-hydraulic-cylinder-manufacturer\/#primaryimage","url":"https:\/\/gfmparts.com\/wp-content\/uploads\/2024\/12\/hydraulic-cylinder-1.png","contentUrl":"https:\/\/gfmparts.com\/wp-content\/uploads\/2024\/12\/hydraulic-cylinder-1.png","width":806,"height":806,"caption":"hydraulic cylinder"},{"@type":"BreadcrumbList","@id":"https:\/\/gfmparts.com\/product\/excavator-hydraulic-cylinder-manufacturer\/#breadcrumb","itemListElement":[{"@type":"ListItem","position":1,"name":"\u9996\u9875","item":"https:\/\/gfmparts.com\/"},{"@type":"ListItem","position":2,"name":"All Product","item":"https:\/\/gfmparts.com\/all-product\/"},{"@type":"ListItem","position":3,"name":"Excavator Hydraulic Cylinder Manufacturer"}]},{"@type":"WebSite","@id":"https:\/\/gfmparts.com\/#website","url":"https:\/\/gfmparts.com\/","name":"GFM PARTS","description":"GFM since 2011 focused on excavator and bulldozer undercarriage parts manufacturing :Track rollers,carrier roller,idler,sprocket,track group,bucket tooth pin.","publisher":{"@id":"https:\/\/gfmparts.com\/#organization"},"alternateName":"gfmparts.com","potentialAction":[{"@type":"SearchAction","target":{"@type":"EntryPoint","urlTemplate":"https:\/\/gfmparts.com\/?s={search_term_string}"},"query-input":{"@type":"PropertyValueSpecification","valueRequired":true,"valueName":"search_term_string"}}],"inLanguage":"pt-BR"},{"@type":"Organization","@id":"https:\/\/gfmparts.com\/#organization","name":"GFM PARTS","url":"https:\/\/gfmparts.com\/","logo":{"@type":"ImageObject","inLanguage":"pt-BR","@id":"https:\/\/gfmparts.com\/#\/schema\/logo\/image\/","url":"https:\/\/gfmparts.com\/wp-content\/uploads\/2024\/11\/cropped-GFMparts.com_-2.png","contentUrl":"https:\/\/gfmparts.com\/wp-content\/uploads\/2024\/11\/cropped-GFMparts.com_-2.png","width":5987,"height":2564,"caption":"GFM PARTS"},"image":{"@id":"https:\/\/gfmparts.com\/#\/schema\/logo\/image\/"},"sameAs":["https:\/\/www.facebook.com\/gfmparts","https:\/\/www.linkedin.com\/company\/gfmparts\/","https:\/\/www.tiktok.com\/@gfmparts","https:\/\/www.youtube.com\/@GFMparts\/featured"]}]}},"_links":{"self":[{"href":"https:\/\/gfmparts.com\/pt\/wp-json\/wp\/v2\/product\/3095"}],"collection":[{"href":"https:\/\/gfmparts.com\/pt\/wp-json\/wp\/v2\/product"}],"about":[{"href":"https:\/\/gfmparts.com\/pt\/wp-json\/wp\/v2\/types\/product"}],"wp:featuredmedia":[{"embeddable":true,"href":"https:\/\/gfmparts.com\/pt\/wp-json\/wp\/v2\/media\/3603"}],"wp:attachment":[{"href":"https:\/\/gfmparts.com\/pt\/wp-json\/wp\/v2\/media?parent=3095"}],"wp:term":[{"taxonomy":"product_cat","embeddable":true,"href":"https:\/\/gfmparts.com\/pt\/wp-json\/wp\/v2\/product_cat?post=3095"},{"taxonomy":"product_tag","embeddable":true,"href":"https:\/\/gfmparts.com\/pt\/wp-json\/wp\/v2\/product_tag?post=3095"}],"curies":[{"name":"wp","href":"https:\/\/api.w.org\/{rel}","templated":true}]}}