{"id":3099,"date":"2024-12-24T06:06:51","date_gmt":"2024-12-24T06:06:51","guid":{"rendered":"https:\/\/gfmparts.com\/?post_type=product&#038;p=3099"},"modified":"2025-07-09T08:13:02","modified_gmt":"2025-07-09T08:13:02","slug":"excavator-bucket-teeth-pin-manufacturer","status":"publish","type":"product","link":"https:\/\/gfmparts.com\/pt\/product\/fabricante-de-pinos-de-dentes-de-cacamba-de-escavadeira\/","title":{"rendered":"Fabricante de pinos de dentes de ca\u00e7amba de escavadeira"},"content":{"rendered":"<p>G<span style=\"color: #000000;\">FM de alto desempenho <a style=\"color: #000000;\" href=\"https:\/\/gfmparts.com\/pt\/product\/fornecedor-de-rodas-dentadas-de-escavadeira-de-alta-qualidade\/\">pinos de dentes de ca\u00e7amba de escavadeira<\/a> S\u00e3o fabricados em a\u00e7o-liga de alta resist\u00eancia e passam por processos precisos de tratamento t\u00e9rmico e t\u00eampera para garantir excelente resist\u00eancia ao desgaste e ao impacto. O design exclusivo com trava previne eficazmente o afrouxamento e mant\u00e9m o desempenho est\u00e1vel mesmo nas condi\u00e7\u00f5es de escava\u00e7\u00e3o mais severas. Al\u00e9m disso, os pinos dentados da ca\u00e7amba que fornecemos s\u00e3o altamente compat\u00edveis e adequados para a maioria dos modelos de escavadeiras do mercado, ajudando voc\u00ea a melhorar significativamente a efici\u00eancia da sua constru\u00e7\u00e3o e a reduzir significativamente os custos de manuten\u00e7\u00e3o.<\/span><\/p>\n<h3><span style=\"color: #ff6600;\">Descri\u00e7\u00e3o do produto<\/span><\/h3>\n<ul>\n<li><span style=\"color: #000000;\"><strong>Mat\u00e9ria-prima:<\/strong> 40CR<\/span><\/li>\n<li><span style=\"color: #000000;\"><strong>Quantidade m\u00ednima:<\/strong>\u00a01 PC<\/span><\/li>\n<li><span style=\"color: #000000;\"><strong>M\u00e9todo de pagamento:<\/strong>\u00a0T\/T<\/span><\/li>\n<li><span style=\"color: #000000;\"><strong>Marca:<\/strong>\u00a0GFM<\/span><\/li>\n<li><span style=\"color: #000000;\"><strong>Doen\u00e7a:<\/strong>\u00a0Novo<\/span><\/li>\n<li><span style=\"color: #000000;\"><strong>Cor:<\/strong>\u00a0Amarelo, Preto ou Personalizado<\/span><\/li>\n<li><span style=\"color: #000000;\"><strong>Tempo de espera:<\/strong>\u00a030 dias<\/span><\/li>\n<li><span style=\"color: #000000;\"><strong>Garantia:<\/strong>\u00a01 ano<\/span><\/li>\n<li><span style=\"color: #000000;\"><strong>Servi\u00e7o:<\/strong>\u00a0OEM ou ODM<\/span><\/li>\n<li><span style=\"color: #000000;\"><strong>Local de origem:<\/strong>\u00a0Fujian, China<\/span><\/li>\n<li><span style=\"color: #000000;\"><strong>Aplicativo:<\/strong> Escavadora<\/span><\/li>\n<li><span style=\"color: #000000;\"><strong>Embalagem:<\/strong>\u00a0Palete de madeira padr\u00e3o para exporta\u00e7\u00e3o<\/span><\/li>\n<\/ul>\n<p><span style=\"color: #000000;\">Projetados para durabilidade e precis\u00e3o, os pinos de dentes de ca\u00e7amba GFM garantem m\u00e1xima efici\u00eancia para suas tarefas pesadas.<\/span><\/p>\n<h3><span style=\"color: #ff6600;\">Caracter\u00edsticas<\/span><\/h3>\n<ul>\n<li><b><\/b><span style=\"color: #000000;\"><strong><b>Material dur\u00e1vel: <\/b><\/strong>A\u00e7o de liga premium para extrema resist\u00eancia ao desgaste.<\/span><\/li>\n<li><span style=\"color: #000000;\"><b><\/b><strong><b>Ajuste perfeito: <\/b><\/strong>Projetado com precis\u00e3o para reduzir o desgaste e melhorar a estabilidade.<\/span><\/li>\n<li><span style=\"color: #000000;\"><b><\/b><strong><b>Tratado termicamente: <\/b><\/strong>Dureza aprimorada para maior vida \u00fatil.<\/span><\/li>\n<li><span style=\"color: #000000;\"><b><\/b><strong><b>Resistente \u00e0 ferrugem: <\/b><\/strong>Revestimento anticorrosivo para desempenho duradouro.<\/span><\/li>\n<li><span style=\"color: #000000;\"><b><\/b><strong><b>F\u00e1cil instala\u00e7\u00e3o: <\/b><\/strong>Substitui\u00e7\u00e3o r\u00e1pida e sem complica\u00e7\u00f5es.<\/span><\/li>\n<\/ul>\n<p><span style=\"color: #000000;\">Escolha a GFM para pinos de dentes de ca\u00e7amba confi\u00e1veis e econ\u00f4micos, compat\u00edveis com uma ampla variedade de escavadeiras.<\/span><\/p>\n<h3><span style=\"color: #ff6600;\">Especifica\u00e7\u00f5es<\/span><\/h3>\n<p style=\"text-align: center;\"><img fetchpriority=\"high\" decoding=\"async\" class=\"wp-image-6811 aligncenter\" src=\"https:\/\/gfmparts.com\/wp-content\/uploads\/2025\/04\/Excavator-Bucket-Tooth-Locking-Pinspecifications-1024x855.png\" alt=\"Especifica\u00e7\u00f5es do pino de travamento do dente da ca\u00e7amba da escavadeira\" width=\"949\" height=\"793\" srcset=\"https:\/\/gfmparts.com\/wp-content\/uploads\/2025\/04\/Excavator-Bucket-Tooth-Locking-Pinspecifications-1024x855.png 1024w, https:\/\/gfmparts.com\/wp-content\/uploads\/2025\/04\/Excavator-Bucket-Tooth-Locking-Pinspecifications-300x250.png 300w, https:\/\/gfmparts.com\/wp-content\/uploads\/2025\/04\/Excavator-Bucket-Tooth-Locking-Pinspecifications-768x641.png 768w, https:\/\/gfmparts.com\/wp-content\/uploads\/2025\/04\/Excavator-Bucket-Tooth-Locking-Pinspecifications-1536x1283.png 1536w, https:\/\/gfmparts.com\/wp-content\/uploads\/2025\/04\/Excavator-Bucket-Tooth-Locking-Pinspecifications-14x12.png 14w, https:\/\/gfmparts.com\/wp-content\/uploads\/2025\/04\/Excavator-Bucket-Tooth-Locking-Pinspecifications-600x501.png 600w, https:\/\/gfmparts.com\/wp-content\/uploads\/2025\/04\/Excavator-Bucket-Tooth-Locking-Pinspecifications.png 1721w\" sizes=\"(max-width: 949px) 100vw, 949px\" \/><\/p>\n<h3><span style=\"color: #ff6600;\"><strong>Etapas de instala\u00e7\u00e3o<\/strong><\/span><\/h3>\n<p style=\"text-align: center;\"><img decoding=\"async\" class=\"wp-image-6813 aligncenter\" src=\"https:\/\/gfmparts.com\/wp-content\/uploads\/2025\/04\/excavator-tooth-pin-Installation-Steps-1020x1024.png\" alt=\"Etapas de instala\u00e7\u00e3o do pino de dente da escavadeira\" width=\"907\" height=\"911\" srcset=\"https:\/\/gfmparts.com\/wp-content\/uploads\/2025\/04\/excavator-tooth-pin-Installation-Steps-1020x1024.png 1020w, https:\/\/gfmparts.com\/wp-content\/uploads\/2025\/04\/excavator-tooth-pin-Installation-Steps-300x300.png 300w, https:\/\/gfmparts.com\/wp-content\/uploads\/2025\/04\/excavator-tooth-pin-Installation-Steps-150x150.png 150w, https:\/\/gfmparts.com\/wp-content\/uploads\/2025\/04\/excavator-tooth-pin-Installation-Steps-768x771.png 768w, https:\/\/gfmparts.com\/wp-content\/uploads\/2025\/04\/excavator-tooth-pin-Installation-Steps-12x12.png 12w, https:\/\/gfmparts.com\/wp-content\/uploads\/2025\/04\/excavator-tooth-pin-Installation-Steps-600x603.png 600w, https:\/\/gfmparts.com\/wp-content\/uploads\/2025\/04\/excavator-tooth-pin-Installation-Steps-100x100.png 100w, https:\/\/gfmparts.com\/wp-content\/uploads\/2025\/04\/excavator-tooth-pin-Installation-Steps.png 1363w\" sizes=\"(max-width: 907px) 100vw, 907px\" \/><\/p>\n<h3><span style=\"color: #ff6600;\">Modelos de produtos<\/span><\/h3>\n<p style=\"text-align: center;\"><img decoding=\"async\" class=\"alignnone size-full wp-image-3147\" src=\"https:\/\/gfmparts.com\/wp-content\/uploads\/2024\/11\/excavator-part-description-e1735350735761.png\" alt=\"descri\u00e7\u00e3o da pe\u00e7a da escavadeira\" width=\"856\" height=\"694\" srcset=\"https:\/\/gfmparts.com\/wp-content\/uploads\/2024\/11\/excavator-part-description-e1735350735761.png 856w, https:\/\/gfmparts.com\/wp-content\/uploads\/2024\/11\/excavator-part-description-e1735350735761-300x243.png 300w, https:\/\/gfmparts.com\/wp-content\/uploads\/2024\/11\/excavator-part-description-e1735350735761-768x623.png 768w, https:\/\/gfmparts.com\/wp-content\/uploads\/2024\/11\/excavator-part-description-e1735350735761-600x486.png 600w\" sizes=\"(max-width: 856px) 100vw, 856px\" \/><\/p>\n<h3><span style=\"color: #ff6600;\">Processo de produ\u00e7\u00e3o<\/span><\/h3>\n<p><img loading=\"lazy\" decoding=\"async\" class=\"size-large wp-image-3043 aligncenter\" src=\"https:\/\/gfmparts.com\/wp-content\/uploads\/2024\/12\/\u901a\u7528\u751f\u4ea7\u6d41\u7a0b-1-1024x648.jpg\" alt=\"processo de produ\u00e7\u00e3o de pe\u00e7as de escavadeira\" width=\"1024\" height=\"648\" srcset=\"\" sizes=\"(max-width: 1024px) 100vw, 1024px\" data-srcset=\"\" \/><\/p>\n<h3><span style=\"color: #ff6600;\">Embalagem e Envio<\/span><\/h3>\n<p style=\"text-align: center;\"><img loading=\"lazy\" decoding=\"async\" class=\"alignnone size-large wp-image-6521\" src=\"https:\/\/gfmparts.com\/wp-content\/uploads\/2025\/05\/Packaging-and-Shipping-1-1-1024x648.jpg\" alt=\"Embalagem e Envio\" width=\"1024\" height=\"648\" srcset=\"https:\/\/gfmparts.com\/wp-content\/uploads\/2025\/05\/Packaging-and-Shipping-1-1-1024x648.jpg 1024w, https:\/\/gfmparts.com\/wp-content\/uploads\/2025\/05\/Packaging-and-Shipping-1-1-300x190.jpg 300w, https:\/\/gfmparts.com\/wp-content\/uploads\/2025\/05\/Packaging-and-Shipping-1-1-768x486.jpg 768w, https:\/\/gfmparts.com\/wp-content\/uploads\/2025\/05\/Packaging-and-Shipping-1-1-1536x973.jpg 1536w, https:\/\/gfmparts.com\/wp-content\/uploads\/2025\/05\/Packaging-and-Shipping-1-1-2048x1297.jpg 2048w, https:\/\/gfmparts.com\/wp-content\/uploads\/2025\/05\/Packaging-and-Shipping-1-1-600x380.jpg 600w\" sizes=\"(max-width: 1024px) 100vw, 1024px\" \/><\/p>\n<h3><span style=\"color: #ff6600;\">Vantagens da f\u00e1brica<\/span><\/h3>\n<p><span style=\"color: #000000;\">Como l\u00edder do setor <a style=\"color: #000000;\" href=\"https:\/\/gfmparts.com\/pt\/product\/fabrica-de-calcados-para-trilhas-por-atacado\/\">fabricante de pe\u00e7as para escavadeiras<\/a>A GFM possui equipamentos de produ\u00e7\u00e3o avan\u00e7ados e um rigoroso sistema de controle de qualidade. Nossa linha de produ\u00e7\u00e3o de pinos de dente de ca\u00e7amba \u00e9 equipada com m\u00e1quinas-ferramentas CNC e equipamentos de teste automatizados para garantir que cada produto atenda ou at\u00e9 mesmo exceda os padr\u00f5es da ind\u00fastria. A f\u00e1brica possui a certifica\u00e7\u00e3o ISO 9001 para o sistema de gest\u00e3o da qualidade, e cada etapa, desde a aquisi\u00e7\u00e3o da mat\u00e9ria-prima at\u00e9 a entrega do produto acabado, segue rigorosos processos de controle de qualidade. Al\u00e9m disso, a equipe de P&amp;D da GFM continua a explorar novas tecnologias e materiais e est\u00e1 comprometida em desenvolver acess\u00f3rios para escavadeiras mais dur\u00e1veis e eficientes para atender \u00e0s crescentes necessidades de clientes globais. \u00c9 essa busca incessante por qualidade e a s\u00f3lida capacidade de P&amp;D que fazem a GFM se destacar no mercado global de acess\u00f3rios para escavadeiras.<\/span><\/p>\n<p><span style=\"color: #000000;\">A GFM n\u00e3o fornece apenas especifica\u00e7\u00f5es padr\u00e3o de <a style=\"color: #000000;\" href=\"https:\/\/gfmparts.com\/pt\/contato-gfm\/\">pino do dente da escavadeira<\/a>, mas tamb\u00e9m oferece solu\u00e7\u00f5es personalizadas de acordo com as necessidades espec\u00edficas dos clientes. Seja na sele\u00e7\u00e3o de materiais especiais, ajustes de tamanho ou atendimento p\u00f3s-venda r\u00e1pido, a GFM est\u00e1 comprometida em proporcionar aos clientes uma experi\u00eancia de compra completa e sem preocupa\u00e7\u00f5es. Nossa equipe de atendimento ao cliente est\u00e1 online 24 horas por dia, pronta para responder \u00e0s suas perguntas e garantir que seu projeto de constru\u00e7\u00e3o ocorra sem problemas. Escolher a GFM significa escolher produtos confi\u00e1veis, servi\u00e7os profissionais e suporte t\u00e9cnico cont\u00ednuo.<\/span><\/p>\n<p style=\"text-align: center;\"><span style=\"color: #000000;\"><img loading=\"lazy\" decoding=\"async\" class=\"alignnone wp-image-2159\" src=\"https:\/\/gfmparts.com\/wp-content\/uploads\/2024\/12\/\u5fae\u4fe1\u56fe\u7247_20241202160325-1024x576.jpg\" alt=\"fabricante de pinos de dente de escavadeira\" width=\"767\" height=\"431\" srcset=\"\" sizes=\"(max-width: 767px) 100vw, 767px\" data-srcset=\"\" \/><\/span><\/p>","protected":false},"excerpt":{"rendered":"<ul>\n<li><span style=\"color: #000000;\">Qualidade garantida do produto<\/span><\/li>\n<li><span style=\"color: #000000;\">Fornecimento grande<\/span><\/li>\n<li><span style=\"color: #000000;\">Pre\u00e7os competitivos<\/span><\/li>\n<li><span style=\"color: #000000;\">A maioria das marcas e modelos<\/span><\/li>\n<li><span style=\"color: #000000;\">Equipe de Atendimento ao Cliente \u00datil<\/span><\/li>\n<li><span style=\"color: #000000;\">Suporte t\u00e9cnico profissional<\/span><\/li>\n<\/ul>","protected":false},"featured_media":6877,"template":"","meta":{"site-sidebar-layout":"default","site-content-layout":"","ast-site-content-layout":"default","site-content-style":"default","site-sidebar-style":"default","ast-global-header-display":"","ast-banner-title-visibility":"","ast-main-header-display":"","ast-hfb-above-header-display":"","ast-hfb-below-header-display":"","ast-hfb-mobile-header-display":"","site-post-title":"","ast-breadcrumbs-content":"","ast-featured-img":"","footer-sml-layout":"","theme-transparent-header-meta":"default","adv-header-id-meta":"","stick-header-meta":"default","header-above-stick-meta":"","header-main-stick-meta":"","header-below-stick-meta":"","astra-migrate-meta-layouts":"set","ast-page-background-enabled":"default","ast-page-background-meta":{"desktop":{"background-color":"","background-image":"","background-repeat":"repeat","background-position":"center center","background-size":"auto","background-attachment":"scroll","background-type":"","background-media":"","overlay-type":"","overlay-color":"","overlay-opacity":"","overlay-gradient":""},"tablet":{"background-color":"","background-image":"","background-repeat":"repeat","background-position":"center center","background-size":"auto","background-attachment":"scroll","background-type":"","background-media":"","overlay-type":"","overlay-color":"","overlay-opacity":"","overlay-gradient":""},"mobile":{"background-color":"","background-image":"","background-repeat":"repeat","background-position":"center center","background-size":"auto","background-attachment":"scroll","background-type":"","background-media":"","overlay-type":"","overlay-color":"","overlay-opacity":"","overlay-gradient":""}},"ast-content-background-meta":{"desktop":{"background-color":"var(--ast-global-color-5)","background-image":"","background-repeat":"repeat","background-position":"center center","background-size":"auto","background-attachment":"scroll","background-type":"","background-media":"","overlay-type":"","overlay-color":"","overlay-opacity":"","overlay-gradient":""},"tablet":{"background-color":"var(--ast-global-color-5)","background-image":"","background-repeat":"repeat","background-position":"center center","background-size":"auto","background-attachment":"scroll","background-type":"","background-media":"","overlay-type":"","overlay-color":"","overlay-opacity":"","overlay-gradient":""},"mobile":{"background-color":"var(--ast-global-color-5)","background-image":"","background-repeat":"repeat","background-position":"center center","background-size":"auto","background-attachment":"scroll","background-type":"","background-media":"","overlay-type":"","overlay-color":"","overlay-opacity":"","overlay-gradient":""}}},"product_cat":[27,142],"product_tag":[],"class_list":{"0":"post-3099","1":"product","2":"type-product","3":"status-publish","4":"has-post-thumbnail","6":"product_cat-parts","7":"product_cat-bucket-tooth-pins","8":"desktop-align-left","9":"tablet-align-left","10":"mobile-align-left","11":"ast-product-gallery-layout-horizontal-slider","12":"ast-product-tabs-layout-horizontal","14":"first","15":"instock","16":"shipping-taxable","17":"product-type-simple"},"yoast_head":"<!-- This site is optimized with the Yoast SEO Premium plugin v22.8 (Yoast SEO v23.9) - https:\/\/yoast.com\/wordpress\/plugins\/seo\/ -->\n<title>Excavator Bucket Teeth Pin Manufacturer - GFM<\/title>\n<meta name=\"description\" content=\"GFM excavator parts manufacturer not only provides standard specifications of excavator bucket tooth pins, but also provides customized services according to customer specific needs.\" \/>\n<meta name=\"robots\" content=\"index, follow, max-snippet:-1, max-image-preview:large, max-video-preview:-1\" \/>\n<link rel=\"canonical\" href=\"https:\/\/gfmparts.com\/pt\/product\/fabricante-de-pinos-de-dentes-de-cacamba-de-escavadeira\/\" \/>\n<meta property=\"og:locale\" content=\"pt_BR\" \/>\n<meta property=\"og:type\" content=\"article\" \/>\n<meta property=\"og:title\" content=\"Excavator Bucket Teeth Pin Manufacturer\" \/>\n<meta property=\"og:description\" content=\"GFM excavator parts manufacturer not only provides standard specifications of excavator bucket tooth pins, but also provides customized services according to customer specific needs.\" \/>\n<meta property=\"og:url\" content=\"https:\/\/gfmparts.com\/pt\/product\/fabricante-de-pinos-de-dentes-de-cacamba-de-escavadeira\/\" \/>\n<meta property=\"article:publisher\" content=\"https:\/\/www.facebook.com\/gfmparts\" \/>\n<meta property=\"article:modified_time\" content=\"2025-07-09T08:13:02+00:00\" \/>\n<meta property=\"og:image\" content=\"https:\/\/gfmparts.com\/wp-content\/uploads\/2024\/12\/Excavator-Bucket-Teeth-Pin-4.png\" \/>\n\t<meta property=\"og:image:width\" content=\"1000\" \/>\n\t<meta property=\"og:image:height\" content=\"1000\" \/>\n\t<meta property=\"og:image:type\" content=\"image\/png\" \/>\n<meta name=\"twitter:card\" content=\"summary_large_image\" \/>\n<meta name=\"twitter:label1\" content=\"Est. tempo de leitura\" \/>\n\t<meta name=\"twitter:data1\" content=\"4 minutos\" \/>\n<script type=\"application\/ld+json\" class=\"yoast-schema-graph\">{\"@context\":\"https:\/\/schema.org\",\"@graph\":[{\"@type\":\"WebPage\",\"@id\":\"https:\/\/gfmparts.com\/product\/excavator-bucket-teeth-pin-manufacturer\/\",\"url\":\"https:\/\/gfmparts.com\/product\/excavator-bucket-teeth-pin-manufacturer\/\",\"name\":\"Excavator Bucket Teeth Pin Manufacturer - GFM\",\"isPartOf\":{\"@id\":\"https:\/\/gfmparts.com\/#website\"},\"primaryImageOfPage\":{\"@id\":\"https:\/\/gfmparts.com\/product\/excavator-bucket-teeth-pin-manufacturer\/#primaryimage\"},\"image\":{\"@id\":\"https:\/\/gfmparts.com\/product\/excavator-bucket-teeth-pin-manufacturer\/#primaryimage\"},\"thumbnailUrl\":\"https:\/\/gfmparts.com\/wp-content\/uploads\/2024\/12\/Excavator-Bucket-Teeth-Pin-4.png\",\"datePublished\":\"2024-12-24T06:06:51+00:00\",\"dateModified\":\"2025-07-09T08:13:02+00:00\",\"description\":\"GFM excavator parts manufacturer not only provides standard specifications of excavator bucket tooth pins, but also provides customized services according to customer specific needs.\",\"breadcrumb\":{\"@id\":\"https:\/\/gfmparts.com\/product\/excavator-bucket-teeth-pin-manufacturer\/#breadcrumb\"},\"inLanguage\":\"pt-BR\",\"potentialAction\":[{\"@type\":\"ReadAction\",\"target\":[\"https:\/\/gfmparts.com\/product\/excavator-bucket-teeth-pin-manufacturer\/\"]}]},{\"@type\":\"ImageObject\",\"inLanguage\":\"pt-BR\",\"@id\":\"https:\/\/gfmparts.com\/product\/excavator-bucket-teeth-pin-manufacturer\/#primaryimage\",\"url\":\"https:\/\/gfmparts.com\/wp-content\/uploads\/2024\/12\/Excavator-Bucket-Teeth-Pin-4.png\",\"contentUrl\":\"https:\/\/gfmparts.com\/wp-content\/uploads\/2024\/12\/Excavator-Bucket-Teeth-Pin-4.png\",\"width\":1000,\"height\":1000,\"caption\":\"Excavator Bucket Teeth Pin\"},{\"@type\":\"BreadcrumbList\",\"@id\":\"https:\/\/gfmparts.com\/product\/excavator-bucket-teeth-pin-manufacturer\/#breadcrumb\",\"itemListElement\":[{\"@type\":\"ListItem\",\"position\":1,\"name\":\"\u9996\u9875\",\"item\":\"https:\/\/gfmparts.com\/\"},{\"@type\":\"ListItem\",\"position\":2,\"name\":\"All Product\",\"item\":\"https:\/\/gfmparts.com\/all-product\/\"},{\"@type\":\"ListItem\",\"position\":3,\"name\":\"Excavator Bucket Teeth Pin Manufacturer\"}]},{\"@type\":\"WebSite\",\"@id\":\"https:\/\/gfmparts.com\/#website\",\"url\":\"https:\/\/gfmparts.com\/\",\"name\":\"GFM PARTS\",\"description\":\"GFM since 2011 focused on excavator and bulldozer undercarriage parts manufacturing :Track rollers,carrier roller,idler,sprocket,track group,bucket tooth pin.\",\"publisher\":{\"@id\":\"https:\/\/gfmparts.com\/#organization\"},\"alternateName\":\"gfmparts.com\",\"potentialAction\":[{\"@type\":\"SearchAction\",\"target\":{\"@type\":\"EntryPoint\",\"urlTemplate\":\"https:\/\/gfmparts.com\/?s={search_term_string}\"},\"query-input\":{\"@type\":\"PropertyValueSpecification\",\"valueRequired\":true,\"valueName\":\"search_term_string\"}}],\"inLanguage\":\"pt-BR\"},{\"@type\":\"Organization\",\"@id\":\"https:\/\/gfmparts.com\/#organization\",\"name\":\"GFM PARTS\",\"url\":\"https:\/\/gfmparts.com\/\",\"logo\":{\"@type\":\"ImageObject\",\"inLanguage\":\"pt-BR\",\"@id\":\"https:\/\/gfmparts.com\/#\/schema\/logo\/image\/\",\"url\":\"https:\/\/gfmparts.com\/wp-content\/uploads\/2024\/11\/cropped-GFMparts.com_-2.png\",\"contentUrl\":\"https:\/\/gfmparts.com\/wp-content\/uploads\/2024\/11\/cropped-GFMparts.com_-2.png\",\"width\":5987,\"height\":2564,\"caption\":\"GFM PARTS\"},\"image\":{\"@id\":\"https:\/\/gfmparts.com\/#\/schema\/logo\/image\/\"},\"sameAs\":[\"https:\/\/www.facebook.com\/gfmparts\",\"https:\/\/www.linkedin.com\/company\/gfmparts\/\",\"https:\/\/www.tiktok.com\/@gfmparts\",\"https:\/\/www.youtube.com\/@GFMparts\/featured\"]}]}<\/script>\n<!-- \/ Yoast SEO Premium plugin. -->","yoast_head_json":{"title":"Excavator Bucket Teeth Pin Manufacturer - GFM","description":"GFM excavator parts manufacturer not only provides standard specifications of excavator bucket tooth pins, but also provides customized services according to customer specific needs.","robots":{"index":"index","follow":"follow","max-snippet":"max-snippet:-1","max-image-preview":"max-image-preview:large","max-video-preview":"max-video-preview:-1"},"canonical":"https:\/\/gfmparts.com\/pt\/product\/fabricante-de-pinos-de-dentes-de-cacamba-de-escavadeira\/","og_locale":"pt_BR","og_type":"article","og_title":"Excavator Bucket Teeth Pin Manufacturer","og_description":"GFM excavator parts manufacturer not only provides standard specifications of excavator bucket tooth pins, but also provides customized services according to customer specific needs.","og_url":"https:\/\/gfmparts.com\/pt\/product\/fabricante-de-pinos-de-dentes-de-cacamba-de-escavadeira\/","article_publisher":"https:\/\/www.facebook.com\/gfmparts","article_modified_time":"2025-07-09T08:13:02+00:00","og_image":[{"width":1000,"height":1000,"url":"https:\/\/gfmparts.com\/wp-content\/uploads\/2024\/12\/Excavator-Bucket-Teeth-Pin-4.png","type":"image\/png"}],"twitter_card":"summary_large_image","twitter_misc":{"Est. tempo de leitura":"4 minutos"},"schema":{"@context":"https:\/\/schema.org","@graph":[{"@type":"WebPage","@id":"https:\/\/gfmparts.com\/product\/excavator-bucket-teeth-pin-manufacturer\/","url":"https:\/\/gfmparts.com\/product\/excavator-bucket-teeth-pin-manufacturer\/","name":"Excavator Bucket Teeth Pin Manufacturer - GFM","isPartOf":{"@id":"https:\/\/gfmparts.com\/#website"},"primaryImageOfPage":{"@id":"https:\/\/gfmparts.com\/product\/excavator-bucket-teeth-pin-manufacturer\/#primaryimage"},"image":{"@id":"https:\/\/gfmparts.com\/product\/excavator-bucket-teeth-pin-manufacturer\/#primaryimage"},"thumbnailUrl":"https:\/\/gfmparts.com\/wp-content\/uploads\/2024\/12\/Excavator-Bucket-Teeth-Pin-4.png","datePublished":"2024-12-24T06:06:51+00:00","dateModified":"2025-07-09T08:13:02+00:00","description":"GFM excavator parts manufacturer not only provides standard specifications of excavator bucket tooth pins, but also provides customized services according to customer specific needs.","breadcrumb":{"@id":"https:\/\/gfmparts.com\/product\/excavator-bucket-teeth-pin-manufacturer\/#breadcrumb"},"inLanguage":"pt-BR","potentialAction":[{"@type":"ReadAction","target":["https:\/\/gfmparts.com\/product\/excavator-bucket-teeth-pin-manufacturer\/"]}]},{"@type":"ImageObject","inLanguage":"pt-BR","@id":"https:\/\/gfmparts.com\/product\/excavator-bucket-teeth-pin-manufacturer\/#primaryimage","url":"https:\/\/gfmparts.com\/wp-content\/uploads\/2024\/12\/Excavator-Bucket-Teeth-Pin-4.png","contentUrl":"https:\/\/gfmparts.com\/wp-content\/uploads\/2024\/12\/Excavator-Bucket-Teeth-Pin-4.png","width":1000,"height":1000,"caption":"Excavator Bucket Teeth Pin"},{"@type":"BreadcrumbList","@id":"https:\/\/gfmparts.com\/product\/excavator-bucket-teeth-pin-manufacturer\/#breadcrumb","itemListElement":[{"@type":"ListItem","position":1,"name":"\u9996\u9875","item":"https:\/\/gfmparts.com\/"},{"@type":"ListItem","position":2,"name":"All Product","item":"https:\/\/gfmparts.com\/all-product\/"},{"@type":"ListItem","position":3,"name":"Excavator Bucket Teeth Pin Manufacturer"}]},{"@type":"WebSite","@id":"https:\/\/gfmparts.com\/#website","url":"https:\/\/gfmparts.com\/","name":"GFM PARTS","description":"GFM since 2011 focused on excavator and bulldozer undercarriage parts manufacturing :Track rollers,carrier roller,idler,sprocket,track group,bucket tooth pin.","publisher":{"@id":"https:\/\/gfmparts.com\/#organization"},"alternateName":"gfmparts.com","potentialAction":[{"@type":"SearchAction","target":{"@type":"EntryPoint","urlTemplate":"https:\/\/gfmparts.com\/?s={search_term_string}"},"query-input":{"@type":"PropertyValueSpecification","valueRequired":true,"valueName":"search_term_string"}}],"inLanguage":"pt-BR"},{"@type":"Organization","@id":"https:\/\/gfmparts.com\/#organization","name":"GFM PARTS","url":"https:\/\/gfmparts.com\/","logo":{"@type":"ImageObject","inLanguage":"pt-BR","@id":"https:\/\/gfmparts.com\/#\/schema\/logo\/image\/","url":"https:\/\/gfmparts.com\/wp-content\/uploads\/2024\/11\/cropped-GFMparts.com_-2.png","contentUrl":"https:\/\/gfmparts.com\/wp-content\/uploads\/2024\/11\/cropped-GFMparts.com_-2.png","width":5987,"height":2564,"caption":"GFM PARTS"},"image":{"@id":"https:\/\/gfmparts.com\/#\/schema\/logo\/image\/"},"sameAs":["https:\/\/www.facebook.com\/gfmparts","https:\/\/www.linkedin.com\/company\/gfmparts\/","https:\/\/www.tiktok.com\/@gfmparts","https:\/\/www.youtube.com\/@GFMparts\/featured"]}]}},"_links":{"self":[{"href":"https:\/\/gfmparts.com\/pt\/wp-json\/wp\/v2\/product\/3099"}],"collection":[{"href":"https:\/\/gfmparts.com\/pt\/wp-json\/wp\/v2\/product"}],"about":[{"href":"https:\/\/gfmparts.com\/pt\/wp-json\/wp\/v2\/types\/product"}],"wp:featuredmedia":[{"embeddable":true,"href":"https:\/\/gfmparts.com\/pt\/wp-json\/wp\/v2\/media\/6877"}],"wp:attachment":[{"href":"https:\/\/gfmparts.com\/pt\/wp-json\/wp\/v2\/media?parent=3099"}],"wp:term":[{"taxonomy":"product_cat","embeddable":true,"href":"https:\/\/gfmparts.com\/pt\/wp-json\/wp\/v2\/product_cat?post=3099"},{"taxonomy":"product_tag","embeddable":true,"href":"https:\/\/gfmparts.com\/pt\/wp-json\/wp\/v2\/product_tag?post=3099"}],"curies":[{"name":"wp","href":"https:\/\/api.w.org\/{rel}","templated":true}]}}