{"id":3126,"date":"2024-12-26T09:00:41","date_gmt":"2024-12-26T09:00:41","guid":{"rendered":"https:\/\/gfmparts.com\/?post_type=product&#038;p=3126"},"modified":"2025-07-15T06:16:27","modified_gmt":"2025-07-15T06:16:27","slug":"best-excavator-bucket-bush-manufacturer","status":"publish","type":"product","link":"https:\/\/gfmparts.com\/pt\/product\/melhor-fabricante-de-buchas-para-cacamba-de-escavadeira\/","title":{"rendered":"Melhor fabricante de buchas para ca\u00e7amba de escavadeira"},"content":{"rendered":"<p><span style=\"color: #000000;\">A GFM \u00e9 especializada em alto desempenho <a style=\"color: #000000;\" href=\"https:\/\/gfmparts.com\/pt\/product\/fabricante-de-pinos-de-cacamba-de-escavadeira-personalizados\/\">bucha da ca\u00e7amba da escavadeira<\/a> Projetado para ambientes de trabalho extremos. Estas buchas de ca\u00e7amba s\u00e3o feitas de ligas de alta resist\u00eancia ao desgaste, fundidas com precis\u00e3o e tratadas termicamente para garantir excelente durabilidade e resist\u00eancia a impactos sob cargas pesadas e condi\u00e7\u00f5es de trabalho adversas. Seu design exclusivo pode reduzir efetivamente o atrito e o ru\u00eddo, melhorar a efici\u00eancia da escava\u00e7\u00e3o e reduzir os custos de manuten\u00e7\u00e3o. Seja para minera\u00e7\u00e3o, constru\u00e7\u00e3o de estradas ou movimenta\u00e7\u00e3o de terra, as buchas de ca\u00e7amba GFM s\u00e3o uma atualiza\u00e7\u00e3o indispens\u00e1vel para sua escavadeira, tornando cada escava\u00e7\u00e3o mais suave e eficiente.<\/span><\/p>\n<p style=\"text-align: center;\"><img fetchpriority=\"high\" decoding=\"async\" class=\"alignnone wp-image-3132\" src=\"https:\/\/gfmparts.com\/wp-content\/uploads\/2024\/12\/Excavator-Bucket-Bush-5-768x1024.jpg\" alt=\"\" width=\"340\" height=\"453\" srcset=\"https:\/\/gfmparts.com\/wp-content\/uploads\/2024\/12\/Excavator-Bucket-Bush-5-768x1024.jpg 768w, https:\/\/gfmparts.com\/wp-content\/uploads\/2024\/12\/Excavator-Bucket-Bush-5-225x300.jpg 225w, https:\/\/gfmparts.com\/wp-content\/uploads\/2024\/12\/Excavator-Bucket-Bush-5-1152x1536.jpg 1152w, https:\/\/gfmparts.com\/wp-content\/uploads\/2024\/12\/Excavator-Bucket-Bush-5-1536x2048.jpg 1536w, https:\/\/gfmparts.com\/wp-content\/uploads\/2024\/12\/Excavator-Bucket-Bush-5-600x800.jpg 600w, https:\/\/gfmparts.com\/wp-content\/uploads\/2024\/12\/Excavator-Bucket-Bush-5-scaled.jpg 1920w\" sizes=\"(max-width: 340px) 100vw, 340px\" \/> \u00a0<img decoding=\"async\" class=\"alignnone wp-image-3133\" src=\"https:\/\/gfmparts.com\/wp-content\/uploads\/2024\/12\/Excavator-Bucket-Bush-6-768x1024.jpg\" alt=\"\" width=\"339\" height=\"452\" srcset=\"https:\/\/gfmparts.com\/wp-content\/uploads\/2024\/12\/Excavator-Bucket-Bush-6-768x1024.jpg 768w, https:\/\/gfmparts.com\/wp-content\/uploads\/2024\/12\/Excavator-Bucket-Bush-6-225x300.jpg 225w, https:\/\/gfmparts.com\/wp-content\/uploads\/2024\/12\/Excavator-Bucket-Bush-6-1152x1536.jpg 1152w, https:\/\/gfmparts.com\/wp-content\/uploads\/2024\/12\/Excavator-Bucket-Bush-6-1536x2048.jpg 1536w, https:\/\/gfmparts.com\/wp-content\/uploads\/2024\/12\/Excavator-Bucket-Bush-6-600x800.jpg 600w, https:\/\/gfmparts.com\/wp-content\/uploads\/2024\/12\/Excavator-Bucket-Bush-6-scaled.jpg 1920w\" sizes=\"(max-width: 339px) 100vw, 339px\" \/><\/p>\n<h3><span style=\"color: #ff6600;\">Descri\u00e7\u00e3o do produto<\/span><\/h3>\n<ul>\n<li><span style=\"color: #000000;\"><strong>Mat\u00e9ria-prima:<\/strong> 40CR<\/span><\/li>\n<li><span style=\"color: #000000;\"><strong>Quantidade m\u00ednima:<\/strong>\u00a01 PC<\/span><\/li>\n<li><span style=\"color: #000000;\"><strong>M\u00e9todo de pagamento:<\/strong>\u00a0T\/T<\/span><\/li>\n<li><span style=\"color: #000000;\"><strong>Marca:<\/strong>\u00a0GFM<\/span><\/li>\n<li><span style=\"color: #000000;\"><strong>Doen\u00e7a:<\/strong>\u00a0Novo<\/span><\/li>\n<li><span style=\"color: #000000;\"><strong>Cor:<\/strong>\u00a0Amarelo, Preto ou Personalizado<\/span><\/li>\n<li><span style=\"color: #000000;\"><strong>Tempo de espera:<\/strong>\u00a030 dias<\/span><\/li>\n<li><span style=\"color: #000000;\"><strong>Garantia:<\/strong>\u00a01 ano<\/span><\/li>\n<li><span style=\"color: #000000;\"><strong>Servi\u00e7o:<\/strong>\u00a0OEM ou ODM<\/span><\/li>\n<li><span style=\"color: #000000;\"><strong>Local de origem:<\/strong>\u00a0Fujian, China<\/span><\/li>\n<li><span style=\"color: #000000;\"><strong>Aplicativo:<\/strong> Escavadora<\/span><\/li>\n<li><span style=\"color: #000000;\"><strong>Embalagem:<\/strong>\u00a0Palete de madeira padr\u00e3o para exporta\u00e7\u00e3o<\/span><\/li>\n<\/ul>\n<h3><span style=\"color: #ff6600;\">Especifica\u00e7\u00f5es<\/span><\/h3>\n<p style=\"text-align: center;\"><img decoding=\"async\" class=\"alignnone size-full wp-image-3134\" src=\"https:\/\/gfmparts.com\/wp-content\/uploads\/2024\/12\/Excavator-Bucket-Bush-description.png\" alt=\"Descri\u00e7\u00e3o da bucha da ca\u00e7amba da escavadeira\" width=\"762\" height=\"346\" srcset=\"https:\/\/gfmparts.com\/wp-content\/uploads\/2024\/12\/Excavator-Bucket-Bush-description.png 762w, https:\/\/gfmparts.com\/wp-content\/uploads\/2024\/12\/Excavator-Bucket-Bush-description-300x136.png 300w, https:\/\/gfmparts.com\/wp-content\/uploads\/2024\/12\/Excavator-Bucket-Bush-description-600x272.png 600w\" sizes=\"(max-width: 762px) 100vw, 762px\" \/><\/p>\n<h3><span style=\"color: #ff6600;\">Caracter\u00edsticas<\/span><\/h3>\n<ul>\n<li><b><\/b><span style=\"color: #000000;\"><strong><b>Dur\u00e1vel<\/b><\/strong>: Feito de a\u00e7o de alta resist\u00eancia e resistente ao desgaste para desempenho duradouro.<\/span><\/li>\n<li><span style=\"color: #000000;\"><b><\/b><strong><b>Ajuste perfeito<\/b><\/strong>: Projetado com precis\u00e3o para f\u00e1cil instala\u00e7\u00e3o e compatibilidade com diversas escavadeiras.<\/span><\/li>\n<li><span style=\"color: #000000;\"><b><\/b><strong><b>Opera\u00e7\u00e3o suave<\/b><\/strong>: Reduz o atrito para melhor efici\u00eancia em condi\u00e7\u00f5es exigentes.<\/span><\/li>\n<li><span style=\"color: #000000;\"><b><\/b><strong><b>Constru\u00eddo para ser resistente<\/b><\/strong>: Suporta impactos pesados para uso confi\u00e1vel e de baixa manuten\u00e7\u00e3o.<\/span><\/li>\n<li><span style=\"color: #000000;\"><b><\/b><strong><b>Custo-benef\u00edcio<\/b><\/strong>: Desempenho com qualidade OEM a um pre\u00e7o competitivo.<\/span><b><\/b><\/li>\n<\/ul>\n<h3><span style=\"color: #ff6600;\">Modelos de produtos<\/span><\/h3>\n<p style=\"text-align: center;\"><img loading=\"lazy\" decoding=\"async\" class=\"alignnone size-full wp-image-3147\" src=\"https:\/\/gfmparts.com\/wp-content\/uploads\/2024\/11\/excavator-part-description-e1735350735761.png\" alt=\"descri\u00e7\u00e3o da pe\u00e7a da escavadeira\" width=\"856\" height=\"694\" srcset=\"https:\/\/gfmparts.com\/wp-content\/uploads\/2024\/11\/excavator-part-description-e1735350735761.png 856w, https:\/\/gfmparts.com\/wp-content\/uploads\/2024\/11\/excavator-part-description-e1735350735761-300x243.png 300w, https:\/\/gfmparts.com\/wp-content\/uploads\/2024\/11\/excavator-part-description-e1735350735761-768x623.png 768w, https:\/\/gfmparts.com\/wp-content\/uploads\/2024\/11\/excavator-part-description-e1735350735761-600x486.png 600w\" sizes=\"(max-width: 856px) 100vw, 856px\" \/><\/p>\n<h3><span style=\"color: #ff6600;\">Processo de produ\u00e7\u00e3o<\/span><\/h3>\n<p style=\"text-align: center;\"><iframe title=\"Reprodutor de v\u00eddeo do YouTube\" src=\"https:\/\/www.youtube.com\/embed\/S9FgH9x9cPU?si=ts181DKmJtj_6aaN\" width=\"1000\" height=\"563\" frameborder=\"0\" allowfullscreen=\"allowfullscreen\"><span data-mce-type=\"bookmark\" style=\"display: inline-block; width: 0px; overflow: hidden; line-height: 0;\" class=\"mce_SELRES_start\"><\/span><\/iframe><\/p>\n<p><img loading=\"lazy\" decoding=\"async\" class=\"size-large wp-image-3043 aligncenter\" src=\"https:\/\/gfmparts.com\/wp-content\/uploads\/2024\/12\/\u901a\u7528\u751f\u4ea7\u6d41\u7a0b-1-1024x648.jpg\" alt=\"processo de produ\u00e7\u00e3o de pe\u00e7as de escavadeira\" width=\"1024\" height=\"648\" srcset=\"\" sizes=\"(max-width: 1024px) 100vw, 1024px\" data-srcset=\"\" \/><\/p>\n<h3><span style=\"color: #ff6600;\">Embalagem e Envio<\/span><\/h3>\n<p style=\"text-align: center;\"><img loading=\"lazy\" decoding=\"async\" class=\"alignnone size-large wp-image-6521\" src=\"https:\/\/gfmparts.com\/wp-content\/uploads\/2025\/05\/Packaging-and-Shipping-1-1-1024x648.jpg\" alt=\"Embalagem e Envio\" width=\"1024\" height=\"648\" srcset=\"https:\/\/gfmparts.com\/wp-content\/uploads\/2025\/05\/Packaging-and-Shipping-1-1-1024x648.jpg 1024w, https:\/\/gfmparts.com\/wp-content\/uploads\/2025\/05\/Packaging-and-Shipping-1-1-300x190.jpg 300w, https:\/\/gfmparts.com\/wp-content\/uploads\/2025\/05\/Packaging-and-Shipping-1-1-768x486.jpg 768w, https:\/\/gfmparts.com\/wp-content\/uploads\/2025\/05\/Packaging-and-Shipping-1-1-1536x973.jpg 1536w, https:\/\/gfmparts.com\/wp-content\/uploads\/2025\/05\/Packaging-and-Shipping-1-1-2048x1297.jpg 2048w, https:\/\/gfmparts.com\/wp-content\/uploads\/2025\/05\/Packaging-and-Shipping-1-1-600x380.jpg 600w\" sizes=\"(max-width: 1024px) 100vw, 1024px\" \/><\/p>\n<h3><span style=\"color: #ff6600;\">Vantagens da f\u00e1brica<\/span><\/h3>\n<p><span style=\"color: #000000;\">Como profissional <a style=\"color: #000000;\" href=\"https:\/\/gfmparts.com\/pt\/product\/fabricante-de-pinos-de-dentes-de-cacamba-de-escavadeira\/\"><span class=\"keyword _ngcontent-sbz-115\" aria-hidden=\"false\">pinos e buchas da ca\u00e7amba da escavadeira <\/span><\/a>A GFM, fabricante, conta com equipamentos de produ\u00e7\u00e3o avan\u00e7ados e um rigoroso sistema de controle de qualidade. Nossa f\u00e1brica est\u00e1 equipada com linhas de produ\u00e7\u00e3o totalmente autom\u00e1ticas e instrumentos de teste de precis\u00e3o. Da triagem da mat\u00e9ria-prima \u00e0 entrega do produto acabado, cada processo \u00e9 rigorosamente controlado para garantir que cada bucha de ca\u00e7amba atenda ou at\u00e9 mesmo supere os padr\u00f5es da ind\u00fastria. Al\u00e9m disso, a GFM conta com uma experiente equipe de P&amp;D que inova continuamente em seus projetos para atender \u00e0s diversas necessidades do mercado.<\/span><\/p>\n<p><span style=\"color: #000000;\">A GFM, fabricante de pe\u00e7as para escavadeiras, e suas buchas de ca\u00e7amba, com excelente resist\u00eancia ao desgaste, ao impacto e ao baixo atrito, melhoram significativamente a efici\u00eancia operacional e a vida \u00fatil da escavadeira. Essas vantagens se devem \u00e0 avan\u00e7ada tecnologia de fabrica\u00e7\u00e3o e ao rigoroso processo de controle de qualidade adotado em nossa f\u00e1brica, al\u00e9m da criteriosa sele\u00e7\u00e3o de mat\u00e9rias-primas. Fornecemos buchas de ca\u00e7amba n\u00e3o apenas em tamanhos padr\u00e3o, mas tamb\u00e9m as personalizamos de acordo com as necessidades espec\u00edficas do cliente para garantir o melhor ajuste.<\/span><\/p>\n<p style=\"text-align: center;\"><span style=\"color: #000000;\"><img loading=\"lazy\" decoding=\"async\" class=\"alignnone wp-image-2159\" src=\"https:\/\/gfmparts.com\/wp-content\/uploads\/2024\/12\/\u5fae\u4fe1\u56fe\u7247_20241202160325-1024x576.jpg\" alt=\"fabricante de pinos de dente de escavadeira\" width=\"767\" height=\"431\" srcset=\"\" sizes=\"(max-width: 767px) 100vw, 767px\" data-srcset=\"\" \/><\/span><\/p>","protected":false},"excerpt":{"rendered":"<ul>\n<li><span style=\"color: #000000;\">Qualidade garantida do produto<\/span><\/li>\n<li><span style=\"color: #000000;\">Fornecimento grande<\/span><\/li>\n<li><span style=\"color: #000000;\">Pre\u00e7os competitivos<\/span><\/li>\n<li><span style=\"color: #000000;\">A maioria das marcas e modelos<\/span><\/li>\n<li><span style=\"color: #000000;\">Equipe de Atendimento ao Cliente \u00datil<\/span><\/li>\n<li><span style=\"color: #000000;\">Suporte t\u00e9cnico profissional<\/span><\/li>\n<\/ul>","protected":false},"featured_media":3600,"template":"","meta":{"site-sidebar-layout":"default","site-content-layout":"","ast-site-content-layout":"default","site-content-style":"default","site-sidebar-style":"default","ast-global-header-display":"","ast-banner-title-visibility":"","ast-main-header-display":"","ast-hfb-above-header-display":"","ast-hfb-below-header-display":"","ast-hfb-mobile-header-display":"","site-post-title":"","ast-breadcrumbs-content":"","ast-featured-img":"","footer-sml-layout":"","theme-transparent-header-meta":"default","adv-header-id-meta":"","stick-header-meta":"default","header-above-stick-meta":"","header-main-stick-meta":"","header-below-stick-meta":"","astra-migrate-meta-layouts":"set","ast-page-background-enabled":"default","ast-page-background-meta":{"desktop":{"background-color":"","background-image":"","background-repeat":"repeat","background-position":"center center","background-size":"auto","background-attachment":"scroll","background-type":"","background-media":"","overlay-type":"","overlay-color":"","overlay-opacity":"","overlay-gradient":""},"tablet":{"background-color":"","background-image":"","background-repeat":"repeat","background-position":"center center","background-size":"auto","background-attachment":"scroll","background-type":"","background-media":"","overlay-type":"","overlay-color":"","overlay-opacity":"","overlay-gradient":""},"mobile":{"background-color":"","background-image":"","background-repeat":"repeat","background-position":"center center","background-size":"auto","background-attachment":"scroll","background-type":"","background-media":"","overlay-type":"","overlay-color":"","overlay-opacity":"","overlay-gradient":""}},"ast-content-background-meta":{"desktop":{"background-color":"var(--ast-global-color-5)","background-image":"","background-repeat":"repeat","background-position":"center center","background-size":"auto","background-attachment":"scroll","background-type":"","background-media":"","overlay-type":"","overlay-color":"","overlay-opacity":"","overlay-gradient":""},"tablet":{"background-color":"var(--ast-global-color-5)","background-image":"","background-repeat":"repeat","background-position":"center center","background-size":"auto","background-attachment":"scroll","background-type":"","background-media":"","overlay-type":"","overlay-color":"","overlay-opacity":"","overlay-gradient":""},"mobile":{"background-color":"var(--ast-global-color-5)","background-image":"","background-repeat":"repeat","background-position":"center center","background-size":"auto","background-attachment":"scroll","background-type":"","background-media":"","overlay-type":"","overlay-color":"","overlay-opacity":"","overlay-gradient":""}}},"product_cat":[27,36],"product_tag":[],"class_list":{"0":"post-3126","1":"product","2":"type-product","3":"status-publish","4":"has-post-thumbnail","6":"product_cat-parts","7":"product_cat-pin-bush","8":"desktop-align-left","9":"tablet-align-left","10":"mobile-align-left","11":"ast-product-gallery-layout-horizontal-slider","12":"ast-product-tabs-layout-horizontal","14":"first","15":"instock","16":"shipping-taxable","17":"product-type-simple"},"yoast_head":"<!-- This site is optimized with the Yoast SEO Premium plugin v22.8 (Yoast SEO v23.9) - https:\/\/yoast.com\/wordpress\/plugins\/seo\/ -->\n<title>Best Excavator Bucket Bush Manufacturer - GFM<\/title>\n<meta name=\"description\" content=\"As a professional excavator bucket bushing manufacturer, GFM has advanced production equipment and a strict quality control system.\" \/>\n<meta name=\"robots\" content=\"index, follow, max-snippet:-1, max-image-preview:large, max-video-preview:-1\" \/>\n<link rel=\"canonical\" href=\"https:\/\/gfmparts.com\/pt\/product\/melhor-fabricante-de-buchas-para-cacamba-de-escavadeira\/\" \/>\n<meta property=\"og:locale\" content=\"pt_BR\" \/>\n<meta property=\"og:type\" content=\"article\" \/>\n<meta property=\"og:title\" content=\"Best Excavator Bucket Bush Manufacturer\" \/>\n<meta property=\"og:description\" content=\"As a professional excavator bucket bushing manufacturer, GFM has advanced production equipment and a strict quality control system.\" \/>\n<meta property=\"og:url\" content=\"https:\/\/gfmparts.com\/pt\/product\/melhor-fabricante-de-buchas-para-cacamba-de-escavadeira\/\" \/>\n<meta property=\"article:publisher\" content=\"https:\/\/www.facebook.com\/gfmparts\" \/>\n<meta property=\"article:modified_time\" content=\"2025-07-15T06:16:27+00:00\" \/>\n<meta property=\"og:image\" content=\"https:\/\/gfmparts.com\/wp-content\/uploads\/2024\/12\/Excavator-Bucket-Bush-2-1024x1024.png\" \/>\n\t<meta property=\"og:image:width\" content=\"1024\" \/>\n\t<meta property=\"og:image:height\" content=\"1024\" \/>\n\t<meta property=\"og:image:type\" content=\"image\/png\" \/>\n<meta name=\"twitter:card\" content=\"summary_large_image\" \/>\n<meta name=\"twitter:label1\" content=\"Est. tempo de leitura\" \/>\n\t<meta name=\"twitter:data1\" content=\"4 minutos\" \/>\n<script type=\"application\/ld+json\" class=\"yoast-schema-graph\">{\"@context\":\"https:\/\/schema.org\",\"@graph\":[{\"@type\":\"WebPage\",\"@id\":\"https:\/\/gfmparts.com\/product\/best-excavator-bucket-bush-manufacturer\/\",\"url\":\"https:\/\/gfmparts.com\/product\/best-excavator-bucket-bush-manufacturer\/\",\"name\":\"Best Excavator Bucket Bush Manufacturer - GFM\",\"isPartOf\":{\"@id\":\"https:\/\/gfmparts.com\/#website\"},\"primaryImageOfPage\":{\"@id\":\"https:\/\/gfmparts.com\/product\/best-excavator-bucket-bush-manufacturer\/#primaryimage\"},\"image\":{\"@id\":\"https:\/\/gfmparts.com\/product\/best-excavator-bucket-bush-manufacturer\/#primaryimage\"},\"thumbnailUrl\":\"https:\/\/gfmparts.com\/wp-content\/uploads\/2024\/12\/Excavator-Bucket-Bush-2.png\",\"datePublished\":\"2024-12-26T09:00:41+00:00\",\"dateModified\":\"2025-07-15T06:16:27+00:00\",\"description\":\"As a professional excavator bucket bushing manufacturer, GFM has advanced production equipment and a strict quality control system.\",\"breadcrumb\":{\"@id\":\"https:\/\/gfmparts.com\/product\/best-excavator-bucket-bush-manufacturer\/#breadcrumb\"},\"inLanguage\":\"pt-BR\",\"potentialAction\":[{\"@type\":\"ReadAction\",\"target\":[\"https:\/\/gfmparts.com\/product\/best-excavator-bucket-bush-manufacturer\/\"]}]},{\"@type\":\"ImageObject\",\"inLanguage\":\"pt-BR\",\"@id\":\"https:\/\/gfmparts.com\/product\/best-excavator-bucket-bush-manufacturer\/#primaryimage\",\"url\":\"https:\/\/gfmparts.com\/wp-content\/uploads\/2024\/12\/Excavator-Bucket-Bush-2.png\",\"contentUrl\":\"https:\/\/gfmparts.com\/wp-content\/uploads\/2024\/12\/Excavator-Bucket-Bush-2.png\",\"width\":3024,\"height\":3024,\"caption\":\"Excavator Bucket Bush\"},{\"@type\":\"BreadcrumbList\",\"@id\":\"https:\/\/gfmparts.com\/product\/best-excavator-bucket-bush-manufacturer\/#breadcrumb\",\"itemListElement\":[{\"@type\":\"ListItem\",\"position\":1,\"name\":\"\u9996\u9875\",\"item\":\"https:\/\/gfmparts.com\/\"},{\"@type\":\"ListItem\",\"position\":2,\"name\":\"All Product\",\"item\":\"https:\/\/gfmparts.com\/all-product\/\"},{\"@type\":\"ListItem\",\"position\":3,\"name\":\"Best Excavator Bucket Bush Manufacturer\"}]},{\"@type\":\"WebSite\",\"@id\":\"https:\/\/gfmparts.com\/#website\",\"url\":\"https:\/\/gfmparts.com\/\",\"name\":\"GFM PARTS\",\"description\":\"GFM since 2011 focused on excavator and bulldozer undercarriage parts manufacturing :Track rollers,carrier roller,idler,sprocket,track group,bucket tooth pin.\",\"publisher\":{\"@id\":\"https:\/\/gfmparts.com\/#organization\"},\"alternateName\":\"gfmparts.com\",\"potentialAction\":[{\"@type\":\"SearchAction\",\"target\":{\"@type\":\"EntryPoint\",\"urlTemplate\":\"https:\/\/gfmparts.com\/?s={search_term_string}\"},\"query-input\":{\"@type\":\"PropertyValueSpecification\",\"valueRequired\":true,\"valueName\":\"search_term_string\"}}],\"inLanguage\":\"pt-BR\"},{\"@type\":\"Organization\",\"@id\":\"https:\/\/gfmparts.com\/#organization\",\"name\":\"GFM PARTS\",\"url\":\"https:\/\/gfmparts.com\/\",\"logo\":{\"@type\":\"ImageObject\",\"inLanguage\":\"pt-BR\",\"@id\":\"https:\/\/gfmparts.com\/#\/schema\/logo\/image\/\",\"url\":\"https:\/\/gfmparts.com\/wp-content\/uploads\/2024\/11\/cropped-GFMparts.com_-2.png\",\"contentUrl\":\"https:\/\/gfmparts.com\/wp-content\/uploads\/2024\/11\/cropped-GFMparts.com_-2.png\",\"width\":5987,\"height\":2564,\"caption\":\"GFM PARTS\"},\"image\":{\"@id\":\"https:\/\/gfmparts.com\/#\/schema\/logo\/image\/\"},\"sameAs\":[\"https:\/\/www.facebook.com\/gfmparts\",\"https:\/\/www.linkedin.com\/company\/gfmparts\/\",\"https:\/\/www.tiktok.com\/@gfmparts\",\"https:\/\/www.youtube.com\/@GFMparts\/featured\"]}]}<\/script>\n<!-- \/ Yoast SEO Premium plugin. -->","yoast_head_json":{"title":"Best Excavator Bucket Bush Manufacturer - GFM","description":"As a professional excavator bucket bushing manufacturer, GFM has advanced production equipment and a strict quality control system.","robots":{"index":"index","follow":"follow","max-snippet":"max-snippet:-1","max-image-preview":"max-image-preview:large","max-video-preview":"max-video-preview:-1"},"canonical":"https:\/\/gfmparts.com\/pt\/product\/melhor-fabricante-de-buchas-para-cacamba-de-escavadeira\/","og_locale":"pt_BR","og_type":"article","og_title":"Best Excavator Bucket Bush Manufacturer","og_description":"As a professional excavator bucket bushing manufacturer, GFM has advanced production equipment and a strict quality control system.","og_url":"https:\/\/gfmparts.com\/pt\/product\/melhor-fabricante-de-buchas-para-cacamba-de-escavadeira\/","article_publisher":"https:\/\/www.facebook.com\/gfmparts","article_modified_time":"2025-07-15T06:16:27+00:00","og_image":[{"width":1024,"height":1024,"url":"https:\/\/gfmparts.com\/wp-content\/uploads\/2024\/12\/Excavator-Bucket-Bush-2-1024x1024.png","type":"image\/png"}],"twitter_card":"summary_large_image","twitter_misc":{"Est. tempo de leitura":"4 minutos"},"schema":{"@context":"https:\/\/schema.org","@graph":[{"@type":"WebPage","@id":"https:\/\/gfmparts.com\/product\/best-excavator-bucket-bush-manufacturer\/","url":"https:\/\/gfmparts.com\/product\/best-excavator-bucket-bush-manufacturer\/","name":"Best Excavator Bucket Bush Manufacturer - GFM","isPartOf":{"@id":"https:\/\/gfmparts.com\/#website"},"primaryImageOfPage":{"@id":"https:\/\/gfmparts.com\/product\/best-excavator-bucket-bush-manufacturer\/#primaryimage"},"image":{"@id":"https:\/\/gfmparts.com\/product\/best-excavator-bucket-bush-manufacturer\/#primaryimage"},"thumbnailUrl":"https:\/\/gfmparts.com\/wp-content\/uploads\/2024\/12\/Excavator-Bucket-Bush-2.png","datePublished":"2024-12-26T09:00:41+00:00","dateModified":"2025-07-15T06:16:27+00:00","description":"As a professional excavator bucket bushing manufacturer, GFM has advanced production equipment and a strict quality control system.","breadcrumb":{"@id":"https:\/\/gfmparts.com\/product\/best-excavator-bucket-bush-manufacturer\/#breadcrumb"},"inLanguage":"pt-BR","potentialAction":[{"@type":"ReadAction","target":["https:\/\/gfmparts.com\/product\/best-excavator-bucket-bush-manufacturer\/"]}]},{"@type":"ImageObject","inLanguage":"pt-BR","@id":"https:\/\/gfmparts.com\/product\/best-excavator-bucket-bush-manufacturer\/#primaryimage","url":"https:\/\/gfmparts.com\/wp-content\/uploads\/2024\/12\/Excavator-Bucket-Bush-2.png","contentUrl":"https:\/\/gfmparts.com\/wp-content\/uploads\/2024\/12\/Excavator-Bucket-Bush-2.png","width":3024,"height":3024,"caption":"Excavator Bucket Bush"},{"@type":"BreadcrumbList","@id":"https:\/\/gfmparts.com\/product\/best-excavator-bucket-bush-manufacturer\/#breadcrumb","itemListElement":[{"@type":"ListItem","position":1,"name":"\u9996\u9875","item":"https:\/\/gfmparts.com\/"},{"@type":"ListItem","position":2,"name":"All Product","item":"https:\/\/gfmparts.com\/all-product\/"},{"@type":"ListItem","position":3,"name":"Best Excavator Bucket Bush Manufacturer"}]},{"@type":"WebSite","@id":"https:\/\/gfmparts.com\/#website","url":"https:\/\/gfmparts.com\/","name":"GFM PARTS","description":"GFM since 2011 focused on excavator and bulldozer undercarriage parts manufacturing :Track rollers,carrier roller,idler,sprocket,track group,bucket tooth pin.","publisher":{"@id":"https:\/\/gfmparts.com\/#organization"},"alternateName":"gfmparts.com","potentialAction":[{"@type":"SearchAction","target":{"@type":"EntryPoint","urlTemplate":"https:\/\/gfmparts.com\/?s={search_term_string}"},"query-input":{"@type":"PropertyValueSpecification","valueRequired":true,"valueName":"search_term_string"}}],"inLanguage":"pt-BR"},{"@type":"Organization","@id":"https:\/\/gfmparts.com\/#organization","name":"GFM PARTS","url":"https:\/\/gfmparts.com\/","logo":{"@type":"ImageObject","inLanguage":"pt-BR","@id":"https:\/\/gfmparts.com\/#\/schema\/logo\/image\/","url":"https:\/\/gfmparts.com\/wp-content\/uploads\/2024\/11\/cropped-GFMparts.com_-2.png","contentUrl":"https:\/\/gfmparts.com\/wp-content\/uploads\/2024\/11\/cropped-GFMparts.com_-2.png","width":5987,"height":2564,"caption":"GFM PARTS"},"image":{"@id":"https:\/\/gfmparts.com\/#\/schema\/logo\/image\/"},"sameAs":["https:\/\/www.facebook.com\/gfmparts","https:\/\/www.linkedin.com\/company\/gfmparts\/","https:\/\/www.tiktok.com\/@gfmparts","https:\/\/www.youtube.com\/@GFMparts\/featured"]}]}},"_links":{"self":[{"href":"https:\/\/gfmparts.com\/pt\/wp-json\/wp\/v2\/product\/3126"}],"collection":[{"href":"https:\/\/gfmparts.com\/pt\/wp-json\/wp\/v2\/product"}],"about":[{"href":"https:\/\/gfmparts.com\/pt\/wp-json\/wp\/v2\/types\/product"}],"wp:featuredmedia":[{"embeddable":true,"href":"https:\/\/gfmparts.com\/pt\/wp-json\/wp\/v2\/media\/3600"}],"wp:attachment":[{"href":"https:\/\/gfmparts.com\/pt\/wp-json\/wp\/v2\/media?parent=3126"}],"wp:term":[{"taxonomy":"product_cat","embeddable":true,"href":"https:\/\/gfmparts.com\/pt\/wp-json\/wp\/v2\/product_cat?post=3126"},{"taxonomy":"product_tag","embeddable":true,"href":"https:\/\/gfmparts.com\/pt\/wp-json\/wp\/v2\/product_tag?post=3126"}],"curies":[{"name":"wp","href":"https:\/\/api.w.org\/{rel}","templated":true}]}}