{"id":3135,"date":"2024-12-27T03:32:45","date_gmt":"2024-12-27T03:32:45","guid":{"rendered":"https:\/\/gfmparts.com\/?post_type=product&#038;p=3135"},"modified":"2025-05-16T09:18:29","modified_gmt":"2025-05-16T09:18:29","slug":"excavator-track-shoe-bolts-and-nuts-manufacturer","status":"publish","type":"product","link":"https:\/\/gfmparts.com\/pt\/product\/fabricante-de-parafusos-e-porcas-para-sapatas-de-escavadeiras\/","title":{"rendered":"Fabricante de parafusos e porcas para sapatas de esteira"},"content":{"rendered":"<p><span style=\"color: #000000;\">A GFM \u00e9 especializada na produ\u00e7\u00e3o de alta qualidade <a style=\"color: #000000;\" href=\"https:\/\/gfmparts.com\/pt\/product\/fabrica-de-calcados-para-trilhas-por-atacado\/\">parafusos e porcas da sapata da esteira<\/a>. Estes acess\u00f3rios essenciais s\u00e3o feitos de ligas de alta resist\u00eancia e passam por rigorosos processos de tratamento t\u00e9rmico para garantir excelente resist\u00eancia ao desgaste e \u00e0 fadiga. Em termos de design, prestamos aten\u00e7\u00e3o aos detalhes e utilizamos tecnologia de processamento de roscas de precis\u00e3o para garantir que os parafusos e porcas se encaixem perfeitamente, evitando efetivamente o afrouxamento e prolongando a vida \u00fatil. Como l\u00edder <a style=\"color: #000000;\" href=\"https:\/\/gfmparts.com\/pt\/product\/fabricantes-de-correntes-de-esteira-para-escavadeiras\/\">fabricante de pe\u00e7as para escavadeiras<\/a>Nossa f\u00e1brica est\u00e1 equipada com equipamentos de produ\u00e7\u00e3o e sistemas de teste avan\u00e7ados. Das mat\u00e9rias-primas ao produto final, cada processo \u00e9 rigorosamente controlado para garantir que cada produto atenda ou at\u00e9 mesmo exceda os padr\u00f5es da ind\u00fastria.<\/span><\/p>\n<h3><span style=\"color: #ff6600;\">Descri\u00e7\u00e3o do produto<\/span><\/h3>\n<ul>\n<li><span style=\"color: #000000;\"><strong>Mat\u00e9ria-prima:<\/strong> 40CR<\/span><\/li>\n<li><span style=\"color: #000000;\"><strong>Quantidade m\u00ednima:<\/strong>\u00a01 PC<\/span><\/li>\n<li><span style=\"color: #000000;\"><strong>M\u00e9todo de pagamento:<\/strong>\u00a0T\/T<\/span><\/li>\n<li><span style=\"color: #000000;\"><strong>Marca:<\/strong>\u00a0GFM<\/span><\/li>\n<li><span style=\"color: #000000;\"><strong>Doen\u00e7a:<\/strong>\u00a0Novo<\/span><\/li>\n<li><span style=\"color: #000000;\"><strong>Cor:<\/strong>\u00a0Amarelo, Preto ou Personalizado<\/span><\/li>\n<li><span style=\"color: #000000;\"><strong>Tempo de espera:<\/strong>\u00a030 dias<\/span><\/li>\n<li><span style=\"color: #000000;\"><strong>Garantia:<\/strong>\u00a01 ano<\/span><\/li>\n<li><span style=\"color: #000000;\"><strong>Servi\u00e7o:<\/strong>\u00a0OEM ou ODM<\/span><\/li>\n<li><span style=\"color: #000000;\"><strong>Local de origem:<\/strong>\u00a0Fujian, China<\/span><\/li>\n<li><span style=\"color: #000000;\"><strong>Aplicativo:<\/strong> Escavadeira ou tratores<\/span><\/li>\n<li><span style=\"color: #000000;\"><strong>Embalagem:<\/strong>\u00a0Palete de madeira padr\u00e3o para exporta\u00e7\u00e3o<\/span><\/li>\n<\/ul>\n<h3><span style=\"color: #ff6600;\">Caracter\u00edsticas<\/span><\/h3>\n<ul>\n<li><b><\/b><span style=\"color: #000000;\"><strong><b>A\u00e7o de liga de alta resist\u00eancia: <\/b><\/strong>Constru\u00eddo para durabilidade e resist\u00eancia ao desgaste excepcionais.<\/span><\/li>\n<li><span style=\"color: #000000;\"><b><\/b><strong><b>Engenharia de Precis\u00e3o: <\/b><\/strong>Atende aos padr\u00f5es OEM para um ajuste perfeito com as principais marcas de escavadeiras.<\/span><\/li>\n<li><span style=\"color: #000000;\"><b><\/b><strong><b>Tratamento T\u00e9rmico Avan\u00e7ado: <\/b><\/strong>Maior dureza e resist\u00eancia \u00e0 tra\u00e7\u00e3o para vida \u00fatil prolongada.<\/span><\/li>\n<li><span style=\"color: #000000;\"><b><\/b><strong><b>Design anti-afrouxamento: <\/b><\/strong>Garante fixa\u00e7\u00e3o segura durante opera\u00e7\u00f5es intensas.<\/span><\/li>\n<li><span style=\"color: #000000;\"><b><\/b><strong><b>Prote\u00e7\u00e3o contra corros\u00e3o: <\/b><\/strong>Revestimento especial protege contra ferrugem e condi\u00e7\u00f5es adversas<\/span><b><\/b><\/li>\n<\/ul>\n<h3><span style=\"color: #ff6600;\">Especifica\u00e7\u00f5es<\/span><\/h3>\n<p style=\"text-align: center;\"><img fetchpriority=\"high\" decoding=\"async\" class=\"alignnone wp-image-3136\" src=\"https:\/\/gfmparts.com\/wp-content\/uploads\/2024\/12\/bolts-and-nuts-desgin.jpg\" alt=\"projeto de parafusos e porcas de sapata de trilho\" width=\"948\" height=\"402\" srcset=\"https:\/\/gfmparts.com\/wp-content\/uploads\/2024\/12\/bolts-and-nuts-desgin.jpg 967w, https:\/\/gfmparts.com\/wp-content\/uploads\/2024\/12\/bolts-and-nuts-desgin-300x127.jpg 300w, https:\/\/gfmparts.com\/wp-content\/uploads\/2024\/12\/bolts-and-nuts-desgin-768x326.jpg 768w, https:\/\/gfmparts.com\/wp-content\/uploads\/2024\/12\/bolts-and-nuts-desgin-600x254.jpg 600w\" sizes=\"(max-width: 948px) 100vw, 948px\" \/><\/p>\n<p><img decoding=\"async\" class=\"alignnone size-full wp-image-3374 aligncenter\" src=\"https:\/\/gfmparts.com\/wp-content\/uploads\/2025\/01\/Track-Shoe-Bolts-and-Nuts-specifications.png\" alt=\"\" width=\"728\" height=\"363\" srcset=\"https:\/\/gfmparts.com\/wp-content\/uploads\/2025\/01\/Track-Shoe-Bolts-and-Nuts-specifications.png 728w, https:\/\/gfmparts.com\/wp-content\/uploads\/2025\/01\/Track-Shoe-Bolts-and-Nuts-specifications-300x150.png 300w, https:\/\/gfmparts.com\/wp-content\/uploads\/2025\/01\/Track-Shoe-Bolts-and-Nuts-specifications-600x299.png 600w\" sizes=\"(max-width: 728px) 100vw, 728px\" \/><\/p>\n<h3><span style=\"color: #ff6600;\">Modelos de produtos<\/span><\/h3>\n<p style=\"text-align: center;\"><img decoding=\"async\" class=\"alignnone size-full wp-image-3154\" src=\"https:\/\/gfmparts.com\/wp-content\/uploads\/2024\/12\/excavator-and-bulldozer-part-description.png\" alt=\"descri\u00e7\u00e3o das pe\u00e7as da escavadeira e do trator de esteira\" width=\"853\" height=\"736\" srcset=\"https:\/\/gfmparts.com\/wp-content\/uploads\/2024\/12\/excavator-and-bulldozer-part-description.png 853w, https:\/\/gfmparts.com\/wp-content\/uploads\/2024\/12\/excavator-and-bulldozer-part-description-300x259.png 300w, https:\/\/gfmparts.com\/wp-content\/uploads\/2024\/12\/excavator-and-bulldozer-part-description-768x663.png 768w, https:\/\/gfmparts.com\/wp-content\/uploads\/2024\/12\/excavator-and-bulldozer-part-description-600x518.png 600w\" sizes=\"(max-width: 853px) 100vw, 853px\" \/><\/p>\n<h3><span style=\"color: #ff6600;\">Processo de produ\u00e7\u00e3o<\/span><\/h3>\n<p style=\"text-align: center;\"><iframe title=\"Reprodutor de v\u00eddeo do YouTube\" src=\"https:\/\/www.youtube.com\/embed\/p4WNLmr-Huc?si=PWuiZYSYsuM6wPVz\" width=\"1000\" height=\"562\" frameborder=\"0\" allowfullscreen=\"allowfullscreen\"><span data-mce-type=\"bookmark\" style=\"display: inline-block; width: 0px; overflow: hidden; line-height: 0;\" class=\"mce_SELRES_start\"><\/span><\/iframe><\/p>\n<p><img loading=\"lazy\" decoding=\"async\" class=\"size-large wp-image-3043 aligncenter\" src=\"https:\/\/gfmparts.com\/wp-content\/uploads\/2024\/12\/\u901a\u7528\u751f\u4ea7\u6d41\u7a0b-1-1024x648.jpg\" alt=\"processo de produ\u00e7\u00e3o de pe\u00e7as de escavadeira\" width=\"1024\" height=\"648\" srcset=\"\" sizes=\"(max-width: 1024px) 100vw, 1024px\" data-srcset=\"\" \/><\/p>\n<h3><span style=\"color: #ff6600;\">Embalagem e Envio<\/span><\/h3>\n<p><img loading=\"lazy\" decoding=\"async\" class=\"size-large wp-image-6521 aligncenter\" src=\"https:\/\/gfmparts.com\/wp-content\/uploads\/2025\/05\/Packaging-and-Shipping-1-1-1024x648.jpg\" alt=\"Embalagem e Envio\" width=\"1024\" height=\"648\" srcset=\"https:\/\/gfmparts.com\/wp-content\/uploads\/2025\/05\/Packaging-and-Shipping-1-1-1024x648.jpg 1024w, https:\/\/gfmparts.com\/wp-content\/uploads\/2025\/05\/Packaging-and-Shipping-1-1-300x190.jpg 300w, https:\/\/gfmparts.com\/wp-content\/uploads\/2025\/05\/Packaging-and-Shipping-1-1-768x486.jpg 768w, https:\/\/gfmparts.com\/wp-content\/uploads\/2025\/05\/Packaging-and-Shipping-1-1-1536x973.jpg 1536w, https:\/\/gfmparts.com\/wp-content\/uploads\/2025\/05\/Packaging-and-Shipping-1-1-2048x1297.jpg 2048w, https:\/\/gfmparts.com\/wp-content\/uploads\/2025\/05\/Packaging-and-Shipping-1-1-600x380.jpg 600w\" sizes=\"(max-width: 1024px) 100vw, 1024px\" \/><\/p>\n<h3><span style=\"color: #ff6600;\">Vantagens da f\u00e1brica<\/span><\/h3>\n<p><span style=\"color: #000000;\">Os fabricantes de pe\u00e7as para escavadeiras GFM est\u00e3o cientes do ambiente de trabalho hostil das escavadeiras e t\u00eam requisitos extremamente elevados para a durabilidade e confiabilidade dos acess\u00f3rios. Portanto, <a style=\"color: #000000;\" href=\"https:\/\/gfmparts.com\/pt\/contato-gfm\/\"><span class=\"keyword _ngcontent-sbz-115\" aria-hidden=\"false\">parafusos e porcas de esteira de garra <\/span><\/a>Nossos produtos n\u00e3o s\u00f3 apresentam excelente resist\u00eancia \u00e0 corros\u00e3o e estabilidade a longo prazo em ambientes \u00famidos e empoeirados, como tamb\u00e9m dedicam especial aten\u00e7\u00e3o ao design adapt\u00e1vel dos produtos, que se adaptam perfeitamente a diversos tipos de escavadeiras e reduzem o risco de falhas causadas por acess\u00f3rios incompat\u00edveis. Nossa f\u00e1brica conta com uma forte equipe de P&amp;D e rica experi\u00eancia em produ\u00e7\u00e3o, inovando constantemente e comprometida em fornecer aos clientes solu\u00e7\u00f5es de pe\u00e7as para escavadeiras mais eficientes e seguras.<\/span><\/p>\n<p><span style=\"color: #000000;\">A GFM possui uma base de produ\u00e7\u00e3o moderna e em larga escala, equipada com linhas de produ\u00e7\u00e3o automatizadas e sistemas de gest\u00e3o eficientes, que respondem rapidamente \u00e0 demanda do mercado e garantem um fornecimento est\u00e1vel e pontual dos produtos. Ao mesmo tempo, estabelecemos uma rede completa de servi\u00e7os p\u00f3s-venda para oferecer aos clientes consultoria t\u00e9cnica profissional, suporte p\u00f3s-venda r\u00e1pido e servi\u00e7os personalizados e flex\u00edveis, garantindo a resolu\u00e7\u00e3o r\u00e1pida de quaisquer problemas encontrados pelos clientes durante o uso. A GFM representa qualidade com solidez e constr\u00f3i o futuro com servi\u00e7o.<\/span><\/p>\n<p style=\"text-align: center;\"><span style=\"color: #000000;\"><img loading=\"lazy\" decoding=\"async\" class=\"alignnone wp-image-2159\" src=\"https:\/\/gfmparts.com\/wp-content\/uploads\/2024\/12\/\u5fae\u4fe1\u56fe\u7247_20241202160325-1024x576.jpg\" alt=\"fabricante de pinos de dente de escavadeira\" width=\"767\" height=\"431\" srcset=\"\" sizes=\"(max-width: 767px) 100vw, 767px\" data-srcset=\"\" \/><\/span><\/p>","protected":false},"excerpt":{"rendered":"<ul>\n<li><span style=\"color: #000000;\">Qualidade garantida do produto<\/span><\/li>\n<li><span style=\"color: #000000;\">Fornecimento grande<\/span><\/li>\n<li><span style=\"color: #000000;\">Pre\u00e7os competitivos<\/span><\/li>\n<li><span style=\"color: #000000;\">A maioria das marcas e modelos<\/span><\/li>\n<li><span style=\"color: #000000;\">Equipe de Atendimento ao Cliente \u00datil<\/span><\/li>\n<li><span style=\"color: #000000;\">Suporte t\u00e9cnico profissional<\/span><\/li>\n<\/ul>","protected":false},"featured_media":3599,"template":"","meta":{"site-sidebar-layout":"default","site-content-layout":"","ast-site-content-layout":"default","site-content-style":"default","site-sidebar-style":"default","ast-global-header-display":"","ast-banner-title-visibility":"","ast-main-header-display":"","ast-hfb-above-header-display":"","ast-hfb-below-header-display":"","ast-hfb-mobile-header-display":"","site-post-title":"","ast-breadcrumbs-content":"","ast-featured-img":"","footer-sml-layout":"","theme-transparent-header-meta":"default","adv-header-id-meta":"","stick-header-meta":"default","header-above-stick-meta":"","header-main-stick-meta":"","header-below-stick-meta":"","astra-migrate-meta-layouts":"set","ast-page-background-enabled":"default","ast-page-background-meta":{"desktop":{"background-color":"","background-image":"","background-repeat":"repeat","background-position":"center center","background-size":"auto","background-attachment":"scroll","background-type":"","background-media":"","overlay-type":"","overlay-color":"","overlay-opacity":"","overlay-gradient":""},"tablet":{"background-color":"","background-image":"","background-repeat":"repeat","background-position":"center center","background-size":"auto","background-attachment":"scroll","background-type":"","background-media":"","overlay-type":"","overlay-color":"","overlay-opacity":"","overlay-gradient":""},"mobile":{"background-color":"","background-image":"","background-repeat":"repeat","background-position":"center center","background-size":"auto","background-attachment":"scroll","background-type":"","background-media":"","overlay-type":"","overlay-color":"","overlay-opacity":"","overlay-gradient":""}},"ast-content-background-meta":{"desktop":{"background-color":"var(--ast-global-color-5)","background-image":"","background-repeat":"repeat","background-position":"center center","background-size":"auto","background-attachment":"scroll","background-type":"","background-media":"","overlay-type":"","overlay-color":"","overlay-opacity":"","overlay-gradient":""},"tablet":{"background-color":"var(--ast-global-color-5)","background-image":"","background-repeat":"repeat","background-position":"center center","background-size":"auto","background-attachment":"scroll","background-type":"","background-media":"","overlay-type":"","overlay-color":"","overlay-opacity":"","overlay-gradient":""},"mobile":{"background-color":"var(--ast-global-color-5)","background-image":"","background-repeat":"repeat","background-position":"center center","background-size":"auto","background-attachment":"scroll","background-type":"","background-media":"","overlay-type":"","overlay-color":"","overlay-opacity":"","overlay-gradient":""}}},"product_cat":[27,37],"product_tag":[],"class_list":{"0":"post-3135","1":"product","2":"type-product","3":"status-publish","4":"has-post-thumbnail","6":"product_cat-parts","7":"product_cat-bolt-nut","8":"desktop-align-left","9":"tablet-align-left","10":"mobile-align-left","11":"ast-product-gallery-layout-horizontal-slider","12":"ast-product-gallery-with-no-image","13":"ast-product-tabs-layout-horizontal","15":"first","16":"instock","17":"shipping-taxable","18":"product-type-simple"},"yoast_head":"<!-- This site is optimized with the Yoast SEO Premium plugin v22.8 (Yoast SEO v23.9) - https:\/\/yoast.com\/wordpress\/plugins\/seo\/ -->\n<title>Bulldozer Track Shoe Bolts and Nuts Manufacturer - GFM<\/title>\n<meta name=\"description\" content=\"The track shoe bolts and nuts produced by GFM have corrosion resistance and can also adapt to various types of excavators. Support customization and have rich experience.\" \/>\n<meta name=\"robots\" content=\"index, follow, max-snippet:-1, max-image-preview:large, max-video-preview:-1\" \/>\n<link rel=\"canonical\" href=\"https:\/\/gfmparts.com\/pt\/product\/fabricante-de-parafusos-e-porcas-para-sapatas-de-escavadeiras\/\" \/>\n<meta property=\"og:locale\" content=\"pt_BR\" \/>\n<meta property=\"og:type\" content=\"article\" \/>\n<meta property=\"og:title\" content=\"Track Shoe Bolts and Nuts Manufacturer\" \/>\n<meta property=\"og:description\" content=\"The track shoe bolts and nuts produced by GFM have corrosion resistance and can also adapt to various types of excavators. Support customization and have rich experience.\" \/>\n<meta property=\"og:url\" content=\"https:\/\/gfmparts.com\/pt\/product\/fabricante-de-parafusos-e-porcas-para-sapatas-de-escavadeiras\/\" \/>\n<meta property=\"article:publisher\" content=\"https:\/\/www.facebook.com\/gfmparts\" \/>\n<meta property=\"article:modified_time\" content=\"2025-05-16T09:18:29+00:00\" \/>\n<meta property=\"og:image\" content=\"https:\/\/gfmparts.com\/wp-content\/uploads\/2024\/12\/bolts-and-nuts-6.png\" \/>\n\t<meta property=\"og:image:width\" content=\"1212\" \/>\n\t<meta property=\"og:image:height\" content=\"1212\" \/>\n\t<meta property=\"og:image:type\" content=\"image\/png\" \/>\n<meta name=\"twitter:card\" content=\"summary_large_image\" \/>\n<meta name=\"twitter:label1\" content=\"Est. tempo de leitura\" \/>\n\t<meta name=\"twitter:data1\" content=\"4 minutos\" \/>\n<script type=\"application\/ld+json\" class=\"yoast-schema-graph\">{\"@context\":\"https:\/\/schema.org\",\"@graph\":[{\"@type\":\"WebPage\",\"@id\":\"https:\/\/gfmparts.com\/product\/excavator-track-shoe-bolts-and-nuts-manufacturer\/\",\"url\":\"https:\/\/gfmparts.com\/product\/excavator-track-shoe-bolts-and-nuts-manufacturer\/\",\"name\":\"Bulldozer Track Shoe Bolts and Nuts Manufacturer - GFM\",\"isPartOf\":{\"@id\":\"https:\/\/gfmparts.com\/#website\"},\"primaryImageOfPage\":{\"@id\":\"https:\/\/gfmparts.com\/product\/excavator-track-shoe-bolts-and-nuts-manufacturer\/#primaryimage\"},\"image\":{\"@id\":\"https:\/\/gfmparts.com\/product\/excavator-track-shoe-bolts-and-nuts-manufacturer\/#primaryimage\"},\"thumbnailUrl\":\"https:\/\/gfmparts.com\/wp-content\/uploads\/2024\/12\/bolts-and-nuts-6.png\",\"datePublished\":\"2024-12-27T03:32:45+00:00\",\"dateModified\":\"2025-05-16T09:18:29+00:00\",\"description\":\"The track shoe bolts and nuts produced by GFM have corrosion resistance and can also adapt to various types of excavators. Support customization and have rich experience.\",\"breadcrumb\":{\"@id\":\"https:\/\/gfmparts.com\/product\/excavator-track-shoe-bolts-and-nuts-manufacturer\/#breadcrumb\"},\"inLanguage\":\"pt-BR\",\"potentialAction\":[{\"@type\":\"ReadAction\",\"target\":[\"https:\/\/gfmparts.com\/product\/excavator-track-shoe-bolts-and-nuts-manufacturer\/\"]}]},{\"@type\":\"ImageObject\",\"inLanguage\":\"pt-BR\",\"@id\":\"https:\/\/gfmparts.com\/product\/excavator-track-shoe-bolts-and-nuts-manufacturer\/#primaryimage\",\"url\":\"https:\/\/gfmparts.com\/wp-content\/uploads\/2024\/12\/bolts-and-nuts-6.png\",\"contentUrl\":\"https:\/\/gfmparts.com\/wp-content\/uploads\/2024\/12\/bolts-and-nuts-6.png\",\"width\":1212,\"height\":1212,\"caption\":\"bolts and nuts\"},{\"@type\":\"BreadcrumbList\",\"@id\":\"https:\/\/gfmparts.com\/product\/excavator-track-shoe-bolts-and-nuts-manufacturer\/#breadcrumb\",\"itemListElement\":[{\"@type\":\"ListItem\",\"position\":1,\"name\":\"\u9996\u9875\",\"item\":\"https:\/\/gfmparts.com\/\"},{\"@type\":\"ListItem\",\"position\":2,\"name\":\"All Product\",\"item\":\"https:\/\/gfmparts.com\/all-product\/\"},{\"@type\":\"ListItem\",\"position\":3,\"name\":\"Track Shoe Bolts and Nuts Manufacturer\"}]},{\"@type\":\"WebSite\",\"@id\":\"https:\/\/gfmparts.com\/#website\",\"url\":\"https:\/\/gfmparts.com\/\",\"name\":\"GFM PARTS\",\"description\":\"GFM since 2011 focused on excavator and bulldozer undercarriage parts manufacturing :Track rollers,carrier roller,idler,sprocket,track group,bucket tooth pin.\",\"publisher\":{\"@id\":\"https:\/\/gfmparts.com\/#organization\"},\"alternateName\":\"gfmparts.com\",\"potentialAction\":[{\"@type\":\"SearchAction\",\"target\":{\"@type\":\"EntryPoint\",\"urlTemplate\":\"https:\/\/gfmparts.com\/?s={search_term_string}\"},\"query-input\":{\"@type\":\"PropertyValueSpecification\",\"valueRequired\":true,\"valueName\":\"search_term_string\"}}],\"inLanguage\":\"pt-BR\"},{\"@type\":\"Organization\",\"@id\":\"https:\/\/gfmparts.com\/#organization\",\"name\":\"GFM PARTS\",\"url\":\"https:\/\/gfmparts.com\/\",\"logo\":{\"@type\":\"ImageObject\",\"inLanguage\":\"pt-BR\",\"@id\":\"https:\/\/gfmparts.com\/#\/schema\/logo\/image\/\",\"url\":\"https:\/\/gfmparts.com\/wp-content\/uploads\/2024\/11\/cropped-GFMparts.com_-2.png\",\"contentUrl\":\"https:\/\/gfmparts.com\/wp-content\/uploads\/2024\/11\/cropped-GFMparts.com_-2.png\",\"width\":5987,\"height\":2564,\"caption\":\"GFM PARTS\"},\"image\":{\"@id\":\"https:\/\/gfmparts.com\/#\/schema\/logo\/image\/\"},\"sameAs\":[\"https:\/\/www.facebook.com\/gfmparts\",\"https:\/\/www.linkedin.com\/company\/gfmparts\/\",\"https:\/\/www.tiktok.com\/@gfmparts\",\"https:\/\/www.youtube.com\/@GFMparts\/featured\"]}]}<\/script>\n<!-- \/ Yoast SEO Premium plugin. -->","yoast_head_json":{"title":"Bulldozer Track Shoe Bolts and Nuts Manufacturer - GFM","description":"The track shoe bolts and nuts produced by GFM have corrosion resistance and can also adapt to various types of excavators. Support customization and have rich experience.","robots":{"index":"index","follow":"follow","max-snippet":"max-snippet:-1","max-image-preview":"max-image-preview:large","max-video-preview":"max-video-preview:-1"},"canonical":"https:\/\/gfmparts.com\/pt\/product\/fabricante-de-parafusos-e-porcas-para-sapatas-de-escavadeiras\/","og_locale":"pt_BR","og_type":"article","og_title":"Track Shoe Bolts and Nuts Manufacturer","og_description":"The track shoe bolts and nuts produced by GFM have corrosion resistance and can also adapt to various types of excavators. Support customization and have rich experience.","og_url":"https:\/\/gfmparts.com\/pt\/product\/fabricante-de-parafusos-e-porcas-para-sapatas-de-escavadeiras\/","article_publisher":"https:\/\/www.facebook.com\/gfmparts","article_modified_time":"2025-05-16T09:18:29+00:00","og_image":[{"width":1212,"height":1212,"url":"https:\/\/gfmparts.com\/wp-content\/uploads\/2024\/12\/bolts-and-nuts-6.png","type":"image\/png"}],"twitter_card":"summary_large_image","twitter_misc":{"Est. tempo de leitura":"4 minutos"},"schema":{"@context":"https:\/\/schema.org","@graph":[{"@type":"WebPage","@id":"https:\/\/gfmparts.com\/product\/excavator-track-shoe-bolts-and-nuts-manufacturer\/","url":"https:\/\/gfmparts.com\/product\/excavator-track-shoe-bolts-and-nuts-manufacturer\/","name":"Bulldozer Track Shoe Bolts and Nuts Manufacturer - GFM","isPartOf":{"@id":"https:\/\/gfmparts.com\/#website"},"primaryImageOfPage":{"@id":"https:\/\/gfmparts.com\/product\/excavator-track-shoe-bolts-and-nuts-manufacturer\/#primaryimage"},"image":{"@id":"https:\/\/gfmparts.com\/product\/excavator-track-shoe-bolts-and-nuts-manufacturer\/#primaryimage"},"thumbnailUrl":"https:\/\/gfmparts.com\/wp-content\/uploads\/2024\/12\/bolts-and-nuts-6.png","datePublished":"2024-12-27T03:32:45+00:00","dateModified":"2025-05-16T09:18:29+00:00","description":"The track shoe bolts and nuts produced by GFM have corrosion resistance and can also adapt to various types of excavators. Support customization and have rich experience.","breadcrumb":{"@id":"https:\/\/gfmparts.com\/product\/excavator-track-shoe-bolts-and-nuts-manufacturer\/#breadcrumb"},"inLanguage":"pt-BR","potentialAction":[{"@type":"ReadAction","target":["https:\/\/gfmparts.com\/product\/excavator-track-shoe-bolts-and-nuts-manufacturer\/"]}]},{"@type":"ImageObject","inLanguage":"pt-BR","@id":"https:\/\/gfmparts.com\/product\/excavator-track-shoe-bolts-and-nuts-manufacturer\/#primaryimage","url":"https:\/\/gfmparts.com\/wp-content\/uploads\/2024\/12\/bolts-and-nuts-6.png","contentUrl":"https:\/\/gfmparts.com\/wp-content\/uploads\/2024\/12\/bolts-and-nuts-6.png","width":1212,"height":1212,"caption":"bolts and nuts"},{"@type":"BreadcrumbList","@id":"https:\/\/gfmparts.com\/product\/excavator-track-shoe-bolts-and-nuts-manufacturer\/#breadcrumb","itemListElement":[{"@type":"ListItem","position":1,"name":"\u9996\u9875","item":"https:\/\/gfmparts.com\/"},{"@type":"ListItem","position":2,"name":"All Product","item":"https:\/\/gfmparts.com\/all-product\/"},{"@type":"ListItem","position":3,"name":"Track Shoe Bolts and Nuts Manufacturer"}]},{"@type":"WebSite","@id":"https:\/\/gfmparts.com\/#website","url":"https:\/\/gfmparts.com\/","name":"GFM PARTS","description":"GFM since 2011 focused on excavator and bulldozer undercarriage parts manufacturing :Track rollers,carrier roller,idler,sprocket,track group,bucket tooth pin.","publisher":{"@id":"https:\/\/gfmparts.com\/#organization"},"alternateName":"gfmparts.com","potentialAction":[{"@type":"SearchAction","target":{"@type":"EntryPoint","urlTemplate":"https:\/\/gfmparts.com\/?s={search_term_string}"},"query-input":{"@type":"PropertyValueSpecification","valueRequired":true,"valueName":"search_term_string"}}],"inLanguage":"pt-BR"},{"@type":"Organization","@id":"https:\/\/gfmparts.com\/#organization","name":"GFM PARTS","url":"https:\/\/gfmparts.com\/","logo":{"@type":"ImageObject","inLanguage":"pt-BR","@id":"https:\/\/gfmparts.com\/#\/schema\/logo\/image\/","url":"https:\/\/gfmparts.com\/wp-content\/uploads\/2024\/11\/cropped-GFMparts.com_-2.png","contentUrl":"https:\/\/gfmparts.com\/wp-content\/uploads\/2024\/11\/cropped-GFMparts.com_-2.png","width":5987,"height":2564,"caption":"GFM PARTS"},"image":{"@id":"https:\/\/gfmparts.com\/#\/schema\/logo\/image\/"},"sameAs":["https:\/\/www.facebook.com\/gfmparts","https:\/\/www.linkedin.com\/company\/gfmparts\/","https:\/\/www.tiktok.com\/@gfmparts","https:\/\/www.youtube.com\/@GFMparts\/featured"]}]}},"_links":{"self":[{"href":"https:\/\/gfmparts.com\/pt\/wp-json\/wp\/v2\/product\/3135"}],"collection":[{"href":"https:\/\/gfmparts.com\/pt\/wp-json\/wp\/v2\/product"}],"about":[{"href":"https:\/\/gfmparts.com\/pt\/wp-json\/wp\/v2\/types\/product"}],"wp:featuredmedia":[{"embeddable":true,"href":"https:\/\/gfmparts.com\/pt\/wp-json\/wp\/v2\/media\/3599"}],"wp:attachment":[{"href":"https:\/\/gfmparts.com\/pt\/wp-json\/wp\/v2\/media?parent=3135"}],"wp:term":[{"taxonomy":"product_cat","embeddable":true,"href":"https:\/\/gfmparts.com\/pt\/wp-json\/wp\/v2\/product_cat?post=3135"},{"taxonomy":"product_tag","embeddable":true,"href":"https:\/\/gfmparts.com\/pt\/wp-json\/wp\/v2\/product_tag?post=3135"}],"curies":[{"name":"wp","href":"https:\/\/api.w.org\/{rel}","templated":true}]}}