{"id":3167,"date":"2024-12-28T02:44:29","date_gmt":"2024-12-28T02:44:29","guid":{"rendered":"https:\/\/gfmparts.com\/?post_type=product&#038;p=3167"},"modified":"2025-06-30T05:38:26","modified_gmt":"2025-06-30T05:38:26","slug":"bulldozer-track-group-manufacturer","status":"publish","type":"product","link":"https:\/\/gfmparts.com\/pt\/product\/fabricante-de-grupos-de-esteiras-para-escavadeira\/","title":{"rendered":"Fabricante de grupos de esteiras para escavadeiras"},"content":{"rendered":"<p><span style=\"color: #000000;\">Conhecido por sua durabilidade e confiabilidade excepcionais, o trator de esteiras GFM <a style=\"color: #000000;\" href=\"https:\/\/gfmparts.com\/pt\/product\/fabrica-de-calcados-para-trilhas-por-atacado\/\">grupo de trilhas<\/a> s\u00e3o ideais para equipamentos de constru\u00e7\u00e3o. Nossos conjuntos de esteiras utilizam a\u00e7o-liga de alta resist\u00eancia e processos avan\u00e7ados de tratamento t\u00e9rmico para garantir excelente desempenho em ambientes operacionais adversos. Os acess\u00f3rios s\u00e3o projetados com precis\u00e3o e alta compatibilidade, sendo adequados para tratores de esteira de diversas marcas e modelos, melhorando significativamente a efici\u00eancia do equipamento e reduzindo os custos de manuten\u00e7\u00e3o.<\/span><\/p>\n<h3><span style=\"color: #ff6600;\">Descri\u00e7\u00e3o do produto<\/span><\/h3>\n<ul>\n<li><span style=\"color: #000000;\"><strong>T\u00e9cnica:<\/strong> Forjamento\u00a0<\/span><\/li>\n<li><span style=\"color: #000000;\"><strong>Mat\u00e9ria-prima:<\/strong> 35MnBH<\/span><\/li>\n<li><span style=\"color: #000000;\"><strong>Quantidade m\u00ednima:<\/strong> 1 PC<\/span><\/li>\n<li><span style=\"color: #000000;\"><strong>M\u00e9todo de pagamento:<\/strong> T\/T<\/span><\/li>\n<li><span style=\"color: #000000;\"><strong>Marca:<\/strong> GFM<\/span><\/li>\n<li><span style=\"color: #000000;\"><strong>Doen\u00e7a:<\/strong> Novo<\/span><\/li>\n<li><span style=\"color: #000000;\"><strong>Cor:<\/strong> Amarelo, Preto ou Personalizado<\/span><\/li>\n<li><span style=\"color: #000000;\"><strong>Tempo de espera:<\/strong> 30 dias<\/span><\/li>\n<li><span style=\"color: #000000;\"><strong>Garantia:<\/strong> 1 ano<\/span><\/li>\n<li><span style=\"color: #000000;\"><strong>Servi\u00e7o:<\/strong> OEM ou ODM<\/span><\/li>\n<li><span style=\"color: #000000;\"><strong>Local de origem:<\/strong> Fujian, China<\/span><\/li>\n<li><span style=\"color: #000000;\"><strong>Aplicativo:<\/strong> Escavadeira<\/span><\/li>\n<li><span style=\"color: #000000;\"><strong>Embalagem:<\/strong> Palete de madeira padr\u00e3o para exporta\u00e7\u00e3o<\/span><\/li>\n<\/ul>\n<h3><span style=\"color: #ff6600;\">Caracter\u00edsticas<\/span><\/h3>\n<ul>\n<li><span style=\"color: #000000;\">Selado e <span style=\"color: #ff6600;\">\u00d3leo<\/span>-Lubrificado<\/span><\/li>\n<li><span style=\"color: #000000;\">Maior mobilidade e velocidade de rastreamento<\/span><\/li>\n<li><span style=\"color: #000000;\"><span style=\"color: #ff6600;\">50% Mais longo<\/span> Vida profissional<\/span><\/li>\n<li><span style=\"color: #000000;\">Contamina\u00e7\u00e3o e Manuten\u00e7\u00e3o Reduzidas<\/span><\/li>\n<li><span style=\"color: #000000;\">Maior Sustentabilidade e Durabilidade<b><\/b><\/span><\/li>\n<\/ul>\n<p><span style=\"color: #000000;\">Na GFM Factory, usamos <span style=\"color: #ff6600;\">\u00f3leo<\/span>\u00a0em vez de graxa para elos de esteira de tratores, devido \u00e0 sua lubrifica\u00e7\u00e3o e desempenho superiores. Ao contr\u00e1rio dos elos de esteira lubrificados com graxa, os sistemas lubrificados a \u00f3leo t\u00eam mais espa\u00e7o entre o pino e a bucha. Ap\u00f3s o pino ser pressionado no lugar, o espa\u00e7o \u00e9 selado a v\u00e1cuo e preenchido com \u00f3leo, garantindo que a folga seja totalmente preenchida para uma lubrifica\u00e7\u00e3o ideal. Esse processo tamb\u00e9m verifica se a veda\u00e7\u00e3o da esteira est\u00e1 intacta, o que \u00e9 fundamental para evitar desgaste e garantir o melhor desempenho da esteira.<\/span><\/p>\n<p><span style=\"color: #000000;\">O \u00f3leo \u00e9 a escolha ideal para elos de esteira, proporcionando maior prote\u00e7\u00e3o contra desgaste, dissipa\u00e7\u00e3o de calor eficaz e ajudando a manter contaminantes afastados. Tamb\u00e9m reduz a necessidade de manuten\u00e7\u00e3o frequente. Esses benef\u00edcios tornam os elos de esteira preenchidos com \u00f3leo para tratores de esteira dur\u00e1veis, eficientes e <\/span><span style=\"color: #000000; font-size: 16px;\">solu\u00e7\u00e3o confi\u00e1vel para m\u00e1quinas pesadas, garantindo desempenho duradouro.<\/span><\/p>\n<h3><span style=\"color: #ff6600;\">Especifica\u00e7\u00f5es<\/span><\/h3>\n<p style=\"text-align: center;\"><img fetchpriority=\"high\" decoding=\"async\" class=\"alignnone size-large wp-image-6788\" src=\"https:\/\/gfmparts.com\/wp-content\/uploads\/2024\/12\/Bulldozer-Track-Chain-Specifications-1024x692.png\" alt=\"Especifica\u00e7\u00f5es da corrente de esteira para trator de esteira\" width=\"1024\" height=\"692\" srcset=\"https:\/\/gfmparts.com\/wp-content\/uploads\/2024\/12\/Bulldozer-Track-Chain-Specifications-1024x692.png 1024w, https:\/\/gfmparts.com\/wp-content\/uploads\/2024\/12\/Bulldozer-Track-Chain-Specifications-300x203.png 300w, https:\/\/gfmparts.com\/wp-content\/uploads\/2024\/12\/Bulldozer-Track-Chain-Specifications-768x519.png 768w, https:\/\/gfmparts.com\/wp-content\/uploads\/2024\/12\/Bulldozer-Track-Chain-Specifications-1536x1038.png 1536w, https:\/\/gfmparts.com\/wp-content\/uploads\/2024\/12\/Bulldozer-Track-Chain-Specifications-600x405.png 600w, https:\/\/gfmparts.com\/wp-content\/uploads\/2024\/12\/Bulldozer-Track-Chain-Specifications.png 1849w\" sizes=\"(max-width: 1024px) 100vw, 1024px\" \/><\/p>\n<h3><span style=\"color: #ff6600;\">Modelos de produtos<\/span><\/h3>\n<p style=\"text-align: center;\"><img decoding=\"async\" class=\"alignnone size-full wp-image-3146\" src=\"https:\/\/gfmparts.com\/wp-content\/uploads\/2024\/11\/bulldozer-part-description.png\" alt=\"descri\u00e7\u00e3o da pe\u00e7a do trator\" width=\"626\" height=\"317\" srcset=\"https:\/\/gfmparts.com\/wp-content\/uploads\/2024\/11\/bulldozer-part-description.png 626w, https:\/\/gfmparts.com\/wp-content\/uploads\/2024\/11\/bulldozer-part-description-300x152.png 300w, https:\/\/gfmparts.com\/wp-content\/uploads\/2024\/11\/bulldozer-part-description-600x304.png 600w\" sizes=\"(max-width: 626px) 100vw, 626px\" \/><\/p>\n<h3><span style=\"color: #ff6600;\">Processo de produ\u00e7\u00e3o<\/span><\/h3>\n<p><img decoding=\"async\" class=\"size-large wp-image-3043 aligncenter\" src=\"https:\/\/gfmparts.com\/wp-content\/uploads\/2024\/12\/\u901a\u7528\u751f\u4ea7\u6d41\u7a0b-1-1024x648.jpg\" alt=\"processo de produ\u00e7\u00e3o de pe\u00e7as de escavadeira\" width=\"1024\" height=\"648\" srcset=\"\" sizes=\"(max-width: 1024px) 100vw, 1024px\" data-srcset=\"\" \/><\/p>\n<h3><span style=\"color: #ff6600;\">Embalagem e Envio<\/span><\/h3>\n<p style=\"text-align: center;\"><img loading=\"lazy\" decoding=\"async\" class=\"alignnone size-large wp-image-6521\" src=\"https:\/\/gfmparts.com\/wp-content\/uploads\/2025\/05\/Packaging-and-Shipping-1-1-1024x648.jpg\" alt=\"Embalagem e Envio\" width=\"1024\" height=\"648\" srcset=\"https:\/\/gfmparts.com\/wp-content\/uploads\/2025\/05\/Packaging-and-Shipping-1-1-1024x648.jpg 1024w, https:\/\/gfmparts.com\/wp-content\/uploads\/2025\/05\/Packaging-and-Shipping-1-1-300x190.jpg 300w, https:\/\/gfmparts.com\/wp-content\/uploads\/2025\/05\/Packaging-and-Shipping-1-1-768x486.jpg 768w, https:\/\/gfmparts.com\/wp-content\/uploads\/2025\/05\/Packaging-and-Shipping-1-1-1536x973.jpg 1536w, https:\/\/gfmparts.com\/wp-content\/uploads\/2025\/05\/Packaging-and-Shipping-1-1-2048x1297.jpg 2048w, https:\/\/gfmparts.com\/wp-content\/uploads\/2025\/05\/Packaging-and-Shipping-1-1-600x380.jpg 600w\" sizes=\"(max-width: 1024px) 100vw, 1024px\" \/><\/p>\n<h3><span style=\"color: #ff6600;\">Vantagens da f\u00e1brica<\/span><\/h3>\n<p><span style=\"color: #000000;\">Como l\u00edder <a style=\"color: #000000;\" href=\"https:\/\/gfmparts.com\/pt\/product\/fabricantes-de-correntes-de-esteira-para-escavadeiras\/\">pe\u00e7a para escavadeira<\/a> A GFM, fabricante, possui mais de 10 anos de experi\u00eancia em produ\u00e7\u00e3o e modernas instala\u00e7\u00f5es fabris. Contamos com linhas de produ\u00e7\u00e3o totalmente automatizadas e equipamentos de teste de qualidade de ponta internacionalmente, garantindo que cada conjunto de esteiras atenda ou at\u00e9 mesmo exceda os padr\u00f5es da ind\u00fastria. Al\u00e9m disso, a GFM possui a certifica\u00e7\u00e3o ISO 9001 para o sistema de gest\u00e3o da qualidade, garantindo a confiabilidade e a consist\u00eancia dos produtos.<\/span><\/p>\n<p><span style=\"color: #000000;\">A GFM n\u00e3o s\u00f3 fornece produtos padronizados para montagem de esteiras, como tamb\u00e9m solu\u00e7\u00f5es personalizadas de acordo com as necessidades do cliente. Do projeto \u00e0 produ\u00e7\u00e3o, nossa equipe t\u00e9cnica colabora em todo o processo para atender \u00e0s necessidades espec\u00edficas dos clientes em termos de tamanho, materiais e desempenho. Seja para opera\u00e7\u00f5es de minera\u00e7\u00e3o ou constru\u00e7\u00e3o, os conjuntos de esteiras da GFM podem ser perfeitamente adaptados para fornecer suporte de pot\u00eancia duradouro para o seu trator de esteira.<\/span><\/p>\n<p><span style=\"color: #000000;\"><strong>Raz\u00f5es para escolher a GFM<\/strong><\/span><\/p>\n<ul>\n<li><span style=\"color: #000000;\"><strong>Excelente durabilidade:<\/strong> Materiais de alta resist\u00eancia e acabamento artesanal prolongam a vida \u00fatil.<\/span><\/li>\n<li><span style=\"color: #000000;\"><strong>Alto desempenho de custo:<\/strong> Fornecimento direto da f\u00e1brica, eliminando elos intermedi\u00e1rios e reduzindo custos de aquisi\u00e7\u00e3o.<\/span><\/li>\n<li><span style=\"color: #000000;\"><strong>Confian\u00e7a Global:<\/strong> Vendendo bem em muitos pa\u00edses e regi\u00f5es, atendendo mais de 300 clientes internacionais.<\/span><\/li>\n<li><span style=\"color: #000000;\"><strong>Entrega r\u00e1pida:<\/strong> Estoque em grande escala e log\u00edstica eficiente garantem entrega pontual.<\/span><\/li>\n<\/ul>\n<p><span style=\"color: #000000;\">Escolha o conjunto de esteiras para tratores GFM para manter seu equipamento nas melhores condi\u00e7\u00f5es e garantir a conclus\u00e3o bem-sucedida de todas as tarefas de engenharia. Entre em contato para obter mais detalhes sobre o produto ou planos de coopera\u00e7\u00e3o!<\/span><\/p>\n<p style=\"text-align: center;\"><img loading=\"lazy\" decoding=\"async\" class=\"alignnone wp-image-2159\" src=\"https:\/\/gfmparts.com\/wp-content\/uploads\/2024\/12\/\u5fae\u4fe1\u56fe\u7247_20241202160325-1024x576.jpg\" alt=\"Fabricante de pe\u00e7as para escavadeiras\" width=\"800\" height=\"450\" srcset=\"\" sizes=\"(max-width: 800px) 100vw, 800px\" data-srcset=\"\" \/><\/p>","protected":false},"excerpt":{"rendered":"<ul>\n<li><span style=\"color: #000000;\">Qualidade garantida do produto<\/span><\/li>\n<li><span style=\"color: #000000;\">Fornecimento grande<\/span><\/li>\n<li><span style=\"color: #000000;\">Pre\u00e7os competitivos<\/span><\/li>\n<li><span style=\"color: #000000;\">A maioria das marcas e modelos<\/span><\/li>\n<li><span style=\"color: #000000;\">Equipe de Atendimento ao Cliente \u00datil<\/span><\/li>\n<li><span style=\"color: #000000;\">Suporte t\u00e9cnico profissional<\/span><\/li>\n<\/ul>","protected":false},"featured_media":3598,"template":"","meta":{"site-sidebar-layout":"default","site-content-layout":"","ast-site-content-layout":"default","site-content-style":"default","site-sidebar-style":"default","ast-global-header-display":"","ast-banner-title-visibility":"","ast-main-header-display":"","ast-hfb-above-header-display":"","ast-hfb-below-header-display":"","ast-hfb-mobile-header-display":"","site-post-title":"","ast-breadcrumbs-content":"","ast-featured-img":"","footer-sml-layout":"","theme-transparent-header-meta":"default","adv-header-id-meta":"","stick-header-meta":"default","header-above-stick-meta":"","header-main-stick-meta":"","header-below-stick-meta":"","astra-migrate-meta-layouts":"set","ast-page-background-enabled":"default","ast-page-background-meta":{"desktop":{"background-color":"","background-image":"","background-repeat":"repeat","background-position":"center center","background-size":"auto","background-attachment":"scroll","background-type":"","background-media":"","overlay-type":"","overlay-color":"","overlay-opacity":"","overlay-gradient":""},"tablet":{"background-color":"","background-image":"","background-repeat":"repeat","background-position":"center center","background-size":"auto","background-attachment":"scroll","background-type":"","background-media":"","overlay-type":"","overlay-color":"","overlay-opacity":"","overlay-gradient":""},"mobile":{"background-color":"","background-image":"","background-repeat":"repeat","background-position":"center center","background-size":"auto","background-attachment":"scroll","background-type":"","background-media":"","overlay-type":"","overlay-color":"","overlay-opacity":"","overlay-gradient":""}},"ast-content-background-meta":{"desktop":{"background-color":"var(--ast-global-color-5)","background-image":"","background-repeat":"repeat","background-position":"center center","background-size":"auto","background-attachment":"scroll","background-type":"","background-media":"","overlay-type":"","overlay-color":"","overlay-opacity":"","overlay-gradient":""},"tablet":{"background-color":"var(--ast-global-color-5)","background-image":"","background-repeat":"repeat","background-position":"center center","background-size":"auto","background-attachment":"scroll","background-type":"","background-media":"","overlay-type":"","overlay-color":"","overlay-opacity":"","overlay-gradient":""},"mobile":{"background-color":"var(--ast-global-color-5)","background-image":"","background-repeat":"repeat","background-position":"center center","background-size":"auto","background-attachment":"scroll","background-type":"","background-media":"","overlay-type":"","overlay-color":"","overlay-opacity":"","overlay-gradient":""}}},"product_cat":[38,28],"product_tag":[],"class_list":{"0":"post-3167","1":"product","2":"type-product","3":"status-publish","4":"has-post-thumbnail","6":"product_cat-undercarriage","7":"product_cat-track-group","8":"desktop-align-left","9":"tablet-align-left","10":"mobile-align-left","11":"ast-product-gallery-layout-horizontal-slider","12":"ast-product-gallery-with-no-image","13":"ast-product-tabs-layout-horizontal","15":"first","16":"instock","17":"shipping-taxable","18":"product-type-simple"},"yoast_head":"<!-- This site is optimized with the Yoast SEO Premium plugin v22.8 (Yoast SEO v23.9) - https:\/\/yoast.com\/wordpress\/plugins\/seo\/ -->\n<title>Bulldozer Track Group Manufacturer|Track Assembly<\/title>\n<meta name=\"description\" content=\"As a manufacturer of bulldozer accessories for 10 years, GFM bulldozer track assembly can provide customized solutions according to customer needs.\" \/>\n<meta name=\"robots\" content=\"index, follow, max-snippet:-1, max-image-preview:large, max-video-preview:-1\" \/>\n<link rel=\"canonical\" href=\"https:\/\/gfmparts.com\/pt\/product\/fabricante-de-grupos-de-esteiras-para-escavadeira\/\" \/>\n<meta property=\"og:locale\" content=\"pt_BR\" \/>\n<meta property=\"og:type\" content=\"article\" \/>\n<meta property=\"og:title\" content=\"Bulldozer Track Group Manufacturer\" \/>\n<meta property=\"og:description\" content=\"As a manufacturer of bulldozer accessories for 10 years, GFM bulldozer track assembly can provide customized solutions according to customer needs.\" \/>\n<meta property=\"og:url\" content=\"https:\/\/gfmparts.com\/pt\/product\/fabricante-de-grupos-de-esteiras-para-escavadeira\/\" \/>\n<meta property=\"article:publisher\" content=\"https:\/\/www.facebook.com\/gfmparts\" \/>\n<meta property=\"article:modified_time\" content=\"2025-06-30T05:38:26+00:00\" \/>\n<meta property=\"og:image\" content=\"https:\/\/gfmparts.com\/wp-content\/uploads\/2024\/12\/Bulldozer-Track-Group-2.png\" \/>\n\t<meta property=\"og:image:width\" content=\"1185\" \/>\n\t<meta property=\"og:image:height\" content=\"1185\" \/>\n\t<meta property=\"og:image:type\" content=\"image\/png\" \/>\n<meta name=\"twitter:card\" content=\"summary_large_image\" \/>\n<meta name=\"twitter:label1\" content=\"Est. tempo de leitura\" \/>\n\t<meta name=\"twitter:data1\" content=\"4 minutos\" \/>\n<script type=\"application\/ld+json\" class=\"yoast-schema-graph\">{\"@context\":\"https:\/\/schema.org\",\"@graph\":[{\"@type\":\"WebPage\",\"@id\":\"https:\/\/gfmparts.com\/product\/bulldozer-track-group-manufacturer\/\",\"url\":\"https:\/\/gfmparts.com\/product\/bulldozer-track-group-manufacturer\/\",\"name\":\"Bulldozer Track Group Manufacturer|Track Assembly\",\"isPartOf\":{\"@id\":\"https:\/\/gfmparts.com\/#website\"},\"primaryImageOfPage\":{\"@id\":\"https:\/\/gfmparts.com\/product\/bulldozer-track-group-manufacturer\/#primaryimage\"},\"image\":{\"@id\":\"https:\/\/gfmparts.com\/product\/bulldozer-track-group-manufacturer\/#primaryimage\"},\"thumbnailUrl\":\"https:\/\/gfmparts.com\/wp-content\/uploads\/2024\/12\/Bulldozer-Track-Group-2.png\",\"datePublished\":\"2024-12-28T02:44:29+00:00\",\"dateModified\":\"2025-06-30T05:38:26+00:00\",\"description\":\"As a manufacturer of bulldozer accessories for 10 years, GFM bulldozer track assembly can provide customized solutions according to customer needs.\",\"breadcrumb\":{\"@id\":\"https:\/\/gfmparts.com\/product\/bulldozer-track-group-manufacturer\/#breadcrumb\"},\"inLanguage\":\"pt-BR\",\"potentialAction\":[{\"@type\":\"ReadAction\",\"target\":[\"https:\/\/gfmparts.com\/product\/bulldozer-track-group-manufacturer\/\"]}]},{\"@type\":\"ImageObject\",\"inLanguage\":\"pt-BR\",\"@id\":\"https:\/\/gfmparts.com\/product\/bulldozer-track-group-manufacturer\/#primaryimage\",\"url\":\"https:\/\/gfmparts.com\/wp-content\/uploads\/2024\/12\/Bulldozer-Track-Group-2.png\",\"contentUrl\":\"https:\/\/gfmparts.com\/wp-content\/uploads\/2024\/12\/Bulldozer-Track-Group-2.png\",\"width\":1185,\"height\":1185,\"caption\":\"Bulldozer Track Group\"},{\"@type\":\"BreadcrumbList\",\"@id\":\"https:\/\/gfmparts.com\/product\/bulldozer-track-group-manufacturer\/#breadcrumb\",\"itemListElement\":[{\"@type\":\"ListItem\",\"position\":1,\"name\":\"\u9996\u9875\",\"item\":\"https:\/\/gfmparts.com\/\"},{\"@type\":\"ListItem\",\"position\":2,\"name\":\"All Product\",\"item\":\"https:\/\/gfmparts.com\/all-product\/\"},{\"@type\":\"ListItem\",\"position\":3,\"name\":\"Bulldozer Track Group Manufacturer\"}]},{\"@type\":\"WebSite\",\"@id\":\"https:\/\/gfmparts.com\/#website\",\"url\":\"https:\/\/gfmparts.com\/\",\"name\":\"GFM PARTS\",\"description\":\"GFM since 2011 focused on excavator and bulldozer undercarriage parts manufacturing :Track rollers,carrier roller,idler,sprocket,track group,bucket tooth pin.\",\"publisher\":{\"@id\":\"https:\/\/gfmparts.com\/#organization\"},\"alternateName\":\"gfmparts.com\",\"potentialAction\":[{\"@type\":\"SearchAction\",\"target\":{\"@type\":\"EntryPoint\",\"urlTemplate\":\"https:\/\/gfmparts.com\/?s={search_term_string}\"},\"query-input\":{\"@type\":\"PropertyValueSpecification\",\"valueRequired\":true,\"valueName\":\"search_term_string\"}}],\"inLanguage\":\"pt-BR\"},{\"@type\":\"Organization\",\"@id\":\"https:\/\/gfmparts.com\/#organization\",\"name\":\"GFM PARTS\",\"url\":\"https:\/\/gfmparts.com\/\",\"logo\":{\"@type\":\"ImageObject\",\"inLanguage\":\"pt-BR\",\"@id\":\"https:\/\/gfmparts.com\/#\/schema\/logo\/image\/\",\"url\":\"https:\/\/gfmparts.com\/wp-content\/uploads\/2024\/11\/cropped-GFMparts.com_-2.png\",\"contentUrl\":\"https:\/\/gfmparts.com\/wp-content\/uploads\/2024\/11\/cropped-GFMparts.com_-2.png\",\"width\":5987,\"height\":2564,\"caption\":\"GFM PARTS\"},\"image\":{\"@id\":\"https:\/\/gfmparts.com\/#\/schema\/logo\/image\/\"},\"sameAs\":[\"https:\/\/www.facebook.com\/gfmparts\",\"https:\/\/www.linkedin.com\/company\/gfmparts\/\",\"https:\/\/www.tiktok.com\/@gfmparts\",\"https:\/\/www.youtube.com\/@GFMparts\/featured\"]}]}<\/script>\n<!-- \/ Yoast SEO Premium plugin. -->","yoast_head_json":{"title":"Bulldozer Track Group Manufacturer|Track Assembly","description":"As a manufacturer of bulldozer accessories for 10 years, GFM bulldozer track assembly can provide customized solutions according to customer needs.","robots":{"index":"index","follow":"follow","max-snippet":"max-snippet:-1","max-image-preview":"max-image-preview:large","max-video-preview":"max-video-preview:-1"},"canonical":"https:\/\/gfmparts.com\/pt\/product\/fabricante-de-grupos-de-esteiras-para-escavadeira\/","og_locale":"pt_BR","og_type":"article","og_title":"Bulldozer Track Group Manufacturer","og_description":"As a manufacturer of bulldozer accessories for 10 years, GFM bulldozer track assembly can provide customized solutions according to customer needs.","og_url":"https:\/\/gfmparts.com\/pt\/product\/fabricante-de-grupos-de-esteiras-para-escavadeira\/","article_publisher":"https:\/\/www.facebook.com\/gfmparts","article_modified_time":"2025-06-30T05:38:26+00:00","og_image":[{"width":1185,"height":1185,"url":"https:\/\/gfmparts.com\/wp-content\/uploads\/2024\/12\/Bulldozer-Track-Group-2.png","type":"image\/png"}],"twitter_card":"summary_large_image","twitter_misc":{"Est. tempo de leitura":"4 minutos"},"schema":{"@context":"https:\/\/schema.org","@graph":[{"@type":"WebPage","@id":"https:\/\/gfmparts.com\/product\/bulldozer-track-group-manufacturer\/","url":"https:\/\/gfmparts.com\/product\/bulldozer-track-group-manufacturer\/","name":"Bulldozer Track Group Manufacturer|Track Assembly","isPartOf":{"@id":"https:\/\/gfmparts.com\/#website"},"primaryImageOfPage":{"@id":"https:\/\/gfmparts.com\/product\/bulldozer-track-group-manufacturer\/#primaryimage"},"image":{"@id":"https:\/\/gfmparts.com\/product\/bulldozer-track-group-manufacturer\/#primaryimage"},"thumbnailUrl":"https:\/\/gfmparts.com\/wp-content\/uploads\/2024\/12\/Bulldozer-Track-Group-2.png","datePublished":"2024-12-28T02:44:29+00:00","dateModified":"2025-06-30T05:38:26+00:00","description":"As a manufacturer of bulldozer accessories for 10 years, GFM bulldozer track assembly can provide customized solutions according to customer needs.","breadcrumb":{"@id":"https:\/\/gfmparts.com\/product\/bulldozer-track-group-manufacturer\/#breadcrumb"},"inLanguage":"pt-BR","potentialAction":[{"@type":"ReadAction","target":["https:\/\/gfmparts.com\/product\/bulldozer-track-group-manufacturer\/"]}]},{"@type":"ImageObject","inLanguage":"pt-BR","@id":"https:\/\/gfmparts.com\/product\/bulldozer-track-group-manufacturer\/#primaryimage","url":"https:\/\/gfmparts.com\/wp-content\/uploads\/2024\/12\/Bulldozer-Track-Group-2.png","contentUrl":"https:\/\/gfmparts.com\/wp-content\/uploads\/2024\/12\/Bulldozer-Track-Group-2.png","width":1185,"height":1185,"caption":"Bulldozer Track Group"},{"@type":"BreadcrumbList","@id":"https:\/\/gfmparts.com\/product\/bulldozer-track-group-manufacturer\/#breadcrumb","itemListElement":[{"@type":"ListItem","position":1,"name":"\u9996\u9875","item":"https:\/\/gfmparts.com\/"},{"@type":"ListItem","position":2,"name":"All Product","item":"https:\/\/gfmparts.com\/all-product\/"},{"@type":"ListItem","position":3,"name":"Bulldozer Track Group Manufacturer"}]},{"@type":"WebSite","@id":"https:\/\/gfmparts.com\/#website","url":"https:\/\/gfmparts.com\/","name":"GFM PARTS","description":"GFM since 2011 focused on excavator and bulldozer undercarriage parts manufacturing :Track rollers,carrier roller,idler,sprocket,track group,bucket tooth pin.","publisher":{"@id":"https:\/\/gfmparts.com\/#organization"},"alternateName":"gfmparts.com","potentialAction":[{"@type":"SearchAction","target":{"@type":"EntryPoint","urlTemplate":"https:\/\/gfmparts.com\/?s={search_term_string}"},"query-input":{"@type":"PropertyValueSpecification","valueRequired":true,"valueName":"search_term_string"}}],"inLanguage":"pt-BR"},{"@type":"Organization","@id":"https:\/\/gfmparts.com\/#organization","name":"GFM PARTS","url":"https:\/\/gfmparts.com\/","logo":{"@type":"ImageObject","inLanguage":"pt-BR","@id":"https:\/\/gfmparts.com\/#\/schema\/logo\/image\/","url":"https:\/\/gfmparts.com\/wp-content\/uploads\/2024\/11\/cropped-GFMparts.com_-2.png","contentUrl":"https:\/\/gfmparts.com\/wp-content\/uploads\/2024\/11\/cropped-GFMparts.com_-2.png","width":5987,"height":2564,"caption":"GFM PARTS"},"image":{"@id":"https:\/\/gfmparts.com\/#\/schema\/logo\/image\/"},"sameAs":["https:\/\/www.facebook.com\/gfmparts","https:\/\/www.linkedin.com\/company\/gfmparts\/","https:\/\/www.tiktok.com\/@gfmparts","https:\/\/www.youtube.com\/@GFMparts\/featured"]}]}},"_links":{"self":[{"href":"https:\/\/gfmparts.com\/pt\/wp-json\/wp\/v2\/product\/3167"}],"collection":[{"href":"https:\/\/gfmparts.com\/pt\/wp-json\/wp\/v2\/product"}],"about":[{"href":"https:\/\/gfmparts.com\/pt\/wp-json\/wp\/v2\/types\/product"}],"wp:featuredmedia":[{"embeddable":true,"href":"https:\/\/gfmparts.com\/pt\/wp-json\/wp\/v2\/media\/3598"}],"wp:attachment":[{"href":"https:\/\/gfmparts.com\/pt\/wp-json\/wp\/v2\/media?parent=3167"}],"wp:term":[{"taxonomy":"product_cat","embeddable":true,"href":"https:\/\/gfmparts.com\/pt\/wp-json\/wp\/v2\/product_cat?post=3167"},{"taxonomy":"product_tag","embeddable":true,"href":"https:\/\/gfmparts.com\/pt\/wp-json\/wp\/v2\/product_tag?post=3167"}],"curies":[{"name":"wp","href":"https:\/\/api.w.org\/{rel}","templated":true}]}}