{"id":3200,"date":"2025-01-02T01:43:20","date_gmt":"2025-01-02T01:43:20","guid":{"rendered":"https:\/\/gfmparts.com\/?post_type=product&#038;p=3200"},"modified":"2025-07-16T03:34:22","modified_gmt":"2025-07-16T03:34:22","slug":"bulldozer-track-shoe-factory","status":"publish","type":"product","link":"https:\/\/gfmparts.com\/pt\/product\/fabrica-de-sapatas-para-esteiras-de-escavadeira\/","title":{"rendered":"F\u00e1brica de sapatas para esteiras de escavadeira"},"content":{"rendered":"<p><span style=\"color: #000000;\"><a style=\"color: #000000;\" href=\"https:\/\/gfmparts.com\/pt\/product\/fabricante-de-sapatas-de-esteira-para-garras-de-escavadeira\/\">Sapata de esteira para trator<\/a> A sapata de esteira para trator de esteira \u00e9 um componente essencial do sistema de esteiras para tratores de esteira, e seu desempenho afeta diretamente a efici\u00eancia operacional e a vida \u00fatil do equipamento. A sapata de esteira para tratores de esteira fabricada pela GFM \u00e9 feita de a\u00e7o-liga de alta resist\u00eancia e passa por um avan\u00e7ado processo de tratamento t\u00e9rmico para garantir excelente resist\u00eancia ao desgaste e ao impacto. Nossa sapata de esteira \u00e9 precisamente projetada e perfeitamente integrada ao sistema de esteiras, o que garante um desempenho est\u00e1vel em ambientes adversos e prolonga a vida \u00fatil do equipamento. Seja em um canteiro de obras, uma \u00e1rea de minera\u00e7\u00e3o ou um ambiente agr\u00edcola, a sapata de esteira para tratores de esteira da GFM sempre oferece suporte confi\u00e1vel aos clientes.<\/span><\/p>\n<h3><span style=\"color: #ff6600;\">Descri\u00e7\u00e3o do produto<\/span><\/h3>\n<ul>\n<li><span style=\"color: #000000;\"><strong>Quantidade m\u00ednima:<\/strong>\u00a01 PC<\/span><\/li>\n<li><span style=\"color: #000000;\"><strong>M\u00e9todo de pagamento:<\/strong>\u00a0T\/T<\/span><\/li>\n<li><span style=\"color: #000000;\"><strong>Marca:<\/strong>\u00a0GFM<\/span><\/li>\n<li><span style=\"color: #000000;\"><strong>Doen\u00e7a:<\/strong>\u00a0Novo<\/span><\/li>\n<li><span style=\"color: #000000;\"><strong>Cor:<\/strong>\u00a0Amarelo, Preto ou Personalizado<\/span><\/li>\n<li><span style=\"color: #000000;\"><strong>Tempo de espera:<\/strong>\u00a030 dias<\/span><\/li>\n<li><span style=\"color: #000000;\"><strong>Garantia:<\/strong>\u00a01 ano<\/span><\/li>\n<li><span style=\"color: #000000;\"><strong>Servi\u00e7o:<\/strong>\u00a0OEM ou ODM<\/span><\/li>\n<li><span style=\"color: #000000;\"><strong>Local de origem:<\/strong>\u00a0Fujian, China<\/span><\/li>\n<li><span style=\"color: #000000;\"><strong>Aplicativo:<\/strong> Escavadeira<\/span><\/li>\n<li><span style=\"color: #000000;\"><strong>Embalagem:<\/strong>\u00a0Palete de madeira padr\u00e3o para exporta\u00e7\u00e3o<\/span><\/li>\n<\/ul>\n<p style=\"text-align: center;\">\u00a0<img fetchpriority=\"high\" decoding=\"async\" class=\"alignnone wp-image-3069\" src=\"https:\/\/gfmparts.com\/wp-content\/uploads\/2024\/12\/track-shoe_2-1024x768.jpg\" alt=\"garra de escavadeira\" width=\"396\" height=\"297\" srcset=\"https:\/\/gfmparts.com\/wp-content\/uploads\/2024\/12\/track-shoe_2-1024x768.jpg 1024w, https:\/\/gfmparts.com\/wp-content\/uploads\/2024\/12\/track-shoe_2-300x225.jpg 300w, https:\/\/gfmparts.com\/wp-content\/uploads\/2024\/12\/track-shoe_2-768x576.jpg 768w, https:\/\/gfmparts.com\/wp-content\/uploads\/2024\/12\/track-shoe_2-1536x1152.jpg 1536w, https:\/\/gfmparts.com\/wp-content\/uploads\/2024\/12\/track-shoe_2-2048x1536.jpg 2048w, https:\/\/gfmparts.com\/wp-content\/uploads\/2024\/12\/track-shoe_2-600x450.jpg 600w\" sizes=\"(max-width: 396px) 100vw, 396px\" \/><\/p>\n<h3><span style=\"color: #ff6600;\">Caracter\u00edsticas<\/span><\/h3>\n<ul>\n<li><b><\/b><span style=\"color: #000000;\"><strong><b>Dur\u00e1vel e duradouro: <\/b><\/strong>Feito de a\u00e7o de alta qualidade para suportar trabalhos dif\u00edceis.<\/span><\/li>\n<li><span style=\"color: #000000;\"><b><\/b><strong><b>Estabilidade aprimorada: <\/b><\/strong>Excelente tra\u00e7\u00e3o para opera\u00e7\u00e3o segura em qualquer terreno.<\/span><\/li>\n<li><span style=\"color: #000000;\"><b><\/b><strong><b>Vida \u00fatil estendida: <\/b><\/strong>Reduz o desgaste e protege o material rodante.<\/span><\/li>\n<li><span style=\"color: #000000;\"><b><\/b><strong><b>Resistente \u00e0 ferrugem: <\/b><\/strong>Revestido para desempenho confi\u00e1vel em condi\u00e7\u00f5es adversas.<\/span><\/li>\n<li><span style=\"color: #000000;\"><b><\/b><strong><b>Custo-benef\u00edcio: <\/b><\/strong>Reduz os custos de manuten\u00e7\u00e3o com durabilidade superior.<\/span><\/li>\n<li><span style=\"color: #000000;\"><b><\/b><strong><b>Vers\u00e1til: <\/b><\/strong>Perfeito para pedras, lama, areia ou solo macio.<\/span><\/li>\n<\/ul>\n<h3><span style=\"color: #ff6600;\">Especifica\u00e7\u00f5es<\/span><\/h3>\n<p style=\"text-align: center;\"><img decoding=\"async\" class=\"alignnone wp-image-6792\" src=\"https:\/\/gfmparts.com\/wp-content\/uploads\/2025\/01\/Bulldozer-Track-Shoe-Specifications-1024x707.png\" alt=\"Especifica\u00e7\u00f5es da sapata da esteira do trator de esteira\" width=\"921\" height=\"636\" srcset=\"https:\/\/gfmparts.com\/wp-content\/uploads\/2025\/01\/Bulldozer-Track-Shoe-Specifications-1024x707.png 1024w, https:\/\/gfmparts.com\/wp-content\/uploads\/2025\/01\/Bulldozer-Track-Shoe-Specifications-300x207.png 300w, https:\/\/gfmparts.com\/wp-content\/uploads\/2025\/01\/Bulldozer-Track-Shoe-Specifications-768x530.png 768w, https:\/\/gfmparts.com\/wp-content\/uploads\/2025\/01\/Bulldozer-Track-Shoe-Specifications-1536x1060.png 1536w, https:\/\/gfmparts.com\/wp-content\/uploads\/2025\/01\/Bulldozer-Track-Shoe-Specifications-600x414.png 600w, https:\/\/gfmparts.com\/wp-content\/uploads\/2025\/01\/Bulldozer-Track-Shoe-Specifications.png 1743w\" sizes=\"(max-width: 921px) 100vw, 921px\" \/><\/p>\n<h3><span style=\"color: #ff6600;\">Modelos de produtos<\/span><\/h3>\n<p style=\"text-align: center;\"><img decoding=\"async\" class=\"alignnone size-full wp-image-3146\" src=\"https:\/\/gfmparts.com\/wp-content\/uploads\/2024\/11\/bulldozer-part-description.png\" alt=\"descri\u00e7\u00e3o da pe\u00e7a do trator\" width=\"626\" height=\"317\" srcset=\"https:\/\/gfmparts.com\/wp-content\/uploads\/2024\/11\/bulldozer-part-description.png 626w, https:\/\/gfmparts.com\/wp-content\/uploads\/2024\/11\/bulldozer-part-description-300x152.png 300w, https:\/\/gfmparts.com\/wp-content\/uploads\/2024\/11\/bulldozer-part-description-600x304.png 600w\" sizes=\"(max-width: 626px) 100vw, 626px\" \/><\/p>\n<h3><span style=\"color: #ff6600;\">Processo de produ\u00e7\u00e3o<\/span><\/h3>\n<p style=\"text-align: center;\"><iframe title=\"Reprodutor de v\u00eddeo do YouTube\" src=\"https:\/\/www.youtube.com\/embed\/Nj9u7bBv59w?si=nEYwUUSoPTBFYng3\" width=\"1000\" height=\"563\" frameborder=\"0\" allowfullscreen=\"allowfullscreen\"><\/iframe><\/p>\n<p><img loading=\"lazy\" decoding=\"async\" class=\"size-large wp-image-3043 aligncenter\" src=\"https:\/\/gfmparts.com\/wp-content\/uploads\/2024\/12\/\u901a\u7528\u751f\u4ea7\u6d41\u7a0b-1-1024x648.jpg\" alt=\"processo de produ\u00e7\u00e3o de pe\u00e7as de escavadeira\" width=\"1024\" height=\"648\" srcset=\"\" sizes=\"(max-width: 1024px) 100vw, 1024px\" data-srcset=\"\" \/><\/p>\n<h3><span style=\"color: #ff6600;\">Embalagem e Envio<\/span><\/h3>\n<p style=\"text-align: center;\"><img loading=\"lazy\" decoding=\"async\" class=\"alignnone size-large wp-image-6521\" src=\"https:\/\/gfmparts.com\/wp-content\/uploads\/2025\/05\/Packaging-and-Shipping-1-1-1024x648.jpg\" alt=\"Embalagem e Envio\" width=\"1024\" height=\"648\" srcset=\"https:\/\/gfmparts.com\/wp-content\/uploads\/2025\/05\/Packaging-and-Shipping-1-1-1024x648.jpg 1024w, https:\/\/gfmparts.com\/wp-content\/uploads\/2025\/05\/Packaging-and-Shipping-1-1-300x190.jpg 300w, https:\/\/gfmparts.com\/wp-content\/uploads\/2025\/05\/Packaging-and-Shipping-1-1-768x486.jpg 768w, https:\/\/gfmparts.com\/wp-content\/uploads\/2025\/05\/Packaging-and-Shipping-1-1-1536x973.jpg 1536w, https:\/\/gfmparts.com\/wp-content\/uploads\/2025\/05\/Packaging-and-Shipping-1-1-2048x1297.jpg 2048w, https:\/\/gfmparts.com\/wp-content\/uploads\/2025\/05\/Packaging-and-Shipping-1-1-600x380.jpg 600w\" sizes=\"(max-width: 1024px) 100vw, 1024px\" \/><\/p>\n<h3><span style=\"color: #ff6600;\">Vantagens da f\u00e1brica<\/span><\/h3>\n<p><span style=\"color: #000000;\">Como um trator profissional <a style=\"color: #000000;\" href=\"https:\/\/gfmparts.com\/pt\/product\/fabricante-de-correntes-para-esteiras-de-escavadeira\/\">f\u00e1brica de cal\u00e7ados de trilha<\/a>A GFM possui mais de 10 anos de experi\u00eancia em fabrica\u00e7\u00e3o e modernas instala\u00e7\u00f5es de produ\u00e7\u00e3o. Implementamos equipamentos de processamento CNC de ponta e linhas de produ\u00e7\u00e3o automatizadas para garantir que cada corrente atenda aos rigorosos padr\u00f5es de qualidade. Nossa f\u00e1brica possui certifica\u00e7\u00e3o ISO 9001 e conta com um centro de testes independente, que abrange testes de materiais, precis\u00e3o dimensional e durabilidade. A GFM n\u00e3o se preocupa apenas com a qualidade dos produtos, mas tamb\u00e9m com a efici\u00eancia da produ\u00e7\u00e3o e a responsabilidade ambiental, a fim de fornecer aos clientes solu\u00e7\u00f5es em correntes para tratores de esteiras com excelente custo-benef\u00edcio.<\/span><\/p>\n<p><span style=\"color: #000000;\"><strong>Raz\u00f5es para escolher a GFM<\/strong><\/span><\/p>\n<ul>\n<li><span style=\"color: #000000;\"><strong>Excelente qualidade do produto:<\/strong> Selecione mat\u00e9rias-primas de alta qualidade e use tecnologia de precis\u00e3o para garantir o desempenho est\u00e1vel das sapatas de esteira em opera\u00e7\u00f5es de alta carga.<\/span><\/li>\n<li><span style=\"color: #000000;\"><strong>Capacidades de personaliza\u00e7\u00e3o flex\u00edveis:<\/strong> Suporte a servi\u00e7os personalizados de placas de corrente de trator de esteiras com diversas especifica\u00e7\u00f5es e modelos de acordo com as necessidades do cliente.<\/span><\/li>\n<li><span style=\"color: #000000;\"><strong>Servi\u00e7o p\u00f3s-venda perfeito:<\/strong> Forne\u00e7a orienta\u00e7\u00e3o t\u00e9cnica e suporte p\u00f3s-venda para garantir que os clientes tenham uma experi\u00eancia sem preocupa\u00e7\u00f5es durante o uso do produto.<\/span><\/li>\n<li><span style=\"color: #000000;\"><strong>Rede de coopera\u00e7\u00e3o global:<\/strong> Nossas sapatas de esteira para tratores s\u00e3o exportadas para mais de 30 pa\u00edses ao redor do mundo e s\u00e3o muito confi\u00e1veis pelos clientes.<\/span><\/li>\n<\/ul>\n<p><span style=\"color: #000000;\">Com produtos de alta qualidade e capacidade de fabrica\u00e7\u00e3o profissional, a GFM est\u00e1 comprometida em se tornar uma fornecedora confi\u00e1vel de sapatas para esteiras de tratores. Se voc\u00ea procura uma sapata confi\u00e1vel para esteiras de tratores ou uma f\u00e1brica de sapatas de alta qualidade para esteiras de tratores, a GFM \u00e9 a sua melhor escolha!<\/span><\/p>\n<p style=\"text-align: center;\"><span style=\"color: #000000;\"><img loading=\"lazy\" decoding=\"async\" class=\"alignnone wp-image-2159\" src=\"https:\/\/gfmparts.com\/wp-content\/uploads\/2024\/12\/\u5fae\u4fe1\u56fe\u7247_20241202160325-1024x576.jpg\" alt=\"fabricante de rolos transportadores\" width=\"767\" height=\"431\" srcset=\"\" sizes=\"(max-width: 767px) 100vw, 767px\" data-srcset=\"\" \/><\/span><\/p>","protected":false},"excerpt":{"rendered":"<ul>\n<li><span style=\"color: #000000;\">Qualidade garantida do produto<\/span><\/li>\n<li><span style=\"color: #000000;\">Fornecimento grande<\/span><\/li>\n<li><span style=\"color: #000000;\">Pre\u00e7os competitivos<\/span><\/li>\n<li><span style=\"color: #000000;\">A maioria das marcas e modelos<\/span><\/li>\n<li><span style=\"color: #000000;\">Equipe de Atendimento ao Cliente \u00datil<\/span><\/li>\n<li><span style=\"color: #000000;\">Suporte t\u00e9cnico profissional<\/span><\/li>\n<\/ul>","protected":false},"featured_media":3596,"template":"","meta":{"site-sidebar-layout":"default","site-content-layout":"","ast-site-content-layout":"default","site-content-style":"default","site-sidebar-style":"default","ast-global-header-display":"","ast-banner-title-visibility":"","ast-main-header-display":"","ast-hfb-above-header-display":"","ast-hfb-below-header-display":"","ast-hfb-mobile-header-display":"","site-post-title":"","ast-breadcrumbs-content":"","ast-featured-img":"","footer-sml-layout":"","theme-transparent-header-meta":"default","adv-header-id-meta":"","stick-header-meta":"default","header-above-stick-meta":"","header-main-stick-meta":"","header-below-stick-meta":"","astra-migrate-meta-layouts":"set","ast-page-background-enabled":"default","ast-page-background-meta":{"desktop":{"background-color":"","background-image":"","background-repeat":"repeat","background-position":"center center","background-size":"auto","background-attachment":"scroll","background-type":"","background-media":"","overlay-type":"","overlay-color":"","overlay-opacity":"","overlay-gradient":""},"tablet":{"background-color":"","background-image":"","background-repeat":"repeat","background-position":"center center","background-size":"auto","background-attachment":"scroll","background-type":"","background-media":"","overlay-type":"","overlay-color":"","overlay-opacity":"","overlay-gradient":""},"mobile":{"background-color":"","background-image":"","background-repeat":"repeat","background-position":"center center","background-size":"auto","background-attachment":"scroll","background-type":"","background-media":"","overlay-type":"","overlay-color":"","overlay-opacity":"","overlay-gradient":""}},"ast-content-background-meta":{"desktop":{"background-color":"var(--ast-global-color-5)","background-image":"","background-repeat":"repeat","background-position":"center center","background-size":"auto","background-attachment":"scroll","background-type":"","background-media":"","overlay-type":"","overlay-color":"","overlay-opacity":"","overlay-gradient":""},"tablet":{"background-color":"var(--ast-global-color-5)","background-image":"","background-repeat":"repeat","background-position":"center center","background-size":"auto","background-attachment":"scroll","background-type":"","background-media":"","overlay-type":"","overlay-color":"","overlay-opacity":"","overlay-gradient":""},"mobile":{"background-color":"var(--ast-global-color-5)","background-image":"","background-repeat":"repeat","background-position":"center center","background-size":"auto","background-attachment":"scroll","background-type":"","background-media":"","overlay-type":"","overlay-color":"","overlay-opacity":"","overlay-gradient":""}}},"product_cat":[38,33],"product_tag":[],"class_list":{"0":"post-3200","1":"product","2":"type-product","3":"status-publish","4":"has-post-thumbnail","6":"product_cat-undercarriage","7":"product_cat-track-shoe","8":"desktop-align-left","9":"tablet-align-left","10":"mobile-align-left","11":"ast-product-gallery-layout-horizontal-slider","12":"ast-product-tabs-layout-horizontal","14":"first","15":"instock","16":"shipping-taxable","17":"product-type-simple"},"yoast_head":"<!-- This site is optimized with the Yoast SEO Premium plugin v22.8 (Yoast SEO v23.9) - https:\/\/yoast.com\/wordpress\/plugins\/seo\/ -->\n<title>Dozer Grouser Plate - Bulldozer Track Shoe Factory<\/title>\n<meta name=\"description\" content=\"As a professional bulldozer track shoe factory, GFM has more than 10 years of manufacturing experience and modern production facilities. Support customized services.\" \/>\n<meta name=\"robots\" content=\"index, follow, max-snippet:-1, max-image-preview:large, max-video-preview:-1\" \/>\n<link rel=\"canonical\" href=\"https:\/\/gfmparts.com\/pt\/product\/fabrica-de-sapatas-para-esteiras-de-escavadeira\/\" \/>\n<meta property=\"og:locale\" content=\"pt_BR\" \/>\n<meta property=\"og:type\" content=\"article\" \/>\n<meta property=\"og:title\" content=\"Bulldozer Track Shoe Factory\" \/>\n<meta property=\"og:description\" content=\"As a professional bulldozer track shoe factory, GFM has more than 10 years of manufacturing experience and modern production facilities. Support customized services.\" \/>\n<meta property=\"og:url\" content=\"https:\/\/gfmparts.com\/pt\/product\/fabrica-de-sapatas-para-esteiras-de-escavadeira\/\" \/>\n<meta property=\"article:publisher\" content=\"https:\/\/www.facebook.com\/gfmparts\" \/>\n<meta property=\"article:modified_time\" content=\"2025-07-16T03:34:22+00:00\" \/>\n<meta property=\"og:image\" content=\"https:\/\/gfmparts.com\/wp-content\/uploads\/2025\/01\/bulldozer-track-shoe.png\" \/>\n\t<meta property=\"og:image:width\" content=\"388\" \/>\n\t<meta property=\"og:image:height\" content=\"388\" \/>\n\t<meta property=\"og:image:type\" content=\"image\/png\" \/>\n<meta name=\"twitter:card\" content=\"summary_large_image\" \/>\n<meta name=\"twitter:label1\" content=\"Est. tempo de leitura\" \/>\n\t<meta name=\"twitter:data1\" content=\"4 minutos\" \/>\n<script type=\"application\/ld+json\" class=\"yoast-schema-graph\">{\"@context\":\"https:\/\/schema.org\",\"@graph\":[{\"@type\":\"WebPage\",\"@id\":\"https:\/\/gfmparts.com\/product\/bulldozer-track-shoe-factory\/\",\"url\":\"https:\/\/gfmparts.com\/product\/bulldozer-track-shoe-factory\/\",\"name\":\"Dozer Grouser Plate - Bulldozer Track Shoe Factory\",\"isPartOf\":{\"@id\":\"https:\/\/gfmparts.com\/#website\"},\"primaryImageOfPage\":{\"@id\":\"https:\/\/gfmparts.com\/product\/bulldozer-track-shoe-factory\/#primaryimage\"},\"image\":{\"@id\":\"https:\/\/gfmparts.com\/product\/bulldozer-track-shoe-factory\/#primaryimage\"},\"thumbnailUrl\":\"https:\/\/gfmparts.com\/wp-content\/uploads\/2025\/01\/bulldozer-track-shoe.png\",\"datePublished\":\"2025-01-02T01:43:20+00:00\",\"dateModified\":\"2025-07-16T03:34:22+00:00\",\"description\":\"As a professional bulldozer track shoe factory, GFM has more than 10 years of manufacturing experience and modern production facilities. Support customized services.\",\"breadcrumb\":{\"@id\":\"https:\/\/gfmparts.com\/product\/bulldozer-track-shoe-factory\/#breadcrumb\"},\"inLanguage\":\"pt-BR\",\"potentialAction\":[{\"@type\":\"ReadAction\",\"target\":[\"https:\/\/gfmparts.com\/product\/bulldozer-track-shoe-factory\/\"]}]},{\"@type\":\"ImageObject\",\"inLanguage\":\"pt-BR\",\"@id\":\"https:\/\/gfmparts.com\/product\/bulldozer-track-shoe-factory\/#primaryimage\",\"url\":\"https:\/\/gfmparts.com\/wp-content\/uploads\/2025\/01\/bulldozer-track-shoe.png\",\"contentUrl\":\"https:\/\/gfmparts.com\/wp-content\/uploads\/2025\/01\/bulldozer-track-shoe.png\",\"width\":388,\"height\":388,\"caption\":\"Bulldozer Track Shoe\"},{\"@type\":\"BreadcrumbList\",\"@id\":\"https:\/\/gfmparts.com\/product\/bulldozer-track-shoe-factory\/#breadcrumb\",\"itemListElement\":[{\"@type\":\"ListItem\",\"position\":1,\"name\":\"\u9996\u9875\",\"item\":\"https:\/\/gfmparts.com\/\"},{\"@type\":\"ListItem\",\"position\":2,\"name\":\"All Product\",\"item\":\"https:\/\/gfmparts.com\/all-product\/\"},{\"@type\":\"ListItem\",\"position\":3,\"name\":\"Bulldozer Track Shoe Factory\"}]},{\"@type\":\"WebSite\",\"@id\":\"https:\/\/gfmparts.com\/#website\",\"url\":\"https:\/\/gfmparts.com\/\",\"name\":\"GFM PARTS\",\"description\":\"GFM since 2011 focused on excavator and bulldozer undercarriage parts manufacturing :Track rollers,carrier roller,idler,sprocket,track group,bucket tooth pin.\",\"publisher\":{\"@id\":\"https:\/\/gfmparts.com\/#organization\"},\"alternateName\":\"gfmparts.com\",\"potentialAction\":[{\"@type\":\"SearchAction\",\"target\":{\"@type\":\"EntryPoint\",\"urlTemplate\":\"https:\/\/gfmparts.com\/?s={search_term_string}\"},\"query-input\":{\"@type\":\"PropertyValueSpecification\",\"valueRequired\":true,\"valueName\":\"search_term_string\"}}],\"inLanguage\":\"pt-BR\"},{\"@type\":\"Organization\",\"@id\":\"https:\/\/gfmparts.com\/#organization\",\"name\":\"GFM PARTS\",\"url\":\"https:\/\/gfmparts.com\/\",\"logo\":{\"@type\":\"ImageObject\",\"inLanguage\":\"pt-BR\",\"@id\":\"https:\/\/gfmparts.com\/#\/schema\/logo\/image\/\",\"url\":\"https:\/\/gfmparts.com\/wp-content\/uploads\/2024\/11\/cropped-GFMparts.com_-2.png\",\"contentUrl\":\"https:\/\/gfmparts.com\/wp-content\/uploads\/2024\/11\/cropped-GFMparts.com_-2.png\",\"width\":5987,\"height\":2564,\"caption\":\"GFM PARTS\"},\"image\":{\"@id\":\"https:\/\/gfmparts.com\/#\/schema\/logo\/image\/\"},\"sameAs\":[\"https:\/\/www.facebook.com\/gfmparts\",\"https:\/\/www.linkedin.com\/company\/gfmparts\/\",\"https:\/\/www.tiktok.com\/@gfmparts\",\"https:\/\/www.youtube.com\/@GFMparts\/featured\"]}]}<\/script>\n<!-- \/ Yoast SEO Premium plugin. -->","yoast_head_json":{"title":"Dozer Grouser Plate - Bulldozer Track Shoe Factory","description":"As a professional bulldozer track shoe factory, GFM has more than 10 years of manufacturing experience and modern production facilities. Support customized services.","robots":{"index":"index","follow":"follow","max-snippet":"max-snippet:-1","max-image-preview":"max-image-preview:large","max-video-preview":"max-video-preview:-1"},"canonical":"https:\/\/gfmparts.com\/pt\/product\/fabrica-de-sapatas-para-esteiras-de-escavadeira\/","og_locale":"pt_BR","og_type":"article","og_title":"Bulldozer Track Shoe Factory","og_description":"As a professional bulldozer track shoe factory, GFM has more than 10 years of manufacturing experience and modern production facilities. Support customized services.","og_url":"https:\/\/gfmparts.com\/pt\/product\/fabrica-de-sapatas-para-esteiras-de-escavadeira\/","article_publisher":"https:\/\/www.facebook.com\/gfmparts","article_modified_time":"2025-07-16T03:34:22+00:00","og_image":[{"width":388,"height":388,"url":"https:\/\/gfmparts.com\/wp-content\/uploads\/2025\/01\/bulldozer-track-shoe.png","type":"image\/png"}],"twitter_card":"summary_large_image","twitter_misc":{"Est. tempo de leitura":"4 minutos"},"schema":{"@context":"https:\/\/schema.org","@graph":[{"@type":"WebPage","@id":"https:\/\/gfmparts.com\/product\/bulldozer-track-shoe-factory\/","url":"https:\/\/gfmparts.com\/product\/bulldozer-track-shoe-factory\/","name":"Dozer Grouser Plate - Bulldozer Track Shoe Factory","isPartOf":{"@id":"https:\/\/gfmparts.com\/#website"},"primaryImageOfPage":{"@id":"https:\/\/gfmparts.com\/product\/bulldozer-track-shoe-factory\/#primaryimage"},"image":{"@id":"https:\/\/gfmparts.com\/product\/bulldozer-track-shoe-factory\/#primaryimage"},"thumbnailUrl":"https:\/\/gfmparts.com\/wp-content\/uploads\/2025\/01\/bulldozer-track-shoe.png","datePublished":"2025-01-02T01:43:20+00:00","dateModified":"2025-07-16T03:34:22+00:00","description":"As a professional bulldozer track shoe factory, GFM has more than 10 years of manufacturing experience and modern production facilities. Support customized services.","breadcrumb":{"@id":"https:\/\/gfmparts.com\/product\/bulldozer-track-shoe-factory\/#breadcrumb"},"inLanguage":"pt-BR","potentialAction":[{"@type":"ReadAction","target":["https:\/\/gfmparts.com\/product\/bulldozer-track-shoe-factory\/"]}]},{"@type":"ImageObject","inLanguage":"pt-BR","@id":"https:\/\/gfmparts.com\/product\/bulldozer-track-shoe-factory\/#primaryimage","url":"https:\/\/gfmparts.com\/wp-content\/uploads\/2025\/01\/bulldozer-track-shoe.png","contentUrl":"https:\/\/gfmparts.com\/wp-content\/uploads\/2025\/01\/bulldozer-track-shoe.png","width":388,"height":388,"caption":"Bulldozer Track Shoe"},{"@type":"BreadcrumbList","@id":"https:\/\/gfmparts.com\/product\/bulldozer-track-shoe-factory\/#breadcrumb","itemListElement":[{"@type":"ListItem","position":1,"name":"\u9996\u9875","item":"https:\/\/gfmparts.com\/"},{"@type":"ListItem","position":2,"name":"All Product","item":"https:\/\/gfmparts.com\/all-product\/"},{"@type":"ListItem","position":3,"name":"Bulldozer Track Shoe Factory"}]},{"@type":"WebSite","@id":"https:\/\/gfmparts.com\/#website","url":"https:\/\/gfmparts.com\/","name":"GFM PARTS","description":"GFM since 2011 focused on excavator and bulldozer undercarriage parts manufacturing :Track rollers,carrier roller,idler,sprocket,track group,bucket tooth pin.","publisher":{"@id":"https:\/\/gfmparts.com\/#organization"},"alternateName":"gfmparts.com","potentialAction":[{"@type":"SearchAction","target":{"@type":"EntryPoint","urlTemplate":"https:\/\/gfmparts.com\/?s={search_term_string}"},"query-input":{"@type":"PropertyValueSpecification","valueRequired":true,"valueName":"search_term_string"}}],"inLanguage":"pt-BR"},{"@type":"Organization","@id":"https:\/\/gfmparts.com\/#organization","name":"GFM PARTS","url":"https:\/\/gfmparts.com\/","logo":{"@type":"ImageObject","inLanguage":"pt-BR","@id":"https:\/\/gfmparts.com\/#\/schema\/logo\/image\/","url":"https:\/\/gfmparts.com\/wp-content\/uploads\/2024\/11\/cropped-GFMparts.com_-2.png","contentUrl":"https:\/\/gfmparts.com\/wp-content\/uploads\/2024\/11\/cropped-GFMparts.com_-2.png","width":5987,"height":2564,"caption":"GFM PARTS"},"image":{"@id":"https:\/\/gfmparts.com\/#\/schema\/logo\/image\/"},"sameAs":["https:\/\/www.facebook.com\/gfmparts","https:\/\/www.linkedin.com\/company\/gfmparts\/","https:\/\/www.tiktok.com\/@gfmparts","https:\/\/www.youtube.com\/@GFMparts\/featured"]}]}},"_links":{"self":[{"href":"https:\/\/gfmparts.com\/pt\/wp-json\/wp\/v2\/product\/3200"}],"collection":[{"href":"https:\/\/gfmparts.com\/pt\/wp-json\/wp\/v2\/product"}],"about":[{"href":"https:\/\/gfmparts.com\/pt\/wp-json\/wp\/v2\/types\/product"}],"wp:featuredmedia":[{"embeddable":true,"href":"https:\/\/gfmparts.com\/pt\/wp-json\/wp\/v2\/media\/3596"}],"wp:attachment":[{"href":"https:\/\/gfmparts.com\/pt\/wp-json\/wp\/v2\/media?parent=3200"}],"wp:term":[{"taxonomy":"product_cat","embeddable":true,"href":"https:\/\/gfmparts.com\/pt\/wp-json\/wp\/v2\/product_cat?post=3200"},{"taxonomy":"product_tag","embeddable":true,"href":"https:\/\/gfmparts.com\/pt\/wp-json\/wp\/v2\/product_tag?post=3200"}],"curies":[{"name":"wp","href":"https:\/\/api.w.org\/{rel}","templated":true}]}}