{"id":3210,"date":"2025-01-03T01:37:25","date_gmt":"2025-01-03T01:37:25","guid":{"rendered":"https:\/\/gfmparts.com\/?post_type=product&#038;p=3210"},"modified":"2025-07-09T08:08:26","modified_gmt":"2025-07-09T08:08:26","slug":"best-bulldozer-bottom-roller-factory","status":"publish","type":"product","link":"https:\/\/gfmparts.com\/pt\/product\/melhor-fabrica-de-rolos-inferiores-para-tratores\/","title":{"rendered":"Melhor F\u00e1brica de Rolos Inferiores para Bulldozer"},"content":{"rendered":"<p><span style=\"color: #000000;\">GFM <a style=\"color: #000000;\" href=\"https:\/\/gfmparts.com\/pt\/product\/fabricante-de-rolos-inferiores-de-alta-qualidade\/\">rolos de esteira de escavadeira<\/a>, como componentes principais de equipamentos de engenharia de servi\u00e7o pesado, s\u00e3o projetados para ambientes de trabalho extremos. Fabricados em liga de alta resist\u00eancia, s\u00e3o fundidos com precis\u00e3o e tratados termicamente para garantir excelente resist\u00eancia ao desgaste e capacidade de carga em condi\u00e7\u00f5es de trabalho adversas. O design exclusivo da estrutura de veda\u00e7\u00e3o previne eficazmente a entrada de lama e \u00e1gua, prolonga a vida \u00fatil e reduz os custos de manuten\u00e7\u00e3o. Al\u00e9m disso, o design otimizado da estrutura das rodas melhora a efici\u00eancia de rolamento e a estabilidade dos rolos, garantindo uma condu\u00e7\u00e3o suave do trator de esteiras, mesmo em terrenos acidentados, e melhorando a efici\u00eancia operacional e a seguran\u00e7a geral.<\/span><\/p>\n<h3><span style=\"color: #ff6600;\">Descri\u00e7\u00e3o do produto<\/span><\/h3>\n<ul>\n<li><span style=\"color: #000000;\"><strong>Quantidade m\u00ednima:<\/strong>\u00a01 PC<\/span><\/li>\n<li><span style=\"color: #000000;\"><strong>M\u00e9todo de pagamento:<\/strong>\u00a0T\/T<\/span><\/li>\n<li><span style=\"color: #000000;\"><strong>Marca:<\/strong>\u00a0GFM<\/span><\/li>\n<li><span style=\"color: #000000;\"><strong>Doen\u00e7a:<\/strong>\u00a0Novo<\/span><\/li>\n<li><span style=\"color: #000000;\"><strong>Cor:<\/strong>\u00a0Amarelo, Preto ou Personalizado<\/span><\/li>\n<li><span style=\"color: #000000;\"><strong>Tempo de espera:<\/strong>\u00a030 dias<\/span><\/li>\n<li><span style=\"color: #000000;\"><strong>Garantia:<\/strong>\u00a01 ano<\/span><\/li>\n<li><span style=\"color: #000000;\"><strong>Servi\u00e7o:<\/strong>\u00a0OEM ou ODM<\/span><\/li>\n<li><span style=\"color: #000000;\"><strong>Local de origem:<\/strong>\u00a0Fujian, China<\/span><\/li>\n<li><span style=\"color: #000000;\"><strong>Aplicativo:<\/strong> Escavadeira<\/span><\/li>\n<li><span style=\"color: #000000;\"><strong>Embalagem:<\/strong>\u00a0Palete de madeira padr\u00e3o para exporta\u00e7\u00e3o<\/span><\/li>\n<\/ul>\n<p style=\"text-align: center;\"><span style=\"color: #000000;\"><img fetchpriority=\"high\" decoding=\"async\" class=\"alignnone wp-image-3220\" src=\"https:\/\/gfmparts.com\/wp-content\/uploads\/2025\/01\/bulldozer-bottom-roller-2-1.png\" alt=\"rolo inferior do trator\" width=\"621\" height=\"400\" srcset=\"https:\/\/gfmparts.com\/wp-content\/uploads\/2025\/01\/bulldozer-bottom-roller-2-1.png 720w, https:\/\/gfmparts.com\/wp-content\/uploads\/2025\/01\/bulldozer-bottom-roller-2-1-300x193.png 300w, https:\/\/gfmparts.com\/wp-content\/uploads\/2025\/01\/bulldozer-bottom-roller-2-1-600x387.png 600w\" sizes=\"(max-width: 621px) 100vw, 621px\" \/><\/span><\/p>\n<h3><span style=\"color: #ff6600;\">Caracter\u00edsticas<\/span><\/h3>\n<ul>\n<li><span style=\"color: #000000;\"><strong><b>Ultra-dur\u00e1vel: <\/b><\/strong>Feito com a\u00e7o premium e tratamento t\u00e9rmico avan\u00e7ado para desempenho duradouro.<\/span><\/li>\n<li><span style=\"color: #000000;\"><strong><b>Design de alta resist\u00eancia: <\/b><\/strong>Lida com cargas extremas com facilidade, garantindo uma opera\u00e7\u00e3o confi\u00e1vel.<\/span><\/li>\n<li><span style=\"color: #000000;\"><strong><b>Desempenho suave: <\/b><\/strong>Projetado com precis\u00e3o para reduzir vibra\u00e7\u00e3o e desgaste.<\/span><\/li>\n<li><span style=\"color: #000000;\"><strong><b>Livre de manuten\u00e7\u00e3o: <\/b><\/strong>Selado e pr\u00e9-lubrificado para proteger contra sujeira e \u00e1gua.<\/span><\/li>\n<li><span style=\"color: #000000;\"><strong><b>Ajuste universal: <\/b><\/strong>Compat\u00edvel com uma ampla gama de modelos de tratores de esteira.<\/span><\/li>\n<li><span style=\"color: #000000;\"><strong><b>Qualidade comprovada: <\/b><\/strong>Rigorosamente testado para atender e exceder os padr\u00f5es da ind\u00fastria.<\/span><\/li>\n<li><span style=\"color: #000000;\"><strong><b>Custo-benef\u00edcio: <\/b><\/strong>Dur\u00e1vel, confi\u00e1vel e com pre\u00e7o competitivo.<\/span><\/li>\n<li><span style=\"color: #000000;\"><strong><b>Solu\u00e7\u00f5es personaliz\u00e1veis: <\/b><\/strong>Op\u00e7\u00f5es personalizadas para atender \u00e0s necessidades espec\u00edficas do equipamento.<\/span><\/li>\n<\/ul>\n<h3><span style=\"color: #ff6600;\">Especifica\u00e7\u00f5es<\/span><\/h3>\n<p style=\"text-align: center;\"><span style=\"color: #000000;\"> <img decoding=\"async\" class=\"alignnone wp-image-6790 size-large\" src=\"https:\/\/gfmparts.com\/wp-content\/uploads\/2025\/03\/Bulldozer-bottom-roller-Specifications-1024x662.png\" alt=\"Especifica\u00e7\u00f5es do rolo inferior do trator de esteiras\" width=\"1024\" height=\"662\" srcset=\"https:\/\/gfmparts.com\/wp-content\/uploads\/2025\/03\/Bulldozer-bottom-roller-Specifications-1024x662.png 1024w, https:\/\/gfmparts.com\/wp-content\/uploads\/2025\/03\/Bulldozer-bottom-roller-Specifications-300x194.png 300w, https:\/\/gfmparts.com\/wp-content\/uploads\/2025\/03\/Bulldozer-bottom-roller-Specifications-768x497.png 768w, https:\/\/gfmparts.com\/wp-content\/uploads\/2025\/03\/Bulldozer-bottom-roller-Specifications-1536x993.png 1536w, https:\/\/gfmparts.com\/wp-content\/uploads\/2025\/03\/Bulldozer-bottom-roller-Specifications-600x388.png 600w, https:\/\/gfmparts.com\/wp-content\/uploads\/2025\/03\/Bulldozer-bottom-roller-Specifications.png 1863w\" sizes=\"(max-width: 1024px) 100vw, 1024px\" \/><\/span><\/p>\n<h3><span style=\"color: #ff6600;\">Modelos de produtos<\/span><\/h3>\n<p style=\"text-align: center;\"><img decoding=\"async\" class=\"alignnone size-full wp-image-3146\" src=\"https:\/\/gfmparts.com\/wp-content\/uploads\/2024\/11\/bulldozer-part-description.png\" alt=\"descri\u00e7\u00e3o da pe\u00e7a do trator\" width=\"626\" height=\"317\" srcset=\"https:\/\/gfmparts.com\/wp-content\/uploads\/2024\/11\/bulldozer-part-description.png 626w, https:\/\/gfmparts.com\/wp-content\/uploads\/2024\/11\/bulldozer-part-description-300x152.png 300w, https:\/\/gfmparts.com\/wp-content\/uploads\/2024\/11\/bulldozer-part-description-600x304.png 600w\" sizes=\"(max-width: 626px) 100vw, 626px\" \/><\/p>\n<h3><span style=\"color: #ff6600;\">Processo de produ\u00e7\u00e3o<\/span><\/h3>\n<p style=\"text-align: center;\"><iframe title=\"Reprodutor de v\u00eddeo do YouTube\" src=\"https:\/\/www.youtube.com\/embed\/c9nWGaJ_cxc?si=MdoYxVrGQYaNoOFY\" width=\"850\" height=\"479\" frameborder=\"0\" allowfullscreen=\"allowfullscreen\"><span data-mce-type=\"bookmark\" style=\"display: inline-block; width: 0px; overflow: hidden; line-height: 0;\" class=\"mce_SELRES_start\"><\/span><\/iframe><img loading=\"lazy\" decoding=\"async\" class=\"alignnone wp-image-3043 aligncenter\" src=\"https:\/\/gfmparts.com\/wp-content\/uploads\/2024\/12\/\u901a\u7528\u751f\u4ea7\u6d41\u7a0b-1-1024x648.jpg\" alt=\"processo de produ\u00e7\u00e3o de pe\u00e7as de escavadeira\" width=\"999\" height=\"632\" srcset=\"\" sizes=\"(max-width: 999px) 100vw, 999px\" data-srcset=\"\" \/><\/p>\n<h3><span style=\"color: #ff6600;\">Embalagem e Envio<\/span><\/h3>\n<p style=\"text-align: center;\"><img loading=\"lazy\" decoding=\"async\" class=\"alignnone size-large wp-image-6521\" src=\"https:\/\/gfmparts.com\/wp-content\/uploads\/2025\/05\/Packaging-and-Shipping-1-1-1024x648.jpg\" alt=\"Embalagem e Envio\" width=\"1024\" height=\"648\" srcset=\"https:\/\/gfmparts.com\/wp-content\/uploads\/2025\/05\/Packaging-and-Shipping-1-1-1024x648.jpg 1024w, https:\/\/gfmparts.com\/wp-content\/uploads\/2025\/05\/Packaging-and-Shipping-1-1-300x190.jpg 300w, https:\/\/gfmparts.com\/wp-content\/uploads\/2025\/05\/Packaging-and-Shipping-1-1-768x486.jpg 768w, https:\/\/gfmparts.com\/wp-content\/uploads\/2025\/05\/Packaging-and-Shipping-1-1-1536x973.jpg 1536w, https:\/\/gfmparts.com\/wp-content\/uploads\/2025\/05\/Packaging-and-Shipping-1-1-2048x1297.jpg 2048w, https:\/\/gfmparts.com\/wp-content\/uploads\/2025\/05\/Packaging-and-Shipping-1-1-600x380.jpg 600w\" sizes=\"(max-width: 1024px) 100vw, 1024px\" \/><\/p>\n<h3><span style=\"color: #ff6600;\">Vantagens da f\u00e1brica<\/span><\/h3>\n<p><span style=\"color: #000000;\">Como fabricante de pe\u00e7as para tratores de esteira, a GFM disp\u00f5e de equipamentos de produ\u00e7\u00e3o e instrumentos de teste avan\u00e7ados para garantir que cada rolo seja rigorosamente controlado, desde a mat\u00e9ria-prima at\u00e9 o produto final. Nossa equipe de P&amp;D \u00e9 composta por engenheiros experientes que exploram continuamente tecnologias inovadoras e est\u00e3o comprometidos em aprimorar o desempenho e a confiabilidade dos produtos. A f\u00e1brica ocupa uma ampla \u00e1rea, com alto grau de automa\u00e7\u00e3o na linha de produ\u00e7\u00e3o, o que permite responder rapidamente \u00e0 demanda do mercado e realizar produ\u00e7\u00f5es personalizadas em larga escala. Ao mesmo tempo, estabelecemos um sistema completo de servi\u00e7o p\u00f3s-venda para fornecer suporte t\u00e9cnico e fornecimento de pe\u00e7as profissional e pontual a clientes globais, conquistando amplo reconhecimento e confian\u00e7a.<\/span><\/p>\n<p><span style=\"color: #000000;\">GFM&#039;s <a style=\"color: #000000;\" href=\"https:\/\/gfmparts.com\/pt\/product\/fabrica-de-rolos-transportadores-de-escavadeiras-de-rolos-superiores\/\">f\u00e1brica de rolos inferiores<\/a> A GFM otimiza continuamente os processos de produ\u00e7\u00e3o e aprimora a efici\u00eancia produtiva para garantir que a Track Roller for Bulldozers seja l\u00edder de mercado em termos de custo-benef\u00edcio. Seja um fabricante de equipamento original (OEM) em busca de pe\u00e7as de alto desempenho ou um usu\u00e1rio final que precisa de pe\u00e7as de reposi\u00e7\u00e3o, a GFM \u00e9 a sua escolha confi\u00e1vel. Nossa f\u00e1brica n\u00e3o s\u00f3 possui certifica\u00e7\u00e3o ISO, como tamb\u00e9m conquistou diversos pr\u00eamios por inova\u00e7\u00e3o tecnol\u00f3gica, demonstrando nossa s\u00f3lida tradi\u00e7\u00e3o e lideran\u00e7a na \u00e1rea de fabrica\u00e7\u00e3o de pe\u00e7as para bulldozers.<\/span><\/p>\n<p style=\"text-align: center;\"><img loading=\"lazy\" decoding=\"async\" class=\"alignnone wp-image-2159\" src=\"https:\/\/gfmparts.com\/wp-content\/uploads\/2024\/12\/\u5fae\u4fe1\u56fe\u7247_20241202160325-1024x576.jpg\" alt=\"Fabricante de pe\u00e7as para escavadeiras\" width=\"850\" height=\"478\" srcset=\"\" sizes=\"(max-width: 850px) 100vw, 850px\" data-srcset=\"\" \/><\/p>","protected":false},"excerpt":{"rendered":"<ul>\n<li><span style=\"color: #000000;\">Qualidade garantida do produto<\/span><\/li>\n<li><span style=\"color: #000000;\">Fornecimento grande<\/span><\/li>\n<li><span style=\"color: #000000;\">Pre\u00e7os competitivos<\/span><\/li>\n<li><span style=\"color: #000000;\">A maioria das marcas e modelos<\/span><\/li>\n<li><span style=\"color: #000000;\">Equipe de Atendimento ao Cliente \u00datil<\/span><\/li>\n<li><span style=\"color: #000000;\">Suporte t\u00e9cnico profissional<\/span><\/li>\n<\/ul>","protected":false},"featured_media":6874,"template":"","meta":{"site-sidebar-layout":"default","site-content-layout":"","ast-site-content-layout":"default","site-content-style":"default","site-sidebar-style":"default","ast-global-header-display":"","ast-banner-title-visibility":"","ast-main-header-display":"","ast-hfb-above-header-display":"","ast-hfb-below-header-display":"","ast-hfb-mobile-header-display":"","site-post-title":"","ast-breadcrumbs-content":"","ast-featured-img":"","footer-sml-layout":"","theme-transparent-header-meta":"default","adv-header-id-meta":"","stick-header-meta":"default","header-above-stick-meta":"","header-main-stick-meta":"","header-below-stick-meta":"","astra-migrate-meta-layouts":"set","ast-page-background-enabled":"default","ast-page-background-meta":{"desktop":{"background-color":"","background-image":"","background-repeat":"repeat","background-position":"center center","background-size":"auto","background-attachment":"scroll","background-type":"","background-media":"","overlay-type":"","overlay-color":"","overlay-opacity":"","overlay-gradient":""},"tablet":{"background-color":"","background-image":"","background-repeat":"repeat","background-position":"center center","background-size":"auto","background-attachment":"scroll","background-type":"","background-media":"","overlay-type":"","overlay-color":"","overlay-opacity":"","overlay-gradient":""},"mobile":{"background-color":"","background-image":"","background-repeat":"repeat","background-position":"center center","background-size":"auto","background-attachment":"scroll","background-type":"","background-media":"","overlay-type":"","overlay-color":"","overlay-opacity":"","overlay-gradient":""}},"ast-content-background-meta":{"desktop":{"background-color":"var(--ast-global-color-5)","background-image":"","background-repeat":"repeat","background-position":"center center","background-size":"auto","background-attachment":"scroll","background-type":"","background-media":"","overlay-type":"","overlay-color":"","overlay-opacity":"","overlay-gradient":""},"tablet":{"background-color":"var(--ast-global-color-5)","background-image":"","background-repeat":"repeat","background-position":"center center","background-size":"auto","background-attachment":"scroll","background-type":"","background-media":"","overlay-type":"","overlay-color":"","overlay-opacity":"","overlay-gradient":""},"mobile":{"background-color":"var(--ast-global-color-5)","background-image":"","background-repeat":"repeat","background-position":"center center","background-size":"auto","background-attachment":"scroll","background-type":"","background-media":"","overlay-type":"","overlay-color":"","overlay-opacity":"","overlay-gradient":""}}},"product_cat":[38,49],"product_tag":[],"class_list":{"0":"post-3210","1":"product","2":"type-product","3":"status-publish","4":"has-post-thumbnail","6":"product_cat-undercarriage","7":"product_cat-track-roller","8":"desktop-align-left","9":"tablet-align-left","10":"mobile-align-left","11":"ast-product-gallery-layout-horizontal-slider","12":"ast-product-tabs-layout-horizontal","14":"first","15":"instock","16":"shipping-taxable","17":"product-type-simple"},"yoast_head":"<!-- This site is optimized with the Yoast SEO Premium plugin v22.8 (Yoast SEO v23.9) - https:\/\/yoast.com\/wordpress\/plugins\/seo\/ -->\n<title>Bulldozer Track Roller - GFM Bottom Roller Factory<\/title>\n<meta name=\"description\" content=\"GFM Track Roller Factory is an OEM &amp; ODM manufacturer that provides any accessories for bulldozers and supports customization.\" \/>\n<meta name=\"robots\" content=\"index, follow, max-snippet:-1, max-image-preview:large, max-video-preview:-1\" \/>\n<link rel=\"canonical\" href=\"https:\/\/gfmparts.com\/pt\/product\/melhor-fabrica-de-rolos-inferiores-para-tratores\/\" \/>\n<meta property=\"og:locale\" content=\"pt_BR\" \/>\n<meta property=\"og:type\" content=\"article\" \/>\n<meta property=\"og:title\" content=\"Best Bulldozer Bottom Roller Factory\" \/>\n<meta property=\"og:description\" content=\"GFM Track Roller Factory is an OEM &amp; ODM manufacturer that provides any accessories for bulldozers and supports customization.\" \/>\n<meta property=\"og:url\" content=\"https:\/\/gfmparts.com\/pt\/product\/melhor-fabrica-de-rolos-inferiores-para-tratores\/\" \/>\n<meta property=\"article:publisher\" content=\"https:\/\/www.facebook.com\/gfmparts\" \/>\n<meta property=\"article:modified_time\" content=\"2025-07-09T08:08:26+00:00\" \/>\n<meta property=\"og:image\" content=\"https:\/\/gfmparts.com\/wp-content\/uploads\/2025\/01\/Best-Bulldozer-Bottom-Roller-1.png\" \/>\n\t<meta property=\"og:image:width\" content=\"912\" \/>\n\t<meta property=\"og:image:height\" content=\"912\" \/>\n\t<meta property=\"og:image:type\" content=\"image\/png\" \/>\n<meta name=\"twitter:card\" content=\"summary_large_image\" \/>\n<meta name=\"twitter:label1\" content=\"Est. tempo de leitura\" \/>\n\t<meta name=\"twitter:data1\" content=\"4 minutos\" \/>\n<script type=\"application\/ld+json\" class=\"yoast-schema-graph\">{\"@context\":\"https:\/\/schema.org\",\"@graph\":[{\"@type\":\"WebPage\",\"@id\":\"https:\/\/gfmparts.com\/product\/best-bulldozer-bottom-roller-factory\/\",\"url\":\"https:\/\/gfmparts.com\/product\/best-bulldozer-bottom-roller-factory\/\",\"name\":\"Bulldozer Track Roller - GFM Bottom Roller Factory\",\"isPartOf\":{\"@id\":\"https:\/\/gfmparts.com\/#website\"},\"primaryImageOfPage\":{\"@id\":\"https:\/\/gfmparts.com\/product\/best-bulldozer-bottom-roller-factory\/#primaryimage\"},\"image\":{\"@id\":\"https:\/\/gfmparts.com\/product\/best-bulldozer-bottom-roller-factory\/#primaryimage\"},\"thumbnailUrl\":\"https:\/\/gfmparts.com\/wp-content\/uploads\/2025\/01\/Best-Bulldozer-Bottom-Roller-1.png\",\"datePublished\":\"2025-01-03T01:37:25+00:00\",\"dateModified\":\"2025-07-09T08:08:26+00:00\",\"description\":\"GFM Track Roller Factory is an OEM & ODM manufacturer that provides any accessories for bulldozers and supports customization.\",\"breadcrumb\":{\"@id\":\"https:\/\/gfmparts.com\/product\/best-bulldozer-bottom-roller-factory\/#breadcrumb\"},\"inLanguage\":\"pt-BR\",\"potentialAction\":[{\"@type\":\"ReadAction\",\"target\":[\"https:\/\/gfmparts.com\/product\/best-bulldozer-bottom-roller-factory\/\"]}]},{\"@type\":\"ImageObject\",\"inLanguage\":\"pt-BR\",\"@id\":\"https:\/\/gfmparts.com\/product\/best-bulldozer-bottom-roller-factory\/#primaryimage\",\"url\":\"https:\/\/gfmparts.com\/wp-content\/uploads\/2025\/01\/Best-Bulldozer-Bottom-Roller-1.png\",\"contentUrl\":\"https:\/\/gfmparts.com\/wp-content\/uploads\/2025\/01\/Best-Bulldozer-Bottom-Roller-1.png\",\"width\":912,\"height\":912,\"caption\":\"Best Bulldozer Bottom Roller\"},{\"@type\":\"BreadcrumbList\",\"@id\":\"https:\/\/gfmparts.com\/product\/best-bulldozer-bottom-roller-factory\/#breadcrumb\",\"itemListElement\":[{\"@type\":\"ListItem\",\"position\":1,\"name\":\"\u9996\u9875\",\"item\":\"https:\/\/gfmparts.com\/\"},{\"@type\":\"ListItem\",\"position\":2,\"name\":\"All Product\",\"item\":\"https:\/\/gfmparts.com\/all-product\/\"},{\"@type\":\"ListItem\",\"position\":3,\"name\":\"Best Bulldozer Bottom Roller Factory\"}]},{\"@type\":\"WebSite\",\"@id\":\"https:\/\/gfmparts.com\/#website\",\"url\":\"https:\/\/gfmparts.com\/\",\"name\":\"GFM PARTS\",\"description\":\"GFM since 2011 focused on excavator and bulldozer undercarriage parts manufacturing :Track rollers,carrier roller,idler,sprocket,track group,bucket tooth pin.\",\"publisher\":{\"@id\":\"https:\/\/gfmparts.com\/#organization\"},\"alternateName\":\"gfmparts.com\",\"potentialAction\":[{\"@type\":\"SearchAction\",\"target\":{\"@type\":\"EntryPoint\",\"urlTemplate\":\"https:\/\/gfmparts.com\/?s={search_term_string}\"},\"query-input\":{\"@type\":\"PropertyValueSpecification\",\"valueRequired\":true,\"valueName\":\"search_term_string\"}}],\"inLanguage\":\"pt-BR\"},{\"@type\":\"Organization\",\"@id\":\"https:\/\/gfmparts.com\/#organization\",\"name\":\"GFM PARTS\",\"url\":\"https:\/\/gfmparts.com\/\",\"logo\":{\"@type\":\"ImageObject\",\"inLanguage\":\"pt-BR\",\"@id\":\"https:\/\/gfmparts.com\/#\/schema\/logo\/image\/\",\"url\":\"https:\/\/gfmparts.com\/wp-content\/uploads\/2024\/11\/cropped-GFMparts.com_-2.png\",\"contentUrl\":\"https:\/\/gfmparts.com\/wp-content\/uploads\/2024\/11\/cropped-GFMparts.com_-2.png\",\"width\":5987,\"height\":2564,\"caption\":\"GFM PARTS\"},\"image\":{\"@id\":\"https:\/\/gfmparts.com\/#\/schema\/logo\/image\/\"},\"sameAs\":[\"https:\/\/www.facebook.com\/gfmparts\",\"https:\/\/www.linkedin.com\/company\/gfmparts\/\",\"https:\/\/www.tiktok.com\/@gfmparts\",\"https:\/\/www.youtube.com\/@GFMparts\/featured\"]}]}<\/script>\n<!-- \/ Yoast SEO Premium plugin. -->","yoast_head_json":{"title":"Bulldozer Track Roller - GFM Bottom Roller Factory","description":"GFM Track Roller Factory is an OEM & ODM manufacturer that provides any accessories for bulldozers and supports customization.","robots":{"index":"index","follow":"follow","max-snippet":"max-snippet:-1","max-image-preview":"max-image-preview:large","max-video-preview":"max-video-preview:-1"},"canonical":"https:\/\/gfmparts.com\/pt\/product\/melhor-fabrica-de-rolos-inferiores-para-tratores\/","og_locale":"pt_BR","og_type":"article","og_title":"Best Bulldozer Bottom Roller Factory","og_description":"GFM Track Roller Factory is an OEM & ODM manufacturer that provides any accessories for bulldozers and supports customization.","og_url":"https:\/\/gfmparts.com\/pt\/product\/melhor-fabrica-de-rolos-inferiores-para-tratores\/","article_publisher":"https:\/\/www.facebook.com\/gfmparts","article_modified_time":"2025-07-09T08:08:26+00:00","og_image":[{"width":912,"height":912,"url":"https:\/\/gfmparts.com\/wp-content\/uploads\/2025\/01\/Best-Bulldozer-Bottom-Roller-1.png","type":"image\/png"}],"twitter_card":"summary_large_image","twitter_misc":{"Est. tempo de leitura":"4 minutos"},"schema":{"@context":"https:\/\/schema.org","@graph":[{"@type":"WebPage","@id":"https:\/\/gfmparts.com\/product\/best-bulldozer-bottom-roller-factory\/","url":"https:\/\/gfmparts.com\/product\/best-bulldozer-bottom-roller-factory\/","name":"Bulldozer Track Roller - GFM Bottom Roller Factory","isPartOf":{"@id":"https:\/\/gfmparts.com\/#website"},"primaryImageOfPage":{"@id":"https:\/\/gfmparts.com\/product\/best-bulldozer-bottom-roller-factory\/#primaryimage"},"image":{"@id":"https:\/\/gfmparts.com\/product\/best-bulldozer-bottom-roller-factory\/#primaryimage"},"thumbnailUrl":"https:\/\/gfmparts.com\/wp-content\/uploads\/2025\/01\/Best-Bulldozer-Bottom-Roller-1.png","datePublished":"2025-01-03T01:37:25+00:00","dateModified":"2025-07-09T08:08:26+00:00","description":"GFM Track Roller Factory is an OEM & ODM manufacturer that provides any accessories for bulldozers and supports customization.","breadcrumb":{"@id":"https:\/\/gfmparts.com\/product\/best-bulldozer-bottom-roller-factory\/#breadcrumb"},"inLanguage":"pt-BR","potentialAction":[{"@type":"ReadAction","target":["https:\/\/gfmparts.com\/product\/best-bulldozer-bottom-roller-factory\/"]}]},{"@type":"ImageObject","inLanguage":"pt-BR","@id":"https:\/\/gfmparts.com\/product\/best-bulldozer-bottom-roller-factory\/#primaryimage","url":"https:\/\/gfmparts.com\/wp-content\/uploads\/2025\/01\/Best-Bulldozer-Bottom-Roller-1.png","contentUrl":"https:\/\/gfmparts.com\/wp-content\/uploads\/2025\/01\/Best-Bulldozer-Bottom-Roller-1.png","width":912,"height":912,"caption":"Best Bulldozer Bottom Roller"},{"@type":"BreadcrumbList","@id":"https:\/\/gfmparts.com\/product\/best-bulldozer-bottom-roller-factory\/#breadcrumb","itemListElement":[{"@type":"ListItem","position":1,"name":"\u9996\u9875","item":"https:\/\/gfmparts.com\/"},{"@type":"ListItem","position":2,"name":"All Product","item":"https:\/\/gfmparts.com\/all-product\/"},{"@type":"ListItem","position":3,"name":"Best Bulldozer Bottom Roller Factory"}]},{"@type":"WebSite","@id":"https:\/\/gfmparts.com\/#website","url":"https:\/\/gfmparts.com\/","name":"GFM PARTS","description":"GFM since 2011 focused on excavator and bulldozer undercarriage parts manufacturing :Track rollers,carrier roller,idler,sprocket,track group,bucket tooth pin.","publisher":{"@id":"https:\/\/gfmparts.com\/#organization"},"alternateName":"gfmparts.com","potentialAction":[{"@type":"SearchAction","target":{"@type":"EntryPoint","urlTemplate":"https:\/\/gfmparts.com\/?s={search_term_string}"},"query-input":{"@type":"PropertyValueSpecification","valueRequired":true,"valueName":"search_term_string"}}],"inLanguage":"pt-BR"},{"@type":"Organization","@id":"https:\/\/gfmparts.com\/#organization","name":"GFM PARTS","url":"https:\/\/gfmparts.com\/","logo":{"@type":"ImageObject","inLanguage":"pt-BR","@id":"https:\/\/gfmparts.com\/#\/schema\/logo\/image\/","url":"https:\/\/gfmparts.com\/wp-content\/uploads\/2024\/11\/cropped-GFMparts.com_-2.png","contentUrl":"https:\/\/gfmparts.com\/wp-content\/uploads\/2024\/11\/cropped-GFMparts.com_-2.png","width":5987,"height":2564,"caption":"GFM PARTS"},"image":{"@id":"https:\/\/gfmparts.com\/#\/schema\/logo\/image\/"},"sameAs":["https:\/\/www.facebook.com\/gfmparts","https:\/\/www.linkedin.com\/company\/gfmparts\/","https:\/\/www.tiktok.com\/@gfmparts","https:\/\/www.youtube.com\/@GFMparts\/featured"]}]}},"_links":{"self":[{"href":"https:\/\/gfmparts.com\/pt\/wp-json\/wp\/v2\/product\/3210"}],"collection":[{"href":"https:\/\/gfmparts.com\/pt\/wp-json\/wp\/v2\/product"}],"about":[{"href":"https:\/\/gfmparts.com\/pt\/wp-json\/wp\/v2\/types\/product"}],"wp:featuredmedia":[{"embeddable":true,"href":"https:\/\/gfmparts.com\/pt\/wp-json\/wp\/v2\/media\/6874"}],"wp:attachment":[{"href":"https:\/\/gfmparts.com\/pt\/wp-json\/wp\/v2\/media?parent=3210"}],"wp:term":[{"taxonomy":"product_cat","embeddable":true,"href":"https:\/\/gfmparts.com\/pt\/wp-json\/wp\/v2\/product_cat?post=3210"},{"taxonomy":"product_tag","embeddable":true,"href":"https:\/\/gfmparts.com\/pt\/wp-json\/wp\/v2\/product_tag?post=3210"}],"curies":[{"name":"wp","href":"https:\/\/api.w.org\/{rel}","templated":true}]}}