{"id":3227,"date":"2025-01-06T06:32:09","date_gmt":"2025-01-06T06:32:09","guid":{"rendered":"https:\/\/gfmparts.com\/?post_type=product&#038;p=3227"},"modified":"2025-07-16T03:33:46","modified_gmt":"2025-07-16T03:33:46","slug":"bulldozer-swamp-track-shoe-supplier","status":"publish","type":"product","link":"https:\/\/gfmparts.com\/pt\/product\/fornecedor-de-sapatas-para-esteiras-de-pantano-para-tratores\/","title":{"rendered":"Fornecedor de sapatas para esteiras de p\u00e2ntano para trator de esteiras"},"content":{"rendered":"<p><span style=\"color: #000000;\">Como um trator profissional <a style=\"color: #000000;\" href=\"https:\/\/gfmparts.com\/pt\/product\/fabrica-de-sapatas-para-esteiras-de-escavadeira\/\">fabricante de cal\u00e7ados para corrida<\/a>, a GFM se concentra em fornecer tratores de alto desempenho <a style=\"color: #000000;\" href=\"https:\/\/gfmparts.com\/pt\/product\/fabricante-de-correntes-para-esteiras-de-escavadeira\/\">t\u00eanis para trilha em p\u00e2ntano<\/a> e sapata de esteira. As sapatas de esteira para p\u00e2ntanos produzidas pela GFM s\u00e3o feitas de a\u00e7o-liga de alta resist\u00eancia e possuem excelente resist\u00eancia ao desgaste e propriedades antiderrapantes por meio de avan\u00e7ados processos de tratamento t\u00e9rmico. A estrutura de esteira larga especialmente projetada pode reduzir efetivamente a press\u00e3o sobre o solo, garantindo que o equipamento mantenha uma opera\u00e7\u00e3o est\u00e1vel em ambientes macios e lamacentos, reduzindo os danos ao solo e melhorando a efici\u00eancia da constru\u00e7\u00e3o. Nossos produtos s\u00e3o conhecidos por sua durabilidade, estabilidade e excelente adaptabilidade, sendo especialmente adequados para p\u00e2ntanos complexos e ambientes de constru\u00e7\u00e3o adversos.<\/span><\/p>\n<h3><span style=\"color: #ff6600;\">Descri\u00e7\u00e3o do produto<\/span><\/h3>\n<ul>\n<li><span style=\"color: #000000;\"><strong>Quantidade m\u00ednima:<\/strong>\u00a01 PC<\/span><\/li>\n<li><span style=\"color: #000000;\"><strong>M\u00e9todo de pagamento:<\/strong>\u00a0T\/T<\/span><\/li>\n<li><span style=\"color: #000000;\"><strong>Marca:<\/strong>\u00a0GFM<\/span><\/li>\n<li><span style=\"color: #000000;\"><strong>Doen\u00e7a:<\/strong>\u00a0Novo<\/span><\/li>\n<li><span style=\"color: #000000;\"><strong>Cor:<\/strong>\u00a0Amarelo, Preto ou Personalizado<\/span><\/li>\n<li><span style=\"color: #000000;\"><strong>Tempo de espera:<\/strong>\u00a030 dias<\/span><\/li>\n<li><span style=\"color: #000000;\"><strong>Garantia:<\/strong>\u00a01 ano<\/span><\/li>\n<li><span style=\"color: #000000;\"><strong>Servi\u00e7o:<\/strong>\u00a0OEM ou ODM<\/span><\/li>\n<li><span style=\"color: #000000;\"><strong>Local de origem:<\/strong>\u00a0Fujian, China<\/span><\/li>\n<li><span style=\"color: #000000;\"><strong>Aplicativo:<\/strong> Escavadeira<\/span><\/li>\n<li><span style=\"color: #000000;\"><strong>Embalagem:<\/strong>\u00a0Palete de madeira padr\u00e3o para exporta\u00e7\u00e3o<\/span><\/li>\n<\/ul>\n<p style=\"text-align: center;\"><img fetchpriority=\"high\" decoding=\"async\" class=\"alignnone wp-image-3229\" src=\"https:\/\/gfmparts.com\/wp-content\/uploads\/2025\/01\/\u63a8\u571f\u673a\u6e7f\u5730\u677fswamp-track-shoe-1-1024x768.jpg\" alt=\"sapato para trilha de p\u00e2ntano-2\" width=\"435\" height=\"327\" srcset=\"https:\/\/gfmparts.com\/wp-content\/uploads\/2025\/01\/\u63a8\u571f\u673a\u6e7f\u5730\u677fswamp-track-shoe-1-1024x768.jpg 1024w, https:\/\/gfmparts.com\/wp-content\/uploads\/2025\/01\/\u63a8\u571f\u673a\u6e7f\u5730\u677fswamp-track-shoe-1-300x225.jpg 300w, https:\/\/gfmparts.com\/wp-content\/uploads\/2025\/01\/\u63a8\u571f\u673a\u6e7f\u5730\u677fswamp-track-shoe-1-768x576.jpg 768w, https:\/\/gfmparts.com\/wp-content\/uploads\/2025\/01\/\u63a8\u571f\u673a\u6e7f\u5730\u677fswamp-track-shoe-1-1536x1152.jpg 1536w, https:\/\/gfmparts.com\/wp-content\/uploads\/2025\/01\/\u63a8\u571f\u673a\u6e7f\u5730\u677fswamp-track-shoe-1-2048x1536.jpg 2048w, https:\/\/gfmparts.com\/wp-content\/uploads\/2025\/01\/\u63a8\u571f\u673a\u6e7f\u5730\u677fswamp-track-shoe-1-600x450.jpg 600w\" sizes=\"(max-width: 435px) 100vw, 435px\" \/> \u00a0<img decoding=\"async\" class=\"alignnone wp-image-3230\" src=\"https:\/\/gfmparts.com\/wp-content\/uploads\/2025\/01\/\u63a8\u571f\u673a\u6e7f\u5730\u677fswamp-track-shoe-6-1024x768.jpg\" alt=\"sapato para trilha de p\u00e2ntano -1\" width=\"438\" height=\"328\" srcset=\"https:\/\/gfmparts.com\/wp-content\/uploads\/2025\/01\/\u63a8\u571f\u673a\u6e7f\u5730\u677fswamp-track-shoe-6-1024x768.jpg 1024w, https:\/\/gfmparts.com\/wp-content\/uploads\/2025\/01\/\u63a8\u571f\u673a\u6e7f\u5730\u677fswamp-track-shoe-6-300x225.jpg 300w, https:\/\/gfmparts.com\/wp-content\/uploads\/2025\/01\/\u63a8\u571f\u673a\u6e7f\u5730\u677fswamp-track-shoe-6-768x576.jpg 768w, https:\/\/gfmparts.com\/wp-content\/uploads\/2025\/01\/\u63a8\u571f\u673a\u6e7f\u5730\u677fswamp-track-shoe-6-1536x1152.jpg 1536w, https:\/\/gfmparts.com\/wp-content\/uploads\/2025\/01\/\u63a8\u571f\u673a\u6e7f\u5730\u677fswamp-track-shoe-6-2048x1536.jpg 2048w, https:\/\/gfmparts.com\/wp-content\/uploads\/2025\/01\/\u63a8\u571f\u673a\u6e7f\u5730\u677fswamp-track-shoe-6-600x450.jpg 600w\" sizes=\"(max-width: 438px) 100vw, 438px\" \/><\/p>\n<h3><span style=\"color: #ff6600;\">Caracter\u00edsticas<\/span><\/h3>\n<ul>\n<li><b><\/b><span style=\"color: #000000;\"><strong>Resist\u00eancia projetada:<\/strong> Feito de a\u00e7o de alta resist\u00eancia para se destacar nas condi\u00e7\u00f5es exigentes de p\u00e2ntanos e \u00e1reas alagadas.<\/span><\/li>\n<li><span style=\"color: #000000;\"><strong>Tra\u00e7\u00e3o excepcional:<\/strong> O design especializado da banda de rodagem proporciona ader\u00eancia e estabilidade inigual\u00e1veis em terrenos macios, lamacentos e alagados.<\/span><\/li>\n<li><span style=\"color: #000000;\"><strong>Durabilidade estendida:<\/strong> Minimiza o desgaste e protege o material rodante, garantindo um desempenho confi\u00e1vel ao longo do tempo.<\/span><\/li>\n<li><span style=\"color: #000000;\"><strong>Resistente \u00e0 corros\u00e3o:<\/strong> Revestimento avan\u00e7ado que protege contra ferrugem e umidade, perfeito para uso prolongado em ambientes \u00famidos.<\/span><\/li>\n<li><span style=\"color: #000000;\"><strong>Desempenho econ\u00f4mico:<\/strong> Reduz a frequ\u00eancia de manuten\u00e7\u00e3o e os custos operacionais com durabilidade e confiabilidade superiores.<\/span><\/li>\n<li><span style=\"color: #000000;\"><strong>Aplica\u00e7\u00e3o vers\u00e1til:<\/strong> Projetado para se destacar em diversas condi\u00e7\u00f5es de \u00e1reas \u00famidas, de p\u00e2ntanos a brejos, oferecendo desempenho confi\u00e1vel em solos macios ou saturados.<\/span><\/li>\n<\/ul>\n<h3><span style=\"color: #ff6600;\">Modelos de produtos<\/span><\/h3>\n<p style=\"text-align: center;\"><img decoding=\"async\" class=\"alignnone size-full wp-image-3146\" src=\"https:\/\/gfmparts.com\/wp-content\/uploads\/2024\/11\/bulldozer-part-description.png\" alt=\"descri\u00e7\u00e3o da pe\u00e7a do trator\" width=\"626\" height=\"317\" srcset=\"https:\/\/gfmparts.com\/wp-content\/uploads\/2024\/11\/bulldozer-part-description.png 626w, https:\/\/gfmparts.com\/wp-content\/uploads\/2024\/11\/bulldozer-part-description-300x152.png 300w, https:\/\/gfmparts.com\/wp-content\/uploads\/2024\/11\/bulldozer-part-description-600x304.png 600w\" sizes=\"(max-width: 626px) 100vw, 626px\" \/><\/p>\n<h3><span style=\"color: #ff6600;\">Processo de produ\u00e7\u00e3o<\/span><\/h3>\n<p style=\"text-align: center;\"><iframe title=\"Reprodutor de v\u00eddeo do YouTube\" src=\"https:\/\/www.youtube.com\/embed\/Nj9u7bBv59w?si=nEYwUUSoPTBFYng3\" width=\"1000\" height=\"563\" frameborder=\"0\" allowfullscreen=\"allowfullscreen\"><\/iframe><\/p>\n<p><img loading=\"lazy\" decoding=\"async\" class=\"size-large wp-image-3043 aligncenter\" src=\"https:\/\/gfmparts.com\/wp-content\/uploads\/2024\/12\/\u901a\u7528\u751f\u4ea7\u6d41\u7a0b-1-1024x648.jpg\" alt=\"processo de produ\u00e7\u00e3o de pe\u00e7as de escavadeira\" width=\"1024\" height=\"648\" srcset=\"\" sizes=\"(max-width: 1024px) 100vw, 1024px\" data-srcset=\"\" \/><\/p>\n<h3><span style=\"color: #ff6600;\">Embalagem e Envio<\/span><\/h3>\n<p style=\"text-align: center;\"><img loading=\"lazy\" decoding=\"async\" class=\"alignnone size-large wp-image-6521\" src=\"https:\/\/gfmparts.com\/wp-content\/uploads\/2025\/05\/Packaging-and-Shipping-1-1-1024x648.jpg\" alt=\"Embalagem e Envio\" width=\"1024\" height=\"648\" srcset=\"https:\/\/gfmparts.com\/wp-content\/uploads\/2025\/05\/Packaging-and-Shipping-1-1-1024x648.jpg 1024w, https:\/\/gfmparts.com\/wp-content\/uploads\/2025\/05\/Packaging-and-Shipping-1-1-300x190.jpg 300w, https:\/\/gfmparts.com\/wp-content\/uploads\/2025\/05\/Packaging-and-Shipping-1-1-768x486.jpg 768w, https:\/\/gfmparts.com\/wp-content\/uploads\/2025\/05\/Packaging-and-Shipping-1-1-1536x973.jpg 1536w, https:\/\/gfmparts.com\/wp-content\/uploads\/2025\/05\/Packaging-and-Shipping-1-1-2048x1297.jpg 2048w, https:\/\/gfmparts.com\/wp-content\/uploads\/2025\/05\/Packaging-and-Shipping-1-1-600x380.jpg 600w\" sizes=\"(max-width: 1024px) 100vw, 1024px\" \/><\/p>\n<h3><span style=\"color: #ff6600;\">Vantagens da f\u00e1brica<\/span><\/h3>\n<p><span style=\"color: #000000;\">As sapatas de esteira GFM para tratores s\u00e3o baseadas em processamento preciso e encaixe perfeito para garantir que a corrente permane\u00e7a lisa e suave sob altas cargas. Seu material altamente resistente ao desgaste e design otimizado n\u00e3o s\u00f3 prolongam a vida \u00fatil, como tamb\u00e9m reduzem os custos de manuten\u00e7\u00e3o do equipamento. Seja para terraplenagem, minera\u00e7\u00e3o ou constru\u00e7\u00e3o de \u00e1reas \u00famidas, as sapatas de esteira GFM s\u00e3o perfeitas.<\/span><\/p>\n<h5><span style=\"color: #000000;\">Por que escolher a GFM como fornecedora de pe\u00e7as para tratores?<\/span><\/h5>\n<ul>\n<li><span style=\"color: #000000;\"><strong>Forte capacidade de produ\u00e7\u00e3o:<\/strong> A GFM possui equipamentos de f\u00e1brica modernos e linhas de produ\u00e7\u00e3o automatizadas para garantir a entrega eficiente de pedidos de grande volume.<\/span><\/li>\n<li><span style=\"color: #000000;\"><strong>Inova\u00e7\u00e3o tecnol\u00f3gica:<\/strong> Nossa equipe de P&amp;D est\u00e1 comprometida em otimizar o design de produtos e fornecer solu\u00e7\u00f5es com melhor desempenho.<\/span><\/li>\n<li><span style=\"color: #000000;\"><strong>Atendimento personalizado:<\/strong> Oferecemos suporte a servi\u00e7os personalizados de OEM\/ODM, e tamanhos e especifica\u00e7\u00f5es especiais de sapatas e correntes de esteira podem ser desenvolvidos de acordo com as necessidades do cliente.<\/span><\/li>\n<li><span style=\"color: #000000;\"><strong>Rica experi\u00eancia:<\/strong> Mais de dez anos de profunda experi\u00eancia no setor nos tornaram um parceiro de longo prazo de muitas marcas de renome internacional.<\/span><\/li>\n<\/ul>\n<p><span style=\"color: #000000;\">Como um trator profissional <a style=\"color: #000000;\" href=\"https:\/\/gfmparts.com\/pt\/product\/fabricante-de-sapatas-de-esteira-para-garras-de-escavadeira\/\">fornecedor de cal\u00e7ados para corrida<\/a>A GFM conquistou a confian\u00e7a de clientes globais com excelente qualidade e servi\u00e7os de alta qualidade. Se voc\u00ea precisa de pe\u00e7as confi\u00e1veis para tratores, entre em contato conosco para obter mais informa\u00e7\u00f5es sobre produtos e solu\u00e7\u00f5es!<\/span><\/p>\n<p style=\"text-align: center;\"><span style=\"color: #000000;\"><img loading=\"lazy\" decoding=\"async\" class=\"alignnone wp-image-2159\" src=\"https:\/\/gfmparts.com\/wp-content\/uploads\/2024\/12\/\u5fae\u4fe1\u56fe\u7247_20241202160325-1024x576.jpg\" alt=\"fabricante de rolos transportadores\" width=\"767\" height=\"431\" srcset=\"\" sizes=\"(max-width: 767px) 100vw, 767px\" data-srcset=\"\" \/><\/span><\/p>","protected":false},"excerpt":{"rendered":"<ul>\n<li><span style=\"color: #000000;\">Qualidade garantida do produto<\/span><\/li>\n<li><span style=\"color: #000000;\">Fornecimento grande<\/span><\/li>\n<li><span style=\"color: #000000;\">Pre\u00e7os competitivos<\/span><\/li>\n<li><span style=\"color: #000000;\">A maioria das marcas e modelos<\/span><\/li>\n<li><span style=\"color: #000000;\">Equipe de Atendimento ao Cliente \u00datil<\/span><\/li>\n<li><span style=\"color: #000000;\">Suporte t\u00e9cnico profissional<\/span><\/li>\n<\/ul>","protected":false},"featured_media":3594,"template":"","meta":{"site-sidebar-layout":"default","site-content-layout":"","ast-site-content-layout":"default","site-content-style":"default","site-sidebar-style":"default","ast-global-header-display":"","ast-banner-title-visibility":"","ast-main-header-display":"","ast-hfb-above-header-display":"","ast-hfb-below-header-display":"","ast-hfb-mobile-header-display":"","site-post-title":"","ast-breadcrumbs-content":"","ast-featured-img":"","footer-sml-layout":"","theme-transparent-header-meta":"default","adv-header-id-meta":"","stick-header-meta":"default","header-above-stick-meta":"","header-main-stick-meta":"","header-below-stick-meta":"","astra-migrate-meta-layouts":"set","ast-page-background-enabled":"default","ast-page-background-meta":{"desktop":{"background-color":"","background-image":"","background-repeat":"repeat","background-position":"center center","background-size":"auto","background-attachment":"scroll","background-type":"","background-media":"","overlay-type":"","overlay-color":"","overlay-opacity":"","overlay-gradient":""},"tablet":{"background-color":"","background-image":"","background-repeat":"repeat","background-position":"center center","background-size":"auto","background-attachment":"scroll","background-type":"","background-media":"","overlay-type":"","overlay-color":"","overlay-opacity":"","overlay-gradient":""},"mobile":{"background-color":"","background-image":"","background-repeat":"repeat","background-position":"center center","background-size":"auto","background-attachment":"scroll","background-type":"","background-media":"","overlay-type":"","overlay-color":"","overlay-opacity":"","overlay-gradient":""}},"ast-content-background-meta":{"desktop":{"background-color":"var(--ast-global-color-5)","background-image":"","background-repeat":"repeat","background-position":"center center","background-size":"auto","background-attachment":"scroll","background-type":"","background-media":"","overlay-type":"","overlay-color":"","overlay-opacity":"","overlay-gradient":""},"tablet":{"background-color":"var(--ast-global-color-5)","background-image":"","background-repeat":"repeat","background-position":"center center","background-size":"auto","background-attachment":"scroll","background-type":"","background-media":"","overlay-type":"","overlay-color":"","overlay-opacity":"","overlay-gradient":""},"mobile":{"background-color":"var(--ast-global-color-5)","background-image":"","background-repeat":"repeat","background-position":"center center","background-size":"auto","background-attachment":"scroll","background-type":"","background-media":"","overlay-type":"","overlay-color":"","overlay-opacity":"","overlay-gradient":""}}},"product_cat":[38,33],"product_tag":[],"class_list":{"0":"post-3227","1":"product","2":"type-product","3":"status-publish","4":"has-post-thumbnail","6":"product_cat-undercarriage","7":"product_cat-track-shoe","8":"desktop-align-left","9":"tablet-align-left","10":"mobile-align-left","11":"ast-product-gallery-layout-horizontal-slider","12":"ast-product-gallery-with-no-image","13":"ast-product-tabs-layout-horizontal","15":"first","16":"instock","17":"shipping-taxable","18":"product-type-simple"},"yoast_head":"<!-- This site is optimized with the Yoast SEO Premium plugin v22.8 (Yoast SEO v23.9) - https:\/\/yoast.com\/wordpress\/plugins\/seo\/ -->\n<title>Swamp Track Shoe - Bulldozer Track Shoe Supplier<\/title>\n<meta name=\"description\" content=\"As a dozer track shoe supplier, GFM supports OEM\/ODM customization services and can develop track shoes of special sizes and specifications according to customer needs.\" \/>\n<meta name=\"robots\" content=\"index, follow, max-snippet:-1, max-image-preview:large, max-video-preview:-1\" \/>\n<link rel=\"canonical\" href=\"https:\/\/gfmparts.com\/pt\/product\/fornecedor-de-sapatas-para-esteiras-de-pantano-para-tratores\/\" \/>\n<meta property=\"og:locale\" content=\"pt_BR\" \/>\n<meta property=\"og:type\" content=\"article\" \/>\n<meta property=\"og:title\" content=\"Bulldozer Swamp Track Shoe Supplier\" \/>\n<meta property=\"og:description\" content=\"As a dozer track shoe supplier, GFM supports OEM\/ODM customization services and can develop track shoes of special sizes and specifications according to customer needs.\" \/>\n<meta property=\"og:url\" content=\"https:\/\/gfmparts.com\/pt\/product\/fornecedor-de-sapatas-para-esteiras-de-pantano-para-tratores\/\" \/>\n<meta property=\"article:publisher\" content=\"https:\/\/www.facebook.com\/gfmparts\" \/>\n<meta property=\"article:modified_time\" content=\"2025-07-16T03:33:46+00:00\" \/>\n<meta property=\"og:image\" content=\"https:\/\/gfmparts.com\/wp-content\/uploads\/2025\/01\/bulldozer-swamp-track-shoe-1-1024x1024.png\" \/>\n\t<meta property=\"og:image:width\" content=\"1024\" \/>\n\t<meta property=\"og:image:height\" content=\"1024\" \/>\n\t<meta property=\"og:image:type\" content=\"image\/png\" \/>\n<meta name=\"twitter:card\" content=\"summary_large_image\" \/>\n<meta name=\"twitter:label1\" content=\"Est. tempo de leitura\" \/>\n\t<meta name=\"twitter:data1\" content=\"4 minutos\" \/>\n<script type=\"application\/ld+json\" class=\"yoast-schema-graph\">{\"@context\":\"https:\/\/schema.org\",\"@graph\":[{\"@type\":\"WebPage\",\"@id\":\"https:\/\/gfmparts.com\/product\/bulldozer-swamp-track-shoe-supplier\/\",\"url\":\"https:\/\/gfmparts.com\/product\/bulldozer-swamp-track-shoe-supplier\/\",\"name\":\"Swamp Track Shoe - Bulldozer Track Shoe Supplier\",\"isPartOf\":{\"@id\":\"https:\/\/gfmparts.com\/#website\"},\"primaryImageOfPage\":{\"@id\":\"https:\/\/gfmparts.com\/product\/bulldozer-swamp-track-shoe-supplier\/#primaryimage\"},\"image\":{\"@id\":\"https:\/\/gfmparts.com\/product\/bulldozer-swamp-track-shoe-supplier\/#primaryimage\"},\"thumbnailUrl\":\"https:\/\/gfmparts.com\/wp-content\/uploads\/2025\/01\/bulldozer-swamp-track-shoe-1.png\",\"datePublished\":\"2025-01-06T06:32:09+00:00\",\"dateModified\":\"2025-07-16T03:33:46+00:00\",\"description\":\"As a dozer track shoe supplier, GFM supports OEM\/ODM customization services and can develop track shoes of special sizes and specifications according to customer needs.\",\"breadcrumb\":{\"@id\":\"https:\/\/gfmparts.com\/product\/bulldozer-swamp-track-shoe-supplier\/#breadcrumb\"},\"inLanguage\":\"pt-BR\",\"potentialAction\":[{\"@type\":\"ReadAction\",\"target\":[\"https:\/\/gfmparts.com\/product\/bulldozer-swamp-track-shoe-supplier\/\"]}]},{\"@type\":\"ImageObject\",\"inLanguage\":\"pt-BR\",\"@id\":\"https:\/\/gfmparts.com\/product\/bulldozer-swamp-track-shoe-supplier\/#primaryimage\",\"url\":\"https:\/\/gfmparts.com\/wp-content\/uploads\/2025\/01\/bulldozer-swamp-track-shoe-1.png\",\"contentUrl\":\"https:\/\/gfmparts.com\/wp-content\/uploads\/2025\/01\/bulldozer-swamp-track-shoe-1.png\",\"width\":3072,\"height\":3072,\"caption\":\"Bulldozer Swamp Track Shoe\"},{\"@type\":\"BreadcrumbList\",\"@id\":\"https:\/\/gfmparts.com\/product\/bulldozer-swamp-track-shoe-supplier\/#breadcrumb\",\"itemListElement\":[{\"@type\":\"ListItem\",\"position\":1,\"name\":\"\u9996\u9875\",\"item\":\"https:\/\/gfmparts.com\/\"},{\"@type\":\"ListItem\",\"position\":2,\"name\":\"All Product\",\"item\":\"https:\/\/gfmparts.com\/all-product\/\"},{\"@type\":\"ListItem\",\"position\":3,\"name\":\"Bulldozer Swamp Track Shoe Supplier\"}]},{\"@type\":\"WebSite\",\"@id\":\"https:\/\/gfmparts.com\/#website\",\"url\":\"https:\/\/gfmparts.com\/\",\"name\":\"GFM PARTS\",\"description\":\"GFM since 2011 focused on excavator and bulldozer undercarriage parts manufacturing :Track rollers,carrier roller,idler,sprocket,track group,bucket tooth pin.\",\"publisher\":{\"@id\":\"https:\/\/gfmparts.com\/#organization\"},\"alternateName\":\"gfmparts.com\",\"potentialAction\":[{\"@type\":\"SearchAction\",\"target\":{\"@type\":\"EntryPoint\",\"urlTemplate\":\"https:\/\/gfmparts.com\/?s={search_term_string}\"},\"query-input\":{\"@type\":\"PropertyValueSpecification\",\"valueRequired\":true,\"valueName\":\"search_term_string\"}}],\"inLanguage\":\"pt-BR\"},{\"@type\":\"Organization\",\"@id\":\"https:\/\/gfmparts.com\/#organization\",\"name\":\"GFM PARTS\",\"url\":\"https:\/\/gfmparts.com\/\",\"logo\":{\"@type\":\"ImageObject\",\"inLanguage\":\"pt-BR\",\"@id\":\"https:\/\/gfmparts.com\/#\/schema\/logo\/image\/\",\"url\":\"https:\/\/gfmparts.com\/wp-content\/uploads\/2024\/11\/cropped-GFMparts.com_-2.png\",\"contentUrl\":\"https:\/\/gfmparts.com\/wp-content\/uploads\/2024\/11\/cropped-GFMparts.com_-2.png\",\"width\":5987,\"height\":2564,\"caption\":\"GFM PARTS\"},\"image\":{\"@id\":\"https:\/\/gfmparts.com\/#\/schema\/logo\/image\/\"},\"sameAs\":[\"https:\/\/www.facebook.com\/gfmparts\",\"https:\/\/www.linkedin.com\/company\/gfmparts\/\",\"https:\/\/www.tiktok.com\/@gfmparts\",\"https:\/\/www.youtube.com\/@GFMparts\/featured\"]}]}<\/script>\n<!-- \/ Yoast SEO Premium plugin. -->","yoast_head_json":{"title":"Swamp Track Shoe - Bulldozer Track Shoe Supplier","description":"As a dozer track shoe supplier, GFM supports OEM\/ODM customization services and can develop track shoes of special sizes and specifications according to customer needs.","robots":{"index":"index","follow":"follow","max-snippet":"max-snippet:-1","max-image-preview":"max-image-preview:large","max-video-preview":"max-video-preview:-1"},"canonical":"https:\/\/gfmparts.com\/pt\/product\/fornecedor-de-sapatas-para-esteiras-de-pantano-para-tratores\/","og_locale":"pt_BR","og_type":"article","og_title":"Bulldozer Swamp Track Shoe Supplier","og_description":"As a dozer track shoe supplier, GFM supports OEM\/ODM customization services and can develop track shoes of special sizes and specifications according to customer needs.","og_url":"https:\/\/gfmparts.com\/pt\/product\/fornecedor-de-sapatas-para-esteiras-de-pantano-para-tratores\/","article_publisher":"https:\/\/www.facebook.com\/gfmparts","article_modified_time":"2025-07-16T03:33:46+00:00","og_image":[{"width":1024,"height":1024,"url":"https:\/\/gfmparts.com\/wp-content\/uploads\/2025\/01\/bulldozer-swamp-track-shoe-1-1024x1024.png","type":"image\/png"}],"twitter_card":"summary_large_image","twitter_misc":{"Est. tempo de leitura":"4 minutos"},"schema":{"@context":"https:\/\/schema.org","@graph":[{"@type":"WebPage","@id":"https:\/\/gfmparts.com\/product\/bulldozer-swamp-track-shoe-supplier\/","url":"https:\/\/gfmparts.com\/product\/bulldozer-swamp-track-shoe-supplier\/","name":"Swamp Track Shoe - Bulldozer Track Shoe Supplier","isPartOf":{"@id":"https:\/\/gfmparts.com\/#website"},"primaryImageOfPage":{"@id":"https:\/\/gfmparts.com\/product\/bulldozer-swamp-track-shoe-supplier\/#primaryimage"},"image":{"@id":"https:\/\/gfmparts.com\/product\/bulldozer-swamp-track-shoe-supplier\/#primaryimage"},"thumbnailUrl":"https:\/\/gfmparts.com\/wp-content\/uploads\/2025\/01\/bulldozer-swamp-track-shoe-1.png","datePublished":"2025-01-06T06:32:09+00:00","dateModified":"2025-07-16T03:33:46+00:00","description":"As a dozer track shoe supplier, GFM supports OEM\/ODM customization services and can develop track shoes of special sizes and specifications according to customer needs.","breadcrumb":{"@id":"https:\/\/gfmparts.com\/product\/bulldozer-swamp-track-shoe-supplier\/#breadcrumb"},"inLanguage":"pt-BR","potentialAction":[{"@type":"ReadAction","target":["https:\/\/gfmparts.com\/product\/bulldozer-swamp-track-shoe-supplier\/"]}]},{"@type":"ImageObject","inLanguage":"pt-BR","@id":"https:\/\/gfmparts.com\/product\/bulldozer-swamp-track-shoe-supplier\/#primaryimage","url":"https:\/\/gfmparts.com\/wp-content\/uploads\/2025\/01\/bulldozer-swamp-track-shoe-1.png","contentUrl":"https:\/\/gfmparts.com\/wp-content\/uploads\/2025\/01\/bulldozer-swamp-track-shoe-1.png","width":3072,"height":3072,"caption":"Bulldozer Swamp Track Shoe"},{"@type":"BreadcrumbList","@id":"https:\/\/gfmparts.com\/product\/bulldozer-swamp-track-shoe-supplier\/#breadcrumb","itemListElement":[{"@type":"ListItem","position":1,"name":"\u9996\u9875","item":"https:\/\/gfmparts.com\/"},{"@type":"ListItem","position":2,"name":"All Product","item":"https:\/\/gfmparts.com\/all-product\/"},{"@type":"ListItem","position":3,"name":"Bulldozer Swamp Track Shoe Supplier"}]},{"@type":"WebSite","@id":"https:\/\/gfmparts.com\/#website","url":"https:\/\/gfmparts.com\/","name":"GFM PARTS","description":"GFM since 2011 focused on excavator and bulldozer undercarriage parts manufacturing :Track rollers,carrier roller,idler,sprocket,track group,bucket tooth pin.","publisher":{"@id":"https:\/\/gfmparts.com\/#organization"},"alternateName":"gfmparts.com","potentialAction":[{"@type":"SearchAction","target":{"@type":"EntryPoint","urlTemplate":"https:\/\/gfmparts.com\/?s={search_term_string}"},"query-input":{"@type":"PropertyValueSpecification","valueRequired":true,"valueName":"search_term_string"}}],"inLanguage":"pt-BR"},{"@type":"Organization","@id":"https:\/\/gfmparts.com\/#organization","name":"GFM PARTS","url":"https:\/\/gfmparts.com\/","logo":{"@type":"ImageObject","inLanguage":"pt-BR","@id":"https:\/\/gfmparts.com\/#\/schema\/logo\/image\/","url":"https:\/\/gfmparts.com\/wp-content\/uploads\/2024\/11\/cropped-GFMparts.com_-2.png","contentUrl":"https:\/\/gfmparts.com\/wp-content\/uploads\/2024\/11\/cropped-GFMparts.com_-2.png","width":5987,"height":2564,"caption":"GFM PARTS"},"image":{"@id":"https:\/\/gfmparts.com\/#\/schema\/logo\/image\/"},"sameAs":["https:\/\/www.facebook.com\/gfmparts","https:\/\/www.linkedin.com\/company\/gfmparts\/","https:\/\/www.tiktok.com\/@gfmparts","https:\/\/www.youtube.com\/@GFMparts\/featured"]}]}},"_links":{"self":[{"href":"https:\/\/gfmparts.com\/pt\/wp-json\/wp\/v2\/product\/3227"}],"collection":[{"href":"https:\/\/gfmparts.com\/pt\/wp-json\/wp\/v2\/product"}],"about":[{"href":"https:\/\/gfmparts.com\/pt\/wp-json\/wp\/v2\/types\/product"}],"wp:featuredmedia":[{"embeddable":true,"href":"https:\/\/gfmparts.com\/pt\/wp-json\/wp\/v2\/media\/3594"}],"wp:attachment":[{"href":"https:\/\/gfmparts.com\/pt\/wp-json\/wp\/v2\/media?parent=3227"}],"wp:term":[{"taxonomy":"product_cat","embeddable":true,"href":"https:\/\/gfmparts.com\/pt\/wp-json\/wp\/v2\/product_cat?post=3227"},{"taxonomy":"product_tag","embeddable":true,"href":"https:\/\/gfmparts.com\/pt\/wp-json\/wp\/v2\/product_tag?post=3227"}],"curies":[{"name":"wp","href":"https:\/\/api.w.org\/{rel}","templated":true}]}}