{"id":3234,"date":"2025-01-07T06:22:40","date_gmt":"2025-01-07T06:22:40","guid":{"rendered":"https:\/\/gfmparts.com\/?post_type=product&#038;p=3234"},"modified":"2025-07-01T05:55:42","modified_gmt":"2025-07-01T05:55:42","slug":"track-carrier-roller-manufacturers","status":"publish","type":"product","link":"https:\/\/gfmparts.com\/pt\/product\/fabricantes-de-rolos-transportadores-de-esteiras\/","title":{"rendered":"Fabricantes de rolos transportadores de escavadeiras e tratores de esteira"},"content":{"rendered":"<p><span style=\"color: #000000;\">O <a style=\"color: #000000;\" href=\"https:\/\/gfmparts.com\/pt\/product\/melhor-fabrica-de-rolos-inferiores-para-tratores\/\">rolo transportador de esteira<\/a> A escavadeira e o trator de esteiras s\u00e3o uma parte importante do sistema de esteiras do trator de esteiras. S\u00e3o usados principalmente para apoiar o sistema de esteiras do trator de esteiras e garantir o bom funcionamento da esteira. Rodas de apoio de alta qualidade podem distribuir o peso de forma eficaz, reduzir o desgaste da esteira e prolongar a vida \u00fatil do trator de esteiras. Como profissional <a style=\"color: #000000;\" href=\"https:\/\/gfmparts.com\/pt\/product\/fabrica-de-rolos-transportadores-de-escavadeiras-de-rolos-superiores\/\">fabricante de rolos transportadores<\/a>A GFM oferece uma variedade de rodas de apoio adequadas para escavadeiras e tratores de esteira de diferentes especifica\u00e7\u00f5es e marcas. Nossas rodas de apoio s\u00e3o feitas de a\u00e7o-liga de alta resist\u00eancia e possuem excelente resist\u00eancia \u00e0 compress\u00e3o e ao desgaste, garantindo que seu equipamento continue operando com efici\u00eancia em ambientes adversos.<\/span><\/p>\n<h3><span style=\"color: #ff6600;\">Descri\u00e7\u00e3o do produto<\/span><\/h3>\n<ul>\n<li><span style=\"color: #000000;\"><strong>Quantidade m\u00ednima:<\/strong>\u00a01 PC<\/span><\/li>\n<li><span style=\"color: #000000;\"><strong>M\u00e9todo de pagamento:<\/strong>\u00a0T\/T<\/span><\/li>\n<li><span style=\"color: #000000;\"><strong>Marca:<\/strong>\u00a0GFM<\/span><\/li>\n<li><span style=\"color: #000000;\"><strong>Doen\u00e7a:<\/strong>\u00a0Novo<\/span><\/li>\n<li><span style=\"color: #000000;\"><strong>Cor:<\/strong>\u00a0Amarelo, Preto ou Personalizado<\/span><\/li>\n<li><span style=\"color: #000000;\"><strong>Tempo de espera:<\/strong>\u00a030 dias<\/span><\/li>\n<li><span style=\"color: #000000;\"><strong>Garantia:<\/strong>\u00a01 ano<\/span><\/li>\n<li><span style=\"color: #000000;\"><strong>Servi\u00e7o:<\/strong>\u00a0OEM ou ODM<\/span><\/li>\n<li><span style=\"color: #000000;\"><strong>Local de origem:<\/strong>\u00a0Fujian, China<\/span><\/li>\n<li><span style=\"color: #000000;\"><strong>Aplicativo:<\/strong>\u00a0Escavadeira ou trator de esteira<\/span><\/li>\n<li><span style=\"color: #000000;\"><strong>Embalagem:<\/strong>\u00a0Palete de madeira padr\u00e3o para exporta\u00e7\u00e3o<\/span><\/li>\n<\/ul>\n<p style=\"text-align: center;\"><span style=\"color: #000000;\"><img fetchpriority=\"high\" decoding=\"async\" class=\"alignnone wp-image-3236\" src=\"https:\/\/gfmparts.com\/wp-content\/uploads\/2025\/01\/excavator-bulldozer-track-carrier-roller-1024x839.jpg\" alt=\"rolo transportador de esteiras para escavadeira, trator de esteiras\" width=\"811\" height=\"664\" srcset=\"https:\/\/gfmparts.com\/wp-content\/uploads\/2025\/01\/excavator-bulldozer-track-carrier-roller-1024x839.jpg 1024w, https:\/\/gfmparts.com\/wp-content\/uploads\/2025\/01\/excavator-bulldozer-track-carrier-roller-300x246.jpg 300w, https:\/\/gfmparts.com\/wp-content\/uploads\/2025\/01\/excavator-bulldozer-track-carrier-roller-768x629.jpg 768w, https:\/\/gfmparts.com\/wp-content\/uploads\/2025\/01\/excavator-bulldozer-track-carrier-roller-600x491.jpg 600w, https:\/\/gfmparts.com\/wp-content\/uploads\/2025\/01\/excavator-bulldozer-track-carrier-roller.jpg 1132w\" sizes=\"(max-width: 811px) 100vw, 811px\" \/><\/span><\/p>\n<h3><span style=\"color: #ff6600;\">Caracter\u00edsticas<\/span><\/h3>\n<ul>\n<li><span style=\"color: #000000;\"><b><\/b><strong><b>Durabilidade duradoura: <\/b><\/strong>Feito de a\u00e7o de alta qualidade e resistente ao desgaste para m\u00e1xima resist\u00eancia e vida \u00fatil prolongada.<\/span><\/li>\n<li><span style=\"color: #000000;\"><b><\/b><strong><b>Selado e Lubrificado<\/b><\/strong>: O design totalmente selado impede a entrada de sujeira, \u00e1gua e contaminantes, minimizando o desgaste e a manuten\u00e7\u00e3o.<\/span><\/li>\n<li><span style=\"color: #000000;\"><b><\/b><strong><b>Opera\u00e7\u00e3o suave<\/b><\/strong>: Projetado com precis\u00e3o para fornecer suporte eficiente e est\u00e1vel para a parte superior da pista.<\/span><\/li>\n<li><span style=\"color: #000000;\"><b><\/b><strong><b>Resist\u00eancia \u00e0 corros\u00e3o<\/b><\/strong>: Tratamentos de superf\u00edcie resistentes \u00e0 corros\u00e3o garantem uma opera\u00e7\u00e3o confi\u00e1vel em ambientes adversos.<\/span><\/li>\n<li><span style=\"color: #000000;\"><b><\/b><strong><b>Serve para v\u00e1rios modelos<\/b><\/strong>:Projetado para se adaptar a uma ampla gama de modelos de escavadeiras e tratores para diversas aplica\u00e7\u00f5es.<\/span><\/li>\n<li><span style=\"color: #000000;\"><b><\/b><strong><b>Resist\u00eancia comprovada: <\/b><\/strong>Testado para desempenho confi\u00e1vel em condi\u00e7\u00f5es extremas, reduzindo o tempo de inatividade e aumentando a produtividade.<\/span><\/li>\n<\/ul>\n<p><span style=\"color: #000000;\">Na GFM Factory, nossos rolos transportadores s\u00e3o constru\u00eddos para otimizar o desempenho da sua m\u00e1quina, garantindo opera\u00e7\u00f5es de esteira mais suaves e maior vida \u00fatil do equipamento.<\/span><\/p>\n<h3><span style=\"color: #ff6600;\">Especifica\u00e7\u00f5es<\/span><\/h3>\n<p style=\"text-align: center;\"><span style=\"color: #000000;\"><img decoding=\"async\" class=\"alignnone  wp-image-6818\" src=\"https:\/\/gfmparts.com\/wp-content\/uploads\/2025\/03\/carrier-roller-Main-Dimensions-of-Installation-1024x761.png\" alt=\"rolo transportador Dimens\u00f5es principais de instala\u00e7\u00e3o\" width=\"908\" height=\"675\" srcset=\"https:\/\/gfmparts.com\/wp-content\/uploads\/2025\/03\/carrier-roller-Main-Dimensions-of-Installation-1024x761.png 1024w, https:\/\/gfmparts.com\/wp-content\/uploads\/2025\/03\/carrier-roller-Main-Dimensions-of-Installation-300x223.png 300w, https:\/\/gfmparts.com\/wp-content\/uploads\/2025\/03\/carrier-roller-Main-Dimensions-of-Installation-768x571.png 768w, https:\/\/gfmparts.com\/wp-content\/uploads\/2025\/03\/carrier-roller-Main-Dimensions-of-Installation-1536x1141.png 1536w, https:\/\/gfmparts.com\/wp-content\/uploads\/2025\/03\/carrier-roller-Main-Dimensions-of-Installation-16x12.png 16w, https:\/\/gfmparts.com\/wp-content\/uploads\/2025\/03\/carrier-roller-Main-Dimensions-of-Installation-600x446.png 600w, https:\/\/gfmparts.com\/wp-content\/uploads\/2025\/03\/carrier-roller-Main-Dimensions-of-Installation.png 1595w\" sizes=\"(max-width: 908px) 100vw, 908px\" \/><\/span><\/p>\n<h3><span style=\"color: #ff6600;\">Modelos de produtos<\/span><\/h3>\n<p style=\"text-align: center;\"><img decoding=\"async\" class=\"alignnone size-full wp-image-3154\" src=\"https:\/\/gfmparts.com\/wp-content\/uploads\/2024\/12\/excavator-and-bulldozer-part-description.png\" alt=\"descri\u00e7\u00e3o das pe\u00e7as da escavadeira e do trator de esteira\" width=\"853\" height=\"736\" srcset=\"https:\/\/gfmparts.com\/wp-content\/uploads\/2024\/12\/excavator-and-bulldozer-part-description.png 853w, https:\/\/gfmparts.com\/wp-content\/uploads\/2024\/12\/excavator-and-bulldozer-part-description-300x259.png 300w, https:\/\/gfmparts.com\/wp-content\/uploads\/2024\/12\/excavator-and-bulldozer-part-description-768x663.png 768w, https:\/\/gfmparts.com\/wp-content\/uploads\/2024\/12\/excavator-and-bulldozer-part-description-600x518.png 600w\" sizes=\"(max-width: 853px) 100vw, 853px\" \/><\/p>\n<h3><span style=\"color: #ff6600;\">Processo de produ\u00e7\u00e3o<\/span><\/h3>\n<p><img loading=\"lazy\" decoding=\"async\" class=\"size-large wp-image-3043 aligncenter\" src=\"https:\/\/gfmparts.com\/wp-content\/uploads\/2024\/12\/\u901a\u7528\u751f\u4ea7\u6d41\u7a0b-1-1024x648.jpg\" alt=\"processo de produ\u00e7\u00e3o de pe\u00e7as de escavadeira\" width=\"1024\" height=\"648\" srcset=\"\" sizes=\"(max-width: 1024px) 100vw, 1024px\" data-srcset=\"\" \/><\/p>\n<h3><span style=\"color: #ff6600;\">Embalagem e Envio<\/span><\/h3>\n<p style=\"text-align: center;\"><img loading=\"lazy\" decoding=\"async\" class=\"alignnone size-large wp-image-6521\" src=\"https:\/\/gfmparts.com\/wp-content\/uploads\/2025\/05\/Packaging-and-Shipping-1-1-1024x648.jpg\" alt=\"Embalagem e Envio\" width=\"1024\" height=\"648\" srcset=\"https:\/\/gfmparts.com\/wp-content\/uploads\/2025\/05\/Packaging-and-Shipping-1-1-1024x648.jpg 1024w, https:\/\/gfmparts.com\/wp-content\/uploads\/2025\/05\/Packaging-and-Shipping-1-1-300x190.jpg 300w, https:\/\/gfmparts.com\/wp-content\/uploads\/2025\/05\/Packaging-and-Shipping-1-1-768x486.jpg 768w, https:\/\/gfmparts.com\/wp-content\/uploads\/2025\/05\/Packaging-and-Shipping-1-1-1536x973.jpg 1536w, https:\/\/gfmparts.com\/wp-content\/uploads\/2025\/05\/Packaging-and-Shipping-1-1-2048x1297.jpg 2048w, https:\/\/gfmparts.com\/wp-content\/uploads\/2025\/05\/Packaging-and-Shipping-1-1-600x380.jpg 600w\" sizes=\"(max-width: 1024px) 100vw, 1024px\" \/><\/p>\n<h3><span style=\"color: #ff6600;\">Vantagens da f\u00e1brica<\/span><\/h3>\n<p>Como l\u00edder<span style=\"color: #000000;\">ng <a style=\"color: #000000;\" href=\"https:\/\/gfmparts.com\/pt\/product\/fornecedor-de-sapatas-para-esteiras-de-pantano-para-tratores\/\">fabricante de pe\u00e7as de material rodante para escavadeira<\/a> No setor, a GFM n\u00e3o s\u00f3 possui equipamentos de produ\u00e7\u00e3o avan\u00e7ados, como tamb\u00e9m possui s\u00f3lidas capacidades de P&amp;D. Estabelecemos rela\u00e7\u00f5es de coopera\u00e7\u00e3o de longo prazo com diversos fabricantes de equipamentos renomados e podemos fornecer aos clientes solu\u00e7\u00f5es personalizadas de rodas de apoio. Seja para personaliza\u00e7\u00e3o de modelos espec\u00edficos ou para requisitos de personaliza\u00e7\u00e3o para condi\u00e7\u00f5es especiais de trabalho, a GFM pode fornecer produtos de alta qualidade que atendem aos padr\u00f5es do setor. Al\u00e9m disso, nossas rodas de apoio passam por rigorosas inspe\u00e7\u00f5es de qualidade para garantir que cada produto atenda aos padr\u00f5es internacionais de certifica\u00e7\u00e3o de qualidade, ajudando os clientes a melhorar a efici\u00eancia do trabalho e reduzir os custos de manuten\u00e7\u00e3o dos equipamentos.<\/span><\/p>\n<p><span style=\"color: #000000;\">Escolher os rolos compactadores para tratores da GFM n\u00e3o significa apenas escolher um produto dur\u00e1vel e confi\u00e1vel, mas tamb\u00e9m um fornecedor de servi\u00e7os completo. Os rolos compactadores da GFM apresentam diversas vantagens, como resist\u00eancia a altas temperaturas, corros\u00e3o e desgaste, e podem apresentar excelente desempenho em diversos terrenos e ambientes de trabalho complexos. Estamos comprometidos em fornecer os rolos compactadores mais econ\u00f4micos por meio de processos de produ\u00e7\u00e3o precisos e rigoroso controle de qualidade, ajudando os clientes a melhorar o desempenho geral dos equipamentos em diversas tarefas de constru\u00e7\u00e3o.<\/span><\/p>\n<p style=\"text-align: center;\"><span style=\"color: #000000;\"><img loading=\"lazy\" decoding=\"async\" class=\"alignnone wp-image-2159\" src=\"https:\/\/gfmparts.com\/wp-content\/uploads\/2024\/12\/\u5fae\u4fe1\u56fe\u7247_20241202160325-1024x576.jpg\" alt=\"fabricante de rolos transportadores\" width=\"767\" height=\"431\" srcset=\"\" sizes=\"(max-width: 767px) 100vw, 767px\" data-srcset=\"\" \/><\/span><\/p>","protected":false},"excerpt":{"rendered":"<ul>\n<li><span style=\"color: #000000;\">Qualidade garantida do produto<\/span><\/li>\n<li><span style=\"color: #000000;\">Fornecimento grande<\/span><\/li>\n<li><span style=\"color: #000000;\">Pre\u00e7os competitivos<\/span><\/li>\n<li><span style=\"color: #000000;\">A maioria das marcas e modelos<\/span><\/li>\n<li><span style=\"color: #000000;\">Equipe de Atendimento ao Cliente \u00datil<\/span><\/li>\n<li><span style=\"color: #000000;\">Suporte t\u00e9cnico profissional<\/span><\/li>\n<\/ul>","protected":false},"featured_media":3593,"template":"","meta":{"site-sidebar-layout":"default","site-content-layout":"","ast-site-content-layout":"default","site-content-style":"default","site-sidebar-style":"default","ast-global-header-display":"","ast-banner-title-visibility":"","ast-main-header-display":"","ast-hfb-above-header-display":"","ast-hfb-below-header-display":"","ast-hfb-mobile-header-display":"","site-post-title":"","ast-breadcrumbs-content":"","ast-featured-img":"","footer-sml-layout":"","theme-transparent-header-meta":"default","adv-header-id-meta":"","stick-header-meta":"default","header-above-stick-meta":"","header-main-stick-meta":"","header-below-stick-meta":"","astra-migrate-meta-layouts":"set","ast-page-background-enabled":"default","ast-page-background-meta":{"desktop":{"background-color":"","background-image":"","background-repeat":"repeat","background-position":"center center","background-size":"auto","background-attachment":"scroll","background-type":"","background-media":"","overlay-type":"","overlay-color":"","overlay-opacity":"","overlay-gradient":""},"tablet":{"background-color":"","background-image":"","background-repeat":"repeat","background-position":"center center","background-size":"auto","background-attachment":"scroll","background-type":"","background-media":"","overlay-type":"","overlay-color":"","overlay-opacity":"","overlay-gradient":""},"mobile":{"background-color":"","background-image":"","background-repeat":"repeat","background-position":"center center","background-size":"auto","background-attachment":"scroll","background-type":"","background-media":"","overlay-type":"","overlay-color":"","overlay-opacity":"","overlay-gradient":""}},"ast-content-background-meta":{"desktop":{"background-color":"var(--ast-global-color-5)","background-image":"","background-repeat":"repeat","background-position":"center center","background-size":"auto","background-attachment":"scroll","background-type":"","background-media":"","overlay-type":"","overlay-color":"","overlay-opacity":"","overlay-gradient":""},"tablet":{"background-color":"var(--ast-global-color-5)","background-image":"","background-repeat":"repeat","background-position":"center center","background-size":"auto","background-attachment":"scroll","background-type":"","background-media":"","overlay-type":"","overlay-color":"","overlay-opacity":"","overlay-gradient":""},"mobile":{"background-color":"var(--ast-global-color-5)","background-image":"","background-repeat":"repeat","background-position":"center center","background-size":"auto","background-attachment":"scroll","background-type":"","background-media":"","overlay-type":"","overlay-color":"","overlay-opacity":"","overlay-gradient":""}}},"product_cat":[38,30],"product_tag":[],"class_list":{"0":"post-3234","1":"product","2":"type-product","3":"status-publish","4":"has-post-thumbnail","6":"product_cat-undercarriage","7":"product_cat-carrier-roller","8":"desktop-align-left","9":"tablet-align-left","10":"mobile-align-left","11":"ast-product-gallery-layout-horizontal-slider","12":"ast-product-gallery-with-no-image","13":"ast-product-tabs-layout-horizontal","15":"first","16":"instock","17":"shipping-taxable","18":"product-type-simple"},"yoast_head":"<!-- This site is optimized with the Yoast SEO Premium plugin v22.8 (Yoast SEO v23.9) - https:\/\/yoast.com\/wordpress\/plugins\/seo\/ -->\n<title>Excavator and Bulldozer Track Carrier Roller Manufacturers - GFM<\/title>\n<meta name=\"description\" content=\"As a leading undercarriage parts manufacturer in the industry, GFM not only has advanced production equipment, supports customization of specific models, and customized needs for special working conditions.\" \/>\n<meta name=\"robots\" content=\"index, follow, max-snippet:-1, max-image-preview:large, max-video-preview:-1\" \/>\n<link rel=\"canonical\" href=\"https:\/\/gfmparts.com\/pt\/product\/fabricantes-de-rolos-transportadores-de-esteiras\/\" \/>\n<meta property=\"og:locale\" content=\"pt_BR\" \/>\n<meta property=\"og:type\" content=\"article\" \/>\n<meta property=\"og:title\" content=\"Excavator and Bulldozer Carrier Roller Manufacturers\" \/>\n<meta property=\"og:description\" content=\"As a leading undercarriage parts manufacturer in the industry, GFM not only has advanced production equipment, supports customization of specific models, and customized needs for special working conditions.\" \/>\n<meta property=\"og:url\" content=\"https:\/\/gfmparts.com\/pt\/product\/fabricantes-de-rolos-transportadores-de-esteiras\/\" \/>\n<meta property=\"article:publisher\" content=\"https:\/\/www.facebook.com\/gfmparts\" \/>\n<meta property=\"article:modified_time\" content=\"2025-07-01T05:55:42+00:00\" \/>\n<meta property=\"og:image\" content=\"https:\/\/gfmparts.com\/wp-content\/uploads\/2025\/01\/Excavator-and-Bulldozer-Carrier-Roller.png\" \/>\n\t<meta property=\"og:image:width\" content=\"371\" \/>\n\t<meta property=\"og:image:height\" content=\"371\" \/>\n\t<meta property=\"og:image:type\" content=\"image\/png\" \/>\n<meta name=\"twitter:card\" content=\"summary_large_image\" \/>\n<meta name=\"twitter:label1\" content=\"Est. tempo de leitura\" \/>\n\t<meta name=\"twitter:data1\" content=\"4 minutos\" \/>\n<script type=\"application\/ld+json\" class=\"yoast-schema-graph\">{\"@context\":\"https:\/\/schema.org\",\"@graph\":[{\"@type\":\"WebPage\",\"@id\":\"https:\/\/gfmparts.com\/product\/track-carrier-roller-manufacturers\/\",\"url\":\"https:\/\/gfmparts.com\/product\/track-carrier-roller-manufacturers\/\",\"name\":\"Excavator and Bulldozer Track Carrier Roller Manufacturers - GFM\",\"isPartOf\":{\"@id\":\"https:\/\/gfmparts.com\/#website\"},\"primaryImageOfPage\":{\"@id\":\"https:\/\/gfmparts.com\/product\/track-carrier-roller-manufacturers\/#primaryimage\"},\"image\":{\"@id\":\"https:\/\/gfmparts.com\/product\/track-carrier-roller-manufacturers\/#primaryimage\"},\"thumbnailUrl\":\"https:\/\/gfmparts.com\/wp-content\/uploads\/2025\/01\/Excavator-and-Bulldozer-Carrier-Roller.png\",\"datePublished\":\"2025-01-07T06:22:40+00:00\",\"dateModified\":\"2025-07-01T05:55:42+00:00\",\"description\":\"As a leading undercarriage parts manufacturer in the industry, GFM not only has advanced production equipment, supports customization of specific models, and customized needs for special working conditions.\",\"breadcrumb\":{\"@id\":\"https:\/\/gfmparts.com\/product\/track-carrier-roller-manufacturers\/#breadcrumb\"},\"inLanguage\":\"pt-BR\",\"potentialAction\":[{\"@type\":\"ReadAction\",\"target\":[\"https:\/\/gfmparts.com\/product\/track-carrier-roller-manufacturers\/\"]}]},{\"@type\":\"ImageObject\",\"inLanguage\":\"pt-BR\",\"@id\":\"https:\/\/gfmparts.com\/product\/track-carrier-roller-manufacturers\/#primaryimage\",\"url\":\"https:\/\/gfmparts.com\/wp-content\/uploads\/2025\/01\/Excavator-and-Bulldozer-Carrier-Roller.png\",\"contentUrl\":\"https:\/\/gfmparts.com\/wp-content\/uploads\/2025\/01\/Excavator-and-Bulldozer-Carrier-Roller.png\",\"width\":371,\"height\":371,\"caption\":\"Excavator and Bulldozer Carrier Roller\"},{\"@type\":\"BreadcrumbList\",\"@id\":\"https:\/\/gfmparts.com\/product\/track-carrier-roller-manufacturers\/#breadcrumb\",\"itemListElement\":[{\"@type\":\"ListItem\",\"position\":1,\"name\":\"\u9996\u9875\",\"item\":\"https:\/\/gfmparts.com\/\"},{\"@type\":\"ListItem\",\"position\":2,\"name\":\"All Product\",\"item\":\"https:\/\/gfmparts.com\/all-product\/\"},{\"@type\":\"ListItem\",\"position\":3,\"name\":\"Excavator and Bulldozer Carrier Roller Manufacturers\"}]},{\"@type\":\"WebSite\",\"@id\":\"https:\/\/gfmparts.com\/#website\",\"url\":\"https:\/\/gfmparts.com\/\",\"name\":\"GFM PARTS\",\"description\":\"GFM since 2011 focused on excavator and bulldozer undercarriage parts manufacturing :Track rollers,carrier roller,idler,sprocket,track group,bucket tooth pin.\",\"publisher\":{\"@id\":\"https:\/\/gfmparts.com\/#organization\"},\"alternateName\":\"gfmparts.com\",\"potentialAction\":[{\"@type\":\"SearchAction\",\"target\":{\"@type\":\"EntryPoint\",\"urlTemplate\":\"https:\/\/gfmparts.com\/?s={search_term_string}\"},\"query-input\":{\"@type\":\"PropertyValueSpecification\",\"valueRequired\":true,\"valueName\":\"search_term_string\"}}],\"inLanguage\":\"pt-BR\"},{\"@type\":\"Organization\",\"@id\":\"https:\/\/gfmparts.com\/#organization\",\"name\":\"GFM PARTS\",\"url\":\"https:\/\/gfmparts.com\/\",\"logo\":{\"@type\":\"ImageObject\",\"inLanguage\":\"pt-BR\",\"@id\":\"https:\/\/gfmparts.com\/#\/schema\/logo\/image\/\",\"url\":\"https:\/\/gfmparts.com\/wp-content\/uploads\/2024\/11\/cropped-GFMparts.com_-2.png\",\"contentUrl\":\"https:\/\/gfmparts.com\/wp-content\/uploads\/2024\/11\/cropped-GFMparts.com_-2.png\",\"width\":5987,\"height\":2564,\"caption\":\"GFM PARTS\"},\"image\":{\"@id\":\"https:\/\/gfmparts.com\/#\/schema\/logo\/image\/\"},\"sameAs\":[\"https:\/\/www.facebook.com\/gfmparts\",\"https:\/\/www.linkedin.com\/company\/gfmparts\/\",\"https:\/\/www.tiktok.com\/@gfmparts\",\"https:\/\/www.youtube.com\/@GFMparts\/featured\"]}]}<\/script>\n<!-- \/ Yoast SEO Premium plugin. -->","yoast_head_json":{"title":"Excavator and Bulldozer Track Carrier Roller Manufacturers - GFM","description":"As a leading undercarriage parts manufacturer in the industry, GFM not only has advanced production equipment, supports customization of specific models, and customized needs for special working conditions.","robots":{"index":"index","follow":"follow","max-snippet":"max-snippet:-1","max-image-preview":"max-image-preview:large","max-video-preview":"max-video-preview:-1"},"canonical":"https:\/\/gfmparts.com\/pt\/product\/fabricantes-de-rolos-transportadores-de-esteiras\/","og_locale":"pt_BR","og_type":"article","og_title":"Excavator and Bulldozer Carrier Roller Manufacturers","og_description":"As a leading undercarriage parts manufacturer in the industry, GFM not only has advanced production equipment, supports customization of specific models, and customized needs for special working conditions.","og_url":"https:\/\/gfmparts.com\/pt\/product\/fabricantes-de-rolos-transportadores-de-esteiras\/","article_publisher":"https:\/\/www.facebook.com\/gfmparts","article_modified_time":"2025-07-01T05:55:42+00:00","og_image":[{"width":371,"height":371,"url":"https:\/\/gfmparts.com\/wp-content\/uploads\/2025\/01\/Excavator-and-Bulldozer-Carrier-Roller.png","type":"image\/png"}],"twitter_card":"summary_large_image","twitter_misc":{"Est. tempo de leitura":"4 minutos"},"schema":{"@context":"https:\/\/schema.org","@graph":[{"@type":"WebPage","@id":"https:\/\/gfmparts.com\/product\/track-carrier-roller-manufacturers\/","url":"https:\/\/gfmparts.com\/product\/track-carrier-roller-manufacturers\/","name":"Excavator and Bulldozer Track Carrier Roller Manufacturers - GFM","isPartOf":{"@id":"https:\/\/gfmparts.com\/#website"},"primaryImageOfPage":{"@id":"https:\/\/gfmparts.com\/product\/track-carrier-roller-manufacturers\/#primaryimage"},"image":{"@id":"https:\/\/gfmparts.com\/product\/track-carrier-roller-manufacturers\/#primaryimage"},"thumbnailUrl":"https:\/\/gfmparts.com\/wp-content\/uploads\/2025\/01\/Excavator-and-Bulldozer-Carrier-Roller.png","datePublished":"2025-01-07T06:22:40+00:00","dateModified":"2025-07-01T05:55:42+00:00","description":"As a leading undercarriage parts manufacturer in the industry, GFM not only has advanced production equipment, supports customization of specific models, and customized needs for special working conditions.","breadcrumb":{"@id":"https:\/\/gfmparts.com\/product\/track-carrier-roller-manufacturers\/#breadcrumb"},"inLanguage":"pt-BR","potentialAction":[{"@type":"ReadAction","target":["https:\/\/gfmparts.com\/product\/track-carrier-roller-manufacturers\/"]}]},{"@type":"ImageObject","inLanguage":"pt-BR","@id":"https:\/\/gfmparts.com\/product\/track-carrier-roller-manufacturers\/#primaryimage","url":"https:\/\/gfmparts.com\/wp-content\/uploads\/2025\/01\/Excavator-and-Bulldozer-Carrier-Roller.png","contentUrl":"https:\/\/gfmparts.com\/wp-content\/uploads\/2025\/01\/Excavator-and-Bulldozer-Carrier-Roller.png","width":371,"height":371,"caption":"Excavator and Bulldozer Carrier Roller"},{"@type":"BreadcrumbList","@id":"https:\/\/gfmparts.com\/product\/track-carrier-roller-manufacturers\/#breadcrumb","itemListElement":[{"@type":"ListItem","position":1,"name":"\u9996\u9875","item":"https:\/\/gfmparts.com\/"},{"@type":"ListItem","position":2,"name":"All Product","item":"https:\/\/gfmparts.com\/all-product\/"},{"@type":"ListItem","position":3,"name":"Excavator and Bulldozer Carrier Roller Manufacturers"}]},{"@type":"WebSite","@id":"https:\/\/gfmparts.com\/#website","url":"https:\/\/gfmparts.com\/","name":"GFM PARTS","description":"GFM since 2011 focused on excavator and bulldozer undercarriage parts manufacturing :Track rollers,carrier roller,idler,sprocket,track group,bucket tooth pin.","publisher":{"@id":"https:\/\/gfmparts.com\/#organization"},"alternateName":"gfmparts.com","potentialAction":[{"@type":"SearchAction","target":{"@type":"EntryPoint","urlTemplate":"https:\/\/gfmparts.com\/?s={search_term_string}"},"query-input":{"@type":"PropertyValueSpecification","valueRequired":true,"valueName":"search_term_string"}}],"inLanguage":"pt-BR"},{"@type":"Organization","@id":"https:\/\/gfmparts.com\/#organization","name":"GFM PARTS","url":"https:\/\/gfmparts.com\/","logo":{"@type":"ImageObject","inLanguage":"pt-BR","@id":"https:\/\/gfmparts.com\/#\/schema\/logo\/image\/","url":"https:\/\/gfmparts.com\/wp-content\/uploads\/2024\/11\/cropped-GFMparts.com_-2.png","contentUrl":"https:\/\/gfmparts.com\/wp-content\/uploads\/2024\/11\/cropped-GFMparts.com_-2.png","width":5987,"height":2564,"caption":"GFM PARTS"},"image":{"@id":"https:\/\/gfmparts.com\/#\/schema\/logo\/image\/"},"sameAs":["https:\/\/www.facebook.com\/gfmparts","https:\/\/www.linkedin.com\/company\/gfmparts\/","https:\/\/www.tiktok.com\/@gfmparts","https:\/\/www.youtube.com\/@GFMparts\/featured"]}]}},"_links":{"self":[{"href":"https:\/\/gfmparts.com\/pt\/wp-json\/wp\/v2\/product\/3234"}],"collection":[{"href":"https:\/\/gfmparts.com\/pt\/wp-json\/wp\/v2\/product"}],"about":[{"href":"https:\/\/gfmparts.com\/pt\/wp-json\/wp\/v2\/types\/product"}],"wp:featuredmedia":[{"embeddable":true,"href":"https:\/\/gfmparts.com\/pt\/wp-json\/wp\/v2\/media\/3593"}],"wp:attachment":[{"href":"https:\/\/gfmparts.com\/pt\/wp-json\/wp\/v2\/media?parent=3234"}],"wp:term":[{"taxonomy":"product_cat","embeddable":true,"href":"https:\/\/gfmparts.com\/pt\/wp-json\/wp\/v2\/product_cat?post=3234"},{"taxonomy":"product_tag","embeddable":true,"href":"https:\/\/gfmparts.com\/pt\/wp-json\/wp\/v2\/product_tag?post=3234"}],"curies":[{"name":"wp","href":"https:\/\/api.w.org\/{rel}","templated":true}]}}