{"id":3241,"date":"2025-01-08T07:09:55","date_gmt":"2025-01-08T07:09:55","guid":{"rendered":"https:\/\/gfmparts.com\/?post_type=product&#038;p=3241"},"modified":"2025-05-16T09:38:16","modified_gmt":"2025-05-16T09:38:16","slug":"excavator-bulldozer-track-idler-suppliers","status":"publish","type":"product","link":"https:\/\/gfmparts.com\/pt\/product\/fornecedores-de-polias-intermediarias-para-escavadeiras-e-tratores\/","title":{"rendered":"Fabricantes de rodas intermedi\u00e1rias para escavadeiras e tratores de esteira"},"content":{"rendered":"<p><span style=\"color: #000000;\">Como fabricante l\u00edder de <a style=\"color: #000000;\" href=\"https:\/\/gfmparts.com\/pt\/product\/fabricantes-de-polias-intermediarias-de-escavadeira-de-alta-qualidade\/\">polia intermedi\u00e1ria de trator de esteira<\/a> Para escavadeiras e tratores de esteira, a GFM oferece rodas-guia com design inovador e alto desempenho, personalizadas para m\u00e1quinas pesadas, como tratores de esteira e escavadeiras. Nossas rodas-guia s\u00e3o fabricadas com materiais de alta resist\u00eancia e processos de fabrica\u00e7\u00e3o avan\u00e7ados, o que pode reduzir efetivamente o desgaste e prolongar a vida \u00fatil do equipamento. Podemos fornecer servi\u00e7os de personaliza\u00e7\u00e3o OEM\/ODM de acordo com as necessidades do cliente para garantir que cada produto seja perfeitamente adaptado \u00e0s suas necessidades.<\/span><\/p>\n<h3><span style=\"color: #ff6600;\">Descri\u00e7\u00e3o do produto<\/span><\/h3>\n<ul>\n<li><span style=\"color: #000000;\"><strong>Quantidade m\u00ednima:<\/strong>\u00a01 PC<\/span><\/li>\n<li><span style=\"color: #000000;\"><strong>M\u00e9todo de pagamento:<\/strong>\u00a0T\/T<\/span><\/li>\n<li><span style=\"color: #000000;\"><strong>Marca:<\/strong>\u00a0GFM<\/span><\/li>\n<li><span style=\"color: #000000;\"><strong>Doen\u00e7a:<\/strong>\u00a0Novo<\/span><\/li>\n<li><span style=\"color: #000000;\"><strong>Cor:<\/strong>\u00a0Amarelo, Preto ou Personalizado<\/span><\/li>\n<li><span style=\"color: #000000;\"><strong>Tempo de espera:<\/strong>\u00a030 dias<\/span><\/li>\n<li><span style=\"color: #000000;\"><strong>Garantia:<\/strong>\u00a01 ano<\/span><\/li>\n<li><span style=\"color: #000000;\"><strong>Servi\u00e7o:<\/strong>\u00a0OEM ou ODM<\/span><\/li>\n<li><span style=\"color: #000000;\"><strong>Local de origem:<\/strong>\u00a0Fujian, China<\/span><\/li>\n<li><span style=\"color: #000000;\"><strong>Aplicativo:<\/strong>\u00a0Escavadeira ou trator de esteira<\/span><\/li>\n<li><span style=\"color: #000000;\"><strong>Embalagem:<\/strong>\u00a0Palete de madeira padr\u00e3o para exporta\u00e7\u00e3o<\/span><\/li>\n<\/ul>\n<p style=\"text-align: center;\"><span style=\"color: #000000;\"><img fetchpriority=\"high\" decoding=\"async\" class=\"alignnone size-full wp-image-3242\" src=\"https:\/\/gfmparts.com\/wp-content\/uploads\/2025\/01\/Idler_\u5e93\u5b58.jpg\" alt=\"polia intermedi\u00e1ria de esteira para escavadeira e trator de esteira\" width=\"622\" height=\"380\" srcset=\"https:\/\/gfmparts.com\/wp-content\/uploads\/2025\/01\/Idler_\u5e93\u5b58.jpg 622w, https:\/\/gfmparts.com\/wp-content\/uploads\/2025\/01\/Idler_\u5e93\u5b58-300x183.jpg 300w, https:\/\/gfmparts.com\/wp-content\/uploads\/2025\/01\/Idler_\u5e93\u5b58-600x367.jpg 600w\" sizes=\"(max-width: 622px) 100vw, 622px\" \/><\/span><\/p>\n<h3><span style=\"color: #ff6600;\">Caracter\u00edsticas<\/span><\/h3>\n<ul>\n<li><b><\/b><span style=\"color: #000000;\"><strong><b>Dur\u00e1vel:<\/b><\/strong>Constru\u00eddo para suportar condi\u00e7\u00f5es dif\u00edceis para um desempenho duradouro.<\/span><\/li>\n<li><span style=\"color: #000000;\"><b><\/b><strong><b>Ajuste perfeito: <\/b><\/strong>Projetado para f\u00e1cil instala\u00e7\u00e3o em v\u00e1rios modelos de escavadeiras e tratores.<\/span><\/li>\n<li><span style=\"color: #000000;\"><b><\/b><strong><b>Servi\u00e7o Pesado: <\/b><\/strong>Suporta cargas pesadas para uma opera\u00e7\u00e3o suave e est\u00e1vel.<\/span><\/li>\n<li><span style=\"color: #000000;\"><b><\/b><strong><b>Suave e silencioso<\/b><\/strong>: Minimiza a vibra\u00e7\u00e3o para movimentos mais suaves e melhor tra\u00e7\u00e3o em todos os terrenos.<\/span><\/li>\n<li><span style=\"color: #000000;\"><b><\/b><strong><b>Baixa manuten\u00e7\u00e3o: <\/b><\/strong>Autolubrificante para menos manuten\u00e7\u00e3o e mais tempo de atividade.<\/span><\/li>\n<li><span style=\"color: #000000;\"><b><\/b><strong><b>Resistente \u00e0s intemp\u00e9ries: <\/b><\/strong>Apresenta bom desempenho em qualquer clima, sendo resistente \u00e0 ferrugem e a temperaturas extremas.<\/span><\/li>\n<\/ul>\n<h3><span style=\"color: #ff6600;\">Especifica\u00e7\u00f5es<\/span><\/h3>\n<p style=\"text-align: center;\"><img decoding=\"async\" class=\"alignnone wp-image-3002\" src=\"https:\/\/gfmparts.com\/wp-content\/uploads\/2024\/12\/\u5f15\u5bfc\u8f6e\u8bbe\u8ba1\u56fe-1024x402.png\" alt=\"projeto de polia intermedi\u00e1ria de esteira\" width=\"950\" height=\"373\" srcset=\"https:\/\/gfmparts.com\/wp-content\/uploads\/2024\/12\/\u5f15\u5bfc\u8f6e\u8bbe\u8ba1\u56fe-1024x402.png 1024w, https:\/\/gfmparts.com\/wp-content\/uploads\/2024\/12\/\u5f15\u5bfc\u8f6e\u8bbe\u8ba1\u56fe-300x118.png 300w, https:\/\/gfmparts.com\/wp-content\/uploads\/2024\/12\/\u5f15\u5bfc\u8f6e\u8bbe\u8ba1\u56fe-768x301.png 768w, https:\/\/gfmparts.com\/wp-content\/uploads\/2024\/12\/\u5f15\u5bfc\u8f6e\u8bbe\u8ba1\u56fe-600x235.png 600w, https:\/\/gfmparts.com\/wp-content\/uploads\/2024\/12\/\u5f15\u5bfc\u8f6e\u8bbe\u8ba1\u56fe.png 1537w\" sizes=\"(max-width: 950px) 100vw, 950px\" \/><\/p>\n<p style=\"text-align: center;\"><img decoding=\"async\" class=\"alignnone size-full wp-image-3003\" style=\"font-style: inherit; font-weight: inherit;\" src=\"https:\/\/gfmparts.com\/wp-content\/uploads\/2024\/12\/\u5f15\u5bfc\u8f6e\u578b\u53f7.png\" alt=\"modelo de polia intermedi\u00e1ria de esteira\" width=\"867\" height=\"369\" srcset=\"https:\/\/gfmparts.com\/wp-content\/uploads\/2024\/12\/\u5f15\u5bfc\u8f6e\u578b\u53f7.png 867w, https:\/\/gfmparts.com\/wp-content\/uploads\/2024\/12\/\u5f15\u5bfc\u8f6e\u578b\u53f7-300x128.png 300w, https:\/\/gfmparts.com\/wp-content\/uploads\/2024\/12\/\u5f15\u5bfc\u8f6e\u578b\u53f7-768x327.png 768w, https:\/\/gfmparts.com\/wp-content\/uploads\/2024\/12\/\u5f15\u5bfc\u8f6e\u578b\u53f7-600x255.png 600w\" sizes=\"(max-width: 867px) 100vw, 867px\" \/><\/p>\n<h3><span style=\"color: #ff6600;\">Modelos de produtos<\/span><\/h3>\n<p style=\"text-align: center;\"><img loading=\"lazy\" decoding=\"async\" class=\"alignnone size-full wp-image-3154\" src=\"https:\/\/gfmparts.com\/wp-content\/uploads\/2024\/12\/excavator-and-bulldozer-part-description.png\" alt=\"descri\u00e7\u00e3o das pe\u00e7as da escavadeira e do trator de esteira\" width=\"853\" height=\"736\" srcset=\"https:\/\/gfmparts.com\/wp-content\/uploads\/2024\/12\/excavator-and-bulldozer-part-description.png 853w, https:\/\/gfmparts.com\/wp-content\/uploads\/2024\/12\/excavator-and-bulldozer-part-description-300x259.png 300w, https:\/\/gfmparts.com\/wp-content\/uploads\/2024\/12\/excavator-and-bulldozer-part-description-768x663.png 768w, https:\/\/gfmparts.com\/wp-content\/uploads\/2024\/12\/excavator-and-bulldozer-part-description-600x518.png 600w\" sizes=\"(max-width: 853px) 100vw, 853px\" \/><\/p>\n<h3><span style=\"color: #ff9900;\">Processo de produ\u00e7\u00e3o<\/span><\/h3>\n<p><img loading=\"lazy\" decoding=\"async\" class=\"size-large wp-image-3043 aligncenter\" src=\"https:\/\/gfmparts.com\/wp-content\/uploads\/2024\/12\/\u901a\u7528\u751f\u4ea7\u6d41\u7a0b-1-1024x648.jpg\" alt=\"processo de produ\u00e7\u00e3o de pe\u00e7as de escavadeira\" width=\"1024\" height=\"648\" srcset=\"\" sizes=\"(max-width: 1024px) 100vw, 1024px\" data-srcset=\"\" \/><\/p>\n<h3><span style=\"color: #ff6600;\">Embalagem e Envio<\/span><\/h3>\n<p style=\"text-align: center;\"><img loading=\"lazy\" decoding=\"async\" class=\"alignnone size-large wp-image-6521\" src=\"https:\/\/gfmparts.com\/wp-content\/uploads\/2025\/05\/Packaging-and-Shipping-1-1-1024x648.jpg\" alt=\"Embalagem e Envio\" width=\"1024\" height=\"648\" srcset=\"https:\/\/gfmparts.com\/wp-content\/uploads\/2025\/05\/Packaging-and-Shipping-1-1-1024x648.jpg 1024w, https:\/\/gfmparts.com\/wp-content\/uploads\/2025\/05\/Packaging-and-Shipping-1-1-300x190.jpg 300w, https:\/\/gfmparts.com\/wp-content\/uploads\/2025\/05\/Packaging-and-Shipping-1-1-768x486.jpg 768w, https:\/\/gfmparts.com\/wp-content\/uploads\/2025\/05\/Packaging-and-Shipping-1-1-1536x973.jpg 1536w, https:\/\/gfmparts.com\/wp-content\/uploads\/2025\/05\/Packaging-and-Shipping-1-1-2048x1297.jpg 2048w, https:\/\/gfmparts.com\/wp-content\/uploads\/2025\/05\/Packaging-and-Shipping-1-1-600x380.jpg 600w\" sizes=\"(max-width: 1024px) 100vw, 1024px\" \/><\/p>\n<h3><span style=\"color: #ff6600;\">Vantagens da f\u00e1brica<\/span><\/h3>\n<p><span style=\"color: #000000;\">Como profissional <a style=\"color: #000000;\" href=\"https:\/\/gfmparts.com\/pt\/product\/fabrica-de-rolos-transportadores-de-escavadeiras-de-rolos-superiores\/\">fornecedor de roletes de esteira<\/a>A GFM possui muitos anos de experi\u00eancia na \u00e1rea de acess\u00f3rios para tratores de esteira e escavadeiras e se concentra em fornecer rodas-guia de alta qualidade. Utilizamos a mais recente tecnologia e materiais altamente resistentes ao desgaste para garantir que cada roda-guia tenha um \u00f3timo desempenho em condi\u00e7\u00f5es operacionais extremas. As rodas-guia da GFM s\u00e3o projetadas com precis\u00e3o e altamente adapt\u00e1veis, combinando perfeitamente com diversos modelos de tratores de esteira e escavadeiras.<\/span><\/p>\n<p><span style=\"color: #000000;\">A GFM oferece uma gama completa de servi\u00e7os personalizados. Nossas rodas guia n\u00e3o s\u00f3 possuem excelente durabilidade, como tamb\u00e9m podem ser personalizadas com precis\u00e3o, de acordo com as necessidades espec\u00edficas dos clientes. Seja uma roda guia padr\u00e3o ou um projeto especial, nossa equipe profissional pode fornecer a solu\u00e7\u00e3o certa para garantir que cada produto alcance o desempenho ideal. Nossa f\u00e1brica conta com equipamentos de produ\u00e7\u00e3o avan\u00e7ados e um rigoroso sistema de controle de qualidade para fornecer aos clientes produtos est\u00e1veis e de alta qualidade.<\/span><\/p>\n<p><span style=\"color: #000000;\">As rodas-guia da GFM s\u00e3o fabricadas com materiais altamente resistentes ao desgaste e \u00e0 corros\u00e3o, garantindo estabilidade a longo prazo em ambientes de trabalho severos. A GFM possui tecnologia de produ\u00e7\u00e3o avan\u00e7ada e instala\u00e7\u00f5es de fabrica\u00e7\u00e3o de primeira linha, e est\u00e1 comprometida em fornecer aos clientes solu\u00e7\u00f5es em pe\u00e7as para escavadeiras e tratores de esteira de alta qualidade e durabilidade. Nossas pe\u00e7as abrangem uma variedade de componentes essenciais, como pe\u00e7as do material rodante. Cada produto atende aos padr\u00f5es internacionais e pode lidar com diversos desafios de terreno, ajudando seu equipamento a melhorar a efici\u00eancia do trabalho e prolongar sua vida \u00fatil.<\/span><\/p>\n<p style=\"text-align: center;\"><span style=\"color: #000000;\"><img loading=\"lazy\" decoding=\"async\" class=\"alignnone wp-image-2159\" src=\"https:\/\/gfmparts.com\/wp-content\/uploads\/2024\/12\/\u5fae\u4fe1\u56fe\u7247_20241202160325-1024x576.jpg\" alt=\"fabricante de rolos transportadores\" width=\"767\" height=\"431\" srcset=\"\" sizes=\"(max-width: 767px) 100vw, 767px\" data-srcset=\"\" \/><\/span><\/p>","protected":false},"excerpt":{"rendered":"<ul>\n<li><span style=\"color: #000000;\">Qualidade garantida do produto<\/span><\/li>\n<li><span style=\"color: #000000;\">Fornecimento grande<\/span><\/li>\n<li><span style=\"color: #000000;\">Pre\u00e7os competitivos<\/span><\/li>\n<li><span style=\"color: #000000;\">A maioria das marcas e modelos<\/span><\/li>\n<li><span style=\"color: #000000;\">Equipe de Atendimento ao Cliente \u00datil<\/span><\/li>\n<li><span style=\"color: #000000;\">Suporte t\u00e9cnico profissional<\/span><\/li>\n<\/ul>","protected":false},"featured_media":3592,"template":"","meta":{"site-sidebar-layout":"default","site-content-layout":"","ast-site-content-layout":"default","site-content-style":"default","site-sidebar-style":"default","ast-global-header-display":"","ast-banner-title-visibility":"","ast-main-header-display":"","ast-hfb-above-header-display":"","ast-hfb-below-header-display":"","ast-hfb-mobile-header-display":"","site-post-title":"","ast-breadcrumbs-content":"","ast-featured-img":"","footer-sml-layout":"","theme-transparent-header-meta":"default","adv-header-id-meta":"","stick-header-meta":"default","header-above-stick-meta":"","header-main-stick-meta":"","header-below-stick-meta":"","astra-migrate-meta-layouts":"set","ast-page-background-enabled":"default","ast-page-background-meta":{"desktop":{"background-color":"","background-image":"","background-repeat":"repeat","background-position":"center center","background-size":"auto","background-attachment":"scroll","background-type":"","background-media":"","overlay-type":"","overlay-color":"","overlay-opacity":"","overlay-gradient":""},"tablet":{"background-color":"","background-image":"","background-repeat":"repeat","background-position":"center center","background-size":"auto","background-attachment":"scroll","background-type":"","background-media":"","overlay-type":"","overlay-color":"","overlay-opacity":"","overlay-gradient":""},"mobile":{"background-color":"","background-image":"","background-repeat":"repeat","background-position":"center center","background-size":"auto","background-attachment":"scroll","background-type":"","background-media":"","overlay-type":"","overlay-color":"","overlay-opacity":"","overlay-gradient":""}},"ast-content-background-meta":{"desktop":{"background-color":"var(--ast-global-color-5)","background-image":"","background-repeat":"repeat","background-position":"center center","background-size":"auto","background-attachment":"scroll","background-type":"","background-media":"","overlay-type":"","overlay-color":"","overlay-opacity":"","overlay-gradient":""},"tablet":{"background-color":"var(--ast-global-color-5)","background-image":"","background-repeat":"repeat","background-position":"center center","background-size":"auto","background-attachment":"scroll","background-type":"","background-media":"","overlay-type":"","overlay-color":"","overlay-opacity":"","overlay-gradient":""},"mobile":{"background-color":"var(--ast-global-color-5)","background-image":"","background-repeat":"repeat","background-position":"center center","background-size":"auto","background-attachment":"scroll","background-type":"","background-media":"","overlay-type":"","overlay-color":"","overlay-opacity":"","overlay-gradient":""}}},"product_cat":[38,32],"product_tag":[],"class_list":{"0":"post-3241","1":"product","2":"type-product","3":"status-publish","4":"has-post-thumbnail","6":"product_cat-undercarriage","7":"product_cat-track-idler","8":"desktop-align-left","9":"tablet-align-left","10":"mobile-align-left","11":"ast-product-gallery-layout-horizontal-slider","12":"ast-product-tabs-layout-horizontal","14":"first","15":"instock","16":"shipping-taxable","17":"product-type-simple"},"yoast_head":"<!-- This site is optimized with the Yoast SEO Premium plugin v22.8 (Yoast SEO v23.9) - https:\/\/yoast.com\/wordpress\/plugins\/seo\/ -->\n<title>Excavator and Bulldozer Track Idler Suppliers -GFM<\/title>\n<meta name=\"description\" content=\"GFM provides a full range of customized services. Whether you need a standard guide wheel or a special design, our professional team can provide you with the right solution.\" \/>\n<meta name=\"robots\" content=\"index, follow, max-snippet:-1, max-image-preview:large, max-video-preview:-1\" \/>\n<link rel=\"canonical\" href=\"https:\/\/gfmparts.com\/pt\/product\/fornecedores-de-polias-intermediarias-para-escavadeiras-e-tratores\/\" \/>\n<meta property=\"og:locale\" content=\"pt_BR\" \/>\n<meta property=\"og:type\" content=\"article\" \/>\n<meta property=\"og:title\" content=\"Excavator and Bulldozer Idler Wheel Manufacturers\" \/>\n<meta property=\"og:description\" content=\"GFM provides a full range of customized services. Whether you need a standard guide wheel or a special design, our professional team can provide you with the right solution.\" \/>\n<meta property=\"og:url\" content=\"https:\/\/gfmparts.com\/pt\/product\/fornecedores-de-polias-intermediarias-para-escavadeiras-e-tratores\/\" \/>\n<meta property=\"article:publisher\" content=\"https:\/\/www.facebook.com\/gfmparts\" \/>\n<meta property=\"article:modified_time\" content=\"2025-05-16T09:38:16+00:00\" \/>\n<meta property=\"og:image\" content=\"https:\/\/gfmparts.com\/wp-content\/uploads\/2025\/01\/Excavator-and-Bulldozer-Idler-Wheel.png\" \/>\n\t<meta property=\"og:image:width\" content=\"1078\" \/>\n\t<meta property=\"og:image:height\" content=\"1078\" \/>\n\t<meta property=\"og:image:type\" content=\"image\/png\" \/>\n<meta name=\"twitter:card\" content=\"summary_large_image\" \/>\n<meta name=\"twitter:label1\" content=\"Est. tempo de leitura\" \/>\n\t<meta name=\"twitter:data1\" content=\"4 minutos\" \/>\n<script type=\"application\/ld+json\" class=\"yoast-schema-graph\">{\"@context\":\"https:\/\/schema.org\",\"@graph\":[{\"@type\":\"WebPage\",\"@id\":\"https:\/\/gfmparts.com\/product\/excavator-bulldozer-track-idler-suppliers\/\",\"url\":\"https:\/\/gfmparts.com\/product\/excavator-bulldozer-track-idler-suppliers\/\",\"name\":\"Excavator and Bulldozer Track Idler Suppliers -GFM\",\"isPartOf\":{\"@id\":\"https:\/\/gfmparts.com\/#website\"},\"primaryImageOfPage\":{\"@id\":\"https:\/\/gfmparts.com\/product\/excavator-bulldozer-track-idler-suppliers\/#primaryimage\"},\"image\":{\"@id\":\"https:\/\/gfmparts.com\/product\/excavator-bulldozer-track-idler-suppliers\/#primaryimage\"},\"thumbnailUrl\":\"https:\/\/gfmparts.com\/wp-content\/uploads\/2025\/01\/Excavator-and-Bulldozer-Idler-Wheel.png\",\"datePublished\":\"2025-01-08T07:09:55+00:00\",\"dateModified\":\"2025-05-16T09:38:16+00:00\",\"description\":\"GFM provides a full range of customized services. Whether you need a standard guide wheel or a special design, our professional team can provide you with the right solution.\",\"breadcrumb\":{\"@id\":\"https:\/\/gfmparts.com\/product\/excavator-bulldozer-track-idler-suppliers\/#breadcrumb\"},\"inLanguage\":\"pt-BR\",\"potentialAction\":[{\"@type\":\"ReadAction\",\"target\":[\"https:\/\/gfmparts.com\/product\/excavator-bulldozer-track-idler-suppliers\/\"]}]},{\"@type\":\"ImageObject\",\"inLanguage\":\"pt-BR\",\"@id\":\"https:\/\/gfmparts.com\/product\/excavator-bulldozer-track-idler-suppliers\/#primaryimage\",\"url\":\"https:\/\/gfmparts.com\/wp-content\/uploads\/2025\/01\/Excavator-and-Bulldozer-Idler-Wheel.png\",\"contentUrl\":\"https:\/\/gfmparts.com\/wp-content\/uploads\/2025\/01\/Excavator-and-Bulldozer-Idler-Wheel.png\",\"width\":1078,\"height\":1078,\"caption\":\"Excavator and Bulldozer Idler Wheel\"},{\"@type\":\"BreadcrumbList\",\"@id\":\"https:\/\/gfmparts.com\/product\/excavator-bulldozer-track-idler-suppliers\/#breadcrumb\",\"itemListElement\":[{\"@type\":\"ListItem\",\"position\":1,\"name\":\"\u9996\u9875\",\"item\":\"https:\/\/gfmparts.com\/\"},{\"@type\":\"ListItem\",\"position\":2,\"name\":\"All Product\",\"item\":\"https:\/\/gfmparts.com\/all-product\/\"},{\"@type\":\"ListItem\",\"position\":3,\"name\":\"Excavator and Bulldozer Idler Wheel Manufacturers\"}]},{\"@type\":\"WebSite\",\"@id\":\"https:\/\/gfmparts.com\/#website\",\"url\":\"https:\/\/gfmparts.com\/\",\"name\":\"GFM PARTS\",\"description\":\"GFM since 2011 focused on excavator and bulldozer undercarriage parts manufacturing :Track rollers,carrier roller,idler,sprocket,track group,bucket tooth pin.\",\"publisher\":{\"@id\":\"https:\/\/gfmparts.com\/#organization\"},\"alternateName\":\"gfmparts.com\",\"potentialAction\":[{\"@type\":\"SearchAction\",\"target\":{\"@type\":\"EntryPoint\",\"urlTemplate\":\"https:\/\/gfmparts.com\/?s={search_term_string}\"},\"query-input\":{\"@type\":\"PropertyValueSpecification\",\"valueRequired\":true,\"valueName\":\"search_term_string\"}}],\"inLanguage\":\"pt-BR\"},{\"@type\":\"Organization\",\"@id\":\"https:\/\/gfmparts.com\/#organization\",\"name\":\"GFM PARTS\",\"url\":\"https:\/\/gfmparts.com\/\",\"logo\":{\"@type\":\"ImageObject\",\"inLanguage\":\"pt-BR\",\"@id\":\"https:\/\/gfmparts.com\/#\/schema\/logo\/image\/\",\"url\":\"https:\/\/gfmparts.com\/wp-content\/uploads\/2024\/11\/cropped-GFMparts.com_-2.png\",\"contentUrl\":\"https:\/\/gfmparts.com\/wp-content\/uploads\/2024\/11\/cropped-GFMparts.com_-2.png\",\"width\":5987,\"height\":2564,\"caption\":\"GFM PARTS\"},\"image\":{\"@id\":\"https:\/\/gfmparts.com\/#\/schema\/logo\/image\/\"},\"sameAs\":[\"https:\/\/www.facebook.com\/gfmparts\",\"https:\/\/www.linkedin.com\/company\/gfmparts\/\",\"https:\/\/www.tiktok.com\/@gfmparts\",\"https:\/\/www.youtube.com\/@GFMparts\/featured\"]}]}<\/script>\n<!-- \/ Yoast SEO Premium plugin. -->","yoast_head_json":{"title":"Excavator and Bulldozer Track Idler Suppliers -GFM","description":"GFM provides a full range of customized services. Whether you need a standard guide wheel or a special design, our professional team can provide you with the right solution.","robots":{"index":"index","follow":"follow","max-snippet":"max-snippet:-1","max-image-preview":"max-image-preview:large","max-video-preview":"max-video-preview:-1"},"canonical":"https:\/\/gfmparts.com\/pt\/product\/fornecedores-de-polias-intermediarias-para-escavadeiras-e-tratores\/","og_locale":"pt_BR","og_type":"article","og_title":"Excavator and Bulldozer Idler Wheel Manufacturers","og_description":"GFM provides a full range of customized services. Whether you need a standard guide wheel or a special design, our professional team can provide you with the right solution.","og_url":"https:\/\/gfmparts.com\/pt\/product\/fornecedores-de-polias-intermediarias-para-escavadeiras-e-tratores\/","article_publisher":"https:\/\/www.facebook.com\/gfmparts","article_modified_time":"2025-05-16T09:38:16+00:00","og_image":[{"width":1078,"height":1078,"url":"https:\/\/gfmparts.com\/wp-content\/uploads\/2025\/01\/Excavator-and-Bulldozer-Idler-Wheel.png","type":"image\/png"}],"twitter_card":"summary_large_image","twitter_misc":{"Est. tempo de leitura":"4 minutos"},"schema":{"@context":"https:\/\/schema.org","@graph":[{"@type":"WebPage","@id":"https:\/\/gfmparts.com\/product\/excavator-bulldozer-track-idler-suppliers\/","url":"https:\/\/gfmparts.com\/product\/excavator-bulldozer-track-idler-suppliers\/","name":"Excavator and Bulldozer Track Idler Suppliers -GFM","isPartOf":{"@id":"https:\/\/gfmparts.com\/#website"},"primaryImageOfPage":{"@id":"https:\/\/gfmparts.com\/product\/excavator-bulldozer-track-idler-suppliers\/#primaryimage"},"image":{"@id":"https:\/\/gfmparts.com\/product\/excavator-bulldozer-track-idler-suppliers\/#primaryimage"},"thumbnailUrl":"https:\/\/gfmparts.com\/wp-content\/uploads\/2025\/01\/Excavator-and-Bulldozer-Idler-Wheel.png","datePublished":"2025-01-08T07:09:55+00:00","dateModified":"2025-05-16T09:38:16+00:00","description":"GFM provides a full range of customized services. Whether you need a standard guide wheel or a special design, our professional team can provide you with the right solution.","breadcrumb":{"@id":"https:\/\/gfmparts.com\/product\/excavator-bulldozer-track-idler-suppliers\/#breadcrumb"},"inLanguage":"pt-BR","potentialAction":[{"@type":"ReadAction","target":["https:\/\/gfmparts.com\/product\/excavator-bulldozer-track-idler-suppliers\/"]}]},{"@type":"ImageObject","inLanguage":"pt-BR","@id":"https:\/\/gfmparts.com\/product\/excavator-bulldozer-track-idler-suppliers\/#primaryimage","url":"https:\/\/gfmparts.com\/wp-content\/uploads\/2025\/01\/Excavator-and-Bulldozer-Idler-Wheel.png","contentUrl":"https:\/\/gfmparts.com\/wp-content\/uploads\/2025\/01\/Excavator-and-Bulldozer-Idler-Wheel.png","width":1078,"height":1078,"caption":"Excavator and Bulldozer Idler Wheel"},{"@type":"BreadcrumbList","@id":"https:\/\/gfmparts.com\/product\/excavator-bulldozer-track-idler-suppliers\/#breadcrumb","itemListElement":[{"@type":"ListItem","position":1,"name":"\u9996\u9875","item":"https:\/\/gfmparts.com\/"},{"@type":"ListItem","position":2,"name":"All Product","item":"https:\/\/gfmparts.com\/all-product\/"},{"@type":"ListItem","position":3,"name":"Excavator and Bulldozer Idler Wheel Manufacturers"}]},{"@type":"WebSite","@id":"https:\/\/gfmparts.com\/#website","url":"https:\/\/gfmparts.com\/","name":"GFM PARTS","description":"GFM since 2011 focused on excavator and bulldozer undercarriage parts manufacturing :Track rollers,carrier roller,idler,sprocket,track group,bucket tooth pin.","publisher":{"@id":"https:\/\/gfmparts.com\/#organization"},"alternateName":"gfmparts.com","potentialAction":[{"@type":"SearchAction","target":{"@type":"EntryPoint","urlTemplate":"https:\/\/gfmparts.com\/?s={search_term_string}"},"query-input":{"@type":"PropertyValueSpecification","valueRequired":true,"valueName":"search_term_string"}}],"inLanguage":"pt-BR"},{"@type":"Organization","@id":"https:\/\/gfmparts.com\/#organization","name":"GFM PARTS","url":"https:\/\/gfmparts.com\/","logo":{"@type":"ImageObject","inLanguage":"pt-BR","@id":"https:\/\/gfmparts.com\/#\/schema\/logo\/image\/","url":"https:\/\/gfmparts.com\/wp-content\/uploads\/2024\/11\/cropped-GFMparts.com_-2.png","contentUrl":"https:\/\/gfmparts.com\/wp-content\/uploads\/2024\/11\/cropped-GFMparts.com_-2.png","width":5987,"height":2564,"caption":"GFM PARTS"},"image":{"@id":"https:\/\/gfmparts.com\/#\/schema\/logo\/image\/"},"sameAs":["https:\/\/www.facebook.com\/gfmparts","https:\/\/www.linkedin.com\/company\/gfmparts\/","https:\/\/www.tiktok.com\/@gfmparts","https:\/\/www.youtube.com\/@GFMparts\/featured"]}]}},"_links":{"self":[{"href":"https:\/\/gfmparts.com\/pt\/wp-json\/wp\/v2\/product\/3241"}],"collection":[{"href":"https:\/\/gfmparts.com\/pt\/wp-json\/wp\/v2\/product"}],"about":[{"href":"https:\/\/gfmparts.com\/pt\/wp-json\/wp\/v2\/types\/product"}],"wp:featuredmedia":[{"embeddable":true,"href":"https:\/\/gfmparts.com\/pt\/wp-json\/wp\/v2\/media\/3592"}],"wp:attachment":[{"href":"https:\/\/gfmparts.com\/pt\/wp-json\/wp\/v2\/media?parent=3241"}],"wp:term":[{"taxonomy":"product_cat","embeddable":true,"href":"https:\/\/gfmparts.com\/pt\/wp-json\/wp\/v2\/product_cat?post=3241"},{"taxonomy":"product_tag","embeddable":true,"href":"https:\/\/gfmparts.com\/pt\/wp-json\/wp\/v2\/product_tag?post=3241"}],"curies":[{"name":"wp","href":"https:\/\/api.w.org\/{rel}","templated":true}]}}