{"id":3266,"date":"2025-01-10T06:32:03","date_gmt":"2025-01-10T06:32:03","guid":{"rendered":"https:\/\/gfmparts.com\/?post_type=product&#038;p=3266"},"modified":"2025-05-16T09:47:54","modified_gmt":"2025-05-16T09:47:54","slug":"excavator-bucket-tooth-adapter-supplier","status":"publish","type":"product","link":"https:\/\/gfmparts.com\/pt\/product\/fornecedor-de-adaptadores-de-dentes-de-cacamba-de-escavadeira\/","title":{"rendered":"Fornecedor de adaptadores para dentes de ca\u00e7amba de escavadeira"},"content":{"rendered":"<p><span style=\"color: #000000;\">Como profissional <a style=\"color: #000000;\" href=\"https:\/\/gfmparts.com\/pt\/product\/fabricante-de-pinos-de-dentes-de-cacamba-de-escavadeira\/\">fabricante de pe\u00e7as para escavadeiras<\/a>, A GFM fornece escavadeiras de alta qualidade <a style=\"color: #000000;\" href=\"https:\/\/gfmparts.com\/pt\/product\/excelente-fornecedor-de-dentes-de-cacamba-para-escavadeira\/\">adaptadores de dentes de balde<\/a> Projetado para diversos tipos de escavadeiras. Nossos adaptadores de dentes de ca\u00e7amba s\u00e3o feitos de a\u00e7o-liga de alta resist\u00eancia, com excelente resist\u00eancia ao desgaste e ao impacto, garantindo desempenho est\u00e1vel em ambientes de trabalho severos. A tecnologia de processamento preciso garante o encaixe perfeito entre os dentes da ca\u00e7amba e o adaptador, reduzindo efetivamente a folga e o desgaste, e prolongando a vida \u00fatil do equipamento.<\/span><\/p>\n<p><span style=\"color: #000000;\">Nossa f\u00e1brica conta com avan\u00e7ados equipamentos de processamento CNC e um rigoroso sistema de gest\u00e3o da qualidade para garantir que cada produto atenda aos padr\u00f5es internacionais. Seja um adaptador padr\u00e3o ou um produto personalizado, a GFM pode atender rapidamente \u00e0s suas necessidades e fornecer solu\u00e7\u00f5es eficientes e confi\u00e1veis.<\/span><\/p>\n<h3><span style=\"color: #ff6600;\">Descri\u00e7\u00e3o do produto<\/span><\/h3>\n<ul>\n<li><span style=\"color: #000000;\"><strong>Quantidade m\u00ednima:<\/strong>\u00a01 PC<\/span><\/li>\n<li><span style=\"color: #000000;\"><strong>M\u00e9todo de pagamento:<\/strong>\u00a0T\/T<\/span><\/li>\n<li><span style=\"color: #000000;\"><strong>Marca:<\/strong>\u00a0GFM<\/span><\/li>\n<li><span style=\"color: #000000;\"><strong>Doen\u00e7a:<\/strong>\u00a0Novo<\/span><\/li>\n<li><span style=\"color: #000000;\"><strong>Cor:<\/strong>\u00a0Amarelo, Preto ou Personalizado<\/span><\/li>\n<li><span style=\"color: #000000;\"><strong>Tempo de espera:<\/strong>\u00a030 dias<\/span><\/li>\n<li><span style=\"color: #000000;\"><strong>Garantia:<\/strong>\u00a01 ano<\/span><\/li>\n<li><span style=\"color: #000000;\"><strong>Servi\u00e7o:<\/strong>\u00a0OEM ou ODM<\/span><\/li>\n<li><span style=\"color: #000000;\"><strong>Local de origem:<\/strong>\u00a0Fujian, China<\/span><\/li>\n<li><span style=\"color: #000000;\"><strong>Aplicativo:<\/strong> Escavadora<\/span><\/li>\n<li><span style=\"color: #000000;\"><strong>Embalagem:<\/strong>\u00a0Palete de madeira padr\u00e3o para exporta\u00e7\u00e3o<\/span><\/li>\n<\/ul>\n<p style=\"text-align: center;\"><img fetchpriority=\"high\" decoding=\"async\" class=\"alignnone wp-image-3857\" src=\"https:\/\/gfmparts.com\/wp-content\/uploads\/2025\/01\/Excavator-Bucket-Tooth-Adapter.png\" alt=\"Adaptador de dentes de ca\u00e7amba para escavadeira\" width=\"529\" height=\"529\" \/><\/p>\n<h3><span style=\"color: #ff6600;\">Caracter\u00edsticas<\/span><\/h3>\n<ul>\n<li><b><\/b><span style=\"color: #000000;\"><strong><b>Material de alta resist\u00eancia: <\/b><\/strong>Feito de a\u00e7o de primeira qualidade para suportar estresse e desgaste extremos.<\/span><\/li>\n<li><span style=\"color: #000000;\"><b><\/b><strong><b>Ajuste de precis\u00e3o: <\/b><\/strong>Segura firmemente os dentes do balde para um desempenho est\u00e1vel e eficiente.<\/span><\/li>\n<li><span style=\"color: #000000;\"><b><\/b><strong><b>Durabilidade aprimorada: <\/b><\/strong>Distribui a tens\u00e3o uniformemente para reduzir o desgaste na borda da ca\u00e7amba.<\/span><\/li>\n<li><span style=\"color: #000000;\"><b><\/b><strong><b>Resist\u00eancia \u00e0 corros\u00e3o: <\/b><\/strong>Tratado para suportar ferrugem e condi\u00e7\u00f5es ambientais adversas.<\/span><\/li>\n<li><span style=\"color: #000000;\"><b><\/b><strong><b>Instala\u00e7\u00e3o r\u00e1pida: <\/b><\/strong>F\u00e1cil de instalar e substituir, minimizando o tempo de inatividade.<\/span><\/li>\n<li><span style=\"color: #000000;\"><b><\/b><strong><b>Ampla compatibilidade: <\/b><\/strong>Projetado para uso com grandes marcas como Caterpillar, Komatsu, Hitachi, Volvo e muito mais.<\/span><\/li>\n<li><span style=\"color: #000000;\"><b><\/b><strong><b>Design otimizado: <\/b><\/strong>Melhora a efici\u00eancia da escava\u00e7\u00e3o e garante que os dentes permane\u00e7am firmemente no lugar durante as opera\u00e7\u00f5es.<\/span><b><\/b><\/li>\n<\/ul>\n<h3><span style=\"color: #ff6600;\">Especifica\u00e7\u00f5es<\/span><\/h3>\n<p style=\"text-align: center;\"><img decoding=\"async\" class=\"alignnone size-full wp-image-3270\" src=\"https:\/\/gfmparts.com\/wp-content\/uploads\/2025\/01\/bucket-teeth-adapter-models.png\" alt=\"modelos de adaptadores de dentes de balde\" width=\"827\" height=\"313\" srcset=\"https:\/\/gfmparts.com\/wp-content\/uploads\/2025\/01\/bucket-teeth-adapter-models.png 827w, https:\/\/gfmparts.com\/wp-content\/uploads\/2025\/01\/bucket-teeth-adapter-models-300x114.png 300w, https:\/\/gfmparts.com\/wp-content\/uploads\/2025\/01\/bucket-teeth-adapter-models-768x291.png 768w, https:\/\/gfmparts.com\/wp-content\/uploads\/2025\/01\/bucket-teeth-adapter-models-600x227.png 600w\" sizes=\"(max-width: 827px) 100vw, 827px\" \/><\/p>\n<h3><span style=\"color: #ff6600;\">Modelos de produtos<\/span><\/h3>\n<p style=\"text-align: center;\"><img decoding=\"async\" class=\"alignnone size-full wp-image-3147\" src=\"https:\/\/gfmparts.com\/wp-content\/uploads\/2024\/11\/excavator-part-description-e1735350735761.png\" alt=\"descri\u00e7\u00e3o da pe\u00e7a da escavadeira\" width=\"856\" height=\"694\" srcset=\"https:\/\/gfmparts.com\/wp-content\/uploads\/2024\/11\/excavator-part-description-e1735350735761.png 856w, https:\/\/gfmparts.com\/wp-content\/uploads\/2024\/11\/excavator-part-description-e1735350735761-300x243.png 300w, https:\/\/gfmparts.com\/wp-content\/uploads\/2024\/11\/excavator-part-description-e1735350735761-768x623.png 768w, https:\/\/gfmparts.com\/wp-content\/uploads\/2024\/11\/excavator-part-description-e1735350735761-600x486.png 600w\" sizes=\"(max-width: 856px) 100vw, 856px\" \/><\/p>\n<h3><span style=\"color: #ff6600;\">Processo de produ\u00e7\u00e3o<\/span><\/h3>\n<p><img loading=\"lazy\" decoding=\"async\" class=\"size-large wp-image-3043 aligncenter\" src=\"https:\/\/gfmparts.com\/wp-content\/uploads\/2024\/12\/\u901a\u7528\u751f\u4ea7\u6d41\u7a0b-1-1024x648.jpg\" alt=\"processo de produ\u00e7\u00e3o de pe\u00e7as de escavadeira\" width=\"1024\" height=\"648\" srcset=\"\" sizes=\"(max-width: 1024px) 100vw, 1024px\" data-srcset=\"\" \/><\/p>\n<h3><span style=\"color: #ff6600;\">Embalagem e Envio<\/span><\/h3>\n<p style=\"text-align: center;\"><img loading=\"lazy\" decoding=\"async\" class=\"alignnone size-large wp-image-6521\" src=\"https:\/\/gfmparts.com\/wp-content\/uploads\/2025\/05\/Packaging-and-Shipping-1-1-1024x648.jpg\" alt=\"Embalagem e Envio\" width=\"1024\" height=\"648\" srcset=\"https:\/\/gfmparts.com\/wp-content\/uploads\/2025\/05\/Packaging-and-Shipping-1-1-1024x648.jpg 1024w, https:\/\/gfmparts.com\/wp-content\/uploads\/2025\/05\/Packaging-and-Shipping-1-1-300x190.jpg 300w, https:\/\/gfmparts.com\/wp-content\/uploads\/2025\/05\/Packaging-and-Shipping-1-1-768x486.jpg 768w, https:\/\/gfmparts.com\/wp-content\/uploads\/2025\/05\/Packaging-and-Shipping-1-1-1536x973.jpg 1536w, https:\/\/gfmparts.com\/wp-content\/uploads\/2025\/05\/Packaging-and-Shipping-1-1-2048x1297.jpg 2048w, https:\/\/gfmparts.com\/wp-content\/uploads\/2025\/05\/Packaging-and-Shipping-1-1-600x380.jpg 600w\" sizes=\"(max-width: 1024px) 100vw, 1024px\" \/><\/p>\n<h3><span style=\"color: #ff6600;\">Vantagens da f\u00e1brica<\/span><\/h3>\n<p><span style=\"color: #000000;\">GFM \u00e9 confi\u00e1vel <a style=\"color: #000000;\" href=\"https:\/\/gfmparts.com\/pt\/product\/melhor-fabricante-de-buchas-para-cacamba-de-escavadeira\/\">fornecedor de dentes de ca\u00e7amba de escavadeira<\/a>, comprometida em fornecer aos clientes produtos de dentes de ca\u00e7amba para escavadeiras de alto desempenho. Nossos dentes de ca\u00e7amba s\u00e3o feitos de materiais de alta qualidade e passaram por processos especiais de tratamento t\u00e9rmico, que os tornam extremamente resistentes ao desgaste e ao impacto. Seja em terraplenagem, minera\u00e7\u00e3o ou outras condi\u00e7\u00f5es de trabalho complexas, nossos dentes de ca\u00e7amba podem proporcionar capacidades de escava\u00e7\u00e3o eficientes e ajudar a melhorar a efici\u00eancia da constru\u00e7\u00e3o.<\/span><\/p>\n<p><strong><span style=\"color: #000000;\">As vantagens da f\u00e1brica s\u00e3o a nossa principal competitividade:<\/span><\/strong><\/p>\n<ul>\n<li><span style=\"color: #000000;\"><strong>Capacidade de produ\u00e7\u00e3o abrangente:<\/strong> abrange uma variedade de modelos e especifica\u00e7\u00f5es de dentes de ca\u00e7amba de escavadeira e acess\u00f3rios para atender \u00e0s necessidades de adapta\u00e7\u00e3o de diferentes marcas de escavadeiras.<\/span><\/li>\n<li><span style=\"color: #000000;\"><strong>Servi\u00e7o OEM\/ODM:<\/strong> suporta personaliza\u00e7\u00e3o de acordo com desenhos ou amostras do cliente para atender aos requisitos especiais do seu projeto.<\/span><\/li>\n<li><span style=\"color: #000000;\"><strong>Vasta experi\u00eancia no setor:<\/strong> mais de dez anos de experi\u00eancia em fabrica\u00e7\u00e3o e exporta\u00e7\u00e3o, nos permitem entender melhor as necessidades do mercado global.<\/span><\/li>\n<\/ul>\n<p><span style=\"color: #000000;\">Escolha a GFM, voc\u00ea ter\u00e1 garantia de qualidade confi\u00e1vel e suporte t\u00e9cnico profissional para ajudar seu equipamento a continuar operando com efici\u00eancia.<\/span><\/p>\n<p style=\"text-align: center;\"><span style=\"color: #000000;\"><img loading=\"lazy\" decoding=\"async\" class=\"alignnone wp-image-2159\" src=\"https:\/\/gfmparts.com\/wp-content\/uploads\/2024\/12\/\u5fae\u4fe1\u56fe\u7247_20241202160325-1024x576.jpg\" alt=\"fabricante de rolos transportadores\" width=\"767\" height=\"431\" srcset=\"\" sizes=\"(max-width: 767px) 100vw, 767px\" data-srcset=\"\" \/><\/span><\/p>","protected":false},"excerpt":{"rendered":"<ul>\n<li><span style=\"color: #000000;\">Qualidade garantida do produto<\/span><\/li>\n<li><span style=\"color: #000000;\">Fornecimento grande<\/span><\/li>\n<li><span style=\"color: #000000;\">Pre\u00e7os competitivos<\/span><\/li>\n<li><span style=\"color: #000000;\">A maioria das marcas e modelos<\/span><\/li>\n<li><span style=\"color: #000000;\">Equipe de Atendimento ao Cliente \u00datil<\/span><\/li>\n<li><span style=\"color: #000000;\">Suporte t\u00e9cnico profissional<\/span><\/li>\n<\/ul>","protected":false},"featured_media":3590,"template":"","meta":{"site-sidebar-layout":"default","site-content-layout":"","ast-site-content-layout":"default","site-content-style":"default","site-sidebar-style":"default","ast-global-header-display":"","ast-banner-title-visibility":"","ast-main-header-display":"","ast-hfb-above-header-display":"","ast-hfb-below-header-display":"","ast-hfb-mobile-header-display":"","site-post-title":"","ast-breadcrumbs-content":"","ast-featured-img":"","footer-sml-layout":"","theme-transparent-header-meta":"default","adv-header-id-meta":"","stick-header-meta":"default","header-above-stick-meta":"","header-main-stick-meta":"","header-below-stick-meta":"","astra-migrate-meta-layouts":"set","ast-page-background-enabled":"default","ast-page-background-meta":{"desktop":{"background-color":"","background-image":"","background-repeat":"repeat","background-position":"center center","background-size":"auto","background-attachment":"scroll","background-type":"","background-media":"","overlay-type":"","overlay-color":"","overlay-opacity":"","overlay-gradient":""},"tablet":{"background-color":"","background-image":"","background-repeat":"repeat","background-position":"center center","background-size":"auto","background-attachment":"scroll","background-type":"","background-media":"","overlay-type":"","overlay-color":"","overlay-opacity":"","overlay-gradient":""},"mobile":{"background-color":"","background-image":"","background-repeat":"repeat","background-position":"center center","background-size":"auto","background-attachment":"scroll","background-type":"","background-media":"","overlay-type":"","overlay-color":"","overlay-opacity":"","overlay-gradient":""}},"ast-content-background-meta":{"desktop":{"background-color":"var(--ast-global-color-5)","background-image":"","background-repeat":"repeat","background-position":"center center","background-size":"auto","background-attachment":"scroll","background-type":"","background-media":"","overlay-type":"","overlay-color":"","overlay-opacity":"","overlay-gradient":""},"tablet":{"background-color":"var(--ast-global-color-5)","background-image":"","background-repeat":"repeat","background-position":"center center","background-size":"auto","background-attachment":"scroll","background-type":"","background-media":"","overlay-type":"","overlay-color":"","overlay-opacity":"","overlay-gradient":""},"mobile":{"background-color":"var(--ast-global-color-5)","background-image":"","background-repeat":"repeat","background-position":"center center","background-size":"auto","background-attachment":"scroll","background-type":"","background-media":"","overlay-type":"","overlay-color":"","overlay-opacity":"","overlay-gradient":""}}},"product_cat":[27,34],"product_tag":[],"class_list":{"0":"post-3266","1":"product","2":"type-product","3":"status-publish","4":"has-post-thumbnail","6":"product_cat-parts","7":"product_cat-bucket-teeth","8":"desktop-align-left","9":"tablet-align-left","10":"mobile-align-left","11":"ast-product-gallery-layout-horizontal-slider","12":"ast-product-gallery-with-no-image","13":"ast-product-tabs-layout-horizontal","15":"first","16":"instock","17":"shipping-taxable","18":"product-type-simple"},"yoast_head":"<!-- This site is optimized with the Yoast SEO Premium plugin v22.8 (Yoast SEO v23.9) - https:\/\/yoast.com\/wordpress\/plugins\/seo\/ -->\n<title>Bucket Tooth Adapter - GFM Excavator Bucket Teeth Supplier<\/title>\n<meta name=\"description\" content=\"As a professional excavator parts manufacturer, GFM provides you with high-quality excavator bucket tooth adapters designed for various types of excavators.\" \/>\n<meta name=\"robots\" content=\"index, follow, max-snippet:-1, max-image-preview:large, max-video-preview:-1\" \/>\n<link rel=\"canonical\" href=\"https:\/\/gfmparts.com\/pt\/product\/fornecedor-de-adaptadores-de-dentes-de-cacamba-de-escavadeira\/\" \/>\n<meta property=\"og:locale\" content=\"pt_BR\" \/>\n<meta property=\"og:type\" content=\"article\" \/>\n<meta property=\"og:title\" content=\"Excavator Bucket Tooth Adapter Supplier\" \/>\n<meta property=\"og:description\" content=\"As a professional excavator parts manufacturer, GFM provides you with high-quality excavator bucket tooth adapters designed for various types of excavators.\" \/>\n<meta property=\"og:url\" content=\"https:\/\/gfmparts.com\/pt\/product\/fornecedor-de-adaptadores-de-dentes-de-cacamba-de-escavadeira\/\" \/>\n<meta property=\"article:publisher\" content=\"https:\/\/www.facebook.com\/gfmparts\" \/>\n<meta property=\"article:modified_time\" content=\"2025-05-16T09:47:54+00:00\" \/>\n<meta property=\"og:image\" content=\"https:\/\/gfmparts.com\/wp-content\/uploads\/2025\/01\/Bucket-Tooth-Adapter-3.png\" \/>\n\t<meta property=\"og:image:width\" content=\"1280\" \/>\n\t<meta property=\"og:image:height\" content=\"1280\" \/>\n\t<meta property=\"og:image:type\" content=\"image\/png\" \/>\n<meta name=\"twitter:card\" content=\"summary_large_image\" \/>\n<meta name=\"twitter:label1\" content=\"Est. tempo de leitura\" \/>\n\t<meta name=\"twitter:data1\" content=\"3 minutos\" \/>\n<script type=\"application\/ld+json\" class=\"yoast-schema-graph\">{\"@context\":\"https:\/\/schema.org\",\"@graph\":[{\"@type\":\"WebPage\",\"@id\":\"https:\/\/gfmparts.com\/product\/excavator-bucket-tooth-adapter-supplier\/\",\"url\":\"https:\/\/gfmparts.com\/product\/excavator-bucket-tooth-adapter-supplier\/\",\"name\":\"Bucket Tooth Adapter - GFM Excavator Bucket Teeth Supplier\",\"isPartOf\":{\"@id\":\"https:\/\/gfmparts.com\/#website\"},\"primaryImageOfPage\":{\"@id\":\"https:\/\/gfmparts.com\/product\/excavator-bucket-tooth-adapter-supplier\/#primaryimage\"},\"image\":{\"@id\":\"https:\/\/gfmparts.com\/product\/excavator-bucket-tooth-adapter-supplier\/#primaryimage\"},\"thumbnailUrl\":\"https:\/\/gfmparts.com\/wp-content\/uploads\/2025\/01\/Bucket-Tooth-Adapter-3.png\",\"datePublished\":\"2025-01-10T06:32:03+00:00\",\"dateModified\":\"2025-05-16T09:47:54+00:00\",\"description\":\"As a professional excavator parts manufacturer, GFM provides you with high-quality excavator bucket tooth adapters designed for various types of excavators.\",\"breadcrumb\":{\"@id\":\"https:\/\/gfmparts.com\/product\/excavator-bucket-tooth-adapter-supplier\/#breadcrumb\"},\"inLanguage\":\"pt-BR\",\"potentialAction\":[{\"@type\":\"ReadAction\",\"target\":[\"https:\/\/gfmparts.com\/product\/excavator-bucket-tooth-adapter-supplier\/\"]}]},{\"@type\":\"ImageObject\",\"inLanguage\":\"pt-BR\",\"@id\":\"https:\/\/gfmparts.com\/product\/excavator-bucket-tooth-adapter-supplier\/#primaryimage\",\"url\":\"https:\/\/gfmparts.com\/wp-content\/uploads\/2025\/01\/Bucket-Tooth-Adapter-3.png\",\"contentUrl\":\"https:\/\/gfmparts.com\/wp-content\/uploads\/2025\/01\/Bucket-Tooth-Adapter-3.png\",\"width\":1280,\"height\":1280,\"caption\":\"Bucket Tooth Adapter\"},{\"@type\":\"BreadcrumbList\",\"@id\":\"https:\/\/gfmparts.com\/product\/excavator-bucket-tooth-adapter-supplier\/#breadcrumb\",\"itemListElement\":[{\"@type\":\"ListItem\",\"position\":1,\"name\":\"\u9996\u9875\",\"item\":\"https:\/\/gfmparts.com\/\"},{\"@type\":\"ListItem\",\"position\":2,\"name\":\"All Product\",\"item\":\"https:\/\/gfmparts.com\/all-product\/\"},{\"@type\":\"ListItem\",\"position\":3,\"name\":\"Excavator Bucket Tooth Adapter Supplier\"}]},{\"@type\":\"WebSite\",\"@id\":\"https:\/\/gfmparts.com\/#website\",\"url\":\"https:\/\/gfmparts.com\/\",\"name\":\"GFM PARTS\",\"description\":\"GFM since 2011 focused on excavator and bulldozer undercarriage parts manufacturing :Track rollers,carrier roller,idler,sprocket,track group,bucket tooth pin.\",\"publisher\":{\"@id\":\"https:\/\/gfmparts.com\/#organization\"},\"alternateName\":\"gfmparts.com\",\"potentialAction\":[{\"@type\":\"SearchAction\",\"target\":{\"@type\":\"EntryPoint\",\"urlTemplate\":\"https:\/\/gfmparts.com\/?s={search_term_string}\"},\"query-input\":{\"@type\":\"PropertyValueSpecification\",\"valueRequired\":true,\"valueName\":\"search_term_string\"}}],\"inLanguage\":\"pt-BR\"},{\"@type\":\"Organization\",\"@id\":\"https:\/\/gfmparts.com\/#organization\",\"name\":\"GFM PARTS\",\"url\":\"https:\/\/gfmparts.com\/\",\"logo\":{\"@type\":\"ImageObject\",\"inLanguage\":\"pt-BR\",\"@id\":\"https:\/\/gfmparts.com\/#\/schema\/logo\/image\/\",\"url\":\"https:\/\/gfmparts.com\/wp-content\/uploads\/2024\/11\/cropped-GFMparts.com_-2.png\",\"contentUrl\":\"https:\/\/gfmparts.com\/wp-content\/uploads\/2024\/11\/cropped-GFMparts.com_-2.png\",\"width\":5987,\"height\":2564,\"caption\":\"GFM PARTS\"},\"image\":{\"@id\":\"https:\/\/gfmparts.com\/#\/schema\/logo\/image\/\"},\"sameAs\":[\"https:\/\/www.facebook.com\/gfmparts\",\"https:\/\/www.linkedin.com\/company\/gfmparts\/\",\"https:\/\/www.tiktok.com\/@gfmparts\",\"https:\/\/www.youtube.com\/@GFMparts\/featured\"]}]}<\/script>\n<!-- \/ Yoast SEO Premium plugin. -->","yoast_head_json":{"title":"Bucket Tooth Adapter - GFM Excavator Bucket Teeth Supplier","description":"As a professional excavator parts manufacturer, GFM provides you with high-quality excavator bucket tooth adapters designed for various types of excavators.","robots":{"index":"index","follow":"follow","max-snippet":"max-snippet:-1","max-image-preview":"max-image-preview:large","max-video-preview":"max-video-preview:-1"},"canonical":"https:\/\/gfmparts.com\/pt\/product\/fornecedor-de-adaptadores-de-dentes-de-cacamba-de-escavadeira\/","og_locale":"pt_BR","og_type":"article","og_title":"Excavator Bucket Tooth Adapter Supplier","og_description":"As a professional excavator parts manufacturer, GFM provides you with high-quality excavator bucket tooth adapters designed for various types of excavators.","og_url":"https:\/\/gfmparts.com\/pt\/product\/fornecedor-de-adaptadores-de-dentes-de-cacamba-de-escavadeira\/","article_publisher":"https:\/\/www.facebook.com\/gfmparts","article_modified_time":"2025-05-16T09:47:54+00:00","og_image":[{"width":1280,"height":1280,"url":"https:\/\/gfmparts.com\/wp-content\/uploads\/2025\/01\/Bucket-Tooth-Adapter-3.png","type":"image\/png"}],"twitter_card":"summary_large_image","twitter_misc":{"Est. tempo de leitura":"3 minutos"},"schema":{"@context":"https:\/\/schema.org","@graph":[{"@type":"WebPage","@id":"https:\/\/gfmparts.com\/product\/excavator-bucket-tooth-adapter-supplier\/","url":"https:\/\/gfmparts.com\/product\/excavator-bucket-tooth-adapter-supplier\/","name":"Bucket Tooth Adapter - GFM Excavator Bucket Teeth Supplier","isPartOf":{"@id":"https:\/\/gfmparts.com\/#website"},"primaryImageOfPage":{"@id":"https:\/\/gfmparts.com\/product\/excavator-bucket-tooth-adapter-supplier\/#primaryimage"},"image":{"@id":"https:\/\/gfmparts.com\/product\/excavator-bucket-tooth-adapter-supplier\/#primaryimage"},"thumbnailUrl":"https:\/\/gfmparts.com\/wp-content\/uploads\/2025\/01\/Bucket-Tooth-Adapter-3.png","datePublished":"2025-01-10T06:32:03+00:00","dateModified":"2025-05-16T09:47:54+00:00","description":"As a professional excavator parts manufacturer, GFM provides you with high-quality excavator bucket tooth adapters designed for various types of excavators.","breadcrumb":{"@id":"https:\/\/gfmparts.com\/product\/excavator-bucket-tooth-adapter-supplier\/#breadcrumb"},"inLanguage":"pt-BR","potentialAction":[{"@type":"ReadAction","target":["https:\/\/gfmparts.com\/product\/excavator-bucket-tooth-adapter-supplier\/"]}]},{"@type":"ImageObject","inLanguage":"pt-BR","@id":"https:\/\/gfmparts.com\/product\/excavator-bucket-tooth-adapter-supplier\/#primaryimage","url":"https:\/\/gfmparts.com\/wp-content\/uploads\/2025\/01\/Bucket-Tooth-Adapter-3.png","contentUrl":"https:\/\/gfmparts.com\/wp-content\/uploads\/2025\/01\/Bucket-Tooth-Adapter-3.png","width":1280,"height":1280,"caption":"Bucket Tooth Adapter"},{"@type":"BreadcrumbList","@id":"https:\/\/gfmparts.com\/product\/excavator-bucket-tooth-adapter-supplier\/#breadcrumb","itemListElement":[{"@type":"ListItem","position":1,"name":"\u9996\u9875","item":"https:\/\/gfmparts.com\/"},{"@type":"ListItem","position":2,"name":"All Product","item":"https:\/\/gfmparts.com\/all-product\/"},{"@type":"ListItem","position":3,"name":"Excavator Bucket Tooth Adapter Supplier"}]},{"@type":"WebSite","@id":"https:\/\/gfmparts.com\/#website","url":"https:\/\/gfmparts.com\/","name":"GFM PARTS","description":"GFM since 2011 focused on excavator and bulldozer undercarriage parts manufacturing :Track rollers,carrier roller,idler,sprocket,track group,bucket tooth pin.","publisher":{"@id":"https:\/\/gfmparts.com\/#organization"},"alternateName":"gfmparts.com","potentialAction":[{"@type":"SearchAction","target":{"@type":"EntryPoint","urlTemplate":"https:\/\/gfmparts.com\/?s={search_term_string}"},"query-input":{"@type":"PropertyValueSpecification","valueRequired":true,"valueName":"search_term_string"}}],"inLanguage":"pt-BR"},{"@type":"Organization","@id":"https:\/\/gfmparts.com\/#organization","name":"GFM PARTS","url":"https:\/\/gfmparts.com\/","logo":{"@type":"ImageObject","inLanguage":"pt-BR","@id":"https:\/\/gfmparts.com\/#\/schema\/logo\/image\/","url":"https:\/\/gfmparts.com\/wp-content\/uploads\/2024\/11\/cropped-GFMparts.com_-2.png","contentUrl":"https:\/\/gfmparts.com\/wp-content\/uploads\/2024\/11\/cropped-GFMparts.com_-2.png","width":5987,"height":2564,"caption":"GFM PARTS"},"image":{"@id":"https:\/\/gfmparts.com\/#\/schema\/logo\/image\/"},"sameAs":["https:\/\/www.facebook.com\/gfmparts","https:\/\/www.linkedin.com\/company\/gfmparts\/","https:\/\/www.tiktok.com\/@gfmparts","https:\/\/www.youtube.com\/@GFMparts\/featured"]}]}},"_links":{"self":[{"href":"https:\/\/gfmparts.com\/pt\/wp-json\/wp\/v2\/product\/3266"}],"collection":[{"href":"https:\/\/gfmparts.com\/pt\/wp-json\/wp\/v2\/product"}],"about":[{"href":"https:\/\/gfmparts.com\/pt\/wp-json\/wp\/v2\/types\/product"}],"wp:featuredmedia":[{"embeddable":true,"href":"https:\/\/gfmparts.com\/pt\/wp-json\/wp\/v2\/media\/3590"}],"wp:attachment":[{"href":"https:\/\/gfmparts.com\/pt\/wp-json\/wp\/v2\/media?parent=3266"}],"wp:term":[{"taxonomy":"product_cat","embeddable":true,"href":"https:\/\/gfmparts.com\/pt\/wp-json\/wp\/v2\/product_cat?post=3266"},{"taxonomy":"product_tag","embeddable":true,"href":"https:\/\/gfmparts.com\/pt\/wp-json\/wp\/v2\/product_tag?post=3266"}],"curies":[{"name":"wp","href":"https:\/\/api.w.org\/{rel}","templated":true}]}}