{"id":3303,"date":"2025-01-15T06:08:39","date_gmt":"2025-01-15T06:08:39","guid":{"rendered":"https:\/\/gfmparts.com\/?post_type=product&#038;p=3303"},"modified":"2025-05-16T09:47:13","modified_gmt":"2025-05-16T09:47:13","slug":"wholesale-excavator-bucket-hook","status":"publish","type":"product","link":"https:\/\/gfmparts.com\/pt\/product\/gancho-de-cacamba-para-escavadeira-por-atacado\/","title":{"rendered":"Gancho de ca\u00e7amba para escavadeira por atacado"},"content":{"rendered":"<h5 style=\"text-align: center;\"><span style=\"color: #000000;\">GFM <a style=\"color: #000000;\" href=\"https:\/\/gfmparts.com\/pt\/contato-gfm\/\">gancho de ca\u00e7amba de escavadeira<\/a> \u00e9 essencial para sua escavadeira de alto desempenho.<\/span><\/h5>\n<p style=\"text-align: left;\"><span style=\"color: #000000;\">A GFM \u00e9 especializada no fornecimento de ganchos para ca\u00e7ambas de escavadeiras altamente resistentes ao desgaste, garantindo que sua escavadeira mantenha sempre um excelente desempenho em diversas condi\u00e7\u00f5es de trabalho. Nossos ganchos para ca\u00e7ambas s\u00e3o feitos de a\u00e7o-liga de alta qualidade e passam por rigorosos processos de tratamento t\u00e9rmico para proporcionar excelente resist\u00eancia e resist\u00eancia \u00e0 fadiga.<\/span><\/p>\n<h3><span style=\"color: #ff6600;\">Descri\u00e7\u00e3o do produto<\/span><\/h3>\n<ul>\n<li><span style=\"color: #000000;\"><strong>Quantidade m\u00ednima:<\/strong>\u00a01 PC<\/span><\/li>\n<li><span style=\"color: #000000;\"><strong>M\u00e9todo de pagamento:<\/strong>\u00a0T\/T<\/span><\/li>\n<li><span style=\"color: #000000;\"><strong>Marca:<\/strong>\u00a0GFM<\/span><\/li>\n<li><span style=\"color: #000000;\"><strong>Doen\u00e7a:<\/strong>\u00a0Novo<\/span><\/li>\n<li><span style=\"color: #000000;\"><strong>Cor:<\/strong>\u00a0Amarelo, Preto ou Personalizado<\/span><\/li>\n<li><span style=\"color: #000000;\"><strong>Tempo de espera:<\/strong>\u00a030 dias<\/span><\/li>\n<li><span style=\"color: #000000;\"><strong>Garantia:<\/strong>\u00a01 ano<\/span><\/li>\n<li><span style=\"color: #000000;\"><strong>Servi\u00e7o:<\/strong>\u00a0OEM ou ODM<\/span><\/li>\n<li><span style=\"color: #000000;\"><strong>Local de origem:<\/strong>\u00a0Fujian, China<\/span><\/li>\n<li><span style=\"color: #000000;\"><strong>Aplicativo:<\/strong> Escavadora<\/span><\/li>\n<li><span style=\"color: #000000;\"><strong>Embalagem:<\/strong>\u00a0Palete de madeira padr\u00e3o para exporta\u00e7\u00e3o<\/span><\/li>\n<\/ul>\n<p style=\"text-align: center;\"><img fetchpriority=\"high\" decoding=\"async\" class=\"alignnone wp-image-3306\" src=\"https:\/\/gfmparts.com\/wp-content\/uploads\/2025\/01\/excavator-bucket-hook-2-768x1024.jpg\" alt=\"gancho de ca\u00e7amba de escavadeira-2\" width=\"395\" height=\"527\" srcset=\"https:\/\/gfmparts.com\/wp-content\/uploads\/2025\/01\/excavator-bucket-hook-2-768x1024.jpg 768w, https:\/\/gfmparts.com\/wp-content\/uploads\/2025\/01\/excavator-bucket-hook-2-225x300.jpg 225w, https:\/\/gfmparts.com\/wp-content\/uploads\/2025\/01\/excavator-bucket-hook-2-1152x1536.jpg 1152w, https:\/\/gfmparts.com\/wp-content\/uploads\/2025\/01\/excavator-bucket-hook-2-600x800.jpg 600w, https:\/\/gfmparts.com\/wp-content\/uploads\/2025\/01\/excavator-bucket-hook-2.jpg 1279w\" sizes=\"(max-width: 395px) 100vw, 395px\" \/> <img decoding=\"async\" class=\"alignnone wp-image-3307\" src=\"https:\/\/gfmparts.com\/wp-content\/uploads\/2025\/01\/excavator-bucket-hook-3-768x1024.jpg\" alt=\"gancho de ca\u00e7amba de escavadeira-3\" width=\"397\" height=\"530\" srcset=\"https:\/\/gfmparts.com\/wp-content\/uploads\/2025\/01\/excavator-bucket-hook-3-768x1024.jpg 768w, https:\/\/gfmparts.com\/wp-content\/uploads\/2025\/01\/excavator-bucket-hook-3-225x300.jpg 225w, https:\/\/gfmparts.com\/wp-content\/uploads\/2025\/01\/excavator-bucket-hook-3-1152x1536.jpg 1152w, https:\/\/gfmparts.com\/wp-content\/uploads\/2025\/01\/excavator-bucket-hook-3-600x800.jpg 600w, https:\/\/gfmparts.com\/wp-content\/uploads\/2025\/01\/excavator-bucket-hook-3-rotated.jpg 1279w\" sizes=\"(max-width: 397px) 100vw, 397px\" \/><\/p>\n<h3><span style=\"color: #ff6600;\">Caracter\u00edsticas<\/span><\/h3>\n<ul>\n<li><b><\/b><span style=\"color: #000000;\"><strong><b>Forte e dur\u00e1vel<\/b><\/strong>:Feito de liga de a\u00e7o resistente para lidar com trabalhos pesados.<\/span><\/li>\n<li><span style=\"color: #000000;\"><b><\/b><strong><b>Fi preciso<\/b><\/strong><strong><b>t: <\/b><\/strong>Feito com precis\u00e3o para combinar perfeitamente com baldes.<\/span><\/li>\n<li><span style=\"color: #000000;\"><b><\/b><strong><b>Design Seguro<\/b><\/strong>: Inclui um mecanismo de travamento seguro para desempenho confi\u00e1vel.<\/span><\/li>\n<li><span style=\"color: #000000;\"><b><\/b><strong><b>Resistente \u00e0 ferrugem<\/b><\/strong>: Revestido para evitar corros\u00e3o e prolongar a vida \u00fatil.<\/span><\/li>\n<li><span style=\"color: #000000;\"><b><\/b><strong><b>F\u00e1cil de usar<\/b><\/strong><strong><b>: <\/b><\/strong>F\u00e1cil de instalar e pronto para uso rapidamente.<\/span><b><\/b><\/li>\n<\/ul>\n<h3><span style=\"color: #ff6600;\">Modelos de produtos<\/span><\/h3>\n<p style=\"text-align: center;\"><img decoding=\"async\" class=\"alignnone size-full wp-image-3147\" src=\"https:\/\/gfmparts.com\/wp-content\/uploads\/2024\/11\/excavator-part-description-e1735350735761.png\" alt=\"descri\u00e7\u00e3o da pe\u00e7a da escavadeira\" width=\"856\" height=\"694\" srcset=\"https:\/\/gfmparts.com\/wp-content\/uploads\/2024\/11\/excavator-part-description-e1735350735761.png 856w, https:\/\/gfmparts.com\/wp-content\/uploads\/2024\/11\/excavator-part-description-e1735350735761-300x243.png 300w, https:\/\/gfmparts.com\/wp-content\/uploads\/2024\/11\/excavator-part-description-e1735350735761-768x623.png 768w, https:\/\/gfmparts.com\/wp-content\/uploads\/2024\/11\/excavator-part-description-e1735350735761-600x486.png 600w\" sizes=\"(max-width: 856px) 100vw, 856px\" \/><\/p>\n<h3><span style=\"color: #ff6600;\">Processo de produ\u00e7\u00e3o<\/span><\/h3>\n<p><img loading=\"lazy\" decoding=\"async\" class=\"size-large wp-image-3043 aligncenter\" src=\"https:\/\/gfmparts.com\/wp-content\/uploads\/2024\/12\/\u901a\u7528\u751f\u4ea7\u6d41\u7a0b-1-1024x648.jpg\" alt=\"processo de produ\u00e7\u00e3o de pe\u00e7as de escavadeira\" width=\"1024\" height=\"648\" srcset=\"\" sizes=\"(max-width: 1024px) 100vw, 1024px\" data-srcset=\"\" \/><\/p>\n<h3><span style=\"color: #ff6600;\">Embalagem e Envio<\/span><\/h3>\n<p style=\"text-align: center;\"><img loading=\"lazy\" decoding=\"async\" class=\"alignnone size-large wp-image-6521\" src=\"https:\/\/gfmparts.com\/wp-content\/uploads\/2025\/05\/Packaging-and-Shipping-1-1-1024x648.jpg\" alt=\"Embalagem e Envio\" width=\"1024\" height=\"648\" srcset=\"https:\/\/gfmparts.com\/wp-content\/uploads\/2025\/05\/Packaging-and-Shipping-1-1-1024x648.jpg 1024w, https:\/\/gfmparts.com\/wp-content\/uploads\/2025\/05\/Packaging-and-Shipping-1-1-300x190.jpg 300w, https:\/\/gfmparts.com\/wp-content\/uploads\/2025\/05\/Packaging-and-Shipping-1-1-768x486.jpg 768w, https:\/\/gfmparts.com\/wp-content\/uploads\/2025\/05\/Packaging-and-Shipping-1-1-1536x973.jpg 1536w, https:\/\/gfmparts.com\/wp-content\/uploads\/2025\/05\/Packaging-and-Shipping-1-1-2048x1297.jpg 2048w, https:\/\/gfmparts.com\/wp-content\/uploads\/2025\/05\/Packaging-and-Shipping-1-1-600x380.jpg 600w\" sizes=\"(max-width: 1024px) 100vw, 1024px\" \/><\/p>\n<h3><span style=\"color: #ff6600;\">Vantagens da f\u00e1brica<\/span><\/h3>\n<ul>\n<li><span style=\"color: #000000;\"><strong>Tecnologia de produ\u00e7\u00e3o avan\u00e7ada:<\/strong> A f\u00e1brica da GFM conta com modernos equipamentos de produ\u00e7\u00e3o e tecnologia de fundi\u00e7\u00e3o avan\u00e7ada. Da sele\u00e7\u00e3o da mat\u00e9ria-prima \u00e0 inspe\u00e7\u00e3o do produto acabado, adotamos um rigoroso sistema de gest\u00e3o da qualidade para garantir que cada produto atenda aos padr\u00f5es internacionais.<\/span><\/li>\n<li><span style=\"color: #000000;\"><strong>Linha completa de produtos:<\/strong> Seja um modelo padr\u00e3o ou uma personaliza\u00e7\u00e3o fora do padr\u00e3o, fornecemos ganchos de ca\u00e7amba e dentes de ca\u00e7amba de v\u00e1rias especifica\u00e7\u00f5es para atender \u00e0s necessidades de acess\u00f3rios de escavadeiras de diferentes marcas e modelos.<\/span><\/li>\n<li><span style=\"color: #000000;\"><strong>Capacidades de P&amp;D e inova\u00e7\u00e3o:<\/strong> A equipe t\u00e9cnica da GFM otimiza continuamente o design do produto, melhora a resist\u00eancia e a durabilidade dos acess\u00f3rios por meio da tecnologia de an\u00e1lise de elementos finitos (FEA) e fornece aos clientes solu\u00e7\u00f5es econ\u00f4micas.<\/span><\/li>\n<li><span style=\"color: #000000;\"><strong>Capacidades de entrega r\u00e1pida:<\/strong> Com estoque suficiente e capacidade de produ\u00e7\u00e3o eficiente, oferecemos suporte a pedidos de pequenos lotes e fornecimento de grandes lotes para atender \u00e0s necessidades urgentes dos clientes.<\/span><\/li>\n<\/ul>\n<h5><span style=\"color: #000000;\">Por que escolher a GFM <a style=\"color: #000000;\" href=\"https:\/\/gfmparts.com\/pt\/product\/excelente-fornecedor-de-dentes-de-cacamba-para-escavadeira\/\">fornecedor de dentes de ca\u00e7amba de escavadeira<\/a>?<\/span><\/h5>\n<ul>\n<li><span style=\"color: #000000;\"><strong>Servi\u00e7o OEM\/ODM:<\/strong> Oferecer suporte a produtos personalizados de acordo com as necessidades do cliente, abrangendo requisitos de design personalizados, como tamanho, material, revestimento, etc.<\/span><\/li>\n<li><span style=\"color: #000000;\"><strong>Experi\u00eancia de coopera\u00e7\u00e3o global:<\/strong> Coopere com muitas marcas de renome internacional e entenda os requisitos rigorosos dos clientes globais para acess\u00f3rios de escavadeira.<\/span><\/li>\n<li><span style=\"color: #000000;\"><strong>Servi\u00e7o p\u00f3s-venda perfeito:<\/strong> Da orienta\u00e7\u00e3o de instala\u00e7\u00e3o ao suporte t\u00e9cnico durante o uso, oferecemos um servi\u00e7o completo para garantir que os clientes n\u00e3o tenham preocupa\u00e7\u00f5es.<\/span><\/li>\n<\/ul>\n<p><span style=\"color: #000000;\">Ao escolher os ganchos e dentes de ca\u00e7amba para escavadeira da GFM, voc\u00ea obter\u00e1 acess\u00f3rios de alta qualidade e suporte de servi\u00e7o profissional para proteger seu equipamento de engenharia.<\/span><\/p>\n<p style=\"text-align: center;\"><span style=\"color: #000000;\"><img loading=\"lazy\" decoding=\"async\" class=\"alignnone wp-image-2159\" src=\"https:\/\/gfmparts.com\/wp-content\/uploads\/2024\/12\/\u5fae\u4fe1\u56fe\u7247_20241202160325-1024x576.jpg\" alt=\"fornecedor de dentes de ca\u00e7amba de escavadeira\" width=\"767\" height=\"431\" srcset=\"\" sizes=\"(max-width: 767px) 100vw, 767px\" data-srcset=\"\" \/><\/span><\/p>","protected":false},"excerpt":{"rendered":"<ul>\n<li><span style=\"color: #000000;\">Qualidade garantida do produto<\/span><\/li>\n<li><span style=\"color: #000000;\">Fornecimento grande<\/span><\/li>\n<li><span style=\"color: #000000;\">Pre\u00e7os competitivos<\/span><\/li>\n<li><span style=\"color: #000000;\">A maioria das marcas e modelos<\/span><\/li>\n<li><span style=\"color: #000000;\">Equipe de Atendimento ao Cliente \u00datil<\/span><\/li>\n<li><span style=\"color: #000000;\">Suporte t\u00e9cnico profissional<\/span><\/li>\n<\/ul>","protected":false},"featured_media":3586,"template":"","meta":{"site-sidebar-layout":"default","site-content-layout":"","ast-site-content-layout":"default","site-content-style":"default","site-sidebar-style":"default","ast-global-header-display":"","ast-banner-title-visibility":"","ast-main-header-display":"","ast-hfb-above-header-display":"","ast-hfb-below-header-display":"","ast-hfb-mobile-header-display":"","site-post-title":"","ast-breadcrumbs-content":"","ast-featured-img":"","footer-sml-layout":"","theme-transparent-header-meta":"default","adv-header-id-meta":"","stick-header-meta":"default","header-above-stick-meta":"","header-main-stick-meta":"","header-below-stick-meta":"","astra-migrate-meta-layouts":"set","ast-page-background-enabled":"default","ast-page-background-meta":{"desktop":{"background-color":"","background-image":"","background-repeat":"repeat","background-position":"center center","background-size":"auto","background-attachment":"scroll","background-type":"","background-media":"","overlay-type":"","overlay-color":"","overlay-opacity":"","overlay-gradient":""},"tablet":{"background-color":"","background-image":"","background-repeat":"repeat","background-position":"center center","background-size":"auto","background-attachment":"scroll","background-type":"","background-media":"","overlay-type":"","overlay-color":"","overlay-opacity":"","overlay-gradient":""},"mobile":{"background-color":"","background-image":"","background-repeat":"repeat","background-position":"center center","background-size":"auto","background-attachment":"scroll","background-type":"","background-media":"","overlay-type":"","overlay-color":"","overlay-opacity":"","overlay-gradient":""}},"ast-content-background-meta":{"desktop":{"background-color":"var(--ast-global-color-5)","background-image":"","background-repeat":"repeat","background-position":"center center","background-size":"auto","background-attachment":"scroll","background-type":"","background-media":"","overlay-type":"","overlay-color":"","overlay-opacity":"","overlay-gradient":""},"tablet":{"background-color":"var(--ast-global-color-5)","background-image":"","background-repeat":"repeat","background-position":"center center","background-size":"auto","background-attachment":"scroll","background-type":"","background-media":"","overlay-type":"","overlay-color":"","overlay-opacity":"","overlay-gradient":""},"mobile":{"background-color":"var(--ast-global-color-5)","background-image":"","background-repeat":"repeat","background-position":"center center","background-size":"auto","background-attachment":"scroll","background-type":"","background-media":"","overlay-type":"","overlay-color":"","overlay-opacity":"","overlay-gradient":""}}},"product_cat":[27,34],"product_tag":[],"class_list":{"0":"post-3303","1":"product","2":"type-product","3":"status-publish","4":"has-post-thumbnail","6":"product_cat-parts","7":"product_cat-bucket-teeth","8":"desktop-align-left","9":"tablet-align-left","10":"mobile-align-left","11":"ast-product-gallery-layout-horizontal-slider","12":"ast-product-tabs-layout-horizontal","14":"first","15":"instock","16":"shipping-taxable","17":"product-type-simple"},"yoast_head":"<!-- This site is optimized with the Yoast SEO Premium plugin v22.8 (Yoast SEO v23.9) - https:\/\/yoast.com\/wordpress\/plugins\/seo\/ -->\n<title>Excavator Bucket Hook - GFM Excavator Bucket Teeth Supplier<\/title>\n<meta name=\"description\" content=\"Choose GFM&#039;s excavator bucket hook, you will get high-quality accessories and professional service support to protect your engineering equipment.\" \/>\n<meta name=\"robots\" content=\"index, follow, max-snippet:-1, max-image-preview:large, max-video-preview:-1\" \/>\n<link rel=\"canonical\" href=\"https:\/\/gfmparts.com\/pt\/product\/gancho-de-cacamba-para-escavadeira-por-atacado\/\" \/>\n<meta property=\"og:locale\" content=\"pt_BR\" \/>\n<meta property=\"og:type\" content=\"article\" \/>\n<meta property=\"og:title\" content=\"Wholesale Excavator Bucket Hook\" \/>\n<meta property=\"og:description\" content=\"Choose GFM&#039;s excavator bucket hook, you will get high-quality accessories and professional service support to protect your engineering equipment.\" \/>\n<meta property=\"og:url\" content=\"https:\/\/gfmparts.com\/pt\/product\/gancho-de-cacamba-para-escavadeira-por-atacado\/\" \/>\n<meta property=\"article:publisher\" content=\"https:\/\/www.facebook.com\/gfmparts\" \/>\n<meta property=\"article:modified_time\" content=\"2025-05-16T09:47:13+00:00\" \/>\n<meta property=\"og:image\" content=\"https:\/\/gfmparts.com\/wp-content\/uploads\/2025\/01\/excavator-bucket-hook-2.png\" \/>\n\t<meta property=\"og:image:width\" content=\"1000\" \/>\n\t<meta property=\"og:image:height\" content=\"1000\" \/>\n\t<meta property=\"og:image:type\" content=\"image\/png\" \/>\n<meta name=\"twitter:card\" content=\"summary_large_image\" \/>\n<meta name=\"twitter:label1\" content=\"Est. tempo de leitura\" \/>\n\t<meta name=\"twitter:data1\" content=\"3 minutos\" \/>\n<script type=\"application\/ld+json\" class=\"yoast-schema-graph\">{\"@context\":\"https:\/\/schema.org\",\"@graph\":[{\"@type\":\"WebPage\",\"@id\":\"https:\/\/gfmparts.com\/product\/wholesale-excavator-bucket-hook\/\",\"url\":\"https:\/\/gfmparts.com\/product\/wholesale-excavator-bucket-hook\/\",\"name\":\"Excavator Bucket Hook - GFM Excavator Bucket Teeth Supplier\",\"isPartOf\":{\"@id\":\"https:\/\/gfmparts.com\/#website\"},\"primaryImageOfPage\":{\"@id\":\"https:\/\/gfmparts.com\/product\/wholesale-excavator-bucket-hook\/#primaryimage\"},\"image\":{\"@id\":\"https:\/\/gfmparts.com\/product\/wholesale-excavator-bucket-hook\/#primaryimage\"},\"thumbnailUrl\":\"https:\/\/gfmparts.com\/wp-content\/uploads\/2025\/01\/excavator-bucket-hook-2.png\",\"datePublished\":\"2025-01-15T06:08:39+00:00\",\"dateModified\":\"2025-05-16T09:47:13+00:00\",\"description\":\"Choose GFM's excavator bucket hook, you will get high-quality accessories and professional service support to protect your engineering equipment.\",\"breadcrumb\":{\"@id\":\"https:\/\/gfmparts.com\/product\/wholesale-excavator-bucket-hook\/#breadcrumb\"},\"inLanguage\":\"pt-BR\",\"potentialAction\":[{\"@type\":\"ReadAction\",\"target\":[\"https:\/\/gfmparts.com\/product\/wholesale-excavator-bucket-hook\/\"]}]},{\"@type\":\"ImageObject\",\"inLanguage\":\"pt-BR\",\"@id\":\"https:\/\/gfmparts.com\/product\/wholesale-excavator-bucket-hook\/#primaryimage\",\"url\":\"https:\/\/gfmparts.com\/wp-content\/uploads\/2025\/01\/excavator-bucket-hook-2.png\",\"contentUrl\":\"https:\/\/gfmparts.com\/wp-content\/uploads\/2025\/01\/excavator-bucket-hook-2.png\",\"width\":1000,\"height\":1000,\"caption\":\"excavator bucket hook\"},{\"@type\":\"BreadcrumbList\",\"@id\":\"https:\/\/gfmparts.com\/product\/wholesale-excavator-bucket-hook\/#breadcrumb\",\"itemListElement\":[{\"@type\":\"ListItem\",\"position\":1,\"name\":\"\u9996\u9875\",\"item\":\"https:\/\/gfmparts.com\/\"},{\"@type\":\"ListItem\",\"position\":2,\"name\":\"All Product\",\"item\":\"https:\/\/gfmparts.com\/all-product\/\"},{\"@type\":\"ListItem\",\"position\":3,\"name\":\"Wholesale Excavator Bucket Hook\"}]},{\"@type\":\"WebSite\",\"@id\":\"https:\/\/gfmparts.com\/#website\",\"url\":\"https:\/\/gfmparts.com\/\",\"name\":\"GFM PARTS\",\"description\":\"GFM since 2011 focused on excavator and bulldozer undercarriage parts manufacturing :Track rollers,carrier roller,idler,sprocket,track group,bucket tooth pin.\",\"publisher\":{\"@id\":\"https:\/\/gfmparts.com\/#organization\"},\"alternateName\":\"gfmparts.com\",\"potentialAction\":[{\"@type\":\"SearchAction\",\"target\":{\"@type\":\"EntryPoint\",\"urlTemplate\":\"https:\/\/gfmparts.com\/?s={search_term_string}\"},\"query-input\":{\"@type\":\"PropertyValueSpecification\",\"valueRequired\":true,\"valueName\":\"search_term_string\"}}],\"inLanguage\":\"pt-BR\"},{\"@type\":\"Organization\",\"@id\":\"https:\/\/gfmparts.com\/#organization\",\"name\":\"GFM PARTS\",\"url\":\"https:\/\/gfmparts.com\/\",\"logo\":{\"@type\":\"ImageObject\",\"inLanguage\":\"pt-BR\",\"@id\":\"https:\/\/gfmparts.com\/#\/schema\/logo\/image\/\",\"url\":\"https:\/\/gfmparts.com\/wp-content\/uploads\/2024\/11\/cropped-GFMparts.com_-2.png\",\"contentUrl\":\"https:\/\/gfmparts.com\/wp-content\/uploads\/2024\/11\/cropped-GFMparts.com_-2.png\",\"width\":5987,\"height\":2564,\"caption\":\"GFM PARTS\"},\"image\":{\"@id\":\"https:\/\/gfmparts.com\/#\/schema\/logo\/image\/\"},\"sameAs\":[\"https:\/\/www.facebook.com\/gfmparts\",\"https:\/\/www.linkedin.com\/company\/gfmparts\/\",\"https:\/\/www.tiktok.com\/@gfmparts\",\"https:\/\/www.youtube.com\/@GFMparts\/featured\"]}]}<\/script>\n<!-- \/ Yoast SEO Premium plugin. -->","yoast_head_json":{"title":"Excavator Bucket Hook - GFM Excavator Bucket Teeth Supplier","description":"Choose GFM's excavator bucket hook, you will get high-quality accessories and professional service support to protect your engineering equipment.","robots":{"index":"index","follow":"follow","max-snippet":"max-snippet:-1","max-image-preview":"max-image-preview:large","max-video-preview":"max-video-preview:-1"},"canonical":"https:\/\/gfmparts.com\/pt\/product\/gancho-de-cacamba-para-escavadeira-por-atacado\/","og_locale":"pt_BR","og_type":"article","og_title":"Wholesale Excavator Bucket Hook","og_description":"Choose GFM's excavator bucket hook, you will get high-quality accessories and professional service support to protect your engineering equipment.","og_url":"https:\/\/gfmparts.com\/pt\/product\/gancho-de-cacamba-para-escavadeira-por-atacado\/","article_publisher":"https:\/\/www.facebook.com\/gfmparts","article_modified_time":"2025-05-16T09:47:13+00:00","og_image":[{"width":1000,"height":1000,"url":"https:\/\/gfmparts.com\/wp-content\/uploads\/2025\/01\/excavator-bucket-hook-2.png","type":"image\/png"}],"twitter_card":"summary_large_image","twitter_misc":{"Est. tempo de leitura":"3 minutos"},"schema":{"@context":"https:\/\/schema.org","@graph":[{"@type":"WebPage","@id":"https:\/\/gfmparts.com\/product\/wholesale-excavator-bucket-hook\/","url":"https:\/\/gfmparts.com\/product\/wholesale-excavator-bucket-hook\/","name":"Excavator Bucket Hook - GFM Excavator Bucket Teeth Supplier","isPartOf":{"@id":"https:\/\/gfmparts.com\/#website"},"primaryImageOfPage":{"@id":"https:\/\/gfmparts.com\/product\/wholesale-excavator-bucket-hook\/#primaryimage"},"image":{"@id":"https:\/\/gfmparts.com\/product\/wholesale-excavator-bucket-hook\/#primaryimage"},"thumbnailUrl":"https:\/\/gfmparts.com\/wp-content\/uploads\/2025\/01\/excavator-bucket-hook-2.png","datePublished":"2025-01-15T06:08:39+00:00","dateModified":"2025-05-16T09:47:13+00:00","description":"Choose GFM's excavator bucket hook, you will get high-quality accessories and professional service support to protect your engineering equipment.","breadcrumb":{"@id":"https:\/\/gfmparts.com\/product\/wholesale-excavator-bucket-hook\/#breadcrumb"},"inLanguage":"pt-BR","potentialAction":[{"@type":"ReadAction","target":["https:\/\/gfmparts.com\/product\/wholesale-excavator-bucket-hook\/"]}]},{"@type":"ImageObject","inLanguage":"pt-BR","@id":"https:\/\/gfmparts.com\/product\/wholesale-excavator-bucket-hook\/#primaryimage","url":"https:\/\/gfmparts.com\/wp-content\/uploads\/2025\/01\/excavator-bucket-hook-2.png","contentUrl":"https:\/\/gfmparts.com\/wp-content\/uploads\/2025\/01\/excavator-bucket-hook-2.png","width":1000,"height":1000,"caption":"excavator bucket hook"},{"@type":"BreadcrumbList","@id":"https:\/\/gfmparts.com\/product\/wholesale-excavator-bucket-hook\/#breadcrumb","itemListElement":[{"@type":"ListItem","position":1,"name":"\u9996\u9875","item":"https:\/\/gfmparts.com\/"},{"@type":"ListItem","position":2,"name":"All Product","item":"https:\/\/gfmparts.com\/all-product\/"},{"@type":"ListItem","position":3,"name":"Wholesale Excavator Bucket Hook"}]},{"@type":"WebSite","@id":"https:\/\/gfmparts.com\/#website","url":"https:\/\/gfmparts.com\/","name":"GFM PARTS","description":"GFM since 2011 focused on excavator and bulldozer undercarriage parts manufacturing :Track rollers,carrier roller,idler,sprocket,track group,bucket tooth pin.","publisher":{"@id":"https:\/\/gfmparts.com\/#organization"},"alternateName":"gfmparts.com","potentialAction":[{"@type":"SearchAction","target":{"@type":"EntryPoint","urlTemplate":"https:\/\/gfmparts.com\/?s={search_term_string}"},"query-input":{"@type":"PropertyValueSpecification","valueRequired":true,"valueName":"search_term_string"}}],"inLanguage":"pt-BR"},{"@type":"Organization","@id":"https:\/\/gfmparts.com\/#organization","name":"GFM PARTS","url":"https:\/\/gfmparts.com\/","logo":{"@type":"ImageObject","inLanguage":"pt-BR","@id":"https:\/\/gfmparts.com\/#\/schema\/logo\/image\/","url":"https:\/\/gfmparts.com\/wp-content\/uploads\/2024\/11\/cropped-GFMparts.com_-2.png","contentUrl":"https:\/\/gfmparts.com\/wp-content\/uploads\/2024\/11\/cropped-GFMparts.com_-2.png","width":5987,"height":2564,"caption":"GFM PARTS"},"image":{"@id":"https:\/\/gfmparts.com\/#\/schema\/logo\/image\/"},"sameAs":["https:\/\/www.facebook.com\/gfmparts","https:\/\/www.linkedin.com\/company\/gfmparts\/","https:\/\/www.tiktok.com\/@gfmparts","https:\/\/www.youtube.com\/@GFMparts\/featured"]}]}},"_links":{"self":[{"href":"https:\/\/gfmparts.com\/pt\/wp-json\/wp\/v2\/product\/3303"}],"collection":[{"href":"https:\/\/gfmparts.com\/pt\/wp-json\/wp\/v2\/product"}],"about":[{"href":"https:\/\/gfmparts.com\/pt\/wp-json\/wp\/v2\/types\/product"}],"wp:featuredmedia":[{"embeddable":true,"href":"https:\/\/gfmparts.com\/pt\/wp-json\/wp\/v2\/media\/3586"}],"wp:attachment":[{"href":"https:\/\/gfmparts.com\/pt\/wp-json\/wp\/v2\/media?parent=3303"}],"wp:term":[{"taxonomy":"product_cat","embeddable":true,"href":"https:\/\/gfmparts.com\/pt\/wp-json\/wp\/v2\/product_cat?post=3303"},{"taxonomy":"product_tag","embeddable":true,"href":"https:\/\/gfmparts.com\/pt\/wp-json\/wp\/v2\/product_tag?post=3303"}],"curies":[{"name":"wp","href":"https:\/\/api.w.org\/{rel}","templated":true}]}}