{"id":3372,"date":"2025-01-21T07:04:02","date_gmt":"2025-01-21T07:04:02","guid":{"rendered":"https:\/\/gfmparts.com\/?post_type=product&#038;p=3372"},"modified":"2025-05-16T09:15:10","modified_gmt":"2025-05-16T09:15:10","slug":"excavator-bulldozer-track-roller-bolts","status":"publish","type":"product","link":"https:\/\/gfmparts.com\/pt\/product\/parafusos-de-roletes-de-esteira-de-escavadeira\/","title":{"rendered":"Parafusos de roletes de esteira para escavadeiras e tratores de esteira"},"content":{"rendered":"<p><span style=\"color: #000000;\">O <a style=\"color: #000000;\" href=\"https:\/\/gfmparts.com\/pt\/product\/fabricante-de-parafusos-e-porcas-para-sapatas-de-escavadeiras\/\">parafusos do rolo inferior<\/a> de escavadeiras e tratores de esteira s\u00e3o componentes importantes que sustentam a opera\u00e7\u00e3o est\u00e1vel de m\u00e1quinas pesadas. Como pe\u00e7as-chave que conectam as esteiras e os rolos do trator, <a style=\"color: #000000;\" href=\"https:\/\/gfmparts.com\/pt\/product\/fabrica-de-rolos-inferiores-de-escavadeiras-doosan\/\">parafusos de roletes de esteira<\/a> S\u00e3o feitos de a\u00e7o de alta resist\u00eancia, que suporta altas tens\u00f5es e compress\u00f5es, prolongando efetivamente a vida \u00fatil do equipamento. No uso di\u00e1rio de escavadeiras e tratores, esses parafusos garantem o encaixe preciso dos rolos e do sistema de esteiras, reduzindo o desgaste e mantendo as boas condi\u00e7\u00f5es de funcionamento.<\/span><\/p>\n<p><span style=\"color: #000000;\">Gra\u00e7as ao seu design e fabrica\u00e7\u00e3o cuidadosos, os produtos GFM adaptam-se perfeitamente a diversas m\u00e1quinas pesadas, como escavadeiras e tratores de esteira, proporcionando forte suporte e estabilidade. Seja na constru\u00e7\u00e3o de funda\u00e7\u00f5es, minera\u00e7\u00e3o ou opera\u00e7\u00f5es complexas de engenharia, os rolos e parafusos da GFM garantem uma opera\u00e7\u00e3o eficiente e suave do equipamento.<\/span><\/p>\n<h6><span style=\"color: #000000;\">Principais vantagens:<\/span><\/h6>\n<ul>\n<li><span style=\"color: #000000;\"><strong>Capacidade de suporte aprimorada:<\/strong> Os parafusos e rolos s\u00e3o projetados com alta capacidade de carga, evitando efetivamente danos causados por opera\u00e7\u00e3o de alta carga a longo prazo.<\/span><\/li>\n<li><span style=\"color: #000000;\"><strong>Correspond\u00eancia otimizada:<\/strong> A combina\u00e7\u00e3o precisa dos rolos GFM e dos parafusos dos rolos reduz o desgaste e melhora o desempenho geral e a vida \u00fatil do equipamento.<\/span><\/li>\n<\/ul>\n<h3><span style=\"color: #ff6600;\">Descri\u00e7\u00e3o do produto<\/span><\/h3>\n<ul>\n<li><span style=\"color: #000000;\"><strong>Mat\u00e9ria-prima:<\/strong> 40CR<\/span><\/li>\n<li><span style=\"color: #000000;\"><strong>Quantidade m\u00ednima:<\/strong>\u00a01 PC<\/span><\/li>\n<li><span style=\"color: #000000;\"><strong>M\u00e9todo de pagamento:<\/strong>\u00a0T\/T<\/span><\/li>\n<li><span style=\"color: #000000;\"><strong>Marca:<\/strong>\u00a0GFM<\/span><\/li>\n<li><span style=\"color: #000000;\"><strong>Doen\u00e7a:<\/strong>\u00a0Novo<\/span><\/li>\n<li><span style=\"color: #000000;\"><strong>Cor:<\/strong>\u00a0Amarelo, Preto ou Personalizado<\/span><\/li>\n<li><span style=\"color: #000000;\"><strong>Tempo de espera:<\/strong>\u00a030 dias<\/span><\/li>\n<li><span style=\"color: #000000;\"><strong>Garantia:<\/strong>\u00a01 ano<\/span><\/li>\n<li><span style=\"color: #000000;\"><strong>Servi\u00e7o:<\/strong>\u00a0OEM ou ODM<\/span><\/li>\n<li><span style=\"color: #000000;\"><strong>Local de origem:<\/strong>\u00a0Fujian, China<\/span><\/li>\n<li><span style=\"color: #000000;\"><strong>Aplicativo:<\/strong> Escavadeira ou tratores<\/span><\/li>\n<li><span style=\"color: #000000;\"><strong>Embalagem:<\/strong>\u00a0Palete de madeira padr\u00e3o para exporta\u00e7\u00e3o<\/span><\/li>\n<\/ul>\n<h3><span style=\"color: #ff6600;\">Caracter\u00edsticas<\/span><\/h3>\n<ul>\n<li><b><\/b><span style=\"color: #000000;\"><strong><b>A\u00e7o de liga de alta resist\u00eancia: <\/b><\/strong>Oferece a durabilidade necess\u00e1ria para aplica\u00e7\u00f5es pesadas.<\/span><\/li>\n<li><span style=\"color: #000000;\"><b><\/b><strong><b>Engenharia de Precis\u00e3o: <\/b><\/strong>Garante um encaixe preciso com os componentes para um desempenho confi\u00e1vel.<\/span><\/li>\n<li><span style=\"color: #000000;\"><b><\/b><strong><b>Tratamento t\u00e9rmico: <\/b><\/strong>Aumenta a dureza e a resist\u00eancia, garantindo uma vida \u00fatil mais longa.<\/span><\/li>\n<li><span style=\"color: #000000;\"><b><\/b><strong><b>Design anti-afrouxamento: <\/b><\/strong>Mant\u00e9m os parafusos firmemente presos mesmo sob opera\u00e7\u00f5es intensas.<\/span><\/li>\n<li><span style=\"color: #000000;\"><b><\/b><strong><b>Prote\u00e7\u00e3o contra corros\u00e3o: <\/b><\/strong>Protege contra ferrugem e condi\u00e7\u00f5es ambientais adversas.<\/span><b><\/b><\/li>\n<\/ul>\n<h3><span style=\"color: #ff6600;\">Especifica\u00e7\u00f5es<\/span><\/h3>\n<p style=\"text-align: center;\"><img fetchpriority=\"high\" decoding=\"async\" class=\"alignnone size-full wp-image-3373\" src=\"https:\/\/gfmparts.com\/wp-content\/uploads\/2025\/01\/Excavator-and-Bulldozer-Bottom-Roller-Bolts-specifications.png\" alt=\"Especifica\u00e7\u00f5es dos parafusos de rolo inferior de escavadeiras e tratores de esteira\" width=\"728\" height=\"306\" srcset=\"https:\/\/gfmparts.com\/wp-content\/uploads\/2025\/01\/Excavator-and-Bulldozer-Bottom-Roller-Bolts-specifications.png 728w, https:\/\/gfmparts.com\/wp-content\/uploads\/2025\/01\/Excavator-and-Bulldozer-Bottom-Roller-Bolts-specifications-300x126.png 300w, https:\/\/gfmparts.com\/wp-content\/uploads\/2025\/01\/Excavator-and-Bulldozer-Bottom-Roller-Bolts-specifications-600x252.png 600w\" sizes=\"(max-width: 728px) 100vw, 728px\" \/><\/p>\n<h3><span style=\"color: #ff6600;\">Modelos de produtos<\/span><\/h3>\n<p style=\"text-align: center;\"><img decoding=\"async\" class=\"alignnone size-full wp-image-3154\" src=\"https:\/\/gfmparts.com\/wp-content\/uploads\/2024\/12\/excavator-and-bulldozer-part-description.png\" alt=\"descri\u00e7\u00e3o das pe\u00e7as da escavadeira e do trator de esteira\" width=\"853\" height=\"736\" srcset=\"https:\/\/gfmparts.com\/wp-content\/uploads\/2024\/12\/excavator-and-bulldozer-part-description.png 853w, https:\/\/gfmparts.com\/wp-content\/uploads\/2024\/12\/excavator-and-bulldozer-part-description-300x259.png 300w, https:\/\/gfmparts.com\/wp-content\/uploads\/2024\/12\/excavator-and-bulldozer-part-description-768x663.png 768w, https:\/\/gfmparts.com\/wp-content\/uploads\/2024\/12\/excavator-and-bulldozer-part-description-600x518.png 600w\" sizes=\"(max-width: 853px) 100vw, 853px\" \/><\/p>\n<h3><span style=\"color: #ff6600;\">Processo de produ\u00e7\u00e3o<\/span><\/h3>\n<p style=\"text-align: center;\"><iframe title=\"Reprodutor de v\u00eddeo do YouTube\" src=\"https:\/\/www.youtube.com\/embed\/p4WNLmr-Huc?si=PWuiZYSYsuM6wPVz\" width=\"1000\" height=\"562\" frameborder=\"0\" allowfullscreen=\"allowfullscreen\"><span data-mce-type=\"bookmark\" style=\"display: inline-block; width: 0px; overflow: hidden; line-height: 0;\" class=\"mce_SELRES_start\"><\/span><\/iframe><\/p>\n<p><img decoding=\"async\" class=\"size-large wp-image-3043 aligncenter\" src=\"https:\/\/gfmparts.com\/wp-content\/uploads\/2024\/12\/\u901a\u7528\u751f\u4ea7\u6d41\u7a0b-1-1024x648.jpg\" alt=\"processo de produ\u00e7\u00e3o de pe\u00e7as de escavadeira\" width=\"1024\" height=\"648\" srcset=\"\" sizes=\"(max-width: 1024px) 100vw, 1024px\" data-srcset=\"\" \/><\/p>\n<h3><span style=\"color: #ff6600;\">Embalagem e Envio<\/span><\/h3>\n<p style=\"text-align: center;\"><img loading=\"lazy\" decoding=\"async\" class=\"alignnone size-large wp-image-6521\" src=\"https:\/\/gfmparts.com\/wp-content\/uploads\/2025\/05\/Packaging-and-Shipping-1-1-1024x648.jpg\" alt=\"Embalagem e Envio\" width=\"1024\" height=\"648\" srcset=\"https:\/\/gfmparts.com\/wp-content\/uploads\/2025\/05\/Packaging-and-Shipping-1-1-1024x648.jpg 1024w, https:\/\/gfmparts.com\/wp-content\/uploads\/2025\/05\/Packaging-and-Shipping-1-1-300x190.jpg 300w, https:\/\/gfmparts.com\/wp-content\/uploads\/2025\/05\/Packaging-and-Shipping-1-1-768x486.jpg 768w, https:\/\/gfmparts.com\/wp-content\/uploads\/2025\/05\/Packaging-and-Shipping-1-1-1536x973.jpg 1536w, https:\/\/gfmparts.com\/wp-content\/uploads\/2025\/05\/Packaging-and-Shipping-1-1-2048x1297.jpg 2048w, https:\/\/gfmparts.com\/wp-content\/uploads\/2025\/05\/Packaging-and-Shipping-1-1-600x380.jpg 600w\" sizes=\"(max-width: 1024px) 100vw, 1024px\" \/><\/p>\n<h3><span style=\"color: #ff6600;\">Vantagens da f\u00e1brica<\/span><\/h3>\n<p><span style=\"color: #000000;\">GFM <a style=\"color: #000000;\" href=\"https:\/\/gfmparts.com\/pt\/product\/fabricante-de-rolos-de-esteira-para-escavadeira-com-fundo-de-gato\/\">f\u00e1brica de rolos de esteira<\/a> concentra-se em fornecer escavadeiras de alta qualidade <a style=\"color: #000000;\" href=\"https:\/\/gfmparts.com\/pt\/product\/fornecedor-de-rolos-de-esteira-para-escavadeira\/\">rolos de esteira de escavadeira<\/a> e acess\u00f3rios relacionados para clientes em todo o mundo. Nossa f\u00e1brica conta com equipamentos de produ\u00e7\u00e3o avan\u00e7ados e um rigoroso sistema de controle de qualidade para garantir que cada rolo seja testado e verificado de acordo com altos padr\u00f5es. Como fabricante l\u00edder do setor, a GFM n\u00e3o apenas fornece rolos de alto desempenho, mas tamb\u00e9m oferece servi\u00e7os personalizados de acordo com as necessidades do cliente, atendendo aos requisitos de uso em diferentes condi\u00e7\u00f5es de trabalho.<\/span><\/p>\n<h6><span style=\"color: #000000;\">For\u00e7a e vantagens da f\u00e1brica:<\/span><\/h6>\n<ul>\n<li><span style=\"color: #000000;\"><strong>Tecnologia de produ\u00e7\u00e3o avan\u00e7ada:<\/strong> A f\u00e1brica da GFM introduz processos e equipamentos de produ\u00e7\u00e3o avan\u00e7ados internacionalmente para garantir alta precis\u00e3o e durabilidade de cada produto.<\/span><\/li>\n<li><span style=\"color: #000000;\"><strong>Servi\u00e7os personalizados:<\/strong> Oferecemos uma gama completa de servi\u00e7os OEM\/ODM, oferecemos suporte \u00e0 personaliza\u00e7\u00e3o e atendemos \u00e0s necessidades espec\u00edficas dos clientes em diferentes ambientes de trabalho.<\/span><\/li>\n<li><span style=\"color: #000000;\"><strong>Controle de qualidade rigoroso:<\/strong> Cada produto em rolo passa por v\u00e1rios testes de processo para garantir a qualidade est\u00e1vel do produto e aumentar a confian\u00e7a do cliente.<\/span><\/li>\n<li><span style=\"color: #000000;\"><strong>Rica experi\u00eancia:<\/strong> Como fabricante profissional com muitos anos de experi\u00eancia no setor, a GFM acumulou uma rica experi\u00eancia em produ\u00e7\u00e3o e pode fornecer aos clientes suporte t\u00e9cnico e solu\u00e7\u00f5es mais profissionais.<\/span><\/li>\n<\/ul>\n<p style=\"text-align: center;\"><span style=\"color: #000000;\"><img loading=\"lazy\" decoding=\"async\" class=\"alignnone wp-image-2159\" src=\"https:\/\/gfmparts.com\/wp-content\/uploads\/2024\/12\/\u5fae\u4fe1\u56fe\u7247_20241202160325-1024x576.jpg\" alt=\"fabricante de pinos de dente de escavadeira\" width=\"767\" height=\"431\" srcset=\"\" sizes=\"(max-width: 767px) 100vw, 767px\" data-srcset=\"\" \/><\/span><\/p>","protected":false},"excerpt":{"rendered":"<ul>\n<li><span style=\"color: #000000;\">Qualidade garantida do produto<\/span><\/li>\n<li><span style=\"color: #000000;\">Fornecimento grande<\/span><\/li>\n<li><span style=\"color: #000000;\">Pre\u00e7os competitivos<\/span><\/li>\n<li><span style=\"color: #000000;\">A maioria das marcas e modelos<\/span><\/li>\n<li><span style=\"color: #000000;\">Equipe de Atendimento ao Cliente \u00datil<\/span><\/li>\n<li><span style=\"color: #000000;\">Suporte t\u00e9cnico profissional<\/span><\/li>\n<\/ul>","protected":false},"featured_media":3580,"template":"","meta":{"site-sidebar-layout":"default","site-content-layout":"","ast-site-content-layout":"default","site-content-style":"default","site-sidebar-style":"default","ast-global-header-display":"","ast-banner-title-visibility":"","ast-main-header-display":"","ast-hfb-above-header-display":"","ast-hfb-below-header-display":"","ast-hfb-mobile-header-display":"","site-post-title":"","ast-breadcrumbs-content":"","ast-featured-img":"","footer-sml-layout":"","theme-transparent-header-meta":"default","adv-header-id-meta":"","stick-header-meta":"default","header-above-stick-meta":"","header-main-stick-meta":"","header-below-stick-meta":"","astra-migrate-meta-layouts":"set","ast-page-background-enabled":"default","ast-page-background-meta":{"desktop":{"background-color":"","background-image":"","background-repeat":"repeat","background-position":"center center","background-size":"auto","background-attachment":"scroll","background-type":"","background-media":"","overlay-type":"","overlay-color":"","overlay-opacity":"","overlay-gradient":""},"tablet":{"background-color":"","background-image":"","background-repeat":"repeat","background-position":"center center","background-size":"auto","background-attachment":"scroll","background-type":"","background-media":"","overlay-type":"","overlay-color":"","overlay-opacity":"","overlay-gradient":""},"mobile":{"background-color":"","background-image":"","background-repeat":"repeat","background-position":"center center","background-size":"auto","background-attachment":"scroll","background-type":"","background-media":"","overlay-type":"","overlay-color":"","overlay-opacity":"","overlay-gradient":""}},"ast-content-background-meta":{"desktop":{"background-color":"var(--ast-global-color-5)","background-image":"","background-repeat":"repeat","background-position":"center center","background-size":"auto","background-attachment":"scroll","background-type":"","background-media":"","overlay-type":"","overlay-color":"","overlay-opacity":"","overlay-gradient":""},"tablet":{"background-color":"var(--ast-global-color-5)","background-image":"","background-repeat":"repeat","background-position":"center center","background-size":"auto","background-attachment":"scroll","background-type":"","background-media":"","overlay-type":"","overlay-color":"","overlay-opacity":"","overlay-gradient":""},"mobile":{"background-color":"var(--ast-global-color-5)","background-image":"","background-repeat":"repeat","background-position":"center center","background-size":"auto","background-attachment":"scroll","background-type":"","background-media":"","overlay-type":"","overlay-color":"","overlay-opacity":"","overlay-gradient":""}}},"product_cat":[27,37],"product_tag":[],"class_list":{"0":"post-3372","1":"product","2":"type-product","3":"status-publish","4":"has-post-thumbnail","6":"product_cat-parts","7":"product_cat-bolt-nut","8":"desktop-align-left","9":"tablet-align-left","10":"mobile-align-left","11":"ast-product-gallery-layout-horizontal-slider","12":"ast-product-gallery-with-no-image","13":"ast-product-tabs-layout-horizontal","15":"first","16":"instock","17":"shipping-taxable","18":"product-type-simple"},"yoast_head":"<!-- This site is optimized with the Yoast SEO Premium plugin v22.8 (Yoast SEO v23.9) - https:\/\/yoast.com\/wordpress\/plugins\/seo\/ -->\n<title>Excavator Bulldozer Track Roller Bolts Manufacturer - GFM<\/title>\n<meta name=\"description\" content=\"The GFM track roller factory has more than ten years of production experience and focuses on providing high-quality excavator bulldozer rollers and related accessories.\" \/>\n<meta name=\"robots\" content=\"index, follow, max-snippet:-1, max-image-preview:large, max-video-preview:-1\" \/>\n<link rel=\"canonical\" href=\"https:\/\/gfmparts.com\/pt\/product\/parafusos-de-roletes-de-esteira-de-escavadeira\/\" \/>\n<meta property=\"og:locale\" content=\"pt_BR\" \/>\n<meta property=\"og:type\" content=\"article\" \/>\n<meta property=\"og:title\" content=\"Excavator and Bulldozer Track Roller Bolts\" \/>\n<meta property=\"og:description\" content=\"The GFM track roller factory has more than ten years of production experience and focuses on providing high-quality excavator bulldozer rollers and related accessories.\" \/>\n<meta property=\"og:url\" content=\"https:\/\/gfmparts.com\/pt\/product\/parafusos-de-roletes-de-esteira-de-escavadeira\/\" \/>\n<meta property=\"article:publisher\" content=\"https:\/\/www.facebook.com\/gfmparts\" \/>\n<meta property=\"article:modified_time\" content=\"2025-05-16T09:15:10+00:00\" \/>\n<meta property=\"og:image\" content=\"https:\/\/gfmparts.com\/wp-content\/uploads\/2025\/01\/Bottom-Roller-Bolts-1.png\" \/>\n\t<meta property=\"og:image:width\" content=\"918\" \/>\n\t<meta property=\"og:image:height\" content=\"918\" \/>\n\t<meta property=\"og:image:type\" content=\"image\/png\" \/>\n<meta name=\"twitter:card\" content=\"summary_large_image\" \/>\n<meta name=\"twitter:label1\" content=\"Est. tempo de leitura\" \/>\n\t<meta name=\"twitter:data1\" content=\"3 minutos\" \/>\n<script type=\"application\/ld+json\" class=\"yoast-schema-graph\">{\"@context\":\"https:\/\/schema.org\",\"@graph\":[{\"@type\":\"WebPage\",\"@id\":\"https:\/\/gfmparts.com\/product\/excavator-bulldozer-track-roller-bolts\/\",\"url\":\"https:\/\/gfmparts.com\/product\/excavator-bulldozer-track-roller-bolts\/\",\"name\":\"Excavator Bulldozer Track Roller Bolts Manufacturer - GFM\",\"isPartOf\":{\"@id\":\"https:\/\/gfmparts.com\/#website\"},\"primaryImageOfPage\":{\"@id\":\"https:\/\/gfmparts.com\/product\/excavator-bulldozer-track-roller-bolts\/#primaryimage\"},\"image\":{\"@id\":\"https:\/\/gfmparts.com\/product\/excavator-bulldozer-track-roller-bolts\/#primaryimage\"},\"thumbnailUrl\":\"https:\/\/gfmparts.com\/wp-content\/uploads\/2025\/01\/Bottom-Roller-Bolts-1.png\",\"datePublished\":\"2025-01-21T07:04:02+00:00\",\"dateModified\":\"2025-05-16T09:15:10+00:00\",\"description\":\"The GFM track roller factory has more than ten years of production experience and focuses on providing high-quality excavator bulldozer rollers and related accessories.\",\"breadcrumb\":{\"@id\":\"https:\/\/gfmparts.com\/product\/excavator-bulldozer-track-roller-bolts\/#breadcrumb\"},\"inLanguage\":\"pt-BR\",\"potentialAction\":[{\"@type\":\"ReadAction\",\"target\":[\"https:\/\/gfmparts.com\/product\/excavator-bulldozer-track-roller-bolts\/\"]}]},{\"@type\":\"ImageObject\",\"inLanguage\":\"pt-BR\",\"@id\":\"https:\/\/gfmparts.com\/product\/excavator-bulldozer-track-roller-bolts\/#primaryimage\",\"url\":\"https:\/\/gfmparts.com\/wp-content\/uploads\/2025\/01\/Bottom-Roller-Bolts-1.png\",\"contentUrl\":\"https:\/\/gfmparts.com\/wp-content\/uploads\/2025\/01\/Bottom-Roller-Bolts-1.png\",\"width\":918,\"height\":918,\"caption\":\"Bottom Roller Bolts\"},{\"@type\":\"BreadcrumbList\",\"@id\":\"https:\/\/gfmparts.com\/product\/excavator-bulldozer-track-roller-bolts\/#breadcrumb\",\"itemListElement\":[{\"@type\":\"ListItem\",\"position\":1,\"name\":\"\u9996\u9875\",\"item\":\"https:\/\/gfmparts.com\/\"},{\"@type\":\"ListItem\",\"position\":2,\"name\":\"All Product\",\"item\":\"https:\/\/gfmparts.com\/all-product\/\"},{\"@type\":\"ListItem\",\"position\":3,\"name\":\"Excavator and Bulldozer Track Roller Bolts\"}]},{\"@type\":\"WebSite\",\"@id\":\"https:\/\/gfmparts.com\/#website\",\"url\":\"https:\/\/gfmparts.com\/\",\"name\":\"GFM PARTS\",\"description\":\"GFM since 2011 focused on excavator and bulldozer undercarriage parts manufacturing :Track rollers,carrier roller,idler,sprocket,track group,bucket tooth pin.\",\"publisher\":{\"@id\":\"https:\/\/gfmparts.com\/#organization\"},\"alternateName\":\"gfmparts.com\",\"potentialAction\":[{\"@type\":\"SearchAction\",\"target\":{\"@type\":\"EntryPoint\",\"urlTemplate\":\"https:\/\/gfmparts.com\/?s={search_term_string}\"},\"query-input\":{\"@type\":\"PropertyValueSpecification\",\"valueRequired\":true,\"valueName\":\"search_term_string\"}}],\"inLanguage\":\"pt-BR\"},{\"@type\":\"Organization\",\"@id\":\"https:\/\/gfmparts.com\/#organization\",\"name\":\"GFM PARTS\",\"url\":\"https:\/\/gfmparts.com\/\",\"logo\":{\"@type\":\"ImageObject\",\"inLanguage\":\"pt-BR\",\"@id\":\"https:\/\/gfmparts.com\/#\/schema\/logo\/image\/\",\"url\":\"https:\/\/gfmparts.com\/wp-content\/uploads\/2024\/11\/cropped-GFMparts.com_-2.png\",\"contentUrl\":\"https:\/\/gfmparts.com\/wp-content\/uploads\/2024\/11\/cropped-GFMparts.com_-2.png\",\"width\":5987,\"height\":2564,\"caption\":\"GFM PARTS\"},\"image\":{\"@id\":\"https:\/\/gfmparts.com\/#\/schema\/logo\/image\/\"},\"sameAs\":[\"https:\/\/www.facebook.com\/gfmparts\",\"https:\/\/www.linkedin.com\/company\/gfmparts\/\",\"https:\/\/www.tiktok.com\/@gfmparts\",\"https:\/\/www.youtube.com\/@GFMparts\/featured\"]}]}<\/script>\n<!-- \/ Yoast SEO Premium plugin. -->","yoast_head_json":{"title":"Excavator Bulldozer Track Roller Bolts Manufacturer - GFM","description":"The GFM track roller factory has more than ten years of production experience and focuses on providing high-quality excavator bulldozer rollers and related accessories.","robots":{"index":"index","follow":"follow","max-snippet":"max-snippet:-1","max-image-preview":"max-image-preview:large","max-video-preview":"max-video-preview:-1"},"canonical":"https:\/\/gfmparts.com\/pt\/product\/parafusos-de-roletes-de-esteira-de-escavadeira\/","og_locale":"pt_BR","og_type":"article","og_title":"Excavator and Bulldozer Track Roller Bolts","og_description":"The GFM track roller factory has more than ten years of production experience and focuses on providing high-quality excavator bulldozer rollers and related accessories.","og_url":"https:\/\/gfmparts.com\/pt\/product\/parafusos-de-roletes-de-esteira-de-escavadeira\/","article_publisher":"https:\/\/www.facebook.com\/gfmparts","article_modified_time":"2025-05-16T09:15:10+00:00","og_image":[{"width":918,"height":918,"url":"https:\/\/gfmparts.com\/wp-content\/uploads\/2025\/01\/Bottom-Roller-Bolts-1.png","type":"image\/png"}],"twitter_card":"summary_large_image","twitter_misc":{"Est. tempo de leitura":"3 minutos"},"schema":{"@context":"https:\/\/schema.org","@graph":[{"@type":"WebPage","@id":"https:\/\/gfmparts.com\/product\/excavator-bulldozer-track-roller-bolts\/","url":"https:\/\/gfmparts.com\/product\/excavator-bulldozer-track-roller-bolts\/","name":"Excavator Bulldozer Track Roller Bolts Manufacturer - GFM","isPartOf":{"@id":"https:\/\/gfmparts.com\/#website"},"primaryImageOfPage":{"@id":"https:\/\/gfmparts.com\/product\/excavator-bulldozer-track-roller-bolts\/#primaryimage"},"image":{"@id":"https:\/\/gfmparts.com\/product\/excavator-bulldozer-track-roller-bolts\/#primaryimage"},"thumbnailUrl":"https:\/\/gfmparts.com\/wp-content\/uploads\/2025\/01\/Bottom-Roller-Bolts-1.png","datePublished":"2025-01-21T07:04:02+00:00","dateModified":"2025-05-16T09:15:10+00:00","description":"The GFM track roller factory has more than ten years of production experience and focuses on providing high-quality excavator bulldozer rollers and related accessories.","breadcrumb":{"@id":"https:\/\/gfmparts.com\/product\/excavator-bulldozer-track-roller-bolts\/#breadcrumb"},"inLanguage":"pt-BR","potentialAction":[{"@type":"ReadAction","target":["https:\/\/gfmparts.com\/product\/excavator-bulldozer-track-roller-bolts\/"]}]},{"@type":"ImageObject","inLanguage":"pt-BR","@id":"https:\/\/gfmparts.com\/product\/excavator-bulldozer-track-roller-bolts\/#primaryimage","url":"https:\/\/gfmparts.com\/wp-content\/uploads\/2025\/01\/Bottom-Roller-Bolts-1.png","contentUrl":"https:\/\/gfmparts.com\/wp-content\/uploads\/2025\/01\/Bottom-Roller-Bolts-1.png","width":918,"height":918,"caption":"Bottom Roller Bolts"},{"@type":"BreadcrumbList","@id":"https:\/\/gfmparts.com\/product\/excavator-bulldozer-track-roller-bolts\/#breadcrumb","itemListElement":[{"@type":"ListItem","position":1,"name":"\u9996\u9875","item":"https:\/\/gfmparts.com\/"},{"@type":"ListItem","position":2,"name":"All Product","item":"https:\/\/gfmparts.com\/all-product\/"},{"@type":"ListItem","position":3,"name":"Excavator and Bulldozer Track Roller Bolts"}]},{"@type":"WebSite","@id":"https:\/\/gfmparts.com\/#website","url":"https:\/\/gfmparts.com\/","name":"GFM PARTS","description":"GFM since 2011 focused on excavator and bulldozer undercarriage parts manufacturing :Track rollers,carrier roller,idler,sprocket,track group,bucket tooth pin.","publisher":{"@id":"https:\/\/gfmparts.com\/#organization"},"alternateName":"gfmparts.com","potentialAction":[{"@type":"SearchAction","target":{"@type":"EntryPoint","urlTemplate":"https:\/\/gfmparts.com\/?s={search_term_string}"},"query-input":{"@type":"PropertyValueSpecification","valueRequired":true,"valueName":"search_term_string"}}],"inLanguage":"pt-BR"},{"@type":"Organization","@id":"https:\/\/gfmparts.com\/#organization","name":"GFM PARTS","url":"https:\/\/gfmparts.com\/","logo":{"@type":"ImageObject","inLanguage":"pt-BR","@id":"https:\/\/gfmparts.com\/#\/schema\/logo\/image\/","url":"https:\/\/gfmparts.com\/wp-content\/uploads\/2024\/11\/cropped-GFMparts.com_-2.png","contentUrl":"https:\/\/gfmparts.com\/wp-content\/uploads\/2024\/11\/cropped-GFMparts.com_-2.png","width":5987,"height":2564,"caption":"GFM PARTS"},"image":{"@id":"https:\/\/gfmparts.com\/#\/schema\/logo\/image\/"},"sameAs":["https:\/\/www.facebook.com\/gfmparts","https:\/\/www.linkedin.com\/company\/gfmparts\/","https:\/\/www.tiktok.com\/@gfmparts","https:\/\/www.youtube.com\/@GFMparts\/featured"]}]}},"_links":{"self":[{"href":"https:\/\/gfmparts.com\/pt\/wp-json\/wp\/v2\/product\/3372"}],"collection":[{"href":"https:\/\/gfmparts.com\/pt\/wp-json\/wp\/v2\/product"}],"about":[{"href":"https:\/\/gfmparts.com\/pt\/wp-json\/wp\/v2\/types\/product"}],"wp:featuredmedia":[{"embeddable":true,"href":"https:\/\/gfmparts.com\/pt\/wp-json\/wp\/v2\/media\/3580"}],"wp:attachment":[{"href":"https:\/\/gfmparts.com\/pt\/wp-json\/wp\/v2\/media?parent=3372"}],"wp:term":[{"taxonomy":"product_cat","embeddable":true,"href":"https:\/\/gfmparts.com\/pt\/wp-json\/wp\/v2\/product_cat?post=3372"},{"taxonomy":"product_tag","embeddable":true,"href":"https:\/\/gfmparts.com\/pt\/wp-json\/wp\/v2\/product_tag?post=3372"}],"curies":[{"name":"wp","href":"https:\/\/api.w.org\/{rel}","templated":true}]}}