{"id":3488,"date":"2025-02-14T06:08:48","date_gmt":"2025-02-14T06:08:48","guid":{"rendered":"https:\/\/gfmparts.com\/?post_type=product&#038;p=3488"},"modified":"2025-05-22T09:50:22","modified_gmt":"2025-05-22T09:50:22","slug":"komatsu-excavator-bottom-roller-supplier","status":"publish","type":"product","link":"https:\/\/gfmparts.com\/pt\/product\/fornecedor-de-rolo-inferior-para-escavadeira-komatsu\/","title":{"rendered":"Rolo inferior da escavadeira Komatsu PC300-5 PC300-6 207-30-00150"},"content":{"rendered":"<p><span style=\"color: #000000;\">GFM&#039;s <a style=\"color: #000000;\" href=\"https:\/\/gfmparts.com\/pt\/product\/fabrica-de-rolos-inferiores-de-esteiras-de-escavadeiras\/\">rolo inferior<\/a> As escavadeiras Komatsu PC300-6 s\u00e3o projetadas para oferecer durabilidade incompar\u00e1vel em condi\u00e7\u00f5es extremas de trabalho. Fabricadas em a\u00e7o forjado de alta qualidade com canais de lubrifica\u00e7\u00e3o com veda\u00e7\u00e3o tripla, essas rodas de esteira minimizam a perda por atrito, suportando impactos de at\u00e9 25%, acima dos padr\u00f5es da ind\u00fastria. Nosso processo patenteado de tratamento t\u00e9rmico garante dureza Brinell de 380-420HB, prolongando a vida \u00fatil em 30% em compara\u00e7\u00e3o com as pe\u00e7as de reposi\u00e7\u00e3o originais. Cada unidade passa por 12 inspe\u00e7\u00f5es de qualidade, incluindo medi\u00e7\u00e3o de coordenadas 3D e teste de carga din\u00e2mica a 18 kN, garantindo o alinhamento perfeito com as especifica\u00e7\u00f5es do material rodante PC300-6.<\/span><\/p>\n<h3><span style=\"color: #ff6600;\">Descri\u00e7\u00e3o do produto<\/span><\/h3>\n<ul>\n<li><span style=\"color: #000000;\"><strong>Quantidade m\u00ednima:<\/strong>\u00a01 PC<\/span><\/li>\n<li><span style=\"color: #000000;\"><strong>M\u00e9todo de pagamento:<\/strong>\u00a0T\/T<\/span><\/li>\n<li><span style=\"color: #000000;\"><strong>Marca:<\/strong>\u00a0GFM<\/span><\/li>\n<li><span style=\"color: #000000;\"><strong>Doen\u00e7a:<\/strong>\u00a0Novo<\/span><\/li>\n<li><span style=\"color: #000000;\"><strong>Cor:<\/strong>\u00a0Amarelo, Preto ou Personalizado<\/span><\/li>\n<li><span style=\"color: #000000;\"><strong>Tempo de espera:<\/strong>\u00a030 dias<\/span><\/li>\n<li><span style=\"color: #000000;\"><strong>Garantia:<\/strong>\u00a01 ano<\/span><\/li>\n<li><span style=\"color: #000000;\"><strong>Servi\u00e7o:<\/strong>\u00a0OEM ou ODM<\/span><\/li>\n<li><span style=\"color: #000000;\"><strong>Local de origem:<\/strong>\u00a0Fujian, China<\/span><\/li>\n<li><span style=\"color: #000000;\"><strong>Aplicativo:<\/strong> Escavadora<\/span><\/li>\n<li><span style=\"color: #000000;\"><strong>Embalagem:<\/strong>\u00a0Palete de madeira padr\u00e3o para exporta\u00e7\u00e3o<\/span><\/li>\n<\/ul>\n<h3><span style=\"color: #ff6600;\">Caracter\u00edsticas<\/span><\/h3>\n<ul>\n<li><span style=\"color: #000000;\"><b><\/b><strong><b>Pr\u00eamio <\/b><\/strong><strong><b>Materiais<\/b><\/strong>: Feito com a\u00e7o de alta qualidade e resistente ao desgaste para garantir uma vida \u00fatil mais longa e desempenho consistente.<\/span><\/li>\n<li><span style=\"color: #000000;\"><b><\/b><strong><b>Selado e Lubrificado<\/b><\/strong>: Projetado com um sistema selado que mant\u00e9m os rolos lubrificados, reduz o atrito e evita a entrada de sujeira ou \u00e1gua.<\/span><\/li>\n<li><span style=\"color: #000000;\"><b><\/b><strong><b>Opera\u00e7\u00e3o suave e est\u00e1vel<\/b><\/strong>: Projetado com precis\u00e3o para movimento equilibrado, melhorando a efici\u00eancia de sua m\u00e1quina.<\/span><\/li>\n<li><span style=\"color: #000000;\"><b><\/b><strong><b>Serve para v\u00e1rios modelos<\/b><\/strong>:Oferecido em projetos de flange simples, flange dupla e flange central para se adequar a uma ampla variedade de escavadeiras e tratores de esteira.<\/span><\/li>\n<li><span style=\"color: #000000;\"><b><\/b><strong><b>Resist\u00eancia comprovada<\/b><\/strong>: Testado para lidar com cargas pesadas e operar efetivamente em ambientes dif\u00edceis, garantindo tempo de inatividade m\u00ednimo.<\/span><\/li>\n<\/ul>\n<p><span style=\"color: #000000;\">Na GFM Factory, temos o compromisso de fornecer componentes de alta qualidade que aumentam a efici\u00eancia e a longevidade do seu equipamento. Nossos roletes de esteira s\u00e3o projetados para manter suas m\u00e1quinas operando com desempenho m\u00e1ximo, reduzindo o tempo de inatividade e os custos de manuten\u00e7\u00e3o.<\/span><\/p>\n<p><span style=\"color: #000000;\">Para mais informa\u00e7\u00f5es ou para consultar modelos espec\u00edficos, entre em contato conosco. GFM Factory \u2013 Sua fonte confi\u00e1vel de pe\u00e7as!<\/span><\/p>\n<h3><span style=\"color: #ff6600;\">Especifica\u00e7\u00f5es<\/span><\/h3>\n<p style=\"text-align: center;\"><span style=\"color: #000000;\">\u00a0<img fetchpriority=\"high\" decoding=\"async\" class=\"alignnone wp-image-2876 size-large\" src=\"https:\/\/gfmparts.com\/wp-content\/uploads\/2024\/12\/\u56fe\u72472-1024x289.png\" alt=\"descri\u00e7\u00e3o do rolo inferior\" width=\"1024\" height=\"289\" srcset=\"https:\/\/gfmparts.com\/wp-content\/uploads\/2024\/12\/\u56fe\u72472-1024x289.png 1024w, https:\/\/gfmparts.com\/wp-content\/uploads\/2024\/12\/\u56fe\u72472-300x85.png 300w, https:\/\/gfmparts.com\/wp-content\/uploads\/2024\/12\/\u56fe\u72472-768x217.png 768w, https:\/\/gfmparts.com\/wp-content\/uploads\/2024\/12\/\u56fe\u72472-1536x434.png 1536w, https:\/\/gfmparts.com\/wp-content\/uploads\/2024\/12\/\u56fe\u72472-600x170.png 600w, https:\/\/gfmparts.com\/wp-content\/uploads\/2024\/12\/\u56fe\u72472.png 1850w\" sizes=\"(max-width: 1024px) 100vw, 1024px\" \/><\/span><\/p>\n<p style=\"text-align: center;\"><span style=\"color: #000000;\"><img decoding=\"async\" class=\"alignnone wp-image-2874 size-full\" src=\"https:\/\/gfmparts.com\/wp-content\/uploads\/2024\/12\/\u652f\u91cd\u8f6e\u578b\u53f7.png\" alt=\"detalhe do rolo inferior\" width=\"843\" height=\"340\" srcset=\"https:\/\/gfmparts.com\/wp-content\/uploads\/2024\/12\/\u652f\u91cd\u8f6e\u578b\u53f7.png 843w, https:\/\/gfmparts.com\/wp-content\/uploads\/2024\/12\/\u652f\u91cd\u8f6e\u578b\u53f7-300x121.png 300w, https:\/\/gfmparts.com\/wp-content\/uploads\/2024\/12\/\u652f\u91cd\u8f6e\u578b\u53f7-768x310.png 768w, https:\/\/gfmparts.com\/wp-content\/uploads\/2024\/12\/\u652f\u91cd\u8f6e\u578b\u53f7-600x242.png 600w\" sizes=\"(max-width: 843px) 100vw, 843px\" \/><\/span><\/p>\n<h3><span style=\"color: #ff6600;\">Modelos de produtos<\/span><\/h3>\n<p style=\"text-align: center;\"><img decoding=\"async\" class=\"alignnone size-full wp-image-3147\" src=\"https:\/\/gfmparts.com\/wp-content\/uploads\/2024\/11\/excavator-part-description-e1735350735761.png\" alt=\"descri\u00e7\u00e3o da pe\u00e7a da escavadeira\" width=\"856\" height=\"694\" srcset=\"https:\/\/gfmparts.com\/wp-content\/uploads\/2024\/11\/excavator-part-description-e1735350735761.png 856w, https:\/\/gfmparts.com\/wp-content\/uploads\/2024\/11\/excavator-part-description-e1735350735761-300x243.png 300w, https:\/\/gfmparts.com\/wp-content\/uploads\/2024\/11\/excavator-part-description-e1735350735761-768x623.png 768w, https:\/\/gfmparts.com\/wp-content\/uploads\/2024\/11\/excavator-part-description-e1735350735761-600x486.png 600w\" sizes=\"(max-width: 856px) 100vw, 856px\" \/><\/p>\n<h3><span style=\"color: #ff6600;\">Processo de produ\u00e7\u00e3o<\/span><\/h3>\n<p style=\"text-align: center;\"><iframe title=\"Reprodutor de v\u00eddeo do YouTube\" src=\"https:\/\/www.youtube.com\/embed\/c9nWGaJ_cxc?si=MdoYxVrGQYaNoOFY\" width=\"850\" height=\"479\" frameborder=\"0\" allowfullscreen=\"allowfullscreen\"><span data-mce-type=\"bookmark\" style=\"display: inline-block; width: 0px; overflow: hidden; line-height: 0;\" class=\"mce_SELRES_start\"><\/span><span data-mce-type=\"bookmark\" style=\"display: inline-block; width: 0px; overflow: hidden; line-height: 0;\" class=\"mce_SELRES_start\"><\/span><\/iframe><img loading=\"lazy\" decoding=\"async\" class=\"alignnone wp-image-3043 aligncenter\" src=\"https:\/\/gfmparts.com\/wp-content\/uploads\/2024\/12\/\u901a\u7528\u751f\u4ea7\u6d41\u7a0b-1-1024x648.jpg\" alt=\"processo de produ\u00e7\u00e3o de pe\u00e7as de escavadeira\" width=\"999\" height=\"632\" srcset=\"\" sizes=\"(max-width: 999px) 100vw, 999px\" data-srcset=\"\" \/><\/p>\n<h3><span style=\"color: #ff6600;\">Embalagem e Envio<\/span><\/h3>\n<p style=\"text-align: center;\"><img loading=\"lazy\" decoding=\"async\" class=\"alignnone size-large wp-image-6521\" src=\"https:\/\/gfmparts.com\/wp-content\/uploads\/2025\/05\/Packaging-and-Shipping-1-1-1024x648.jpg\" alt=\"Embalagem e Envio\" width=\"1024\" height=\"648\" srcset=\"https:\/\/gfmparts.com\/wp-content\/uploads\/2025\/05\/Packaging-and-Shipping-1-1-1024x648.jpg 1024w, https:\/\/gfmparts.com\/wp-content\/uploads\/2025\/05\/Packaging-and-Shipping-1-1-300x190.jpg 300w, https:\/\/gfmparts.com\/wp-content\/uploads\/2025\/05\/Packaging-and-Shipping-1-1-768x486.jpg 768w, https:\/\/gfmparts.com\/wp-content\/uploads\/2025\/05\/Packaging-and-Shipping-1-1-1536x973.jpg 1536w, https:\/\/gfmparts.com\/wp-content\/uploads\/2025\/05\/Packaging-and-Shipping-1-1-2048x1297.jpg 2048w, https:\/\/gfmparts.com\/wp-content\/uploads\/2025\/05\/Packaging-and-Shipping-1-1-600x380.jpg 600w\" sizes=\"(max-width: 1024px) 100vw, 1024px\" \/><\/p>\n<h3><span style=\"color: #ff6600;\">Vantagens da f\u00e1brica<\/span><\/h3>\n<p><span style=\"color: #000000;\">Com equipamentos e tecnologia de produ\u00e7\u00e3o avan\u00e7ados, nossos <a style=\"color: #000000;\" href=\"https:\/\/gfmparts.com\/pt\/product\/fornecedor-de-rolos-de-esteira-para-escavadeira-zax870\/\">fornecedor de rolos de esteira<\/a> A Komatsu PC300-6 \u00e9 capaz de fornecer aos clientes rolos compactadores de alta qualidade. Cada rolo compactador passa por rigorosos controles de qualidade durante o processo de produ\u00e7\u00e3o para garantir a conformidade com os padr\u00f5es internacionais. Nossa f\u00e1brica \u00e9 experiente, com muitos anos de hist\u00f3ria na produ\u00e7\u00e3o de pe\u00e7as para escavadeiras, e possui s\u00f3lida capacidade de personaliza\u00e7\u00e3o OEM\/ODM, podendo fornecer servi\u00e7os personalizados de acordo com as necessidades do cliente. Al\u00e9m disso, tamb\u00e9m oferecemos suporte p\u00f3s-venda abrangente para garantir que os clientes n\u00e3o tenham preocupa\u00e7\u00f5es durante o uso.<\/span><\/p>\n<p><span style=\"color: #000000;\">Komatsu PC300-6 <a style=\"color: #000000;\" href=\"https:\/\/gfmparts.com\/pt\/product\/fabrica-de-rolos-inferiores-de-escavadeiras-doosan\/\">rolo inferior da escavadeira<\/a> O fornecedor n\u00e3o s\u00f3 possui excelente resist\u00eancia ao desgaste, como tamb\u00e9m demonstra excelente estabilidade em condi\u00e7\u00f5es de trabalho adversas. Seja em ambientes quentes, \u00famidos ou empoeirados, os rolos mant\u00eam boas condi\u00e7\u00f5es de opera\u00e7\u00e3o e melhoram significativamente a efici\u00eancia da escavadeira. A f\u00e1brica adota tecnologia de produ\u00e7\u00e3o avan\u00e7ada, de modo que cada rolo \u00e9 processado com precis\u00e3o para garantir a confiabilidade e a durabilidade a longo prazo de seu desempenho, reduzindo significativamente a taxa de falhas.<\/span><\/p>\n<p style=\"text-align: center;\"><img loading=\"lazy\" decoding=\"async\" class=\"alignnone wp-image-2159\" src=\"https:\/\/gfmparts.com\/wp-content\/uploads\/2024\/12\/\u5fae\u4fe1\u56fe\u7247_20241202160325-1024x576.jpg\" alt=\"Fabricante de pe\u00e7as para escavadeiras\" width=\"850\" height=\"478\" srcset=\"\" sizes=\"(max-width: 850px) 100vw, 850px\" data-srcset=\"\" \/><\/p>","protected":false},"excerpt":{"rendered":"<ul>\n<li><span style=\"color: #000000;\">Qualidade garantida do produto<\/span><\/li>\n<li><span style=\"color: #000000;\">Fornecimento grande<\/span><\/li>\n<li><span style=\"color: #000000;\">Pre\u00e7os competitivos<\/span><\/li>\n<li><span style=\"color: #000000;\">A maioria das marcas e modelos<\/span><\/li>\n<li><span style=\"color: #000000;\">Equipe de Atendimento ao Cliente \u00datil<\/span><\/li>\n<li><span style=\"color: #000000;\">Suporte t\u00e9cnico profissional<\/span><\/li>\n<\/ul>","protected":false},"featured_media":3743,"template":"","meta":{"site-sidebar-layout":"default","site-content-layout":"","ast-site-content-layout":"default","site-content-style":"default","site-sidebar-style":"default","ast-global-header-display":"","ast-banner-title-visibility":"","ast-main-header-display":"","ast-hfb-above-header-display":"","ast-hfb-below-header-display":"","ast-hfb-mobile-header-display":"","site-post-title":"","ast-breadcrumbs-content":"","ast-featured-img":"","footer-sml-layout":"","theme-transparent-header-meta":"default","adv-header-id-meta":"","stick-header-meta":"default","header-above-stick-meta":"","header-main-stick-meta":"","header-below-stick-meta":"","astra-migrate-meta-layouts":"set","ast-page-background-enabled":"default","ast-page-background-meta":{"desktop":{"background-color":"","background-image":"","background-repeat":"repeat","background-position":"center center","background-size":"auto","background-attachment":"scroll","background-type":"","background-media":"","overlay-type":"","overlay-color":"","overlay-opacity":"","overlay-gradient":""},"tablet":{"background-color":"","background-image":"","background-repeat":"repeat","background-position":"center center","background-size":"auto","background-attachment":"scroll","background-type":"","background-media":"","overlay-type":"","overlay-color":"","overlay-opacity":"","overlay-gradient":""},"mobile":{"background-color":"","background-image":"","background-repeat":"repeat","background-position":"center center","background-size":"auto","background-attachment":"scroll","background-type":"","background-media":"","overlay-type":"","overlay-color":"","overlay-opacity":"","overlay-gradient":""}},"ast-content-background-meta":{"desktop":{"background-color":"var(--ast-global-color-5)","background-image":"","background-repeat":"repeat","background-position":"center center","background-size":"auto","background-attachment":"scroll","background-type":"","background-media":"","overlay-type":"","overlay-color":"","overlay-opacity":"","overlay-gradient":""},"tablet":{"background-color":"var(--ast-global-color-5)","background-image":"","background-repeat":"repeat","background-position":"center center","background-size":"auto","background-attachment":"scroll","background-type":"","background-media":"","overlay-type":"","overlay-color":"","overlay-opacity":"","overlay-gradient":""},"mobile":{"background-color":"var(--ast-global-color-5)","background-image":"","background-repeat":"repeat","background-position":"center center","background-size":"auto","background-attachment":"scroll","background-type":"","background-media":"","overlay-type":"","overlay-color":"","overlay-opacity":"","overlay-gradient":""}}},"product_cat":[38,49],"product_tag":[158,139],"class_list":{"0":"post-3488","1":"product","2":"type-product","3":"status-publish","4":"has-post-thumbnail","6":"product_cat-undercarriage","7":"product_cat-track-roller","8":"product_tag-komatsu-pc300-5","9":"product_tag-komatsu-pc300-6","10":"desktop-align-left","11":"tablet-align-left","12":"mobile-align-left","13":"ast-product-gallery-layout-horizontal-slider","14":"ast-product-gallery-with-no-image","15":"ast-product-tabs-layout-horizontal","17":"first","18":"instock","19":"shipping-taxable","20":"product-type-simple"},"yoast_head":"<!-- This site is optimized with the Yoast SEO Premium plugin v22.8 (Yoast SEO v23.9) - https:\/\/yoast.com\/wordpress\/plugins\/seo\/ -->\n<title>Komatsu PC300-5 PC300-6 Excavator Bottom Roller Supplier 207-30-00150<\/title>\n<meta name=\"description\" content=\"With advanced production equipment and technology, our factory is able to provide customers with high-quality Komatsu PC300-6 rollers. Strong OEM\/ODM customization capabilities, can provide personalized services according to customer needs.\" \/>\n<meta name=\"robots\" content=\"index, follow, max-snippet:-1, max-image-preview:large, max-video-preview:-1\" \/>\n<link rel=\"canonical\" href=\"https:\/\/gfmparts.com\/pt\/product\/fornecedor-de-rolo-inferior-para-escavadeira-komatsu\/\" \/>\n<meta property=\"og:locale\" content=\"pt_BR\" \/>\n<meta property=\"og:type\" content=\"article\" \/>\n<meta property=\"og:title\" content=\"Komatsu PC300-5 PC300-6 Excavator Bottom Roller 207-30-00150\" \/>\n<meta property=\"og:description\" content=\"With advanced production equipment and technology, our factory is able to provide customers with high-quality Komatsu PC300-6 rollers. Strong OEM\/ODM customization capabilities, can provide personalized services according to customer needs.\" \/>\n<meta property=\"og:url\" content=\"https:\/\/gfmparts.com\/pt\/product\/fornecedor-de-rolo-inferior-para-escavadeira-komatsu\/\" \/>\n<meta property=\"article:publisher\" content=\"https:\/\/www.facebook.com\/gfmparts\" \/>\n<meta property=\"article:modified_time\" content=\"2025-05-22T09:50:22+00:00\" \/>\n<meta property=\"og:image\" content=\"https:\/\/gfmparts.com\/wp-content\/uploads\/2025\/03\/Komatsu-PC200-excavator-roller.png\" \/>\n\t<meta property=\"og:image:width\" content=\"1000\" \/>\n\t<meta property=\"og:image:height\" content=\"1000\" \/>\n\t<meta property=\"og:image:type\" content=\"image\/png\" \/>\n<meta name=\"twitter:card\" content=\"summary_large_image\" \/>\n<meta name=\"twitter:label1\" content=\"Est. tempo de leitura\" \/>\n\t<meta name=\"twitter:data1\" content=\"4 minutos\" \/>\n<script type=\"application\/ld+json\" class=\"yoast-schema-graph\">{\"@context\":\"https:\/\/schema.org\",\"@graph\":[{\"@type\":\"WebPage\",\"@id\":\"https:\/\/gfmparts.com\/product\/komatsu-excavator-bottom-roller-supplier\/\",\"url\":\"https:\/\/gfmparts.com\/product\/komatsu-excavator-bottom-roller-supplier\/\",\"name\":\"Komatsu PC300-5 PC300-6 Excavator Bottom Roller Supplier 207-30-00150\",\"isPartOf\":{\"@id\":\"https:\/\/gfmparts.com\/#website\"},\"primaryImageOfPage\":{\"@id\":\"https:\/\/gfmparts.com\/product\/komatsu-excavator-bottom-roller-supplier\/#primaryimage\"},\"image\":{\"@id\":\"https:\/\/gfmparts.com\/product\/komatsu-excavator-bottom-roller-supplier\/#primaryimage\"},\"thumbnailUrl\":\"https:\/\/gfmparts.com\/wp-content\/uploads\/2025\/03\/Komatsu-PC200-excavator-roller.png\",\"datePublished\":\"2025-02-14T06:08:48+00:00\",\"dateModified\":\"2025-05-22T09:50:22+00:00\",\"description\":\"With advanced production equipment and technology, our factory is able to provide customers with high-quality Komatsu PC300-6 rollers. Strong OEM\/ODM customization capabilities, can provide personalized services according to customer needs.\",\"breadcrumb\":{\"@id\":\"https:\/\/gfmparts.com\/product\/komatsu-excavator-bottom-roller-supplier\/#breadcrumb\"},\"inLanguage\":\"pt-BR\",\"potentialAction\":[{\"@type\":\"ReadAction\",\"target\":[\"https:\/\/gfmparts.com\/product\/komatsu-excavator-bottom-roller-supplier\/\"]}]},{\"@type\":\"ImageObject\",\"inLanguage\":\"pt-BR\",\"@id\":\"https:\/\/gfmparts.com\/product\/komatsu-excavator-bottom-roller-supplier\/#primaryimage\",\"url\":\"https:\/\/gfmparts.com\/wp-content\/uploads\/2025\/03\/Komatsu-PC200-excavator-roller.png\",\"contentUrl\":\"https:\/\/gfmparts.com\/wp-content\/uploads\/2025\/03\/Komatsu-PC200-excavator-roller.png\",\"width\":1000,\"height\":1000,\"caption\":\"Komatsu PC200 excavator rollers\"},{\"@type\":\"BreadcrumbList\",\"@id\":\"https:\/\/gfmparts.com\/product\/komatsu-excavator-bottom-roller-supplier\/#breadcrumb\",\"itemListElement\":[{\"@type\":\"ListItem\",\"position\":1,\"name\":\"\u9996\u9875\",\"item\":\"https:\/\/gfmparts.com\/\"},{\"@type\":\"ListItem\",\"position\":2,\"name\":\"All Product\",\"item\":\"https:\/\/gfmparts.com\/all-product\/\"},{\"@type\":\"ListItem\",\"position\":3,\"name\":\"Komatsu PC300-5 PC300-6 Excavator Bottom Roller 207-30-00150\"}]},{\"@type\":\"WebSite\",\"@id\":\"https:\/\/gfmparts.com\/#website\",\"url\":\"https:\/\/gfmparts.com\/\",\"name\":\"GFM PARTS\",\"description\":\"GFM since 2011 focused on excavator and bulldozer undercarriage parts manufacturing :Track rollers,carrier roller,idler,sprocket,track group,bucket tooth pin.\",\"publisher\":{\"@id\":\"https:\/\/gfmparts.com\/#organization\"},\"alternateName\":\"gfmparts.com\",\"potentialAction\":[{\"@type\":\"SearchAction\",\"target\":{\"@type\":\"EntryPoint\",\"urlTemplate\":\"https:\/\/gfmparts.com\/?s={search_term_string}\"},\"query-input\":{\"@type\":\"PropertyValueSpecification\",\"valueRequired\":true,\"valueName\":\"search_term_string\"}}],\"inLanguage\":\"pt-BR\"},{\"@type\":\"Organization\",\"@id\":\"https:\/\/gfmparts.com\/#organization\",\"name\":\"GFM PARTS\",\"url\":\"https:\/\/gfmparts.com\/\",\"logo\":{\"@type\":\"ImageObject\",\"inLanguage\":\"pt-BR\",\"@id\":\"https:\/\/gfmparts.com\/#\/schema\/logo\/image\/\",\"url\":\"https:\/\/gfmparts.com\/wp-content\/uploads\/2024\/11\/cropped-GFMparts.com_-2.png\",\"contentUrl\":\"https:\/\/gfmparts.com\/wp-content\/uploads\/2024\/11\/cropped-GFMparts.com_-2.png\",\"width\":5987,\"height\":2564,\"caption\":\"GFM PARTS\"},\"image\":{\"@id\":\"https:\/\/gfmparts.com\/#\/schema\/logo\/image\/\"},\"sameAs\":[\"https:\/\/www.facebook.com\/gfmparts\",\"https:\/\/www.linkedin.com\/company\/gfmparts\/\",\"https:\/\/www.tiktok.com\/@gfmparts\",\"https:\/\/www.youtube.com\/@GFMparts\/featured\"]}]}<\/script>\n<!-- \/ Yoast SEO Premium plugin. -->","yoast_head_json":{"title":"Komatsu PC300-5 PC300-6 Excavator Bottom Roller Supplier 207-30-00150","description":"With advanced production equipment and technology, our factory is able to provide customers with high-quality Komatsu PC300-6 rollers. Strong OEM\/ODM customization capabilities, can provide personalized services according to customer needs.","robots":{"index":"index","follow":"follow","max-snippet":"max-snippet:-1","max-image-preview":"max-image-preview:large","max-video-preview":"max-video-preview:-1"},"canonical":"https:\/\/gfmparts.com\/pt\/product\/fornecedor-de-rolo-inferior-para-escavadeira-komatsu\/","og_locale":"pt_BR","og_type":"article","og_title":"Komatsu PC300-5 PC300-6 Excavator Bottom Roller 207-30-00150","og_description":"With advanced production equipment and technology, our factory is able to provide customers with high-quality Komatsu PC300-6 rollers. Strong OEM\/ODM customization capabilities, can provide personalized services according to customer needs.","og_url":"https:\/\/gfmparts.com\/pt\/product\/fornecedor-de-rolo-inferior-para-escavadeira-komatsu\/","article_publisher":"https:\/\/www.facebook.com\/gfmparts","article_modified_time":"2025-05-22T09:50:22+00:00","og_image":[{"width":1000,"height":1000,"url":"https:\/\/gfmparts.com\/wp-content\/uploads\/2025\/03\/Komatsu-PC200-excavator-roller.png","type":"image\/png"}],"twitter_card":"summary_large_image","twitter_misc":{"Est. tempo de leitura":"4 minutos"},"schema":{"@context":"https:\/\/schema.org","@graph":[{"@type":"WebPage","@id":"https:\/\/gfmparts.com\/product\/komatsu-excavator-bottom-roller-supplier\/","url":"https:\/\/gfmparts.com\/product\/komatsu-excavator-bottom-roller-supplier\/","name":"Komatsu PC300-5 PC300-6 Excavator Bottom Roller Supplier 207-30-00150","isPartOf":{"@id":"https:\/\/gfmparts.com\/#website"},"primaryImageOfPage":{"@id":"https:\/\/gfmparts.com\/product\/komatsu-excavator-bottom-roller-supplier\/#primaryimage"},"image":{"@id":"https:\/\/gfmparts.com\/product\/komatsu-excavator-bottom-roller-supplier\/#primaryimage"},"thumbnailUrl":"https:\/\/gfmparts.com\/wp-content\/uploads\/2025\/03\/Komatsu-PC200-excavator-roller.png","datePublished":"2025-02-14T06:08:48+00:00","dateModified":"2025-05-22T09:50:22+00:00","description":"With advanced production equipment and technology, our factory is able to provide customers with high-quality Komatsu PC300-6 rollers. Strong OEM\/ODM customization capabilities, can provide personalized services according to customer needs.","breadcrumb":{"@id":"https:\/\/gfmparts.com\/product\/komatsu-excavator-bottom-roller-supplier\/#breadcrumb"},"inLanguage":"pt-BR","potentialAction":[{"@type":"ReadAction","target":["https:\/\/gfmparts.com\/product\/komatsu-excavator-bottom-roller-supplier\/"]}]},{"@type":"ImageObject","inLanguage":"pt-BR","@id":"https:\/\/gfmparts.com\/product\/komatsu-excavator-bottom-roller-supplier\/#primaryimage","url":"https:\/\/gfmparts.com\/wp-content\/uploads\/2025\/03\/Komatsu-PC200-excavator-roller.png","contentUrl":"https:\/\/gfmparts.com\/wp-content\/uploads\/2025\/03\/Komatsu-PC200-excavator-roller.png","width":1000,"height":1000,"caption":"Komatsu PC200 excavator rollers"},{"@type":"BreadcrumbList","@id":"https:\/\/gfmparts.com\/product\/komatsu-excavator-bottom-roller-supplier\/#breadcrumb","itemListElement":[{"@type":"ListItem","position":1,"name":"\u9996\u9875","item":"https:\/\/gfmparts.com\/"},{"@type":"ListItem","position":2,"name":"All Product","item":"https:\/\/gfmparts.com\/all-product\/"},{"@type":"ListItem","position":3,"name":"Komatsu PC300-5 PC300-6 Excavator Bottom Roller 207-30-00150"}]},{"@type":"WebSite","@id":"https:\/\/gfmparts.com\/#website","url":"https:\/\/gfmparts.com\/","name":"GFM PARTS","description":"GFM since 2011 focused on excavator and bulldozer undercarriage parts manufacturing :Track rollers,carrier roller,idler,sprocket,track group,bucket tooth pin.","publisher":{"@id":"https:\/\/gfmparts.com\/#organization"},"alternateName":"gfmparts.com","potentialAction":[{"@type":"SearchAction","target":{"@type":"EntryPoint","urlTemplate":"https:\/\/gfmparts.com\/?s={search_term_string}"},"query-input":{"@type":"PropertyValueSpecification","valueRequired":true,"valueName":"search_term_string"}}],"inLanguage":"pt-BR"},{"@type":"Organization","@id":"https:\/\/gfmparts.com\/#organization","name":"GFM PARTS","url":"https:\/\/gfmparts.com\/","logo":{"@type":"ImageObject","inLanguage":"pt-BR","@id":"https:\/\/gfmparts.com\/#\/schema\/logo\/image\/","url":"https:\/\/gfmparts.com\/wp-content\/uploads\/2024\/11\/cropped-GFMparts.com_-2.png","contentUrl":"https:\/\/gfmparts.com\/wp-content\/uploads\/2024\/11\/cropped-GFMparts.com_-2.png","width":5987,"height":2564,"caption":"GFM PARTS"},"image":{"@id":"https:\/\/gfmparts.com\/#\/schema\/logo\/image\/"},"sameAs":["https:\/\/www.facebook.com\/gfmparts","https:\/\/www.linkedin.com\/company\/gfmparts\/","https:\/\/www.tiktok.com\/@gfmparts","https:\/\/www.youtube.com\/@GFMparts\/featured"]}]}},"_links":{"self":[{"href":"https:\/\/gfmparts.com\/pt\/wp-json\/wp\/v2\/product\/3488"}],"collection":[{"href":"https:\/\/gfmparts.com\/pt\/wp-json\/wp\/v2\/product"}],"about":[{"href":"https:\/\/gfmparts.com\/pt\/wp-json\/wp\/v2\/types\/product"}],"wp:featuredmedia":[{"embeddable":true,"href":"https:\/\/gfmparts.com\/pt\/wp-json\/wp\/v2\/media\/3743"}],"wp:attachment":[{"href":"https:\/\/gfmparts.com\/pt\/wp-json\/wp\/v2\/media?parent=3488"}],"wp:term":[{"taxonomy":"product_cat","embeddable":true,"href":"https:\/\/gfmparts.com\/pt\/wp-json\/wp\/v2\/product_cat?post=3488"},{"taxonomy":"product_tag","embeddable":true,"href":"https:\/\/gfmparts.com\/pt\/wp-json\/wp\/v2\/product_tag?post=3488"}],"curies":[{"name":"wp","href":"https:\/\/api.w.org\/{rel}","templated":true}]}}