{"id":3644,"date":"2025-02-28T03:20:02","date_gmt":"2025-02-28T03:20:02","guid":{"rendered":"https:\/\/gfmparts.com\/?post_type=product&#038;p=3644"},"modified":"2025-06-23T06:45:22","modified_gmt":"2025-06-23T06:45:22","slug":"front-idler-bulldozer-idler","status":"publish","type":"product","link":"https:\/\/gfmparts.com\/pt\/product\/polia-intermediaria-dianteira-da-escavadeira\/","title":{"rendered":"Rolo tensor dianteiro para trator de esteira Komatsu D60"},"content":{"rendered":"<p><span style=\"color: #000000;\">GFM, uma <a href=\"https:\/\/gfmparts.com\/pt\/product\/pecas-de-polia-intermediaria-de-esteira-para-trator-de-esteira\/\">fabricante de pe\u00e7as para escavadeiras<\/a>A , oferece rodas-guia de alta qualidade para tratores de esteira, especialmente projetadas para tratores Komatsu D60, garantindo que seu equipamento opere com efici\u00eancia e m\u00e1xima performance. Seja para movimenta\u00e7\u00e3o de terra pesada ou nivelamento de terrenos, escolher a roda-guia certa pode aumentar significativamente a efici\u00eancia do seu trator.<\/span><\/p>\n<p><span style=\"color: #000000;\">Se voc\u00ea est\u00e1 procurando por Komatsu D60 de alta qualidade <a href=\"https:\/\/gfmparts.com\/pt\/product\/rolo-de-esteira-para-escavadeira-sumitomo\/\">polia intermedi\u00e1ria de trator de esteira<\/a>A GFM \u00e9 a sua melhor escolha. N\u00e3o s\u00f3 oferecemos produtos de qualidade, como tamb\u00e9m oferecemos aos clientes uma gama completa de servi\u00e7os p\u00f3s-venda para garantir que o seu investimento valha a pena.<\/span><\/p>\n<p><span style=\"color: #000000;\">Entre em contato com a GFM agora para saber mais sobre <a href=\"https:\/\/gfmparts.com\/pt\/product\/fornecer-rolo-tensor-de-esteira-de-escavadeira\/\">trator de polia intermedi\u00e1ria dianteira<\/a> ou obtenha um or\u00e7amento personalizado. Deixe-nos ajudar voc\u00ea a melhorar a efici\u00eancia do seu trator e reduzir os custos de manuten\u00e7\u00e3o!<\/span><\/p>\n<h3><span style=\"color: #ff6600;\">Descri\u00e7\u00e3o do produto<\/span><\/h3>\n<ul>\n<li><span style=\"color: #000000;\"><strong>Quantidade m\u00ednima:<\/strong>\u00a01 PC<\/span><\/li>\n<li><span style=\"color: #000000;\"><strong>M\u00e9todo de pagamento:<\/strong>\u00a0T\/T<\/span><\/li>\n<li><span style=\"color: #000000;\"><strong>Marca:<\/strong>\u00a0GFM<\/span><\/li>\n<li><span style=\"color: #000000;\"><strong>Doen\u00e7a:<\/strong>\u00a0Novo<\/span><\/li>\n<li><span style=\"color: #000000;\"><strong>Cor:<\/strong>\u00a0Amarelo, Preto ou Personalizado<\/span><\/li>\n<li><span style=\"color: #000000;\"><strong>Tempo de espera:<\/strong>\u00a030 dias<\/span><\/li>\n<li><span style=\"color: #000000;\"><strong>Garantia:<\/strong>\u00a01 ano<\/span><\/li>\n<li><span style=\"color: #000000;\"><strong>Servi\u00e7o:<\/strong>\u00a0OEM ou ODM<\/span><\/li>\n<li><span style=\"color: #000000;\"><strong>Local de origem:<\/strong>\u00a0Fujian, China<\/span><\/li>\n<li><span style=\"color: #000000;\"><strong>Aplicativo:<\/strong> Escavadora<\/span><\/li>\n<li><span style=\"color: #000000;\"><strong>Embalagem:<\/strong> Palete de madeira padr\u00e3o para exporta\u00e7\u00e3o<\/span><\/li>\n<\/ul>\n<p style=\"text-align: center;\"><img fetchpriority=\"high\" decoding=\"async\" class=\"alignnone wp-image-3646\" src=\"https:\/\/gfmparts.com\/wp-content\/uploads\/2025\/02\/2025-02-19-161204.jpg\" alt=\"trator de polia intermedi\u00e1ria dianteira\" width=\"658\" height=\"658\" srcset=\"https:\/\/gfmparts.com\/wp-content\/uploads\/2025\/02\/2025-02-19-161204.jpg 1000w, https:\/\/gfmparts.com\/wp-content\/uploads\/2025\/02\/2025-02-19-161204-300x300.jpg 300w, https:\/\/gfmparts.com\/wp-content\/uploads\/2025\/02\/2025-02-19-161204-150x150.jpg 150w, https:\/\/gfmparts.com\/wp-content\/uploads\/2025\/02\/2025-02-19-161204-768x768.jpg 768w, https:\/\/gfmparts.com\/wp-content\/uploads\/2025\/02\/2025-02-19-161204-600x600.jpg 600w, https:\/\/gfmparts.com\/wp-content\/uploads\/2025\/02\/2025-02-19-161204-100x100.jpg 100w\" sizes=\"(max-width: 658px) 100vw, 658px\" \/><\/p>\n<h3><span style=\"color: #ff6600;\">Caracter\u00edsticas<\/span><\/h3>\n<ul>\n<li><b><\/b><span style=\"color: #000000;\"><strong><b>Dur\u00e1vel:<\/b><\/strong>Constru\u00eddo para suportar condi\u00e7\u00f5es dif\u00edceis para um desempenho duradouro.<\/span><\/li>\n<li><span style=\"color: #000000;\"><b><\/b><strong><b>Ajuste perfeito: <\/b><\/strong>Projetado para f\u00e1cil instala\u00e7\u00e3o em v\u00e1rios modelos de escavadeiras e tratores.<\/span><\/li>\n<li><span style=\"color: #000000;\"><b><\/b><strong><b>Servi\u00e7o Pesado: <\/b><\/strong>Suporta cargas pesadas para uma opera\u00e7\u00e3o suave e est\u00e1vel.<\/span><\/li>\n<li><span style=\"color: #000000;\"><b><\/b><strong><b>Suave e silencioso<\/b><\/strong>: Minimiza a vibra\u00e7\u00e3o para movimentos mais suaves e melhor tra\u00e7\u00e3o em todos os terrenos.<\/span><\/li>\n<li><span style=\"color: #000000;\"><b><\/b><strong><b>Baixa manuten\u00e7\u00e3o: <\/b><\/strong>Autolubrificante para menos manuten\u00e7\u00e3o e mais tempo de atividade.<\/span><\/li>\n<li><span style=\"color: #000000;\"><b><\/b><strong><b>Resistente \u00e0s intemp\u00e9ries: <\/b><\/strong>Apresenta bom desempenho em qualquer clima, sendo resistente \u00e0 ferrugem e a temperaturas extremas.<\/span><\/li>\n<\/ul>\n<h3><span style=\"color: #ff6600;\">Especifica\u00e7\u00f5es<\/span><\/h3>\n<p style=\"text-align: center;\"><img decoding=\"async\" class=\"alignnone size-large wp-image-6793\" src=\"https:\/\/gfmparts.com\/wp-content\/uploads\/2025\/06\/track-idler-specification-1024x402.jpg\" alt=\"especifica\u00e7\u00e3o do rolete de esteira\" width=\"1024\" height=\"402\" srcset=\"https:\/\/gfmparts.com\/wp-content\/uploads\/2025\/06\/track-idler-specification-1024x402.jpg 1024w, https:\/\/gfmparts.com\/wp-content\/uploads\/2025\/06\/track-idler-specification-300x118.jpg 300w, https:\/\/gfmparts.com\/wp-content\/uploads\/2025\/06\/track-idler-specification-768x301.jpg 768w, https:\/\/gfmparts.com\/wp-content\/uploads\/2025\/06\/track-idler-specification-600x235.jpg 600w, https:\/\/gfmparts.com\/wp-content\/uploads\/2025\/06\/track-idler-specification.jpg 1537w\" sizes=\"(max-width: 1024px) 100vw, 1024px\" \/><\/p>\n<p style=\"text-align: center;\"><img decoding=\"async\" class=\"alignnone size-full wp-image-3003\" style=\"font-style: inherit; font-weight: inherit;\" src=\"https:\/\/gfmparts.com\/wp-content\/uploads\/2024\/12\/\u5f15\u5bfc\u8f6e\u578b\u53f7.png\" alt=\"modelo de polia intermedi\u00e1ria de esteira\" width=\"867\" height=\"369\" srcset=\"https:\/\/gfmparts.com\/wp-content\/uploads\/2024\/12\/\u5f15\u5bfc\u8f6e\u578b\u53f7.png 867w, https:\/\/gfmparts.com\/wp-content\/uploads\/2024\/12\/\u5f15\u5bfc\u8f6e\u578b\u53f7-300x128.png 300w, https:\/\/gfmparts.com\/wp-content\/uploads\/2024\/12\/\u5f15\u5bfc\u8f6e\u578b\u53f7-768x327.png 768w, https:\/\/gfmparts.com\/wp-content\/uploads\/2024\/12\/\u5f15\u5bfc\u8f6e\u578b\u53f7-600x255.png 600w\" sizes=\"(max-width: 867px) 100vw, 867px\" \/><\/p>\n<h3><span style=\"color: #ff6600;\">Modelos de produtos<\/span><\/h3>\n<p style=\"text-align: center;\"><span style=\"color: #000000;\"><img loading=\"lazy\" decoding=\"async\" class=\"alignnone size-full wp-image-3147\" src=\"https:\/\/gfmparts.com\/wp-content\/uploads\/2024\/11\/excavator-part-description-e1735350735761.png\" alt=\"descri\u00e7\u00e3o da pe\u00e7a da escavadeira\" width=\"856\" height=\"694\" srcset=\"https:\/\/gfmparts.com\/wp-content\/uploads\/2024\/11\/excavator-part-description-e1735350735761.png 856w, https:\/\/gfmparts.com\/wp-content\/uploads\/2024\/11\/excavator-part-description-e1735350735761-300x243.png 300w, https:\/\/gfmparts.com\/wp-content\/uploads\/2024\/11\/excavator-part-description-e1735350735761-768x623.png 768w, https:\/\/gfmparts.com\/wp-content\/uploads\/2024\/11\/excavator-part-description-e1735350735761-600x486.png 600w\" sizes=\"(max-width: 856px) 100vw, 856px\" \/><\/span><\/p>\n<h3><span style=\"color: #ff9900;\">Processo de produ\u00e7\u00e3o<\/span><\/h3>\n<p><img loading=\"lazy\" decoding=\"async\" class=\"size-large wp-image-3043 aligncenter\" src=\"https:\/\/gfmparts.com\/wp-content\/uploads\/2024\/12\/\u901a\u7528\u751f\u4ea7\u6d41\u7a0b-1-1024x648.jpg\" alt=\"processo de produ\u00e7\u00e3o de pe\u00e7as de escavadeira\" width=\"1024\" height=\"648\" srcset=\"\" sizes=\"(max-width: 1024px) 100vw, 1024px\" data-srcset=\"\" \/><\/p>\n<h3><span style=\"color: #ff6600;\">Embalagem e Envio<\/span><\/h3>\n<p style=\"text-align: center;\"><img loading=\"lazy\" decoding=\"async\" class=\"alignnone size-large wp-image-6521\" src=\"https:\/\/gfmparts.com\/wp-content\/uploads\/2025\/05\/Packaging-and-Shipping-1-1-1024x648.jpg\" alt=\"Embalagem e Envio\" width=\"1024\" height=\"648\" srcset=\"https:\/\/gfmparts.com\/wp-content\/uploads\/2025\/05\/Packaging-and-Shipping-1-1-1024x648.jpg 1024w, https:\/\/gfmparts.com\/wp-content\/uploads\/2025\/05\/Packaging-and-Shipping-1-1-300x190.jpg 300w, https:\/\/gfmparts.com\/wp-content\/uploads\/2025\/05\/Packaging-and-Shipping-1-1-768x486.jpg 768w, https:\/\/gfmparts.com\/wp-content\/uploads\/2025\/05\/Packaging-and-Shipping-1-1-1536x973.jpg 1536w, https:\/\/gfmparts.com\/wp-content\/uploads\/2025\/05\/Packaging-and-Shipping-1-1-2048x1297.jpg 2048w, https:\/\/gfmparts.com\/wp-content\/uploads\/2025\/05\/Packaging-and-Shipping-1-1-600x380.jpg 600w\" sizes=\"(max-width: 1024px) 100vw, 1024px\" \/><\/p>\n<h3><span style=\"color: #ff6600;\">Vantagens da f\u00e1brica<\/span><\/h3>\n<p><span style=\"color: #000000;\">GFM, como profissional <span style=\"color: #ff6600;\"><a style=\"color: #ff6600;\" href=\"https:\/\/gfmparts.com\/pt\/product\/roda-dentada-de-acionamento-da-escavadeira-de-abastecimento\/\">fornecedor de pe\u00e7as para escavadeiras<\/a><\/span>, possui muitos anos de experi\u00eancia no setor. Nosso foco \u00e9 a produ\u00e7\u00e3o de pe\u00e7as de alta qualidade para tratores de esteira, incluindo rodas-guia, conjuntos de esteiras, sapatas de esteira para tratores de esteira, etc. Nossa f\u00e1brica est\u00e1 equipada com equipamentos de produ\u00e7\u00e3o avan\u00e7ados e instrumentos de teste de precis\u00e3o para garantir que cada produto atenda aos padr\u00f5es internacionais e aos altos requisitos de qualidade dos clientes.<\/span><\/p>\n<ul>\n<li><span style=\"color: #000000;\"><strong>Equipe de P&amp;D:<\/strong> Temos uma equipe experiente de P&amp;D dedicada \u00e0 inova\u00e7\u00e3o cont\u00ednua e otimiza\u00e7\u00e3o de produtos para garantir que possamos fornecer aos clientes solu\u00e7\u00f5es de rodas-guia de trator de esteira mais eficientes e dur\u00e1veis.<\/span><\/li>\n<li><span style=\"color: #000000;\"><strong>Atendimento personalizado:<\/strong> Fornecemos servi\u00e7os personalizados de OEM\/ODM e fornecemos produtos de rodas-guia de trator de esteiras personalizados de acordo com as necessidades do cliente para atender \u00e0s necessidades exclusivas de diferentes clientes.<\/span><\/li>\n<li><span style=\"color: #000000;\"><strong>Controle de qualidade:<\/strong> Da aquisi\u00e7\u00e3o da mat\u00e9ria-prima at\u00e9 a produ\u00e7\u00e3o e o processamento, controlamos rigorosamente cada elo para garantir que a qualidade de cada roda-guia de trator de esteira seja impec\u00e1vel.<\/span><\/li>\n<\/ul>\n<h5><span style=\"color: #ff6600;\">Por que escolher a GFM <a href=\"https:\/\/gfmparts.com\/pt\/product\/escavadeira-de-rolo-inferior-cat-factory\/\">roda intermedi\u00e1ria da escavadeira<\/a>?<\/span><\/h5>\n<ul>\n<li><span style=\"color: #000000;\"><strong>Tecnologia profissional:<\/strong> Anos de experi\u00eancia em produ\u00e7\u00e3o nos permitiram ter um conhecimento profundo das rodas-guia para tratores e fornecer os melhores produtos e servi\u00e7os.<\/span><\/li>\n<li><span style=\"color: #000000;\"><strong>Fornecimento global:<\/strong> Fornecemos pe\u00e7as de tratores de alta qualidade para clientes no mundo todo, garantindo que eles possam aproveitar nossos produtos de alta qualidade, n\u00e3o importa onde estejam.<\/span><\/li>\n<li><span style=\"color: #000000;\"><strong>Satisfa\u00e7\u00e3o do cliente:<\/strong> Estamos comprometidos em fornecer suporte completo a cada cliente, garantindo que seu trator de esteira Komatsu D60 possa trabalhar de forma est\u00e1vel em qualquer ambiente.<\/span><\/li>\n<\/ul>\n<p style=\"text-align: center;\"><span style=\"color: #000000;\"><img loading=\"lazy\" decoding=\"async\" class=\"alignnone wp-image-2159\" src=\"https:\/\/gfmparts.com\/wp-content\/uploads\/2024\/12\/\u5fae\u4fe1\u56fe\u7247_20241202160325-1024x576.jpg\" alt=\"fabricante de rolos transportadores\" width=\"767\" height=\"431\" srcset=\"\" sizes=\"(max-width: 767px) 100vw, 767px\" data-srcset=\"\" \/><\/span><\/p>","protected":false},"excerpt":{"rendered":"<ul>\n<li><span style=\"color: #000000;\">Qualidade garantida do produto<\/span><\/li>\n<li><span style=\"color: #000000;\">Fornecimento grande<\/span><\/li>\n<li><span style=\"color: #000000;\">Pre\u00e7os competitivos<\/span><\/li>\n<li><span style=\"color: #000000;\">A maioria das marcas e modelos<\/span><\/li>\n<li><span style=\"color: #000000;\">Equipe de Atendimento ao Cliente \u00datil<\/span><\/li>\n<li><span style=\"color: #000000;\">Suporte t\u00e9cnico profissional<\/span><\/li>\n<\/ul>","protected":false},"featured_media":3645,"template":"","meta":{"site-sidebar-layout":"default","site-content-layout":"","ast-site-content-layout":"default","site-content-style":"default","site-sidebar-style":"default","ast-global-header-display":"","ast-banner-title-visibility":"","ast-main-header-display":"","ast-hfb-above-header-display":"","ast-hfb-below-header-display":"","ast-hfb-mobile-header-display":"","site-post-title":"","ast-breadcrumbs-content":"","ast-featured-img":"","footer-sml-layout":"","theme-transparent-header-meta":"default","adv-header-id-meta":"","stick-header-meta":"default","header-above-stick-meta":"","header-main-stick-meta":"","header-below-stick-meta":"","astra-migrate-meta-layouts":"set","ast-page-background-enabled":"default","ast-page-background-meta":{"desktop":{"background-color":"","background-image":"","background-repeat":"repeat","background-position":"center center","background-size":"auto","background-attachment":"scroll","background-type":"","background-media":"","overlay-type":"","overlay-color":"","overlay-opacity":"","overlay-gradient":""},"tablet":{"background-color":"","background-image":"","background-repeat":"repeat","background-position":"center center","background-size":"auto","background-attachment":"scroll","background-type":"","background-media":"","overlay-type":"","overlay-color":"","overlay-opacity":"","overlay-gradient":""},"mobile":{"background-color":"","background-image":"","background-repeat":"repeat","background-position":"center center","background-size":"auto","background-attachment":"scroll","background-type":"","background-media":"","overlay-type":"","overlay-color":"","overlay-opacity":"","overlay-gradient":""}},"ast-content-background-meta":{"desktop":{"background-color":"var(--ast-global-color-5)","background-image":"","background-repeat":"repeat","background-position":"center center","background-size":"auto","background-attachment":"scroll","background-type":"","background-media":"","overlay-type":"","overlay-color":"","overlay-opacity":"","overlay-gradient":""},"tablet":{"background-color":"var(--ast-global-color-5)","background-image":"","background-repeat":"repeat","background-position":"center center","background-size":"auto","background-attachment":"scroll","background-type":"","background-media":"","overlay-type":"","overlay-color":"","overlay-opacity":"","overlay-gradient":""},"mobile":{"background-color":"var(--ast-global-color-5)","background-image":"","background-repeat":"repeat","background-position":"center center","background-size":"auto","background-attachment":"scroll","background-type":"","background-media":"","overlay-type":"","overlay-color":"","overlay-opacity":"","overlay-gradient":""}}},"product_cat":[38,32],"product_tag":[130],"class_list":{"0":"post-3644","1":"product","2":"type-product","3":"status-publish","4":"has-post-thumbnail","6":"product_cat-undercarriage","7":"product_cat-track-idler","8":"product_tag-komatsu-d60","9":"desktop-align-left","10":"tablet-align-left","11":"mobile-align-left","12":"ast-product-gallery-layout-horizontal-slider","13":"ast-product-gallery-with-no-image","14":"ast-product-tabs-layout-horizontal","16":"first","17":"instock","18":"shipping-taxable","19":"product-type-simple"},"yoast_head":"<!-- This site is optimized with the Yoast SEO Premium plugin v22.8 (Yoast SEO v23.9) - https:\/\/yoast.com\/wordpress\/plugins\/seo\/ -->\n<title>Front Idler Bulldozer Komatsu D60 Bulldozer Idler<\/title>\n<meta name=\"description\" content=\"If you are looking for high-quality Komatsu D60 bulldozer idlers, GFM excavator parts suppliers is your best choice. Contact GFM now for a personalized quote.\" \/>\n<meta name=\"robots\" content=\"index, follow, max-snippet:-1, max-image-preview:large, max-video-preview:-1\" \/>\n<link rel=\"canonical\" href=\"https:\/\/gfmparts.com\/pt\/product\/polia-intermediaria-dianteira-da-escavadeira\/\" \/>\n<meta property=\"og:locale\" content=\"pt_BR\" \/>\n<meta property=\"og:type\" content=\"article\" \/>\n<meta property=\"og:title\" content=\"Front Idler Bulldozer Komatsu D60 Bulldozer Idler\" \/>\n<meta property=\"og:description\" content=\"If you are looking for high-quality Komatsu D60 bulldozer idlers, GFM excavator parts suppliers is your best choice. Contact GFM now for a personalized quote.\" \/>\n<meta property=\"og:url\" content=\"https:\/\/gfmparts.com\/pt\/product\/polia-intermediaria-dianteira-da-escavadeira\/\" \/>\n<meta property=\"article:publisher\" content=\"https:\/\/www.facebook.com\/gfmparts\" \/>\n<meta property=\"article:modified_time\" content=\"2025-06-23T06:45:22+00:00\" \/>\n<meta property=\"og:image\" content=\"https:\/\/gfmparts.com\/wp-content\/uploads\/2025\/02\/Komatsu-Bulldozer-D60-idler.png\" \/>\n\t<meta property=\"og:image:width\" content=\"539\" \/>\n\t<meta property=\"og:image:height\" content=\"539\" \/>\n\t<meta property=\"og:image:type\" content=\"image\/png\" \/>\n<meta name=\"twitter:card\" content=\"summary_large_image\" \/>\n<meta name=\"twitter:label1\" content=\"Est. tempo de leitura\" \/>\n\t<meta name=\"twitter:data1\" content=\"4 minutos\" \/>\n<script type=\"application\/ld+json\" class=\"yoast-schema-graph\">{\"@context\":\"https:\/\/schema.org\",\"@graph\":[{\"@type\":\"WebPage\",\"@id\":\"https:\/\/gfmparts.com\/product\/front-idler-bulldozer-idler\/\",\"url\":\"https:\/\/gfmparts.com\/product\/front-idler-bulldozer-idler\/\",\"name\":\"Front Idler Bulldozer Komatsu D60 Bulldozer Idler\",\"isPartOf\":{\"@id\":\"https:\/\/gfmparts.com\/#website\"},\"primaryImageOfPage\":{\"@id\":\"https:\/\/gfmparts.com\/product\/front-idler-bulldozer-idler\/#primaryimage\"},\"image\":{\"@id\":\"https:\/\/gfmparts.com\/product\/front-idler-bulldozer-idler\/#primaryimage\"},\"thumbnailUrl\":\"https:\/\/gfmparts.com\/wp-content\/uploads\/2025\/02\/Komatsu-Bulldozer-D60-idler.png\",\"datePublished\":\"2025-02-28T03:20:02+00:00\",\"dateModified\":\"2025-06-23T06:45:22+00:00\",\"description\":\"If you are looking for high-quality Komatsu D60 bulldozer idlers, GFM excavator parts suppliers is your best choice. Contact GFM now for a personalized quote.\",\"breadcrumb\":{\"@id\":\"https:\/\/gfmparts.com\/product\/front-idler-bulldozer-idler\/#breadcrumb\"},\"inLanguage\":\"pt-BR\",\"potentialAction\":[{\"@type\":\"ReadAction\",\"target\":[\"https:\/\/gfmparts.com\/product\/front-idler-bulldozer-idler\/\"]}]},{\"@type\":\"ImageObject\",\"inLanguage\":\"pt-BR\",\"@id\":\"https:\/\/gfmparts.com\/product\/front-idler-bulldozer-idler\/#primaryimage\",\"url\":\"https:\/\/gfmparts.com\/wp-content\/uploads\/2025\/02\/Komatsu-Bulldozer-D60-idler.png\",\"contentUrl\":\"https:\/\/gfmparts.com\/wp-content\/uploads\/2025\/02\/Komatsu-Bulldozer-D60-idler.png\",\"width\":539,\"height\":539,\"caption\":\"Komatsu Bulldozer D60 idler\"},{\"@type\":\"BreadcrumbList\",\"@id\":\"https:\/\/gfmparts.com\/product\/front-idler-bulldozer-idler\/#breadcrumb\",\"itemListElement\":[{\"@type\":\"ListItem\",\"position\":1,\"name\":\"\u9996\u9875\",\"item\":\"https:\/\/gfmparts.com\/\"},{\"@type\":\"ListItem\",\"position\":2,\"name\":\"All Product\",\"item\":\"https:\/\/gfmparts.com\/all-product\/\"},{\"@type\":\"ListItem\",\"position\":3,\"name\":\"Front Idler Bulldozer Komatsu D60 Bulldozer Idler\"}]},{\"@type\":\"WebSite\",\"@id\":\"https:\/\/gfmparts.com\/#website\",\"url\":\"https:\/\/gfmparts.com\/\",\"name\":\"GFM PARTS\",\"description\":\"GFM since 2011 focused on excavator and bulldozer undercarriage parts manufacturing :Track rollers,carrier roller,idler,sprocket,track group,bucket tooth pin.\",\"publisher\":{\"@id\":\"https:\/\/gfmparts.com\/#organization\"},\"alternateName\":\"gfmparts.com\",\"potentialAction\":[{\"@type\":\"SearchAction\",\"target\":{\"@type\":\"EntryPoint\",\"urlTemplate\":\"https:\/\/gfmparts.com\/?s={search_term_string}\"},\"query-input\":{\"@type\":\"PropertyValueSpecification\",\"valueRequired\":true,\"valueName\":\"search_term_string\"}}],\"inLanguage\":\"pt-BR\"},{\"@type\":\"Organization\",\"@id\":\"https:\/\/gfmparts.com\/#organization\",\"name\":\"GFM PARTS\",\"url\":\"https:\/\/gfmparts.com\/\",\"logo\":{\"@type\":\"ImageObject\",\"inLanguage\":\"pt-BR\",\"@id\":\"https:\/\/gfmparts.com\/#\/schema\/logo\/image\/\",\"url\":\"https:\/\/gfmparts.com\/wp-content\/uploads\/2024\/11\/cropped-GFMparts.com_-2.png\",\"contentUrl\":\"https:\/\/gfmparts.com\/wp-content\/uploads\/2024\/11\/cropped-GFMparts.com_-2.png\",\"width\":5987,\"height\":2564,\"caption\":\"GFM PARTS\"},\"image\":{\"@id\":\"https:\/\/gfmparts.com\/#\/schema\/logo\/image\/\"},\"sameAs\":[\"https:\/\/www.facebook.com\/gfmparts\",\"https:\/\/www.linkedin.com\/company\/gfmparts\/\",\"https:\/\/www.tiktok.com\/@gfmparts\",\"https:\/\/www.youtube.com\/@GFMparts\/featured\"]}]}<\/script>\n<!-- \/ Yoast SEO Premium plugin. -->","yoast_head_json":{"title":"Front Idler Bulldozer Komatsu D60 Bulldozer Idler","description":"If you are looking for high-quality Komatsu D60 bulldozer idlers, GFM excavator parts suppliers is your best choice. Contact GFM now for a personalized quote.","robots":{"index":"index","follow":"follow","max-snippet":"max-snippet:-1","max-image-preview":"max-image-preview:large","max-video-preview":"max-video-preview:-1"},"canonical":"https:\/\/gfmparts.com\/pt\/product\/polia-intermediaria-dianteira-da-escavadeira\/","og_locale":"pt_BR","og_type":"article","og_title":"Front Idler Bulldozer Komatsu D60 Bulldozer Idler","og_description":"If you are looking for high-quality Komatsu D60 bulldozer idlers, GFM excavator parts suppliers is your best choice. Contact GFM now for a personalized quote.","og_url":"https:\/\/gfmparts.com\/pt\/product\/polia-intermediaria-dianteira-da-escavadeira\/","article_publisher":"https:\/\/www.facebook.com\/gfmparts","article_modified_time":"2025-06-23T06:45:22+00:00","og_image":[{"width":539,"height":539,"url":"https:\/\/gfmparts.com\/wp-content\/uploads\/2025\/02\/Komatsu-Bulldozer-D60-idler.png","type":"image\/png"}],"twitter_card":"summary_large_image","twitter_misc":{"Est. tempo de leitura":"4 minutos"},"schema":{"@context":"https:\/\/schema.org","@graph":[{"@type":"WebPage","@id":"https:\/\/gfmparts.com\/product\/front-idler-bulldozer-idler\/","url":"https:\/\/gfmparts.com\/product\/front-idler-bulldozer-idler\/","name":"Front Idler Bulldozer Komatsu D60 Bulldozer Idler","isPartOf":{"@id":"https:\/\/gfmparts.com\/#website"},"primaryImageOfPage":{"@id":"https:\/\/gfmparts.com\/product\/front-idler-bulldozer-idler\/#primaryimage"},"image":{"@id":"https:\/\/gfmparts.com\/product\/front-idler-bulldozer-idler\/#primaryimage"},"thumbnailUrl":"https:\/\/gfmparts.com\/wp-content\/uploads\/2025\/02\/Komatsu-Bulldozer-D60-idler.png","datePublished":"2025-02-28T03:20:02+00:00","dateModified":"2025-06-23T06:45:22+00:00","description":"If you are looking for high-quality Komatsu D60 bulldozer idlers, GFM excavator parts suppliers is your best choice. Contact GFM now for a personalized quote.","breadcrumb":{"@id":"https:\/\/gfmparts.com\/product\/front-idler-bulldozer-idler\/#breadcrumb"},"inLanguage":"pt-BR","potentialAction":[{"@type":"ReadAction","target":["https:\/\/gfmparts.com\/product\/front-idler-bulldozer-idler\/"]}]},{"@type":"ImageObject","inLanguage":"pt-BR","@id":"https:\/\/gfmparts.com\/product\/front-idler-bulldozer-idler\/#primaryimage","url":"https:\/\/gfmparts.com\/wp-content\/uploads\/2025\/02\/Komatsu-Bulldozer-D60-idler.png","contentUrl":"https:\/\/gfmparts.com\/wp-content\/uploads\/2025\/02\/Komatsu-Bulldozer-D60-idler.png","width":539,"height":539,"caption":"Komatsu Bulldozer D60 idler"},{"@type":"BreadcrumbList","@id":"https:\/\/gfmparts.com\/product\/front-idler-bulldozer-idler\/#breadcrumb","itemListElement":[{"@type":"ListItem","position":1,"name":"\u9996\u9875","item":"https:\/\/gfmparts.com\/"},{"@type":"ListItem","position":2,"name":"All Product","item":"https:\/\/gfmparts.com\/all-product\/"},{"@type":"ListItem","position":3,"name":"Front Idler Bulldozer Komatsu D60 Bulldozer Idler"}]},{"@type":"WebSite","@id":"https:\/\/gfmparts.com\/#website","url":"https:\/\/gfmparts.com\/","name":"GFM PARTS","description":"GFM since 2011 focused on excavator and bulldozer undercarriage parts manufacturing :Track rollers,carrier roller,idler,sprocket,track group,bucket tooth pin.","publisher":{"@id":"https:\/\/gfmparts.com\/#organization"},"alternateName":"gfmparts.com","potentialAction":[{"@type":"SearchAction","target":{"@type":"EntryPoint","urlTemplate":"https:\/\/gfmparts.com\/?s={search_term_string}"},"query-input":{"@type":"PropertyValueSpecification","valueRequired":true,"valueName":"search_term_string"}}],"inLanguage":"pt-BR"},{"@type":"Organization","@id":"https:\/\/gfmparts.com\/#organization","name":"GFM PARTS","url":"https:\/\/gfmparts.com\/","logo":{"@type":"ImageObject","inLanguage":"pt-BR","@id":"https:\/\/gfmparts.com\/#\/schema\/logo\/image\/","url":"https:\/\/gfmparts.com\/wp-content\/uploads\/2024\/11\/cropped-GFMparts.com_-2.png","contentUrl":"https:\/\/gfmparts.com\/wp-content\/uploads\/2024\/11\/cropped-GFMparts.com_-2.png","width":5987,"height":2564,"caption":"GFM PARTS"},"image":{"@id":"https:\/\/gfmparts.com\/#\/schema\/logo\/image\/"},"sameAs":["https:\/\/www.facebook.com\/gfmparts","https:\/\/www.linkedin.com\/company\/gfmparts\/","https:\/\/www.tiktok.com\/@gfmparts","https:\/\/www.youtube.com\/@GFMparts\/featured"]}]}},"_links":{"self":[{"href":"https:\/\/gfmparts.com\/pt\/wp-json\/wp\/v2\/product\/3644"}],"collection":[{"href":"https:\/\/gfmparts.com\/pt\/wp-json\/wp\/v2\/product"}],"about":[{"href":"https:\/\/gfmparts.com\/pt\/wp-json\/wp\/v2\/types\/product"}],"wp:featuredmedia":[{"embeddable":true,"href":"https:\/\/gfmparts.com\/pt\/wp-json\/wp\/v2\/media\/3645"}],"wp:attachment":[{"href":"https:\/\/gfmparts.com\/pt\/wp-json\/wp\/v2\/media?parent=3644"}],"wp:term":[{"taxonomy":"product_cat","embeddable":true,"href":"https:\/\/gfmparts.com\/pt\/wp-json\/wp\/v2\/product_cat?post=3644"},{"taxonomy":"product_tag","embeddable":true,"href":"https:\/\/gfmparts.com\/pt\/wp-json\/wp\/v2\/product_tag?post=3644"}],"curies":[{"name":"wp","href":"https:\/\/api.w.org\/{rel}","templated":true}]}}