{"id":3658,"date":"2025-03-03T08:19:26","date_gmt":"2025-03-03T08:19:26","guid":{"rendered":"https:\/\/gfmparts.com\/?post_type=product&#038;p=3658"},"modified":"2025-05-07T14:15:37","modified_gmt":"2025-05-07T14:15:37","slug":"hyundai-excavator-track-chain","status":"publish","type":"product","link":"https:\/\/gfmparts.com\/pt\/product\/corrente-de-esteira-para-escavadeira-hyundai\/","title":{"rendered":"Corrente de esteira para escavadeira Hitachi ZAX210"},"content":{"rendered":"<p><span style=\"color: #000000;\">Como l\u00edder mundial <a style=\"color: #000000;\" href=\"https:\/\/gfmparts.com\/pt\/product\/fornecedor-de-correntes-de-esteira-para-escavadeira-com-conjunto-de-elos-de-esteira\/\">fabricante de pe\u00e7as para escavadeiras<\/a>, a GFM lan\u00e7ou o <a style=\"color: #000000;\" href=\"https:\/\/gfmparts.com\/pt\/product\/fabrica-de-conjuntos-de-elos-de-esteira-para-escavadeira\/\">corrente de esteira para escavadeiras<\/a> especificamente para a escavadeira Hitachi ZAX210, combinando design inovador com rigorosos padr\u00f5es de fabrica\u00e7\u00e3o para garantir a opera\u00e7\u00e3o est\u00e1vel e de longo prazo do equipamento em ambientes adversos, como minas e canteiros de obras.<\/span><\/p>\n<h5><span style=\"color: #ff6600;\">Principais vantagens e caracter\u00edsticas do produto<\/span><\/h5>\n<p><span style=\"color: #000000;\"><strong>Super durabilidade<\/strong><\/span><\/p>\n<p><span style=\"color: #000000;\">Atualiza\u00e7\u00e3o do material: Feito de forjamento de liga de a\u00e7o de alto carbono, a superf\u00edcie \u00e9 temperada profundamente e a resist\u00eancia ao desgaste \u00e9 aumentada em 40%, estendendo a vida \u00fatil da corrente da esteira.<\/span><\/p>\n<p><span style=\"color: #000000;\">Adapta\u00e7\u00e3o precisa: A especifica\u00e7\u00e3o projetada especificamente para o modelo ZAX210 combina perfeitamente com a roda guia original e a roda motriz para reduzir a perda anormal de atrito.<\/span><\/p>\n<p><span style=\"color: #000000;\"><strong>Excelente adaptabilidade ao terreno<\/strong><\/span><\/p>\n<p><span style=\"color: #000000;\">Tecnologia de pino de veda\u00e7\u00e3o dupla: veda\u00e7\u00f5es \u00e0 prova de poeira e canais de \u00f3leo lubrificante integrados resistem efetivamente \u00e0 intrus\u00e3o de lama e areia e se adaptam a terrenos lamacentos, de cascalho e outros terrenos vari\u00e1veis.<\/span><\/p>\n<p><span style=\"color: #000000;\">Estrutura modular: permite desmontagem e substitui\u00e7\u00e3o r\u00e1pidas, reduz o tempo de inatividade do equipamento e reduz os custos de manuten\u00e7\u00e3o de m\u00e3o de obra.<\/span><\/p>\n<h3><span style=\"color: #ff6600;\">Descri\u00e7\u00e3o do produto<\/span><\/h3>\n<ul>\n<li><span style=\"color: #000000;\"><strong>T\u00e9cnica:<\/strong> Forjamento\u00a0<\/span><\/li>\n<li><span style=\"color: #000000;\"><strong>Mat\u00e9ria-prima: <\/strong>35MnBH\/40Mn2<\/span><\/li>\n<li><span style=\"color: #000000;\"><strong>Quantidade m\u00ednima:<\/strong> 1 PC<\/span><\/li>\n<li><span style=\"color: #000000;\"><strong>M\u00e9todo de pagamento:<\/strong> T\/T<\/span><\/li>\n<li><span style=\"color: #000000;\"><strong>Marca:<\/strong> GFM<\/span><\/li>\n<li><span style=\"color: #000000;\"><strong>Doen\u00e7a:<\/strong> Novo<\/span><\/li>\n<li><span style=\"color: #000000;\"><strong>Cor:<\/strong> Amarelo, Preto ou Personalizado<\/span><\/li>\n<li><span style=\"color: #000000;\"><strong>Tempo de espera:<\/strong> 30 dias<\/span><\/li>\n<li><span style=\"color: #000000;\"><strong>Garantia:<\/strong> 1 ano<\/span><\/li>\n<li><span style=\"color: #000000;\"><strong>Servi\u00e7o:<\/strong> OEM ou ODM<\/span><\/li>\n<li><span style=\"color: #000000;\"><strong>Local de origem:<\/strong> Fujian, China<\/span><\/li>\n<li><span style=\"color: #000000;\"><strong>Aplicativo:<\/strong> Escavadora<\/span><\/li>\n<li><span style=\"color: #000000;\"><strong>Embalagem:<\/strong> Palete de madeira padr\u00e3o para exporta\u00e7\u00e3o<\/span><\/li>\n<\/ul>\n<h3><span style=\"color: #ff6600;\">Caracter\u00edsticas<\/span><\/h3>\n<ul>\n<li><b><\/b><span style=\"color: #000000;\"><strong><b>Alta durabilidade<\/b><\/strong>\u2013 Constru\u00eddo com liga de a\u00e7o premium para suportar uso pesado.<\/span><\/li>\n<li><span style=\"color: #000000;\"><b><\/b><strong><b>Ajuste perfeito<\/b><\/strong>\u2013 Fabricado com precis\u00e3o para compatibilidade perfeita com as principais marcas de escavadeiras.<\/span><\/li>\n<li><span style=\"color: #000000;\"><b><\/b><strong><b>For\u00e7a Aprimorada<\/b><\/strong>\u2013 Tratado termicamente para maior dureza e resist\u00eancia ao desgaste.<\/span><\/li>\n<li><span style=\"color: #000000;\"><b><\/b><strong><b>Resistente \u00e0 corros\u00e3o<\/b><\/strong>\u2013 Revestimento especial protege contra ferrugem em condi\u00e7\u00f5es dif\u00edceis.<\/span><\/li>\n<li><span style=\"color: #000000;\"><b><\/b><strong><b>Opera\u00e7\u00e3o suave<\/b><\/strong>\u2013 O design de baixo atrito garante um desempenho silencioso e eficiente.<\/span><\/li>\n<li><span style=\"color: #000000;\"><b><\/b><strong><b>Instala\u00e7\u00e3o r\u00e1pida<\/b><\/strong>\u2013 F\u00e1cil de montar, economizando tempo e reduzindo o tempo de inatividade.<\/span><\/li>\n<\/ul>\n<h3><span style=\"color: #ff6600;\">Especifica\u00e7\u00f5es<\/span><\/h3>\n<p style=\"text-align: center;\"><img fetchpriority=\"high\" decoding=\"async\" class=\"alignnone size-large wp-image-2860\" src=\"https:\/\/gfmparts.com\/wp-content\/uploads\/2024\/11\/\u94fe\u6761\u6570\u636e\u56fe-2-1024x671.jpg\" alt=\"descri\u00e7\u00e3o do link da trilha\" width=\"1024\" height=\"671\" srcset=\"\" sizes=\"(max-width: 1024px) 100vw, 1024px\" data-srcset=\"\" \/><\/p>\n<h3><span style=\"color: #ff6600;\">Modelos de produtos<\/span><\/h3>\n<p style=\"text-align: center;\"><img decoding=\"async\" class=\"alignnone size-full wp-image-3147\" src=\"https:\/\/gfmparts.com\/wp-content\/uploads\/2024\/11\/excavator-part-description-e1735350735761.png\" alt=\"descri\u00e7\u00e3o da pe\u00e7a da escavadeira\" width=\"856\" height=\"694\" srcset=\"https:\/\/gfmparts.com\/wp-content\/uploads\/2024\/11\/excavator-part-description-e1735350735761.png 856w, https:\/\/gfmparts.com\/wp-content\/uploads\/2024\/11\/excavator-part-description-e1735350735761-300x243.png 300w, https:\/\/gfmparts.com\/wp-content\/uploads\/2024\/11\/excavator-part-description-e1735350735761-768x623.png 768w, https:\/\/gfmparts.com\/wp-content\/uploads\/2024\/11\/excavator-part-description-e1735350735761-600x486.png 600w\" sizes=\"(max-width: 856px) 100vw, 856px\" \/><\/p>\n<h3><span style=\"color: #ff6600;\">Processo de produ\u00e7\u00e3o<\/span><\/h3>\n<p style=\"text-align: center;\"><iframe title=\"Reprodutor de v\u00eddeo do YouTube\" src=\"https:\/\/www.youtube.com\/embed\/0MdGoauuqtc?si=qQfjAiRnGnq8PQ2B\" width=\"1000\" height=\"563\" frameborder=\"0\" allowfullscreen=\"allowfullscreen\"><\/iframe><\/p>\n<p><img decoding=\"async\" class=\"size-large wp-image-3043 aligncenter\" src=\"https:\/\/gfmparts.com\/wp-content\/uploads\/2024\/12\/\u901a\u7528\u751f\u4ea7\u6d41\u7a0b-1-1024x648.jpg\" alt=\"processo de produ\u00e7\u00e3o de pe\u00e7as de escavadeira\" width=\"1024\" height=\"648\" srcset=\"\" sizes=\"(max-width: 1024px) 100vw, 1024px\" data-srcset=\"\" \/><\/p>\n<h3><span style=\"color: #ff6600;\">Embalagem e Envio<\/span><\/h3>\n<p style=\"text-align: center;\"><img loading=\"lazy\" decoding=\"async\" class=\"alignnone size-large wp-image-6521\" src=\"https:\/\/gfmparts.com\/wp-content\/uploads\/2025\/05\/Packaging-and-Shipping-1-1-1024x648.jpg\" alt=\"Embalagem e Envio\" width=\"1024\" height=\"648\" srcset=\"https:\/\/gfmparts.com\/wp-content\/uploads\/2025\/05\/Packaging-and-Shipping-1-1-1024x648.jpg 1024w, https:\/\/gfmparts.com\/wp-content\/uploads\/2025\/05\/Packaging-and-Shipping-1-1-300x190.jpg 300w, https:\/\/gfmparts.com\/wp-content\/uploads\/2025\/05\/Packaging-and-Shipping-1-1-768x486.jpg 768w, https:\/\/gfmparts.com\/wp-content\/uploads\/2025\/05\/Packaging-and-Shipping-1-1-1536x973.jpg 1536w, https:\/\/gfmparts.com\/wp-content\/uploads\/2025\/05\/Packaging-and-Shipping-1-1-2048x1297.jpg 2048w, https:\/\/gfmparts.com\/wp-content\/uploads\/2025\/05\/Packaging-and-Shipping-1-1-600x380.jpg 600w\" sizes=\"(max-width: 1024px) 100vw, 1024px\" \/><\/p>\n<h3><span style=\"color: #ff6600;\">Vantagens da f\u00e1brica<\/span><\/h3>\n<p><span style=\"color: #000000;\">Com uma base de produ\u00e7\u00e3o de mais de 10.000 m\u00b2 e redes log\u00edsticas otimizadas, oferecemos atendimento r\u00e1pido de pedidos e quantidades m\u00ednimas flex\u00edveis para compras em grandes quantidades e substitui\u00e7\u00f5es urgentes. Nossa equipe t\u00e9cnica oferece suporte p\u00f3s-venda 24 horas por dia, 7 dias por semana, incluindo orienta\u00e7\u00f5es de instala\u00e7\u00e3o e dicas de manuten\u00e7\u00e3o do ciclo de vida, para maximizar a produtividade do seu equipamento. Seja nosso parceiro e obtenha solu\u00e7\u00f5es de material rodante confi\u00e1veis e econ\u00f4micas, com garantias l\u00edderes do setor.<\/span><\/p>\n<ul>\n<li><span style=\"color: #000000;\"><strong>Sistema de controle de qualidade de processo completo:<\/strong> desde a detec\u00e7\u00e3o da mat\u00e9ria-prima at\u00e9 a entrega do produto acabado, passou pela certifica\u00e7\u00e3o de gest\u00e3o de qualidade ISO 9001, garantindo que cada conjunto de correntes de esteiras atenda aos padr\u00f5es CE e ANSI.<\/span><\/li>\n<li><span style=\"color: #000000;\"><strong>Linha de produ\u00e7\u00e3o inteligente:<\/strong> usando m\u00e1quinas-ferramentas CNC alem\u00e3s e tecnologia de calibra\u00e7\u00e3o a laser, o erro de precis\u00e3o \u00e9 \u22640,05 mm, garantindo uma coopera\u00e7\u00e3o perfeita com escavadeiras, esteiras e outros componentes.<\/span><\/li>\n<\/ul>\n<h5><span style=\"color: #ff6600;\">Por que escolher a GFM <a href=\"https:\/\/gfmparts.com\/pt\/product\/fornecedor-de-correntes-de-esteira-para-escavadeira-com-conjunto-de-elos-de-esteira\/\">Conjunto de liga\u00e7\u00e3o de esteira de f\u00e1brica<\/a>?<\/span><\/h5>\n<ul>\n<li><span style=\"color: #000000;\"><strong>Verifica\u00e7\u00e3o de dados:<\/strong> Testes de terceiros mostram que a vida \u00fatil da corrente de trem GFM \u00e9 2,3 vezes maior do que a dos modelos gerais do mercado sob as mesmas condi\u00e7\u00f5es de trabalho.<\/span><\/li>\n<li><span style=\"color: #000000;\"><strong>Conformidade ambiental:<\/strong> passou pela detec\u00e7\u00e3o de subst\u00e2ncias perigosas RoHS e atendeu aos requisitos das diretivas de prote\u00e7\u00e3o ambiental da UE.<\/span><\/li>\n<li><span style=\"color: #000000;\"><strong>Atendimento personalizado:<\/strong> suporte ao ajuste de dureza dos elos da corrente e solu\u00e7\u00f5es de lubrifica\u00e7\u00e3o de acordo com as condi\u00e7\u00f5es de trabalho do cliente.<\/span><\/li>\n<\/ul>\n<p style=\"text-align: center;\"><img loading=\"lazy\" decoding=\"async\" class=\"alignnone wp-image-2159\" src=\"https:\/\/gfmparts.com\/wp-content\/uploads\/2024\/12\/\u5fae\u4fe1\u56fe\u7247_20241202160325-1024x576.jpg\" alt=\"Fabricante de pe\u00e7as para escavadeiras\" width=\"800\" height=\"450\" srcset=\"\" sizes=\"(max-width: 800px) 100vw, 800px\" data-srcset=\"\" \/><\/p>","protected":false},"excerpt":{"rendered":"<ul>\n<li><span style=\"color: #000000;\">Qualidade garantida do produto<\/span><\/li>\n<li><span style=\"color: #000000;\">Fornecimento grande<\/span><\/li>\n<li><span style=\"color: #000000;\">Pre\u00e7os competitivos<\/span><\/li>\n<li><span style=\"color: #000000;\">A maioria das marcas e modelos<\/span><\/li>\n<li><span style=\"color: #000000;\">Equipe de Atendimento ao Cliente \u00datil<\/span><\/li>\n<li><span style=\"color: #000000;\">Suporte t\u00e9cnico profissional<\/span><\/li>\n<\/ul>","protected":false},"featured_media":3659,"template":"","meta":{"site-sidebar-layout":"default","site-content-layout":"","ast-site-content-layout":"default","site-content-style":"default","site-sidebar-style":"default","ast-global-header-display":"","ast-banner-title-visibility":"","ast-main-header-display":"","ast-hfb-above-header-display":"","ast-hfb-below-header-display":"","ast-hfb-mobile-header-display":"","site-post-title":"","ast-breadcrumbs-content":"","ast-featured-img":"","footer-sml-layout":"","theme-transparent-header-meta":"default","adv-header-id-meta":"","stick-header-meta":"default","header-above-stick-meta":"","header-main-stick-meta":"","header-below-stick-meta":"","astra-migrate-meta-layouts":"set","ast-page-background-enabled":"default","ast-page-background-meta":{"desktop":{"background-color":"","background-image":"","background-repeat":"repeat","background-position":"center center","background-size":"auto","background-attachment":"scroll","background-type":"","background-media":"","overlay-type":"","overlay-color":"","overlay-opacity":"","overlay-gradient":""},"tablet":{"background-color":"","background-image":"","background-repeat":"repeat","background-position":"center center","background-size":"auto","background-attachment":"scroll","background-type":"","background-media":"","overlay-type":"","overlay-color":"","overlay-opacity":"","overlay-gradient":""},"mobile":{"background-color":"","background-image":"","background-repeat":"repeat","background-position":"center center","background-size":"auto","background-attachment":"scroll","background-type":"","background-media":"","overlay-type":"","overlay-color":"","overlay-opacity":"","overlay-gradient":""}},"ast-content-background-meta":{"desktop":{"background-color":"var(--ast-global-color-5)","background-image":"","background-repeat":"repeat","background-position":"center center","background-size":"auto","background-attachment":"scroll","background-type":"","background-media":"","overlay-type":"","overlay-color":"","overlay-opacity":"","overlay-gradient":""},"tablet":{"background-color":"var(--ast-global-color-5)","background-image":"","background-repeat":"repeat","background-position":"center center","background-size":"auto","background-attachment":"scroll","background-type":"","background-media":"","overlay-type":"","overlay-color":"","overlay-opacity":"","overlay-gradient":""},"mobile":{"background-color":"var(--ast-global-color-5)","background-image":"","background-repeat":"repeat","background-position":"center center","background-size":"auto","background-attachment":"scroll","background-type":"","background-media":"","overlay-type":"","overlay-color":"","overlay-opacity":"","overlay-gradient":""}}},"product_cat":[38,29],"product_tag":[109],"class_list":{"0":"post-3658","1":"product","2":"type-product","3":"status-publish","4":"has-post-thumbnail","6":"product_cat-undercarriage","7":"product_cat-track-link","8":"product_tag-hitachi-zax210","9":"desktop-align-left","10":"tablet-align-left","11":"mobile-align-left","12":"ast-product-gallery-layout-horizontal-slider","13":"ast-product-gallery-with-no-image","14":"ast-product-tabs-layout-horizontal","16":"first","17":"instock","18":"shipping-taxable","19":"product-type-simple"},"yoast_head":"<!-- This site is optimized with the Yoast SEO Premium plugin v22.8 (Yoast SEO v23.9) - https:\/\/yoast.com\/wordpress\/plugins\/seo\/ -->\n<title>Hyundai R55 Excavator Track Chain 39L - Track Link Assy Factory<\/title>\n<meta name=\"description\" content=\"GFM 39L track chain designed for Hyundai R55 excavators, paired with high-strength excavator tracks, provides excellent durability and stability. Learn about factory-direct construction machinery accessories solutions.\" \/>\n<meta name=\"robots\" content=\"index, follow, max-snippet:-1, max-image-preview:large, max-video-preview:-1\" \/>\n<link rel=\"canonical\" href=\"https:\/\/gfmparts.com\/pt\/product\/corrente-de-esteira-para-escavadeira-hyundai\/\" \/>\n<meta property=\"og:locale\" content=\"pt_BR\" \/>\n<meta property=\"og:type\" content=\"article\" \/>\n<meta property=\"og:title\" content=\"Hitachi ZAX210 Excavator Track Chain\" \/>\n<meta property=\"og:description\" content=\"GFM 39L track chain designed for Hyundai R55 excavators, paired with high-strength excavator tracks, provides excellent durability and stability. Learn about factory-direct construction machinery accessories solutions.\" \/>\n<meta property=\"og:url\" content=\"https:\/\/gfmparts.com\/pt\/product\/corrente-de-esteira-para-escavadeira-hyundai\/\" \/>\n<meta property=\"article:publisher\" content=\"https:\/\/www.facebook.com\/gfmparts\" \/>\n<meta property=\"article:modified_time\" content=\"2025-05-07T14:15:37+00:00\" \/>\n<meta property=\"og:image\" content=\"https:\/\/gfmparts.com\/wp-content\/uploads\/2025\/03\/Hyundai-R55-track-link.png\" \/>\n\t<meta property=\"og:image:width\" content=\"550\" \/>\n\t<meta property=\"og:image:height\" content=\"550\" \/>\n\t<meta property=\"og:image:type\" content=\"image\/png\" \/>\n<meta name=\"twitter:card\" content=\"summary_large_image\" \/>\n<meta name=\"twitter:label1\" content=\"Est. tempo de leitura\" \/>\n\t<meta name=\"twitter:data1\" content=\"4 minutos\" \/>\n<script type=\"application\/ld+json\" class=\"yoast-schema-graph\">{\"@context\":\"https:\/\/schema.org\",\"@graph\":[{\"@type\":\"WebPage\",\"@id\":\"https:\/\/gfmparts.com\/product\/hyundai-excavator-track-chain\/\",\"url\":\"https:\/\/gfmparts.com\/product\/hyundai-excavator-track-chain\/\",\"name\":\"Hyundai R55 Excavator Track Chain 39L - Track Link Assy Factory\",\"isPartOf\":{\"@id\":\"https:\/\/gfmparts.com\/#website\"},\"primaryImageOfPage\":{\"@id\":\"https:\/\/gfmparts.com\/product\/hyundai-excavator-track-chain\/#primaryimage\"},\"image\":{\"@id\":\"https:\/\/gfmparts.com\/product\/hyundai-excavator-track-chain\/#primaryimage\"},\"thumbnailUrl\":\"https:\/\/gfmparts.com\/wp-content\/uploads\/2025\/03\/Hyundai-R55-track-link.png\",\"datePublished\":\"2025-03-03T08:19:26+00:00\",\"dateModified\":\"2025-05-07T14:15:37+00:00\",\"description\":\"GFM 39L track chain designed for Hyundai R55 excavators, paired with high-strength excavator tracks, provides excellent durability and stability. Learn about factory-direct construction machinery accessories solutions.\",\"breadcrumb\":{\"@id\":\"https:\/\/gfmparts.com\/product\/hyundai-excavator-track-chain\/#breadcrumb\"},\"inLanguage\":\"pt-BR\",\"potentialAction\":[{\"@type\":\"ReadAction\",\"target\":[\"https:\/\/gfmparts.com\/product\/hyundai-excavator-track-chain\/\"]}]},{\"@type\":\"ImageObject\",\"inLanguage\":\"pt-BR\",\"@id\":\"https:\/\/gfmparts.com\/product\/hyundai-excavator-track-chain\/#primaryimage\",\"url\":\"https:\/\/gfmparts.com\/wp-content\/uploads\/2025\/03\/Hyundai-R55-track-link.png\",\"contentUrl\":\"https:\/\/gfmparts.com\/wp-content\/uploads\/2025\/03\/Hyundai-R55-track-link.png\",\"width\":550,\"height\":550,\"caption\":\"Hyundai R55 track link\"},{\"@type\":\"BreadcrumbList\",\"@id\":\"https:\/\/gfmparts.com\/product\/hyundai-excavator-track-chain\/#breadcrumb\",\"itemListElement\":[{\"@type\":\"ListItem\",\"position\":1,\"name\":\"\u9996\u9875\",\"item\":\"https:\/\/gfmparts.com\/\"},{\"@type\":\"ListItem\",\"position\":2,\"name\":\"All Product\",\"item\":\"https:\/\/gfmparts.com\/all-product\/\"},{\"@type\":\"ListItem\",\"position\":3,\"name\":\"Hitachi ZAX210 Excavator Track Chain\"}]},{\"@type\":\"WebSite\",\"@id\":\"https:\/\/gfmparts.com\/#website\",\"url\":\"https:\/\/gfmparts.com\/\",\"name\":\"GFM PARTS\",\"description\":\"GFM since 2011 focused on excavator and bulldozer undercarriage parts manufacturing :Track rollers,carrier roller,idler,sprocket,track group,bucket tooth pin.\",\"publisher\":{\"@id\":\"https:\/\/gfmparts.com\/#organization\"},\"alternateName\":\"gfmparts.com\",\"potentialAction\":[{\"@type\":\"SearchAction\",\"target\":{\"@type\":\"EntryPoint\",\"urlTemplate\":\"https:\/\/gfmparts.com\/?s={search_term_string}\"},\"query-input\":{\"@type\":\"PropertyValueSpecification\",\"valueRequired\":true,\"valueName\":\"search_term_string\"}}],\"inLanguage\":\"pt-BR\"},{\"@type\":\"Organization\",\"@id\":\"https:\/\/gfmparts.com\/#organization\",\"name\":\"GFM PARTS\",\"url\":\"https:\/\/gfmparts.com\/\",\"logo\":{\"@type\":\"ImageObject\",\"inLanguage\":\"pt-BR\",\"@id\":\"https:\/\/gfmparts.com\/#\/schema\/logo\/image\/\",\"url\":\"https:\/\/gfmparts.com\/wp-content\/uploads\/2024\/11\/cropped-GFMparts.com_-2.png\",\"contentUrl\":\"https:\/\/gfmparts.com\/wp-content\/uploads\/2024\/11\/cropped-GFMparts.com_-2.png\",\"width\":5987,\"height\":2564,\"caption\":\"GFM PARTS\"},\"image\":{\"@id\":\"https:\/\/gfmparts.com\/#\/schema\/logo\/image\/\"},\"sameAs\":[\"https:\/\/www.facebook.com\/gfmparts\",\"https:\/\/www.linkedin.com\/company\/gfmparts\/\",\"https:\/\/www.tiktok.com\/@gfmparts\",\"https:\/\/www.youtube.com\/@GFMparts\/featured\"]}]}<\/script>\n<!-- \/ Yoast SEO Premium plugin. -->","yoast_head_json":{"title":"Hyundai R55 Excavator Track Chain 39L - Track Link Assy Factory","description":"GFM 39L track chain designed for Hyundai R55 excavators, paired with high-strength excavator tracks, provides excellent durability and stability. Learn about factory-direct construction machinery accessories solutions.","robots":{"index":"index","follow":"follow","max-snippet":"max-snippet:-1","max-image-preview":"max-image-preview:large","max-video-preview":"max-video-preview:-1"},"canonical":"https:\/\/gfmparts.com\/pt\/product\/corrente-de-esteira-para-escavadeira-hyundai\/","og_locale":"pt_BR","og_type":"article","og_title":"Hitachi ZAX210 Excavator Track Chain","og_description":"GFM 39L track chain designed for Hyundai R55 excavators, paired with high-strength excavator tracks, provides excellent durability and stability. Learn about factory-direct construction machinery accessories solutions.","og_url":"https:\/\/gfmparts.com\/pt\/product\/corrente-de-esteira-para-escavadeira-hyundai\/","article_publisher":"https:\/\/www.facebook.com\/gfmparts","article_modified_time":"2025-05-07T14:15:37+00:00","og_image":[{"width":550,"height":550,"url":"https:\/\/gfmparts.com\/wp-content\/uploads\/2025\/03\/Hyundai-R55-track-link.png","type":"image\/png"}],"twitter_card":"summary_large_image","twitter_misc":{"Est. tempo de leitura":"4 minutos"},"schema":{"@context":"https:\/\/schema.org","@graph":[{"@type":"WebPage","@id":"https:\/\/gfmparts.com\/product\/hyundai-excavator-track-chain\/","url":"https:\/\/gfmparts.com\/product\/hyundai-excavator-track-chain\/","name":"Hyundai R55 Excavator Track Chain 39L - Track Link Assy Factory","isPartOf":{"@id":"https:\/\/gfmparts.com\/#website"},"primaryImageOfPage":{"@id":"https:\/\/gfmparts.com\/product\/hyundai-excavator-track-chain\/#primaryimage"},"image":{"@id":"https:\/\/gfmparts.com\/product\/hyundai-excavator-track-chain\/#primaryimage"},"thumbnailUrl":"https:\/\/gfmparts.com\/wp-content\/uploads\/2025\/03\/Hyundai-R55-track-link.png","datePublished":"2025-03-03T08:19:26+00:00","dateModified":"2025-05-07T14:15:37+00:00","description":"GFM 39L track chain designed for Hyundai R55 excavators, paired with high-strength excavator tracks, provides excellent durability and stability. Learn about factory-direct construction machinery accessories solutions.","breadcrumb":{"@id":"https:\/\/gfmparts.com\/product\/hyundai-excavator-track-chain\/#breadcrumb"},"inLanguage":"pt-BR","potentialAction":[{"@type":"ReadAction","target":["https:\/\/gfmparts.com\/product\/hyundai-excavator-track-chain\/"]}]},{"@type":"ImageObject","inLanguage":"pt-BR","@id":"https:\/\/gfmparts.com\/product\/hyundai-excavator-track-chain\/#primaryimage","url":"https:\/\/gfmparts.com\/wp-content\/uploads\/2025\/03\/Hyundai-R55-track-link.png","contentUrl":"https:\/\/gfmparts.com\/wp-content\/uploads\/2025\/03\/Hyundai-R55-track-link.png","width":550,"height":550,"caption":"Hyundai R55 track link"},{"@type":"BreadcrumbList","@id":"https:\/\/gfmparts.com\/product\/hyundai-excavator-track-chain\/#breadcrumb","itemListElement":[{"@type":"ListItem","position":1,"name":"\u9996\u9875","item":"https:\/\/gfmparts.com\/"},{"@type":"ListItem","position":2,"name":"All Product","item":"https:\/\/gfmparts.com\/all-product\/"},{"@type":"ListItem","position":3,"name":"Hitachi ZAX210 Excavator Track Chain"}]},{"@type":"WebSite","@id":"https:\/\/gfmparts.com\/#website","url":"https:\/\/gfmparts.com\/","name":"GFM PARTS","description":"GFM since 2011 focused on excavator and bulldozer undercarriage parts manufacturing :Track rollers,carrier roller,idler,sprocket,track group,bucket tooth pin.","publisher":{"@id":"https:\/\/gfmparts.com\/#organization"},"alternateName":"gfmparts.com","potentialAction":[{"@type":"SearchAction","target":{"@type":"EntryPoint","urlTemplate":"https:\/\/gfmparts.com\/?s={search_term_string}"},"query-input":{"@type":"PropertyValueSpecification","valueRequired":true,"valueName":"search_term_string"}}],"inLanguage":"pt-BR"},{"@type":"Organization","@id":"https:\/\/gfmparts.com\/#organization","name":"GFM PARTS","url":"https:\/\/gfmparts.com\/","logo":{"@type":"ImageObject","inLanguage":"pt-BR","@id":"https:\/\/gfmparts.com\/#\/schema\/logo\/image\/","url":"https:\/\/gfmparts.com\/wp-content\/uploads\/2024\/11\/cropped-GFMparts.com_-2.png","contentUrl":"https:\/\/gfmparts.com\/wp-content\/uploads\/2024\/11\/cropped-GFMparts.com_-2.png","width":5987,"height":2564,"caption":"GFM PARTS"},"image":{"@id":"https:\/\/gfmparts.com\/#\/schema\/logo\/image\/"},"sameAs":["https:\/\/www.facebook.com\/gfmparts","https:\/\/www.linkedin.com\/company\/gfmparts\/","https:\/\/www.tiktok.com\/@gfmparts","https:\/\/www.youtube.com\/@GFMparts\/featured"]}]}},"_links":{"self":[{"href":"https:\/\/gfmparts.com\/pt\/wp-json\/wp\/v2\/product\/3658"}],"collection":[{"href":"https:\/\/gfmparts.com\/pt\/wp-json\/wp\/v2\/product"}],"about":[{"href":"https:\/\/gfmparts.com\/pt\/wp-json\/wp\/v2\/types\/product"}],"wp:featuredmedia":[{"embeddable":true,"href":"https:\/\/gfmparts.com\/pt\/wp-json\/wp\/v2\/media\/3659"}],"wp:attachment":[{"href":"https:\/\/gfmparts.com\/pt\/wp-json\/wp\/v2\/media?parent=3658"}],"wp:term":[{"taxonomy":"product_cat","embeddable":true,"href":"https:\/\/gfmparts.com\/pt\/wp-json\/wp\/v2\/product_cat?post=3658"},{"taxonomy":"product_tag","embeddable":true,"href":"https:\/\/gfmparts.com\/pt\/wp-json\/wp\/v2\/product_tag?post=3658"}],"curies":[{"name":"wp","href":"https:\/\/api.w.org\/{rel}","templated":true}]}}