{"id":3685,"date":"2025-03-07T05:58:41","date_gmt":"2025-03-07T05:58:41","guid":{"rendered":"https:\/\/gfmparts.com\/?post_type=product&#038;p=3685"},"modified":"2025-07-01T05:52:18","modified_gmt":"2025-07-01T05:52:18","slug":"kobelco-top-roller-excavator","status":"publish","type":"product","link":"https:\/\/gfmparts.com\/pt\/product\/escavadeira-de-rolo-superior-kobelco\/","title":{"rendered":"Escavadeira de rolo superior Kobelco SK200-3"},"content":{"rendered":"<p><span style=\"color: #000000;\">Como componente central de suporte de carga do sistema de material rodante da escavadeira Kobelco SK200-3, o GFM <a style=\"color: #000000;\" href=\"https:\/\/gfmparts.com\/pt\/product\/fornecedor-de-rolo-transportador-de-rolo-superior-de-escavadeira\/\">rolo transportador de escavadeira<\/a> Adota tecnologia avan\u00e7ada de pesquisa e desenvolvimento para corresponder perfeitamente \u00e0s especifica\u00e7\u00f5es originais de passo da corrente do ve\u00edculo e di\u00e2metro do eixo. Como um GFM <a style=\"color: #000000;\" href=\"https:\/\/gfmparts.com\/pt\/product\/rolo-superior-de-escavadeira-por-atacado\/\">fabricante de pe\u00e7as para escavadeiras<\/a>, estamos comprometidos em fornecer aos clientes alta qualidade e alto desempenho <a style=\"color: #000000;\" href=\"https:\/\/gfmparts.com\/pt\/product\/rolo-superior-da-escavadeira-rolo-transportador\/\">escavadeira de rolo superior<\/a>. Este produto passou no teste de impacto de bancada de 3.000 horas e foi projetado para condi\u00e7\u00f5es de trabalho pesado, como minera\u00e7\u00e3o e infraestrutura.<\/span><\/p>\n<h3><span style=\"color: #ff6600;\">Descri\u00e7\u00e3o do produto<\/span><\/h3>\n<ul>\n<li><span style=\"color: #000000;\"><strong>Quantidade m\u00ednima:<\/strong>\u00a01 PC<\/span><\/li>\n<li><span style=\"color: #000000;\"><strong>M\u00e9todo de pagamento:<\/strong>\u00a0T\/T<\/span><\/li>\n<li><span style=\"color: #000000;\"><strong>Marca:<\/strong>\u00a0GFM<\/span><\/li>\n<li><span style=\"color: #000000;\"><strong>Doen\u00e7a:<\/strong>\u00a0Novo<\/span><\/li>\n<li><span style=\"color: #000000;\"><strong>Cor:<\/strong>\u00a0Amarelo, Preto ou Personalizado<\/span><\/li>\n<li><span style=\"color: #000000;\"><strong>Tempo de espera:<\/strong>\u00a030 dias<\/span><\/li>\n<li><span style=\"color: #000000;\"><strong>Garantia:<\/strong>\u00a01 ano<\/span><\/li>\n<li><span style=\"color: #000000;\"><strong>Servi\u00e7o:<\/strong>\u00a0OEM ou ODM<\/span><\/li>\n<li><span style=\"color: #000000;\"><strong>Local de origem:<\/strong>\u00a0Fujian, China<\/span><\/li>\n<li><span style=\"color: #000000;\"><strong>Aplicativo:<\/strong> Escavadora<\/span><\/li>\n<li><span style=\"color: #000000;\"><strong>Embalagem:<\/strong> Palete de madeira padr\u00e3o para exporta\u00e7\u00e3o<\/span><\/li>\n<\/ul>\n<h3><span style=\"color: #ff6600;\">Caracter\u00edsticas<\/span><\/h3>\n<ul>\n<li><span style=\"color: #000000;\"><b><\/b><strong><b>Durabilidade duradoura: <\/b><\/strong>Feito de a\u00e7o de alta qualidade e resistente ao desgaste para m\u00e1xima resist\u00eancia e vida \u00fatil prolongada.<\/span><\/li>\n<li><span style=\"color: #000000;\"><b><\/b><strong><b>Selado e Lubrificado<\/b><\/strong>: O design totalmente selado impede a entrada de sujeira, \u00e1gua e contaminantes, minimizando o desgaste e a manuten\u00e7\u00e3o.<\/span><\/li>\n<li><span style=\"color: #000000;\"><b><\/b><strong><b>Opera\u00e7\u00e3o suave<\/b><\/strong>: Projetado com precis\u00e3o para fornecer suporte eficiente e est\u00e1vel para a parte superior da pista.<\/span><\/li>\n<li><span style=\"color: #000000;\"><b><\/b><strong><b>Resist\u00eancia \u00e0 corros\u00e3o<\/b><\/strong>: Tratamentos de superf\u00edcie resistentes \u00e0 corros\u00e3o garantem uma opera\u00e7\u00e3o confi\u00e1vel em ambientes adversos.<\/span><\/li>\n<li><span style=\"color: #000000;\"><b><\/b><strong><b>Serve para v\u00e1rios modelos<\/b><\/strong>:Projetado para se adaptar a uma ampla gama de modelos de escavadeiras e tratores para diversas aplica\u00e7\u00f5es.<\/span><\/li>\n<li><span style=\"color: #000000;\"><b><\/b><strong><b>Resist\u00eancia comprovada: <\/b><\/strong>Testado para desempenho confi\u00e1vel em condi\u00e7\u00f5es extremas, reduzindo o tempo de inatividade e aumentando a produtividade.<\/span><\/li>\n<\/ul>\n<p><span style=\"color: #000000;\">Na GFM Factory, nossos rolos transportadores s\u00e3o constru\u00eddos para otimizar o desempenho da sua m\u00e1quina, garantindo opera\u00e7\u00f5es de esteira mais suaves e maior vida \u00fatil do equipamento.<\/span><\/p>\n<p style=\"text-align: center;\"><span style=\"color: #000000;\"><img fetchpriority=\"high\" decoding=\"async\" class=\"alignnone  wp-image-6818\" src=\"https:\/\/gfmparts.com\/wp-content\/uploads\/2025\/03\/carrier-roller-Main-Dimensions-of-Installation-1024x761.png\" alt=\"rolo transportador Dimens\u00f5es principais de instala\u00e7\u00e3o\" width=\"906\" height=\"673\" srcset=\"https:\/\/gfmparts.com\/wp-content\/uploads\/2025\/03\/carrier-roller-Main-Dimensions-of-Installation-1024x761.png 1024w, https:\/\/gfmparts.com\/wp-content\/uploads\/2025\/03\/carrier-roller-Main-Dimensions-of-Installation-300x223.png 300w, https:\/\/gfmparts.com\/wp-content\/uploads\/2025\/03\/carrier-roller-Main-Dimensions-of-Installation-768x571.png 768w, https:\/\/gfmparts.com\/wp-content\/uploads\/2025\/03\/carrier-roller-Main-Dimensions-of-Installation-1536x1141.png 1536w, https:\/\/gfmparts.com\/wp-content\/uploads\/2025\/03\/carrier-roller-Main-Dimensions-of-Installation-16x12.png 16w, https:\/\/gfmparts.com\/wp-content\/uploads\/2025\/03\/carrier-roller-Main-Dimensions-of-Installation-600x446.png 600w, https:\/\/gfmparts.com\/wp-content\/uploads\/2025\/03\/carrier-roller-Main-Dimensions-of-Installation.png 1595w\" sizes=\"(max-width: 906px) 100vw, 906px\" \/><\/span><\/p>\n<h3><span style=\"color: #ff6600;\">Modelos de produtos<\/span><\/h3>\n<p style=\"text-align: center;\"><span style=\"color: #000000;\"><img decoding=\"async\" class=\"alignnone size-full wp-image-3147\" src=\"https:\/\/gfmparts.com\/wp-content\/uploads\/2024\/11\/excavator-part-description-e1735350735761.png\" alt=\"descri\u00e7\u00e3o da pe\u00e7a da escavadeira\" width=\"856\" height=\"694\" srcset=\"https:\/\/gfmparts.com\/wp-content\/uploads\/2024\/11\/excavator-part-description-e1735350735761.png 856w, https:\/\/gfmparts.com\/wp-content\/uploads\/2024\/11\/excavator-part-description-e1735350735761-300x243.png 300w, https:\/\/gfmparts.com\/wp-content\/uploads\/2024\/11\/excavator-part-description-e1735350735761-768x623.png 768w, https:\/\/gfmparts.com\/wp-content\/uploads\/2024\/11\/excavator-part-description-e1735350735761-600x486.png 600w\" sizes=\"(max-width: 856px) 100vw, 856px\" \/><\/span><\/p>\n<h3><span style=\"color: #ff6600;\">Processo de produ\u00e7\u00e3o<\/span><\/h3>\n<p><img decoding=\"async\" class=\"size-large wp-image-3043 aligncenter\" src=\"https:\/\/gfmparts.com\/wp-content\/uploads\/2024\/12\/\u901a\u7528\u751f\u4ea7\u6d41\u7a0b-1-1024x648.jpg\" alt=\"processo de produ\u00e7\u00e3o de pe\u00e7as de escavadeira\" width=\"1024\" height=\"648\" srcset=\"\" sizes=\"(max-width: 1024px) 100vw, 1024px\" data-srcset=\"\" \/><\/p>\n<h3><span style=\"color: #ff6600;\">Embalagem e Envio<\/span><\/h3>\n<p style=\"text-align: center;\"><img loading=\"lazy\" decoding=\"async\" class=\"alignnone size-large wp-image-6521\" src=\"https:\/\/gfmparts.com\/wp-content\/uploads\/2025\/05\/Packaging-and-Shipping-1-1-1024x648.jpg\" alt=\"Embalagem e Envio\" width=\"1024\" height=\"648\" srcset=\"https:\/\/gfmparts.com\/wp-content\/uploads\/2025\/05\/Packaging-and-Shipping-1-1-1024x648.jpg 1024w, https:\/\/gfmparts.com\/wp-content\/uploads\/2025\/05\/Packaging-and-Shipping-1-1-300x190.jpg 300w, https:\/\/gfmparts.com\/wp-content\/uploads\/2025\/05\/Packaging-and-Shipping-1-1-768x486.jpg 768w, https:\/\/gfmparts.com\/wp-content\/uploads\/2025\/05\/Packaging-and-Shipping-1-1-1536x973.jpg 1536w, https:\/\/gfmparts.com\/wp-content\/uploads\/2025\/05\/Packaging-and-Shipping-1-1-2048x1297.jpg 2048w, https:\/\/gfmparts.com\/wp-content\/uploads\/2025\/05\/Packaging-and-Shipping-1-1-600x380.jpg 600w\" sizes=\"(max-width: 1024px) 100vw, 1024px\" \/><\/p>\n<h3><span style=\"color: #ff6600;\">Vantagens da f\u00e1brica<\/span><\/h3>\n<p><span style=\"color: #000000;\">GFM foi <a style=\"color: #000000;\" href=\"https:\/\/gfmparts.com\/pt\/product\/fornecedor-de-rolos-de-esteira-para-escavadeira-zax870\/\">rolos transportadores por atacado<\/a> H\u00e1 14 anos. A f\u00e1brica da GFM est\u00e1 equipada com um centro de usinagem CNC de processo completo e um detector de espectro para garantir que a composi\u00e7\u00e3o qu\u00edmica e a resist\u00eancia \u00e0 tra\u00e7\u00e3o (\u22651200MPa) de cada rolo atendam aos padr\u00f5es. A linha de produ\u00e7\u00e3o \u00e9 certificada e utiliza o sistema MES para obter controle de qualidade digital, desde a rastreabilidade da mat\u00e9ria-prima at\u00e9 a embalagem do produto acabado. O produto passou pela certifica\u00e7\u00e3o e atende \u00e0s necessidades de fornecimento \u00fanico de OEM\/mercados de reposi\u00e7\u00e3o na Am\u00e9rica do Norte, Sudeste Asi\u00e1tico e outras regi\u00f5es.<\/span><\/p>\n<p><span style=\"color: #000000;\"><strong>Como a melhor escavadeira do mundo <a style=\"color: #000000;\" href=\"https:\/\/gfmparts.com\/pt\/product\/fabrica-de-rolos-transportadores-de-escavadeiras-de-rolos-superiores\/\">fornecedor de rolos transportadores<\/a>, fornecemos rodas de suporte Kobelco SK200-3 com:<\/strong><\/span><br \/>\n<span style=\"color: #000000;\"><strong>\u221a oficina digital:<\/strong> usando m\u00e1quina de corte a laser e rob\u00f4 de soldagem ABB para garantir toler\u00e2ncia dimensional de \u00b10,05 mm<\/span><br \/>\n<span style=\"color: #000000;\"><strong>\u221a Sistema de inspe\u00e7\u00e3o de qualidade tripla:<\/strong> an\u00e1lise do espectro da mat\u00e9ria-prima \u2192 teste de press\u00e3o do processo de montagem \u2192 produto acabado verifica\u00e7\u00e3o das condi\u00e7\u00f5es de trabalho simuladas por 72 horas<\/span><\/p>\n<p><strong><span style=\"color: #000000;\">Por que escolher a GFM como sua <a style=\"color: #000000;\" href=\"https:\/\/gfmparts.com\/pt\/product\/melhor-fabrica-de-rolos-inferiores-para-tratores\/\">fornecedor de rolos transportadores<\/a>?<\/span><\/strong><\/p>\n<ul>\n<li><span style=\"color: #000000;\"><strong>Garantia de alta qualidade:<\/strong> Todos os produtos de rodas de corrente de arrasto s\u00e3o feitos de materiais de alta qualidade e s\u00e3o rigorosamente testados para garantir um desempenho est\u00e1vel em v\u00e1rios ambientes adversos.<\/span><\/li>\n<li><span style=\"color: #000000;\"><strong>Vantagens t\u00e9cnicas:<\/strong> Anos de experi\u00eancia no setor e suporte de equipe profissional fazem com que nossos produtos liderem o setor em resist\u00eancia ao desgaste e for\u00e7a.<\/span><\/li>\n<li><span style=\"color: #000000;\"><strong>Personaliza\u00e7\u00e3o flex\u00edvel:<\/strong> D\u00ea suporte \u00e0 produ\u00e7\u00e3o em massa e servi\u00e7os de personaliza\u00e7\u00e3o personalizados para atender \u00e0s diversas necessidades dos clientes.<\/span><\/li>\n<li><span style=\"color: #000000;\"><strong>Servi\u00e7o perfeito:<\/strong> Da consultoria sobre produtos ao suporte p\u00f3s-venda, a GFM sempre considera a satisfa\u00e7\u00e3o do cliente como prioridade e oferece uma gama completa de garantias de servi\u00e7o.<\/span><\/li>\n<\/ul>\n<p style=\"text-align: center;\"><span style=\"color: #000000;\"><img loading=\"lazy\" decoding=\"async\" class=\"alignnone wp-image-2159\" src=\"https:\/\/gfmparts.com\/wp-content\/uploads\/2024\/12\/\u5fae\u4fe1\u56fe\u7247_20241202160325-1024x576.jpg\" alt=\"fabricante de rolos transportadores\" width=\"767\" height=\"431\" srcset=\"\" sizes=\"(max-width: 767px) 100vw, 767px\" data-srcset=\"\" \/><\/span><\/p>","protected":false},"excerpt":{"rendered":"<ul>\n<li><span style=\"color: #000000;\">Qualidade garantida do produto<\/span><\/li>\n<li><span style=\"color: #000000;\">Fornecimento grande<\/span><\/li>\n<li><span style=\"color: #000000;\">Pre\u00e7os competitivos<\/span><\/li>\n<li><span style=\"color: #000000;\">A maioria das marcas e modelos<\/span><\/li>\n<li><span style=\"color: #000000;\">Equipe de Atendimento ao Cliente \u00datil<\/span><\/li>\n<li><span style=\"color: #000000;\">Suporte t\u00e9cnico profissional<\/span><\/li>\n<\/ul>","protected":false},"featured_media":3686,"template":"","meta":{"site-sidebar-layout":"default","site-content-layout":"","ast-site-content-layout":"default","site-content-style":"default","site-sidebar-style":"default","ast-global-header-display":"","ast-banner-title-visibility":"","ast-main-header-display":"","ast-hfb-above-header-display":"","ast-hfb-below-header-display":"","ast-hfb-mobile-header-display":"","site-post-title":"","ast-breadcrumbs-content":"","ast-featured-img":"","footer-sml-layout":"","theme-transparent-header-meta":"default","adv-header-id-meta":"","stick-header-meta":"default","header-above-stick-meta":"","header-main-stick-meta":"","header-below-stick-meta":"","astra-migrate-meta-layouts":"set","ast-page-background-enabled":"default","ast-page-background-meta":{"desktop":{"background-color":"","background-image":"","background-repeat":"repeat","background-position":"center center","background-size":"auto","background-attachment":"scroll","background-type":"","background-media":"","overlay-type":"","overlay-color":"","overlay-opacity":"","overlay-gradient":""},"tablet":{"background-color":"","background-image":"","background-repeat":"repeat","background-position":"center center","background-size":"auto","background-attachment":"scroll","background-type":"","background-media":"","overlay-type":"","overlay-color":"","overlay-opacity":"","overlay-gradient":""},"mobile":{"background-color":"","background-image":"","background-repeat":"repeat","background-position":"center center","background-size":"auto","background-attachment":"scroll","background-type":"","background-media":"","overlay-type":"","overlay-color":"","overlay-opacity":"","overlay-gradient":""}},"ast-content-background-meta":{"desktop":{"background-color":"var(--ast-global-color-5)","background-image":"","background-repeat":"repeat","background-position":"center center","background-size":"auto","background-attachment":"scroll","background-type":"","background-media":"","overlay-type":"","overlay-color":"","overlay-opacity":"","overlay-gradient":""},"tablet":{"background-color":"var(--ast-global-color-5)","background-image":"","background-repeat":"repeat","background-position":"center center","background-size":"auto","background-attachment":"scroll","background-type":"","background-media":"","overlay-type":"","overlay-color":"","overlay-opacity":"","overlay-gradient":""},"mobile":{"background-color":"var(--ast-global-color-5)","background-image":"","background-repeat":"repeat","background-position":"center center","background-size":"auto","background-attachment":"scroll","background-type":"","background-media":"","overlay-type":"","overlay-color":"","overlay-opacity":"","overlay-gradient":""}}},"product_cat":[38,30],"product_tag":[128],"class_list":{"0":"post-3685","1":"product","2":"type-product","3":"status-publish","4":"has-post-thumbnail","6":"product_cat-undercarriage","7":"product_cat-carrier-roller","8":"product_tag-kobelco-sk200-3","9":"desktop-align-left","10":"tablet-align-left","11":"mobile-align-left","12":"ast-product-gallery-layout-horizontal-slider","13":"ast-product-gallery-with-no-image","14":"ast-product-tabs-layout-horizontal","16":"first","17":"instock","18":"shipping-taxable","19":"product-type-simple"},"yoast_head":"<!-- This site is optimized with the Yoast SEO Premium plugin v22.8 (Yoast SEO v23.9) - https:\/\/yoast.com\/wordpress\/plugins\/seo\/ -->\n<title>Kobelco SK200-3 Top Roller Excavator Carrier Roller Supplier<\/title>\n<meta name=\"description\" content=\"GFM has been wholesale carrier rollers for 14 years. The GFM factory is equipped with a full-process CNC machining center and a spectrum detector to ensure that the chemical composition and tensile strength (\u22651200MPa) of each roller meet the standards.\" \/>\n<meta name=\"robots\" content=\"index, follow, max-snippet:-1, max-image-preview:large, max-video-preview:-1\" \/>\n<link rel=\"canonical\" href=\"https:\/\/gfmparts.com\/pt\/product\/escavadeira-de-rolo-superior-kobelco\/\" \/>\n<meta property=\"og:locale\" content=\"pt_BR\" \/>\n<meta property=\"og:type\" content=\"article\" \/>\n<meta property=\"og:title\" content=\"Kobelco SK200-3 Top Roller Excavator\" \/>\n<meta property=\"og:description\" content=\"GFM has been wholesale carrier rollers for 14 years. The GFM factory is equipped with a full-process CNC machining center and a spectrum detector to ensure that the chemical composition and tensile strength (\u22651200MPa) of each roller meet the standards.\" \/>\n<meta property=\"og:url\" content=\"https:\/\/gfmparts.com\/pt\/product\/escavadeira-de-rolo-superior-kobelco\/\" \/>\n<meta property=\"article:publisher\" content=\"https:\/\/www.facebook.com\/gfmparts\" \/>\n<meta property=\"article:modified_time\" content=\"2025-07-01T05:52:18+00:00\" \/>\n<meta property=\"og:image\" content=\"https:\/\/gfmparts.com\/wp-content\/uploads\/2025\/03\/Kobelco-SK200-3-carrier-roller.png\" \/>\n\t<meta property=\"og:image:width\" content=\"654\" \/>\n\t<meta property=\"og:image:height\" content=\"654\" \/>\n\t<meta property=\"og:image:type\" content=\"image\/png\" \/>\n<meta name=\"twitter:card\" content=\"summary_large_image\" \/>\n<meta name=\"twitter:label1\" content=\"Est. tempo de leitura\" \/>\n\t<meta name=\"twitter:data1\" content=\"4 minutos\" \/>\n<script type=\"application\/ld+json\" class=\"yoast-schema-graph\">{\"@context\":\"https:\/\/schema.org\",\"@graph\":[{\"@type\":\"WebPage\",\"@id\":\"https:\/\/gfmparts.com\/product\/kobelco-top-roller-excavator\/\",\"url\":\"https:\/\/gfmparts.com\/product\/kobelco-top-roller-excavator\/\",\"name\":\"Kobelco SK200-3 Top Roller Excavator Carrier Roller Supplier\",\"isPartOf\":{\"@id\":\"https:\/\/gfmparts.com\/#website\"},\"primaryImageOfPage\":{\"@id\":\"https:\/\/gfmparts.com\/product\/kobelco-top-roller-excavator\/#primaryimage\"},\"image\":{\"@id\":\"https:\/\/gfmparts.com\/product\/kobelco-top-roller-excavator\/#primaryimage\"},\"thumbnailUrl\":\"https:\/\/gfmparts.com\/wp-content\/uploads\/2025\/03\/Kobelco-SK200-3-carrier-roller.png\",\"datePublished\":\"2025-03-07T05:58:41+00:00\",\"dateModified\":\"2025-07-01T05:52:18+00:00\",\"description\":\"GFM has been wholesale carrier rollers for 14 years. The GFM factory is equipped with a full-process CNC machining center and a spectrum detector to ensure that the chemical composition and tensile strength (\u22651200MPa) of each roller meet the standards.\",\"breadcrumb\":{\"@id\":\"https:\/\/gfmparts.com\/product\/kobelco-top-roller-excavator\/#breadcrumb\"},\"inLanguage\":\"pt-BR\",\"potentialAction\":[{\"@type\":\"ReadAction\",\"target\":[\"https:\/\/gfmparts.com\/product\/kobelco-top-roller-excavator\/\"]}]},{\"@type\":\"ImageObject\",\"inLanguage\":\"pt-BR\",\"@id\":\"https:\/\/gfmparts.com\/product\/kobelco-top-roller-excavator\/#primaryimage\",\"url\":\"https:\/\/gfmparts.com\/wp-content\/uploads\/2025\/03\/Kobelco-SK200-3-carrier-roller.png\",\"contentUrl\":\"https:\/\/gfmparts.com\/wp-content\/uploads\/2025\/03\/Kobelco-SK200-3-carrier-roller.png\",\"width\":654,\"height\":654,\"caption\":\"Kobelco SK200-3 carrier roller\"},{\"@type\":\"BreadcrumbList\",\"@id\":\"https:\/\/gfmparts.com\/product\/kobelco-top-roller-excavator\/#breadcrumb\",\"itemListElement\":[{\"@type\":\"ListItem\",\"position\":1,\"name\":\"\u9996\u9875\",\"item\":\"https:\/\/gfmparts.com\/\"},{\"@type\":\"ListItem\",\"position\":2,\"name\":\"All Product\",\"item\":\"https:\/\/gfmparts.com\/all-product\/\"},{\"@type\":\"ListItem\",\"position\":3,\"name\":\"Kobelco SK200-3 Top Roller Excavator\"}]},{\"@type\":\"WebSite\",\"@id\":\"https:\/\/gfmparts.com\/#website\",\"url\":\"https:\/\/gfmparts.com\/\",\"name\":\"GFM PARTS\",\"description\":\"GFM since 2011 focused on excavator and bulldozer undercarriage parts manufacturing :Track rollers,carrier roller,idler,sprocket,track group,bucket tooth pin.\",\"publisher\":{\"@id\":\"https:\/\/gfmparts.com\/#organization\"},\"alternateName\":\"gfmparts.com\",\"potentialAction\":[{\"@type\":\"SearchAction\",\"target\":{\"@type\":\"EntryPoint\",\"urlTemplate\":\"https:\/\/gfmparts.com\/?s={search_term_string}\"},\"query-input\":{\"@type\":\"PropertyValueSpecification\",\"valueRequired\":true,\"valueName\":\"search_term_string\"}}],\"inLanguage\":\"pt-BR\"},{\"@type\":\"Organization\",\"@id\":\"https:\/\/gfmparts.com\/#organization\",\"name\":\"GFM PARTS\",\"url\":\"https:\/\/gfmparts.com\/\",\"logo\":{\"@type\":\"ImageObject\",\"inLanguage\":\"pt-BR\",\"@id\":\"https:\/\/gfmparts.com\/#\/schema\/logo\/image\/\",\"url\":\"https:\/\/gfmparts.com\/wp-content\/uploads\/2024\/11\/cropped-GFMparts.com_-2.png\",\"contentUrl\":\"https:\/\/gfmparts.com\/wp-content\/uploads\/2024\/11\/cropped-GFMparts.com_-2.png\",\"width\":5987,\"height\":2564,\"caption\":\"GFM PARTS\"},\"image\":{\"@id\":\"https:\/\/gfmparts.com\/#\/schema\/logo\/image\/\"},\"sameAs\":[\"https:\/\/www.facebook.com\/gfmparts\",\"https:\/\/www.linkedin.com\/company\/gfmparts\/\",\"https:\/\/www.tiktok.com\/@gfmparts\",\"https:\/\/www.youtube.com\/@GFMparts\/featured\"]}]}<\/script>\n<!-- \/ Yoast SEO Premium plugin. -->","yoast_head_json":{"title":"Kobelco SK200-3 Top Roller Excavator Carrier Roller Supplier","description":"GFM has been wholesale carrier rollers for 14 years. The GFM factory is equipped with a full-process CNC machining center and a spectrum detector to ensure that the chemical composition and tensile strength (\u22651200MPa) of each roller meet the standards.","robots":{"index":"index","follow":"follow","max-snippet":"max-snippet:-1","max-image-preview":"max-image-preview:large","max-video-preview":"max-video-preview:-1"},"canonical":"https:\/\/gfmparts.com\/pt\/product\/escavadeira-de-rolo-superior-kobelco\/","og_locale":"pt_BR","og_type":"article","og_title":"Kobelco SK200-3 Top Roller Excavator","og_description":"GFM has been wholesale carrier rollers for 14 years. The GFM factory is equipped with a full-process CNC machining center and a spectrum detector to ensure that the chemical composition and tensile strength (\u22651200MPa) of each roller meet the standards.","og_url":"https:\/\/gfmparts.com\/pt\/product\/escavadeira-de-rolo-superior-kobelco\/","article_publisher":"https:\/\/www.facebook.com\/gfmparts","article_modified_time":"2025-07-01T05:52:18+00:00","og_image":[{"width":654,"height":654,"url":"https:\/\/gfmparts.com\/wp-content\/uploads\/2025\/03\/Kobelco-SK200-3-carrier-roller.png","type":"image\/png"}],"twitter_card":"summary_large_image","twitter_misc":{"Est. tempo de leitura":"4 minutos"},"schema":{"@context":"https:\/\/schema.org","@graph":[{"@type":"WebPage","@id":"https:\/\/gfmparts.com\/product\/kobelco-top-roller-excavator\/","url":"https:\/\/gfmparts.com\/product\/kobelco-top-roller-excavator\/","name":"Kobelco SK200-3 Top Roller Excavator Carrier Roller Supplier","isPartOf":{"@id":"https:\/\/gfmparts.com\/#website"},"primaryImageOfPage":{"@id":"https:\/\/gfmparts.com\/product\/kobelco-top-roller-excavator\/#primaryimage"},"image":{"@id":"https:\/\/gfmparts.com\/product\/kobelco-top-roller-excavator\/#primaryimage"},"thumbnailUrl":"https:\/\/gfmparts.com\/wp-content\/uploads\/2025\/03\/Kobelco-SK200-3-carrier-roller.png","datePublished":"2025-03-07T05:58:41+00:00","dateModified":"2025-07-01T05:52:18+00:00","description":"GFM has been wholesale carrier rollers for 14 years. The GFM factory is equipped with a full-process CNC machining center and a spectrum detector to ensure that the chemical composition and tensile strength (\u22651200MPa) of each roller meet the standards.","breadcrumb":{"@id":"https:\/\/gfmparts.com\/product\/kobelco-top-roller-excavator\/#breadcrumb"},"inLanguage":"pt-BR","potentialAction":[{"@type":"ReadAction","target":["https:\/\/gfmparts.com\/product\/kobelco-top-roller-excavator\/"]}]},{"@type":"ImageObject","inLanguage":"pt-BR","@id":"https:\/\/gfmparts.com\/product\/kobelco-top-roller-excavator\/#primaryimage","url":"https:\/\/gfmparts.com\/wp-content\/uploads\/2025\/03\/Kobelco-SK200-3-carrier-roller.png","contentUrl":"https:\/\/gfmparts.com\/wp-content\/uploads\/2025\/03\/Kobelco-SK200-3-carrier-roller.png","width":654,"height":654,"caption":"Kobelco SK200-3 carrier roller"},{"@type":"BreadcrumbList","@id":"https:\/\/gfmparts.com\/product\/kobelco-top-roller-excavator\/#breadcrumb","itemListElement":[{"@type":"ListItem","position":1,"name":"\u9996\u9875","item":"https:\/\/gfmparts.com\/"},{"@type":"ListItem","position":2,"name":"All Product","item":"https:\/\/gfmparts.com\/all-product\/"},{"@type":"ListItem","position":3,"name":"Kobelco SK200-3 Top Roller Excavator"}]},{"@type":"WebSite","@id":"https:\/\/gfmparts.com\/#website","url":"https:\/\/gfmparts.com\/","name":"GFM PARTS","description":"GFM since 2011 focused on excavator and bulldozer undercarriage parts manufacturing :Track rollers,carrier roller,idler,sprocket,track group,bucket tooth pin.","publisher":{"@id":"https:\/\/gfmparts.com\/#organization"},"alternateName":"gfmparts.com","potentialAction":[{"@type":"SearchAction","target":{"@type":"EntryPoint","urlTemplate":"https:\/\/gfmparts.com\/?s={search_term_string}"},"query-input":{"@type":"PropertyValueSpecification","valueRequired":true,"valueName":"search_term_string"}}],"inLanguage":"pt-BR"},{"@type":"Organization","@id":"https:\/\/gfmparts.com\/#organization","name":"GFM PARTS","url":"https:\/\/gfmparts.com\/","logo":{"@type":"ImageObject","inLanguage":"pt-BR","@id":"https:\/\/gfmparts.com\/#\/schema\/logo\/image\/","url":"https:\/\/gfmparts.com\/wp-content\/uploads\/2024\/11\/cropped-GFMparts.com_-2.png","contentUrl":"https:\/\/gfmparts.com\/wp-content\/uploads\/2024\/11\/cropped-GFMparts.com_-2.png","width":5987,"height":2564,"caption":"GFM PARTS"},"image":{"@id":"https:\/\/gfmparts.com\/#\/schema\/logo\/image\/"},"sameAs":["https:\/\/www.facebook.com\/gfmparts","https:\/\/www.linkedin.com\/company\/gfmparts\/","https:\/\/www.tiktok.com\/@gfmparts","https:\/\/www.youtube.com\/@GFMparts\/featured"]}]}},"_links":{"self":[{"href":"https:\/\/gfmparts.com\/pt\/wp-json\/wp\/v2\/product\/3685"}],"collection":[{"href":"https:\/\/gfmparts.com\/pt\/wp-json\/wp\/v2\/product"}],"about":[{"href":"https:\/\/gfmparts.com\/pt\/wp-json\/wp\/v2\/types\/product"}],"wp:featuredmedia":[{"embeddable":true,"href":"https:\/\/gfmparts.com\/pt\/wp-json\/wp\/v2\/media\/3686"}],"wp:attachment":[{"href":"https:\/\/gfmparts.com\/pt\/wp-json\/wp\/v2\/media?parent=3685"}],"wp:term":[{"taxonomy":"product_cat","embeddable":true,"href":"https:\/\/gfmparts.com\/pt\/wp-json\/wp\/v2\/product_cat?post=3685"},{"taxonomy":"product_tag","embeddable":true,"href":"https:\/\/gfmparts.com\/pt\/wp-json\/wp\/v2\/product_tag?post=3685"}],"curies":[{"name":"wp","href":"https:\/\/api.w.org\/{rel}","templated":true}]}}