{"id":3727,"date":"2025-03-17T07:54:30","date_gmt":"2025-03-17T07:54:30","guid":{"rendered":"https:\/\/gfmparts.com\/?post_type=product&#038;p=3727"},"modified":"2025-05-07T14:05:13","modified_gmt":"2025-05-07T14:05:13","slug":"high-quality-mini-excavator-track-chain","status":"publish","type":"product","link":"https:\/\/gfmparts.com\/pt\/product\/corrente-de-esteira-de-miniescavadeira-de-alta-qualidade\/","title":{"rendered":"Corrente de esteira para miniescavadeira de alta qualidade"},"content":{"rendered":"<p><span style=\"color: #000000;\">Como l\u00edder <a href=\"https:\/\/gfmparts.com\/pt\/product\/fornecedor-de-sapatas-para-miniescavadeiras\/\">fabricante de pe\u00e7as para escavadeiras<\/a>, a GFM est\u00e1 comprometida em fornecer alto desempenho e alta durabilidade <a href=\"https:\/\/gfmparts.com\/pt\/product\/fabricante-de-rolos-de-esteira-para-miniescavadeiras\/\">corrente de esteira para escavadeiras<\/a> Produtos para usu\u00e1rios de miniescavadeiras em todo o mundo. Nossos produtos s\u00e3o rigorosamente controlados em v\u00e1rios aspectos, como design, sele\u00e7\u00e3o de materiais e processo de fabrica\u00e7\u00e3o, para garantir que cada corrente opere de forma est\u00e1vel sob condi\u00e7\u00f5es de trabalho adversas, o que \u00e9 uma garantia s\u00f3lida para a opera\u00e7\u00e3o da sua escavadeira.<\/span><\/p>\n<h5><span style=\"color: #ff6600;\">Principais vantagens e caracter\u00edsticas do produto<\/span><\/h5>\n<h6><span style=\"color: #000000;\">Materiais de alta qualidade e tecnologia avan\u00e7ada<\/span><\/h6>\n<p><span style=\"color: #000000;\">Utilizamos materiais de liga de alta resist\u00eancia de classe mundial e, por meio de processos de fundi\u00e7\u00e3o de precis\u00e3o e tratamento t\u00e9rmico, a corrente tem excelente resist\u00eancia ao desgaste e \u00e0 fadiga, prolongando a vida \u00fatil e reduzindo os custos de manuten\u00e7\u00e3o.<\/span><\/p>\n<h6><span style=\"color: #000000;\">Excelente desempenho de transmiss\u00e3o<\/span><\/h6>\n<p><span style=\"color: #000000;\">A estrutura da corrente projetada profissionalmente garante um processo de transmiss\u00e3o suave e eficiente, melhora efetivamente a efici\u00eancia operacional da escavadeira e mant\u00e9m excelente transmiss\u00e3o de pot\u00eancia mesmo em ambientes de trabalho complexos.<\/span><\/p>\n<h6><span style=\"color: #000000;\">Correspond\u00eancia precisa de tamanho<\/span><\/h6>\n<p><span style=\"color: #000000;\">Para as condi\u00e7\u00f5es especiais de trabalho de pequenas escavadeiras, oferecemos uma variedade de especifica\u00e7\u00f5es para escolher, que podem ser personalizadas de acordo com as necessidades do cliente para garantir que o produto combine perfeitamente com o equipamento da escavadeira e ajudar o equipamento a ter o melhor desempenho.<\/span><\/p>\n<h6><span style=\"color: #000000;\">Prote\u00e7\u00e3o ambiental verde e design de baixo ru\u00eddo<\/span><\/h6>\n<p><span style=\"color: #000000;\">Durante o processo de produ\u00e7\u00e3o, focamos em conceitos de prote\u00e7\u00e3o ambiental e economia de energia. O produto apresenta baixo ru\u00eddo e vibra\u00e7\u00e3o durante a opera\u00e7\u00e3o, criando um ambiente de trabalho mais seguro e confort\u00e1vel para os usu\u00e1rios.<\/span><\/p>\n<h3><span style=\"color: #ff6600;\">Descri\u00e7\u00e3o do produto<\/span><\/h3>\n<ul>\n<li><span style=\"color: #000000;\"><strong>T\u00e9cnica:<\/strong> Forjamento\u00a0<\/span><\/li>\n<li><span style=\"color: #000000;\"><strong>Mat\u00e9ria-prima: <\/strong>35MnBH\/40Mn2<\/span><\/li>\n<li><span style=\"color: #000000;\"><strong>Quantidade m\u00ednima:<\/strong> 1 PC<\/span><\/li>\n<li><span style=\"color: #000000;\"><strong>M\u00e9todo de pagamento:<\/strong> T\/T<\/span><\/li>\n<li><span style=\"color: #000000;\"><strong>Marca:<\/strong> GFM<\/span><\/li>\n<li><span style=\"color: #000000;\"><strong>Doen\u00e7a:<\/strong> Novo<\/span><\/li>\n<li><span style=\"color: #000000;\"><strong>Cor:<\/strong> Amarelo, Preto ou Personalizado<\/span><\/li>\n<li><span style=\"color: #000000;\"><strong>Tempo de espera:<\/strong> 30 dias<\/span><\/li>\n<li><span style=\"color: #000000;\"><strong>Garantia:<\/strong> 1 ano<\/span><\/li>\n<li><span style=\"color: #000000;\"><strong>Servi\u00e7o:<\/strong> OEM ou ODM<\/span><\/li>\n<li><span style=\"color: #000000;\"><strong>Local de origem:<\/strong> Fujian, China<\/span><\/li>\n<li><span style=\"color: #000000;\"><strong>Aplicativo:<\/strong> Escavadora<\/span><\/li>\n<li><span style=\"color: #000000;\"><strong>Embalagem:<\/strong> Palete de madeira padr\u00e3o para exporta\u00e7\u00e3o<\/span><\/li>\n<\/ul>\n<h3><span style=\"color: #ff6600;\">Caracter\u00edsticas<\/span><\/h3>\n<ul>\n<li><b><\/b><span style=\"color: #000000;\"><strong><b>Alta durabilidade<\/b><\/strong>\u2013 Constru\u00eddo com liga de a\u00e7o premium para suportar uso pesado.<\/span><\/li>\n<li><span style=\"color: #000000;\"><b><\/b><strong><b>Ajuste perfeito<\/b><\/strong>\u2013 Fabricado com precis\u00e3o para compatibilidade perfeita com as principais marcas de escavadeiras.<\/span><\/li>\n<li><span style=\"color: #000000;\"><b><\/b><strong><b>For\u00e7a Aprimorada<\/b><\/strong>\u2013 Tratado termicamente para maior dureza e resist\u00eancia ao desgaste.<\/span><\/li>\n<li><span style=\"color: #000000;\"><b><\/b><strong><b>Resistente \u00e0 corros\u00e3o<\/b><\/strong>\u2013 Revestimento especial protege contra ferrugem em condi\u00e7\u00f5es dif\u00edceis.<\/span><\/li>\n<li><span style=\"color: #000000;\"><b><\/b><strong><b>Opera\u00e7\u00e3o suave<\/b><\/strong>\u2013 O design de baixo atrito garante um desempenho silencioso e eficiente.<\/span><\/li>\n<li><span style=\"color: #000000;\"><b><\/b><strong><b>Instala\u00e7\u00e3o r\u00e1pida<\/b><\/strong>\u2013 F\u00e1cil de montar, economizando tempo e reduzindo o tempo de inatividade.<\/span><\/li>\n<\/ul>\n<h3><span style=\"color: #ff6600;\">Especifica\u00e7\u00f5es<\/span><\/h3>\n<p style=\"text-align: center;\"><img fetchpriority=\"high\" decoding=\"async\" class=\"alignnone size-large wp-image-2860\" src=\"https:\/\/gfmparts.com\/wp-content\/uploads\/2024\/11\/\u94fe\u6761\u6570\u636e\u56fe-2-1024x671.jpg\" alt=\"descri\u00e7\u00e3o do link da trilha\" width=\"1024\" height=\"671\" srcset=\"\" sizes=\"(max-width: 1024px) 100vw, 1024px\" data-srcset=\"\" \/><\/p>\n<h3><span style=\"color: #ff6600;\">Modelos de produtos<\/span><\/h3>\n<p style=\"text-align: center;\"><img decoding=\"async\" class=\"alignnone size-full wp-image-3147\" src=\"https:\/\/gfmparts.com\/wp-content\/uploads\/2024\/11\/excavator-part-description-e1735350735761.png\" alt=\"descri\u00e7\u00e3o da pe\u00e7a da escavadeira\" width=\"856\" height=\"694\" srcset=\"https:\/\/gfmparts.com\/wp-content\/uploads\/2024\/11\/excavator-part-description-e1735350735761.png 856w, https:\/\/gfmparts.com\/wp-content\/uploads\/2024\/11\/excavator-part-description-e1735350735761-300x243.png 300w, https:\/\/gfmparts.com\/wp-content\/uploads\/2024\/11\/excavator-part-description-e1735350735761-768x623.png 768w, https:\/\/gfmparts.com\/wp-content\/uploads\/2024\/11\/excavator-part-description-e1735350735761-600x486.png 600w\" sizes=\"(max-width: 856px) 100vw, 856px\" \/><\/p>\n<h3><span style=\"color: #ff6600;\">Processo de produ\u00e7\u00e3o<\/span><\/h3>\n<p style=\"text-align: center;\"><iframe title=\"Reprodutor de v\u00eddeo do YouTube\" src=\"https:\/\/www.youtube.com\/embed\/0MdGoauuqtc?si=qQfjAiRnGnq8PQ2B\" width=\"1000\" height=\"563\" frameborder=\"0\" allowfullscreen=\"allowfullscreen\"><\/iframe><\/p>\n<p><img decoding=\"async\" class=\"size-large wp-image-3043 aligncenter\" src=\"https:\/\/gfmparts.com\/wp-content\/uploads\/2024\/12\/\u901a\u7528\u751f\u4ea7\u6d41\u7a0b-1-1024x648.jpg\" alt=\"processo de produ\u00e7\u00e3o de pe\u00e7as de escavadeira\" width=\"1024\" height=\"648\" srcset=\"\" sizes=\"(max-width: 1024px) 100vw, 1024px\" data-srcset=\"\" \/><\/p>\n<h3><span style=\"color: #ff6600;\">Embalagem e Envio<\/span><\/h3>\n<p style=\"text-align: center;\"><img loading=\"lazy\" decoding=\"async\" class=\"alignnone size-large wp-image-6521\" src=\"https:\/\/gfmparts.com\/wp-content\/uploads\/2025\/05\/Packaging-and-Shipping-1-1-1024x648.jpg\" alt=\"Embalagem e Envio\" width=\"1024\" height=\"648\" srcset=\"https:\/\/gfmparts.com\/wp-content\/uploads\/2025\/05\/Packaging-and-Shipping-1-1-1024x648.jpg 1024w, https:\/\/gfmparts.com\/wp-content\/uploads\/2025\/05\/Packaging-and-Shipping-1-1-300x190.jpg 300w, https:\/\/gfmparts.com\/wp-content\/uploads\/2025\/05\/Packaging-and-Shipping-1-1-768x486.jpg 768w, https:\/\/gfmparts.com\/wp-content\/uploads\/2025\/05\/Packaging-and-Shipping-1-1-1536x973.jpg 1536w, https:\/\/gfmparts.com\/wp-content\/uploads\/2025\/05\/Packaging-and-Shipping-1-1-2048x1297.jpg 2048w, https:\/\/gfmparts.com\/wp-content\/uploads\/2025\/05\/Packaging-and-Shipping-1-1-600x380.jpg 600w\" sizes=\"(max-width: 1024px) 100vw, 1024px\" \/><\/p>\n<h3><span style=\"color: #ff6600;\">Vantagens da f\u00e1brica<\/span><\/h3>\n<h6><span style=\"color: #000000;\">Equipamentos de produ\u00e7\u00e3o avan\u00e7ados<\/span><\/h6>\n<p><span style=\"color: #000000;\">A GFM possui linhas de produ\u00e7\u00e3o automatizadas e equipamentos de teste de primeira linha. Da mat\u00e9ria-prima ao produto final, cada etapa \u00e9 rigorosamente controlada para garantir que a qualidade do produto esteja sempre no n\u00edvel mais alto do setor.<\/span><\/p>\n<h6><span style=\"color: #000000;\">Equipe profissional de P&amp;D<\/span><\/h6>\n<p><span style=\"color: #000000;\">Reunimos uma equipe de P&amp;D altamente qualificada e experiente, constantemente inovando tecnologia e otimizando produtos, e nos esfor\u00e7ando para fornecer aos clientes as solu\u00e7\u00f5es mais competitivas.<\/span><\/p>\n<h6><span style=\"color: #000000;\">Sistema rigoroso de gest\u00e3o da qualidade<\/span><\/h6>\n<p><span style=\"color: #000000;\">Por meio da ISO e de outras certifica\u00e7\u00f5es internacionais de qualidade, a GFM estabeleceu um sistema abrangente de gest\u00e3o da qualidade. Do projeto \u00e0 fabrica\u00e7\u00e3o e ao servi\u00e7o p\u00f3s-venda, todos os aspectos controlam rigorosamente os riscos de qualidade para proteger os interesses dos clientes.<\/span><\/p>\n<h6><span style=\"color: #000000;\">Rede de servi\u00e7o p\u00f3s-venda perfeita<\/span><\/h6>\n<p><span style=\"color: #000000;\">N\u00e3o apenas fornecemos produtos de alta qualidade, mas tamb\u00e9m nos comprometemos a oferecer aos clientes um suporte p\u00f3s-venda r\u00e1pido e profissional. Nossos servi\u00e7os de entrega global garantem que voc\u00ea receba os acess\u00f3rios e o suporte t\u00e9cnico necess\u00e1rios em primeiro lugar.<\/span><\/p>\n<p><span style=\"color: #000000;\">Escolhendo GFM <a href=\"https:\/\/gfmparts.com\/pt\/product\/rolo-de-esteira-para-fabrica-de-rolos-inferiores-de-miniescavadeiras\/\">esteira de miniescavadeira<\/a> significa optar por confiabilidade, durabilidade e alta efici\u00eancia. N\u00e3o importa as condi\u00e7\u00f5es adversas em que voc\u00ea esteja trabalhando, a GFM pode fornecer suporte de energia est\u00e1vel para sua escavadeira, para que seu equipamento esteja sempre nas melhores condi\u00e7\u00f5es. Entre em contato e consulte mais servi\u00e7os personalizados. Aguardamos ansiosamente para trabalhar com voc\u00ea para criar uma nova era de opera\u00e7\u00e3o eficiente.<\/span><\/p>\n<p style=\"text-align: center;\"><img loading=\"lazy\" decoding=\"async\" class=\"alignnone wp-image-2159\" src=\"https:\/\/gfmparts.com\/wp-content\/uploads\/2024\/12\/\u5fae\u4fe1\u56fe\u7247_20241202160325-1024x576.jpg\" alt=\"Fabricante de pe\u00e7as para escavadeiras\" width=\"800\" height=\"450\" srcset=\"\" sizes=\"(max-width: 800px) 100vw, 800px\" data-srcset=\"\" \/><\/p>","protected":false},"excerpt":{"rendered":"<ul>\n<li><span style=\"color: #000000;\">Qualidade garantida do produto<\/span><\/li>\n<li><span style=\"color: #000000;\">Fornecimento grande<\/span><\/li>\n<li><span style=\"color: #000000;\">Pre\u00e7os competitivos<\/span><\/li>\n<li><span style=\"color: #000000;\">A maioria das marcas e modelos<\/span><\/li>\n<li><span style=\"color: #000000;\">Equipe de Atendimento ao Cliente \u00datil<\/span><\/li>\n<li><span style=\"color: #000000;\">Suporte t\u00e9cnico profissional<\/span><\/li>\n<\/ul>","protected":false},"featured_media":3730,"template":"","meta":{"site-sidebar-layout":"default","site-content-layout":"","ast-site-content-layout":"default","site-content-style":"default","site-sidebar-style":"default","ast-global-header-display":"","ast-banner-title-visibility":"","ast-main-header-display":"","ast-hfb-above-header-display":"","ast-hfb-below-header-display":"","ast-hfb-mobile-header-display":"","site-post-title":"","ast-breadcrumbs-content":"","ast-featured-img":"","footer-sml-layout":"","theme-transparent-header-meta":"default","adv-header-id-meta":"","stick-header-meta":"default","header-above-stick-meta":"","header-main-stick-meta":"","header-below-stick-meta":"","astra-migrate-meta-layouts":"set","ast-page-background-enabled":"default","ast-page-background-meta":{"desktop":{"background-color":"","background-image":"","background-repeat":"repeat","background-position":"center center","background-size":"auto","background-attachment":"scroll","background-type":"","background-media":"","overlay-type":"","overlay-color":"","overlay-opacity":"","overlay-gradient":""},"tablet":{"background-color":"","background-image":"","background-repeat":"repeat","background-position":"center center","background-size":"auto","background-attachment":"scroll","background-type":"","background-media":"","overlay-type":"","overlay-color":"","overlay-opacity":"","overlay-gradient":""},"mobile":{"background-color":"","background-image":"","background-repeat":"repeat","background-position":"center center","background-size":"auto","background-attachment":"scroll","background-type":"","background-media":"","overlay-type":"","overlay-color":"","overlay-opacity":"","overlay-gradient":""}},"ast-content-background-meta":{"desktop":{"background-color":"var(--ast-global-color-5)","background-image":"","background-repeat":"repeat","background-position":"center center","background-size":"auto","background-attachment":"scroll","background-type":"","background-media":"","overlay-type":"","overlay-color":"","overlay-opacity":"","overlay-gradient":""},"tablet":{"background-color":"var(--ast-global-color-5)","background-image":"","background-repeat":"repeat","background-position":"center center","background-size":"auto","background-attachment":"scroll","background-type":"","background-media":"","overlay-type":"","overlay-color":"","overlay-opacity":"","overlay-gradient":""},"mobile":{"background-color":"var(--ast-global-color-5)","background-image":"","background-repeat":"repeat","background-position":"center center","background-size":"auto","background-attachment":"scroll","background-type":"","background-media":"","overlay-type":"","overlay-color":"","overlay-opacity":"","overlay-gradient":""}}},"product_cat":[38,29],"product_tag":[119],"class_list":{"0":"post-3727","1":"product","2":"type-product","3":"status-publish","4":"has-post-thumbnail","6":"product_cat-undercarriage","7":"product_cat-track-link","8":"product_tag-mini-excavator","9":"desktop-align-left","10":"tablet-align-left","11":"mobile-align-left","12":"ast-product-gallery-layout-horizontal-slider","13":"ast-product-tabs-layout-horizontal","15":"first","16":"instock","17":"shipping-taxable","18":"product-type-simple"},"yoast_head":"<!-- This site is optimized with the Yoast SEO Premium plugin v22.8 (Yoast SEO v23.9) - https:\/\/yoast.com\/wordpress\/plugins\/seo\/ -->\n<title>High Quality Mini Excavator Track Chain Suppliers<\/title>\n<meta name=\"description\" content=\"As a leading excavator parts manufacturer, GFM is committed to providing high-performance and high-durability track chain products for mini excavator users around the world.\" \/>\n<meta name=\"robots\" content=\"index, follow, max-snippet:-1, max-image-preview:large, max-video-preview:-1\" \/>\n<link rel=\"canonical\" href=\"https:\/\/gfmparts.com\/pt\/product\/corrente-de-esteira-de-miniescavadeira-de-alta-qualidade\/\" \/>\n<meta property=\"og:locale\" content=\"pt_BR\" \/>\n<meta property=\"og:type\" content=\"article\" \/>\n<meta property=\"og:title\" content=\"High Quality Mini Excavator Track Chain\" \/>\n<meta property=\"og:description\" content=\"As a leading excavator parts manufacturer, GFM is committed to providing high-performance and high-durability track chain products for mini excavator users around the world.\" \/>\n<meta property=\"og:url\" content=\"https:\/\/gfmparts.com\/pt\/product\/corrente-de-esteira-de-miniescavadeira-de-alta-qualidade\/\" \/>\n<meta property=\"article:publisher\" content=\"https:\/\/www.facebook.com\/gfmparts\" \/>\n<meta property=\"article:modified_time\" content=\"2025-05-07T14:05:13+00:00\" \/>\n<meta property=\"og:image\" content=\"https:\/\/gfmparts.com\/wp-content\/uploads\/2025\/03\/mini-excavator-track-link.png\" \/>\n\t<meta property=\"og:image:width\" content=\"1000\" \/>\n\t<meta property=\"og:image:height\" content=\"1000\" \/>\n\t<meta property=\"og:image:type\" content=\"image\/png\" \/>\n<meta name=\"twitter:card\" content=\"summary_large_image\" \/>\n<meta name=\"twitter:label1\" content=\"Est. tempo de leitura\" \/>\n\t<meta name=\"twitter:data1\" content=\"4 minutos\" \/>\n<script type=\"application\/ld+json\" class=\"yoast-schema-graph\">{\"@context\":\"https:\/\/schema.org\",\"@graph\":[{\"@type\":\"WebPage\",\"@id\":\"https:\/\/gfmparts.com\/product\/high-quality-mini-excavator-track-chain\/\",\"url\":\"https:\/\/gfmparts.com\/product\/high-quality-mini-excavator-track-chain\/\",\"name\":\"High Quality Mini Excavator Track Chain Suppliers\",\"isPartOf\":{\"@id\":\"https:\/\/gfmparts.com\/#website\"},\"primaryImageOfPage\":{\"@id\":\"https:\/\/gfmparts.com\/product\/high-quality-mini-excavator-track-chain\/#primaryimage\"},\"image\":{\"@id\":\"https:\/\/gfmparts.com\/product\/high-quality-mini-excavator-track-chain\/#primaryimage\"},\"thumbnailUrl\":\"https:\/\/gfmparts.com\/wp-content\/uploads\/2025\/03\/mini-excavator-track-link.png\",\"datePublished\":\"2025-03-17T07:54:30+00:00\",\"dateModified\":\"2025-05-07T14:05:13+00:00\",\"description\":\"As a leading excavator parts manufacturer, GFM is committed to providing high-performance and high-durability track chain products for mini excavator users around the world.\",\"breadcrumb\":{\"@id\":\"https:\/\/gfmparts.com\/product\/high-quality-mini-excavator-track-chain\/#breadcrumb\"},\"inLanguage\":\"pt-BR\",\"potentialAction\":[{\"@type\":\"ReadAction\",\"target\":[\"https:\/\/gfmparts.com\/product\/high-quality-mini-excavator-track-chain\/\"]}]},{\"@type\":\"ImageObject\",\"inLanguage\":\"pt-BR\",\"@id\":\"https:\/\/gfmparts.com\/product\/high-quality-mini-excavator-track-chain\/#primaryimage\",\"url\":\"https:\/\/gfmparts.com\/wp-content\/uploads\/2025\/03\/mini-excavator-track-link.png\",\"contentUrl\":\"https:\/\/gfmparts.com\/wp-content\/uploads\/2025\/03\/mini-excavator-track-link.png\",\"width\":1000,\"height\":1000,\"caption\":\"mini excavator track link\"},{\"@type\":\"BreadcrumbList\",\"@id\":\"https:\/\/gfmparts.com\/product\/high-quality-mini-excavator-track-chain\/#breadcrumb\",\"itemListElement\":[{\"@type\":\"ListItem\",\"position\":1,\"name\":\"\u9996\u9875\",\"item\":\"https:\/\/gfmparts.com\/\"},{\"@type\":\"ListItem\",\"position\":2,\"name\":\"All Product\",\"item\":\"https:\/\/gfmparts.com\/all-product\/\"},{\"@type\":\"ListItem\",\"position\":3,\"name\":\"High Quality Mini Excavator Track Chain\"}]},{\"@type\":\"WebSite\",\"@id\":\"https:\/\/gfmparts.com\/#website\",\"url\":\"https:\/\/gfmparts.com\/\",\"name\":\"GFM PARTS\",\"description\":\"GFM since 2011 focused on excavator and bulldozer undercarriage parts manufacturing :Track rollers,carrier roller,idler,sprocket,track group,bucket tooth pin.\",\"publisher\":{\"@id\":\"https:\/\/gfmparts.com\/#organization\"},\"alternateName\":\"gfmparts.com\",\"potentialAction\":[{\"@type\":\"SearchAction\",\"target\":{\"@type\":\"EntryPoint\",\"urlTemplate\":\"https:\/\/gfmparts.com\/?s={search_term_string}\"},\"query-input\":{\"@type\":\"PropertyValueSpecification\",\"valueRequired\":true,\"valueName\":\"search_term_string\"}}],\"inLanguage\":\"pt-BR\"},{\"@type\":\"Organization\",\"@id\":\"https:\/\/gfmparts.com\/#organization\",\"name\":\"GFM PARTS\",\"url\":\"https:\/\/gfmparts.com\/\",\"logo\":{\"@type\":\"ImageObject\",\"inLanguage\":\"pt-BR\",\"@id\":\"https:\/\/gfmparts.com\/#\/schema\/logo\/image\/\",\"url\":\"https:\/\/gfmparts.com\/wp-content\/uploads\/2024\/11\/cropped-GFMparts.com_-2.png\",\"contentUrl\":\"https:\/\/gfmparts.com\/wp-content\/uploads\/2024\/11\/cropped-GFMparts.com_-2.png\",\"width\":5987,\"height\":2564,\"caption\":\"GFM PARTS\"},\"image\":{\"@id\":\"https:\/\/gfmparts.com\/#\/schema\/logo\/image\/\"},\"sameAs\":[\"https:\/\/www.facebook.com\/gfmparts\",\"https:\/\/www.linkedin.com\/company\/gfmparts\/\",\"https:\/\/www.tiktok.com\/@gfmparts\",\"https:\/\/www.youtube.com\/@GFMparts\/featured\"]}]}<\/script>\n<!-- \/ Yoast SEO Premium plugin. -->","yoast_head_json":{"title":"High Quality Mini Excavator Track Chain Suppliers","description":"As a leading excavator parts manufacturer, GFM is committed to providing high-performance and high-durability track chain products for mini excavator users around the world.","robots":{"index":"index","follow":"follow","max-snippet":"max-snippet:-1","max-image-preview":"max-image-preview:large","max-video-preview":"max-video-preview:-1"},"canonical":"https:\/\/gfmparts.com\/pt\/product\/corrente-de-esteira-de-miniescavadeira-de-alta-qualidade\/","og_locale":"pt_BR","og_type":"article","og_title":"High Quality Mini Excavator Track Chain","og_description":"As a leading excavator parts manufacturer, GFM is committed to providing high-performance and high-durability track chain products for mini excavator users around the world.","og_url":"https:\/\/gfmparts.com\/pt\/product\/corrente-de-esteira-de-miniescavadeira-de-alta-qualidade\/","article_publisher":"https:\/\/www.facebook.com\/gfmparts","article_modified_time":"2025-05-07T14:05:13+00:00","og_image":[{"width":1000,"height":1000,"url":"https:\/\/gfmparts.com\/wp-content\/uploads\/2025\/03\/mini-excavator-track-link.png","type":"image\/png"}],"twitter_card":"summary_large_image","twitter_misc":{"Est. tempo de leitura":"4 minutos"},"schema":{"@context":"https:\/\/schema.org","@graph":[{"@type":"WebPage","@id":"https:\/\/gfmparts.com\/product\/high-quality-mini-excavator-track-chain\/","url":"https:\/\/gfmparts.com\/product\/high-quality-mini-excavator-track-chain\/","name":"High Quality Mini Excavator Track Chain Suppliers","isPartOf":{"@id":"https:\/\/gfmparts.com\/#website"},"primaryImageOfPage":{"@id":"https:\/\/gfmparts.com\/product\/high-quality-mini-excavator-track-chain\/#primaryimage"},"image":{"@id":"https:\/\/gfmparts.com\/product\/high-quality-mini-excavator-track-chain\/#primaryimage"},"thumbnailUrl":"https:\/\/gfmparts.com\/wp-content\/uploads\/2025\/03\/mini-excavator-track-link.png","datePublished":"2025-03-17T07:54:30+00:00","dateModified":"2025-05-07T14:05:13+00:00","description":"As a leading excavator parts manufacturer, GFM is committed to providing high-performance and high-durability track chain products for mini excavator users around the world.","breadcrumb":{"@id":"https:\/\/gfmparts.com\/product\/high-quality-mini-excavator-track-chain\/#breadcrumb"},"inLanguage":"pt-BR","potentialAction":[{"@type":"ReadAction","target":["https:\/\/gfmparts.com\/product\/high-quality-mini-excavator-track-chain\/"]}]},{"@type":"ImageObject","inLanguage":"pt-BR","@id":"https:\/\/gfmparts.com\/product\/high-quality-mini-excavator-track-chain\/#primaryimage","url":"https:\/\/gfmparts.com\/wp-content\/uploads\/2025\/03\/mini-excavator-track-link.png","contentUrl":"https:\/\/gfmparts.com\/wp-content\/uploads\/2025\/03\/mini-excavator-track-link.png","width":1000,"height":1000,"caption":"mini excavator track link"},{"@type":"BreadcrumbList","@id":"https:\/\/gfmparts.com\/product\/high-quality-mini-excavator-track-chain\/#breadcrumb","itemListElement":[{"@type":"ListItem","position":1,"name":"\u9996\u9875","item":"https:\/\/gfmparts.com\/"},{"@type":"ListItem","position":2,"name":"All Product","item":"https:\/\/gfmparts.com\/all-product\/"},{"@type":"ListItem","position":3,"name":"High Quality Mini Excavator Track Chain"}]},{"@type":"WebSite","@id":"https:\/\/gfmparts.com\/#website","url":"https:\/\/gfmparts.com\/","name":"GFM PARTS","description":"GFM since 2011 focused on excavator and bulldozer undercarriage parts manufacturing :Track rollers,carrier roller,idler,sprocket,track group,bucket tooth pin.","publisher":{"@id":"https:\/\/gfmparts.com\/#organization"},"alternateName":"gfmparts.com","potentialAction":[{"@type":"SearchAction","target":{"@type":"EntryPoint","urlTemplate":"https:\/\/gfmparts.com\/?s={search_term_string}"},"query-input":{"@type":"PropertyValueSpecification","valueRequired":true,"valueName":"search_term_string"}}],"inLanguage":"pt-BR"},{"@type":"Organization","@id":"https:\/\/gfmparts.com\/#organization","name":"GFM PARTS","url":"https:\/\/gfmparts.com\/","logo":{"@type":"ImageObject","inLanguage":"pt-BR","@id":"https:\/\/gfmparts.com\/#\/schema\/logo\/image\/","url":"https:\/\/gfmparts.com\/wp-content\/uploads\/2024\/11\/cropped-GFMparts.com_-2.png","contentUrl":"https:\/\/gfmparts.com\/wp-content\/uploads\/2024\/11\/cropped-GFMparts.com_-2.png","width":5987,"height":2564,"caption":"GFM PARTS"},"image":{"@id":"https:\/\/gfmparts.com\/#\/schema\/logo\/image\/"},"sameAs":["https:\/\/www.facebook.com\/gfmparts","https:\/\/www.linkedin.com\/company\/gfmparts\/","https:\/\/www.tiktok.com\/@gfmparts","https:\/\/www.youtube.com\/@GFMparts\/featured"]}]}},"_links":{"self":[{"href":"https:\/\/gfmparts.com\/pt\/wp-json\/wp\/v2\/product\/3727"}],"collection":[{"href":"https:\/\/gfmparts.com\/pt\/wp-json\/wp\/v2\/product"}],"about":[{"href":"https:\/\/gfmparts.com\/pt\/wp-json\/wp\/v2\/types\/product"}],"wp:featuredmedia":[{"embeddable":true,"href":"https:\/\/gfmparts.com\/pt\/wp-json\/wp\/v2\/media\/3730"}],"wp:attachment":[{"href":"https:\/\/gfmparts.com\/pt\/wp-json\/wp\/v2\/media?parent=3727"}],"wp:term":[{"taxonomy":"product_cat","embeddable":true,"href":"https:\/\/gfmparts.com\/pt\/wp-json\/wp\/v2\/product_cat?post=3727"},{"taxonomy":"product_tag","embeddable":true,"href":"https:\/\/gfmparts.com\/pt\/wp-json\/wp\/v2\/product_tag?post=3727"}],"curies":[{"name":"wp","href":"https:\/\/api.w.org\/{rel}","templated":true}]}}