{"id":3736,"date":"2025-03-18T06:32:08","date_gmt":"2025-03-18T06:32:08","guid":{"rendered":"https:\/\/gfmparts.com\/?post_type=product&#038;p=3736"},"modified":"2025-07-01T05:49:46","modified_gmt":"2025-07-01T05:49:46","slug":"mini-excavator-carrier-roller-manufacturers","status":"publish","type":"product","link":"https:\/\/gfmparts.com\/pt\/product\/fabricantes-de-rolos-transportadores-de-miniescavadeiras\/","title":{"rendered":"Fabricantes de rolos transportadores para miniescavadeiras"},"content":{"rendered":"<p><span style=\"color: #000000;\">Como um GFM <a href=\"https:\/\/gfmparts.com\/pt\/product\/fornecedor-de-rolo-transportador-de-rolo-superior-de-escavadeira\/\">fabricantes de rolos transportadores<\/a>, nos concentramos em fornecer alto desempenho e alta confiabilidade <a href=\"https:\/\/gfmparts.com\/pt\/product\/corrente-de-esteira-de-miniescavadeira-de-alta-qualidade\/\">rolo superior da escavadeira<\/a> produtos para mini escavadeiras. GFM mini <a href=\"https:\/\/gfmparts.com\/pt\/product\/fabricante-de-rolos-de-esteira-para-miniescavadeiras\/\">rolo transportador de escavadeira<\/a> \u00c9 fabricado com materiais de liga de alta qualidade e processos avan\u00e7ados de tratamento t\u00e9rmico para garantir excelente resist\u00eancia ao desgaste e estabilidade em ambientes de trabalho severos. Gra\u00e7as ao design preciso e \u00e0s dimens\u00f5es padr\u00e3o internacionais, o produto alcan\u00e7a transfer\u00eancia de energia eficiente e opera\u00e7\u00e3o com baixo atrito, proporcionando suporte de pot\u00eancia mais dur\u00e1vel e confi\u00e1vel para pequenas escavadeiras.<\/span><\/p>\n<ul>\n<li><span style=\"color: #000000;\"><strong>Resistente ao desgaste e dur\u00e1vel:<\/strong> Feito de materiais de liga de alta resist\u00eancia, rigorosamente tratados termicamente para prolongar a vida \u00fatil do produto e reduzir a frequ\u00eancia de substitui\u00e7\u00e3o.<\/span><\/li>\n<li><span style=\"color: #000000;\"><strong>Correspond\u00eancia precisa:<\/strong> Projetado de acordo com dimens\u00f5es padr\u00e3o internacionais, adequado para uma variedade de modelos de escavadeiras pequenas, f\u00e1cil de instalar e opera\u00e7\u00e3o suave.<\/span><\/li>\n<li><span style=\"color: #000000;\"><strong>Alta capacidade de carga:<\/strong> O design estrutural otimizado proporciona maior capacidade de carga, garantindo uma opera\u00e7\u00e3o est\u00e1vel sob condi\u00e7\u00f5es de carga pesada.<\/span><\/li>\n<li><span style=\"color: #000000;\"><strong>Economia de energia e prote\u00e7\u00e3o ambiental:<\/strong> O design de baixo atrito reduz o consumo de energia, melhora a efici\u00eancia geral do equipamento e ajuda em projetos de prote\u00e7\u00e3o ambiental verde.<\/span><\/li>\n<li><span style=\"color: #000000;\"><strong>F\u00e1cil de manter:<\/strong> O design modular torna a instala\u00e7\u00e3o e a desmontagem mais convenientes, reduzindo os custos de manuten\u00e7\u00e3o e o tempo de inatividade.<\/span><\/li>\n<\/ul>\n<h3><span style=\"color: #ff6600;\">Descri\u00e7\u00e3o do produto<\/span><\/h3>\n<ul>\n<li><span style=\"color: #000000;\"><strong>Quantidade m\u00ednima:<\/strong>\u00a01 PC<\/span><\/li>\n<li><span style=\"color: #000000;\"><strong>M\u00e9todo de pagamento:<\/strong>\u00a0T\/T<\/span><\/li>\n<li><span style=\"color: #000000;\"><strong>Marca:<\/strong>\u00a0GFM<\/span><\/li>\n<li><span style=\"color: #000000;\"><strong>Doen\u00e7a:<\/strong>\u00a0Novo<\/span><\/li>\n<li><span style=\"color: #000000;\"><strong>Cor:<\/strong>\u00a0Amarelo, Preto ou Personalizado<\/span><\/li>\n<li><span style=\"color: #000000;\"><strong>Tempo de espera:<\/strong>\u00a030 dias<\/span><\/li>\n<li><span style=\"color: #000000;\"><strong>Garantia:<\/strong>\u00a01 ano<\/span><\/li>\n<li><span style=\"color: #000000;\"><strong>Servi\u00e7o:<\/strong>\u00a0OEM ou ODM<\/span><\/li>\n<li><span style=\"color: #000000;\"><strong>Local de origem:<\/strong>\u00a0Fujian, China<\/span><\/li>\n<li><span style=\"color: #000000;\"><strong>Aplicativo:<\/strong> Escavadora<\/span><\/li>\n<li><span style=\"color: #000000;\"><strong>Embalagem:<\/strong> Palete de madeira padr\u00e3o para exporta\u00e7\u00e3o<\/span><\/li>\n<\/ul>\n<h3><span style=\"color: #ff6600;\">Caracter\u00edsticas<\/span><\/h3>\n<ul>\n<li><span style=\"color: #000000;\"><b><\/b><strong><b>Durabilidade duradoura: <\/b><\/strong>Feito de a\u00e7o de alta qualidade e resistente ao desgaste para m\u00e1xima resist\u00eancia e vida \u00fatil prolongada.<\/span><\/li>\n<li><span style=\"color: #000000;\"><b><\/b><strong><b>Selado e Lubrificado<\/b><\/strong>: O design totalmente selado impede a entrada de sujeira, \u00e1gua e contaminantes, minimizando o desgaste e a manuten\u00e7\u00e3o.<\/span><\/li>\n<li><span style=\"color: #000000;\"><b><\/b><strong><b>Opera\u00e7\u00e3o suave<\/b><\/strong>: Projetado com precis\u00e3o para fornecer suporte eficiente e est\u00e1vel para a parte superior da pista.<\/span><\/li>\n<li><span style=\"color: #000000;\"><b><\/b><strong><b>Resist\u00eancia \u00e0 corros\u00e3o<\/b><\/strong>: Tratamentos de superf\u00edcie resistentes \u00e0 corros\u00e3o garantem uma opera\u00e7\u00e3o confi\u00e1vel em ambientes adversos.<\/span><\/li>\n<li><span style=\"color: #000000;\"><b><\/b><strong><b>Serve para v\u00e1rios modelos<\/b><\/strong>:Projetado para se adaptar a uma ampla gama de modelos de escavadeiras e tratores para diversas aplica\u00e7\u00f5es.<\/span><\/li>\n<li><span style=\"color: #000000;\"><b><\/b><strong><b>Resist\u00eancia comprovada: <\/b><\/strong>Testado para desempenho confi\u00e1vel em condi\u00e7\u00f5es extremas, reduzindo o tempo de inatividade e aumentando a produtividade.<\/span><\/li>\n<\/ul>\n<p><span style=\"color: #000000;\">Na GFM Factory, nossos rolos transportadores s\u00e3o constru\u00eddos para otimizar o desempenho da sua m\u00e1quina, garantindo opera\u00e7\u00f5es de esteira mais suaves e maior vida \u00fatil do equipamento.<\/span><\/p>\n<p style=\"text-align: center;\"><span style=\"color: #000000;\"><img fetchpriority=\"high\" decoding=\"async\" class=\"alignnone  wp-image-6818\" src=\"https:\/\/gfmparts.com\/wp-content\/uploads\/2025\/03\/carrier-roller-Main-Dimensions-of-Installation-1024x761.png\" alt=\"rolo transportador Dimens\u00f5es principais de instala\u00e7\u00e3o\" width=\"906\" height=\"673\" srcset=\"https:\/\/gfmparts.com\/wp-content\/uploads\/2025\/03\/carrier-roller-Main-Dimensions-of-Installation-1024x761.png 1024w, https:\/\/gfmparts.com\/wp-content\/uploads\/2025\/03\/carrier-roller-Main-Dimensions-of-Installation-300x223.png 300w, https:\/\/gfmparts.com\/wp-content\/uploads\/2025\/03\/carrier-roller-Main-Dimensions-of-Installation-768x571.png 768w, https:\/\/gfmparts.com\/wp-content\/uploads\/2025\/03\/carrier-roller-Main-Dimensions-of-Installation-1536x1141.png 1536w, https:\/\/gfmparts.com\/wp-content\/uploads\/2025\/03\/carrier-roller-Main-Dimensions-of-Installation-16x12.png 16w, https:\/\/gfmparts.com\/wp-content\/uploads\/2025\/03\/carrier-roller-Main-Dimensions-of-Installation-600x446.png 600w, https:\/\/gfmparts.com\/wp-content\/uploads\/2025\/03\/carrier-roller-Main-Dimensions-of-Installation.png 1595w\" sizes=\"(max-width: 906px) 100vw, 906px\" \/><\/span><\/p>\n<h3><span style=\"color: #ff6600;\">Modelos de produtos<\/span><\/h3>\n<p style=\"text-align: center;\"><span style=\"color: #000000;\"><img decoding=\"async\" class=\"alignnone size-full wp-image-3147\" src=\"https:\/\/gfmparts.com\/wp-content\/uploads\/2024\/11\/excavator-part-description-e1735350735761.png\" alt=\"descri\u00e7\u00e3o da pe\u00e7a da escavadeira\" width=\"856\" height=\"694\" srcset=\"https:\/\/gfmparts.com\/wp-content\/uploads\/2024\/11\/excavator-part-description-e1735350735761.png 856w, https:\/\/gfmparts.com\/wp-content\/uploads\/2024\/11\/excavator-part-description-e1735350735761-300x243.png 300w, https:\/\/gfmparts.com\/wp-content\/uploads\/2024\/11\/excavator-part-description-e1735350735761-768x623.png 768w, https:\/\/gfmparts.com\/wp-content\/uploads\/2024\/11\/excavator-part-description-e1735350735761-600x486.png 600w\" sizes=\"(max-width: 856px) 100vw, 856px\" \/><\/span><\/p>\n<h3><span style=\"color: #ff6600;\">Processo de produ\u00e7\u00e3o<\/span><\/h3>\n<p><img decoding=\"async\" class=\"size-large wp-image-3043 aligncenter\" src=\"https:\/\/gfmparts.com\/wp-content\/uploads\/2024\/12\/\u901a\u7528\u751f\u4ea7\u6d41\u7a0b-1-1024x648.jpg\" alt=\"processo de produ\u00e7\u00e3o de pe\u00e7as de escavadeira\" width=\"1024\" height=\"648\" srcset=\"\" sizes=\"(max-width: 1024px) 100vw, 1024px\" data-srcset=\"\" \/><\/p>\n<h3><span style=\"color: #ff6600;\">Embalagem e Envio<\/span><\/h3>\n<p style=\"text-align: center;\"><img loading=\"lazy\" decoding=\"async\" class=\"alignnone size-large wp-image-6521\" src=\"https:\/\/gfmparts.com\/wp-content\/uploads\/2025\/05\/Packaging-and-Shipping-1-1-1024x648.jpg\" alt=\"Embalagem e Envio\" width=\"1024\" height=\"648\" srcset=\"https:\/\/gfmparts.com\/wp-content\/uploads\/2025\/05\/Packaging-and-Shipping-1-1-1024x648.jpg 1024w, https:\/\/gfmparts.com\/wp-content\/uploads\/2025\/05\/Packaging-and-Shipping-1-1-300x190.jpg 300w, https:\/\/gfmparts.com\/wp-content\/uploads\/2025\/05\/Packaging-and-Shipping-1-1-768x486.jpg 768w, https:\/\/gfmparts.com\/wp-content\/uploads\/2025\/05\/Packaging-and-Shipping-1-1-1536x973.jpg 1536w, https:\/\/gfmparts.com\/wp-content\/uploads\/2025\/05\/Packaging-and-Shipping-1-1-2048x1297.jpg 2048w, https:\/\/gfmparts.com\/wp-content\/uploads\/2025\/05\/Packaging-and-Shipping-1-1-600x380.jpg 600w\" sizes=\"(max-width: 1024px) 100vw, 1024px\" \/><\/p>\n<h3><span style=\"color: #ff6600;\">Vantagens da f\u00e1brica<\/span><\/h3>\n<p><span style=\"color: #000000;\">A GFM possui linhas de produ\u00e7\u00e3o modernas e equipamentos de ponta internacionalmente avan\u00e7ados, seguindo rigorosamente o sistema de gest\u00e3o de qualidade ISO. Com uma equipe profissional de P&amp;D e anos de experi\u00eancia em produ\u00e7\u00e3o, cada rolo \u00e9 submetido a rigorosos testes de qualidade para garantir que atenda aos altos padr\u00f5es do mercado internacional. N\u00e3o apenas fornecemos produtos padr\u00e3o, mas tamb\u00e9m oferecemos solu\u00e7\u00f5es de personaliza\u00e7\u00e3o personalizadas de acordo com as necessidades do cliente, respondendo rapidamente \u00e0s mudan\u00e7as do mercado e nos tornando um parceiro confi\u00e1vel de clientes globais.<\/span><\/p>\n<p><span style=\"color: #000000;\">Os rolos superiores para miniescavadeiras GFM apresentam excelente desempenho em engenharia, constru\u00e7\u00e3o, minera\u00e7\u00e3o e outras \u00e1reas, e receberam elogios un\u00e2nimes de clientes nacionais e estrangeiros. Por meio de inova\u00e7\u00e3o tecnol\u00f3gica cont\u00ednua e servi\u00e7o p\u00f3s-venda aprimorado, estamos comprometidos em gerar maior valor para os clientes e aprimorar a efici\u00eancia operacional geral das escavadeiras. Seja para uma nova configura\u00e7\u00e3o de m\u00e1quina ou para a atualiza\u00e7\u00e3o de uma m\u00e1quina antiga, os rolos superiores GFM s\u00e3o a escolha ideal para otimiza\u00e7\u00e3o de custos e aumento da efici\u00eancia.<\/span><\/p>\n<p><span style=\"color: #000000;\">Ao escolher os rolos transportadores para miniescavadeiras da GFM, voc\u00ea n\u00e3o s\u00f3 escolhe produtos de alta qualidade e durabilidade, como tamb\u00e9m escolhe um parceiro com f\u00e1brica robusta e equipe de servi\u00e7o profissional. Entre em contato conosco agora mesmo para obter mais informa\u00e7\u00f5es sobre os produtos e servi\u00e7os personalizados. Deixe a GFM ajud\u00e1-lo a aproveitar a oportunidade na acirrada competi\u00e7\u00e3o do mercado!<\/span><\/p>\n<p style=\"text-align: center;\"><span style=\"color: #000000;\"><img loading=\"lazy\" decoding=\"async\" class=\"alignnone wp-image-2159\" src=\"https:\/\/gfmparts.com\/wp-content\/uploads\/2024\/12\/\u5fae\u4fe1\u56fe\u7247_20241202160325-1024x576.jpg\" alt=\"fabricante de rolos transportadores\" width=\"767\" height=\"431\" srcset=\"\" sizes=\"(max-width: 767px) 100vw, 767px\" data-srcset=\"\" \/><\/span><\/p>","protected":false},"excerpt":{"rendered":"<ul>\n<li><span style=\"color: #000000;\">Qualidade garantida do produto<\/span><\/li>\n<li><span style=\"color: #000000;\">Fornecimento grande<\/span><\/li>\n<li><span style=\"color: #000000;\">Pre\u00e7os competitivos<\/span><\/li>\n<li><span style=\"color: #000000;\">A maioria das marcas e modelos<\/span><\/li>\n<li><span style=\"color: #000000;\">Equipe de Atendimento ao Cliente \u00datil<\/span><\/li>\n<li><span style=\"color: #000000;\">Suporte t\u00e9cnico profissional<\/span><\/li>\n<\/ul>","protected":false},"featured_media":3737,"template":"","meta":{"site-sidebar-layout":"default","site-content-layout":"","ast-site-content-layout":"default","site-content-style":"default","site-sidebar-style":"default","ast-global-header-display":"","ast-banner-title-visibility":"","ast-main-header-display":"","ast-hfb-above-header-display":"","ast-hfb-below-header-display":"","ast-hfb-mobile-header-display":"","site-post-title":"","ast-breadcrumbs-content":"","ast-featured-img":"","footer-sml-layout":"","theme-transparent-header-meta":"default","adv-header-id-meta":"","stick-header-meta":"default","header-above-stick-meta":"","header-main-stick-meta":"","header-below-stick-meta":"","astra-migrate-meta-layouts":"set","ast-page-background-enabled":"default","ast-page-background-meta":{"desktop":{"background-color":"","background-image":"","background-repeat":"repeat","background-position":"center center","background-size":"auto","background-attachment":"scroll","background-type":"","background-media":"","overlay-type":"","overlay-color":"","overlay-opacity":"","overlay-gradient":""},"tablet":{"background-color":"","background-image":"","background-repeat":"repeat","background-position":"center center","background-size":"auto","background-attachment":"scroll","background-type":"","background-media":"","overlay-type":"","overlay-color":"","overlay-opacity":"","overlay-gradient":""},"mobile":{"background-color":"","background-image":"","background-repeat":"repeat","background-position":"center center","background-size":"auto","background-attachment":"scroll","background-type":"","background-media":"","overlay-type":"","overlay-color":"","overlay-opacity":"","overlay-gradient":""}},"ast-content-background-meta":{"desktop":{"background-color":"var(--ast-global-color-5)","background-image":"","background-repeat":"repeat","background-position":"center center","background-size":"auto","background-attachment":"scroll","background-type":"","background-media":"","overlay-type":"","overlay-color":"","overlay-opacity":"","overlay-gradient":""},"tablet":{"background-color":"var(--ast-global-color-5)","background-image":"","background-repeat":"repeat","background-position":"center center","background-size":"auto","background-attachment":"scroll","background-type":"","background-media":"","overlay-type":"","overlay-color":"","overlay-opacity":"","overlay-gradient":""},"mobile":{"background-color":"var(--ast-global-color-5)","background-image":"","background-repeat":"repeat","background-position":"center center","background-size":"auto","background-attachment":"scroll","background-type":"","background-media":"","overlay-type":"","overlay-color":"","overlay-opacity":"","overlay-gradient":""}}},"product_cat":[38,30],"product_tag":[119],"class_list":{"0":"post-3736","1":"product","2":"type-product","3":"status-publish","4":"has-post-thumbnail","6":"product_cat-undercarriage","7":"product_cat-carrier-roller","8":"product_tag-mini-excavator","9":"desktop-align-left","10":"tablet-align-left","11":"mobile-align-left","12":"ast-product-gallery-layout-horizontal-slider","13":"ast-product-gallery-with-no-image","14":"ast-product-tabs-layout-horizontal","16":"first","17":"instock","18":"shipping-taxable","19":"product-type-simple"},"yoast_head":"<!-- This site is optimized with the Yoast SEO Premium plugin v22.8 (Yoast SEO v23.9) - https:\/\/yoast.com\/wordpress\/plugins\/seo\/ -->\n<title>Mini Excavator Carrier Roller Manufacturers<\/title>\n<meta name=\"description\" content=\"GFM mini excavator top roller manufacturer is committed to creating higher value for customers and improving the overall operating efficiency of excavators. Contact us now for more product information and customized services!\" \/>\n<meta name=\"robots\" content=\"index, follow, max-snippet:-1, max-image-preview:large, max-video-preview:-1\" \/>\n<link rel=\"canonical\" href=\"https:\/\/gfmparts.com\/pt\/product\/fabricantes-de-rolos-transportadores-de-miniescavadeiras\/\" \/>\n<meta property=\"og:locale\" content=\"pt_BR\" \/>\n<meta property=\"og:type\" content=\"article\" \/>\n<meta property=\"og:title\" content=\"Mini Excavator Carrier Roller Manufacturers\" \/>\n<meta property=\"og:description\" content=\"GFM mini excavator top roller manufacturer is committed to creating higher value for customers and improving the overall operating efficiency of excavators. Contact us now for more product information and customized services!\" \/>\n<meta property=\"og:url\" content=\"https:\/\/gfmparts.com\/pt\/product\/fabricantes-de-rolos-transportadores-de-miniescavadeiras\/\" \/>\n<meta property=\"article:publisher\" content=\"https:\/\/www.facebook.com\/gfmparts\" \/>\n<meta property=\"article:modified_time\" content=\"2025-07-01T05:49:46+00:00\" \/>\n<meta property=\"og:image\" content=\"https:\/\/gfmparts.com\/wp-content\/uploads\/2025\/03\/Mini-Excavator-Carrier-Roller.png\" \/>\n\t<meta property=\"og:image:width\" content=\"1000\" \/>\n\t<meta property=\"og:image:height\" content=\"1000\" \/>\n\t<meta property=\"og:image:type\" content=\"image\/png\" \/>\n<meta name=\"twitter:card\" content=\"summary_large_image\" \/>\n<meta name=\"twitter:label1\" content=\"Est. tempo de leitura\" \/>\n\t<meta name=\"twitter:data1\" content=\"4 minutos\" \/>\n<script type=\"application\/ld+json\" class=\"yoast-schema-graph\">{\"@context\":\"https:\/\/schema.org\",\"@graph\":[{\"@type\":\"WebPage\",\"@id\":\"https:\/\/gfmparts.com\/product\/mini-excavator-carrier-roller-manufacturers\/\",\"url\":\"https:\/\/gfmparts.com\/product\/mini-excavator-carrier-roller-manufacturers\/\",\"name\":\"Mini Excavator Carrier Roller Manufacturers\",\"isPartOf\":{\"@id\":\"https:\/\/gfmparts.com\/#website\"},\"primaryImageOfPage\":{\"@id\":\"https:\/\/gfmparts.com\/product\/mini-excavator-carrier-roller-manufacturers\/#primaryimage\"},\"image\":{\"@id\":\"https:\/\/gfmparts.com\/product\/mini-excavator-carrier-roller-manufacturers\/#primaryimage\"},\"thumbnailUrl\":\"https:\/\/gfmparts.com\/wp-content\/uploads\/2025\/03\/Mini-Excavator-Carrier-Roller.png\",\"datePublished\":\"2025-03-18T06:32:08+00:00\",\"dateModified\":\"2025-07-01T05:49:46+00:00\",\"description\":\"GFM mini excavator top roller manufacturer is committed to creating higher value for customers and improving the overall operating efficiency of excavators. Contact us now for more product information and customized services!\",\"breadcrumb\":{\"@id\":\"https:\/\/gfmparts.com\/product\/mini-excavator-carrier-roller-manufacturers\/#breadcrumb\"},\"inLanguage\":\"pt-BR\",\"potentialAction\":[{\"@type\":\"ReadAction\",\"target\":[\"https:\/\/gfmparts.com\/product\/mini-excavator-carrier-roller-manufacturers\/\"]}]},{\"@type\":\"ImageObject\",\"inLanguage\":\"pt-BR\",\"@id\":\"https:\/\/gfmparts.com\/product\/mini-excavator-carrier-roller-manufacturers\/#primaryimage\",\"url\":\"https:\/\/gfmparts.com\/wp-content\/uploads\/2025\/03\/Mini-Excavator-Carrier-Roller.png\",\"contentUrl\":\"https:\/\/gfmparts.com\/wp-content\/uploads\/2025\/03\/Mini-Excavator-Carrier-Roller.png\",\"width\":1000,\"height\":1000,\"caption\":\"Mini Excavator Carrier Roller\"},{\"@type\":\"BreadcrumbList\",\"@id\":\"https:\/\/gfmparts.com\/product\/mini-excavator-carrier-roller-manufacturers\/#breadcrumb\",\"itemListElement\":[{\"@type\":\"ListItem\",\"position\":1,\"name\":\"\u9996\u9875\",\"item\":\"https:\/\/gfmparts.com\/\"},{\"@type\":\"ListItem\",\"position\":2,\"name\":\"All Product\",\"item\":\"https:\/\/gfmparts.com\/all-product\/\"},{\"@type\":\"ListItem\",\"position\":3,\"name\":\"Mini Excavator Carrier Roller Manufacturers\"}]},{\"@type\":\"WebSite\",\"@id\":\"https:\/\/gfmparts.com\/#website\",\"url\":\"https:\/\/gfmparts.com\/\",\"name\":\"GFM PARTS\",\"description\":\"GFM since 2011 focused on excavator and bulldozer undercarriage parts manufacturing :Track rollers,carrier roller,idler,sprocket,track group,bucket tooth pin.\",\"publisher\":{\"@id\":\"https:\/\/gfmparts.com\/#organization\"},\"alternateName\":\"gfmparts.com\",\"potentialAction\":[{\"@type\":\"SearchAction\",\"target\":{\"@type\":\"EntryPoint\",\"urlTemplate\":\"https:\/\/gfmparts.com\/?s={search_term_string}\"},\"query-input\":{\"@type\":\"PropertyValueSpecification\",\"valueRequired\":true,\"valueName\":\"search_term_string\"}}],\"inLanguage\":\"pt-BR\"},{\"@type\":\"Organization\",\"@id\":\"https:\/\/gfmparts.com\/#organization\",\"name\":\"GFM PARTS\",\"url\":\"https:\/\/gfmparts.com\/\",\"logo\":{\"@type\":\"ImageObject\",\"inLanguage\":\"pt-BR\",\"@id\":\"https:\/\/gfmparts.com\/#\/schema\/logo\/image\/\",\"url\":\"https:\/\/gfmparts.com\/wp-content\/uploads\/2024\/11\/cropped-GFMparts.com_-2.png\",\"contentUrl\":\"https:\/\/gfmparts.com\/wp-content\/uploads\/2024\/11\/cropped-GFMparts.com_-2.png\",\"width\":5987,\"height\":2564,\"caption\":\"GFM PARTS\"},\"image\":{\"@id\":\"https:\/\/gfmparts.com\/#\/schema\/logo\/image\/\"},\"sameAs\":[\"https:\/\/www.facebook.com\/gfmparts\",\"https:\/\/www.linkedin.com\/company\/gfmparts\/\",\"https:\/\/www.tiktok.com\/@gfmparts\",\"https:\/\/www.youtube.com\/@GFMparts\/featured\"]}]}<\/script>\n<!-- \/ Yoast SEO Premium plugin. -->","yoast_head_json":{"title":"Mini Excavator Carrier Roller Manufacturers","description":"GFM mini excavator top roller manufacturer is committed to creating higher value for customers and improving the overall operating efficiency of excavators. Contact us now for more product information and customized services!","robots":{"index":"index","follow":"follow","max-snippet":"max-snippet:-1","max-image-preview":"max-image-preview:large","max-video-preview":"max-video-preview:-1"},"canonical":"https:\/\/gfmparts.com\/pt\/product\/fabricantes-de-rolos-transportadores-de-miniescavadeiras\/","og_locale":"pt_BR","og_type":"article","og_title":"Mini Excavator Carrier Roller Manufacturers","og_description":"GFM mini excavator top roller manufacturer is committed to creating higher value for customers and improving the overall operating efficiency of excavators. Contact us now for more product information and customized services!","og_url":"https:\/\/gfmparts.com\/pt\/product\/fabricantes-de-rolos-transportadores-de-miniescavadeiras\/","article_publisher":"https:\/\/www.facebook.com\/gfmparts","article_modified_time":"2025-07-01T05:49:46+00:00","og_image":[{"width":1000,"height":1000,"url":"https:\/\/gfmparts.com\/wp-content\/uploads\/2025\/03\/Mini-Excavator-Carrier-Roller.png","type":"image\/png"}],"twitter_card":"summary_large_image","twitter_misc":{"Est. tempo de leitura":"4 minutos"},"schema":{"@context":"https:\/\/schema.org","@graph":[{"@type":"WebPage","@id":"https:\/\/gfmparts.com\/product\/mini-excavator-carrier-roller-manufacturers\/","url":"https:\/\/gfmparts.com\/product\/mini-excavator-carrier-roller-manufacturers\/","name":"Mini Excavator Carrier Roller Manufacturers","isPartOf":{"@id":"https:\/\/gfmparts.com\/#website"},"primaryImageOfPage":{"@id":"https:\/\/gfmparts.com\/product\/mini-excavator-carrier-roller-manufacturers\/#primaryimage"},"image":{"@id":"https:\/\/gfmparts.com\/product\/mini-excavator-carrier-roller-manufacturers\/#primaryimage"},"thumbnailUrl":"https:\/\/gfmparts.com\/wp-content\/uploads\/2025\/03\/Mini-Excavator-Carrier-Roller.png","datePublished":"2025-03-18T06:32:08+00:00","dateModified":"2025-07-01T05:49:46+00:00","description":"GFM mini excavator top roller manufacturer is committed to creating higher value for customers and improving the overall operating efficiency of excavators. Contact us now for more product information and customized services!","breadcrumb":{"@id":"https:\/\/gfmparts.com\/product\/mini-excavator-carrier-roller-manufacturers\/#breadcrumb"},"inLanguage":"pt-BR","potentialAction":[{"@type":"ReadAction","target":["https:\/\/gfmparts.com\/product\/mini-excavator-carrier-roller-manufacturers\/"]}]},{"@type":"ImageObject","inLanguage":"pt-BR","@id":"https:\/\/gfmparts.com\/product\/mini-excavator-carrier-roller-manufacturers\/#primaryimage","url":"https:\/\/gfmparts.com\/wp-content\/uploads\/2025\/03\/Mini-Excavator-Carrier-Roller.png","contentUrl":"https:\/\/gfmparts.com\/wp-content\/uploads\/2025\/03\/Mini-Excavator-Carrier-Roller.png","width":1000,"height":1000,"caption":"Mini Excavator Carrier Roller"},{"@type":"BreadcrumbList","@id":"https:\/\/gfmparts.com\/product\/mini-excavator-carrier-roller-manufacturers\/#breadcrumb","itemListElement":[{"@type":"ListItem","position":1,"name":"\u9996\u9875","item":"https:\/\/gfmparts.com\/"},{"@type":"ListItem","position":2,"name":"All Product","item":"https:\/\/gfmparts.com\/all-product\/"},{"@type":"ListItem","position":3,"name":"Mini Excavator Carrier Roller Manufacturers"}]},{"@type":"WebSite","@id":"https:\/\/gfmparts.com\/#website","url":"https:\/\/gfmparts.com\/","name":"GFM PARTS","description":"GFM since 2011 focused on excavator and bulldozer undercarriage parts manufacturing :Track rollers,carrier roller,idler,sprocket,track group,bucket tooth pin.","publisher":{"@id":"https:\/\/gfmparts.com\/#organization"},"alternateName":"gfmparts.com","potentialAction":[{"@type":"SearchAction","target":{"@type":"EntryPoint","urlTemplate":"https:\/\/gfmparts.com\/?s={search_term_string}"},"query-input":{"@type":"PropertyValueSpecification","valueRequired":true,"valueName":"search_term_string"}}],"inLanguage":"pt-BR"},{"@type":"Organization","@id":"https:\/\/gfmparts.com\/#organization","name":"GFM PARTS","url":"https:\/\/gfmparts.com\/","logo":{"@type":"ImageObject","inLanguage":"pt-BR","@id":"https:\/\/gfmparts.com\/#\/schema\/logo\/image\/","url":"https:\/\/gfmparts.com\/wp-content\/uploads\/2024\/11\/cropped-GFMparts.com_-2.png","contentUrl":"https:\/\/gfmparts.com\/wp-content\/uploads\/2024\/11\/cropped-GFMparts.com_-2.png","width":5987,"height":2564,"caption":"GFM PARTS"},"image":{"@id":"https:\/\/gfmparts.com\/#\/schema\/logo\/image\/"},"sameAs":["https:\/\/www.facebook.com\/gfmparts","https:\/\/www.linkedin.com\/company\/gfmparts\/","https:\/\/www.tiktok.com\/@gfmparts","https:\/\/www.youtube.com\/@GFMparts\/featured"]}]}},"_links":{"self":[{"href":"https:\/\/gfmparts.com\/pt\/wp-json\/wp\/v2\/product\/3736"}],"collection":[{"href":"https:\/\/gfmparts.com\/pt\/wp-json\/wp\/v2\/product"}],"about":[{"href":"https:\/\/gfmparts.com\/pt\/wp-json\/wp\/v2\/types\/product"}],"wp:featuredmedia":[{"embeddable":true,"href":"https:\/\/gfmparts.com\/pt\/wp-json\/wp\/v2\/media\/3737"}],"wp:attachment":[{"href":"https:\/\/gfmparts.com\/pt\/wp-json\/wp\/v2\/media?parent=3736"}],"wp:term":[{"taxonomy":"product_cat","embeddable":true,"href":"https:\/\/gfmparts.com\/pt\/wp-json\/wp\/v2\/product_cat?post=3736"},{"taxonomy":"product_tag","embeddable":true,"href":"https:\/\/gfmparts.com\/pt\/wp-json\/wp\/v2\/product_tag?post=3736"}],"curies":[{"name":"wp","href":"https:\/\/api.w.org\/{rel}","templated":true}]}}